{"id":22761,"date":"2022-09-06T15:54:33","date_gmt":"2022-09-06T15:54:33","guid":{"rendered":"https:\/\/keys-for-auto.eu\/product\/silikonnyckelfodral-med-3-knappar-som-passar-for-mazda\/"},"modified":"2022-09-06T15:54:33","modified_gmt":"2022-09-06T15:54:33","slug":"3-knapps-silikon-nyckelholje-som-passar-for-amazda-2","status":"publish","type":"product","link":"https:\/\/keys-for-auto.eu\/sv\/product\/3-knapps-silikon-nyckelholje-som-passar-for-amazda-2\/","title":{"rendered":"Silikonnyckelfodral med 3 knappar som passar f\u00f6r Mazda"},"content":{"rendered":"<p>Silikonnyckelfodral med 3 knappar som passar f\u00f6r Mazda<\/p>\n<div id=\"gtx-trans\" style=\"position: absolute; left: -1px; top: -16px;\">\n<div class=\"gtx-trans-icon\"><\/div>\n<\/div>\n","protected":false},"excerpt":{"rendered":"<h3><strong>Tillverkning av bilnycklar<\/strong><\/h3>\n<ul>\n<li><strong>Tillverkning av nya bilnycklar, programmering av nycklar (&#8221;bindning&#8221; till bilen)<\/strong><\/li>\n<li><strong>Radera tidigare f\u00f6rlorade nycklar fr\u00e5n bilens minne<\/strong><\/li>\n<li><strong>Tillverkning av t\u00e4ndningsnyckeln enligt l\u00e5set<\/strong><\/li>\n<li><strong>Reparation av bilnycklar (byte av knappar, skal, mekanismer)<\/strong><\/li>\n<li><strong>Uppl\u00e5sning av bil i n\u00f6dsituationer<\/strong><\/li>\n<li><strong>Byte av nycklar, nyckelfodral<\/strong><\/li>\n<li><strong>Avst\u00e4ngning av DPF- och FAP-programvaran<\/strong><\/li>\n<li><strong>Programbaserat avl\u00e4gsnande av EGR<\/strong><\/li>\n<li><strong>Avaktivering av startsp\u00e4rrprogramvaran (immo Off)<\/strong><\/li>\n<li><strong>Reparation, kloning och programmering av motorstyrenhet (ECU)<\/strong><\/li>\n<li><strong>SRS (Programmering av styrenhet f\u00f6r krockkuddar)<\/strong><\/li>\n<\/ul>\n<div class=\"woocommerce-product-details__short-description\">\n<h4><strong>  artiklar skickas inom 3 arbetsdagar.*<\/strong><\/h4>\n<\/div>\n<form class=\"cart\" action=\"https:\/\/keys-for-auto.eu\/product\/smart-key-shell-suitable-for-audi-a3-a4-s4-a5-three-buttons\/\" enctype=\"multipart\/form-data\" method=\"post\"><\/form>\n","protected":false},"featured_media":21444,"comment_status":"open","ping_status":"closed","template":"","meta":[],"product_brand":[],"product_cat":[4526,5859],"product_tag":[6117,6132],"class_list":{"0":"post-22761","1":"product","2":"type-product","3":"status-publish","4":"has-post-thumbnail","6":"product_cat-mazda-sv","7":"product_cat-viktiga-fall","8":"product_tag-for-mazda-sv","9":"product_tag-nyckelfodral-med-3-knappar-i-silikon","11":"first","12":"instock","13":"shipping-taxable","14":"purchasable","15":"product-type-simple"},"yoast_head":"<!-- This site is optimized with the Yoast SEO plugin v27.3 - https:\/\/yoast.com\/product\/yoast-seo-wordpress\/ -->\n<title>Silikonnyckelfodral med 3 knappar som passar f\u00f6r Mazda - Keys for auto% %%sidnamn<\/title>\n<meta name=\"robots\" content=\"index, follow, max-snippet:-1, max-image-preview:large, max-video-preview:-1\" \/>\n<link rel=\"canonical\" href=\"https:\/\/keys-for-auto.eu\/sv\/product\/3-knapps-silikon-nyckelholje-som-passar-for-amazda-2\/\" \/>\n<meta property=\"og:locale\" content=\"sv_SE\" \/>\n<meta property=\"og:type\" content=\"article\" \/>\n<meta property=\"og:title\" content=\"Silikonnyckelfodral med 3 knappar som passar f\u00f6r Mazda - Keys for auto% %%sidnamn\" \/>\n<meta property=\"og:description\" content=\"Tillverkning av bilnycklar  Tillverkning av nya bilnycklar, programmering av nycklar (&quot;bindning&quot; till bilen)  Radera tidigare f\u00f6rlorade nycklar fr\u00e5n bilens minne  Tillverkning av t\u00e4ndningsnyckeln enligt l\u00e5set  Reparation av bilnycklar (byte av knappar, skal, mekanismer)  Uppl\u00e5sning av bil i n\u00f6dsituationer  Byte av nycklar, nyckelfodral  Avst\u00e4ngning av DPF- och FAP-programvaran  Programbaserat avl\u00e4gsnande av EGR  Avaktivering av startsp\u00e4rrprogramvaran (immo Off)  Reparation, kloning och programmering av motorstyrenhet (ECU)  SRS (Programmering av styrenhet f\u00f6r krockkuddar)   artiklar skickas inom 3 arbetsdagar.*\" \/>\n<meta property=\"og:url\" content=\"https:\/\/keys-for-auto.eu\/sv\/product\/3-knapps-silikon-nyckelholje-som-passar-for-amazda-2\/\" \/>\n<meta property=\"og:site_name\" content=\"Keys for auto\" \/>\n<meta property=\"article:publisher\" content=\"https:\/\/www.facebook.com\/KeysForAutoEU\" \/>\n<meta property=\"og:image\" content=\"https:\/\/i0.wp.com\/keys-for-auto.eu\/wp-content\/uploads\/2022\/12\/20220906_141718-scaled-1.jpg?fit=2560%2C2051&ssl=1\" \/>\n\t<meta property=\"og:image:width\" content=\"2560\" \/>\n\t<meta property=\"og:image:height\" content=\"2051\" \/>\n\t<meta property=\"og:image:type\" content=\"image\/jpeg\" \/>\n<meta name=\"twitter:card\" content=\"summary_large_image\" \/>\n<script type=\"application\/ld+json\" class=\"yoast-schema-graph\">{\"@context\":\"https:\\\/\\\/schema.org\",\"@graph\":[{\"@type\":[\"WebPage\",\"ItemPage\"],\"@id\":\"https:\\\/\\\/keys-for-auto.eu\\\/sv\\\/product\\\/3-knapps-silikon-nyckelholje-som-passar-for-amazda-2\\\/\",\"url\":\"https:\\\/\\\/keys-for-auto.eu\\\/sv\\\/product\\\/3-knapps-silikon-nyckelholje-som-passar-for-amazda-2\\\/\",\"name\":\"Silikonnyckelfodral med 3 knappar som passar f\u00f6r Mazda - Keys for auto% %%sidnamn\",\"isPartOf\":{\"@id\":\"https:\\\/\\\/keys-for-auto.eu\\\/sv\\\/#website\"},\"primaryImageOfPage\":{\"@id\":\"https:\\\/\\\/keys-for-auto.eu\\\/sv\\\/product\\\/3-knapps-silikon-nyckelholje-som-passar-for-amazda-2\\\/#primaryimage\"},\"image\":{\"@id\":\"https:\\\/\\\/keys-for-auto.eu\\\/sv\\\/product\\\/3-knapps-silikon-nyckelholje-som-passar-for-amazda-2\\\/#primaryimage\"},\"thumbnailUrl\":\"https:\\\/\\\/keys-for-auto.eu\\\/wp-content\\\/uploads\\\/2022\\\/12\\\/20220906_141718-scaled-1.jpg\",\"datePublished\":\"2022-09-06T15:54:33+00:00\",\"breadcrumb\":{\"@id\":\"https:\\\/\\\/keys-for-auto.eu\\\/sv\\\/product\\\/3-knapps-silikon-nyckelholje-som-passar-for-amazda-2\\\/#breadcrumb\"},\"inLanguage\":\"sv-SE\",\"potentialAction\":[{\"@type\":\"ReadAction\",\"target\":[\"https:\\\/\\\/keys-for-auto.eu\\\/sv\\\/product\\\/3-knapps-silikon-nyckelholje-som-passar-for-amazda-2\\\/\"]}]},{\"@type\":\"ImageObject\",\"inLanguage\":\"sv-SE\",\"@id\":\"https:\\\/\\\/keys-for-auto.eu\\\/sv\\\/product\\\/3-knapps-silikon-nyckelholje-som-passar-for-amazda-2\\\/#primaryimage\",\"url\":\"https:\\\/\\\/keys-for-auto.eu\\\/wp-content\\\/uploads\\\/2022\\\/12\\\/20220906_141718-scaled-1.jpg\",\"contentUrl\":\"https:\\\/\\\/keys-for-auto.eu\\\/wp-content\\\/uploads\\\/2022\\\/12\\\/20220906_141718-scaled-1.jpg\",\"width\":2560,\"height\":2051},{\"@type\":\"BreadcrumbList\",\"@id\":\"https:\\\/\\\/keys-for-auto.eu\\\/sv\\\/product\\\/3-knapps-silikon-nyckelholje-som-passar-for-amazda-2\\\/#breadcrumb\",\"itemListElement\":[{\"@type\":\"ListItem\",\"position\":1,\"name\":\"Hem\",\"item\":\"https:\\\/\\\/keys-for-auto.eu\\\/sv\\\/\"},{\"@type\":\"ListItem\",\"position\":2,\"name\":\"Shop\",\"item\":\"https:\\\/\\\/keys-for-auto.eu\\\/\"},{\"@type\":\"ListItem\",\"position\":3,\"name\":\"Silikonnyckelfodral med 3 knappar som passar f\u00f6r Mazda\"}]},{\"@type\":\"WebSite\",\"@id\":\"https:\\\/\\\/keys-for-auto.eu\\\/sv\\\/#website\",\"url\":\"https:\\\/\\\/keys-for-auto.eu\\\/sv\\\/\",\"name\":\"Keys for auto\",\"description\":\"Car keys,  key shells, key programming\",\"publisher\":{\"@id\":\"https:\\\/\\\/keys-for-auto.eu\\\/sv\\\/#organization\"},\"potentialAction\":[{\"@type\":\"SearchAction\",\"target\":{\"@type\":\"EntryPoint\",\"urlTemplate\":\"https:\\\/\\\/keys-for-auto.eu\\\/sv\\\/?s={search_term_string}\"},\"query-input\":{\"@type\":\"PropertyValueSpecification\",\"valueRequired\":true,\"valueName\":\"search_term_string\"}}],\"inLanguage\":\"sv-SE\"},{\"@type\":\"Organization\",\"@id\":\"https:\\\/\\\/keys-for-auto.eu\\\/sv\\\/#organization\",\"name\":\"Nycklar f\u00f6r bil\",\"url\":\"https:\\\/\\\/keys-for-auto.eu\\\/sv\\\/\",\"logo\":{\"@type\":\"ImageObject\",\"inLanguage\":\"sv-SE\",\"@id\":\"https:\\\/\\\/keys-for-auto.eu\\\/sv\\\/#\\\/schema\\\/logo\\\/image\\\/\",\"url\":\"https:\\\/\\\/keys-for-auto.eu\\\/wp-content\\\/uploads\\\/2022\\\/11\\\/cropped-png1.png\",\"contentUrl\":\"https:\\\/\\\/keys-for-auto.eu\\\/wp-content\\\/uploads\\\/2022\\\/11\\\/cropped-png1.png\",\"width\":1000,\"height\":342,\"caption\":\"Nycklar f\u00f6r bil\"},\"image\":{\"@id\":\"https:\\\/\\\/keys-for-auto.eu\\\/sv\\\/#\\\/schema\\\/logo\\\/image\\\/\"},\"sameAs\":[\"https:\\\/\\\/www.facebook.com\\\/KeysForAutoEU\"]}]}<\/script>\n<!-- \/ Yoast SEO plugin. -->","yoast_head_json":{"title":"Silikonnyckelfodral med 3 knappar som passar f\u00f6r Mazda - Keys for auto% %%sidnamn","robots":{"index":"index","follow":"follow","max-snippet":"max-snippet:-1","max-image-preview":"max-image-preview:large","max-video-preview":"max-video-preview:-1"},"canonical":"https:\/\/keys-for-auto.eu\/sv\/product\/3-knapps-silikon-nyckelholje-som-passar-for-amazda-2\/","og_locale":"sv_SE","og_type":"article","og_title":"Silikonnyckelfodral med 3 knappar som passar f\u00f6r Mazda - Keys for auto% %%sidnamn","og_description":"Tillverkning av bilnycklar  Tillverkning av nya bilnycklar, programmering av nycklar (\"bindning\" till bilen)  Radera tidigare f\u00f6rlorade nycklar fr\u00e5n bilens minne  Tillverkning av t\u00e4ndningsnyckeln enligt l\u00e5set  Reparation av bilnycklar (byte av knappar, skal, mekanismer)  Uppl\u00e5sning av bil i n\u00f6dsituationer  Byte av nycklar, nyckelfodral  Avst\u00e4ngning av DPF- och FAP-programvaran  Programbaserat avl\u00e4gsnande av EGR  Avaktivering av startsp\u00e4rrprogramvaran (immo Off)  Reparation, kloning och programmering av motorstyrenhet (ECU)  SRS (Programmering av styrenhet f\u00f6r krockkuddar)   artiklar skickas inom 3 arbetsdagar.*","og_url":"https:\/\/keys-for-auto.eu\/sv\/product\/3-knapps-silikon-nyckelholje-som-passar-for-amazda-2\/","og_site_name":"Keys for auto","article_publisher":"https:\/\/www.facebook.com\/KeysForAutoEU","og_image":[{"width":2560,"height":2051,"url":"https:\/\/i0.wp.com\/keys-for-auto.eu\/wp-content\/uploads\/2022\/12\/20220906_141718-scaled-1.jpg?fit=2560%2C2051&ssl=1","type":"image\/jpeg"}],"twitter_card":"summary_large_image","schema":{"@context":"https:\/\/schema.org","@graph":[{"@type":["WebPage","ItemPage"],"@id":"https:\/\/keys-for-auto.eu\/sv\/product\/3-knapps-silikon-nyckelholje-som-passar-for-amazda-2\/","url":"https:\/\/keys-for-auto.eu\/sv\/product\/3-knapps-silikon-nyckelholje-som-passar-for-amazda-2\/","name":"Silikonnyckelfodral med 3 knappar som passar f\u00f6r Mazda - Keys for auto% %%sidnamn","isPartOf":{"@id":"https:\/\/keys-for-auto.eu\/sv\/#website"},"primaryImageOfPage":{"@id":"https:\/\/keys-for-auto.eu\/sv\/product\/3-knapps-silikon-nyckelholje-som-passar-for-amazda-2\/#primaryimage"},"image":{"@id":"https:\/\/keys-for-auto.eu\/sv\/product\/3-knapps-silikon-nyckelholje-som-passar-for-amazda-2\/#primaryimage"},"thumbnailUrl":"https:\/\/keys-for-auto.eu\/wp-content\/uploads\/2022\/12\/20220906_141718-scaled-1.jpg","datePublished":"2022-09-06T15:54:33+00:00","breadcrumb":{"@id":"https:\/\/keys-for-auto.eu\/sv\/product\/3-knapps-silikon-nyckelholje-som-passar-for-amazda-2\/#breadcrumb"},"inLanguage":"sv-SE","potentialAction":[{"@type":"ReadAction","target":["https:\/\/keys-for-auto.eu\/sv\/product\/3-knapps-silikon-nyckelholje-som-passar-for-amazda-2\/"]}]},{"@type":"ImageObject","inLanguage":"sv-SE","@id":"https:\/\/keys-for-auto.eu\/sv\/product\/3-knapps-silikon-nyckelholje-som-passar-for-amazda-2\/#primaryimage","url":"https:\/\/keys-for-auto.eu\/wp-content\/uploads\/2022\/12\/20220906_141718-scaled-1.jpg","contentUrl":"https:\/\/keys-for-auto.eu\/wp-content\/uploads\/2022\/12\/20220906_141718-scaled-1.jpg","width":2560,"height":2051},{"@type":"BreadcrumbList","@id":"https:\/\/keys-for-auto.eu\/sv\/product\/3-knapps-silikon-nyckelholje-som-passar-for-amazda-2\/#breadcrumb","itemListElement":[{"@type":"ListItem","position":1,"name":"Hem","item":"https:\/\/keys-for-auto.eu\/sv\/"},{"@type":"ListItem","position":2,"name":"Shop","item":"https:\/\/keys-for-auto.eu\/"},{"@type":"ListItem","position":3,"name":"Silikonnyckelfodral med 3 knappar som passar f\u00f6r Mazda"}]},{"@type":"WebSite","@id":"https:\/\/keys-for-auto.eu\/sv\/#website","url":"https:\/\/keys-for-auto.eu\/sv\/","name":"Keys for auto","description":"Car keys,  key shells, key programming","publisher":{"@id":"https:\/\/keys-for-auto.eu\/sv\/#organization"},"potentialAction":[{"@type":"SearchAction","target":{"@type":"EntryPoint","urlTemplate":"https:\/\/keys-for-auto.eu\/sv\/?s={search_term_string}"},"query-input":{"@type":"PropertyValueSpecification","valueRequired":true,"valueName":"search_term_string"}}],"inLanguage":"sv-SE"},{"@type":"Organization","@id":"https:\/\/keys-for-auto.eu\/sv\/#organization","name":"Nycklar f\u00f6r bil","url":"https:\/\/keys-for-auto.eu\/sv\/","logo":{"@type":"ImageObject","inLanguage":"sv-SE","@id":"https:\/\/keys-for-auto.eu\/sv\/#\/schema\/logo\/image\/","url":"https:\/\/keys-for-auto.eu\/wp-content\/uploads\/2022\/11\/cropped-png1.png","contentUrl":"https:\/\/keys-for-auto.eu\/wp-content\/uploads\/2022\/11\/cropped-png1.png","width":1000,"height":342,"caption":"Nycklar f\u00f6r bil"},"image":{"@id":"https:\/\/keys-for-auto.eu\/sv\/#\/schema\/logo\/image\/"},"sameAs":["https:\/\/www.facebook.com\/KeysForAutoEU"]}]}},"_links":{"self":[{"href":"https:\/\/keys-for-auto.eu\/sv\/wp-json\/wp\/v2\/product\/22761","targetHints":{"allow":["GET"]}}],"collection":[{"href":"https:\/\/keys-for-auto.eu\/sv\/wp-json\/wp\/v2\/product"}],"about":[{"href":"https:\/\/keys-for-auto.eu\/sv\/wp-json\/wp\/v2\/types\/product"}],"replies":[{"embeddable":true,"href":"https:\/\/keys-for-auto.eu\/sv\/wp-json\/wp\/v2\/comments?post=22761"}],"wp:featuredmedia":[{"embeddable":true,"href":"https:\/\/keys-for-auto.eu\/sv\/wp-json\/wp\/v2\/media\/21444"}],"wp:attachment":[{"href":"https:\/\/keys-for-auto.eu\/sv\/wp-json\/wp\/v2\/media?parent=22761"}],"wp:term":[{"taxonomy":"product_brand","embeddable":true,"href":"https:\/\/keys-for-auto.eu\/sv\/wp-json\/wp\/v2\/product_brand?post=22761"},{"taxonomy":"product_cat","embeddable":true,"href":"https:\/\/keys-for-auto.eu\/sv\/wp-json\/wp\/v2\/product_cat?post=22761"},{"taxonomy":"product_tag","embeddable":true,"href":"https:\/\/keys-for-auto.eu\/sv\/wp-json\/wp\/v2\/product_tag?post=22761"}],"curies":[{"name":"wp","href":"https:\/\/api.w.org\/{rel}","templated":true}]}}