{"id":22682,"date":"2022-06-21T14:52:18","date_gmt":"2022-06-21T14:52:18","guid":{"rendered":"https:\/\/keys-for-auto.eu\/product\/motorstyrenhet-4b2907401j-immo-off-for-audi-a6-s6-c5-4b\/"},"modified":"2022-06-21T14:52:18","modified_gmt":"2022-06-21T14:52:18","slug":"engine-control-unit-4b2907401j-immo-off-for-audi-a6-s6-c5-4b","status":"publish","type":"product","link":"https:\/\/keys-for-auto.eu\/sv\/product\/engine-control-unit-4b2907401j-immo-off-for-audi-a6-s6-c5-4b\/","title":{"rendered":"MOTORSTYRENHET 4B2907401J IMMO OFF, &#8211; F\u00d6R AUDI A6 S6 C5 4B"},"content":{"rendered":"<p>Motorstyrenhet med immobiliseringen avaktiverad.<\/p>\n","protected":false},"excerpt":{"rendered":"<p>Tillverkare<br \/>\nAudi<br \/>\nSerie<br \/>\nA6, S6<br \/>\nModell<br \/>\nA6 S6 C5 4B<br \/>\nTillverknings\u00e5r<br \/>\n1997-2005<br \/>\n\u00c5r<br \/>\n2000<br \/>\nKarosserityp<br \/>\n\u00d6vriga<br \/>\nStyrl\u00e4ge<br \/>\n&#8211;<br \/>\nRattar<br \/>\n&#8211;<br \/>\nBr\u00e4nsletyp<br \/>\nDiesel<br \/>\nMotorvolym, cm3<br \/>\n2500<br \/>\nV\u00e4xell\u00e5da<br \/>\nManuell<br \/>\nF\u00e4rg<\/p>\n<h3><strong>Tillverkning av bilnycklar<\/strong><\/h3>\n<ul>\n<li><strong>Tillverkning av nya bilnycklar, programmering av nycklar (&#8221;bindning&#8221; till bilen)<\/strong><\/li>\n<li><strong>Radera tidigare f\u00f6rlorade nycklar fr\u00e5n bilens minne<\/strong><\/li>\n<li><strong>Tillverkning av t\u00e4ndningsnyckeln enligt l\u00e5set<\/strong><\/li>\n<li><strong>Reparation av bilnycklar (byte av knappar, skal, mekanismer)<\/strong><\/li>\n<li><strong>Uppl\u00e5sning av bil i n\u00f6dsituationer<\/strong><\/li>\n<li><strong>Byte av nycklar, nyckelfodral<\/strong><\/li>\n<li><strong>Avst\u00e4ngning av DPF- och FAP-programvaran<\/strong><\/li>\n<li><strong>Programbaserat avl\u00e4gsnande av EGR<\/strong><\/li>\n<li><strong>Avaktivering av startsp\u00e4rrprogramvaran (immo Off)<\/strong><\/li>\n<li><strong>Reparation, kloning och programmering av motorstyrenhet (ECU)<\/strong><\/li>\n<li><strong>SRS (Programmering av styrenhet f\u00f6r krockkuddar)<\/strong><\/li>\n<\/ul>\n<h4><strong>  artiklar skickas inom 3 arbetsdagar.*<\/strong><\/h4>\n","protected":false},"featured_media":21392,"comment_status":"open","ping_status":"closed","template":"","meta":[],"product_brand":[],"product_cat":[6099],"product_tag":[],"class_list":{"0":"post-22682","1":"product","2":"type-product","3":"status-publish","4":"has-post-thumbnail","6":"product_cat-ecu-sv","8":"first","9":"instock","10":"shipping-taxable","11":"purchasable","12":"product-type-simple"},"yoast_head":"<!-- This site is optimized with the Yoast SEO plugin v27.3 - https:\/\/yoast.com\/product\/yoast-seo-wordpress\/ -->\n<title>MOTORSTYRENHET 4B2907401J IMMO OFF, - F\u00d6R AUDI A6 S6 C5 4B - Keys for auto% %%sidnamn<\/title>\n<meta name=\"robots\" content=\"index, follow, max-snippet:-1, max-image-preview:large, max-video-preview:-1\" \/>\n<link rel=\"canonical\" href=\"https:\/\/keys-for-auto.eu\/sv\/product\/engine-control-unit-4b2907401j-immo-off-for-audi-a6-s6-c5-4b\/\" \/>\n<meta property=\"og:locale\" content=\"sv_SE\" \/>\n<meta property=\"og:type\" content=\"article\" \/>\n<meta property=\"og:title\" content=\"MOTORSTYRENHET 4B2907401J IMMO OFF, - F\u00d6R AUDI A6 S6 C5 4B - Keys for auto% %%sidnamn\" \/>\n<meta property=\"og:description\" content=\"Tillverkare Audi Serie A6, S6 Modell A6 S6 C5 4B Tillverknings\u00e5r 1997-2005 \u00c5r 2000 Karosserityp \u00d6vriga Styrl\u00e4ge - Rattar - Br\u00e4nsletyp Diesel Motorvolym, cm3 2500 V\u00e4xell\u00e5da Manuell F\u00e4rg Tillverkning av bilnycklar  Tillverkning av nya bilnycklar, programmering av nycklar (&quot;bindning&quot; till bilen)  Radera tidigare f\u00f6rlorade nycklar fr\u00e5n bilens minne  Tillverkning av t\u00e4ndningsnyckeln enligt l\u00e5set  Reparation av bilnycklar (byte av knappar, skal, mekanismer)  Uppl\u00e5sning av bil i n\u00f6dsituationer  Byte av nycklar, nyckelfodral  Avst\u00e4ngning av DPF- och FAP-programvaran  Programbaserat avl\u00e4gsnande av EGR  Avaktivering av startsp\u00e4rrprogramvaran (immo Off)  Reparation, kloning och programmering av motorstyrenhet (ECU)  SRS (Programmering av styrenhet f\u00f6r krockkuddar)  artiklar skickas inom 3 arbetsdagar.*\" \/>\n<meta property=\"og:url\" content=\"https:\/\/keys-for-auto.eu\/sv\/product\/engine-control-unit-4b2907401j-immo-off-for-audi-a6-s6-c5-4b\/\" \/>\n<meta property=\"og:site_name\" content=\"Keys for auto\" \/>\n<meta property=\"article:publisher\" content=\"https:\/\/www.facebook.com\/KeysForAutoEU\" \/>\n<meta property=\"og:image\" content=\"https:\/\/keys-for-auto.eu\/wp-content\/uploads\/2022\/12\/5cd611fd762ac99e7a5d42e015764973-audi_a6_s6_c5_4b_variklio_valdymo_blokas.jpg\" \/>\n\t<meta property=\"og:image:width\" content=\"1024\" \/>\n\t<meta property=\"og:image:height\" content=\"768\" \/>\n\t<meta property=\"og:image:type\" content=\"image\/jpeg\" \/>\n<meta name=\"twitter:card\" content=\"summary_large_image\" \/>\n<script type=\"application\/ld+json\" class=\"yoast-schema-graph\">{\"@context\":\"https:\\\/\\\/schema.org\",\"@graph\":[{\"@type\":[\"WebPage\",\"ItemPage\"],\"@id\":\"https:\\\/\\\/keys-for-auto.eu\\\/sv\\\/product\\\/engine-control-unit-4b2907401j-immo-off-for-audi-a6-s6-c5-4b\\\/\",\"url\":\"https:\\\/\\\/keys-for-auto.eu\\\/sv\\\/product\\\/engine-control-unit-4b2907401j-immo-off-for-audi-a6-s6-c5-4b\\\/\",\"name\":\"MOTORSTYRENHET 4B2907401J IMMO OFF, - F\u00d6R AUDI A6 S6 C5 4B - Keys for auto% %%sidnamn\",\"isPartOf\":{\"@id\":\"https:\\\/\\\/keys-for-auto.eu\\\/sv\\\/#website\"},\"primaryImageOfPage\":{\"@id\":\"https:\\\/\\\/keys-for-auto.eu\\\/sv\\\/product\\\/engine-control-unit-4b2907401j-immo-off-for-audi-a6-s6-c5-4b\\\/#primaryimage\"},\"image\":{\"@id\":\"https:\\\/\\\/keys-for-auto.eu\\\/sv\\\/product\\\/engine-control-unit-4b2907401j-immo-off-for-audi-a6-s6-c5-4b\\\/#primaryimage\"},\"thumbnailUrl\":\"https:\\\/\\\/keys-for-auto.eu\\\/wp-content\\\/uploads\\\/2022\\\/12\\\/5cd611fd762ac99e7a5d42e015764973-audi_a6_s6_c5_4b_variklio_valdymo_blokas.jpg\",\"datePublished\":\"2022-06-21T14:52:18+00:00\",\"breadcrumb\":{\"@id\":\"https:\\\/\\\/keys-for-auto.eu\\\/sv\\\/product\\\/engine-control-unit-4b2907401j-immo-off-for-audi-a6-s6-c5-4b\\\/#breadcrumb\"},\"inLanguage\":\"sv-SE\",\"potentialAction\":[{\"@type\":\"ReadAction\",\"target\":[\"https:\\\/\\\/keys-for-auto.eu\\\/sv\\\/product\\\/engine-control-unit-4b2907401j-immo-off-for-audi-a6-s6-c5-4b\\\/\"]}]},{\"@type\":\"ImageObject\",\"inLanguage\":\"sv-SE\",\"@id\":\"https:\\\/\\\/keys-for-auto.eu\\\/sv\\\/product\\\/engine-control-unit-4b2907401j-immo-off-for-audi-a6-s6-c5-4b\\\/#primaryimage\",\"url\":\"https:\\\/\\\/keys-for-auto.eu\\\/wp-content\\\/uploads\\\/2022\\\/12\\\/5cd611fd762ac99e7a5d42e015764973-audi_a6_s6_c5_4b_variklio_valdymo_blokas.jpg\",\"contentUrl\":\"https:\\\/\\\/keys-for-auto.eu\\\/wp-content\\\/uploads\\\/2022\\\/12\\\/5cd611fd762ac99e7a5d42e015764973-audi_a6_s6_c5_4b_variklio_valdymo_blokas.jpg\",\"width\":1024,\"height\":768},{\"@type\":\"BreadcrumbList\",\"@id\":\"https:\\\/\\\/keys-for-auto.eu\\\/sv\\\/product\\\/engine-control-unit-4b2907401j-immo-off-for-audi-a6-s6-c5-4b\\\/#breadcrumb\",\"itemListElement\":[{\"@type\":\"ListItem\",\"position\":1,\"name\":\"Hem\",\"item\":\"https:\\\/\\\/keys-for-auto.eu\\\/sv\\\/\"},{\"@type\":\"ListItem\",\"position\":2,\"name\":\"Shop\",\"item\":\"https:\\\/\\\/keys-for-auto.eu\\\/\"},{\"@type\":\"ListItem\",\"position\":3,\"name\":\"MOTORSTYRENHET 4B2907401J IMMO OFF, &#8211; F\u00d6R AUDI A6 S6 C5 4B\"}]},{\"@type\":\"WebSite\",\"@id\":\"https:\\\/\\\/keys-for-auto.eu\\\/sv\\\/#website\",\"url\":\"https:\\\/\\\/keys-for-auto.eu\\\/sv\\\/\",\"name\":\"Keys for auto\",\"description\":\"Car keys,  key shells, key programming\",\"publisher\":{\"@id\":\"https:\\\/\\\/keys-for-auto.eu\\\/sv\\\/#organization\"},\"potentialAction\":[{\"@type\":\"SearchAction\",\"target\":{\"@type\":\"EntryPoint\",\"urlTemplate\":\"https:\\\/\\\/keys-for-auto.eu\\\/sv\\\/?s={search_term_string}\"},\"query-input\":{\"@type\":\"PropertyValueSpecification\",\"valueRequired\":true,\"valueName\":\"search_term_string\"}}],\"inLanguage\":\"sv-SE\"},{\"@type\":\"Organization\",\"@id\":\"https:\\\/\\\/keys-for-auto.eu\\\/sv\\\/#organization\",\"name\":\"Nycklar f\u00f6r bil\",\"url\":\"https:\\\/\\\/keys-for-auto.eu\\\/sv\\\/\",\"logo\":{\"@type\":\"ImageObject\",\"inLanguage\":\"sv-SE\",\"@id\":\"https:\\\/\\\/keys-for-auto.eu\\\/sv\\\/#\\\/schema\\\/logo\\\/image\\\/\",\"url\":\"https:\\\/\\\/keys-for-auto.eu\\\/wp-content\\\/uploads\\\/2022\\\/11\\\/cropped-png1.png\",\"contentUrl\":\"https:\\\/\\\/keys-for-auto.eu\\\/wp-content\\\/uploads\\\/2022\\\/11\\\/cropped-png1.png\",\"width\":1000,\"height\":342,\"caption\":\"Nycklar f\u00f6r bil\"},\"image\":{\"@id\":\"https:\\\/\\\/keys-for-auto.eu\\\/sv\\\/#\\\/schema\\\/logo\\\/image\\\/\"},\"sameAs\":[\"https:\\\/\\\/www.facebook.com\\\/KeysForAutoEU\"]}]}<\/script>\n<!-- \/ Yoast SEO plugin. -->","yoast_head_json":{"title":"MOTORSTYRENHET 4B2907401J IMMO OFF, - F\u00d6R AUDI A6 S6 C5 4B - Keys for auto% %%sidnamn","robots":{"index":"index","follow":"follow","max-snippet":"max-snippet:-1","max-image-preview":"max-image-preview:large","max-video-preview":"max-video-preview:-1"},"canonical":"https:\/\/keys-for-auto.eu\/sv\/product\/engine-control-unit-4b2907401j-immo-off-for-audi-a6-s6-c5-4b\/","og_locale":"sv_SE","og_type":"article","og_title":"MOTORSTYRENHET 4B2907401J IMMO OFF, - F\u00d6R AUDI A6 S6 C5 4B - Keys for auto% %%sidnamn","og_description":"Tillverkare Audi Serie A6, S6 Modell A6 S6 C5 4B Tillverknings\u00e5r 1997-2005 \u00c5r 2000 Karosserityp \u00d6vriga Styrl\u00e4ge - Rattar - Br\u00e4nsletyp Diesel Motorvolym, cm3 2500 V\u00e4xell\u00e5da Manuell F\u00e4rg Tillverkning av bilnycklar  Tillverkning av nya bilnycklar, programmering av nycklar (\"bindning\" till bilen)  Radera tidigare f\u00f6rlorade nycklar fr\u00e5n bilens minne  Tillverkning av t\u00e4ndningsnyckeln enligt l\u00e5set  Reparation av bilnycklar (byte av knappar, skal, mekanismer)  Uppl\u00e5sning av bil i n\u00f6dsituationer  Byte av nycklar, nyckelfodral  Avst\u00e4ngning av DPF- och FAP-programvaran  Programbaserat avl\u00e4gsnande av EGR  Avaktivering av startsp\u00e4rrprogramvaran (immo Off)  Reparation, kloning och programmering av motorstyrenhet (ECU)  SRS (Programmering av styrenhet f\u00f6r krockkuddar)  artiklar skickas inom 3 arbetsdagar.*","og_url":"https:\/\/keys-for-auto.eu\/sv\/product\/engine-control-unit-4b2907401j-immo-off-for-audi-a6-s6-c5-4b\/","og_site_name":"Keys for auto","article_publisher":"https:\/\/www.facebook.com\/KeysForAutoEU","og_image":[{"width":1024,"height":768,"url":"https:\/\/keys-for-auto.eu\/wp-content\/uploads\/2022\/12\/5cd611fd762ac99e7a5d42e015764973-audi_a6_s6_c5_4b_variklio_valdymo_blokas.jpg","type":"image\/jpeg"}],"twitter_card":"summary_large_image","schema":{"@context":"https:\/\/schema.org","@graph":[{"@type":["WebPage","ItemPage"],"@id":"https:\/\/keys-for-auto.eu\/sv\/product\/engine-control-unit-4b2907401j-immo-off-for-audi-a6-s6-c5-4b\/","url":"https:\/\/keys-for-auto.eu\/sv\/product\/engine-control-unit-4b2907401j-immo-off-for-audi-a6-s6-c5-4b\/","name":"MOTORSTYRENHET 4B2907401J IMMO OFF, - F\u00d6R AUDI A6 S6 C5 4B - Keys for auto% %%sidnamn","isPartOf":{"@id":"https:\/\/keys-for-auto.eu\/sv\/#website"},"primaryImageOfPage":{"@id":"https:\/\/keys-for-auto.eu\/sv\/product\/engine-control-unit-4b2907401j-immo-off-for-audi-a6-s6-c5-4b\/#primaryimage"},"image":{"@id":"https:\/\/keys-for-auto.eu\/sv\/product\/engine-control-unit-4b2907401j-immo-off-for-audi-a6-s6-c5-4b\/#primaryimage"},"thumbnailUrl":"https:\/\/keys-for-auto.eu\/wp-content\/uploads\/2022\/12\/5cd611fd762ac99e7a5d42e015764973-audi_a6_s6_c5_4b_variklio_valdymo_blokas.jpg","datePublished":"2022-06-21T14:52:18+00:00","breadcrumb":{"@id":"https:\/\/keys-for-auto.eu\/sv\/product\/engine-control-unit-4b2907401j-immo-off-for-audi-a6-s6-c5-4b\/#breadcrumb"},"inLanguage":"sv-SE","potentialAction":[{"@type":"ReadAction","target":["https:\/\/keys-for-auto.eu\/sv\/product\/engine-control-unit-4b2907401j-immo-off-for-audi-a6-s6-c5-4b\/"]}]},{"@type":"ImageObject","inLanguage":"sv-SE","@id":"https:\/\/keys-for-auto.eu\/sv\/product\/engine-control-unit-4b2907401j-immo-off-for-audi-a6-s6-c5-4b\/#primaryimage","url":"https:\/\/keys-for-auto.eu\/wp-content\/uploads\/2022\/12\/5cd611fd762ac99e7a5d42e015764973-audi_a6_s6_c5_4b_variklio_valdymo_blokas.jpg","contentUrl":"https:\/\/keys-for-auto.eu\/wp-content\/uploads\/2022\/12\/5cd611fd762ac99e7a5d42e015764973-audi_a6_s6_c5_4b_variklio_valdymo_blokas.jpg","width":1024,"height":768},{"@type":"BreadcrumbList","@id":"https:\/\/keys-for-auto.eu\/sv\/product\/engine-control-unit-4b2907401j-immo-off-for-audi-a6-s6-c5-4b\/#breadcrumb","itemListElement":[{"@type":"ListItem","position":1,"name":"Hem","item":"https:\/\/keys-for-auto.eu\/sv\/"},{"@type":"ListItem","position":2,"name":"Shop","item":"https:\/\/keys-for-auto.eu\/"},{"@type":"ListItem","position":3,"name":"MOTORSTYRENHET 4B2907401J IMMO OFF, &#8211; F\u00d6R AUDI A6 S6 C5 4B"}]},{"@type":"WebSite","@id":"https:\/\/keys-for-auto.eu\/sv\/#website","url":"https:\/\/keys-for-auto.eu\/sv\/","name":"Keys for auto","description":"Car keys,  key shells, key programming","publisher":{"@id":"https:\/\/keys-for-auto.eu\/sv\/#organization"},"potentialAction":[{"@type":"SearchAction","target":{"@type":"EntryPoint","urlTemplate":"https:\/\/keys-for-auto.eu\/sv\/?s={search_term_string}"},"query-input":{"@type":"PropertyValueSpecification","valueRequired":true,"valueName":"search_term_string"}}],"inLanguage":"sv-SE"},{"@type":"Organization","@id":"https:\/\/keys-for-auto.eu\/sv\/#organization","name":"Nycklar f\u00f6r bil","url":"https:\/\/keys-for-auto.eu\/sv\/","logo":{"@type":"ImageObject","inLanguage":"sv-SE","@id":"https:\/\/keys-for-auto.eu\/sv\/#\/schema\/logo\/image\/","url":"https:\/\/keys-for-auto.eu\/wp-content\/uploads\/2022\/11\/cropped-png1.png","contentUrl":"https:\/\/keys-for-auto.eu\/wp-content\/uploads\/2022\/11\/cropped-png1.png","width":1000,"height":342,"caption":"Nycklar f\u00f6r bil"},"image":{"@id":"https:\/\/keys-for-auto.eu\/sv\/#\/schema\/logo\/image\/"},"sameAs":["https:\/\/www.facebook.com\/KeysForAutoEU"]}]}},"_links":{"self":[{"href":"https:\/\/keys-for-auto.eu\/sv\/wp-json\/wp\/v2\/product\/22682","targetHints":{"allow":["GET"]}}],"collection":[{"href":"https:\/\/keys-for-auto.eu\/sv\/wp-json\/wp\/v2\/product"}],"about":[{"href":"https:\/\/keys-for-auto.eu\/sv\/wp-json\/wp\/v2\/types\/product"}],"replies":[{"embeddable":true,"href":"https:\/\/keys-for-auto.eu\/sv\/wp-json\/wp\/v2\/comments?post=22682"}],"wp:featuredmedia":[{"embeddable":true,"href":"https:\/\/keys-for-auto.eu\/sv\/wp-json\/wp\/v2\/media\/21392"}],"wp:attachment":[{"href":"https:\/\/keys-for-auto.eu\/sv\/wp-json\/wp\/v2\/media?parent=22682"}],"wp:term":[{"taxonomy":"product_brand","embeddable":true,"href":"https:\/\/keys-for-auto.eu\/sv\/wp-json\/wp\/v2\/product_brand?post=22682"},{"taxonomy":"product_cat","embeddable":true,"href":"https:\/\/keys-for-auto.eu\/sv\/wp-json\/wp\/v2\/product_cat?post=22682"},{"taxonomy":"product_tag","embeddable":true,"href":"https:\/\/keys-for-auto.eu\/sv\/wp-json\/wp\/v2\/product_tag?post=22682"}],"curies":[{"name":"wp","href":"https:\/\/api.w.org\/{rel}","templated":true}]}}