{"id":22507,"date":"2020-02-23T20:18:16","date_gmt":"2020-02-23T20:18:16","guid":{"rendered":"https:\/\/keys-for-auto.eu\/product\/tillverkning-av-nycklar-till-porsche-bilar\/"},"modified":"2020-02-23T20:18:16","modified_gmt":"2020-02-23T20:18:16","slug":"produktion-av-nycklar-for-porsche-bilar","status":"publish","type":"product","link":"https:\/\/keys-for-auto.eu\/sv\/product\/produktion-av-nycklar-for-porsche-bilar\/","title":{"rendered":"Tillverkning av nycklar till Porsche-bilar"},"content":{"rendered":"<p>Tillverkning av nycklar till Porsche-bilar<\/p>\n","protected":false},"excerpt":{"rendered":"<h2>Vi tillverkar och programmerar nycklar, elektroniska (smarta) nycklar f\u00f6r Porsche-bilar.<\/h2>\n<ul>\n<li>Tillverkning av Porsche-nycklar<\/li>\n<li>Programmering av Porsche-nycklar<\/li>\n<li>Reparation av Porsche-nycklar<\/li>\n<li>Porsche nyckelfodral<\/li>\n<li>Produktion och programmering av Porsche-nycklar<\/li>\n<li>N\u00f6duppl\u00e5sning av Porsche-bilar i n\u00f6dsituationer<\/li>\n<\/ul>\n<p>&nbsp;<\/p>\n<p>Porsche nycklar produktion prisf\u00f6rfr\u00e5gan\/Specificera bilmodell\/tillverknings\u00e5r f\u00f6r bilen<br \/>\n\/Telefonnummer f\u00f6r kontaktperson<\/p>\n<h3><strong>Tillverkning av bilnycklar<\/strong><\/h3>\n<ul>\n<li><strong>Tillverkning av nya bilnycklar, programmering av nycklar (&#8221;bindning&#8221; till bilen)<\/strong><\/li>\n<li><strong>Radera tidigare f\u00f6rlorade nycklar fr\u00e5n bilens minne<\/strong><\/li>\n<li><strong>Tillverkning av t\u00e4ndningsnyckeln enligt l\u00e5set<\/strong><\/li>\n<li><strong>Reparation av bilnycklar (byte av knappar, skal, mekanismer)<\/strong><\/li>\n<li><strong>Uppl\u00e5sning av bil i n\u00f6dsituationer<\/strong><\/li>\n<li><strong>Byte av nycklar, nyckelfodral<\/strong><\/li>\n<li><strong>Avst\u00e4ngning av DPF- och FAP-programvaran<\/strong><\/li>\n<li><strong>Programbaserat avl\u00e4gsnande av EGR<\/strong><\/li>\n<li><strong>Avaktivering av startsp\u00e4rrprogramvaran (immo Off)<\/strong><\/li>\n<li><strong>Reparation, kloning och programmering av motorstyrenhet (ECU)<\/strong><\/li>\n<li><strong>SRS (Programmering av styrenhet f\u00f6r krockkuddar)<\/strong><\/li>\n<\/ul>\n<h4><strong>  artiklar skickas inom 3 arbetsdagar.*<\/strong><\/h4>\n","protected":false},"featured_media":21326,"comment_status":"open","ping_status":"closed","template":"","meta":[],"product_brand":[],"product_cat":[4870,5810],"product_tag":[6080],"class_list":{"0":"post-22507","1":"product","2":"type-product","3":"status-publish","4":"has-post-thumbnail","6":"product_cat-porsche-sv","7":"product_cat-tillverkning-av-nycklar","8":"product_tag-tillverkning-av-nycklar-till-porsche-bilar","10":"first","11":"instock","12":"shipping-taxable","13":"product-type-simple"},"yoast_head":"<!-- This site is optimized with the Yoast SEO plugin v27.6 - https:\/\/yoast.com\/product\/yoast-seo-wordpress\/ -->\n<title>Tillverkning av nycklar till Porsche-bilar - Keys for auto% %%sidnamn<\/title>\n<meta name=\"robots\" content=\"index, follow, max-snippet:-1, max-image-preview:large, max-video-preview:-1\" \/>\n<link rel=\"canonical\" href=\"https:\/\/keys-for-auto.eu\/sv\/product\/produktion-av-nycklar-for-porsche-bilar\/\" \/>\n<meta property=\"og:locale\" content=\"sv_SE\" \/>\n<meta property=\"og:type\" content=\"article\" \/>\n<meta property=\"og:title\" content=\"Tillverkning av nycklar till Porsche-bilar - Keys for auto% %%sidnamn\" \/>\n<meta property=\"og:description\" content=\"Vi tillverkar och programmerar nycklar, elektroniska (smarta) nycklar f\u00f6r Porsche-bilar.  Tillverkning av Porsche-nycklar  Programmering av Porsche-nycklar  Reparation av Porsche-nycklar  Porsche nyckelfodral  Produktion och programmering av Porsche-nycklar  N\u00f6duppl\u00e5sning av Porsche-bilar i n\u00f6dsituationer &nbsp; Porsche nycklar produktion prisf\u00f6rfr\u00e5gan\/Specificera bilmodell\/tillverknings\u00e5r f\u00f6r bilen \/Telefonnummer f\u00f6r kontaktperson Tillverkning av bilnycklar  Tillverkning av nya bilnycklar, programmering av nycklar (&quot;bindning&quot; till bilen)  Radera tidigare f\u00f6rlorade nycklar fr\u00e5n bilens minne  Tillverkning av t\u00e4ndningsnyckeln enligt l\u00e5set  Reparation av bilnycklar (byte av knappar, skal, mekanismer)  Uppl\u00e5sning av bil i n\u00f6dsituationer  Byte av nycklar, nyckelfodral  Avst\u00e4ngning av DPF- och FAP-programvaran  Programbaserat avl\u00e4gsnande av EGR  Avaktivering av startsp\u00e4rrprogramvaran (immo Off)  Reparation, kloning och programmering av motorstyrenhet (ECU)  SRS (Programmering av styrenhet f\u00f6r krockkuddar)  artiklar skickas inom 3 arbetsdagar.*\" \/>\n<meta property=\"og:url\" content=\"https:\/\/keys-for-auto.eu\/sv\/product\/produktion-av-nycklar-for-porsche-bilar\/\" \/>\n<meta property=\"og:site_name\" content=\"Keys for auto\" \/>\n<meta property=\"article:publisher\" content=\"https:\/\/www.facebook.com\/KeysForAutoEU\" \/>\n<meta property=\"og:image\" content=\"https:\/\/i0.wp.com\/keys-for-auto.eu\/wp-content\/uploads\/2022\/12\/admin-ajax__1_-removebg-preview-1-3.png?fit=405%2C356&ssl=1\" \/>\n\t<meta property=\"og:image:width\" content=\"405\" \/>\n\t<meta property=\"og:image:height\" content=\"356\" \/>\n\t<meta property=\"og:image:type\" content=\"image\/png\" \/>\n<meta name=\"twitter:card\" content=\"summary_large_image\" \/>\n<script type=\"application\/ld+json\" class=\"yoast-schema-graph\">{\"@context\":\"https:\\\/\\\/schema.org\",\"@graph\":[{\"@type\":[\"WebPage\",\"ItemPage\"],\"@id\":\"https:\\\/\\\/keys-for-auto.eu\\\/sv\\\/product\\\/produktion-av-nycklar-for-porsche-bilar\\\/\",\"url\":\"https:\\\/\\\/keys-for-auto.eu\\\/sv\\\/product\\\/produktion-av-nycklar-for-porsche-bilar\\\/\",\"name\":\"Tillverkning av nycklar till Porsche-bilar - Keys for auto% %%sidnamn\",\"isPartOf\":{\"@id\":\"https:\\\/\\\/keys-for-auto.eu\\\/sv\\\/#website\"},\"primaryImageOfPage\":{\"@id\":\"https:\\\/\\\/keys-for-auto.eu\\\/sv\\\/product\\\/produktion-av-nycklar-for-porsche-bilar\\\/#primaryimage\"},\"image\":{\"@id\":\"https:\\\/\\\/keys-for-auto.eu\\\/sv\\\/product\\\/produktion-av-nycklar-for-porsche-bilar\\\/#primaryimage\"},\"thumbnailUrl\":\"https:\\\/\\\/keys-for-auto.eu\\\/wp-content\\\/uploads\\\/2022\\\/12\\\/admin-ajax__1_-removebg-preview-1-3.png\",\"datePublished\":\"2020-02-23T20:18:16+00:00\",\"breadcrumb\":{\"@id\":\"https:\\\/\\\/keys-for-auto.eu\\\/sv\\\/product\\\/produktion-av-nycklar-for-porsche-bilar\\\/#breadcrumb\"},\"inLanguage\":\"sv-SE\",\"potentialAction\":[{\"@type\":\"ReadAction\",\"target\":[\"https:\\\/\\\/keys-for-auto.eu\\\/sv\\\/product\\\/produktion-av-nycklar-for-porsche-bilar\\\/\"]}]},{\"@type\":\"ImageObject\",\"inLanguage\":\"sv-SE\",\"@id\":\"https:\\\/\\\/keys-for-auto.eu\\\/sv\\\/product\\\/produktion-av-nycklar-for-porsche-bilar\\\/#primaryimage\",\"url\":\"https:\\\/\\\/keys-for-auto.eu\\\/wp-content\\\/uploads\\\/2022\\\/12\\\/admin-ajax__1_-removebg-preview-1-3.png\",\"contentUrl\":\"https:\\\/\\\/keys-for-auto.eu\\\/wp-content\\\/uploads\\\/2022\\\/12\\\/admin-ajax__1_-removebg-preview-1-3.png\",\"width\":405,\"height\":356},{\"@type\":\"BreadcrumbList\",\"@id\":\"https:\\\/\\\/keys-for-auto.eu\\\/sv\\\/product\\\/produktion-av-nycklar-for-porsche-bilar\\\/#breadcrumb\",\"itemListElement\":[{\"@type\":\"ListItem\",\"position\":1,\"name\":\"Hem\",\"item\":\"https:\\\/\\\/keys-for-auto.eu\\\/sv\\\/\"},{\"@type\":\"ListItem\",\"position\":2,\"name\":\"Shop\",\"item\":\"https:\\\/\\\/keys-for-auto.eu\\\/\"},{\"@type\":\"ListItem\",\"position\":3,\"name\":\"Tillverkning av nycklar till Porsche-bilar\"}]},{\"@type\":\"WebSite\",\"@id\":\"https:\\\/\\\/keys-for-auto.eu\\\/sv\\\/#website\",\"url\":\"https:\\\/\\\/keys-for-auto.eu\\\/sv\\\/\",\"name\":\"Keys for auto\",\"description\":\"Car keys,  key shells, key programming\",\"publisher\":{\"@id\":\"https:\\\/\\\/keys-for-auto.eu\\\/sv\\\/#organization\"},\"potentialAction\":[{\"@type\":\"SearchAction\",\"target\":{\"@type\":\"EntryPoint\",\"urlTemplate\":\"https:\\\/\\\/keys-for-auto.eu\\\/sv\\\/?s={search_term_string}\"},\"query-input\":{\"@type\":\"PropertyValueSpecification\",\"valueRequired\":true,\"valueName\":\"search_term_string\"}}],\"inLanguage\":\"sv-SE\"},{\"@type\":\"Organization\",\"@id\":\"https:\\\/\\\/keys-for-auto.eu\\\/sv\\\/#organization\",\"name\":\"Nycklar f\u00f6r bil\",\"url\":\"https:\\\/\\\/keys-for-auto.eu\\\/sv\\\/\",\"logo\":{\"@type\":\"ImageObject\",\"inLanguage\":\"sv-SE\",\"@id\":\"https:\\\/\\\/keys-for-auto.eu\\\/sv\\\/#\\\/schema\\\/logo\\\/image\\\/\",\"url\":\"https:\\\/\\\/keys-for-auto.eu\\\/wp-content\\\/uploads\\\/2022\\\/11\\\/cropped-png1.png\",\"contentUrl\":\"https:\\\/\\\/keys-for-auto.eu\\\/wp-content\\\/uploads\\\/2022\\\/11\\\/cropped-png1.png\",\"width\":1000,\"height\":342,\"caption\":\"Nycklar f\u00f6r bil\"},\"image\":{\"@id\":\"https:\\\/\\\/keys-for-auto.eu\\\/sv\\\/#\\\/schema\\\/logo\\\/image\\\/\"},\"sameAs\":[\"https:\\\/\\\/www.facebook.com\\\/KeysForAutoEU\"]}]}<\/script>\n<!-- \/ Yoast SEO plugin. -->","yoast_head_json":{"title":"Tillverkning av nycklar till Porsche-bilar - Keys for auto% %%sidnamn","robots":{"index":"index","follow":"follow","max-snippet":"max-snippet:-1","max-image-preview":"max-image-preview:large","max-video-preview":"max-video-preview:-1"},"canonical":"https:\/\/keys-for-auto.eu\/sv\/product\/produktion-av-nycklar-for-porsche-bilar\/","og_locale":"sv_SE","og_type":"article","og_title":"Tillverkning av nycklar till Porsche-bilar - Keys for auto% %%sidnamn","og_description":"Vi tillverkar och programmerar nycklar, elektroniska (smarta) nycklar f\u00f6r Porsche-bilar.  Tillverkning av Porsche-nycklar  Programmering av Porsche-nycklar  Reparation av Porsche-nycklar  Porsche nyckelfodral  Produktion och programmering av Porsche-nycklar  N\u00f6duppl\u00e5sning av Porsche-bilar i n\u00f6dsituationer &nbsp; Porsche nycklar produktion prisf\u00f6rfr\u00e5gan\/Specificera bilmodell\/tillverknings\u00e5r f\u00f6r bilen \/Telefonnummer f\u00f6r kontaktperson Tillverkning av bilnycklar  Tillverkning av nya bilnycklar, programmering av nycklar (\"bindning\" till bilen)  Radera tidigare f\u00f6rlorade nycklar fr\u00e5n bilens minne  Tillverkning av t\u00e4ndningsnyckeln enligt l\u00e5set  Reparation av bilnycklar (byte av knappar, skal, mekanismer)  Uppl\u00e5sning av bil i n\u00f6dsituationer  Byte av nycklar, nyckelfodral  Avst\u00e4ngning av DPF- och FAP-programvaran  Programbaserat avl\u00e4gsnande av EGR  Avaktivering av startsp\u00e4rrprogramvaran (immo Off)  Reparation, kloning och programmering av motorstyrenhet (ECU)  SRS (Programmering av styrenhet f\u00f6r krockkuddar)  artiklar skickas inom 3 arbetsdagar.*","og_url":"https:\/\/keys-for-auto.eu\/sv\/product\/produktion-av-nycklar-for-porsche-bilar\/","og_site_name":"Keys for auto","article_publisher":"https:\/\/www.facebook.com\/KeysForAutoEU","og_image":[{"width":405,"height":356,"url":"https:\/\/i0.wp.com\/keys-for-auto.eu\/wp-content\/uploads\/2022\/12\/admin-ajax__1_-removebg-preview-1-3.png?fit=405%2C356&ssl=1","type":"image\/png"}],"twitter_card":"summary_large_image","schema":{"@context":"https:\/\/schema.org","@graph":[{"@type":["WebPage","ItemPage"],"@id":"https:\/\/keys-for-auto.eu\/sv\/product\/produktion-av-nycklar-for-porsche-bilar\/","url":"https:\/\/keys-for-auto.eu\/sv\/product\/produktion-av-nycklar-for-porsche-bilar\/","name":"Tillverkning av nycklar till Porsche-bilar - Keys for auto% %%sidnamn","isPartOf":{"@id":"https:\/\/keys-for-auto.eu\/sv\/#website"},"primaryImageOfPage":{"@id":"https:\/\/keys-for-auto.eu\/sv\/product\/produktion-av-nycklar-for-porsche-bilar\/#primaryimage"},"image":{"@id":"https:\/\/keys-for-auto.eu\/sv\/product\/produktion-av-nycklar-for-porsche-bilar\/#primaryimage"},"thumbnailUrl":"https:\/\/keys-for-auto.eu\/wp-content\/uploads\/2022\/12\/admin-ajax__1_-removebg-preview-1-3.png","datePublished":"2020-02-23T20:18:16+00:00","breadcrumb":{"@id":"https:\/\/keys-for-auto.eu\/sv\/product\/produktion-av-nycklar-for-porsche-bilar\/#breadcrumb"},"inLanguage":"sv-SE","potentialAction":[{"@type":"ReadAction","target":["https:\/\/keys-for-auto.eu\/sv\/product\/produktion-av-nycklar-for-porsche-bilar\/"]}]},{"@type":"ImageObject","inLanguage":"sv-SE","@id":"https:\/\/keys-for-auto.eu\/sv\/product\/produktion-av-nycklar-for-porsche-bilar\/#primaryimage","url":"https:\/\/keys-for-auto.eu\/wp-content\/uploads\/2022\/12\/admin-ajax__1_-removebg-preview-1-3.png","contentUrl":"https:\/\/keys-for-auto.eu\/wp-content\/uploads\/2022\/12\/admin-ajax__1_-removebg-preview-1-3.png","width":405,"height":356},{"@type":"BreadcrumbList","@id":"https:\/\/keys-for-auto.eu\/sv\/product\/produktion-av-nycklar-for-porsche-bilar\/#breadcrumb","itemListElement":[{"@type":"ListItem","position":1,"name":"Hem","item":"https:\/\/keys-for-auto.eu\/sv\/"},{"@type":"ListItem","position":2,"name":"Shop","item":"https:\/\/keys-for-auto.eu\/"},{"@type":"ListItem","position":3,"name":"Tillverkning av nycklar till Porsche-bilar"}]},{"@type":"WebSite","@id":"https:\/\/keys-for-auto.eu\/sv\/#website","url":"https:\/\/keys-for-auto.eu\/sv\/","name":"Keys for auto","description":"Car keys,  key shells, key programming","publisher":{"@id":"https:\/\/keys-for-auto.eu\/sv\/#organization"},"potentialAction":[{"@type":"SearchAction","target":{"@type":"EntryPoint","urlTemplate":"https:\/\/keys-for-auto.eu\/sv\/?s={search_term_string}"},"query-input":{"@type":"PropertyValueSpecification","valueRequired":true,"valueName":"search_term_string"}}],"inLanguage":"sv-SE"},{"@type":"Organization","@id":"https:\/\/keys-for-auto.eu\/sv\/#organization","name":"Nycklar f\u00f6r bil","url":"https:\/\/keys-for-auto.eu\/sv\/","logo":{"@type":"ImageObject","inLanguage":"sv-SE","@id":"https:\/\/keys-for-auto.eu\/sv\/#\/schema\/logo\/image\/","url":"https:\/\/keys-for-auto.eu\/wp-content\/uploads\/2022\/11\/cropped-png1.png","contentUrl":"https:\/\/keys-for-auto.eu\/wp-content\/uploads\/2022\/11\/cropped-png1.png","width":1000,"height":342,"caption":"Nycklar f\u00f6r bil"},"image":{"@id":"https:\/\/keys-for-auto.eu\/sv\/#\/schema\/logo\/image\/"},"sameAs":["https:\/\/www.facebook.com\/KeysForAutoEU"]}]}},"_links":{"self":[{"href":"https:\/\/keys-for-auto.eu\/sv\/wp-json\/wp\/v2\/product\/22507","targetHints":{"allow":["GET"]}}],"collection":[{"href":"https:\/\/keys-for-auto.eu\/sv\/wp-json\/wp\/v2\/product"}],"about":[{"href":"https:\/\/keys-for-auto.eu\/sv\/wp-json\/wp\/v2\/types\/product"}],"replies":[{"embeddable":true,"href":"https:\/\/keys-for-auto.eu\/sv\/wp-json\/wp\/v2\/comments?post=22507"}],"wp:featuredmedia":[{"embeddable":true,"href":"https:\/\/keys-for-auto.eu\/sv\/wp-json\/wp\/v2\/media\/21326"}],"wp:attachment":[{"href":"https:\/\/keys-for-auto.eu\/sv\/wp-json\/wp\/v2\/media?parent=22507"}],"wp:term":[{"taxonomy":"product_brand","embeddable":true,"href":"https:\/\/keys-for-auto.eu\/sv\/wp-json\/wp\/v2\/product_brand?post=22507"},{"taxonomy":"product_cat","embeddable":true,"href":"https:\/\/keys-for-auto.eu\/sv\/wp-json\/wp\/v2\/product_cat?post=22507"},{"taxonomy":"product_tag","embeddable":true,"href":"https:\/\/keys-for-auto.eu\/sv\/wp-json\/wp\/v2\/product_tag?post=22507"}],"curies":[{"name":"wp","href":"https:\/\/api.w.org\/{rel}","templated":true}]}}