{"id":22499,"date":"2018-12-01T11:45:28","date_gmt":"2018-12-01T11:45:28","guid":{"rendered":"https:\/\/keys-for-auto.eu\/product\/keyless-smart-key-lamplig-for-subaru-bilar\/"},"modified":"2018-12-01T11:45:28","modified_gmt":"2018-12-01T11:45:28","slug":"keyless-smart-key-suitable-for-subaru-cars","status":"publish","type":"product","link":"https:\/\/keys-for-auto.eu\/sv\/product\/keyless-smart-key-suitable-for-subaru-cars\/","title":{"rendered":"Keyless Smart Key &#8211; l\u00e4mplig f\u00f6r Subaru-bilar"},"content":{"rendered":"<div id=\"tw-target-text-container\" class=\"gsrt tw-ta-container tw-nfl\">\n<p>Passar f\u00f6r:<\/p>\n<p>Subaru Impreza med Keyless Smart Entry<br \/>\nProduktions\u00e5r: 2015 2016 2017<\/p>\n<p>20162014 Subaru Impreza Impreza med Keyless Smart Entry<br \/>\nProduktions\u00e5r: 2015 2016 2017<\/p>\n<p>Tillverknings\u00e5r: 2015 2016 2017 2017 2018<\/p>\n<p>2018 2018 2018 2017 Subaru Legacy med nyckell\u00f6s Smart Entry<br \/>\nProduktions\u00e5r: 2015 2016 2017<\/p>\n<p>Produktions\u00e5r: 2015 2016 2017<\/p>\n<p>2018 2018 2017 2017 Subaru WRK STI med Keyless Smart Entry<br \/>\nProduktions\u00e5r: 2015 2016 2017<\/p>\n<p>2017 2017 Subaru Outback med nyckell\u00f6s Smart Entry<br \/>\nProduktions\u00e5r: 2015 2016 2017<\/p>\n<p>Subaru XV med Smartkey-system<br \/>\nProduktions\u00e5r: 2015<\/p>\n<p>2017 Subaru Forester med Keyless Smart Entry<br \/>\nProduktions\u00e5r: 2015 2016 2017 2018<\/p>\n<h2>SPECIFIKATIONER<\/h2>\n<\/div>\n<table border=\"0\" width=\"100%\" cellspacing=\"0\" cellpadding=\"0\">\n<tbody>\n<tr>\n<th><span style=\"font-weight: 400;\">Villkor<\/span><\/th>\n<td>L\u00c5ST<\/td>\n<\/tr>\n<tr>\n<th><span style=\"font-weight: 400;\">FCC-ID<\/span><\/th>\n<td>HYQ14AHC<\/td>\n<\/tr>\n<tr>\n<th><span style=\"font-weight: 400;\">Del#<\/span><\/th>\n<td>&nbsp;<\/p>\n<p>1551A-14AHC IC: 1551A14AHC Modell nr: 14AHC 1A-14AHC DENSO MODELL 14AHC COFETEL<\/td>\n<\/tr>\n<tr>\n<th><span style=\"font-weight: 400;\">Delnummer f\u00f6r \u00e5terf\u00f6rs\u00e4ljare<\/span><\/th>\n<td>281451-5801<\/td>\n<\/tr>\n<tr>\n<th><span style=\"font-weight: 400;\">Knappar<\/span><\/th>\n<td>4: L\u00e5s, l\u00e5s upp, bagageutrymme, panik<\/td>\n<\/tr>\n<tr>\n<th><span style=\"font-weight: 400;\">Frekvens<\/span><\/th>\n<td>315 MHz r\u00f6d LED-lampa<\/td>\n<\/tr>\n<tr>\n<th><span style=\"font-weight: 400;\">Batterityp<\/span><\/th>\n<\/tr>\n<\/tbody>\n<\/table>\n","protected":false},"excerpt":{"rendered":"<p><em><strong>Keyless Smart Key &#8211; l\u00e4mplig f\u00f6r Subaru-bilar<\/strong><\/em><\/p>\n<h3><strong>Tillverkning av bilnycklar<\/strong><\/h3>\n<ul>\n<li><strong>Tillverkning av nya bilnycklar, programmering av nycklar (&#8221;bindning&#8221; till bilen)<\/strong><\/li>\n<li><strong>Radera tidigare f\u00f6rlorade nycklar fr\u00e5n bilens minne<\/strong><\/li>\n<li><strong>Tillverkning av t\u00e4ndningsnyckeln enligt l\u00e5set<\/strong><\/li>\n<li><strong>Reparation av bilnycklar (byte av knappar, skal, mekanismer)<\/strong><\/li>\n<li><strong>Uppl\u00e5sning av bil i n\u00f6dsituationer<\/strong><\/li>\n<li><strong>Byte av nycklar, nyckelfodral<\/strong><\/li>\n<li><strong>Avst\u00e4ngning av DPF- och FAP-programvaran<\/strong><\/li>\n<li><strong>Programbaserat avl\u00e4gsnande av EGR<\/strong><\/li>\n<li><strong>Avaktivering av startsp\u00e4rrprogramvaran (immo Off)<\/strong><\/li>\n<li><strong>Reparation, kloning och programmering av motorstyrenhet (ECU)<\/strong><\/li>\n<li><strong>SRS (Programmering av styrenhet f\u00f6r krockkuddar)<\/strong><\/li>\n<\/ul>\n<h4><strong>  artiklar skickas inom 3 arbetsdagar.*<\/strong><\/h4>\n","protected":false},"featured_media":21316,"comment_status":"open","ping_status":"closed","template":"","meta":[],"product_brand":[],"product_cat":[4528,5009],"product_tag":[6071,6072,5702,6073,5705,6074,6075,6076,6077],"class_list":{"0":"post-22499","1":"product","2":"type-product","3":"status-publish","4":"has-post-thumbnail","6":"product_cat-nycklar-for-fjarrkontroll","7":"product_cat-subaru-sv","8":"product_tag-subaru-brz-nyckel","9":"product_tag-subaru-crosstrek-nyckel","10":"product_tag-subaru-forester-nyckel","11":"product_tag-subaru-impreza-nyckel","12":"product_tag-subaru-legacy-nyckel","13":"product_tag-subaru-outback-nyckel","14":"product_tag-subaru-wrk-sti-nyckel","15":"product_tag-subaru-wrx-nyckel","16":"product_tag-subaru-xv-nyckel","18":"first","19":"instock","20":"shipping-taxable","21":"purchasable","22":"product-type-simple"},"yoast_head":"<!-- This site is optimized with the Yoast SEO plugin v27.3 - https:\/\/yoast.com\/product\/yoast-seo-wordpress\/ -->\n<title>Keyless Smart Key - l\u00e4mplig f\u00f6r Subaru-bilar - Keys for auto% %%sidnamn<\/title>\n<meta name=\"robots\" content=\"index, follow, max-snippet:-1, max-image-preview:large, max-video-preview:-1\" \/>\n<link rel=\"canonical\" href=\"https:\/\/keys-for-auto.eu\/sv\/product\/keyless-smart-key-suitable-for-subaru-cars\/\" \/>\n<meta property=\"og:locale\" content=\"sv_SE\" \/>\n<meta property=\"og:type\" content=\"article\" \/>\n<meta property=\"og:title\" content=\"Keyless Smart Key - l\u00e4mplig f\u00f6r Subaru-bilar - Keys for auto% %%sidnamn\" \/>\n<meta property=\"og:description\" content=\"Keyless Smart Key - l\u00e4mplig f\u00f6r Subaru-bilar Tillverkning av bilnycklar  Tillverkning av nya bilnycklar, programmering av nycklar (&quot;bindning&quot; till bilen)  Radera tidigare f\u00f6rlorade nycklar fr\u00e5n bilens minne  Tillverkning av t\u00e4ndningsnyckeln enligt l\u00e5set  Reparation av bilnycklar (byte av knappar, skal, mekanismer)  Uppl\u00e5sning av bil i n\u00f6dsituationer  Byte av nycklar, nyckelfodral  Avst\u00e4ngning av DPF- och FAP-programvaran  Programbaserat avl\u00e4gsnande av EGR  Avaktivering av startsp\u00e4rrprogramvaran (immo Off)  Reparation, kloning och programmering av motorstyrenhet (ECU)  SRS (Programmering av styrenhet f\u00f6r krockkuddar)  artiklar skickas inom 3 arbetsdagar.*\" \/>\n<meta property=\"og:url\" content=\"https:\/\/keys-for-auto.eu\/sv\/product\/keyless-smart-key-suitable-for-subaru-cars\/\" \/>\n<meta property=\"og:site_name\" content=\"Keys for auto\" \/>\n<meta property=\"article:publisher\" content=\"https:\/\/www.facebook.com\/KeysForAutoEU\" \/>\n<meta property=\"og:image\" content=\"https:\/\/keys-for-auto.eu\/wp-content\/uploads\/2022\/12\/subaru_keyless_remote_subaru_smart_key_fob_fcc_id_hyq14ahc_proximity_control_unlocked_203cuo_p9467-removebg-preview.png\" \/>\n\t<meta property=\"og:image:width\" content=\"376\" \/>\n\t<meta property=\"og:image:height\" content=\"664\" \/>\n\t<meta property=\"og:image:type\" content=\"image\/png\" \/>\n<meta name=\"twitter:card\" content=\"summary_large_image\" \/>\n<meta name=\"twitter:label1\" content=\"Ber\u00e4knad l\u00e4stid\" \/>\n\t<meta name=\"twitter:data1\" content=\"1 minut\" \/>\n<script type=\"application\/ld+json\" class=\"yoast-schema-graph\">{\"@context\":\"https:\\\/\\\/schema.org\",\"@graph\":[{\"@type\":[\"WebPage\",\"ItemPage\"],\"@id\":\"https:\\\/\\\/keys-for-auto.eu\\\/sv\\\/product\\\/keyless-smart-key-suitable-for-subaru-cars\\\/\",\"url\":\"https:\\\/\\\/keys-for-auto.eu\\\/sv\\\/product\\\/keyless-smart-key-suitable-for-subaru-cars\\\/\",\"name\":\"Keyless Smart Key - l\u00e4mplig f\u00f6r Subaru-bilar - Keys for auto% %%sidnamn\",\"isPartOf\":{\"@id\":\"https:\\\/\\\/keys-for-auto.eu\\\/sv\\\/#website\"},\"primaryImageOfPage\":{\"@id\":\"https:\\\/\\\/keys-for-auto.eu\\\/sv\\\/product\\\/keyless-smart-key-suitable-for-subaru-cars\\\/#primaryimage\"},\"image\":{\"@id\":\"https:\\\/\\\/keys-for-auto.eu\\\/sv\\\/product\\\/keyless-smart-key-suitable-for-subaru-cars\\\/#primaryimage\"},\"thumbnailUrl\":\"https:\\\/\\\/keys-for-auto.eu\\\/wp-content\\\/uploads\\\/2022\\\/12\\\/subaru_keyless_remote_subaru_smart_key_fob_fcc_id_hyq14ahc_proximity_control_unlocked_203cuo_p9467-removebg-preview.png\",\"datePublished\":\"2018-12-01T11:45:28+00:00\",\"breadcrumb\":{\"@id\":\"https:\\\/\\\/keys-for-auto.eu\\\/sv\\\/product\\\/keyless-smart-key-suitable-for-subaru-cars\\\/#breadcrumb\"},\"inLanguage\":\"sv-SE\",\"potentialAction\":[{\"@type\":\"ReadAction\",\"target\":[\"https:\\\/\\\/keys-for-auto.eu\\\/sv\\\/product\\\/keyless-smart-key-suitable-for-subaru-cars\\\/\"]}]},{\"@type\":\"ImageObject\",\"inLanguage\":\"sv-SE\",\"@id\":\"https:\\\/\\\/keys-for-auto.eu\\\/sv\\\/product\\\/keyless-smart-key-suitable-for-subaru-cars\\\/#primaryimage\",\"url\":\"https:\\\/\\\/keys-for-auto.eu\\\/wp-content\\\/uploads\\\/2022\\\/12\\\/subaru_keyless_remote_subaru_smart_key_fob_fcc_id_hyq14ahc_proximity_control_unlocked_203cuo_p9467-removebg-preview.png\",\"contentUrl\":\"https:\\\/\\\/keys-for-auto.eu\\\/wp-content\\\/uploads\\\/2022\\\/12\\\/subaru_keyless_remote_subaru_smart_key_fob_fcc_id_hyq14ahc_proximity_control_unlocked_203cuo_p9467-removebg-preview.png\",\"width\":376,\"height\":664},{\"@type\":\"BreadcrumbList\",\"@id\":\"https:\\\/\\\/keys-for-auto.eu\\\/sv\\\/product\\\/keyless-smart-key-suitable-for-subaru-cars\\\/#breadcrumb\",\"itemListElement\":[{\"@type\":\"ListItem\",\"position\":1,\"name\":\"Hem\",\"item\":\"https:\\\/\\\/keys-for-auto.eu\\\/sv\\\/\"},{\"@type\":\"ListItem\",\"position\":2,\"name\":\"Shop\",\"item\":\"https:\\\/\\\/keys-for-auto.eu\\\/\"},{\"@type\":\"ListItem\",\"position\":3,\"name\":\"Keyless Smart Key &#8211; l\u00e4mplig f\u00f6r Subaru-bilar\"}]},{\"@type\":\"WebSite\",\"@id\":\"https:\\\/\\\/keys-for-auto.eu\\\/sv\\\/#website\",\"url\":\"https:\\\/\\\/keys-for-auto.eu\\\/sv\\\/\",\"name\":\"Keys for auto\",\"description\":\"Car keys,  key shells, key programming\",\"publisher\":{\"@id\":\"https:\\\/\\\/keys-for-auto.eu\\\/sv\\\/#organization\"},\"potentialAction\":[{\"@type\":\"SearchAction\",\"target\":{\"@type\":\"EntryPoint\",\"urlTemplate\":\"https:\\\/\\\/keys-for-auto.eu\\\/sv\\\/?s={search_term_string}\"},\"query-input\":{\"@type\":\"PropertyValueSpecification\",\"valueRequired\":true,\"valueName\":\"search_term_string\"}}],\"inLanguage\":\"sv-SE\"},{\"@type\":\"Organization\",\"@id\":\"https:\\\/\\\/keys-for-auto.eu\\\/sv\\\/#organization\",\"name\":\"Nycklar f\u00f6r bil\",\"url\":\"https:\\\/\\\/keys-for-auto.eu\\\/sv\\\/\",\"logo\":{\"@type\":\"ImageObject\",\"inLanguage\":\"sv-SE\",\"@id\":\"https:\\\/\\\/keys-for-auto.eu\\\/sv\\\/#\\\/schema\\\/logo\\\/image\\\/\",\"url\":\"https:\\\/\\\/keys-for-auto.eu\\\/wp-content\\\/uploads\\\/2022\\\/11\\\/cropped-png1.png\",\"contentUrl\":\"https:\\\/\\\/keys-for-auto.eu\\\/wp-content\\\/uploads\\\/2022\\\/11\\\/cropped-png1.png\",\"width\":1000,\"height\":342,\"caption\":\"Nycklar f\u00f6r bil\"},\"image\":{\"@id\":\"https:\\\/\\\/keys-for-auto.eu\\\/sv\\\/#\\\/schema\\\/logo\\\/image\\\/\"},\"sameAs\":[\"https:\\\/\\\/www.facebook.com\\\/KeysForAutoEU\"]}]}<\/script>\n<!-- \/ Yoast SEO plugin. -->","yoast_head_json":{"title":"Keyless Smart Key - l\u00e4mplig f\u00f6r Subaru-bilar - Keys for auto% %%sidnamn","robots":{"index":"index","follow":"follow","max-snippet":"max-snippet:-1","max-image-preview":"max-image-preview:large","max-video-preview":"max-video-preview:-1"},"canonical":"https:\/\/keys-for-auto.eu\/sv\/product\/keyless-smart-key-suitable-for-subaru-cars\/","og_locale":"sv_SE","og_type":"article","og_title":"Keyless Smart Key - l\u00e4mplig f\u00f6r Subaru-bilar - Keys for auto% %%sidnamn","og_description":"Keyless Smart Key - l\u00e4mplig f\u00f6r Subaru-bilar Tillverkning av bilnycklar  Tillverkning av nya bilnycklar, programmering av nycklar (\"bindning\" till bilen)  Radera tidigare f\u00f6rlorade nycklar fr\u00e5n bilens minne  Tillverkning av t\u00e4ndningsnyckeln enligt l\u00e5set  Reparation av bilnycklar (byte av knappar, skal, mekanismer)  Uppl\u00e5sning av bil i n\u00f6dsituationer  Byte av nycklar, nyckelfodral  Avst\u00e4ngning av DPF- och FAP-programvaran  Programbaserat avl\u00e4gsnande av EGR  Avaktivering av startsp\u00e4rrprogramvaran (immo Off)  Reparation, kloning och programmering av motorstyrenhet (ECU)  SRS (Programmering av styrenhet f\u00f6r krockkuddar)  artiklar skickas inom 3 arbetsdagar.*","og_url":"https:\/\/keys-for-auto.eu\/sv\/product\/keyless-smart-key-suitable-for-subaru-cars\/","og_site_name":"Keys for auto","article_publisher":"https:\/\/www.facebook.com\/KeysForAutoEU","og_image":[{"width":376,"height":664,"url":"https:\/\/keys-for-auto.eu\/wp-content\/uploads\/2022\/12\/subaru_keyless_remote_subaru_smart_key_fob_fcc_id_hyq14ahc_proximity_control_unlocked_203cuo_p9467-removebg-preview.png","type":"image\/png"}],"twitter_card":"summary_large_image","twitter_misc":{"Ber\u00e4knad l\u00e4stid":"1 minut"},"schema":{"@context":"https:\/\/schema.org","@graph":[{"@type":["WebPage","ItemPage"],"@id":"https:\/\/keys-for-auto.eu\/sv\/product\/keyless-smart-key-suitable-for-subaru-cars\/","url":"https:\/\/keys-for-auto.eu\/sv\/product\/keyless-smart-key-suitable-for-subaru-cars\/","name":"Keyless Smart Key - l\u00e4mplig f\u00f6r Subaru-bilar - Keys for auto% %%sidnamn","isPartOf":{"@id":"https:\/\/keys-for-auto.eu\/sv\/#website"},"primaryImageOfPage":{"@id":"https:\/\/keys-for-auto.eu\/sv\/product\/keyless-smart-key-suitable-for-subaru-cars\/#primaryimage"},"image":{"@id":"https:\/\/keys-for-auto.eu\/sv\/product\/keyless-smart-key-suitable-for-subaru-cars\/#primaryimage"},"thumbnailUrl":"https:\/\/keys-for-auto.eu\/wp-content\/uploads\/2022\/12\/subaru_keyless_remote_subaru_smart_key_fob_fcc_id_hyq14ahc_proximity_control_unlocked_203cuo_p9467-removebg-preview.png","datePublished":"2018-12-01T11:45:28+00:00","breadcrumb":{"@id":"https:\/\/keys-for-auto.eu\/sv\/product\/keyless-smart-key-suitable-for-subaru-cars\/#breadcrumb"},"inLanguage":"sv-SE","potentialAction":[{"@type":"ReadAction","target":["https:\/\/keys-for-auto.eu\/sv\/product\/keyless-smart-key-suitable-for-subaru-cars\/"]}]},{"@type":"ImageObject","inLanguage":"sv-SE","@id":"https:\/\/keys-for-auto.eu\/sv\/product\/keyless-smart-key-suitable-for-subaru-cars\/#primaryimage","url":"https:\/\/keys-for-auto.eu\/wp-content\/uploads\/2022\/12\/subaru_keyless_remote_subaru_smart_key_fob_fcc_id_hyq14ahc_proximity_control_unlocked_203cuo_p9467-removebg-preview.png","contentUrl":"https:\/\/keys-for-auto.eu\/wp-content\/uploads\/2022\/12\/subaru_keyless_remote_subaru_smart_key_fob_fcc_id_hyq14ahc_proximity_control_unlocked_203cuo_p9467-removebg-preview.png","width":376,"height":664},{"@type":"BreadcrumbList","@id":"https:\/\/keys-for-auto.eu\/sv\/product\/keyless-smart-key-suitable-for-subaru-cars\/#breadcrumb","itemListElement":[{"@type":"ListItem","position":1,"name":"Hem","item":"https:\/\/keys-for-auto.eu\/sv\/"},{"@type":"ListItem","position":2,"name":"Shop","item":"https:\/\/keys-for-auto.eu\/"},{"@type":"ListItem","position":3,"name":"Keyless Smart Key &#8211; l\u00e4mplig f\u00f6r Subaru-bilar"}]},{"@type":"WebSite","@id":"https:\/\/keys-for-auto.eu\/sv\/#website","url":"https:\/\/keys-for-auto.eu\/sv\/","name":"Keys for auto","description":"Car keys,  key shells, key programming","publisher":{"@id":"https:\/\/keys-for-auto.eu\/sv\/#organization"},"potentialAction":[{"@type":"SearchAction","target":{"@type":"EntryPoint","urlTemplate":"https:\/\/keys-for-auto.eu\/sv\/?s={search_term_string}"},"query-input":{"@type":"PropertyValueSpecification","valueRequired":true,"valueName":"search_term_string"}}],"inLanguage":"sv-SE"},{"@type":"Organization","@id":"https:\/\/keys-for-auto.eu\/sv\/#organization","name":"Nycklar f\u00f6r bil","url":"https:\/\/keys-for-auto.eu\/sv\/","logo":{"@type":"ImageObject","inLanguage":"sv-SE","@id":"https:\/\/keys-for-auto.eu\/sv\/#\/schema\/logo\/image\/","url":"https:\/\/keys-for-auto.eu\/wp-content\/uploads\/2022\/11\/cropped-png1.png","contentUrl":"https:\/\/keys-for-auto.eu\/wp-content\/uploads\/2022\/11\/cropped-png1.png","width":1000,"height":342,"caption":"Nycklar f\u00f6r bil"},"image":{"@id":"https:\/\/keys-for-auto.eu\/sv\/#\/schema\/logo\/image\/"},"sameAs":["https:\/\/www.facebook.com\/KeysForAutoEU"]}]}},"_links":{"self":[{"href":"https:\/\/keys-for-auto.eu\/sv\/wp-json\/wp\/v2\/product\/22499","targetHints":{"allow":["GET"]}}],"collection":[{"href":"https:\/\/keys-for-auto.eu\/sv\/wp-json\/wp\/v2\/product"}],"about":[{"href":"https:\/\/keys-for-auto.eu\/sv\/wp-json\/wp\/v2\/types\/product"}],"replies":[{"embeddable":true,"href":"https:\/\/keys-for-auto.eu\/sv\/wp-json\/wp\/v2\/comments?post=22499"}],"wp:featuredmedia":[{"embeddable":true,"href":"https:\/\/keys-for-auto.eu\/sv\/wp-json\/wp\/v2\/media\/21316"}],"wp:attachment":[{"href":"https:\/\/keys-for-auto.eu\/sv\/wp-json\/wp\/v2\/media?parent=22499"}],"wp:term":[{"taxonomy":"product_brand","embeddable":true,"href":"https:\/\/keys-for-auto.eu\/sv\/wp-json\/wp\/v2\/product_brand?post=22499"},{"taxonomy":"product_cat","embeddable":true,"href":"https:\/\/keys-for-auto.eu\/sv\/wp-json\/wp\/v2\/product_cat?post=22499"},{"taxonomy":"product_tag","embeddable":true,"href":"https:\/\/keys-for-auto.eu\/sv\/wp-json\/wp\/v2\/product_tag?post=22499"}],"curies":[{"name":"wp","href":"https:\/\/api.w.org\/{rel}","templated":true}]}}