{"id":22494,"date":"2018-05-07T15:50:43","date_gmt":"2018-05-07T15:50:43","guid":{"rendered":"https:\/\/keys-for-auto.eu\/product\/nyckelproduktion-for-ssangyong-bilar\/"},"modified":"2018-05-07T15:50:43","modified_gmt":"2018-05-07T15:50:43","slug":"key-production-for-ssangyong-cars","status":"publish","type":"product","link":"https:\/\/keys-for-auto.eu\/sv\/product\/key-production-for-ssangyong-cars\/","title":{"rendered":"Nyckelproduktion f\u00f6r SsangYong-bilar"},"content":{"rendered":"<h2>SsangYong nyckelproduktion<\/h2>\n<p>SsangYong nyckelproduktion. Numera kan bilnyckeln \u00e5tervinnas fr\u00e5n l\u00e5set eller mot uppvisande av originalet. SsangYong-chipnyckeln \u00e4r i princip en unik anordning som till utseendet p\u00e5minner om bilnycklar fr\u00e5n 1990-talet och b\u00f6rjan av 2000-talet. Det enda \u00e4r att dess inre &#8221;fyllning&#8221; \u00e4r tio g\u00e5nger b\u00e4ttre \u00e4n s\u00e5dana produkter. Detta beror p\u00e5 att moderna koreanska bilnycklar \u00e4r utrustade med ett personligt programchip som sitter i nyckelhuvudet (vikbar, klassisk) och som inneh\u00e5ller en speciell kod. Krypteringen \u00e4r i direkt kontakt med bilens s\u00e4kerhetssystem, vilket eliminerar m\u00f6jligheten att bilen startas med en annan nyckel. Vid behov kan bil\u00e4garen best\u00e4lla kopiering, tillverkning, reparation eller utbyte av SsangYong-nycklar hos oss.<\/p>\n<h2>Programmering av chips<\/h2>\n<p>Plasth\u00f6ljet med knapparna kan vara skadat eller tangentbrickan kan vara sliten under anv\u00e4ndning. En produkt som inte fungerar kan \u00e5terst\u00e4llas genom elektronik\u00f6verf\u00f6ring. Vid behov kan man v\u00e4lja en fullst\u00e4ndig kopia av den m\u00e4rkta nyckeln eller en modern vikbar analog nyckel. I samtliga fall utf\u00f6rs arbetet av kvalificerade tekniker med professionella maskiner och med garanti.<\/p>\n<p>F\u00f6rutom duplikatet kan fordons\u00e4garen endast best\u00e4lla ett SsangYong-chip. Denna produkt kan installeras i ett stort antal larmcentraler. Den programmeras av en specialist med hj\u00e4lp av s\u00e4rskild utrustning som g\u00f6r det m\u00f6jligt att tillverka individuella chip och nycklar f\u00f6r SsangYong-bilar av olika tillverknings\u00e5r.<\/p>\n<p>Om en nyckel har f\u00f6rlorats, g\u00e5tt s\u00f6nder eller om nyckelbladet har slitits ut kan du best\u00e4lla en kopia eller en ny produkt med chip. Programmeringstj\u00e4nster f\u00f6r elektroniska styrenheter och startsp\u00e4rrar \u00e4r ocks\u00e5 tillg\u00e4ngliga. F\u00f6r sydkoreanska bil\u00e4gare erbjuder vi d\u00e4rf\u00f6r ett komplett utbud av tj\u00e4nster f\u00f6r programmering och tillverkning av nycklar, beroende p\u00e5 problemets art. Startsp\u00e4rren och SsangYong-chipnyckeln \u00e4r skydd f\u00f6r t\u00e4ndningsenheten och en garanti f\u00f6r fordonets s\u00e4kerhet.<\/p>\n","protected":false},"excerpt":{"rendered":"<h2>Vi tillverkar och programmerar nycklar till SsangYong-bilar<\/h2>\n<ul>\n<li>Tillverkning av SsangYong-nycklar<\/li>\n<li>SsangYong Actyon nyckelproduktion, programmering<\/li>\n<li>SsangYong Chairman nyckeltillverkning, programmering<\/li>\n<li>SsangYong Korando nyckeltillverkning, programmering<\/li>\n<li>SsangYong Kyron nyckeltillverkning, programmering<\/li>\n<li>SsangYong Musso nyckeltillverkning, programmering<\/li>\n<li>SsangYong Rexton nyckeltillverkning, programmering<\/li>\n<li>SsangYong Stavic Rodus nyckeltillverkning, programmering<\/li>\n<li>SsangYong nyckelprogrammering<\/li>\n<li>SsangYong nyckelreparation<\/li>\n<li>SsangYong viktiga organ<\/li>\n<li>N\u00f6duppl\u00e5sning av SsangYong-bilar<\/li>\n<\/ul>\n<h3><strong>Tillverkning av bilnycklar<\/strong><\/h3>\n<ul>\n<li><strong>Tillverkning av nya bilnycklar, programmering av nycklar (&#8221;bindning&#8221; till bilen)<\/strong><\/li>\n<li><strong>Radera tidigare f\u00f6rlorade nycklar fr\u00e5n bilens minne<\/strong><\/li>\n<li><strong>Tillverkning av t\u00e4ndningsnyckeln enligt l\u00e5set<\/strong><\/li>\n<li><strong>Reparation av bilnycklar (byte av knappar, skal, mekanismer)<\/strong><\/li>\n<li><strong>Uppl\u00e5sning av bil i n\u00f6dsituationer<\/strong><\/li>\n<li><strong>Byte av nycklar, nyckelfodral<\/strong><\/li>\n<li><strong>Avst\u00e4ngning av DPF- och FAP-programvaran<\/strong><\/li>\n<li><strong>Programbaserat avl\u00e4gsnande av EGR<\/strong><\/li>\n<li><strong>Avaktivering av startsp\u00e4rrprogramvaran (immo Off)<\/strong><\/li>\n<li><strong>Reparation, kloning och programmering av motorstyrenhet (ECU)<\/strong><\/li>\n<li><strong>SRS (Programmering av styrenhet f\u00f6r krockkuddar)<\/strong><\/li>\n<\/ul>\n<h4><strong>  artiklar skickas inom 3 arbetsdagar.*<\/strong><\/h4>\n","protected":false},"featured_media":21312,"comment_status":"open","ping_status":"closed","template":"","meta":[],"product_brand":[],"product_cat":[4157,5810],"product_tag":[6061],"class_list":{"0":"post-22494","1":"product","2":"type-product","3":"status-publish","4":"has-post-thumbnail","6":"product_cat-ssangyong-sv","7":"product_cat-tillverkning-av-nycklar","8":"product_tag-nyckelproduktion-for-ssangyong-bilar","10":"first","11":"instock","12":"shipping-taxable","13":"product-type-simple"},"yoast_head":"<!-- This site is optimized with the Yoast SEO plugin v27.6 - https:\/\/yoast.com\/product\/yoast-seo-wordpress\/ -->\n<title>Nyckelproduktion f\u00f6r SsangYong-bilar - Keys for auto% %%sidnamn<\/title>\n<meta name=\"robots\" content=\"index, follow, max-snippet:-1, max-image-preview:large, max-video-preview:-1\" \/>\n<link rel=\"canonical\" href=\"https:\/\/keys-for-auto.eu\/sv\/product\/key-production-for-ssangyong-cars\/\" \/>\n<meta property=\"og:locale\" content=\"sv_SE\" \/>\n<meta property=\"og:type\" content=\"article\" \/>\n<meta property=\"og:title\" content=\"Nyckelproduktion f\u00f6r SsangYong-bilar - Keys for auto% %%sidnamn\" \/>\n<meta property=\"og:description\" content=\"Vi tillverkar och programmerar nycklar till SsangYong-bilar  Tillverkning av SsangYong-nycklar  SsangYong Actyon nyckelproduktion, programmering  SsangYong Chairman nyckeltillverkning, programmering  SsangYong Korando nyckeltillverkning, programmering  SsangYong Kyron nyckeltillverkning, programmering  SsangYong Musso nyckeltillverkning, programmering  SsangYong Rexton nyckeltillverkning, programmering  SsangYong Stavic Rodus nyckeltillverkning, programmering  SsangYong nyckelprogrammering  SsangYong nyckelreparation  SsangYong viktiga organ  N\u00f6duppl\u00e5sning av SsangYong-bilar Tillverkning av bilnycklar  Tillverkning av nya bilnycklar, programmering av nycklar (&quot;bindning&quot; till bilen)  Radera tidigare f\u00f6rlorade nycklar fr\u00e5n bilens minne  Tillverkning av t\u00e4ndningsnyckeln enligt l\u00e5set  Reparation av bilnycklar (byte av knappar, skal, mekanismer)  Uppl\u00e5sning av bil i n\u00f6dsituationer  Byte av nycklar, nyckelfodral  Avst\u00e4ngning av DPF- och FAP-programvaran  Programbaserat avl\u00e4gsnande av EGR  Avaktivering av startsp\u00e4rrprogramvaran (immo Off)  Reparation, kloning och programmering av motorstyrenhet (ECU)  SRS (Programmering av styrenhet f\u00f6r krockkuddar)  artiklar skickas inom 3 arbetsdagar.*\" \/>\n<meta property=\"og:url\" content=\"https:\/\/keys-for-auto.eu\/sv\/product\/key-production-for-ssangyong-cars\/\" \/>\n<meta property=\"og:site_name\" content=\"Keys for auto\" \/>\n<meta property=\"article:publisher\" content=\"https:\/\/www.facebook.com\/KeysForAutoEU\" \/>\n<meta property=\"og:image\" content=\"https:\/\/keys-for-auto.eu\/wp-content\/uploads\/2022\/12\/SsangYong_logo_symbol_logotype_emblem-removebg-preview.png\" \/>\n\t<meta property=\"og:image:width\" content=\"500\" \/>\n\t<meta property=\"og:image:height\" content=\"476\" \/>\n\t<meta property=\"og:image:type\" content=\"image\/png\" \/>\n<meta name=\"twitter:card\" content=\"summary_large_image\" \/>\n<meta name=\"twitter:label1\" content=\"Ber\u00e4knad l\u00e4stid\" \/>\n\t<meta name=\"twitter:data1\" content=\"2 minuter\" \/>\n<script type=\"application\/ld+json\" class=\"yoast-schema-graph\">{\"@context\":\"https:\\\/\\\/schema.org\",\"@graph\":[{\"@type\":[\"WebPage\",\"ItemPage\"],\"@id\":\"https:\\\/\\\/keys-for-auto.eu\\\/sv\\\/product\\\/key-production-for-ssangyong-cars\\\/\",\"url\":\"https:\\\/\\\/keys-for-auto.eu\\\/sv\\\/product\\\/key-production-for-ssangyong-cars\\\/\",\"name\":\"Nyckelproduktion f\u00f6r SsangYong-bilar - Keys for auto% %%sidnamn\",\"isPartOf\":{\"@id\":\"https:\\\/\\\/keys-for-auto.eu\\\/sv\\\/#website\"},\"primaryImageOfPage\":{\"@id\":\"https:\\\/\\\/keys-for-auto.eu\\\/sv\\\/product\\\/key-production-for-ssangyong-cars\\\/#primaryimage\"},\"image\":{\"@id\":\"https:\\\/\\\/keys-for-auto.eu\\\/sv\\\/product\\\/key-production-for-ssangyong-cars\\\/#primaryimage\"},\"thumbnailUrl\":\"https:\\\/\\\/keys-for-auto.eu\\\/wp-content\\\/uploads\\\/2022\\\/12\\\/SsangYong_logo_symbol_logotype_emblem-removebg-preview.png\",\"datePublished\":\"2018-05-07T15:50:43+00:00\",\"breadcrumb\":{\"@id\":\"https:\\\/\\\/keys-for-auto.eu\\\/sv\\\/product\\\/key-production-for-ssangyong-cars\\\/#breadcrumb\"},\"inLanguage\":\"sv-SE\",\"potentialAction\":[{\"@type\":\"ReadAction\",\"target\":[\"https:\\\/\\\/keys-for-auto.eu\\\/sv\\\/product\\\/key-production-for-ssangyong-cars\\\/\"]}]},{\"@type\":\"ImageObject\",\"inLanguage\":\"sv-SE\",\"@id\":\"https:\\\/\\\/keys-for-auto.eu\\\/sv\\\/product\\\/key-production-for-ssangyong-cars\\\/#primaryimage\",\"url\":\"https:\\\/\\\/keys-for-auto.eu\\\/wp-content\\\/uploads\\\/2022\\\/12\\\/SsangYong_logo_symbol_logotype_emblem-removebg-preview.png\",\"contentUrl\":\"https:\\\/\\\/keys-for-auto.eu\\\/wp-content\\\/uploads\\\/2022\\\/12\\\/SsangYong_logo_symbol_logotype_emblem-removebg-preview.png\",\"width\":500,\"height\":476},{\"@type\":\"BreadcrumbList\",\"@id\":\"https:\\\/\\\/keys-for-auto.eu\\\/sv\\\/product\\\/key-production-for-ssangyong-cars\\\/#breadcrumb\",\"itemListElement\":[{\"@type\":\"ListItem\",\"position\":1,\"name\":\"Hem\",\"item\":\"https:\\\/\\\/keys-for-auto.eu\\\/sv\\\/\"},{\"@type\":\"ListItem\",\"position\":2,\"name\":\"Shop\",\"item\":\"https:\\\/\\\/keys-for-auto.eu\\\/\"},{\"@type\":\"ListItem\",\"position\":3,\"name\":\"Nyckelproduktion f\u00f6r SsangYong-bilar\"}]},{\"@type\":\"WebSite\",\"@id\":\"https:\\\/\\\/keys-for-auto.eu\\\/sv\\\/#website\",\"url\":\"https:\\\/\\\/keys-for-auto.eu\\\/sv\\\/\",\"name\":\"Keys for auto\",\"description\":\"Car keys,  key shells, key programming\",\"publisher\":{\"@id\":\"https:\\\/\\\/keys-for-auto.eu\\\/sv\\\/#organization\"},\"potentialAction\":[{\"@type\":\"SearchAction\",\"target\":{\"@type\":\"EntryPoint\",\"urlTemplate\":\"https:\\\/\\\/keys-for-auto.eu\\\/sv\\\/?s={search_term_string}\"},\"query-input\":{\"@type\":\"PropertyValueSpecification\",\"valueRequired\":true,\"valueName\":\"search_term_string\"}}],\"inLanguage\":\"sv-SE\"},{\"@type\":\"Organization\",\"@id\":\"https:\\\/\\\/keys-for-auto.eu\\\/sv\\\/#organization\",\"name\":\"Nycklar f\u00f6r bil\",\"url\":\"https:\\\/\\\/keys-for-auto.eu\\\/sv\\\/\",\"logo\":{\"@type\":\"ImageObject\",\"inLanguage\":\"sv-SE\",\"@id\":\"https:\\\/\\\/keys-for-auto.eu\\\/sv\\\/#\\\/schema\\\/logo\\\/image\\\/\",\"url\":\"https:\\\/\\\/keys-for-auto.eu\\\/wp-content\\\/uploads\\\/2022\\\/11\\\/cropped-png1.png\",\"contentUrl\":\"https:\\\/\\\/keys-for-auto.eu\\\/wp-content\\\/uploads\\\/2022\\\/11\\\/cropped-png1.png\",\"width\":1000,\"height\":342,\"caption\":\"Nycklar f\u00f6r bil\"},\"image\":{\"@id\":\"https:\\\/\\\/keys-for-auto.eu\\\/sv\\\/#\\\/schema\\\/logo\\\/image\\\/\"},\"sameAs\":[\"https:\\\/\\\/www.facebook.com\\\/KeysForAutoEU\"]}]}<\/script>\n<!-- \/ Yoast SEO plugin. -->","yoast_head_json":{"title":"Nyckelproduktion f\u00f6r SsangYong-bilar - Keys for auto% %%sidnamn","robots":{"index":"index","follow":"follow","max-snippet":"max-snippet:-1","max-image-preview":"max-image-preview:large","max-video-preview":"max-video-preview:-1"},"canonical":"https:\/\/keys-for-auto.eu\/sv\/product\/key-production-for-ssangyong-cars\/","og_locale":"sv_SE","og_type":"article","og_title":"Nyckelproduktion f\u00f6r SsangYong-bilar - Keys for auto% %%sidnamn","og_description":"Vi tillverkar och programmerar nycklar till SsangYong-bilar  Tillverkning av SsangYong-nycklar  SsangYong Actyon nyckelproduktion, programmering  SsangYong Chairman nyckeltillverkning, programmering  SsangYong Korando nyckeltillverkning, programmering  SsangYong Kyron nyckeltillverkning, programmering  SsangYong Musso nyckeltillverkning, programmering  SsangYong Rexton nyckeltillverkning, programmering  SsangYong Stavic Rodus nyckeltillverkning, programmering  SsangYong nyckelprogrammering  SsangYong nyckelreparation  SsangYong viktiga organ  N\u00f6duppl\u00e5sning av SsangYong-bilar Tillverkning av bilnycklar  Tillverkning av nya bilnycklar, programmering av nycklar (\"bindning\" till bilen)  Radera tidigare f\u00f6rlorade nycklar fr\u00e5n bilens minne  Tillverkning av t\u00e4ndningsnyckeln enligt l\u00e5set  Reparation av bilnycklar (byte av knappar, skal, mekanismer)  Uppl\u00e5sning av bil i n\u00f6dsituationer  Byte av nycklar, nyckelfodral  Avst\u00e4ngning av DPF- och FAP-programvaran  Programbaserat avl\u00e4gsnande av EGR  Avaktivering av startsp\u00e4rrprogramvaran (immo Off)  Reparation, kloning och programmering av motorstyrenhet (ECU)  SRS (Programmering av styrenhet f\u00f6r krockkuddar)  artiklar skickas inom 3 arbetsdagar.*","og_url":"https:\/\/keys-for-auto.eu\/sv\/product\/key-production-for-ssangyong-cars\/","og_site_name":"Keys for auto","article_publisher":"https:\/\/www.facebook.com\/KeysForAutoEU","og_image":[{"width":500,"height":476,"url":"https:\/\/keys-for-auto.eu\/wp-content\/uploads\/2022\/12\/SsangYong_logo_symbol_logotype_emblem-removebg-preview.png","type":"image\/png"}],"twitter_card":"summary_large_image","twitter_misc":{"Ber\u00e4knad l\u00e4stid":"2 minuter"},"schema":{"@context":"https:\/\/schema.org","@graph":[{"@type":["WebPage","ItemPage"],"@id":"https:\/\/keys-for-auto.eu\/sv\/product\/key-production-for-ssangyong-cars\/","url":"https:\/\/keys-for-auto.eu\/sv\/product\/key-production-for-ssangyong-cars\/","name":"Nyckelproduktion f\u00f6r SsangYong-bilar - Keys for auto% %%sidnamn","isPartOf":{"@id":"https:\/\/keys-for-auto.eu\/sv\/#website"},"primaryImageOfPage":{"@id":"https:\/\/keys-for-auto.eu\/sv\/product\/key-production-for-ssangyong-cars\/#primaryimage"},"image":{"@id":"https:\/\/keys-for-auto.eu\/sv\/product\/key-production-for-ssangyong-cars\/#primaryimage"},"thumbnailUrl":"https:\/\/keys-for-auto.eu\/wp-content\/uploads\/2022\/12\/SsangYong_logo_symbol_logotype_emblem-removebg-preview.png","datePublished":"2018-05-07T15:50:43+00:00","breadcrumb":{"@id":"https:\/\/keys-for-auto.eu\/sv\/product\/key-production-for-ssangyong-cars\/#breadcrumb"},"inLanguage":"sv-SE","potentialAction":[{"@type":"ReadAction","target":["https:\/\/keys-for-auto.eu\/sv\/product\/key-production-for-ssangyong-cars\/"]}]},{"@type":"ImageObject","inLanguage":"sv-SE","@id":"https:\/\/keys-for-auto.eu\/sv\/product\/key-production-for-ssangyong-cars\/#primaryimage","url":"https:\/\/keys-for-auto.eu\/wp-content\/uploads\/2022\/12\/SsangYong_logo_symbol_logotype_emblem-removebg-preview.png","contentUrl":"https:\/\/keys-for-auto.eu\/wp-content\/uploads\/2022\/12\/SsangYong_logo_symbol_logotype_emblem-removebg-preview.png","width":500,"height":476},{"@type":"BreadcrumbList","@id":"https:\/\/keys-for-auto.eu\/sv\/product\/key-production-for-ssangyong-cars\/#breadcrumb","itemListElement":[{"@type":"ListItem","position":1,"name":"Hem","item":"https:\/\/keys-for-auto.eu\/sv\/"},{"@type":"ListItem","position":2,"name":"Shop","item":"https:\/\/keys-for-auto.eu\/"},{"@type":"ListItem","position":3,"name":"Nyckelproduktion f\u00f6r SsangYong-bilar"}]},{"@type":"WebSite","@id":"https:\/\/keys-for-auto.eu\/sv\/#website","url":"https:\/\/keys-for-auto.eu\/sv\/","name":"Keys for auto","description":"Car keys,  key shells, key programming","publisher":{"@id":"https:\/\/keys-for-auto.eu\/sv\/#organization"},"potentialAction":[{"@type":"SearchAction","target":{"@type":"EntryPoint","urlTemplate":"https:\/\/keys-for-auto.eu\/sv\/?s={search_term_string}"},"query-input":{"@type":"PropertyValueSpecification","valueRequired":true,"valueName":"search_term_string"}}],"inLanguage":"sv-SE"},{"@type":"Organization","@id":"https:\/\/keys-for-auto.eu\/sv\/#organization","name":"Nycklar f\u00f6r bil","url":"https:\/\/keys-for-auto.eu\/sv\/","logo":{"@type":"ImageObject","inLanguage":"sv-SE","@id":"https:\/\/keys-for-auto.eu\/sv\/#\/schema\/logo\/image\/","url":"https:\/\/keys-for-auto.eu\/wp-content\/uploads\/2022\/11\/cropped-png1.png","contentUrl":"https:\/\/keys-for-auto.eu\/wp-content\/uploads\/2022\/11\/cropped-png1.png","width":1000,"height":342,"caption":"Nycklar f\u00f6r bil"},"image":{"@id":"https:\/\/keys-for-auto.eu\/sv\/#\/schema\/logo\/image\/"},"sameAs":["https:\/\/www.facebook.com\/KeysForAutoEU"]}]}},"_links":{"self":[{"href":"https:\/\/keys-for-auto.eu\/sv\/wp-json\/wp\/v2\/product\/22494","targetHints":{"allow":["GET"]}}],"collection":[{"href":"https:\/\/keys-for-auto.eu\/sv\/wp-json\/wp\/v2\/product"}],"about":[{"href":"https:\/\/keys-for-auto.eu\/sv\/wp-json\/wp\/v2\/types\/product"}],"replies":[{"embeddable":true,"href":"https:\/\/keys-for-auto.eu\/sv\/wp-json\/wp\/v2\/comments?post=22494"}],"wp:featuredmedia":[{"embeddable":true,"href":"https:\/\/keys-for-auto.eu\/sv\/wp-json\/wp\/v2\/media\/21312"}],"wp:attachment":[{"href":"https:\/\/keys-for-auto.eu\/sv\/wp-json\/wp\/v2\/media?parent=22494"}],"wp:term":[{"taxonomy":"product_brand","embeddable":true,"href":"https:\/\/keys-for-auto.eu\/sv\/wp-json\/wp\/v2\/product_brand?post=22494"},{"taxonomy":"product_cat","embeddable":true,"href":"https:\/\/keys-for-auto.eu\/sv\/wp-json\/wp\/v2\/product_cat?post=22494"},{"taxonomy":"product_tag","embeddable":true,"href":"https:\/\/keys-for-auto.eu\/sv\/wp-json\/wp\/v2\/product_tag?post=22494"}],"curies":[{"name":"wp","href":"https:\/\/api.w.org\/{rel}","templated":true}]}}