{"id":22455,"date":"2017-12-03T21:27:04","date_gmt":"2017-12-03T21:27:04","guid":{"rendered":"https:\/\/keys-for-auto.eu\/product\/nyckelproduktion-for-subaru-bilar\/"},"modified":"2023-02-20T19:33:03","modified_gmt":"2023-02-20T19:33:03","slug":"nyckelproduktion-for-subaru-bilar","status":"publish","type":"product","link":"https:\/\/keys-for-auto.eu\/sv\/product\/nyckelproduktion-for-subaru-bilar\/","title":{"rendered":"Nyckelproduktion f\u00f6r Subaru-bilar"},"content":{"rendered":"<h2>Tillverkning av Subaru-nycklar<\/h2>\n<p>Du kan v\u00e4nda dig till en specialist f\u00f6r att g\u00f6ra en kopia av bilnyckeln om nyckeln har g\u00e5tt s\u00f6nder, slits ut, f\u00f6rsvunnit eller stulits. En yrkesman kan hj\u00e4lpa till i h\u00e4ndelse av en l\u00e5sning. En av f\u00f6ljande typer av material kan anv\u00e4ndas f\u00f6r att tillverka bladet p\u00e5 vilket det unika m\u00f6nstret skapas med hj\u00e4lp av en verktygsmaskin:<\/p>\n<p>st\u00e5l (duplikat slits med tiden och m\u00e5ste bytas ut);<\/p>\n<p>m\u00e4ssing (nycklar av m\u00e4ssing anses vara m\u00e5ngsidiga och ha l\u00e5ng livsl\u00e4ngd);<\/p>\n<p>silver-nickellegering (en s\u00e5dan produkt \u00e4r ganska dyr men har en utm\u00e4rkt livsl\u00e4ngd).<\/p>\n<h2>Alternativ f\u00f6r att g\u00f6ra dubbla Subaru-nycklar<\/h2>\n<p>N\u00e4r bladet har tillverkats programmeras Subaru startsp\u00e4rrchipet av en specialist. Beroende p\u00e5 situationens s\u00e4rdrag v\u00e4ljer man ett av tre m\u00f6jliga s\u00e4tt att genomf\u00f6ra detta f\u00f6rfarande:<\/p>\n<p>via diagnostikkontakterna (vanligtvis OBD2);<\/p>\n<p>via startsp\u00e4rrens arbetsminne;<\/p>\n<p>med hj\u00e4lp av chipkopiering.<\/p>\n<p>Beroende p\u00e5 fordonsmodell och tillverknings\u00e5r ska programmering fr\u00e5n startsp\u00e4rrens arbetsminne utf\u00f6ras om det finns, liksom om det finns en BCM eller en ECU, instrumentbr\u00e4da eller antenn. Fordonet m\u00e5ste \u00f6verl\u00e4mnas vid uppl\u00e5sning av fordonet och om programmeringen av startsp\u00e4rrchipet utf\u00f6rs via OBD2, eftersom s\u00e4rskilda enheter m\u00e5ste anslutas.<\/p>\n<p>Ofta kr\u00e4vs en huvudnyckel f\u00f6r att skapa en kopia av nyckeln\/chipet, men beroende p\u00e5 modell och tillverknings\u00e5r kan \u00e4ven sj\u00e4lva bilen beh\u00f6vas. Vid behov tillverkar en specialist en Subaru-nyckel som passar till l\u00e5set. Reproduktionen \u00e4r baserad p\u00e5 l\u00e5sets k\u00e4rna, som inneh\u00e5ller m\u00e5nga hemliga element. Du kan allts\u00e5 best\u00e4lla en st\u00e5lnyckel (ett billigt och m\u00e5ngsidigt alternativ), en kopia i ett plastfodral (bekv\u00e4mt att anv\u00e4nda, men den \u00f6vre delen slits med tiden), en nyckel med ett smartkort. Den sista typen av Subaru-nyckel anses vara relativt ny &#8211; den anv\u00e4nds endast p\u00e5 modeller med ett s\u00e4rskilt s\u00e4kerhetssystem.<\/p>\n","protected":false},"excerpt":{"rendered":"<h2>Vi tillverkar och programmerar nycklar f\u00f6r Subaru-bilar.<\/h2>\n<ul>\n<li>Tillverkning av Subaru-nycklar<\/li>\n<li>Programmering av Subaru-nycklar<\/li>\n<li>Reparation av Subaru-nycklar<\/li>\n<li>Subarus viktigaste organ<\/li>\n<li>N\u00f6duppl\u00e5sning av Subaru-bilar i n\u00f6dsituationer<\/li>\n<\/ul>\n<h3><strong>Tillverkning av bilnycklar<\/strong><\/h3>\n<ul>\n<li><strong>Tillverkning av nya bilnycklar, programmering av nycklar (&#8221;bindning&#8221; till bilen)<\/strong><\/li>\n<li><strong>Radera tidigare f\u00f6rlorade nycklar fr\u00e5n bilens minne<\/strong><\/li>\n<li><strong>Tillverkning av t\u00e4ndningsnyckeln enligt l\u00e5set<\/strong><\/li>\n<li><strong>Reparation av bilnycklar (byte av knappar, skal, mekanismer)<\/strong><\/li>\n<li><strong>Uppl\u00e5sning av bil i n\u00f6dsituationer<\/strong><\/li>\n<li><strong>Byte av nycklar, nyckelfodral<\/strong><\/li>\n<li><strong>Avst\u00e4ngning av DPF- och FAP-programvaran<\/strong><\/li>\n<li><strong>Programbaserat avl\u00e4gsnande av EGR<\/strong><\/li>\n<li><strong>Avaktivering av startsp\u00e4rrprogramvaran (immo Off)<\/strong><\/li>\n<li><strong>Reparation, kloning och programmering av motorstyrenhet (ECU)<\/strong><\/li>\n<li><strong>SRS (Programmering av styrenhet f\u00f6r krockkuddar)<\/strong><\/li>\n<\/ul>\n<h4><strong>  artiklar skickas inom 3 arbetsdagar.*<\/strong><\/h4>\n","protected":false},"featured_media":21304,"comment_status":"open","ping_status":"closed","template":"","meta":[],"product_brand":[],"product_cat":[5009,5810],"product_tag":[6028,6034,5702,5010,5011,6037,5705,5013,5035,5015,5034,6039,5712,5036,5709],"class_list":{"0":"post-22455","1":"product","2":"type-product","3":"status-publish","4":"has-post-thumbnail","6":"product_cat-subaru-sv","7":"product_cat-tillverkning-av-nycklar","8":"product_tag-subaru-sv","9":"product_tag-subaru-forester-sv","10":"product_tag-subaru-forester-nyckel","11":"product_tag-subaru-forester-nyckelskal","12":"product_tag-subaru-impreza-nyckelskal","13":"product_tag-subaru-legacy-sv","14":"product_tag-subaru-legacy-nyckel","15":"product_tag-subaru-legacy-nyckelskal","16":"product_tag-subaru-nyckel-forester-skal","17":"product_tag-subaru-nyckelskal","18":"product_tag-subaru-outback-nyckelskal","19":"product_tag-subaru-tribeca-sv","20":"product_tag-subaru-tribeca-nyckel","21":"product_tag-subaru-tribeca-nyckelskal","22":"product_tag-subaru-nyckel","24":"first","25":"instock","26":"shipping-taxable","27":"product-type-simple"},"yoast_head":"<!-- This site is optimized with the Yoast SEO plugin v27.6 - https:\/\/yoast.com\/product\/yoast-seo-wordpress\/ -->\n<title>Nyckelproduktion f\u00f6r Subaru-bilar - Keys for auto% %%sidnamn<\/title>\n<meta name=\"robots\" content=\"index, follow, max-snippet:-1, max-image-preview:large, max-video-preview:-1\" \/>\n<link rel=\"canonical\" href=\"https:\/\/keys-for-auto.eu\/sv\/product\/nyckelproduktion-for-subaru-bilar\/\" \/>\n<meta property=\"og:locale\" content=\"sv_SE\" \/>\n<meta property=\"og:type\" content=\"article\" \/>\n<meta property=\"og:title\" content=\"Nyckelproduktion f\u00f6r Subaru-bilar - Keys for auto% %%sidnamn\" \/>\n<meta property=\"og:description\" content=\"Vi tillverkar och programmerar nycklar f\u00f6r Subaru-bilar.  Tillverkning av Subaru-nycklar  Programmering av Subaru-nycklar  Reparation av Subaru-nycklar  Subarus viktigaste organ  N\u00f6duppl\u00e5sning av Subaru-bilar i n\u00f6dsituationer Tillverkning av bilnycklar  Tillverkning av nya bilnycklar, programmering av nycklar (&quot;bindning&quot; till bilen)  Radera tidigare f\u00f6rlorade nycklar fr\u00e5n bilens minne  Tillverkning av t\u00e4ndningsnyckeln enligt l\u00e5set  Reparation av bilnycklar (byte av knappar, skal, mekanismer)  Uppl\u00e5sning av bil i n\u00f6dsituationer  Byte av nycklar, nyckelfodral  Avst\u00e4ngning av DPF- och FAP-programvaran  Programbaserat avl\u00e4gsnande av EGR  Avaktivering av startsp\u00e4rrprogramvaran (immo Off)  Reparation, kloning och programmering av motorstyrenhet (ECU)  SRS (Programmering av styrenhet f\u00f6r krockkuddar)  artiklar skickas inom 3 arbetsdagar.*\" \/>\n<meta property=\"og:url\" content=\"https:\/\/keys-for-auto.eu\/sv\/product\/nyckelproduktion-for-subaru-bilar\/\" \/>\n<meta property=\"og:site_name\" content=\"Keys for auto\" \/>\n<meta property=\"article:publisher\" content=\"https:\/\/www.facebook.com\/KeysForAutoEU\" \/>\n<meta property=\"article:modified_time\" content=\"2023-02-20T19:33:03+00:00\" \/>\n<meta property=\"og:image\" content=\"https:\/\/keys-for-auto.eu\/wp-content\/uploads\/2022\/12\/admin-ajax-removebg-preview-2-1.png\" \/>\n\t<meta property=\"og:image:width\" content=\"400\" \/>\n\t<meta property=\"og:image:height\" content=\"398\" \/>\n\t<meta property=\"og:image:type\" content=\"image\/png\" \/>\n<meta name=\"twitter:card\" content=\"summary_large_image\" \/>\n<meta name=\"twitter:label1\" content=\"Ber\u00e4knad l\u00e4stid\" \/>\n\t<meta name=\"twitter:data1\" content=\"2 minuter\" \/>\n<script type=\"application\/ld+json\" class=\"yoast-schema-graph\">{\"@context\":\"https:\\\/\\\/schema.org\",\"@graph\":[{\"@type\":[\"WebPage\",\"ItemPage\"],\"@id\":\"https:\\\/\\\/keys-for-auto.eu\\\/sv\\\/product\\\/nyckelproduktion-for-subaru-bilar\\\/\",\"url\":\"https:\\\/\\\/keys-for-auto.eu\\\/sv\\\/product\\\/nyckelproduktion-for-subaru-bilar\\\/\",\"name\":\"Nyckelproduktion f\u00f6r Subaru-bilar - Keys for auto% %%sidnamn\",\"isPartOf\":{\"@id\":\"https:\\\/\\\/keys-for-auto.eu\\\/sv\\\/#website\"},\"primaryImageOfPage\":{\"@id\":\"https:\\\/\\\/keys-for-auto.eu\\\/sv\\\/product\\\/nyckelproduktion-for-subaru-bilar\\\/#primaryimage\"},\"image\":{\"@id\":\"https:\\\/\\\/keys-for-auto.eu\\\/sv\\\/product\\\/nyckelproduktion-for-subaru-bilar\\\/#primaryimage\"},\"thumbnailUrl\":\"https:\\\/\\\/keys-for-auto.eu\\\/wp-content\\\/uploads\\\/2022\\\/12\\\/admin-ajax-removebg-preview-2-1.png\",\"datePublished\":\"2017-12-03T21:27:04+00:00\",\"dateModified\":\"2023-02-20T19:33:03+00:00\",\"breadcrumb\":{\"@id\":\"https:\\\/\\\/keys-for-auto.eu\\\/sv\\\/product\\\/nyckelproduktion-for-subaru-bilar\\\/#breadcrumb\"},\"inLanguage\":\"sv-SE\",\"potentialAction\":[{\"@type\":\"ReadAction\",\"target\":[\"https:\\\/\\\/keys-for-auto.eu\\\/sv\\\/product\\\/nyckelproduktion-for-subaru-bilar\\\/\"]}]},{\"@type\":\"ImageObject\",\"inLanguage\":\"sv-SE\",\"@id\":\"https:\\\/\\\/keys-for-auto.eu\\\/sv\\\/product\\\/nyckelproduktion-for-subaru-bilar\\\/#primaryimage\",\"url\":\"https:\\\/\\\/keys-for-auto.eu\\\/wp-content\\\/uploads\\\/2022\\\/12\\\/admin-ajax-removebg-preview-2-1.png\",\"contentUrl\":\"https:\\\/\\\/keys-for-auto.eu\\\/wp-content\\\/uploads\\\/2022\\\/12\\\/admin-ajax-removebg-preview-2-1.png\",\"width\":400,\"height\":398},{\"@type\":\"BreadcrumbList\",\"@id\":\"https:\\\/\\\/keys-for-auto.eu\\\/sv\\\/product\\\/nyckelproduktion-for-subaru-bilar\\\/#breadcrumb\",\"itemListElement\":[{\"@type\":\"ListItem\",\"position\":1,\"name\":\"Hem\",\"item\":\"https:\\\/\\\/keys-for-auto.eu\\\/sv\\\/\"},{\"@type\":\"ListItem\",\"position\":2,\"name\":\"Shop\",\"item\":\"https:\\\/\\\/keys-for-auto.eu\\\/\"},{\"@type\":\"ListItem\",\"position\":3,\"name\":\"Nyckelproduktion f\u00f6r Subaru-bilar\"}]},{\"@type\":\"WebSite\",\"@id\":\"https:\\\/\\\/keys-for-auto.eu\\\/sv\\\/#website\",\"url\":\"https:\\\/\\\/keys-for-auto.eu\\\/sv\\\/\",\"name\":\"Keys for auto\",\"description\":\"Car keys,  key shells, key programming\",\"publisher\":{\"@id\":\"https:\\\/\\\/keys-for-auto.eu\\\/sv\\\/#organization\"},\"potentialAction\":[{\"@type\":\"SearchAction\",\"target\":{\"@type\":\"EntryPoint\",\"urlTemplate\":\"https:\\\/\\\/keys-for-auto.eu\\\/sv\\\/?s={search_term_string}\"},\"query-input\":{\"@type\":\"PropertyValueSpecification\",\"valueRequired\":true,\"valueName\":\"search_term_string\"}}],\"inLanguage\":\"sv-SE\"},{\"@type\":\"Organization\",\"@id\":\"https:\\\/\\\/keys-for-auto.eu\\\/sv\\\/#organization\",\"name\":\"Nycklar f\u00f6r bil\",\"url\":\"https:\\\/\\\/keys-for-auto.eu\\\/sv\\\/\",\"logo\":{\"@type\":\"ImageObject\",\"inLanguage\":\"sv-SE\",\"@id\":\"https:\\\/\\\/keys-for-auto.eu\\\/sv\\\/#\\\/schema\\\/logo\\\/image\\\/\",\"url\":\"https:\\\/\\\/keys-for-auto.eu\\\/wp-content\\\/uploads\\\/2022\\\/11\\\/cropped-png1.png\",\"contentUrl\":\"https:\\\/\\\/keys-for-auto.eu\\\/wp-content\\\/uploads\\\/2022\\\/11\\\/cropped-png1.png\",\"width\":1000,\"height\":342,\"caption\":\"Nycklar f\u00f6r bil\"},\"image\":{\"@id\":\"https:\\\/\\\/keys-for-auto.eu\\\/sv\\\/#\\\/schema\\\/logo\\\/image\\\/\"},\"sameAs\":[\"https:\\\/\\\/www.facebook.com\\\/KeysForAutoEU\"]}]}<\/script>\n<!-- \/ Yoast SEO plugin. -->","yoast_head_json":{"title":"Nyckelproduktion f\u00f6r Subaru-bilar - Keys for auto% %%sidnamn","robots":{"index":"index","follow":"follow","max-snippet":"max-snippet:-1","max-image-preview":"max-image-preview:large","max-video-preview":"max-video-preview:-1"},"canonical":"https:\/\/keys-for-auto.eu\/sv\/product\/nyckelproduktion-for-subaru-bilar\/","og_locale":"sv_SE","og_type":"article","og_title":"Nyckelproduktion f\u00f6r Subaru-bilar - Keys for auto% %%sidnamn","og_description":"Vi tillverkar och programmerar nycklar f\u00f6r Subaru-bilar.  Tillverkning av Subaru-nycklar  Programmering av Subaru-nycklar  Reparation av Subaru-nycklar  Subarus viktigaste organ  N\u00f6duppl\u00e5sning av Subaru-bilar i n\u00f6dsituationer Tillverkning av bilnycklar  Tillverkning av nya bilnycklar, programmering av nycklar (\"bindning\" till bilen)  Radera tidigare f\u00f6rlorade nycklar fr\u00e5n bilens minne  Tillverkning av t\u00e4ndningsnyckeln enligt l\u00e5set  Reparation av bilnycklar (byte av knappar, skal, mekanismer)  Uppl\u00e5sning av bil i n\u00f6dsituationer  Byte av nycklar, nyckelfodral  Avst\u00e4ngning av DPF- och FAP-programvaran  Programbaserat avl\u00e4gsnande av EGR  Avaktivering av startsp\u00e4rrprogramvaran (immo Off)  Reparation, kloning och programmering av motorstyrenhet (ECU)  SRS (Programmering av styrenhet f\u00f6r krockkuddar)  artiklar skickas inom 3 arbetsdagar.*","og_url":"https:\/\/keys-for-auto.eu\/sv\/product\/nyckelproduktion-for-subaru-bilar\/","og_site_name":"Keys for auto","article_publisher":"https:\/\/www.facebook.com\/KeysForAutoEU","article_modified_time":"2023-02-20T19:33:03+00:00","og_image":[{"width":400,"height":398,"url":"https:\/\/keys-for-auto.eu\/wp-content\/uploads\/2022\/12\/admin-ajax-removebg-preview-2-1.png","type":"image\/png"}],"twitter_card":"summary_large_image","twitter_misc":{"Ber\u00e4knad l\u00e4stid":"2 minuter"},"schema":{"@context":"https:\/\/schema.org","@graph":[{"@type":["WebPage","ItemPage"],"@id":"https:\/\/keys-for-auto.eu\/sv\/product\/nyckelproduktion-for-subaru-bilar\/","url":"https:\/\/keys-for-auto.eu\/sv\/product\/nyckelproduktion-for-subaru-bilar\/","name":"Nyckelproduktion f\u00f6r Subaru-bilar - Keys for auto% %%sidnamn","isPartOf":{"@id":"https:\/\/keys-for-auto.eu\/sv\/#website"},"primaryImageOfPage":{"@id":"https:\/\/keys-for-auto.eu\/sv\/product\/nyckelproduktion-for-subaru-bilar\/#primaryimage"},"image":{"@id":"https:\/\/keys-for-auto.eu\/sv\/product\/nyckelproduktion-for-subaru-bilar\/#primaryimage"},"thumbnailUrl":"https:\/\/keys-for-auto.eu\/wp-content\/uploads\/2022\/12\/admin-ajax-removebg-preview-2-1.png","datePublished":"2017-12-03T21:27:04+00:00","dateModified":"2023-02-20T19:33:03+00:00","breadcrumb":{"@id":"https:\/\/keys-for-auto.eu\/sv\/product\/nyckelproduktion-for-subaru-bilar\/#breadcrumb"},"inLanguage":"sv-SE","potentialAction":[{"@type":"ReadAction","target":["https:\/\/keys-for-auto.eu\/sv\/product\/nyckelproduktion-for-subaru-bilar\/"]}]},{"@type":"ImageObject","inLanguage":"sv-SE","@id":"https:\/\/keys-for-auto.eu\/sv\/product\/nyckelproduktion-for-subaru-bilar\/#primaryimage","url":"https:\/\/keys-for-auto.eu\/wp-content\/uploads\/2022\/12\/admin-ajax-removebg-preview-2-1.png","contentUrl":"https:\/\/keys-for-auto.eu\/wp-content\/uploads\/2022\/12\/admin-ajax-removebg-preview-2-1.png","width":400,"height":398},{"@type":"BreadcrumbList","@id":"https:\/\/keys-for-auto.eu\/sv\/product\/nyckelproduktion-for-subaru-bilar\/#breadcrumb","itemListElement":[{"@type":"ListItem","position":1,"name":"Hem","item":"https:\/\/keys-for-auto.eu\/sv\/"},{"@type":"ListItem","position":2,"name":"Shop","item":"https:\/\/keys-for-auto.eu\/"},{"@type":"ListItem","position":3,"name":"Nyckelproduktion f\u00f6r Subaru-bilar"}]},{"@type":"WebSite","@id":"https:\/\/keys-for-auto.eu\/sv\/#website","url":"https:\/\/keys-for-auto.eu\/sv\/","name":"Keys for auto","description":"Car keys,  key shells, key programming","publisher":{"@id":"https:\/\/keys-for-auto.eu\/sv\/#organization"},"potentialAction":[{"@type":"SearchAction","target":{"@type":"EntryPoint","urlTemplate":"https:\/\/keys-for-auto.eu\/sv\/?s={search_term_string}"},"query-input":{"@type":"PropertyValueSpecification","valueRequired":true,"valueName":"search_term_string"}}],"inLanguage":"sv-SE"},{"@type":"Organization","@id":"https:\/\/keys-for-auto.eu\/sv\/#organization","name":"Nycklar f\u00f6r bil","url":"https:\/\/keys-for-auto.eu\/sv\/","logo":{"@type":"ImageObject","inLanguage":"sv-SE","@id":"https:\/\/keys-for-auto.eu\/sv\/#\/schema\/logo\/image\/","url":"https:\/\/keys-for-auto.eu\/wp-content\/uploads\/2022\/11\/cropped-png1.png","contentUrl":"https:\/\/keys-for-auto.eu\/wp-content\/uploads\/2022\/11\/cropped-png1.png","width":1000,"height":342,"caption":"Nycklar f\u00f6r bil"},"image":{"@id":"https:\/\/keys-for-auto.eu\/sv\/#\/schema\/logo\/image\/"},"sameAs":["https:\/\/www.facebook.com\/KeysForAutoEU"]}]}},"_links":{"self":[{"href":"https:\/\/keys-for-auto.eu\/sv\/wp-json\/wp\/v2\/product\/22455","targetHints":{"allow":["GET"]}}],"collection":[{"href":"https:\/\/keys-for-auto.eu\/sv\/wp-json\/wp\/v2\/product"}],"about":[{"href":"https:\/\/keys-for-auto.eu\/sv\/wp-json\/wp\/v2\/types\/product"}],"replies":[{"embeddable":true,"href":"https:\/\/keys-for-auto.eu\/sv\/wp-json\/wp\/v2\/comments?post=22455"}],"wp:featuredmedia":[{"embeddable":true,"href":"https:\/\/keys-for-auto.eu\/sv\/wp-json\/wp\/v2\/media\/21304"}],"wp:attachment":[{"href":"https:\/\/keys-for-auto.eu\/sv\/wp-json\/wp\/v2\/media?parent=22455"}],"wp:term":[{"taxonomy":"product_brand","embeddable":true,"href":"https:\/\/keys-for-auto.eu\/sv\/wp-json\/wp\/v2\/product_brand?post=22455"},{"taxonomy":"product_cat","embeddable":true,"href":"https:\/\/keys-for-auto.eu\/sv\/wp-json\/wp\/v2\/product_cat?post=22455"},{"taxonomy":"product_tag","embeddable":true,"href":"https:\/\/keys-for-auto.eu\/sv\/wp-json\/wp\/v2\/product_tag?post=22455"}],"curies":[{"name":"wp","href":"https:\/\/api.w.org\/{rel}","templated":true}]}}