{"id":22439,"date":"2017-12-03T16:27:09","date_gmt":"2017-12-03T16:27:09","guid":{"rendered":"https:\/\/keys-for-auto.eu\/product\/tillverkning-av-nycklar-till-mazda-bilar\/"},"modified":"2017-12-03T16:27:09","modified_gmt":"2017-12-03T16:27:09","slug":"produktion-av-nycklar-formazda-bilar","status":"publish","type":"product","link":"https:\/\/keys-for-auto.eu\/sv\/product\/produktion-av-nycklar-formazda-bilar\/","title":{"rendered":"Tillverkning av nycklar till Mazda-bilar"},"content":{"rendered":"<h3>Tillverkning av Mazda-nycklar<\/h3>\n<p>&#8221;Mazda-nyckeln var en av de f\u00f6rsta nycklarna som hade ett chip med en unik kryptering i karossen f\u00f6r att f\u00f6rb\u00e4ttra bils\u00e4kerheten. De flesta moderna Mazda-bilar har en smart nyckel f\u00f6r att l\u00e5sa upp bilen och aktivera motorn. Att f\u00f6rlora nyckeln orsakar ett antal problem som ibland f\u00f6rv\u00e4rrar varandra. F\u00f6rutom att \u00e4garen inte kan anv\u00e4nda sin bil \u00e4r det mycket troligt att en obeh\u00f6rig person anv\u00e4nder den f\u00f6rlorade nyckeln f\u00f6r att stj\u00e4la bilen. Om nyckeln har f\u00f6rsvunnit, bladet har slitits ut eller nyckeln har g\u00e5tt s\u00f6nder m\u00e5ste du k\u00f6pa en duplikatnyckel, som kan tillverkas av en hantverksm\u00e4stare p\u00e5 n\u00e5gra minuter.<\/p>\n<p>Specifika uppgifter om kopieringsf\u00f6rfarandet<\/p>\n<p>F\u00f6r att kunden ska f\u00e5 ett kvalitetsdubblett m\u00e5ste bef\u00e4lhavaren vidta f\u00f6ljande \u00e5tg\u00e4rder:<\/p>\n<p>v\u00e4lja ett l\u00e4mpligt fodral;<\/p>\n<p>programmera chipet;<\/p>\n<p>Tillverka nyckelbladet.<\/p>\n<p>Teknikern anv\u00e4nder professionella verktygsmaskiner f\u00f6r att skapa det unika m\u00f6nstret p\u00e5 nyckelbladet. Med hj\u00e4lp av l\u00e4mplig programvara kan de n\u00f6dv\u00e4ndiga maskinparametrarna st\u00e4llas in och produkten tillverkas i full \u00f6verensst\u00e4mmelse med kraven. Eftersom \u00e4garen f\u00e5r tv\u00e5 upps\u00e4ttningar nycklar n\u00e4r han k\u00f6per en Mazda, \u00e4r det m\u00f6jligt att skapa en kopia av m\u00f6nstret p\u00e5 bladet p\u00e5 den andra nyckeln om en av dem f\u00f6rsvinner. I sv\u00e5ra fall \u00e5terskapas duplikatet av l\u00e5set, vilket kr\u00e4ver att fordonet befinner sig i verkstaden.<\/p>\n<p>En specialist kan g\u00f6ra en kopia f\u00f6r vilken bil som helst i Mazda-modellprogrammet, oavsett hur komplicerad den \u00e4r:<\/p>\n<p>standard;<\/p>\n<p>smart nyckel;<\/p>\n<p>vikning med knappar.<\/p>\n<p>&#8221;F\u00f6r att skapa en duplikat Mazda-bil m\u00e5ste den \u00e5terst\u00e5ende andra nyckeln i setet programmeras om. Detta f\u00f6rfarande utf\u00f6rs f\u00f6r att eliminera risken f\u00f6r att en obeh\u00f6rig person ska f\u00e5 tillg\u00e5ng till den f\u00f6rlorade nyckeln. Tack vare omprogrammeringen kommer fordonet inte att reagera p\u00e5 kommandon fr\u00e5n det gamla programmet. Inmatning av nya uppgifter och radering av tidigare uppgifter kan ske p\u00e5 olika s\u00e4tt, beroende p\u00e5 situationens s\u00e4rdrag. Det \u00e4r upp till en kvalificerad yrkesman att avg\u00f6ra vilken omprogrammeringsmetod man ska v\u00e4lja.<\/p>\n","protected":false},"excerpt":{"rendered":"<h3>Vi tillverkar och programmerar nycklar, elektroniska (smarta) nycklar f\u00f6r Mazda-bilar.<\/h3>\n<ul>\n<li>\n<h3>Tillverkning av Mazda-nycklar<\/h3>\n<\/li>\n<li>\n<h3>Programmering av Mazda-nycklar<\/h3>\n<\/li>\n<li>\n<h3>Reparation av Mazda nyckel<\/h3>\n<\/li>\n<li>\n<h3>Mazda key cases<\/h3>\n<\/li>\n<li>\n<h3>Produktion och programmering av Mazda-nycklar<\/h3>\n<\/li>\n<li>\n<h3>N\u00f6dl\u00e5sning av Mazda-bilar<\/h3>\n<\/li>\n<\/ul>\n<h3><strong>Tillverkning av bilnycklar<\/strong><\/h3>\n<ul>\n<li><strong>Tillverkning av nya bilnycklar, programmering av nycklar (&#8221;bindning&#8221; till bilen)<\/strong><\/li>\n<li><strong>Radera tidigare f\u00f6rlorade nycklar fr\u00e5n bilens minne<\/strong><\/li>\n<li><strong>Tillverkning av t\u00e4ndningsnyckeln enligt l\u00e5set<\/strong><\/li>\n<li><strong>Reparation av bilnycklar (byte av knappar, skal, mekanismer)<\/strong><\/li>\n<li><strong>Uppl\u00e5sning av bil i n\u00f6dsituationer<\/strong><\/li>\n<li><strong>Byte av nycklar, nyckelfodral<\/strong><\/li>\n<li><strong>Avst\u00e4ngning av DPF- och FAP-programvaran<\/strong><\/li>\n<li><strong>Programbaserat avl\u00e4gsnande av EGR<\/strong><\/li>\n<li><strong>Avaktivering av startsp\u00e4rrprogramvaran (immo Off)<\/strong><\/li>\n<li><strong>Reparation, kloning och programmering av motorstyrenhet (ECU)<\/strong><\/li>\n<li><strong>SRS (Programmering av styrenhet f\u00f6r krockkuddar)<\/strong><\/li>\n<\/ul>\n<h4><strong>  artiklar skickas inom 3 arbetsdagar.*<\/strong><\/h4>\n<p>&nbsp;<\/p>\n<p>&nbsp;<\/p>\n<p>&nbsp;<\/p>\n<p>&nbsp;<\/p>\n","protected":false},"featured_media":21264,"comment_status":"open","ping_status":"closed","template":"","meta":[],"product_brand":[],"product_cat":[4526,5810],"product_tag":[4536,5468,4539,5472,4692,5494,4542,4698,5475,4545,4529,5496,4672,4633,4547,5455],"class_list":{"0":"post-22439","1":"product","2":"type-product","3":"status-publish","4":"has-post-thumbnail","6":"product_cat-mazda-sv","7":"product_cat-tillverkning-av-nycklar","8":"product_tag-mazda-2-nyckelskal","9":"product_tag-mazda-3-nyckel","10":"product_tag-mazda-3-nyckelskal","11":"product_tag-mazda-5-nyckel","12":"product_tag-mazda-5-nyckelskal","13":"product_tag-mazda-6-nyckel","14":"product_tag-mazda-6-nyckelskal","15":"product_tag-mazda-cx5-nyckelskal","16":"product_tag-mazda-mx5-nyckel","17":"product_tag-mazda-mx5-nyckelskal","18":"product_tag-mazda-nyckelskal","19":"product_tag-mazda-premacy-nyckel","20":"product_tag-mazda-primacy-nyckelskal","21":"product_tag-mazda-rx8-nyckel-mx5-skal","22":"product_tag-mazda-rx8-nyckelskal","23":"product_tag-mazda-nyckel","25":"first","26":"instock","27":"shipping-taxable","28":"product-type-simple"},"yoast_head":"<!-- This site is optimized with the Yoast SEO plugin v27.3 - https:\/\/yoast.com\/product\/yoast-seo-wordpress\/ -->\n<title>Tillverkning av nycklar till Mazda-bilar - Keys for auto% %%sidnamn<\/title>\n<meta name=\"robots\" content=\"index, follow, max-snippet:-1, max-image-preview:large, max-video-preview:-1\" \/>\n<link rel=\"canonical\" href=\"https:\/\/keys-for-auto.eu\/sv\/product\/produktion-av-nycklar-formazda-bilar\/\" \/>\n<meta property=\"og:locale\" content=\"sv_SE\" \/>\n<meta property=\"og:type\" content=\"article\" \/>\n<meta property=\"og:title\" content=\"Tillverkning av nycklar till Mazda-bilar - Keys for auto% %%sidnamn\" \/>\n<meta property=\"og:description\" content=\"Vi tillverkar och programmerar nycklar, elektroniska (smarta) nycklar f\u00f6r Mazda-bilar.   Tillverkning av Mazda-nycklar   Programmering av Mazda-nycklar   Reparation av Mazda nyckel   Mazda key cases   Produktion och programmering av Mazda-nycklar   N\u00f6dl\u00e5sning av Mazda-bilar  Tillverkning av bilnycklar  Tillverkning av nya bilnycklar, programmering av nycklar (&quot;bindning&quot; till bilen)  Radera tidigare f\u00f6rlorade nycklar fr\u00e5n bilens minne  Tillverkning av t\u00e4ndningsnyckeln enligt l\u00e5set  Reparation av bilnycklar (byte av knappar, skal, mekanismer)  Uppl\u00e5sning av bil i n\u00f6dsituationer  Byte av nycklar, nyckelfodral  Avst\u00e4ngning av DPF- och FAP-programvaran  Programbaserat avl\u00e4gsnande av EGR  Avaktivering av startsp\u00e4rrprogramvaran (immo Off)  Reparation, kloning och programmering av motorstyrenhet (ECU)  SRS (Programmering av styrenhet f\u00f6r krockkuddar)  artiklar skickas inom 3 arbetsdagar.* &nbsp; &nbsp; &nbsp; &nbsp;\" \/>\n<meta property=\"og:url\" content=\"https:\/\/keys-for-auto.eu\/sv\/product\/produktion-av-nycklar-formazda-bilar\/\" \/>\n<meta property=\"og:site_name\" content=\"Keys for auto\" \/>\n<meta property=\"article:publisher\" content=\"https:\/\/www.facebook.com\/KeysForAutoEU\" \/>\n<meta property=\"og:image\" content=\"https:\/\/keys-for-auto.eu\/wp-content\/uploads\/2022\/12\/admin-ajax__1_-removebg-preview-4.png\" \/>\n\t<meta property=\"og:image:width\" content=\"400\" \/>\n\t<meta property=\"og:image:height\" content=\"393\" \/>\n\t<meta property=\"og:image:type\" content=\"image\/png\" \/>\n<meta name=\"twitter:card\" content=\"summary_large_image\" \/>\n<meta name=\"twitter:label1\" content=\"Ber\u00e4knad l\u00e4stid\" \/>\n\t<meta name=\"twitter:data1\" content=\"2 minuter\" \/>\n<script type=\"application\/ld+json\" class=\"yoast-schema-graph\">{\"@context\":\"https:\\\/\\\/schema.org\",\"@graph\":[{\"@type\":[\"WebPage\",\"ItemPage\"],\"@id\":\"https:\\\/\\\/keys-for-auto.eu\\\/sv\\\/product\\\/produktion-av-nycklar-formazda-bilar\\\/\",\"url\":\"https:\\\/\\\/keys-for-auto.eu\\\/sv\\\/product\\\/produktion-av-nycklar-formazda-bilar\\\/\",\"name\":\"Tillverkning av nycklar till Mazda-bilar - Keys for auto% %%sidnamn\",\"isPartOf\":{\"@id\":\"https:\\\/\\\/keys-for-auto.eu\\\/sv\\\/#website\"},\"primaryImageOfPage\":{\"@id\":\"https:\\\/\\\/keys-for-auto.eu\\\/sv\\\/product\\\/produktion-av-nycklar-formazda-bilar\\\/#primaryimage\"},\"image\":{\"@id\":\"https:\\\/\\\/keys-for-auto.eu\\\/sv\\\/product\\\/produktion-av-nycklar-formazda-bilar\\\/#primaryimage\"},\"thumbnailUrl\":\"https:\\\/\\\/keys-for-auto.eu\\\/wp-content\\\/uploads\\\/2022\\\/12\\\/admin-ajax__1_-removebg-preview-4.png\",\"datePublished\":\"2017-12-03T16:27:09+00:00\",\"breadcrumb\":{\"@id\":\"https:\\\/\\\/keys-for-auto.eu\\\/sv\\\/product\\\/produktion-av-nycklar-formazda-bilar\\\/#breadcrumb\"},\"inLanguage\":\"sv-SE\",\"potentialAction\":[{\"@type\":\"ReadAction\",\"target\":[\"https:\\\/\\\/keys-for-auto.eu\\\/sv\\\/product\\\/produktion-av-nycklar-formazda-bilar\\\/\"]}]},{\"@type\":\"ImageObject\",\"inLanguage\":\"sv-SE\",\"@id\":\"https:\\\/\\\/keys-for-auto.eu\\\/sv\\\/product\\\/produktion-av-nycklar-formazda-bilar\\\/#primaryimage\",\"url\":\"https:\\\/\\\/keys-for-auto.eu\\\/wp-content\\\/uploads\\\/2022\\\/12\\\/admin-ajax__1_-removebg-preview-4.png\",\"contentUrl\":\"https:\\\/\\\/keys-for-auto.eu\\\/wp-content\\\/uploads\\\/2022\\\/12\\\/admin-ajax__1_-removebg-preview-4.png\",\"width\":400,\"height\":393},{\"@type\":\"BreadcrumbList\",\"@id\":\"https:\\\/\\\/keys-for-auto.eu\\\/sv\\\/product\\\/produktion-av-nycklar-formazda-bilar\\\/#breadcrumb\",\"itemListElement\":[{\"@type\":\"ListItem\",\"position\":1,\"name\":\"Hem\",\"item\":\"https:\\\/\\\/keys-for-auto.eu\\\/sv\\\/\"},{\"@type\":\"ListItem\",\"position\":2,\"name\":\"Shop\",\"item\":\"https:\\\/\\\/keys-for-auto.eu\\\/\"},{\"@type\":\"ListItem\",\"position\":3,\"name\":\"Tillverkning av nycklar till Mazda-bilar\"}]},{\"@type\":\"WebSite\",\"@id\":\"https:\\\/\\\/keys-for-auto.eu\\\/sv\\\/#website\",\"url\":\"https:\\\/\\\/keys-for-auto.eu\\\/sv\\\/\",\"name\":\"Keys for auto\",\"description\":\"Car keys,  key shells, key programming\",\"publisher\":{\"@id\":\"https:\\\/\\\/keys-for-auto.eu\\\/sv\\\/#organization\"},\"potentialAction\":[{\"@type\":\"SearchAction\",\"target\":{\"@type\":\"EntryPoint\",\"urlTemplate\":\"https:\\\/\\\/keys-for-auto.eu\\\/sv\\\/?s={search_term_string}\"},\"query-input\":{\"@type\":\"PropertyValueSpecification\",\"valueRequired\":true,\"valueName\":\"search_term_string\"}}],\"inLanguage\":\"sv-SE\"},{\"@type\":\"Organization\",\"@id\":\"https:\\\/\\\/keys-for-auto.eu\\\/sv\\\/#organization\",\"name\":\"Nycklar f\u00f6r bil\",\"url\":\"https:\\\/\\\/keys-for-auto.eu\\\/sv\\\/\",\"logo\":{\"@type\":\"ImageObject\",\"inLanguage\":\"sv-SE\",\"@id\":\"https:\\\/\\\/keys-for-auto.eu\\\/sv\\\/#\\\/schema\\\/logo\\\/image\\\/\",\"url\":\"https:\\\/\\\/keys-for-auto.eu\\\/wp-content\\\/uploads\\\/2022\\\/11\\\/cropped-png1.png\",\"contentUrl\":\"https:\\\/\\\/keys-for-auto.eu\\\/wp-content\\\/uploads\\\/2022\\\/11\\\/cropped-png1.png\",\"width\":1000,\"height\":342,\"caption\":\"Nycklar f\u00f6r bil\"},\"image\":{\"@id\":\"https:\\\/\\\/keys-for-auto.eu\\\/sv\\\/#\\\/schema\\\/logo\\\/image\\\/\"},\"sameAs\":[\"https:\\\/\\\/www.facebook.com\\\/KeysForAutoEU\"]}]}<\/script>\n<!-- \/ Yoast SEO plugin. -->","yoast_head_json":{"title":"Tillverkning av nycklar till Mazda-bilar - Keys for auto% %%sidnamn","robots":{"index":"index","follow":"follow","max-snippet":"max-snippet:-1","max-image-preview":"max-image-preview:large","max-video-preview":"max-video-preview:-1"},"canonical":"https:\/\/keys-for-auto.eu\/sv\/product\/produktion-av-nycklar-formazda-bilar\/","og_locale":"sv_SE","og_type":"article","og_title":"Tillverkning av nycklar till Mazda-bilar - Keys for auto% %%sidnamn","og_description":"Vi tillverkar och programmerar nycklar, elektroniska (smarta) nycklar f\u00f6r Mazda-bilar.   Tillverkning av Mazda-nycklar   Programmering av Mazda-nycklar   Reparation av Mazda nyckel   Mazda key cases   Produktion och programmering av Mazda-nycklar   N\u00f6dl\u00e5sning av Mazda-bilar  Tillverkning av bilnycklar  Tillverkning av nya bilnycklar, programmering av nycklar (\"bindning\" till bilen)  Radera tidigare f\u00f6rlorade nycklar fr\u00e5n bilens minne  Tillverkning av t\u00e4ndningsnyckeln enligt l\u00e5set  Reparation av bilnycklar (byte av knappar, skal, mekanismer)  Uppl\u00e5sning av bil i n\u00f6dsituationer  Byte av nycklar, nyckelfodral  Avst\u00e4ngning av DPF- och FAP-programvaran  Programbaserat avl\u00e4gsnande av EGR  Avaktivering av startsp\u00e4rrprogramvaran (immo Off)  Reparation, kloning och programmering av motorstyrenhet (ECU)  SRS (Programmering av styrenhet f\u00f6r krockkuddar)  artiklar skickas inom 3 arbetsdagar.* &nbsp; &nbsp; &nbsp; &nbsp;","og_url":"https:\/\/keys-for-auto.eu\/sv\/product\/produktion-av-nycklar-formazda-bilar\/","og_site_name":"Keys for auto","article_publisher":"https:\/\/www.facebook.com\/KeysForAutoEU","og_image":[{"width":400,"height":393,"url":"https:\/\/keys-for-auto.eu\/wp-content\/uploads\/2022\/12\/admin-ajax__1_-removebg-preview-4.png","type":"image\/png"}],"twitter_card":"summary_large_image","twitter_misc":{"Ber\u00e4knad l\u00e4stid":"2 minuter"},"schema":{"@context":"https:\/\/schema.org","@graph":[{"@type":["WebPage","ItemPage"],"@id":"https:\/\/keys-for-auto.eu\/sv\/product\/produktion-av-nycklar-formazda-bilar\/","url":"https:\/\/keys-for-auto.eu\/sv\/product\/produktion-av-nycklar-formazda-bilar\/","name":"Tillverkning av nycklar till Mazda-bilar - Keys for auto% %%sidnamn","isPartOf":{"@id":"https:\/\/keys-for-auto.eu\/sv\/#website"},"primaryImageOfPage":{"@id":"https:\/\/keys-for-auto.eu\/sv\/product\/produktion-av-nycklar-formazda-bilar\/#primaryimage"},"image":{"@id":"https:\/\/keys-for-auto.eu\/sv\/product\/produktion-av-nycklar-formazda-bilar\/#primaryimage"},"thumbnailUrl":"https:\/\/keys-for-auto.eu\/wp-content\/uploads\/2022\/12\/admin-ajax__1_-removebg-preview-4.png","datePublished":"2017-12-03T16:27:09+00:00","breadcrumb":{"@id":"https:\/\/keys-for-auto.eu\/sv\/product\/produktion-av-nycklar-formazda-bilar\/#breadcrumb"},"inLanguage":"sv-SE","potentialAction":[{"@type":"ReadAction","target":["https:\/\/keys-for-auto.eu\/sv\/product\/produktion-av-nycklar-formazda-bilar\/"]}]},{"@type":"ImageObject","inLanguage":"sv-SE","@id":"https:\/\/keys-for-auto.eu\/sv\/product\/produktion-av-nycklar-formazda-bilar\/#primaryimage","url":"https:\/\/keys-for-auto.eu\/wp-content\/uploads\/2022\/12\/admin-ajax__1_-removebg-preview-4.png","contentUrl":"https:\/\/keys-for-auto.eu\/wp-content\/uploads\/2022\/12\/admin-ajax__1_-removebg-preview-4.png","width":400,"height":393},{"@type":"BreadcrumbList","@id":"https:\/\/keys-for-auto.eu\/sv\/product\/produktion-av-nycklar-formazda-bilar\/#breadcrumb","itemListElement":[{"@type":"ListItem","position":1,"name":"Hem","item":"https:\/\/keys-for-auto.eu\/sv\/"},{"@type":"ListItem","position":2,"name":"Shop","item":"https:\/\/keys-for-auto.eu\/"},{"@type":"ListItem","position":3,"name":"Tillverkning av nycklar till Mazda-bilar"}]},{"@type":"WebSite","@id":"https:\/\/keys-for-auto.eu\/sv\/#website","url":"https:\/\/keys-for-auto.eu\/sv\/","name":"Keys for auto","description":"Car keys,  key shells, key programming","publisher":{"@id":"https:\/\/keys-for-auto.eu\/sv\/#organization"},"potentialAction":[{"@type":"SearchAction","target":{"@type":"EntryPoint","urlTemplate":"https:\/\/keys-for-auto.eu\/sv\/?s={search_term_string}"},"query-input":{"@type":"PropertyValueSpecification","valueRequired":true,"valueName":"search_term_string"}}],"inLanguage":"sv-SE"},{"@type":"Organization","@id":"https:\/\/keys-for-auto.eu\/sv\/#organization","name":"Nycklar f\u00f6r bil","url":"https:\/\/keys-for-auto.eu\/sv\/","logo":{"@type":"ImageObject","inLanguage":"sv-SE","@id":"https:\/\/keys-for-auto.eu\/sv\/#\/schema\/logo\/image\/","url":"https:\/\/keys-for-auto.eu\/wp-content\/uploads\/2022\/11\/cropped-png1.png","contentUrl":"https:\/\/keys-for-auto.eu\/wp-content\/uploads\/2022\/11\/cropped-png1.png","width":1000,"height":342,"caption":"Nycklar f\u00f6r bil"},"image":{"@id":"https:\/\/keys-for-auto.eu\/sv\/#\/schema\/logo\/image\/"},"sameAs":["https:\/\/www.facebook.com\/KeysForAutoEU"]}]}},"_links":{"self":[{"href":"https:\/\/keys-for-auto.eu\/sv\/wp-json\/wp\/v2\/product\/22439","targetHints":{"allow":["GET"]}}],"collection":[{"href":"https:\/\/keys-for-auto.eu\/sv\/wp-json\/wp\/v2\/product"}],"about":[{"href":"https:\/\/keys-for-auto.eu\/sv\/wp-json\/wp\/v2\/types\/product"}],"replies":[{"embeddable":true,"href":"https:\/\/keys-for-auto.eu\/sv\/wp-json\/wp\/v2\/comments?post=22439"}],"wp:featuredmedia":[{"embeddable":true,"href":"https:\/\/keys-for-auto.eu\/sv\/wp-json\/wp\/v2\/media\/21264"}],"wp:attachment":[{"href":"https:\/\/keys-for-auto.eu\/sv\/wp-json\/wp\/v2\/media?parent=22439"}],"wp:term":[{"taxonomy":"product_brand","embeddable":true,"href":"https:\/\/keys-for-auto.eu\/sv\/wp-json\/wp\/v2\/product_brand?post=22439"},{"taxonomy":"product_cat","embeddable":true,"href":"https:\/\/keys-for-auto.eu\/sv\/wp-json\/wp\/v2\/product_cat?post=22439"},{"taxonomy":"product_tag","embeddable":true,"href":"https:\/\/keys-for-auto.eu\/sv\/wp-json\/wp\/v2\/product_tag?post=22439"}],"curies":[{"name":"wp","href":"https:\/\/api.w.org\/{rel}","templated":true}]}}