{"id":22429,"date":"2017-12-03T16:35:27","date_gmt":"2017-12-03T16:35:27","guid":{"rendered":"https:\/\/keys-for-auto.eu\/product\/tillverkning-av-nycklar-till-renault-bilar\/"},"modified":"2017-12-03T16:35:27","modified_gmt":"2017-12-03T16:35:27","slug":"produktion-av-nycklar-for-renault-bilar","status":"publish","type":"product","link":"https:\/\/keys-for-auto.eu\/sv\/product\/produktion-av-nycklar-for-renault-bilar\/","title":{"rendered":"Tillverkning av nycklar till Renault-bilar"},"content":{"rendered":"<h2>Tillverkning av nycklar till Renault-bilar<\/h2>\n<ul>\n<li>Tillverkning av nycklar till Renault Clio<\/li>\n<li>Tillverkning av nycklar till Renault Espace<\/li>\n<li>Tillverkning av nycklar till Renault Fluence<\/li>\n<li>Tillverkning av nycklar till Renault Kangoo<\/li>\n<li>Tillverkning av nycklar till Renault Koleos<\/li>\n<li>Tillverkning av nycklar till Renault Laguna<\/li>\n<li>Tillverkning av Renault Master-nycklar<\/li>\n<li>Tillverkning av nycklar till Renault Megane<\/li>\n<li>Tillverkning av nycklar till Renault Modus<\/li>\n<li>Tillverkning av nycklar till Renault Scenic<\/li>\n<li>Tillverkning av Renault Simbol-nycklar<\/li>\n<li>Tillverkning av nycklar till Renault Trafic<\/li>\n<li>Tillverkning av nycklar till Renault Twingo<\/li>\n<li>Tillverkning av Renault Vel Satis-nycklar<\/li>\n<\/ul>\n<p>och andra&#8230;<\/p>\n<h2>Specifika egenskaper hos Renault nyckeltillverkning<\/h2>\n<p>F\u00f6rlust eller fel p\u00e5 en uppl\u00e5sningsanordning orsakar m\u00e5nga sv\u00e5righeter i en bil\u00e4gares liv. Idag \u00e4r tillverkningen av nycklar till Renault-bilar relativt snabb och kan utf\u00f6ras av kompetenta specialister, vilket g\u00f6r att problemet kan l\u00f6sas till ett rimligt pris. Anv\u00e4ndningen av professionell utrustning och moderna verktyg garanterar ett utm\u00e4rkt resultat.<\/p>\n<p>&#8221;Tillverkningen av Renault-nycklar sker i tv\u00e5 steg: tillverkning av bladet och programmering av nyckeln. F\u00f6r den f\u00f6rsta uppgiften anv\u00e4nds CNC-maskiner med h\u00f6g precision f\u00f6r att skapa en perfekt kopia av nyckeln utan n\u00e5gra tecken p\u00e5 slitage. Detta resultat uppn\u00e5s tack vare den information som finns tillg\u00e4nglig i utrustningens databas om parametrarna f\u00f6r blad f\u00f6r de olika Renault-modellerna: f\u00f6rdjupningsdjup, storlek p\u00e5 utskjutande delar, nyckelbredd. \u00c4ven om nyckeln har utsatts f\u00f6r betydande slitage kommer en kopia att tillverkas exakt som originalet var fr\u00e5n b\u00f6rjan.<\/p>\n<h2>Programmering<\/h2>\n<p>F\u00f6r att kunna starta bilen med nyckeln m\u00e5ste den registreras i startsp\u00e4rren. Programmering kan utf\u00f6ras via diagnostikuttaget eller genom att anv\u00e4nda en kopia av nyckeln eller genom att anv\u00e4nda startsp\u00e4rrens arbetsminne. Det sistn\u00e4mnda alternativet inneb\u00e4r att n\u00e5gon av utrustningarna i den angivna listan anv\u00e4nds &#8211; BCM (Body Control Unit), instrumentbr\u00e4da, antenn eller startsp\u00e4rr, EVB. Detta beror p\u00e5 att chipinformationen f\u00f6r olika \u00e5rsmodeller kan lagras i ett specifikt block.<\/p>\n<p>Startsp\u00e4rren m\u00e5ste avl\u00e4gsnas f\u00f6r att kunna l\u00e4sa av startsp\u00e4rrens minnesdata med hj\u00e4lp av specialutrustning. Detta kan g\u00f6ras av \u00e4garen sj\u00e4lv eller genom att kalla en specialist till parkeringen. Nyckeln programmeras med EEPROM\/FLASH.<\/p>\n<p>Bilens n\u00e4rvaro kr\u00e4vs endast ibland f\u00f6r att g\u00f6ra en kopia av chipet och en nyckel r\u00e4cker vanligtvis. I det h\u00e4r fallet beror hastigheten f\u00f6r duplikattillverkningen ocks\u00e5 p\u00e5 Renault-modellen och bilens tillverknings\u00e5r. Fj\u00e4rrkontroller programmeras ocks\u00e5 vid behov. Detta f\u00f6rfarande utf\u00f6rs via diagnostikuttagen eller manuellt.<\/p>\n<h2>Tillverkning av Renault-nycklar.<\/h2>\n<p>Vi arbetar endast med modern datoriserad utrustning som g\u00f6r att vi kan tillverka en h\u00f6gkvalitativ och h\u00e5llbar nyckel till din Renault-bil. Om du bara har en nyckel eller om din Renault-nyckel inte alltid startar bilen rekommenderar vi att du k\u00f6per en reservnyckel. Det sparar tid och pengar.<\/p>\n<p>Vi tillverkar nycklar f\u00f6r olika Renault-bilmodeller. Det kan vara en enkel nyckel, en nyckel med startsp\u00e4rr. Vi kan ocks\u00e5 erbjuda en smart nyckel (nyckell\u00f6st t\u00e4ndsystem med START\/STOP-knapp).<\/p>\n<hr>\n<p>&nbsp;<\/p>\n","protected":false},"excerpt":{"rendered":"<h2>Tillverkning av nycklar till Renault-bilar<\/h2>\n<ul>\n<li>Tillverkning av Renault-nycklar<\/li>\n<li>Renault-nycklar<\/li>\n<li>Renault nyckelkroppar<\/li>\n<li>Reparation av Renault-nycklar<\/li>\n<li>Programmering av Renault-nycklar<\/li>\n<li>N\u00f6duppl\u00e5sning av Renault-bilar i n\u00f6dsituationer<\/li>\n<\/ul>\n<h3><strong>Tillverkning av bilnycklar<\/strong><\/h3>\n<ul>\n<li><strong>Tillverkning av nya bilnycklar, programmering av nycklar (&#8221;bindning&#8221; till bilen)<\/strong><\/li>\n<li><strong>Radera tidigare f\u00f6rlorade nycklar fr\u00e5n bilens minne<\/strong><\/li>\n<li><strong>Tillverkning av t\u00e4ndningsnyckeln enligt l\u00e5set<\/strong><\/li>\n<li><strong>Reparation av bilnycklar (byte av knappar, skal, mekanismer)<\/strong><\/li>\n<li><strong>Uppl\u00e5sning av bil i n\u00f6dsituationer<\/strong><\/li>\n<li><strong>Byte av nycklar, nyckelfodral<\/strong><\/li>\n<li><strong>Avst\u00e4ngning av DPF- och FAP-programvaran<\/strong><\/li>\n<li><strong>Programbaserat avl\u00e4gsnande av EGR<\/strong><\/li>\n<li><strong>Avaktivering av startsp\u00e4rrprogramvaran (immo Off)<\/strong><\/li>\n<li><strong>Reparation, kloning och programmering av motorstyrenhet (ECU)<\/strong><\/li>\n<li><strong>SRS (Programmering av styrenhet f\u00f6r krockkuddar)<\/strong><\/li>\n<\/ul>\n<h4><strong>  artiklar skickas inom 3 arbetsdagar.*<\/strong><\/h4>\n","protected":false},"featured_media":21266,"comment_status":"open","ping_status":"closed","template":"","meta":[],"product_brand":[],"product_cat":[4815,5810],"product_tag":[6008,4912,5609,4818,4936,5657,4913,5625,5574,4887,5644,4937,5660,4930,4825,4915,5621,4890,5639,4832,6011,4837,5636,4916,4834,5589,5828,5663,4840,4914,5581],"class_list":{"0":"post-22429","1":"product","2":"type-product","3":"status-publish","4":"has-post-thumbnail","6":"product_cat-renault-sv","7":"product_cat-tillverkning-av-nycklar","8":"product_tag-renault-sv","9":"product_tag-renault-clio-kortskal","10":"product_tag-renault-clio-nyckel","11":"product_tag-renault-clio-nyckelskal","12":"product_tag-renault-espace-kortskal","13":"product_tag-renault-espace-nyckel","14":"product_tag-renault-grand-scenic-nyckelkort-skal","15":"product_tag-renault-grand-scenic-raktas-sv","16":"product_tag-renault-kangoo-nyckel","17":"product_tag-renault-kangoo-nyckelskal","18":"product_tag-renault-koleos-nyckel","19":"product_tag-renault-laguna-kortskal","20":"product_tag-renault-laguna-nyckel","21":"product_tag-renault-laguna-nyckelskal","22":"product_tag-renault-master-key-shell-sv","23":"product_tag-renault-megane-kortskal","24":"product_tag-renault-megane-nyckel","25":"product_tag-renault-megane-nyckelskal","26":"product_tag-renault-modus-nyckel","27":"product_tag-renault-modus-nyckelholje","28":"product_tag-renault-nyckel-med-en-knapp","29":"product_tag-renault-nyckelholje","30":"product_tag-renault-scenic-nyckel","31":"product_tag-renault-scenic-nyckelskal","32":"product_tag-renault-trafic-nyckelskal","33":"product_tag-renault-twingo-nyckel","34":"product_tag-renault-twingo-nyckelskal","35":"product_tag-renault-vel-satis-nyckel","36":"product_tag-renault-vivaro-nyckelskal","37":"product_tag-renault-kortskal","38":"product_tag-renault-nyckel","40":"first","41":"instock","42":"shipping-taxable","43":"product-type-simple"},"yoast_head":"<!-- This site is optimized with the Yoast SEO plugin v27.6 - https:\/\/yoast.com\/product\/yoast-seo-wordpress\/ -->\n<title>Tillverkning av nycklar till Renault-bilar - Keys for auto% %%sidnamn<\/title>\n<meta name=\"robots\" content=\"index, follow, max-snippet:-1, max-image-preview:large, max-video-preview:-1\" \/>\n<link rel=\"canonical\" href=\"https:\/\/keys-for-auto.eu\/sv\/product\/produktion-av-nycklar-for-renault-bilar\/\" \/>\n<meta property=\"og:locale\" content=\"sv_SE\" \/>\n<meta property=\"og:type\" content=\"article\" \/>\n<meta property=\"og:title\" content=\"Tillverkning av nycklar till Renault-bilar - Keys for auto% %%sidnamn\" \/>\n<meta property=\"og:description\" content=\"Tillverkning av nycklar till Renault-bilar  Tillverkning av Renault-nycklar  Renault-nycklar  Renault nyckelkroppar  Reparation av Renault-nycklar  Programmering av Renault-nycklar  N\u00f6duppl\u00e5sning av Renault-bilar i n\u00f6dsituationer Tillverkning av bilnycklar  Tillverkning av nya bilnycklar, programmering av nycklar (&quot;bindning&quot; till bilen)  Radera tidigare f\u00f6rlorade nycklar fr\u00e5n bilens minne  Tillverkning av t\u00e4ndningsnyckeln enligt l\u00e5set  Reparation av bilnycklar (byte av knappar, skal, mekanismer)  Uppl\u00e5sning av bil i n\u00f6dsituationer  Byte av nycklar, nyckelfodral  Avst\u00e4ngning av DPF- och FAP-programvaran  Programbaserat avl\u00e4gsnande av EGR  Avaktivering av startsp\u00e4rrprogramvaran (immo Off)  Reparation, kloning och programmering av motorstyrenhet (ECU)  SRS (Programmering av styrenhet f\u00f6r krockkuddar)  artiklar skickas inom 3 arbetsdagar.*\" \/>\n<meta property=\"og:url\" content=\"https:\/\/keys-for-auto.eu\/sv\/product\/produktion-av-nycklar-for-renault-bilar\/\" \/>\n<meta property=\"og:site_name\" content=\"Keys for auto\" \/>\n<meta property=\"article:publisher\" content=\"https:\/\/www.facebook.com\/KeysForAutoEU\" \/>\n<meta property=\"og:image\" content=\"https:\/\/keys-for-auto.eu\/wp-content\/uploads\/2022\/12\/admin-ajax__1_-removebg-preview-1-2.png\" \/>\n\t<meta property=\"og:image:width\" content=\"400\" \/>\n\t<meta property=\"og:image:height\" content=\"400\" \/>\n\t<meta property=\"og:image:type\" content=\"image\/png\" \/>\n<meta name=\"twitter:card\" content=\"summary_large_image\" \/>\n<meta name=\"twitter:label1\" content=\"Ber\u00e4knad l\u00e4stid\" \/>\n\t<meta name=\"twitter:data1\" content=\"3 minuter\" \/>\n<script type=\"application\/ld+json\" class=\"yoast-schema-graph\">{\"@context\":\"https:\\\/\\\/schema.org\",\"@graph\":[{\"@type\":[\"WebPage\",\"ItemPage\"],\"@id\":\"https:\\\/\\\/keys-for-auto.eu\\\/sv\\\/product\\\/produktion-av-nycklar-for-renault-bilar\\\/\",\"url\":\"https:\\\/\\\/keys-for-auto.eu\\\/sv\\\/product\\\/produktion-av-nycklar-for-renault-bilar\\\/\",\"name\":\"Tillverkning av nycklar till Renault-bilar - Keys for auto% %%sidnamn\",\"isPartOf\":{\"@id\":\"https:\\\/\\\/keys-for-auto.eu\\\/sv\\\/#website\"},\"primaryImageOfPage\":{\"@id\":\"https:\\\/\\\/keys-for-auto.eu\\\/sv\\\/product\\\/produktion-av-nycklar-for-renault-bilar\\\/#primaryimage\"},\"image\":{\"@id\":\"https:\\\/\\\/keys-for-auto.eu\\\/sv\\\/product\\\/produktion-av-nycklar-for-renault-bilar\\\/#primaryimage\"},\"thumbnailUrl\":\"https:\\\/\\\/keys-for-auto.eu\\\/wp-content\\\/uploads\\\/2022\\\/12\\\/admin-ajax__1_-removebg-preview-1-2.png\",\"datePublished\":\"2017-12-03T16:35:27+00:00\",\"breadcrumb\":{\"@id\":\"https:\\\/\\\/keys-for-auto.eu\\\/sv\\\/product\\\/produktion-av-nycklar-for-renault-bilar\\\/#breadcrumb\"},\"inLanguage\":\"sv-SE\",\"potentialAction\":[{\"@type\":\"ReadAction\",\"target\":[\"https:\\\/\\\/keys-for-auto.eu\\\/sv\\\/product\\\/produktion-av-nycklar-for-renault-bilar\\\/\"]}]},{\"@type\":\"ImageObject\",\"inLanguage\":\"sv-SE\",\"@id\":\"https:\\\/\\\/keys-for-auto.eu\\\/sv\\\/product\\\/produktion-av-nycklar-for-renault-bilar\\\/#primaryimage\",\"url\":\"https:\\\/\\\/keys-for-auto.eu\\\/wp-content\\\/uploads\\\/2022\\\/12\\\/admin-ajax__1_-removebg-preview-1-2.png\",\"contentUrl\":\"https:\\\/\\\/keys-for-auto.eu\\\/wp-content\\\/uploads\\\/2022\\\/12\\\/admin-ajax__1_-removebg-preview-1-2.png\",\"width\":400,\"height\":400},{\"@type\":\"BreadcrumbList\",\"@id\":\"https:\\\/\\\/keys-for-auto.eu\\\/sv\\\/product\\\/produktion-av-nycklar-for-renault-bilar\\\/#breadcrumb\",\"itemListElement\":[{\"@type\":\"ListItem\",\"position\":1,\"name\":\"Hem\",\"item\":\"https:\\\/\\\/keys-for-auto.eu\\\/sv\\\/\"},{\"@type\":\"ListItem\",\"position\":2,\"name\":\"Shop\",\"item\":\"https:\\\/\\\/keys-for-auto.eu\\\/\"},{\"@type\":\"ListItem\",\"position\":3,\"name\":\"Tillverkning av nycklar till Renault-bilar\"}]},{\"@type\":\"WebSite\",\"@id\":\"https:\\\/\\\/keys-for-auto.eu\\\/sv\\\/#website\",\"url\":\"https:\\\/\\\/keys-for-auto.eu\\\/sv\\\/\",\"name\":\"Keys for auto\",\"description\":\"Car keys,  key shells, key programming\",\"publisher\":{\"@id\":\"https:\\\/\\\/keys-for-auto.eu\\\/sv\\\/#organization\"},\"potentialAction\":[{\"@type\":\"SearchAction\",\"target\":{\"@type\":\"EntryPoint\",\"urlTemplate\":\"https:\\\/\\\/keys-for-auto.eu\\\/sv\\\/?s={search_term_string}\"},\"query-input\":{\"@type\":\"PropertyValueSpecification\",\"valueRequired\":true,\"valueName\":\"search_term_string\"}}],\"inLanguage\":\"sv-SE\"},{\"@type\":\"Organization\",\"@id\":\"https:\\\/\\\/keys-for-auto.eu\\\/sv\\\/#organization\",\"name\":\"Nycklar f\u00f6r bil\",\"url\":\"https:\\\/\\\/keys-for-auto.eu\\\/sv\\\/\",\"logo\":{\"@type\":\"ImageObject\",\"inLanguage\":\"sv-SE\",\"@id\":\"https:\\\/\\\/keys-for-auto.eu\\\/sv\\\/#\\\/schema\\\/logo\\\/image\\\/\",\"url\":\"https:\\\/\\\/keys-for-auto.eu\\\/wp-content\\\/uploads\\\/2022\\\/11\\\/cropped-png1.png\",\"contentUrl\":\"https:\\\/\\\/keys-for-auto.eu\\\/wp-content\\\/uploads\\\/2022\\\/11\\\/cropped-png1.png\",\"width\":1000,\"height\":342,\"caption\":\"Nycklar f\u00f6r bil\"},\"image\":{\"@id\":\"https:\\\/\\\/keys-for-auto.eu\\\/sv\\\/#\\\/schema\\\/logo\\\/image\\\/\"},\"sameAs\":[\"https:\\\/\\\/www.facebook.com\\\/KeysForAutoEU\"]}]}<\/script>\n<!-- \/ Yoast SEO plugin. -->","yoast_head_json":{"title":"Tillverkning av nycklar till Renault-bilar - Keys for auto% %%sidnamn","robots":{"index":"index","follow":"follow","max-snippet":"max-snippet:-1","max-image-preview":"max-image-preview:large","max-video-preview":"max-video-preview:-1"},"canonical":"https:\/\/keys-for-auto.eu\/sv\/product\/produktion-av-nycklar-for-renault-bilar\/","og_locale":"sv_SE","og_type":"article","og_title":"Tillverkning av nycklar till Renault-bilar - Keys for auto% %%sidnamn","og_description":"Tillverkning av nycklar till Renault-bilar  Tillverkning av Renault-nycklar  Renault-nycklar  Renault nyckelkroppar  Reparation av Renault-nycklar  Programmering av Renault-nycklar  N\u00f6duppl\u00e5sning av Renault-bilar i n\u00f6dsituationer Tillverkning av bilnycklar  Tillverkning av nya bilnycklar, programmering av nycklar (\"bindning\" till bilen)  Radera tidigare f\u00f6rlorade nycklar fr\u00e5n bilens minne  Tillverkning av t\u00e4ndningsnyckeln enligt l\u00e5set  Reparation av bilnycklar (byte av knappar, skal, mekanismer)  Uppl\u00e5sning av bil i n\u00f6dsituationer  Byte av nycklar, nyckelfodral  Avst\u00e4ngning av DPF- och FAP-programvaran  Programbaserat avl\u00e4gsnande av EGR  Avaktivering av startsp\u00e4rrprogramvaran (immo Off)  Reparation, kloning och programmering av motorstyrenhet (ECU)  SRS (Programmering av styrenhet f\u00f6r krockkuddar)  artiklar skickas inom 3 arbetsdagar.*","og_url":"https:\/\/keys-for-auto.eu\/sv\/product\/produktion-av-nycklar-for-renault-bilar\/","og_site_name":"Keys for auto","article_publisher":"https:\/\/www.facebook.com\/KeysForAutoEU","og_image":[{"width":400,"height":400,"url":"https:\/\/keys-for-auto.eu\/wp-content\/uploads\/2022\/12\/admin-ajax__1_-removebg-preview-1-2.png","type":"image\/png"}],"twitter_card":"summary_large_image","twitter_misc":{"Ber\u00e4knad l\u00e4stid":"3 minuter"},"schema":{"@context":"https:\/\/schema.org","@graph":[{"@type":["WebPage","ItemPage"],"@id":"https:\/\/keys-for-auto.eu\/sv\/product\/produktion-av-nycklar-for-renault-bilar\/","url":"https:\/\/keys-for-auto.eu\/sv\/product\/produktion-av-nycklar-for-renault-bilar\/","name":"Tillverkning av nycklar till Renault-bilar - Keys for auto% %%sidnamn","isPartOf":{"@id":"https:\/\/keys-for-auto.eu\/sv\/#website"},"primaryImageOfPage":{"@id":"https:\/\/keys-for-auto.eu\/sv\/product\/produktion-av-nycklar-for-renault-bilar\/#primaryimage"},"image":{"@id":"https:\/\/keys-for-auto.eu\/sv\/product\/produktion-av-nycklar-for-renault-bilar\/#primaryimage"},"thumbnailUrl":"https:\/\/keys-for-auto.eu\/wp-content\/uploads\/2022\/12\/admin-ajax__1_-removebg-preview-1-2.png","datePublished":"2017-12-03T16:35:27+00:00","breadcrumb":{"@id":"https:\/\/keys-for-auto.eu\/sv\/product\/produktion-av-nycklar-for-renault-bilar\/#breadcrumb"},"inLanguage":"sv-SE","potentialAction":[{"@type":"ReadAction","target":["https:\/\/keys-for-auto.eu\/sv\/product\/produktion-av-nycklar-for-renault-bilar\/"]}]},{"@type":"ImageObject","inLanguage":"sv-SE","@id":"https:\/\/keys-for-auto.eu\/sv\/product\/produktion-av-nycklar-for-renault-bilar\/#primaryimage","url":"https:\/\/keys-for-auto.eu\/wp-content\/uploads\/2022\/12\/admin-ajax__1_-removebg-preview-1-2.png","contentUrl":"https:\/\/keys-for-auto.eu\/wp-content\/uploads\/2022\/12\/admin-ajax__1_-removebg-preview-1-2.png","width":400,"height":400},{"@type":"BreadcrumbList","@id":"https:\/\/keys-for-auto.eu\/sv\/product\/produktion-av-nycklar-for-renault-bilar\/#breadcrumb","itemListElement":[{"@type":"ListItem","position":1,"name":"Hem","item":"https:\/\/keys-for-auto.eu\/sv\/"},{"@type":"ListItem","position":2,"name":"Shop","item":"https:\/\/keys-for-auto.eu\/"},{"@type":"ListItem","position":3,"name":"Tillverkning av nycklar till Renault-bilar"}]},{"@type":"WebSite","@id":"https:\/\/keys-for-auto.eu\/sv\/#website","url":"https:\/\/keys-for-auto.eu\/sv\/","name":"Keys for auto","description":"Car keys,  key shells, key programming","publisher":{"@id":"https:\/\/keys-for-auto.eu\/sv\/#organization"},"potentialAction":[{"@type":"SearchAction","target":{"@type":"EntryPoint","urlTemplate":"https:\/\/keys-for-auto.eu\/sv\/?s={search_term_string}"},"query-input":{"@type":"PropertyValueSpecification","valueRequired":true,"valueName":"search_term_string"}}],"inLanguage":"sv-SE"},{"@type":"Organization","@id":"https:\/\/keys-for-auto.eu\/sv\/#organization","name":"Nycklar f\u00f6r bil","url":"https:\/\/keys-for-auto.eu\/sv\/","logo":{"@type":"ImageObject","inLanguage":"sv-SE","@id":"https:\/\/keys-for-auto.eu\/sv\/#\/schema\/logo\/image\/","url":"https:\/\/keys-for-auto.eu\/wp-content\/uploads\/2022\/11\/cropped-png1.png","contentUrl":"https:\/\/keys-for-auto.eu\/wp-content\/uploads\/2022\/11\/cropped-png1.png","width":1000,"height":342,"caption":"Nycklar f\u00f6r bil"},"image":{"@id":"https:\/\/keys-for-auto.eu\/sv\/#\/schema\/logo\/image\/"},"sameAs":["https:\/\/www.facebook.com\/KeysForAutoEU"]}]}},"_links":{"self":[{"href":"https:\/\/keys-for-auto.eu\/sv\/wp-json\/wp\/v2\/product\/22429","targetHints":{"allow":["GET"]}}],"collection":[{"href":"https:\/\/keys-for-auto.eu\/sv\/wp-json\/wp\/v2\/product"}],"about":[{"href":"https:\/\/keys-for-auto.eu\/sv\/wp-json\/wp\/v2\/types\/product"}],"replies":[{"embeddable":true,"href":"https:\/\/keys-for-auto.eu\/sv\/wp-json\/wp\/v2\/comments?post=22429"}],"wp:featuredmedia":[{"embeddable":true,"href":"https:\/\/keys-for-auto.eu\/sv\/wp-json\/wp\/v2\/media\/21266"}],"wp:attachment":[{"href":"https:\/\/keys-for-auto.eu\/sv\/wp-json\/wp\/v2\/media?parent=22429"}],"wp:term":[{"taxonomy":"product_brand","embeddable":true,"href":"https:\/\/keys-for-auto.eu\/sv\/wp-json\/wp\/v2\/product_brand?post=22429"},{"taxonomy":"product_cat","embeddable":true,"href":"https:\/\/keys-for-auto.eu\/sv\/wp-json\/wp\/v2\/product_cat?post=22429"},{"taxonomy":"product_tag","embeddable":true,"href":"https:\/\/keys-for-auto.eu\/sv\/wp-json\/wp\/v2\/product_tag?post=22429"}],"curies":[{"name":"wp","href":"https:\/\/api.w.org\/{rel}","templated":true}]}}