{"id":22378,"date":"2017-06-04T17:07:04","date_gmt":"2017-06-04T17:07:04","guid":{"rendered":"https:\/\/keys-for-auto.eu\/product\/tillverkning-av-nycklar-till-audi-bilar\/"},"modified":"2017-06-04T17:07:04","modified_gmt":"2017-06-04T17:07:04","slug":"produktion-av-nycklar-for-audi-bilar","status":"publish","type":"product","link":"https:\/\/keys-for-auto.eu\/sv\/product\/produktion-av-nycklar-for-audi-bilar\/","title":{"rendered":"Tillverkning av nycklar till Audi-bilar"},"content":{"rendered":"<h2>Vi tillverkar och programmerar nycklar, elektroniska (smarta) nycklar f\u00f6r Audi-bilar.<\/h2>\n<ul>\n<li>\n<h3>Tillverkning av Audi-nycklar<\/h3>\n<\/li>\n<li>\n<h3>Programmering av Audi-nycklar<\/h3>\n<\/li>\n<li>\n<h3>Reparation av Audi-nycklar<\/h3>\n<\/li>\n<li>\n<h3>Audi key cases<\/h3>\n<\/li>\n<li>\n<h3>Tillverkning och programmering av Audi-nycklar<\/h3>\n<\/li>\n<li>\n<h3>N\u00f6duppl\u00e5sning av Audi-fordon i n\u00f6dsituationer<\/h3>\n<\/li>\n<\/ul>\n<p><strong>Prisf\u00f6rfr\u00e5gan f\u00f6r tillverkning av Audi key:<\/strong><br \/>\n<em>Ange din bilmodell<\/em><br \/>\n<em>Bilens tillverknings\u00e5r<\/em><br \/>\n<em>Telefonnummer f\u00f6r kontaktperson<\/em><\/p>\n<p>&nbsp;<\/p>\n<p>&nbsp;<\/p>\n<p>&nbsp;<\/p>\n","protected":false},"excerpt":{"rendered":"<h3><strong>Tillverkning av bilnycklar<\/strong><\/h3>\n<ul>\n<li><strong>Tillverkning av nya bilnycklar, programmering av nycklar (&#8221;bindning&#8221; till bilen)<\/strong><\/li>\n<li><strong>Radera tidigare f\u00f6rlorade nycklar fr\u00e5n bilens minne<\/strong><\/li>\n<li><strong>Tillverkning av t\u00e4ndningsnyckeln enligt l\u00e5set<\/strong><\/li>\n<li><strong>Reparation av bilnycklar (byte av knappar, skal, mekanismer)<\/strong><\/li>\n<li><strong>Uppl\u00e5sning av bil i n\u00f6dsituationer<\/strong><\/li>\n<li><strong>Byte av nycklar, nyckelfodral<\/strong><\/li>\n<li><strong>Avst\u00e4ngning av DPF- och FAP-programvaran<\/strong><\/li>\n<li><strong>Programbaserat avl\u00e4gsnande av EGR<\/strong><\/li>\n<li><strong>Avaktivering av startsp\u00e4rrprogramvaran (immo Off)<\/strong><\/li>\n<li><strong>Reparation, kloning och programmering av motorstyrenhet (ECU)<\/strong><\/li>\n<li><strong>SRS (Programmering av styrenhet f\u00f6r krockkuddar)<\/strong><\/li>\n<\/ul>\n<h4><strong>  artiklar skickas inom 3 arbetsdagar.*<\/strong><\/h4>\n<h2><\/h2>\n<h2>Speciella egenskaper hos Audi bilnycklar<\/h2>\n<p>&#8221;Audi \u00e4r f\u00f6r n\u00e4rvarande mycket popul\u00e4r. \u00c4gare av detta bilm\u00e4rke har ofta problem med att f\u00f6rlora t\u00e4ndningsnyckeln. V\u00e5rt f\u00f6retag som sysslar med tillverkning av Audi-nycklar, \u00f6versatt som &#8221;nyckeltillverkning&#8221;, kan hj\u00e4lpa till i denna situation.<\/p>\n<h3><strong>Specifika uppgifter om f\u00f6rfarandet<\/strong><\/h3>\n<p>Tillverkningen av duplikatnycklar f\u00f6r dessa produkter k\u00e4nnetecknas av vissa s\u00e4rdrag. Detta beror p\u00e5 att vi i det h\u00e4r fallet talar om chipnycklar. F\u00f6rfarandet \u00e4r d\u00e4rf\u00f6r vanligtvis begr\u00e4nsat till att ta bort och omprogrammera de mikrochips som finns inb\u00e4ddade i produkterna.<\/p>\n<p>Dessa manipulationer kan endast utf\u00f6ras av kvalificerade yrkesm\u00e4n som f\u00f6rst\u00e5r detaljerna i programmeringen av chipnycklar. Det \u00e4r v\u00e4rt att notera att om en komplett upps\u00e4ttning produkter g\u00e5r f\u00f6rlorade \u00e4r det mycket sv\u00e5rare att \u00e5terst\u00e4lla dem. Detta kan dock ocks\u00e5 g\u00f6ras genom att ta h\u00e4nsyn till bilslottets konstruktion.<\/p>\n<p>P\u00e5 s\u00e5 s\u00e4tt f\u00e5r du inte bara en kopia av fordonsnyckeln, utan \u00e4ven av det chip som \u00e4r inb\u00e4ddat i den.<br \/>\nDe viktigaste f\u00f6rdelarna med s\u00e5dana produkter \u00e4r:<\/p>\n<p>Du beh\u00f6ver inte b\u00e4ra hela nyckelknippan med dig.<\/p>\n<p>Du beh\u00f6ver inte b\u00e4ra med dig nyckelknippan.<\/p>\n<p>H\u00f6g produktionshastighet (vanligtvis kan en f\u00e4rdig produkt vara tillg\u00e4nglig inom en timme).<\/p>\n<p>En komplett nyckel finns inte i fordonet.<\/p>\n<p>V\u00e5ra specialister \u00e4r redo att erbjuda dig en produktionstj\u00e4nst f\u00f6r alla produktkonfigurationer och du kan vara s\u00e4ker p\u00e5 att du f\u00e5r en h\u00f6gkvalitativ tj\u00e4nst och en snabb l\u00f6sning p\u00e5 ditt problem. Vid behov kan du ocks\u00e5 f\u00f6rlita dig p\u00e5 r\u00e5d fr\u00e5n kvalificerade yrkesm\u00e4n.<\/p>\n<p>Det \u00e4r viktigt att notera att f\u00f6r att kunna best\u00e4lla den tj\u00e4nst som beskrivs i den h\u00e4r artikeln m\u00e5ste du tillhandah\u00e5lla dokument som bevisar att du \u00e4ger bilen, n\u00e4rmare best\u00e4mt fordonspasset. Detta \u00e4r n\u00f6dv\u00e4ndigt f\u00f6r att undvika problem med brottsbek\u00e4mpande myndigheter, eftersom olaglig uppl\u00e5sning av n\u00e5gon annans bil kan leda till \u00e5tal.<\/p>\n<h3><strong>Tillverkning av Audi-nycklar<\/strong><\/h3>\n<ul>\n<li>Audi A2 nyckeltillverkning<\/li>\n<li>Tillverkning av Audi A3-nycklar<\/li>\n<li>Tillverkning av Audi A4-nycklar<\/li>\n<li>Tillverkning av Audi A5-nycklar<\/li>\n<li>Tillverkning av Audi A6-nycklar<\/li>\n<li>Tillverkning av nycklar till Audi A7<\/li>\n<li>Tillverkning av Audi A8-nycklar<\/li>\n<li>Tillverkning av Audi Q5-nycklar<\/li>\n<li>Tillverkning av Audi Q7-nycklar<\/li>\n<li>Tillverkning av Audi TT-nycklar<\/li>\n<\/ul>\n<p>och andra&#8230;<\/p>\n","protected":false},"featured_media":20528,"comment_status":"open","ping_status":"closed","template":"","meta":[],"product_brand":[],"product_cat":[4210,5810],"product_tag":[5863,5798,5209,5867,5871,5799,4212,5212,5877,5800,5179,4218,5882,5801,4228,5888,5802,5892,5803,5184,4282,5186,5894,5804,5214,4287,5797,5215,4222,5188,5190,4291,4232,5192,4294,5193,5176],"class_list":{"0":"post-22378","1":"product","2":"type-product","3":"status-publish","4":"has-post-thumbnail","6":"product_cat-audi-sv","7":"product_cat-tillverkning-av-nycklar","8":"product_tag-audi-a2-sv","9":"product_tag-audi-a2-chipnyckel","10":"product_tag-audi-a2-nyckel","11":"product_tag-audi-a2-nyckelholje","12":"product_tag-audi-a3-sv","13":"product_tag-audi-a3-chipnyckel","14":"product_tag-audi-a3-nyckelholje","15":"product_tag-audi-a3-nyckel","16":"product_tag-audi-a4-sv","17":"product_tag-audi-a4-chipnyckel","18":"product_tag-audi-a4-nyckel","19":"product_tag-audi-a4-nyckelholje","20":"product_tag-audi-a5-sv","21":"product_tag-audi-a5-chipnyckel","22":"product_tag-audi-a5-nyckelholje","23":"product_tag-audi-a5-sportback-sv","24":"product_tag-audi-a5-sportback-chipnyckel","25":"product_tag-audi-a6-sv","26":"product_tag-audi-a6-chipnyckel","27":"product_tag-audi-a6-nyckel","28":"product_tag-audi-a6-nyckelholje","29":"product_tag-audi-a6l-nyckel","30":"product_tag-audi-a8-sv","31":"product_tag-audi-a8-chipnyckel","32":"product_tag-audi-a8-nyckel","33":"product_tag-audi-a8-nyckelholje","34":"product_tag-audi-chipnyckel","35":"product_tag-audi-nyckel-fjarrkontroll","36":"product_tag-audi-nyckelholje","37":"product_tag-audi-q5-nyckel","38":"product_tag-audi-q7-nyckel","39":"product_tag-audi-q7-nyckelskal","40":"product_tag-audi-s4-nyckelholje","41":"product_tag-audi-s8-nyckel","42":"product_tag-audi-tt-nyckelholje","43":"product_tag-audi-tt-nyckel","44":"product_tag-audi-nyckel","46":"first","47":"instock","48":"shipping-taxable","49":"product-type-simple"},"yoast_head":"<!-- This site is optimized with the Yoast SEO plugin v27.3 - https:\/\/yoast.com\/product\/yoast-seo-wordpress\/ -->\n<title>Tillverkning av nycklar till Audi-bilar - Keys for auto% %%sidnamn<\/title>\n<meta name=\"robots\" content=\"index, follow, max-snippet:-1, max-image-preview:large, max-video-preview:-1\" \/>\n<link rel=\"canonical\" href=\"https:\/\/keys-for-auto.eu\/sv\/product\/produktion-av-nycklar-for-audi-bilar\/\" \/>\n<meta property=\"og:locale\" content=\"sv_SE\" \/>\n<meta property=\"og:type\" content=\"article\" \/>\n<meta property=\"og:title\" content=\"Tillverkning av nycklar till Audi-bilar - Keys for auto% %%sidnamn\" \/>\n<meta property=\"og:description\" content=\"Tillverkning av bilnycklar  Tillverkning av nya bilnycklar, programmering av nycklar (&quot;bindning&quot; till bilen)  Radera tidigare f\u00f6rlorade nycklar fr\u00e5n bilens minne  Tillverkning av t\u00e4ndningsnyckeln enligt l\u00e5set  Reparation av bilnycklar (byte av knappar, skal, mekanismer)  Uppl\u00e5sning av bil i n\u00f6dsituationer  Byte av nycklar, nyckelfodral  Avst\u00e4ngning av DPF- och FAP-programvaran  Programbaserat avl\u00e4gsnande av EGR  Avaktivering av startsp\u00e4rrprogramvaran (immo Off)  Reparation, kloning och programmering av motorstyrenhet (ECU)  SRS (Programmering av styrenhet f\u00f6r krockkuddar)  artiklar skickas inom 3 arbetsdagar.* Speciella egenskaper hos Audi bilnycklar &quot;Audi \u00e4r f\u00f6r n\u00e4rvarande mycket popul\u00e4r. \u00c4gare av detta bilm\u00e4rke har ofta problem med att f\u00f6rlora t\u00e4ndningsnyckeln. V\u00e5rt f\u00f6retag som sysslar med tillverkning av Audi-nycklar, \u00f6versatt som &quot;nyckeltillverkning&quot;, kan hj\u00e4lpa till i denna situation. Specifika uppgifter om f\u00f6rfarandet Tillverkningen av duplikatnycklar f\u00f6r dessa produkter k\u00e4nnetecknas av vissa s\u00e4rdrag. Detta beror p\u00e5 att vi i det h\u00e4r fallet talar om chipnycklar. F\u00f6rfarandet \u00e4r d\u00e4rf\u00f6r vanligtvis begr\u00e4nsat till att ta bort och omprogrammera de mikrochips som finns inb\u00e4ddade i produkterna. Dessa manipulationer kan endast utf\u00f6ras av kvalificerade yrkesm\u00e4n som f\u00f6rst\u00e5r detaljerna i programmeringen av chipnycklar. Det \u00e4r v\u00e4rt att notera att om en komplett upps\u00e4ttning produkter g\u00e5r f\u00f6rlorade \u00e4r det mycket sv\u00e5rare att \u00e5terst\u00e4lla dem. Detta kan dock ocks\u00e5 g\u00f6ras genom att ta h\u00e4nsyn till bilslottets konstruktion. P\u00e5 s\u00e5 s\u00e4tt f\u00e5r du inte bara en kopia av fordonsnyckeln, utan \u00e4ven av det chip som \u00e4r inb\u00e4ddat i den. De viktigaste f\u00f6rdelarna med s\u00e5dana produkter \u00e4r: Du beh\u00f6ver inte b\u00e4ra hela nyckelknippan med dig. Du beh\u00f6ver inte b\u00e4ra med dig nyckelknippan. H\u00f6g produktionshastighet (vanligtvis kan en f\u00e4rdig produkt vara tillg\u00e4nglig inom en timme). En komplett nyckel finns inte i fordonet. V\u00e5ra specialister \u00e4r redo att erbjuda dig en produktionstj\u00e4nst f\u00f6r alla produktkonfigurationer och du kan vara s\u00e4ker p\u00e5 att du f\u00e5r en h\u00f6gkvalitativ tj\u00e4nst och en snabb l\u00f6sning p\u00e5 ditt problem. Vid behov kan du ocks\u00e5 f\u00f6rlita dig p\u00e5 r\u00e5d fr\u00e5n kvalificerade yrkesm\u00e4n. Det \u00e4r viktigt att notera att f\u00f6r att kunna best\u00e4lla den tj\u00e4nst som beskrivs i den h\u00e4r artikeln m\u00e5ste du tillhandah\u00e5lla dokument som bevisar att du \u00e4ger bilen, n\u00e4rmare best\u00e4mt fordonspasset. Detta \u00e4r n\u00f6dv\u00e4ndigt f\u00f6r att undvika problem med brottsbek\u00e4mpande myndigheter, eftersom olaglig uppl\u00e5sning av n\u00e5gon annans bil kan leda till \u00e5tal. Tillverkning av Audi-nycklar  Audi A2 nyckeltillverkning  Tillverkning av Audi A3-nycklar  Tillverkning av Audi A4-nycklar  Tillverkning av Audi A5-nycklar  Tillverkning av Audi A6-nycklar  Tillverkning av nycklar till Audi A7  Tillverkning av Audi A8-nycklar  Tillverkning av Audi Q5-nycklar  Tillverkning av Audi Q7-nycklar  Tillverkning av Audi TT-nycklar och andra...\" \/>\n<meta property=\"og:url\" content=\"https:\/\/keys-for-auto.eu\/sv\/product\/produktion-av-nycklar-for-audi-bilar\/\" \/>\n<meta property=\"og:site_name\" content=\"Keys for auto\" \/>\n<meta property=\"article:publisher\" content=\"https:\/\/www.facebook.com\/KeysForAutoEU\" \/>\n<meta property=\"og:image\" content=\"https:\/\/keys-for-auto.eu\/wp-content\/uploads\/2022\/12\/admin-ajax-removebg-preview.png\" \/>\n\t<meta property=\"og:image:width\" content=\"400\" \/>\n\t<meta property=\"og:image:height\" content=\"400\" \/>\n\t<meta property=\"og:image:type\" content=\"image\/png\" \/>\n<meta name=\"twitter:card\" content=\"summary_large_image\" \/>\n<script type=\"application\/ld+json\" class=\"yoast-schema-graph\">{\"@context\":\"https:\\\/\\\/schema.org\",\"@graph\":[{\"@type\":[\"WebPage\",\"ItemPage\"],\"@id\":\"https:\\\/\\\/keys-for-auto.eu\\\/sv\\\/product\\\/produktion-av-nycklar-for-audi-bilar\\\/\",\"url\":\"https:\\\/\\\/keys-for-auto.eu\\\/sv\\\/product\\\/produktion-av-nycklar-for-audi-bilar\\\/\",\"name\":\"Tillverkning av nycklar till Audi-bilar - Keys for auto% %%sidnamn\",\"isPartOf\":{\"@id\":\"https:\\\/\\\/keys-for-auto.eu\\\/sv\\\/#website\"},\"primaryImageOfPage\":{\"@id\":\"https:\\\/\\\/keys-for-auto.eu\\\/sv\\\/product\\\/produktion-av-nycklar-for-audi-bilar\\\/#primaryimage\"},\"image\":{\"@id\":\"https:\\\/\\\/keys-for-auto.eu\\\/sv\\\/product\\\/produktion-av-nycklar-for-audi-bilar\\\/#primaryimage\"},\"thumbnailUrl\":\"https:\\\/\\\/keys-for-auto.eu\\\/wp-content\\\/uploads\\\/2022\\\/12\\\/admin-ajax-removebg-preview.png\",\"datePublished\":\"2017-06-04T17:07:04+00:00\",\"breadcrumb\":{\"@id\":\"https:\\\/\\\/keys-for-auto.eu\\\/sv\\\/product\\\/produktion-av-nycklar-for-audi-bilar\\\/#breadcrumb\"},\"inLanguage\":\"sv-SE\",\"potentialAction\":[{\"@type\":\"ReadAction\",\"target\":[\"https:\\\/\\\/keys-for-auto.eu\\\/sv\\\/product\\\/produktion-av-nycklar-for-audi-bilar\\\/\"]}]},{\"@type\":\"ImageObject\",\"inLanguage\":\"sv-SE\",\"@id\":\"https:\\\/\\\/keys-for-auto.eu\\\/sv\\\/product\\\/produktion-av-nycklar-for-audi-bilar\\\/#primaryimage\",\"url\":\"https:\\\/\\\/keys-for-auto.eu\\\/wp-content\\\/uploads\\\/2022\\\/12\\\/admin-ajax-removebg-preview.png\",\"contentUrl\":\"https:\\\/\\\/keys-for-auto.eu\\\/wp-content\\\/uploads\\\/2022\\\/12\\\/admin-ajax-removebg-preview.png\",\"width\":400,\"height\":400},{\"@type\":\"BreadcrumbList\",\"@id\":\"https:\\\/\\\/keys-for-auto.eu\\\/sv\\\/product\\\/produktion-av-nycklar-for-audi-bilar\\\/#breadcrumb\",\"itemListElement\":[{\"@type\":\"ListItem\",\"position\":1,\"name\":\"Hem\",\"item\":\"https:\\\/\\\/keys-for-auto.eu\\\/sv\\\/\"},{\"@type\":\"ListItem\",\"position\":2,\"name\":\"Shop\",\"item\":\"https:\\\/\\\/keys-for-auto.eu\\\/\"},{\"@type\":\"ListItem\",\"position\":3,\"name\":\"Tillverkning av nycklar till Audi-bilar\"}]},{\"@type\":\"WebSite\",\"@id\":\"https:\\\/\\\/keys-for-auto.eu\\\/sv\\\/#website\",\"url\":\"https:\\\/\\\/keys-for-auto.eu\\\/sv\\\/\",\"name\":\"Keys for auto\",\"description\":\"Car keys,  key shells, key programming\",\"publisher\":{\"@id\":\"https:\\\/\\\/keys-for-auto.eu\\\/sv\\\/#organization\"},\"potentialAction\":[{\"@type\":\"SearchAction\",\"target\":{\"@type\":\"EntryPoint\",\"urlTemplate\":\"https:\\\/\\\/keys-for-auto.eu\\\/sv\\\/?s={search_term_string}\"},\"query-input\":{\"@type\":\"PropertyValueSpecification\",\"valueRequired\":true,\"valueName\":\"search_term_string\"}}],\"inLanguage\":\"sv-SE\"},{\"@type\":\"Organization\",\"@id\":\"https:\\\/\\\/keys-for-auto.eu\\\/sv\\\/#organization\",\"name\":\"Nycklar f\u00f6r bil\",\"url\":\"https:\\\/\\\/keys-for-auto.eu\\\/sv\\\/\",\"logo\":{\"@type\":\"ImageObject\",\"inLanguage\":\"sv-SE\",\"@id\":\"https:\\\/\\\/keys-for-auto.eu\\\/sv\\\/#\\\/schema\\\/logo\\\/image\\\/\",\"url\":\"https:\\\/\\\/keys-for-auto.eu\\\/wp-content\\\/uploads\\\/2022\\\/11\\\/cropped-png1.png\",\"contentUrl\":\"https:\\\/\\\/keys-for-auto.eu\\\/wp-content\\\/uploads\\\/2022\\\/11\\\/cropped-png1.png\",\"width\":1000,\"height\":342,\"caption\":\"Nycklar f\u00f6r bil\"},\"image\":{\"@id\":\"https:\\\/\\\/keys-for-auto.eu\\\/sv\\\/#\\\/schema\\\/logo\\\/image\\\/\"},\"sameAs\":[\"https:\\\/\\\/www.facebook.com\\\/KeysForAutoEU\"]}]}<\/script>\n<!-- \/ Yoast SEO plugin. -->","yoast_head_json":{"title":"Tillverkning av nycklar till Audi-bilar - Keys for auto% %%sidnamn","robots":{"index":"index","follow":"follow","max-snippet":"max-snippet:-1","max-image-preview":"max-image-preview:large","max-video-preview":"max-video-preview:-1"},"canonical":"https:\/\/keys-for-auto.eu\/sv\/product\/produktion-av-nycklar-for-audi-bilar\/","og_locale":"sv_SE","og_type":"article","og_title":"Tillverkning av nycklar till Audi-bilar - Keys for auto% %%sidnamn","og_description":"Tillverkning av bilnycklar  Tillverkning av nya bilnycklar, programmering av nycklar (\"bindning\" till bilen)  Radera tidigare f\u00f6rlorade nycklar fr\u00e5n bilens minne  Tillverkning av t\u00e4ndningsnyckeln enligt l\u00e5set  Reparation av bilnycklar (byte av knappar, skal, mekanismer)  Uppl\u00e5sning av bil i n\u00f6dsituationer  Byte av nycklar, nyckelfodral  Avst\u00e4ngning av DPF- och FAP-programvaran  Programbaserat avl\u00e4gsnande av EGR  Avaktivering av startsp\u00e4rrprogramvaran (immo Off)  Reparation, kloning och programmering av motorstyrenhet (ECU)  SRS (Programmering av styrenhet f\u00f6r krockkuddar)  artiklar skickas inom 3 arbetsdagar.* Speciella egenskaper hos Audi bilnycklar \"Audi \u00e4r f\u00f6r n\u00e4rvarande mycket popul\u00e4r. \u00c4gare av detta bilm\u00e4rke har ofta problem med att f\u00f6rlora t\u00e4ndningsnyckeln. V\u00e5rt f\u00f6retag som sysslar med tillverkning av Audi-nycklar, \u00f6versatt som \"nyckeltillverkning\", kan hj\u00e4lpa till i denna situation. Specifika uppgifter om f\u00f6rfarandet Tillverkningen av duplikatnycklar f\u00f6r dessa produkter k\u00e4nnetecknas av vissa s\u00e4rdrag. Detta beror p\u00e5 att vi i det h\u00e4r fallet talar om chipnycklar. F\u00f6rfarandet \u00e4r d\u00e4rf\u00f6r vanligtvis begr\u00e4nsat till att ta bort och omprogrammera de mikrochips som finns inb\u00e4ddade i produkterna. Dessa manipulationer kan endast utf\u00f6ras av kvalificerade yrkesm\u00e4n som f\u00f6rst\u00e5r detaljerna i programmeringen av chipnycklar. Det \u00e4r v\u00e4rt att notera att om en komplett upps\u00e4ttning produkter g\u00e5r f\u00f6rlorade \u00e4r det mycket sv\u00e5rare att \u00e5terst\u00e4lla dem. Detta kan dock ocks\u00e5 g\u00f6ras genom att ta h\u00e4nsyn till bilslottets konstruktion. P\u00e5 s\u00e5 s\u00e4tt f\u00e5r du inte bara en kopia av fordonsnyckeln, utan \u00e4ven av det chip som \u00e4r inb\u00e4ddat i den. De viktigaste f\u00f6rdelarna med s\u00e5dana produkter \u00e4r: Du beh\u00f6ver inte b\u00e4ra hela nyckelknippan med dig. Du beh\u00f6ver inte b\u00e4ra med dig nyckelknippan. H\u00f6g produktionshastighet (vanligtvis kan en f\u00e4rdig produkt vara tillg\u00e4nglig inom en timme). En komplett nyckel finns inte i fordonet. V\u00e5ra specialister \u00e4r redo att erbjuda dig en produktionstj\u00e4nst f\u00f6r alla produktkonfigurationer och du kan vara s\u00e4ker p\u00e5 att du f\u00e5r en h\u00f6gkvalitativ tj\u00e4nst och en snabb l\u00f6sning p\u00e5 ditt problem. Vid behov kan du ocks\u00e5 f\u00f6rlita dig p\u00e5 r\u00e5d fr\u00e5n kvalificerade yrkesm\u00e4n. Det \u00e4r viktigt att notera att f\u00f6r att kunna best\u00e4lla den tj\u00e4nst som beskrivs i den h\u00e4r artikeln m\u00e5ste du tillhandah\u00e5lla dokument som bevisar att du \u00e4ger bilen, n\u00e4rmare best\u00e4mt fordonspasset. Detta \u00e4r n\u00f6dv\u00e4ndigt f\u00f6r att undvika problem med brottsbek\u00e4mpande myndigheter, eftersom olaglig uppl\u00e5sning av n\u00e5gon annans bil kan leda till \u00e5tal. Tillverkning av Audi-nycklar  Audi A2 nyckeltillverkning  Tillverkning av Audi A3-nycklar  Tillverkning av Audi A4-nycklar  Tillverkning av Audi A5-nycklar  Tillverkning av Audi A6-nycklar  Tillverkning av nycklar till Audi A7  Tillverkning av Audi A8-nycklar  Tillverkning av Audi Q5-nycklar  Tillverkning av Audi Q7-nycklar  Tillverkning av Audi TT-nycklar och andra...","og_url":"https:\/\/keys-for-auto.eu\/sv\/product\/produktion-av-nycklar-for-audi-bilar\/","og_site_name":"Keys for auto","article_publisher":"https:\/\/www.facebook.com\/KeysForAutoEU","og_image":[{"width":400,"height":400,"url":"https:\/\/keys-for-auto.eu\/wp-content\/uploads\/2022\/12\/admin-ajax-removebg-preview.png","type":"image\/png"}],"twitter_card":"summary_large_image","schema":{"@context":"https:\/\/schema.org","@graph":[{"@type":["WebPage","ItemPage"],"@id":"https:\/\/keys-for-auto.eu\/sv\/product\/produktion-av-nycklar-for-audi-bilar\/","url":"https:\/\/keys-for-auto.eu\/sv\/product\/produktion-av-nycklar-for-audi-bilar\/","name":"Tillverkning av nycklar till Audi-bilar - Keys for auto% %%sidnamn","isPartOf":{"@id":"https:\/\/keys-for-auto.eu\/sv\/#website"},"primaryImageOfPage":{"@id":"https:\/\/keys-for-auto.eu\/sv\/product\/produktion-av-nycklar-for-audi-bilar\/#primaryimage"},"image":{"@id":"https:\/\/keys-for-auto.eu\/sv\/product\/produktion-av-nycklar-for-audi-bilar\/#primaryimage"},"thumbnailUrl":"https:\/\/keys-for-auto.eu\/wp-content\/uploads\/2022\/12\/admin-ajax-removebg-preview.png","datePublished":"2017-06-04T17:07:04+00:00","breadcrumb":{"@id":"https:\/\/keys-for-auto.eu\/sv\/product\/produktion-av-nycklar-for-audi-bilar\/#breadcrumb"},"inLanguage":"sv-SE","potentialAction":[{"@type":"ReadAction","target":["https:\/\/keys-for-auto.eu\/sv\/product\/produktion-av-nycklar-for-audi-bilar\/"]}]},{"@type":"ImageObject","inLanguage":"sv-SE","@id":"https:\/\/keys-for-auto.eu\/sv\/product\/produktion-av-nycklar-for-audi-bilar\/#primaryimage","url":"https:\/\/keys-for-auto.eu\/wp-content\/uploads\/2022\/12\/admin-ajax-removebg-preview.png","contentUrl":"https:\/\/keys-for-auto.eu\/wp-content\/uploads\/2022\/12\/admin-ajax-removebg-preview.png","width":400,"height":400},{"@type":"BreadcrumbList","@id":"https:\/\/keys-for-auto.eu\/sv\/product\/produktion-av-nycklar-for-audi-bilar\/#breadcrumb","itemListElement":[{"@type":"ListItem","position":1,"name":"Hem","item":"https:\/\/keys-for-auto.eu\/sv\/"},{"@type":"ListItem","position":2,"name":"Shop","item":"https:\/\/keys-for-auto.eu\/"},{"@type":"ListItem","position":3,"name":"Tillverkning av nycklar till Audi-bilar"}]},{"@type":"WebSite","@id":"https:\/\/keys-for-auto.eu\/sv\/#website","url":"https:\/\/keys-for-auto.eu\/sv\/","name":"Keys for auto","description":"Car keys,  key shells, key programming","publisher":{"@id":"https:\/\/keys-for-auto.eu\/sv\/#organization"},"potentialAction":[{"@type":"SearchAction","target":{"@type":"EntryPoint","urlTemplate":"https:\/\/keys-for-auto.eu\/sv\/?s={search_term_string}"},"query-input":{"@type":"PropertyValueSpecification","valueRequired":true,"valueName":"search_term_string"}}],"inLanguage":"sv-SE"},{"@type":"Organization","@id":"https:\/\/keys-for-auto.eu\/sv\/#organization","name":"Nycklar f\u00f6r bil","url":"https:\/\/keys-for-auto.eu\/sv\/","logo":{"@type":"ImageObject","inLanguage":"sv-SE","@id":"https:\/\/keys-for-auto.eu\/sv\/#\/schema\/logo\/image\/","url":"https:\/\/keys-for-auto.eu\/wp-content\/uploads\/2022\/11\/cropped-png1.png","contentUrl":"https:\/\/keys-for-auto.eu\/wp-content\/uploads\/2022\/11\/cropped-png1.png","width":1000,"height":342,"caption":"Nycklar f\u00f6r bil"},"image":{"@id":"https:\/\/keys-for-auto.eu\/sv\/#\/schema\/logo\/image\/"},"sameAs":["https:\/\/www.facebook.com\/KeysForAutoEU"]}]}},"_links":{"self":[{"href":"https:\/\/keys-for-auto.eu\/sv\/wp-json\/wp\/v2\/product\/22378","targetHints":{"allow":["GET"]}}],"collection":[{"href":"https:\/\/keys-for-auto.eu\/sv\/wp-json\/wp\/v2\/product"}],"about":[{"href":"https:\/\/keys-for-auto.eu\/sv\/wp-json\/wp\/v2\/types\/product"}],"replies":[{"embeddable":true,"href":"https:\/\/keys-for-auto.eu\/sv\/wp-json\/wp\/v2\/comments?post=22378"}],"wp:featuredmedia":[{"embeddable":true,"href":"https:\/\/keys-for-auto.eu\/sv\/wp-json\/wp\/v2\/media\/20528"}],"wp:attachment":[{"href":"https:\/\/keys-for-auto.eu\/sv\/wp-json\/wp\/v2\/media?parent=22378"}],"wp:term":[{"taxonomy":"product_brand","embeddable":true,"href":"https:\/\/keys-for-auto.eu\/sv\/wp-json\/wp\/v2\/product_brand?post=22378"},{"taxonomy":"product_cat","embeddable":true,"href":"https:\/\/keys-for-auto.eu\/sv\/wp-json\/wp\/v2\/product_cat?post=22378"},{"taxonomy":"product_tag","embeddable":true,"href":"https:\/\/keys-for-auto.eu\/sv\/wp-json\/wp\/v2\/product_tag?post=22378"}],"curies":[{"name":"wp","href":"https:\/\/api.w.org\/{rel}","templated":true}]}}