{"id":22376,"date":"2017-12-03T12:38:18","date_gmt":"2017-12-03T12:38:18","guid":{"rendered":"https:\/\/keys-for-auto.eu\/product\/tillverkning-av-nycklar-till-peugeot-bilar\/"},"modified":"2017-12-03T12:38:18","modified_gmt":"2017-12-03T12:38:18","slug":"produktion-av-nycklar-till-peugeot-bilar","status":"publish","type":"product","link":"https:\/\/keys-for-auto.eu\/sv\/product\/produktion-av-nycklar-till-peugeot-bilar\/","title":{"rendered":"Tillverkning av nycklar till Peugeot-bilar"},"content":{"rendered":"<h2><strong>Tillverkning av Peugeot-nycklar<\/strong><\/h2>\n<ul>\n<li>Tillverkning av nycklar till Peugeot 508<\/li>\n<li>Tillverkning av nycklar till Peugeot 308<\/li>\n<li>Tillverkning av nycklar till Peugeot 208<\/li>\n<li>Tillverkning av nycklar till Peugeot Partner<\/li>\n<li>Tillverkning av nycklar till Peugeot 301<\/li>\n<li>Tillverkning av nycklar till Peugeot 607<\/li>\n<li>Tillverkning av nycklar till Peugeot 807<\/li>\n<li>Tillverkning av nycklar till Peugeot 407<\/li>\n<li>Tillverkning av nycklar till Peugeot 207<\/li>\n<li>Tillverkning av nycklar till Peugeot 307<\/li>\n<li>Tillverkning av nycklar till Peugeot 208<\/li>\n<li>Tillverkning av Peugeot Boxer-nycklar<\/li>\n<\/ul>\n<p>och andra&#8230;<\/p>\n<p>&nbsp;<\/p>\n<h3><strong>Utbyte av skal fr\u00e5n Peugeot<\/strong><\/h3>\n<p><strong>Innan:<\/strong><\/p>\n<p><img loading=\"lazy\" decoding=\"async\" class=\"alignleft wp-image-2677\" src=\"https:\/\/raktai-automobiliams.lt\/wp-content\/uploads\/2017\/12\/20171211_195606.jpg\" alt=\"Prie\u0161 korpuso keitim\u0105\" width=\"227\" height=\"309\"><\/p>\n<h2><img loading=\"lazy\" decoding=\"async\" class=\"wp-image-2678 alignleft\" src=\"https:\/\/raktai-automobiliams.lt\/wp-content\/uploads\/2017\/12\/20171212_001120.jpg\" alt=\"\" width=\"229\" height=\"256\"><\/h2>\n<p><strong>och efter&#8230;<\/strong><\/p>\n<h2><\/h2>\n<h3><strong>Peugeot viktigaste tillverkningsegenskaper<\/strong><\/h3>\n<p>Att f\u00f6rlora en bilnyckel \u00e4r alltid en mycket obehaglig h\u00e4ndelse i \u00e4garens liv, s\u00e4rskilt om nyckeln var den enda. Det \u00e4r d\u00e4rf\u00f6r v\u00e4rt att se till att du har en extra uppl\u00e5sningsenhet i f\u00f6rv\u00e4g. Det \u00e4r att f\u00f6redra att f\u00e5 en kopia av en modern viknyckel tillverkad av en specialiserad verkstad, eftersom detta garanterar en l\u00e5ng och oavbruten drift av apparaten.<\/p>\n<h3><strong>Unik kryptering &#8211; skydd mot tappning<\/strong><\/h3>\n<p>Tillverkningen av den mekaniska delen av duplikatnyckeln \u00e4r en enkel uppgift. Det r\u00e4cker dock inte att bara ta fram nyckelbladet f\u00f6r att \u00e5terst\u00e4lla det. Den nya generationen av Peugeot-bilar \u00e4r utrustade med en uppl\u00e5sningsanordning med ett inbyggt chip. P\u00e5 fabriken anges en speciell kod som g\u00f6r det om\u00f6jligt att starta bilen utan den. Det g\u00e5r att s\u00e4tta in nyckeln i l\u00e5sh\u00e5let i d\u00f6rrhandtaget och \u00f6ppna d\u00f6rren, men motorn startar inte. Bilen fungerar inte om nyckelns individuella kod inte k\u00e4nns igen av den inbyggda transceivern. Fordonet fungerar endast om informationen i styrenheten \u00e4r helt kompatibel med informationen i nyckelchipet. Dessutom \u00e4r koden individuell f\u00f6r varje enskilt fordon och upprepas aldrig. Den kan endast l\u00e4sas av en tekniker med hj\u00e4lp av en speciell diagnostisk apparat.<\/p>\n<p>Det \u00e4r krypteringen av nyckeln som \u00e4r sv\u00e5rast: om du f\u00f6rs\u00f6ker v\u00e4lja koden p\u00e5 egen hand kommer bilen att betrakta det som ett f\u00f6rs\u00f6k att k\u00f6ra iv\u00e4g och blockera kontrollsystemen. Dessutom m\u00e5ste man f\u00f6r att kopiera nyckeln ange de uppgifter som kr\u00e4vs f\u00f6r fj\u00e4rr\u00e5tkomst till bilens bagageutrymme, f\u00f6nster och soltak\/panoramatak. Om inriktningen \u00e4r felaktig kommer dessa system inte att svara p\u00e5 dubbla kommandon.<\/p>\n<h3><strong>Tillverkning av Peugeot-nycklar<\/strong><\/h3>\n<p>Det \u00e4r m\u00f6jligt att g\u00f6ra en kopia av en modern bilnyckel \u00e4ven om alla originalnycklar har g\u00e5tt f\u00f6rlorade. \u00c5terh\u00e4mtningen sker &#8221;under l\u00e5s och bom&#8221; och kostar bil\u00e4garen betydligt mer \u00e4n en enkel kopia. I vilket fall som helst m\u00e5ste en specialiserad verkstad kontaktas.<\/p>\n","protected":false},"excerpt":{"rendered":"<h2>Vi tillverkar och programmerar nycklar, elektroniska (smarta) nycklar f\u00f6r Peugeot-bilar.<\/h2>\n<ul>\n<li>Tillverkning av Peugeot-nycklar<\/li>\n<li>Programmering av Peugeot-nycklar<\/li>\n<li>Reparation av Peugeot-nycklar<\/li>\n<li>Peugeot nyckelh\u00f6ljen<\/li>\n<li>Peugeot nycklar produktion, programmering<\/li>\n<li>N\u00f6duppl\u00e5sning av Peugeot-bilar i n\u00f6dsituationer<\/li>\n<\/ul>\n<h3><strong>Tillverkning av bilnycklar<\/strong><\/h3>\n<ul>\n<li><strong>Tillverkning av nya bilnycklar, programmering av nycklar (&#8221;bindning&#8221; till bilen)<\/strong><\/li>\n<li><strong>Radera tidigare f\u00f6rlorade nycklar fr\u00e5n bilens minne<\/strong><\/li>\n<li><strong>Tillverkning av t\u00e4ndningsnyckeln enligt l\u00e5set<\/strong><\/li>\n<li><strong>Reparation av bilnycklar (byte av knappar, skal, mekanismer)<\/strong><\/li>\n<li><strong>Uppl\u00e5sning av bil i n\u00f6dsituationer<\/strong><\/li>\n<li><strong>Byte av nycklar, nyckelfodral<\/strong><\/li>\n<li><strong>Avst\u00e4ngning av DPF- och FAP-programvaran<\/strong><\/li>\n<li><strong>Programbaserat avl\u00e4gsnande av EGR<\/strong><\/li>\n<li><strong>Avaktivering av startsp\u00e4rrprogramvaran (immo Off)<\/strong><\/li>\n<li><strong>Reparation, kloning och programmering av motorstyrenhet (ECU)<\/strong><\/li>\n<li><strong>SRS (Programmering av styrenhet f\u00f6r krockkuddar)<\/strong><\/li>\n<\/ul>\n<h4><strong>  artiklar skickas inom 3 arbetsdagar.*<\/strong><\/h4>\n<p>&nbsp;<\/p>\n<hr>\n<p>&nbsp;<\/p>\n","protected":false},"featured_media":21260,"comment_status":"open","ping_status":"closed","template":"","meta":[],"product_brand":[],"product_cat":[4813,5810],"product_tag":[5658,4846,4863,4865,5659,4868,5661,4824,4873,4830,4835,4876,4877,4880,5608,4842,4814,5590],"class_list":{"0":"post-22376","1":"product","2":"type-product","3":"status-publish","4":"has-post-thumbnail","6":"product_cat-peugeot-sv","7":"product_cat-tillverkning-av-nycklar","8":"product_tag-nyckel-till-peugeot-107","9":"product_tag-peugeot-1007-nyckelskal","10":"product_tag-peugeot-106-nyckelskal","11":"product_tag-peugeot-205-nyckelskal","12":"product_tag-peugeot-206-nyckel","13":"product_tag-peugeot-206-nyckelskal","14":"product_tag-peugeot-207-nyckel","15":"product_tag-peugeot-207-nyckelskal","16":"product_tag-peugeot-306-nyckelskal","17":"product_tag-peugeot-307-nyckelskal","18":"product_tag-peugeot-308-nyckelskal","19":"product_tag-peugeot-405-nyckelskal","20":"product_tag-peugeot-406-nyckelskal","21":"product_tag-peugeot-407-nyckelskal","22":"product_tag-peugeot-508-nyckel","23":"product_tag-peugeot-607-nyckelskal","24":"product_tag-peugeot-nyckelholje","25":"product_tag-peugeot-nyckel","27":"first","28":"instock","29":"shipping-taxable","30":"product-type-simple"},"yoast_head":"<!-- This site is optimized with the Yoast SEO plugin v27.3 - https:\/\/yoast.com\/product\/yoast-seo-wordpress\/ -->\n<title>Tillverkning av nycklar till Peugeot-bilar - Keys for auto% %%sidnamn<\/title>\n<meta name=\"robots\" content=\"index, follow, max-snippet:-1, max-image-preview:large, max-video-preview:-1\" \/>\n<link rel=\"canonical\" href=\"https:\/\/keys-for-auto.eu\/sv\/product\/produktion-av-nycklar-till-peugeot-bilar\/\" \/>\n<meta property=\"og:locale\" content=\"sv_SE\" \/>\n<meta property=\"og:type\" content=\"article\" \/>\n<meta property=\"og:title\" content=\"Tillverkning av nycklar till Peugeot-bilar - Keys for auto% %%sidnamn\" \/>\n<meta property=\"og:description\" content=\"Vi tillverkar och programmerar nycklar, elektroniska (smarta) nycklar f\u00f6r Peugeot-bilar.  Tillverkning av Peugeot-nycklar  Programmering av Peugeot-nycklar  Reparation av Peugeot-nycklar  Peugeot nyckelh\u00f6ljen  Peugeot nycklar produktion, programmering  N\u00f6duppl\u00e5sning av Peugeot-bilar i n\u00f6dsituationer Tillverkning av bilnycklar  Tillverkning av nya bilnycklar, programmering av nycklar (&quot;bindning&quot; till bilen)  Radera tidigare f\u00f6rlorade nycklar fr\u00e5n bilens minne  Tillverkning av t\u00e4ndningsnyckeln enligt l\u00e5set  Reparation av bilnycklar (byte av knappar, skal, mekanismer)  Uppl\u00e5sning av bil i n\u00f6dsituationer  Byte av nycklar, nyckelfodral  Avst\u00e4ngning av DPF- och FAP-programvaran  Programbaserat avl\u00e4gsnande av EGR  Avaktivering av startsp\u00e4rrprogramvaran (immo Off)  Reparation, kloning och programmering av motorstyrenhet (ECU)  SRS (Programmering av styrenhet f\u00f6r krockkuddar)  artiklar skickas inom 3 arbetsdagar.* &nbsp;  &nbsp;\" \/>\n<meta property=\"og:url\" content=\"https:\/\/keys-for-auto.eu\/sv\/product\/produktion-av-nycklar-till-peugeot-bilar\/\" \/>\n<meta property=\"og:site_name\" content=\"Keys for auto\" \/>\n<meta property=\"article:publisher\" content=\"https:\/\/www.facebook.com\/KeysForAutoEU\" \/>\n<meta property=\"og:image\" content=\"https:\/\/i0.wp.com\/keys-for-auto.eu\/wp-content\/uploads\/2022\/12\/admin-ajax-removebg-preview-4.png?fit=400%2C400&ssl=1\" \/>\n\t<meta property=\"og:image:width\" content=\"400\" \/>\n\t<meta property=\"og:image:height\" content=\"400\" \/>\n\t<meta property=\"og:image:type\" content=\"image\/png\" \/>\n<meta name=\"twitter:card\" content=\"summary_large_image\" \/>\n<meta name=\"twitter:label1\" content=\"Ber\u00e4knad l\u00e4stid\" \/>\n\t<meta name=\"twitter:data1\" content=\"2 minuter\" \/>\n<script type=\"application\/ld+json\" class=\"yoast-schema-graph\">{\"@context\":\"https:\\\/\\\/schema.org\",\"@graph\":[{\"@type\":[\"WebPage\",\"ItemPage\"],\"@id\":\"https:\\\/\\\/keys-for-auto.eu\\\/sv\\\/product\\\/produktion-av-nycklar-till-peugeot-bilar\\\/\",\"url\":\"https:\\\/\\\/keys-for-auto.eu\\\/sv\\\/product\\\/produktion-av-nycklar-till-peugeot-bilar\\\/\",\"name\":\"Tillverkning av nycklar till Peugeot-bilar - Keys for auto% %%sidnamn\",\"isPartOf\":{\"@id\":\"https:\\\/\\\/keys-for-auto.eu\\\/sv\\\/#website\"},\"primaryImageOfPage\":{\"@id\":\"https:\\\/\\\/keys-for-auto.eu\\\/sv\\\/product\\\/produktion-av-nycklar-till-peugeot-bilar\\\/#primaryimage\"},\"image\":{\"@id\":\"https:\\\/\\\/keys-for-auto.eu\\\/sv\\\/product\\\/produktion-av-nycklar-till-peugeot-bilar\\\/#primaryimage\"},\"thumbnailUrl\":\"https:\\\/\\\/keys-for-auto.eu\\\/wp-content\\\/uploads\\\/2022\\\/12\\\/admin-ajax-removebg-preview-4.png\",\"datePublished\":\"2017-12-03T12:38:18+00:00\",\"breadcrumb\":{\"@id\":\"https:\\\/\\\/keys-for-auto.eu\\\/sv\\\/product\\\/produktion-av-nycklar-till-peugeot-bilar\\\/#breadcrumb\"},\"inLanguage\":\"sv-SE\",\"potentialAction\":[{\"@type\":\"ReadAction\",\"target\":[\"https:\\\/\\\/keys-for-auto.eu\\\/sv\\\/product\\\/produktion-av-nycklar-till-peugeot-bilar\\\/\"]}]},{\"@type\":\"ImageObject\",\"inLanguage\":\"sv-SE\",\"@id\":\"https:\\\/\\\/keys-for-auto.eu\\\/sv\\\/product\\\/produktion-av-nycklar-till-peugeot-bilar\\\/#primaryimage\",\"url\":\"https:\\\/\\\/keys-for-auto.eu\\\/wp-content\\\/uploads\\\/2022\\\/12\\\/admin-ajax-removebg-preview-4.png\",\"contentUrl\":\"https:\\\/\\\/keys-for-auto.eu\\\/wp-content\\\/uploads\\\/2022\\\/12\\\/admin-ajax-removebg-preview-4.png\",\"width\":400,\"height\":400},{\"@type\":\"BreadcrumbList\",\"@id\":\"https:\\\/\\\/keys-for-auto.eu\\\/sv\\\/product\\\/produktion-av-nycklar-till-peugeot-bilar\\\/#breadcrumb\",\"itemListElement\":[{\"@type\":\"ListItem\",\"position\":1,\"name\":\"Hem\",\"item\":\"https:\\\/\\\/keys-for-auto.eu\\\/sv\\\/\"},{\"@type\":\"ListItem\",\"position\":2,\"name\":\"Shop\",\"item\":\"https:\\\/\\\/keys-for-auto.eu\\\/\"},{\"@type\":\"ListItem\",\"position\":3,\"name\":\"Tillverkning av nycklar till Peugeot-bilar\"}]},{\"@type\":\"WebSite\",\"@id\":\"https:\\\/\\\/keys-for-auto.eu\\\/sv\\\/#website\",\"url\":\"https:\\\/\\\/keys-for-auto.eu\\\/sv\\\/\",\"name\":\"Keys for auto\",\"description\":\"Car keys,  key shells, key programming\",\"publisher\":{\"@id\":\"https:\\\/\\\/keys-for-auto.eu\\\/sv\\\/#organization\"},\"potentialAction\":[{\"@type\":\"SearchAction\",\"target\":{\"@type\":\"EntryPoint\",\"urlTemplate\":\"https:\\\/\\\/keys-for-auto.eu\\\/sv\\\/?s={search_term_string}\"},\"query-input\":{\"@type\":\"PropertyValueSpecification\",\"valueRequired\":true,\"valueName\":\"search_term_string\"}}],\"inLanguage\":\"sv-SE\"},{\"@type\":\"Organization\",\"@id\":\"https:\\\/\\\/keys-for-auto.eu\\\/sv\\\/#organization\",\"name\":\"Nycklar f\u00f6r bil\",\"url\":\"https:\\\/\\\/keys-for-auto.eu\\\/sv\\\/\",\"logo\":{\"@type\":\"ImageObject\",\"inLanguage\":\"sv-SE\",\"@id\":\"https:\\\/\\\/keys-for-auto.eu\\\/sv\\\/#\\\/schema\\\/logo\\\/image\\\/\",\"url\":\"https:\\\/\\\/keys-for-auto.eu\\\/wp-content\\\/uploads\\\/2022\\\/11\\\/cropped-png1.png\",\"contentUrl\":\"https:\\\/\\\/keys-for-auto.eu\\\/wp-content\\\/uploads\\\/2022\\\/11\\\/cropped-png1.png\",\"width\":1000,\"height\":342,\"caption\":\"Nycklar f\u00f6r bil\"},\"image\":{\"@id\":\"https:\\\/\\\/keys-for-auto.eu\\\/sv\\\/#\\\/schema\\\/logo\\\/image\\\/\"},\"sameAs\":[\"https:\\\/\\\/www.facebook.com\\\/KeysForAutoEU\"]}]}<\/script>\n<!-- \/ Yoast SEO plugin. -->","yoast_head_json":{"title":"Tillverkning av nycklar till Peugeot-bilar - Keys for auto% %%sidnamn","robots":{"index":"index","follow":"follow","max-snippet":"max-snippet:-1","max-image-preview":"max-image-preview:large","max-video-preview":"max-video-preview:-1"},"canonical":"https:\/\/keys-for-auto.eu\/sv\/product\/produktion-av-nycklar-till-peugeot-bilar\/","og_locale":"sv_SE","og_type":"article","og_title":"Tillverkning av nycklar till Peugeot-bilar - Keys for auto% %%sidnamn","og_description":"Vi tillverkar och programmerar nycklar, elektroniska (smarta) nycklar f\u00f6r Peugeot-bilar.  Tillverkning av Peugeot-nycklar  Programmering av Peugeot-nycklar  Reparation av Peugeot-nycklar  Peugeot nyckelh\u00f6ljen  Peugeot nycklar produktion, programmering  N\u00f6duppl\u00e5sning av Peugeot-bilar i n\u00f6dsituationer Tillverkning av bilnycklar  Tillverkning av nya bilnycklar, programmering av nycklar (\"bindning\" till bilen)  Radera tidigare f\u00f6rlorade nycklar fr\u00e5n bilens minne  Tillverkning av t\u00e4ndningsnyckeln enligt l\u00e5set  Reparation av bilnycklar (byte av knappar, skal, mekanismer)  Uppl\u00e5sning av bil i n\u00f6dsituationer  Byte av nycklar, nyckelfodral  Avst\u00e4ngning av DPF- och FAP-programvaran  Programbaserat avl\u00e4gsnande av EGR  Avaktivering av startsp\u00e4rrprogramvaran (immo Off)  Reparation, kloning och programmering av motorstyrenhet (ECU)  SRS (Programmering av styrenhet f\u00f6r krockkuddar)  artiklar skickas inom 3 arbetsdagar.* &nbsp;  &nbsp;","og_url":"https:\/\/keys-for-auto.eu\/sv\/product\/produktion-av-nycklar-till-peugeot-bilar\/","og_site_name":"Keys for auto","article_publisher":"https:\/\/www.facebook.com\/KeysForAutoEU","og_image":[{"width":400,"height":400,"url":"https:\/\/i0.wp.com\/keys-for-auto.eu\/wp-content\/uploads\/2022\/12\/admin-ajax-removebg-preview-4.png?fit=400%2C400&ssl=1","type":"image\/png"}],"twitter_card":"summary_large_image","twitter_misc":{"Ber\u00e4knad l\u00e4stid":"2 minuter"},"schema":{"@context":"https:\/\/schema.org","@graph":[{"@type":["WebPage","ItemPage"],"@id":"https:\/\/keys-for-auto.eu\/sv\/product\/produktion-av-nycklar-till-peugeot-bilar\/","url":"https:\/\/keys-for-auto.eu\/sv\/product\/produktion-av-nycklar-till-peugeot-bilar\/","name":"Tillverkning av nycklar till Peugeot-bilar - Keys for auto% %%sidnamn","isPartOf":{"@id":"https:\/\/keys-for-auto.eu\/sv\/#website"},"primaryImageOfPage":{"@id":"https:\/\/keys-for-auto.eu\/sv\/product\/produktion-av-nycklar-till-peugeot-bilar\/#primaryimage"},"image":{"@id":"https:\/\/keys-for-auto.eu\/sv\/product\/produktion-av-nycklar-till-peugeot-bilar\/#primaryimage"},"thumbnailUrl":"https:\/\/keys-for-auto.eu\/wp-content\/uploads\/2022\/12\/admin-ajax-removebg-preview-4.png","datePublished":"2017-12-03T12:38:18+00:00","breadcrumb":{"@id":"https:\/\/keys-for-auto.eu\/sv\/product\/produktion-av-nycklar-till-peugeot-bilar\/#breadcrumb"},"inLanguage":"sv-SE","potentialAction":[{"@type":"ReadAction","target":["https:\/\/keys-for-auto.eu\/sv\/product\/produktion-av-nycklar-till-peugeot-bilar\/"]}]},{"@type":"ImageObject","inLanguage":"sv-SE","@id":"https:\/\/keys-for-auto.eu\/sv\/product\/produktion-av-nycklar-till-peugeot-bilar\/#primaryimage","url":"https:\/\/keys-for-auto.eu\/wp-content\/uploads\/2022\/12\/admin-ajax-removebg-preview-4.png","contentUrl":"https:\/\/keys-for-auto.eu\/wp-content\/uploads\/2022\/12\/admin-ajax-removebg-preview-4.png","width":400,"height":400},{"@type":"BreadcrumbList","@id":"https:\/\/keys-for-auto.eu\/sv\/product\/produktion-av-nycklar-till-peugeot-bilar\/#breadcrumb","itemListElement":[{"@type":"ListItem","position":1,"name":"Hem","item":"https:\/\/keys-for-auto.eu\/sv\/"},{"@type":"ListItem","position":2,"name":"Shop","item":"https:\/\/keys-for-auto.eu\/"},{"@type":"ListItem","position":3,"name":"Tillverkning av nycklar till Peugeot-bilar"}]},{"@type":"WebSite","@id":"https:\/\/keys-for-auto.eu\/sv\/#website","url":"https:\/\/keys-for-auto.eu\/sv\/","name":"Keys for auto","description":"Car keys,  key shells, key programming","publisher":{"@id":"https:\/\/keys-for-auto.eu\/sv\/#organization"},"potentialAction":[{"@type":"SearchAction","target":{"@type":"EntryPoint","urlTemplate":"https:\/\/keys-for-auto.eu\/sv\/?s={search_term_string}"},"query-input":{"@type":"PropertyValueSpecification","valueRequired":true,"valueName":"search_term_string"}}],"inLanguage":"sv-SE"},{"@type":"Organization","@id":"https:\/\/keys-for-auto.eu\/sv\/#organization","name":"Nycklar f\u00f6r bil","url":"https:\/\/keys-for-auto.eu\/sv\/","logo":{"@type":"ImageObject","inLanguage":"sv-SE","@id":"https:\/\/keys-for-auto.eu\/sv\/#\/schema\/logo\/image\/","url":"https:\/\/keys-for-auto.eu\/wp-content\/uploads\/2022\/11\/cropped-png1.png","contentUrl":"https:\/\/keys-for-auto.eu\/wp-content\/uploads\/2022\/11\/cropped-png1.png","width":1000,"height":342,"caption":"Nycklar f\u00f6r bil"},"image":{"@id":"https:\/\/keys-for-auto.eu\/sv\/#\/schema\/logo\/image\/"},"sameAs":["https:\/\/www.facebook.com\/KeysForAutoEU"]}]}},"_links":{"self":[{"href":"https:\/\/keys-for-auto.eu\/sv\/wp-json\/wp\/v2\/product\/22376","targetHints":{"allow":["GET"]}}],"collection":[{"href":"https:\/\/keys-for-auto.eu\/sv\/wp-json\/wp\/v2\/product"}],"about":[{"href":"https:\/\/keys-for-auto.eu\/sv\/wp-json\/wp\/v2\/types\/product"}],"replies":[{"embeddable":true,"href":"https:\/\/keys-for-auto.eu\/sv\/wp-json\/wp\/v2\/comments?post=22376"}],"wp:featuredmedia":[{"embeddable":true,"href":"https:\/\/keys-for-auto.eu\/sv\/wp-json\/wp\/v2\/media\/21260"}],"wp:attachment":[{"href":"https:\/\/keys-for-auto.eu\/sv\/wp-json\/wp\/v2\/media?parent=22376"}],"wp:term":[{"taxonomy":"product_brand","embeddable":true,"href":"https:\/\/keys-for-auto.eu\/sv\/wp-json\/wp\/v2\/product_brand?post=22376"},{"taxonomy":"product_cat","embeddable":true,"href":"https:\/\/keys-for-auto.eu\/sv\/wp-json\/wp\/v2\/product_cat?post=22376"},{"taxonomy":"product_tag","embeddable":true,"href":"https:\/\/keys-for-auto.eu\/sv\/wp-json\/wp\/v2\/product_tag?post=22376"}],"curies":[{"name":"wp","href":"https:\/\/api.w.org\/{rel}","templated":true}]}}