{"id":22367,"date":"2017-03-11T22:18:18","date_gmt":"2017-03-11T22:18:18","guid":{"rendered":"https:\/\/keys-for-auto.eu\/product\/reparation-av-bilnycklar\/"},"modified":"2017-03-11T22:18:18","modified_gmt":"2017-03-11T22:18:18","slug":"reparation-av-bilnycklar","status":"publish","type":"product","link":"https:\/\/keys-for-auto.eu\/sv\/product\/reparation-av-bilnycklar\/","title":{"rendered":"Reparation av bilnycklar"},"content":{"rendered":"<h1>Nyckelreparationer<\/h1>\n<h2><strong>  De vanligaste problemen med bilnycklar som kr\u00e4ver reparation:<\/strong><\/h2>\n<ul>\n<li>Knappar som \u00e4r slitna, skadade, f\u00f6rlorade eller har slutat fungera.<\/li>\n<li>Mekanismen f\u00f6r utf\u00e4llning av bladet fungerar d\u00e5ligt eller \u00e4r trasig<\/li>\n<li>Nyckelns arbetsdel \u00e4r sliten, b\u00f6jd eller skadad.<\/li>\n<li>Nyckelkroppen \u00e4r sliten eller mekaniskt skadad<\/li>\n<li>Bilen har slutat reagera p\u00e5 tangentkommandon eller lampan \u00e4r inte t\u00e4nd.<\/li>\n<li>Nyckeln har tappats, utsatts f\u00f6r vatten, temperatur, str\u00e5lning osv.<\/li>\n<\/ul>\n<p>Reparation av t\u00e4ndningsnycklar \u00e4r ett f\u00f6rfarande som ibland kan ifr\u00e5gas\u00e4ttas, s\u00e4rskilt om nyckeln med chip \u00e4r enkel och billig. Po\u00e4ngen \u00e4r att n\u00e4stan alla moderna bilnycklar \u00e4r utrustade med startsp\u00e4rrchip.<\/p>\n<p><img loading=\"lazy\" decoding=\"async\" class=\"aligncenter wp-image-2129\" title=\"rakt\u0173 remontas\" src=\"https:\/\/raktai-automobiliams.lt\/wp-content\/uploads\/2017\/03\/rakt%C5%B3-remontas.jpg\" alt=\"rakt\u0173 remontas\" width=\"630\" height=\"448\"><\/p>\n<p>L\u00e5t oss f\u00f6rest\u00e4lla oss att vi beh\u00f6ver reparera t\u00e4ndningsnyckeln eftersom den tidigare nyckeln har slits ut och inte fungerar som den ska i l\u00e5set eller har g\u00e5tt s\u00f6nder helt och h\u00e5llet. N\u00e4r den nya nyckeln har tillverkats och verktygen har tillverkats m\u00e5ste chipet fr\u00e5n den ursprungliga nyckeln s\u00e4ttas in i den nya nyckeln. Problemet \u00e4r dock att originalnycklarna ofta \u00e4r of\u00f6rst\u00f6rbara, dvs. chipet sitter i nyckelns plasthandtag och kan inte tas is\u00e4r. Vi kan bara sk\u00e4ra handtaget f\u00f6rsiktigt, om m\u00f6jligt, och hoppas att chipet inte skadas i processen.<br \/>\nMen n\u00e4r det g\u00e4ller reparation av en nyckelknippa, d\u00e4r nyckeln \u00e4r utrustad med ett kretskort och fj\u00e4rrkontrollknappar, vidgas handlingsf\u00e4ltet och olika reparationsalternativ blir m\u00f6jliga.<\/p>\n<p><em>Dessa omfattar diagnostik och inspektion av de viktigaste<\/em><\/p>\n<h2>Byte av nyckelh\u00f6ljet<br \/>\n<img loading=\"lazy\" decoding=\"async\" class=\"wp-image-2130 aligncenter\" src=\"https:\/\/raktai-automobiliams.lt\/wp-content\/uploads\/2017\/03\/rakto-korpuso-keitimas.jpg\" alt=\"\" width=\"598\" height=\"595\"><\/h2>\n<p>I vissa fall inneb\u00e4r reparation av t\u00e4ndningsnyckeln att man byter ut knapparna.<\/p>\n<p><img loading=\"lazy\" decoding=\"async\" class=\"alignnone wp-image-2131\" src=\"https:\/\/raktai-automobiliams.lt\/wp-content\/uploads\/2017\/03\/u%C5%BEvedimo-rakto-remontas.jpg\" alt=\"\" width=\"557\" height=\"465\"><\/p>\n<p>Det \u00e4r ocks\u00e5 m\u00f6jligt att reparera t\u00e4ndningsnyckeln n\u00e4r kostnaden f\u00f6r en ny nyckel \u00e4r f\u00f6r h\u00f6g. Till exempel reparation av en Mercedes ML-nyckel.<\/p>\n<p><img loading=\"lazy\" decoding=\"async\" class=\"alignnone wp-image-2132\" src=\"https:\/\/raktai-automobiliams.lt\/wp-content\/uploads\/2017\/03\/U%C5%BEvedimo-rakto-remontas-2.jpg\" alt=\"\" width=\"552\" height=\"461\"><\/p>\n<p>Ett nytt nyckelblad tillverkades och klipptes, och en C.U. Som ett resultat har nyckeln \u00e5terf\u00e5tt sitt normala utseende, kan anv\u00e4ndas fullt ut och \u00e4r inte generad av att tas bort offentligt.<br \/>\nDenna typ av nyckelreparation \u00e4r en separat kategori eftersom det handlar om reparation av vikbara nycklar. Det \u00e4r ocks\u00e5 meningsfullt att reparera elektroniska Mercedes t\u00e4ndningsnycklar &#8211; s\u00e5 kallade Mercedes fisknycklar. Ofta fungerar sj\u00e4lva nyckeln, men huset \u00e4r trasigt, knapparna saknas osv.<\/p>\n<p><img loading=\"lazy\" decoding=\"async\" class=\"alignnone wp-image-2133\" src=\"https:\/\/raktai-automobiliams.lt\/wp-content\/uploads\/2017\/03\/korpusu-keitimas.jpg\" alt=\"\" width=\"551\" height=\"306\"><\/p>\n<p>I detta fall kan en ny elektronisk nyckel tillverkas och programmeras f\u00f6r Mercedes, eller s\u00e5 kan nyckelhuset bytas ut. Vi kan ocks\u00e5 reparera den elektroniska delen\/nyckelkortet. N\u00e4r bilen inte l\u00e4ngre startar med nyckeln och\/eller knapparna inte l\u00e4ngre fungerar.<\/p>\n<h2>Startkort<\/h2>\n<p>Reno-bilar (Renault) \u00e4r inte undantagna fr\u00e5n reparation av t\u00e4ndningsnycklar. S\u00e4rskilt n\u00e4r nyckeln ers\u00e4tts av ett chipkort, som ocks\u00e5 \u00e4r k\u00e4nsligt f\u00f6r f\u00f6rs\u00e4mring.<\/p>\n<p><img loading=\"lazy\" decoding=\"async\" class=\"alignnone wp-image-2134\" src=\"https:\/\/raktai-automobiliams.lt\/wp-content\/uploads\/2017\/03\/rakt%C5%B3-remontas-renault.jpg\" alt=\"\" width=\"561\" height=\"345\"><\/p>\n<p>Byte och reparation av nyckelknippor \u00e4r en av de mest popul\u00e4ra tj\u00e4nsterna. Moderna bilnycklar \u00e4r utrustade med fj\u00e4rrkontrollknappar C3 (\u0426\u0417). Det \u00e4r v\u00e4lk\u00e4nt att allt som r\u00f6r sig, trycker p\u00e5 etc. \u00e4r ben\u00e4get att slitas och g\u00e5 s\u00f6nder, inklusive trasiga bilnyckelknappar.<\/p>\n<p><img loading=\"lazy\" decoding=\"async\" class=\"alignnone wp-image-2135\" src=\"https:\/\/raktai-automobiliams.lt\/wp-content\/uploads\/2017\/03\/Rakt%C5%B3-mygtuk%C5%B3-keitimas.jpg\" alt=\"\" width=\"559\" height=\"338\"><\/p>\n<p>Sj\u00e4lva popup-nyckeln och knapparna kan g\u00e5 s\u00f6nder p\u00e5 tangenterna.<\/p>\n<p>Vid reparation av bilnycklar r\u00e4cker det ofta inte att bara byta ut nyckelkroppen och nyckelbladet. I mer \u00e4n 50 % av fallen \u00e4r det f\u00f6rst knapparna p\u00e5 nyckelhuset som trycks ned och g\u00e5r s\u00f6nder, och d\u00e4refter \u00e4r knapparna p\u00e5 sj\u00e4lva plattan trasiga eller borttappade.<br \/>\nDet vill s\u00e4ga att nyckeln och pl\u00e5ten fortfarande \u00e4r funktionella och intakta, men eftersom knappen p\u00e5 nyckeln har g\u00e5tt s\u00f6nder eller f\u00f6rsvunnit \u00e4r det inte l\u00e4ngre m\u00f6jligt att fj\u00e4rrstyra bilens centrall\u00e5s.<br \/>\nI det h\u00e4r fallet finns det tv\u00e5 alternativ:<\/p>\n<ul>\n<li>Tillverka och programmera en ny nyckel<\/li>\n<li>Reparera den befintliga nyckeln &#8211; reparera, l\u00f6d om och byta ut t\u00e4ndningsnyckelknapparna.<\/li>\n<\/ul>\n<p><img loading=\"lazy\" decoding=\"async\" class=\"alignnone wp-image-2131\" src=\"https:\/\/raktai-automobiliams.lt\/wp-content\/uploads\/2017\/03\/u%C5%BEvedimo-rakto-remontas.jpg\" alt=\"\" width=\"552\" height=\"461\"><\/p>\n<p>I v\u00e5r verkstad har vi t\u00e4ndningsnycklar med tryckknapp f\u00f6r exakt det andra alternativet, naturligtvis inte f\u00f6r alla, men f\u00f6r m\u00e5nga bilmodeller.<\/p>\n<p><img loading=\"lazy\" decoding=\"async\" class=\"alignnone wp-image-2135\" src=\"https:\/\/raktai-automobiliams.lt\/wp-content\/uploads\/2017\/03\/Rakt%C5%B3-mygtuk%C5%B3-keitimas.jpg\" alt=\"\" width=\"554\" height=\"335\"><\/p>\n<p>Det vore naturligtvis ett misstag att tro att det \u00e4r billigt att reparera nycklarna genom att byta ut knapparna. Nej, det \u00e4r inte s\u00e5 billigt som det kan verka, men det \u00e4r \u00e4nd\u00e5 2-3 g\u00e5nger billigare, eller mer, \u00e4n att tillverka och programmera en ny nyckel.<\/p>\n<p>&nbsp;<\/p>\n<hr>\n<h4><\/h4>\n<p>&nbsp;<\/p>\n<hr>\n<p>&nbsp;<\/p>\n","protected":false},"excerpt":{"rendered":"<p>Reparation av bilnycklar \u00e4r en mycket popul\u00e4r tj\u00e4nst idag. En modern bilnyckel \u00e4r ett multifunktionellt instrument som fungerar mer \u00e4n att bara starta bilen. Den \u00e4r utrustad med en fj\u00e4rrkontroll f\u00f6r larm, d\u00f6rrar och \u00f6ppning\/st\u00e4ngning av bagageutrymmet. Den har ocks\u00e5 ett startsp\u00e4rrsystem f\u00f6r ytterligare skydd mot att bilen k\u00f6rs bort. Allt i ett litet bilnyckelfodral.<\/p>\n<h3><strong>Tillverkning av bilnycklar<\/strong><\/h3>\n<ul>\n<li><strong>Tillverkning av nya bilnycklar, programmering av nycklar (&#8221;bindning&#8221; till bilen)<\/strong><\/li>\n<li><strong>Radera tidigare f\u00f6rlorade nycklar fr\u00e5n bilens minne<\/strong><\/li>\n<li><strong>Tillverkning av t\u00e4ndningsnyckeln enligt l\u00e5set<\/strong><\/li>\n<li><strong>Reparation av bilnycklar (byte av knappar, skal, mekanismer)<\/strong><\/li>\n<li><strong>Uppl\u00e5sning av bil i n\u00f6dsituationer<\/strong><\/li>\n<li><strong>Byte av nycklar, nyckelfodral<\/strong><\/li>\n<li><strong>Avst\u00e4ngning av DPF- och FAP-programvaran<\/strong><\/li>\n<li><strong>Programbaserat avl\u00e4gsnande av EGR<\/strong><\/li>\n<li><strong>Avaktivering av startsp\u00e4rrprogramvaran (immo Off)<\/strong><\/li>\n<li><strong>Reparation, kloning och programmering av motorstyrenhet (ECU)<\/strong><\/li>\n<li><strong>SRS (Programmering av styrenhet f\u00f6r krockkuddar)<\/strong><\/li>\n<\/ul>\n<h4><strong>  artiklar skickas inom 3 arbetsdagar.*<\/strong><\/h4>\n","protected":false},"featured_media":20482,"comment_status":"open","ping_status":"closed","template":"","meta":[],"product_brand":[],"product_cat":[4148,4210,4152,4318,5286,4272,4332,4330,4395,4415,4445,4475,4548,4603,4580,4366,4583,4585,4534,4526,4639,4648,4717,4144,4528,4724,4813,5578,4870,4815,4589,4950,4963,4993,4714,4157,5009,5085,5810,5038,4994,5113],"product_tag":[5851],"class_list":{"0":"post-22367","1":"product","2":"type-product","3":"status-publish","4":"has-post-thumbnail","6":"product_cat-alfa-romeo-sv","7":"product_cat-audi-sv","8":"product_cat-bmw-sv","9":"product_cat-buick-sv","10":"product_cat-cadillac-sv","11":"product_cat-chevrolet-sv","12":"product_cat-chrysler-sv","13":"product_cat-citroen-sv","14":"product_cat-fiat-sv","15":"product_cat-ford-sv","16":"product_cat-honda-sv","17":"product_cat-hyundai-sv","18":"product_cat-infiniti-sv","19":"product_cat-iveco-sv","20":"product_cat-jaguar-sv","21":"product_cat-jeep-sv","22":"product_cat-kia-sv","23":"product_cat-land-rover-sv","24":"product_cat-lexus-sv","25":"product_cat-mazda-sv","26":"product_cat-mercedes-benz-sv","27":"product_cat-mitsubishi-sv","28":"product_cat-nissan-sv","29":"product_cat-nyckelskal","30":"product_cat-nycklar-for-fjarrkontroll","31":"product_cat-opel-sv","32":"product_cat-peugeot-sv","33":"product_cat-pontiac-sv","34":"product_cat-porsche-sv","35":"product_cat-renault-sv","36":"product_cat-rover-sv","37":"product_cat-saab-sv","38":"product_cat-seat-sv","39":"product_cat-skoda-sv","40":"product_cat-smart-sv","41":"product_cat-ssangyong-sv","42":"product_cat-subaru-sv","43":"product_cat-suzuki-sv","44":"product_cat-tillverkning-av-nycklar","45":"product_cat-toyota-sv","46":"product_cat-volkswagen-sv","47":"product_cat-volvo-sv-2","48":"product_tag-reparation-av-bilnycklar","50":"first","51":"instock","52":"shipping-taxable","53":"purchasable","54":"product-type-simple"},"yoast_head":"<!-- This site is optimized with the Yoast SEO plugin v27.3 - https:\/\/yoast.com\/product\/yoast-seo-wordpress\/ -->\n<title>Reparation av bilnycklar - Keys for auto% %%sidnamn<\/title>\n<meta name=\"robots\" content=\"index, follow, max-snippet:-1, max-image-preview:large, max-video-preview:-1\" \/>\n<link rel=\"canonical\" href=\"https:\/\/keys-for-auto.eu\/sv\/product\/reparation-av-bilnycklar\/\" \/>\n<meta property=\"og:locale\" content=\"sv_SE\" \/>\n<meta property=\"og:type\" content=\"article\" \/>\n<meta property=\"og:title\" content=\"Reparation av bilnycklar - Keys for auto% %%sidnamn\" \/>\n<meta property=\"og:description\" content=\"Reparation av bilnycklar \u00e4r en mycket popul\u00e4r tj\u00e4nst idag. En modern bilnyckel \u00e4r ett multifunktionellt instrument som fungerar mer \u00e4n att bara starta bilen. Den \u00e4r utrustad med en fj\u00e4rrkontroll f\u00f6r larm, d\u00f6rrar och \u00f6ppning\/st\u00e4ngning av bagageutrymmet. Den har ocks\u00e5 ett startsp\u00e4rrsystem f\u00f6r ytterligare skydd mot att bilen k\u00f6rs bort. Allt i ett litet bilnyckelfodral. Tillverkning av bilnycklar  Tillverkning av nya bilnycklar, programmering av nycklar (&quot;bindning&quot; till bilen)  Radera tidigare f\u00f6rlorade nycklar fr\u00e5n bilens minne  Tillverkning av t\u00e4ndningsnyckeln enligt l\u00e5set  Reparation av bilnycklar (byte av knappar, skal, mekanismer)  Uppl\u00e5sning av bil i n\u00f6dsituationer  Byte av nycklar, nyckelfodral  Avst\u00e4ngning av DPF- och FAP-programvaran  Programbaserat avl\u00e4gsnande av EGR  Avaktivering av startsp\u00e4rrprogramvaran (immo Off)  Reparation, kloning och programmering av motorstyrenhet (ECU)  SRS (Programmering av styrenhet f\u00f6r krockkuddar)  artiklar skickas inom 3 arbetsdagar.*\" \/>\n<meta property=\"og:url\" content=\"https:\/\/keys-for-auto.eu\/sv\/product\/reparation-av-bilnycklar\/\" \/>\n<meta property=\"og:site_name\" content=\"Keys for auto\" \/>\n<meta property=\"article:publisher\" content=\"https:\/\/www.facebook.com\/KeysForAutoEU\" \/>\n<meta property=\"og:image\" content=\"https:\/\/keys-for-auto.eu\/wp-content\/uploads\/2022\/12\/Raktu-remontas-pulteliu-remontas.jpg\" \/>\n\t<meta property=\"og:image:width\" content=\"850\" \/>\n\t<meta property=\"og:image:height\" content=\"460\" \/>\n\t<meta property=\"og:image:type\" content=\"image\/jpeg\" \/>\n<meta name=\"twitter:card\" content=\"summary_large_image\" \/>\n<meta name=\"twitter:label1\" content=\"Ber\u00e4knad l\u00e4stid\" \/>\n\t<meta name=\"twitter:data1\" content=\"4 minuter\" \/>\n<script type=\"application\/ld+json\" class=\"yoast-schema-graph\">{\"@context\":\"https:\\\/\\\/schema.org\",\"@graph\":[{\"@type\":[\"WebPage\",\"ItemPage\"],\"@id\":\"https:\\\/\\\/keys-for-auto.eu\\\/sv\\\/product\\\/reparation-av-bilnycklar\\\/\",\"url\":\"https:\\\/\\\/keys-for-auto.eu\\\/sv\\\/product\\\/reparation-av-bilnycklar\\\/\",\"name\":\"Reparation av bilnycklar - Keys for auto% %%sidnamn\",\"isPartOf\":{\"@id\":\"https:\\\/\\\/keys-for-auto.eu\\\/sv\\\/#website\"},\"primaryImageOfPage\":{\"@id\":\"https:\\\/\\\/keys-for-auto.eu\\\/sv\\\/product\\\/reparation-av-bilnycklar\\\/#primaryimage\"},\"image\":{\"@id\":\"https:\\\/\\\/keys-for-auto.eu\\\/sv\\\/product\\\/reparation-av-bilnycklar\\\/#primaryimage\"},\"thumbnailUrl\":\"https:\\\/\\\/keys-for-auto.eu\\\/wp-content\\\/uploads\\\/2022\\\/12\\\/Raktu-remontas-pulteliu-remontas.jpg\",\"datePublished\":\"2017-03-11T22:18:18+00:00\",\"breadcrumb\":{\"@id\":\"https:\\\/\\\/keys-for-auto.eu\\\/sv\\\/product\\\/reparation-av-bilnycklar\\\/#breadcrumb\"},\"inLanguage\":\"sv-SE\",\"potentialAction\":[{\"@type\":\"ReadAction\",\"target\":[\"https:\\\/\\\/keys-for-auto.eu\\\/sv\\\/product\\\/reparation-av-bilnycklar\\\/\"]}]},{\"@type\":\"ImageObject\",\"inLanguage\":\"sv-SE\",\"@id\":\"https:\\\/\\\/keys-for-auto.eu\\\/sv\\\/product\\\/reparation-av-bilnycklar\\\/#primaryimage\",\"url\":\"https:\\\/\\\/keys-for-auto.eu\\\/wp-content\\\/uploads\\\/2022\\\/12\\\/Raktu-remontas-pulteliu-remontas.jpg\",\"contentUrl\":\"https:\\\/\\\/keys-for-auto.eu\\\/wp-content\\\/uploads\\\/2022\\\/12\\\/Raktu-remontas-pulteliu-remontas.jpg\",\"width\":850,\"height\":460},{\"@type\":\"BreadcrumbList\",\"@id\":\"https:\\\/\\\/keys-for-auto.eu\\\/sv\\\/product\\\/reparation-av-bilnycklar\\\/#breadcrumb\",\"itemListElement\":[{\"@type\":\"ListItem\",\"position\":1,\"name\":\"Hem\",\"item\":\"https:\\\/\\\/keys-for-auto.eu\\\/sv\\\/\"},{\"@type\":\"ListItem\",\"position\":2,\"name\":\"Shop\",\"item\":\"https:\\\/\\\/keys-for-auto.eu\\\/\"},{\"@type\":\"ListItem\",\"position\":3,\"name\":\"Reparation av bilnycklar\"}]},{\"@type\":\"WebSite\",\"@id\":\"https:\\\/\\\/keys-for-auto.eu\\\/sv\\\/#website\",\"url\":\"https:\\\/\\\/keys-for-auto.eu\\\/sv\\\/\",\"name\":\"Keys for auto\",\"description\":\"Car keys,  key shells, key programming\",\"publisher\":{\"@id\":\"https:\\\/\\\/keys-for-auto.eu\\\/sv\\\/#organization\"},\"potentialAction\":[{\"@type\":\"SearchAction\",\"target\":{\"@type\":\"EntryPoint\",\"urlTemplate\":\"https:\\\/\\\/keys-for-auto.eu\\\/sv\\\/?s={search_term_string}\"},\"query-input\":{\"@type\":\"PropertyValueSpecification\",\"valueRequired\":true,\"valueName\":\"search_term_string\"}}],\"inLanguage\":\"sv-SE\"},{\"@type\":\"Organization\",\"@id\":\"https:\\\/\\\/keys-for-auto.eu\\\/sv\\\/#organization\",\"name\":\"Nycklar f\u00f6r bil\",\"url\":\"https:\\\/\\\/keys-for-auto.eu\\\/sv\\\/\",\"logo\":{\"@type\":\"ImageObject\",\"inLanguage\":\"sv-SE\",\"@id\":\"https:\\\/\\\/keys-for-auto.eu\\\/sv\\\/#\\\/schema\\\/logo\\\/image\\\/\",\"url\":\"https:\\\/\\\/keys-for-auto.eu\\\/wp-content\\\/uploads\\\/2022\\\/11\\\/cropped-png1.png\",\"contentUrl\":\"https:\\\/\\\/keys-for-auto.eu\\\/wp-content\\\/uploads\\\/2022\\\/11\\\/cropped-png1.png\",\"width\":1000,\"height\":342,\"caption\":\"Nycklar f\u00f6r bil\"},\"image\":{\"@id\":\"https:\\\/\\\/keys-for-auto.eu\\\/sv\\\/#\\\/schema\\\/logo\\\/image\\\/\"},\"sameAs\":[\"https:\\\/\\\/www.facebook.com\\\/KeysForAutoEU\"]}]}<\/script>\n<!-- \/ Yoast SEO plugin. -->","yoast_head_json":{"title":"Reparation av bilnycklar - Keys for auto% %%sidnamn","robots":{"index":"index","follow":"follow","max-snippet":"max-snippet:-1","max-image-preview":"max-image-preview:large","max-video-preview":"max-video-preview:-1"},"canonical":"https:\/\/keys-for-auto.eu\/sv\/product\/reparation-av-bilnycklar\/","og_locale":"sv_SE","og_type":"article","og_title":"Reparation av bilnycklar - Keys for auto% %%sidnamn","og_description":"Reparation av bilnycklar \u00e4r en mycket popul\u00e4r tj\u00e4nst idag. En modern bilnyckel \u00e4r ett multifunktionellt instrument som fungerar mer \u00e4n att bara starta bilen. Den \u00e4r utrustad med en fj\u00e4rrkontroll f\u00f6r larm, d\u00f6rrar och \u00f6ppning\/st\u00e4ngning av bagageutrymmet. Den har ocks\u00e5 ett startsp\u00e4rrsystem f\u00f6r ytterligare skydd mot att bilen k\u00f6rs bort. Allt i ett litet bilnyckelfodral. Tillverkning av bilnycklar  Tillverkning av nya bilnycklar, programmering av nycklar (\"bindning\" till bilen)  Radera tidigare f\u00f6rlorade nycklar fr\u00e5n bilens minne  Tillverkning av t\u00e4ndningsnyckeln enligt l\u00e5set  Reparation av bilnycklar (byte av knappar, skal, mekanismer)  Uppl\u00e5sning av bil i n\u00f6dsituationer  Byte av nycklar, nyckelfodral  Avst\u00e4ngning av DPF- och FAP-programvaran  Programbaserat avl\u00e4gsnande av EGR  Avaktivering av startsp\u00e4rrprogramvaran (immo Off)  Reparation, kloning och programmering av motorstyrenhet (ECU)  SRS (Programmering av styrenhet f\u00f6r krockkuddar)  artiklar skickas inom 3 arbetsdagar.*","og_url":"https:\/\/keys-for-auto.eu\/sv\/product\/reparation-av-bilnycklar\/","og_site_name":"Keys for auto","article_publisher":"https:\/\/www.facebook.com\/KeysForAutoEU","og_image":[{"width":850,"height":460,"url":"https:\/\/keys-for-auto.eu\/wp-content\/uploads\/2022\/12\/Raktu-remontas-pulteliu-remontas.jpg","type":"image\/jpeg"}],"twitter_card":"summary_large_image","twitter_misc":{"Ber\u00e4knad l\u00e4stid":"4 minuter"},"schema":{"@context":"https:\/\/schema.org","@graph":[{"@type":["WebPage","ItemPage"],"@id":"https:\/\/keys-for-auto.eu\/sv\/product\/reparation-av-bilnycklar\/","url":"https:\/\/keys-for-auto.eu\/sv\/product\/reparation-av-bilnycklar\/","name":"Reparation av bilnycklar - Keys for auto% %%sidnamn","isPartOf":{"@id":"https:\/\/keys-for-auto.eu\/sv\/#website"},"primaryImageOfPage":{"@id":"https:\/\/keys-for-auto.eu\/sv\/product\/reparation-av-bilnycklar\/#primaryimage"},"image":{"@id":"https:\/\/keys-for-auto.eu\/sv\/product\/reparation-av-bilnycklar\/#primaryimage"},"thumbnailUrl":"https:\/\/keys-for-auto.eu\/wp-content\/uploads\/2022\/12\/Raktu-remontas-pulteliu-remontas.jpg","datePublished":"2017-03-11T22:18:18+00:00","breadcrumb":{"@id":"https:\/\/keys-for-auto.eu\/sv\/product\/reparation-av-bilnycklar\/#breadcrumb"},"inLanguage":"sv-SE","potentialAction":[{"@type":"ReadAction","target":["https:\/\/keys-for-auto.eu\/sv\/product\/reparation-av-bilnycklar\/"]}]},{"@type":"ImageObject","inLanguage":"sv-SE","@id":"https:\/\/keys-for-auto.eu\/sv\/product\/reparation-av-bilnycklar\/#primaryimage","url":"https:\/\/keys-for-auto.eu\/wp-content\/uploads\/2022\/12\/Raktu-remontas-pulteliu-remontas.jpg","contentUrl":"https:\/\/keys-for-auto.eu\/wp-content\/uploads\/2022\/12\/Raktu-remontas-pulteliu-remontas.jpg","width":850,"height":460},{"@type":"BreadcrumbList","@id":"https:\/\/keys-for-auto.eu\/sv\/product\/reparation-av-bilnycklar\/#breadcrumb","itemListElement":[{"@type":"ListItem","position":1,"name":"Hem","item":"https:\/\/keys-for-auto.eu\/sv\/"},{"@type":"ListItem","position":2,"name":"Shop","item":"https:\/\/keys-for-auto.eu\/"},{"@type":"ListItem","position":3,"name":"Reparation av bilnycklar"}]},{"@type":"WebSite","@id":"https:\/\/keys-for-auto.eu\/sv\/#website","url":"https:\/\/keys-for-auto.eu\/sv\/","name":"Keys for auto","description":"Car keys,  key shells, key programming","publisher":{"@id":"https:\/\/keys-for-auto.eu\/sv\/#organization"},"potentialAction":[{"@type":"SearchAction","target":{"@type":"EntryPoint","urlTemplate":"https:\/\/keys-for-auto.eu\/sv\/?s={search_term_string}"},"query-input":{"@type":"PropertyValueSpecification","valueRequired":true,"valueName":"search_term_string"}}],"inLanguage":"sv-SE"},{"@type":"Organization","@id":"https:\/\/keys-for-auto.eu\/sv\/#organization","name":"Nycklar f\u00f6r bil","url":"https:\/\/keys-for-auto.eu\/sv\/","logo":{"@type":"ImageObject","inLanguage":"sv-SE","@id":"https:\/\/keys-for-auto.eu\/sv\/#\/schema\/logo\/image\/","url":"https:\/\/keys-for-auto.eu\/wp-content\/uploads\/2022\/11\/cropped-png1.png","contentUrl":"https:\/\/keys-for-auto.eu\/wp-content\/uploads\/2022\/11\/cropped-png1.png","width":1000,"height":342,"caption":"Nycklar f\u00f6r bil"},"image":{"@id":"https:\/\/keys-for-auto.eu\/sv\/#\/schema\/logo\/image\/"},"sameAs":["https:\/\/www.facebook.com\/KeysForAutoEU"]}]}},"_links":{"self":[{"href":"https:\/\/keys-for-auto.eu\/sv\/wp-json\/wp\/v2\/product\/22367","targetHints":{"allow":["GET"]}}],"collection":[{"href":"https:\/\/keys-for-auto.eu\/sv\/wp-json\/wp\/v2\/product"}],"about":[{"href":"https:\/\/keys-for-auto.eu\/sv\/wp-json\/wp\/v2\/types\/product"}],"replies":[{"embeddable":true,"href":"https:\/\/keys-for-auto.eu\/sv\/wp-json\/wp\/v2\/comments?post=22367"}],"wp:featuredmedia":[{"embeddable":true,"href":"https:\/\/keys-for-auto.eu\/sv\/wp-json\/wp\/v2\/media\/20482"}],"wp:attachment":[{"href":"https:\/\/keys-for-auto.eu\/sv\/wp-json\/wp\/v2\/media?parent=22367"}],"wp:term":[{"taxonomy":"product_brand","embeddable":true,"href":"https:\/\/keys-for-auto.eu\/sv\/wp-json\/wp\/v2\/product_brand?post=22367"},{"taxonomy":"product_cat","embeddable":true,"href":"https:\/\/keys-for-auto.eu\/sv\/wp-json\/wp\/v2\/product_cat?post=22367"},{"taxonomy":"product_tag","embeddable":true,"href":"https:\/\/keys-for-auto.eu\/sv\/wp-json\/wp\/v2\/product_tag?post=22367"}],"curies":[{"name":"wp","href":"https:\/\/api.w.org\/{rel}","templated":true}]}}