{"id":22329,"date":"2017-03-11T19:56:53","date_gmt":"2017-03-11T19:56:53","guid":{"rendered":"https:\/\/keys-for-auto.eu\/product\/nyckeltillverkning-programmering-for-bmw-bilar\/"},"modified":"2017-03-11T19:56:53","modified_gmt":"2017-03-11T19:56:53","slug":"nyckelproduktionsprogrammering-for-bmw-bilar","status":"publish","type":"product","link":"https:\/\/keys-for-auto.eu\/sv\/product\/nyckelproduktionsprogrammering-for-bmw-bilar\/","title":{"rendered":"Nyckeltillverkning\/programmering f\u00f6r BMW-bilar"},"content":{"rendered":"<h2>Produktion av BMW-nycklar<\/h2>\n<p>F\u00f6r att f\u00f6rhindra inbrottsf\u00f6rs\u00f6k \u00e4r m\u00e5nga moderna BMW-modeller utrustade med startsp\u00e4rrar. Effekten av detta f\u00f6rsvarssystem bygger p\u00e5 att en elektronisk styrenhet l\u00e4ser av den information som finns lagrad i nyckelns inbyggda chip n\u00e4r nyckeln s\u00e4tts in i t\u00e4ndningsl\u00e5set. Om den alfanumeriska koden inte st\u00e4mmer \u00f6verens med de uppgifter som finns lagrade i styrenhetens minne startar bilen inte. N\u00e4r man tillverkar en BMW-nyckel r\u00e4cker det d\u00e4rf\u00f6r inte att bara sk\u00e4ra ut den l\u00e4mpliga konfigurationen av t\u00e4nder p\u00e5 metallbladet, utan den elektroniska delen av nyckeln m\u00e5ste ocks\u00e5 kopieras f\u00f6r att s\u00e4kerst\u00e4lla att startsp\u00e4rrsystemet fungerar korrekt.<br \/>\nH\u00f6gkvalitativ tillverkning av BMW-bilnycklar kr\u00e4ver specialutrustning och en mycket skicklig tekniker.<\/p>\n<h2>Produktion av BMW-nycklar | Stegsekvens<\/h2>\n<p>F\u00f6ljande steg kr\u00e4vs:<\/p>\n<p>Best\u00e4m konfigurationen av nyckelbladets t\u00e4nder.<\/p>\n<p>Best\u00e4m chipets egenskaper.<\/p>\n<p>Tillverka nyckelbladet i metall med hj\u00e4lp av en CNC-maskin.<\/p>\n<p>Anteckna p\u00e5 duplikatnyckeln att den tillh\u00f6r den \u00f6nskade BMW-modellen.<\/p>\n<p>Montera chipet p\u00e5 nyckeln.<\/p>\n<p>Kontrollera att alla system fungerar som de ska.<\/p>\n<p>Mata in den alfanumeriska koden p\u00e5 duplikatchipet i den elektroniska motorkontrollenheten med hj\u00e4lp av programmeraren. Detta g\u00f6r det m\u00f6jligt att starta det befintliga BMW-m\u00e4rket med endast denna nyckel. Startsp\u00e4rrkretsen kan st\u00e4ngas av vid behov, men i s\u00e5 fall \u00e4r bilen inte st\u00f6ldskyddad och blir ett l\u00e4tt byte f\u00f6r brottslingar, eftersom den kan startas med vilken metallprodukt som helst som passar de geometriska m\u00e5tten.<br \/>\nOm det bara finns en nyckel \u00e4r det b\u00e4ttre att g\u00f6ra en kopia i f\u00f6rv\u00e4g, vilket \u00e4r mycket enklare och billigare \u00e4n att \u00e5terskapa den fr\u00e5n t\u00e4ndningsl\u00e5set. Om du f\u00f6rlorar en enda nyckel kan det leda till en l\u00e5st bil med l\u00e5sta d\u00f6rrar. I det h\u00e4r fallet \u00e4r det bara m\u00f6jligt att l\u00e5sa upp bilen utan skador med hj\u00e4lp av specialverktyg.<\/p>\n<p>&nbsp;<\/p>\n","protected":false},"excerpt":{"rendered":"<h3><strong>Tillverkning av bilnycklar<\/strong><\/h3>\n<ul>\n<li><strong>Tillverkning av nya bilnycklar, programmering av nycklar (&#8221;bindning&#8221; till bilen)<\/strong><\/li>\n<li><strong>Radera tidigare f\u00f6rlorade nycklar fr\u00e5n bilens minne<\/strong><\/li>\n<li><strong>Tillverkning av t\u00e4ndningsnyckeln enligt l\u00e5set<\/strong><\/li>\n<li><strong>Reparation av bilnycklar (byte av knappar, skal, mekanismer)<\/strong><\/li>\n<li><strong>Uppl\u00e5sning av bil i n\u00f6dsituationer<\/strong><\/li>\n<li><strong>Byte av nycklar, nyckelfodral<\/strong><\/li>\n<li><strong>Avst\u00e4ngning av DPF- och FAP-programvaran<\/strong><\/li>\n<li><strong>Programbaserat avl\u00e4gsnande av EGR<\/strong><\/li>\n<li><strong>Avaktivering av startsp\u00e4rrprogramvaran (immo Off)<\/strong><\/li>\n<li><strong>Reparation, kloning och programmering av motorstyrenhet (ECU)<\/strong><\/li>\n<li><strong>SRS (Programmering av styrenhet f\u00f6r krockkuddar)<\/strong><\/li>\n<\/ul>\n<h4><strong>  artiklar skickas inom 3 arbetsdagar.*<\/strong><\/h4>\n<h2><strong>Programmering av BMW-nycklar fr\u00e5n 60\u20ac<\/strong><\/h2>\n<p>I priset ing\u00e5r BMW-nyckel med programmering, sk\u00e4rning av bladet.<\/p>\n<p>&nbsp;<\/p>\n<p>BMW 3-serien E36 1996-1999 EWS1, EWS2 BMW <em><br \/>\n  <strong>Nyckelprogrammering, sk\u00e4rning av blad <\/strong><br \/>\n<\/em> <\/p>\n<p>BMW 3-serien E46 1999-2004 EWS 3 BMW<em><br \/>\n  <strong> Nyckelprogrammering, sk\u00e4rning av blad <\/strong><br \/>\n<\/em> <\/p>\n<p>BMW 3-serien E46 2005-2007 CAS2 BMW<em><br \/>\n  <strong> Nyckelprogrammering, sk\u00e4rning av blad <\/strong><br \/>\n<\/em> <\/p>\n<p>BMW 3-serien E90 2005-2012 CAS3, CAS3 BMW <em><br \/>\n  <strong>Nyckelprogrammering, bladutsk\u00e4rning <\/strong><br \/>\n<\/em> <\/p>\n<p>BMW 3-serien F30 2012- BMW<em><br \/>\n  <strong> nyckelprogrammering, sk\u00e4rning av blad <\/strong><br \/>\n<\/em> <\/p>\n<p>BMW 5-serie E39 1996-2004 EWS1, EWS2, EWS3 BMW <em><br \/>\n  <strong>Nyckelprogrammering, sk\u00e4rning av blad <\/strong><br \/>\n<\/em> <\/p>\n<p>BMW 5-serien E60, E61 2004-2010 CAS2 BMW <em><br \/>\n  <strong>Nyckelprogrammering, bladuttag <\/strong><br \/>\n<\/em> <\/p>\n<p>BMW 5-serien E60, E61 2004-2010 CAS3, CAS3 BMW <em><br \/>\n  <strong>Nyckelprogrammering, bladuttag<\/strong><br \/>\n<\/em><\/p>\n<p>BMW 5-serien F10 2010 &#8211; BMW <em><br \/>\n  <strong>Nyckelprogrammering, sk\u00e4rning av blad <\/strong><br \/>\n<\/em> <\/p>\n<p>BMW 6-serien E63, E64 2004-2010 CAS2 BMW <em><br \/>\n  <strong>Nyckelprogrammering, sk\u00e4rning av blad <\/strong><br \/>\n<\/em> <\/p>\n<p>BMW 6-serien E63, E64 2004-2010 CAS3, CAS3 BMW <em><br \/>\n  <strong>Nyckelprogrammering, bladuttag <\/strong><br \/>\n<\/em> <\/p>\n<p>BMW 6-serien F06, F12 2011- BMW<em><br \/>\n  <strong> Nyckelprogrammering, sk\u00e4rning av blad <\/strong><br \/>\n<\/em> <\/p>\n<p>BMW 7-serien E38 1996-2001 EWS BMW <strong><br \/>\n  <em>Nyckelprogrammering, sk\u00e4rning av blad <\/em><br \/>\n<\/strong> <\/p>\n<p>BMW 7-serien E65, E66 2002-2008 CAS BMW <strong><br \/>\n  <em>Nyckelprogrammering, bladutsk\u00e4rning <\/em><br \/>\n<\/strong> <\/p>\n<p>BMW 7-serien F01, F02 2008-2015 BMW <strong><br \/>\n  <em>Nyckelprogrammering, bladuttag <\/em><br \/>\n<\/strong> <\/p>\n<p>BMW 7-serie G10, G11 2015-<\/p>\n<p>BMW 1-serie E87 2004-2011 CAS3, CAS3 BMW <em><br \/>\n  <strong>Nyckelprogrammering, bladutsk\u00e4rning<\/strong><br \/>\n<\/em><\/p>\n<p>BMW 1-serie F20, F21 2011- BMW <em><br \/>\n  <strong>Nyckelprogrammering, sk\u00e4rning av blad<\/strong><br \/>\n<\/em><\/p>\n<p>X1 2009 CAS3, CAS3 BMW<em><br \/>\n  <strong> nyckelprogrammering, sk\u00e4rning av blad<\/strong><br \/>\n<\/em><\/p>\n<p>X3 E83 2003-2010 CAS3, CAS3 BMW <em><br \/>\n  <strong>nyckelprogrammering, sk\u00e4rning av blad<\/strong><br \/>\n<\/em><\/p>\n<p>X3 F25 2010- BMW <em><br \/>\n  <strong>nyckelprogrammering, sk\u00e4rning av blad<\/strong><br \/>\n<\/em><\/p>\n<p>X5 E53 1999-2003 EWS3 BMW <em><br \/>\n  <strong>programmering av nycklar, sk\u00e4rning av blad <\/strong><br \/>\n<\/em> <\/p>\n<p>X5 E70 2006- CAS3, CAS3 BMW<em><br \/>\n  <strong> programmering av nycklar, blad utbrytning <\/strong><br \/>\n<\/em> <\/p>\n<p>X6 E71 2008 CAS3, CAS3 BMW <em><br \/>\n  <strong>nyckelprogrammering, sk\u00e4rning av blad <\/strong><br \/>\n<\/em> <\/p>\n<p>MINI COOPER 2001-2004 EWS3 <em><br \/>\n  <strong>programmering av nycklar, sk\u00e4rning av blad <\/strong><br \/>\n<\/em> <\/p>\n<p>MINI COOPER 2005<em><br \/>\n  <strong> nyckelprogrammering, sk\u00e4rning av blad <\/strong><br \/>\n<\/em> <\/p>\n<p>&nbsp;<\/p>\n<p>&nbsp;<\/p>\n<p>&nbsp;<\/p>\n","protected":false},"featured_media":20580,"comment_status":"open","ping_status":"closed","template":"","meta":[],"product_brand":[],"product_cat":[4152,5810],"product_tag":[5235,4165,5240,4172,4299,5243,4180,4303,4306,4191,4194,5234,5237,4309,4200,4201,5818,4324,4182,4312,5255,4196,5236,4198,4325,5256,4204,5230,5821,5822,5815,5824],"class_list":{"0":"post-22329","1":"product","2":"type-product","3":"status-publish","4":"has-post-thumbnail","6":"product_cat-bmw-sv","7":"product_cat-tillverkning-av-nycklar","8":"product_tag-bmw-3-nyckeln","9":"product_tag-bmw-3-nyckelskal","10":"product_tag-bmw-5-nyckel","11":"product_tag-bmw-5-nyckelskal","12":"product_tag-bmw-6-nyckelskal","13":"product_tag-bmw-7-nyckel","14":"product_tag-bmw-7-nyckelskal","15":"product_tag-bmw-8-nyckelskal","16":"product_tag-bmw-e-nyckelskal","17":"product_tag-bmw-e38-nyckelskal","18":"product_tag-bmw-e46-nyckelskal","19":"product_tag-bmw-f3-nyckel","20":"product_tag-bmw-f5-nyckel","21":"product_tag-bmw-m-nyckelskal","22":"product_tag-bmw-m3-nyckelskal","23":"product_tag-bmw-m5-nyckelskal","24":"product_tag-bmw-mini-nyckelskal","25":"product_tag-bmw-nyckel-5-skal","26":"product_tag-bmw-nyckelskal","27":"product_tag-bmw-x-nyckelskal","28":"product_tag-bmw-x3-nyckel","29":"product_tag-bmw-x3-nyckelskal","30":"product_tag-bmw-x5-nyckel","31":"product_tag-bmw-x5-nyckelskal","32":"product_tag-bmw-z3-nyckelskal","33":"product_tag-bmw-z4-nyckel","34":"product_tag-bmw-z4-nyckelskal","35":"product_tag-bmw-nyckel","36":"product_tag-produktion-av-bmw-nycklar","37":"product_tag-produktion-av-nycklar","38":"product_tag-programmering-av-bmv-nycklar","39":"product_tag-programmering-av-nycklar","41":"first","42":"instock","43":"shipping-taxable","44":"product-type-simple"},"yoast_head":"<!-- This site is optimized with the Yoast SEO plugin v27.6 - https:\/\/yoast.com\/product\/yoast-seo-wordpress\/ -->\n<title>Nyckeltillverkning\/programmering f\u00f6r BMW-bilar - Keys for auto% %%sidnamn<\/title>\n<meta name=\"robots\" content=\"index, follow, max-snippet:-1, max-image-preview:large, max-video-preview:-1\" \/>\n<link rel=\"canonical\" href=\"https:\/\/keys-for-auto.eu\/sv\/product\/nyckelproduktionsprogrammering-for-bmw-bilar\/\" \/>\n<meta property=\"og:locale\" content=\"sv_SE\" \/>\n<meta property=\"og:type\" content=\"article\" \/>\n<meta property=\"og:title\" content=\"Nyckeltillverkning\/programmering f\u00f6r BMW-bilar - Keys for auto% %%sidnamn\" \/>\n<meta property=\"og:description\" content=\"Tillverkning av bilnycklar  Tillverkning av nya bilnycklar, programmering av nycklar (&quot;bindning&quot; till bilen)  Radera tidigare f\u00f6rlorade nycklar fr\u00e5n bilens minne  Tillverkning av t\u00e4ndningsnyckeln enligt l\u00e5set  Reparation av bilnycklar (byte av knappar, skal, mekanismer)  Uppl\u00e5sning av bil i n\u00f6dsituationer  Byte av nycklar, nyckelfodral  Avst\u00e4ngning av DPF- och FAP-programvaran  Programbaserat avl\u00e4gsnande av EGR  Avaktivering av startsp\u00e4rrprogramvaran (immo Off)  Reparation, kloning och programmering av motorstyrenhet (ECU)  SRS (Programmering av styrenhet f\u00f6r krockkuddar)  artiklar skickas inom 3 arbetsdagar.* Programmering av BMW-nycklar fr\u00e5n 60\u20ac I priset ing\u00e5r BMW-nyckel med programmering, sk\u00e4rning av bladet. &nbsp; BMW 3-serien E36 1996-1999 EWS1, EWS2 BMW  Nyckelprogrammering, sk\u00e4rning av blad   BMW 3-serien E46 1999-2004 EWS 3 BMW  Nyckelprogrammering, sk\u00e4rning av blad   BMW 3-serien E46 2005-2007 CAS2 BMW  Nyckelprogrammering, sk\u00e4rning av blad   BMW 3-serien E90 2005-2012 CAS3, CAS3 BMW  Nyckelprogrammering, bladutsk\u00e4rning   BMW 3-serien F30 2012- BMW  nyckelprogrammering, sk\u00e4rning av blad   BMW 5-serie E39 1996-2004 EWS1, EWS2, EWS3 BMW  Nyckelprogrammering, sk\u00e4rning av blad   BMW 5-serien E60, E61 2004-2010 CAS2 BMW  Nyckelprogrammering, bladuttag   BMW 5-serien E60, E61 2004-2010 CAS3, CAS3 BMW  Nyckelprogrammering, bladuttag  BMW 5-serien F10 2010 - BMW  Nyckelprogrammering, sk\u00e4rning av blad   BMW 6-serien E63, E64 2004-2010 CAS2 BMW  Nyckelprogrammering, sk\u00e4rning av blad   BMW 6-serien E63, E64 2004-2010 CAS3, CAS3 BMW  Nyckelprogrammering, bladuttag   BMW 6-serien F06, F12 2011- BMW  Nyckelprogrammering, sk\u00e4rning av blad   BMW 7-serien E38 1996-2001 EWS BMW  Nyckelprogrammering, sk\u00e4rning av blad   BMW 7-serien E65, E66 2002-2008 CAS BMW  Nyckelprogrammering, bladutsk\u00e4rning   BMW 7-serien F01, F02 2008-2015 BMW  Nyckelprogrammering, bladuttag   BMW 7-serie G10, G11 2015- BMW 1-serie E87 2004-2011 CAS3, CAS3 BMW  Nyckelprogrammering, bladutsk\u00e4rning  BMW 1-serie F20, F21 2011- BMW  Nyckelprogrammering, sk\u00e4rning av blad  X1 2009 CAS3, CAS3 BMW  nyckelprogrammering, sk\u00e4rning av blad  X3 E83 2003-2010 CAS3, CAS3 BMW  nyckelprogrammering, sk\u00e4rning av blad  X3 F25 2010- BMW  nyckelprogrammering, sk\u00e4rning av blad  X5 E53 1999-2003 EWS3 BMW  programmering av nycklar, sk\u00e4rning av blad   X5 E70 2006- CAS3, CAS3 BMW  programmering av nycklar, blad utbrytning   X6 E71 2008 CAS3, CAS3 BMW  nyckelprogrammering, sk\u00e4rning av blad   MINI COOPER 2001-2004 EWS3  programmering av nycklar, sk\u00e4rning av blad   MINI COOPER 2005  nyckelprogrammering, sk\u00e4rning av blad   &nbsp; &nbsp; &nbsp;\" \/>\n<meta property=\"og:url\" content=\"https:\/\/keys-for-auto.eu\/sv\/product\/nyckelproduktionsprogrammering-for-bmw-bilar\/\" \/>\n<meta property=\"og:site_name\" content=\"Keys for auto\" \/>\n<meta property=\"article:publisher\" content=\"https:\/\/www.facebook.com\/KeysForAutoEU\" \/>\n<meta property=\"og:image\" content=\"https:\/\/keys-for-auto.eu\/wp-content\/uploads\/2022\/12\/312-1.png\" \/>\n\t<meta property=\"og:image:width\" content=\"600\" \/>\n\t<meta property=\"og:image:height\" content=\"500\" \/>\n\t<meta property=\"og:image:type\" content=\"image\/png\" \/>\n<meta name=\"twitter:card\" content=\"summary_large_image\" \/>\n<meta name=\"twitter:label1\" content=\"Ber\u00e4knad l\u00e4stid\" \/>\n\t<meta name=\"twitter:data1\" content=\"2 minuter\" \/>\n<script type=\"application\/ld+json\" class=\"yoast-schema-graph\">{\"@context\":\"https:\\\/\\\/schema.org\",\"@graph\":[{\"@type\":[\"WebPage\",\"ItemPage\"],\"@id\":\"https:\\\/\\\/keys-for-auto.eu\\\/sv\\\/product\\\/nyckelproduktionsprogrammering-for-bmw-bilar\\\/\",\"url\":\"https:\\\/\\\/keys-for-auto.eu\\\/sv\\\/product\\\/nyckelproduktionsprogrammering-for-bmw-bilar\\\/\",\"name\":\"Nyckeltillverkning\\\/programmering f\u00f6r BMW-bilar - Keys for auto% %%sidnamn\",\"isPartOf\":{\"@id\":\"https:\\\/\\\/keys-for-auto.eu\\\/sv\\\/#website\"},\"primaryImageOfPage\":{\"@id\":\"https:\\\/\\\/keys-for-auto.eu\\\/sv\\\/product\\\/nyckelproduktionsprogrammering-for-bmw-bilar\\\/#primaryimage\"},\"image\":{\"@id\":\"https:\\\/\\\/keys-for-auto.eu\\\/sv\\\/product\\\/nyckelproduktionsprogrammering-for-bmw-bilar\\\/#primaryimage\"},\"thumbnailUrl\":\"https:\\\/\\\/keys-for-auto.eu\\\/wp-content\\\/uploads\\\/2022\\\/12\\\/312-1.png\",\"datePublished\":\"2017-03-11T19:56:53+00:00\",\"breadcrumb\":{\"@id\":\"https:\\\/\\\/keys-for-auto.eu\\\/sv\\\/product\\\/nyckelproduktionsprogrammering-for-bmw-bilar\\\/#breadcrumb\"},\"inLanguage\":\"sv-SE\",\"potentialAction\":[{\"@type\":\"ReadAction\",\"target\":[\"https:\\\/\\\/keys-for-auto.eu\\\/sv\\\/product\\\/nyckelproduktionsprogrammering-for-bmw-bilar\\\/\"]}]},{\"@type\":\"ImageObject\",\"inLanguage\":\"sv-SE\",\"@id\":\"https:\\\/\\\/keys-for-auto.eu\\\/sv\\\/product\\\/nyckelproduktionsprogrammering-for-bmw-bilar\\\/#primaryimage\",\"url\":\"https:\\\/\\\/keys-for-auto.eu\\\/wp-content\\\/uploads\\\/2022\\\/12\\\/312-1.png\",\"contentUrl\":\"https:\\\/\\\/keys-for-auto.eu\\\/wp-content\\\/uploads\\\/2022\\\/12\\\/312-1.png\",\"width\":600,\"height\":500},{\"@type\":\"BreadcrumbList\",\"@id\":\"https:\\\/\\\/keys-for-auto.eu\\\/sv\\\/product\\\/nyckelproduktionsprogrammering-for-bmw-bilar\\\/#breadcrumb\",\"itemListElement\":[{\"@type\":\"ListItem\",\"position\":1,\"name\":\"Hem\",\"item\":\"https:\\\/\\\/keys-for-auto.eu\\\/sv\\\/\"},{\"@type\":\"ListItem\",\"position\":2,\"name\":\"Shop\",\"item\":\"https:\\\/\\\/keys-for-auto.eu\\\/\"},{\"@type\":\"ListItem\",\"position\":3,\"name\":\"Nyckeltillverkning\\\/programmering f\u00f6r BMW-bilar\"}]},{\"@type\":\"WebSite\",\"@id\":\"https:\\\/\\\/keys-for-auto.eu\\\/sv\\\/#website\",\"url\":\"https:\\\/\\\/keys-for-auto.eu\\\/sv\\\/\",\"name\":\"Keys for auto\",\"description\":\"Car keys,  key shells, key programming\",\"publisher\":{\"@id\":\"https:\\\/\\\/keys-for-auto.eu\\\/sv\\\/#organization\"},\"potentialAction\":[{\"@type\":\"SearchAction\",\"target\":{\"@type\":\"EntryPoint\",\"urlTemplate\":\"https:\\\/\\\/keys-for-auto.eu\\\/sv\\\/?s={search_term_string}\"},\"query-input\":{\"@type\":\"PropertyValueSpecification\",\"valueRequired\":true,\"valueName\":\"search_term_string\"}}],\"inLanguage\":\"sv-SE\"},{\"@type\":\"Organization\",\"@id\":\"https:\\\/\\\/keys-for-auto.eu\\\/sv\\\/#organization\",\"name\":\"Nycklar f\u00f6r bil\",\"url\":\"https:\\\/\\\/keys-for-auto.eu\\\/sv\\\/\",\"logo\":{\"@type\":\"ImageObject\",\"inLanguage\":\"sv-SE\",\"@id\":\"https:\\\/\\\/keys-for-auto.eu\\\/sv\\\/#\\\/schema\\\/logo\\\/image\\\/\",\"url\":\"https:\\\/\\\/keys-for-auto.eu\\\/wp-content\\\/uploads\\\/2022\\\/11\\\/cropped-png1.png\",\"contentUrl\":\"https:\\\/\\\/keys-for-auto.eu\\\/wp-content\\\/uploads\\\/2022\\\/11\\\/cropped-png1.png\",\"width\":1000,\"height\":342,\"caption\":\"Nycklar f\u00f6r bil\"},\"image\":{\"@id\":\"https:\\\/\\\/keys-for-auto.eu\\\/sv\\\/#\\\/schema\\\/logo\\\/image\\\/\"},\"sameAs\":[\"https:\\\/\\\/www.facebook.com\\\/KeysForAutoEU\"]}]}<\/script>\n<!-- \/ Yoast SEO plugin. -->","yoast_head_json":{"title":"Nyckeltillverkning\/programmering f\u00f6r BMW-bilar - Keys for auto% %%sidnamn","robots":{"index":"index","follow":"follow","max-snippet":"max-snippet:-1","max-image-preview":"max-image-preview:large","max-video-preview":"max-video-preview:-1"},"canonical":"https:\/\/keys-for-auto.eu\/sv\/product\/nyckelproduktionsprogrammering-for-bmw-bilar\/","og_locale":"sv_SE","og_type":"article","og_title":"Nyckeltillverkning\/programmering f\u00f6r BMW-bilar - Keys for auto% %%sidnamn","og_description":"Tillverkning av bilnycklar  Tillverkning av nya bilnycklar, programmering av nycklar (\"bindning\" till bilen)  Radera tidigare f\u00f6rlorade nycklar fr\u00e5n bilens minne  Tillverkning av t\u00e4ndningsnyckeln enligt l\u00e5set  Reparation av bilnycklar (byte av knappar, skal, mekanismer)  Uppl\u00e5sning av bil i n\u00f6dsituationer  Byte av nycklar, nyckelfodral  Avst\u00e4ngning av DPF- och FAP-programvaran  Programbaserat avl\u00e4gsnande av EGR  Avaktivering av startsp\u00e4rrprogramvaran (immo Off)  Reparation, kloning och programmering av motorstyrenhet (ECU)  SRS (Programmering av styrenhet f\u00f6r krockkuddar)  artiklar skickas inom 3 arbetsdagar.* Programmering av BMW-nycklar fr\u00e5n 60\u20ac I priset ing\u00e5r BMW-nyckel med programmering, sk\u00e4rning av bladet. &nbsp; BMW 3-serien E36 1996-1999 EWS1, EWS2 BMW  Nyckelprogrammering, sk\u00e4rning av blad   BMW 3-serien E46 1999-2004 EWS 3 BMW  Nyckelprogrammering, sk\u00e4rning av blad   BMW 3-serien E46 2005-2007 CAS2 BMW  Nyckelprogrammering, sk\u00e4rning av blad   BMW 3-serien E90 2005-2012 CAS3, CAS3 BMW  Nyckelprogrammering, bladutsk\u00e4rning   BMW 3-serien F30 2012- BMW  nyckelprogrammering, sk\u00e4rning av blad   BMW 5-serie E39 1996-2004 EWS1, EWS2, EWS3 BMW  Nyckelprogrammering, sk\u00e4rning av blad   BMW 5-serien E60, E61 2004-2010 CAS2 BMW  Nyckelprogrammering, bladuttag   BMW 5-serien E60, E61 2004-2010 CAS3, CAS3 BMW  Nyckelprogrammering, bladuttag  BMW 5-serien F10 2010 - BMW  Nyckelprogrammering, sk\u00e4rning av blad   BMW 6-serien E63, E64 2004-2010 CAS2 BMW  Nyckelprogrammering, sk\u00e4rning av blad   BMW 6-serien E63, E64 2004-2010 CAS3, CAS3 BMW  Nyckelprogrammering, bladuttag   BMW 6-serien F06, F12 2011- BMW  Nyckelprogrammering, sk\u00e4rning av blad   BMW 7-serien E38 1996-2001 EWS BMW  Nyckelprogrammering, sk\u00e4rning av blad   BMW 7-serien E65, E66 2002-2008 CAS BMW  Nyckelprogrammering, bladutsk\u00e4rning   BMW 7-serien F01, F02 2008-2015 BMW  Nyckelprogrammering, bladuttag   BMW 7-serie G10, G11 2015- BMW 1-serie E87 2004-2011 CAS3, CAS3 BMW  Nyckelprogrammering, bladutsk\u00e4rning  BMW 1-serie F20, F21 2011- BMW  Nyckelprogrammering, sk\u00e4rning av blad  X1 2009 CAS3, CAS3 BMW  nyckelprogrammering, sk\u00e4rning av blad  X3 E83 2003-2010 CAS3, CAS3 BMW  nyckelprogrammering, sk\u00e4rning av blad  X3 F25 2010- BMW  nyckelprogrammering, sk\u00e4rning av blad  X5 E53 1999-2003 EWS3 BMW  programmering av nycklar, sk\u00e4rning av blad   X5 E70 2006- CAS3, CAS3 BMW  programmering av nycklar, blad utbrytning   X6 E71 2008 CAS3, CAS3 BMW  nyckelprogrammering, sk\u00e4rning av blad   MINI COOPER 2001-2004 EWS3  programmering av nycklar, sk\u00e4rning av blad   MINI COOPER 2005  nyckelprogrammering, sk\u00e4rning av blad   &nbsp; &nbsp; &nbsp;","og_url":"https:\/\/keys-for-auto.eu\/sv\/product\/nyckelproduktionsprogrammering-for-bmw-bilar\/","og_site_name":"Keys for auto","article_publisher":"https:\/\/www.facebook.com\/KeysForAutoEU","og_image":[{"width":600,"height":500,"url":"https:\/\/keys-for-auto.eu\/wp-content\/uploads\/2022\/12\/312-1.png","type":"image\/png"}],"twitter_card":"summary_large_image","twitter_misc":{"Ber\u00e4knad l\u00e4stid":"2 minuter"},"schema":{"@context":"https:\/\/schema.org","@graph":[{"@type":["WebPage","ItemPage"],"@id":"https:\/\/keys-for-auto.eu\/sv\/product\/nyckelproduktionsprogrammering-for-bmw-bilar\/","url":"https:\/\/keys-for-auto.eu\/sv\/product\/nyckelproduktionsprogrammering-for-bmw-bilar\/","name":"Nyckeltillverkning\/programmering f\u00f6r BMW-bilar - Keys for auto% %%sidnamn","isPartOf":{"@id":"https:\/\/keys-for-auto.eu\/sv\/#website"},"primaryImageOfPage":{"@id":"https:\/\/keys-for-auto.eu\/sv\/product\/nyckelproduktionsprogrammering-for-bmw-bilar\/#primaryimage"},"image":{"@id":"https:\/\/keys-for-auto.eu\/sv\/product\/nyckelproduktionsprogrammering-for-bmw-bilar\/#primaryimage"},"thumbnailUrl":"https:\/\/keys-for-auto.eu\/wp-content\/uploads\/2022\/12\/312-1.png","datePublished":"2017-03-11T19:56:53+00:00","breadcrumb":{"@id":"https:\/\/keys-for-auto.eu\/sv\/product\/nyckelproduktionsprogrammering-for-bmw-bilar\/#breadcrumb"},"inLanguage":"sv-SE","potentialAction":[{"@type":"ReadAction","target":["https:\/\/keys-for-auto.eu\/sv\/product\/nyckelproduktionsprogrammering-for-bmw-bilar\/"]}]},{"@type":"ImageObject","inLanguage":"sv-SE","@id":"https:\/\/keys-for-auto.eu\/sv\/product\/nyckelproduktionsprogrammering-for-bmw-bilar\/#primaryimage","url":"https:\/\/keys-for-auto.eu\/wp-content\/uploads\/2022\/12\/312-1.png","contentUrl":"https:\/\/keys-for-auto.eu\/wp-content\/uploads\/2022\/12\/312-1.png","width":600,"height":500},{"@type":"BreadcrumbList","@id":"https:\/\/keys-for-auto.eu\/sv\/product\/nyckelproduktionsprogrammering-for-bmw-bilar\/#breadcrumb","itemListElement":[{"@type":"ListItem","position":1,"name":"Hem","item":"https:\/\/keys-for-auto.eu\/sv\/"},{"@type":"ListItem","position":2,"name":"Shop","item":"https:\/\/keys-for-auto.eu\/"},{"@type":"ListItem","position":3,"name":"Nyckeltillverkning\/programmering f\u00f6r BMW-bilar"}]},{"@type":"WebSite","@id":"https:\/\/keys-for-auto.eu\/sv\/#website","url":"https:\/\/keys-for-auto.eu\/sv\/","name":"Keys for auto","description":"Car keys,  key shells, key programming","publisher":{"@id":"https:\/\/keys-for-auto.eu\/sv\/#organization"},"potentialAction":[{"@type":"SearchAction","target":{"@type":"EntryPoint","urlTemplate":"https:\/\/keys-for-auto.eu\/sv\/?s={search_term_string}"},"query-input":{"@type":"PropertyValueSpecification","valueRequired":true,"valueName":"search_term_string"}}],"inLanguage":"sv-SE"},{"@type":"Organization","@id":"https:\/\/keys-for-auto.eu\/sv\/#organization","name":"Nycklar f\u00f6r bil","url":"https:\/\/keys-for-auto.eu\/sv\/","logo":{"@type":"ImageObject","inLanguage":"sv-SE","@id":"https:\/\/keys-for-auto.eu\/sv\/#\/schema\/logo\/image\/","url":"https:\/\/keys-for-auto.eu\/wp-content\/uploads\/2022\/11\/cropped-png1.png","contentUrl":"https:\/\/keys-for-auto.eu\/wp-content\/uploads\/2022\/11\/cropped-png1.png","width":1000,"height":342,"caption":"Nycklar f\u00f6r bil"},"image":{"@id":"https:\/\/keys-for-auto.eu\/sv\/#\/schema\/logo\/image\/"},"sameAs":["https:\/\/www.facebook.com\/KeysForAutoEU"]}]}},"_links":{"self":[{"href":"https:\/\/keys-for-auto.eu\/sv\/wp-json\/wp\/v2\/product\/22329","targetHints":{"allow":["GET"]}}],"collection":[{"href":"https:\/\/keys-for-auto.eu\/sv\/wp-json\/wp\/v2\/product"}],"about":[{"href":"https:\/\/keys-for-auto.eu\/sv\/wp-json\/wp\/v2\/types\/product"}],"replies":[{"embeddable":true,"href":"https:\/\/keys-for-auto.eu\/sv\/wp-json\/wp\/v2\/comments?post=22329"}],"wp:featuredmedia":[{"embeddable":true,"href":"https:\/\/keys-for-auto.eu\/sv\/wp-json\/wp\/v2\/media\/20580"}],"wp:attachment":[{"href":"https:\/\/keys-for-auto.eu\/sv\/wp-json\/wp\/v2\/media?parent=22329"}],"wp:term":[{"taxonomy":"product_brand","embeddable":true,"href":"https:\/\/keys-for-auto.eu\/sv\/wp-json\/wp\/v2\/product_brand?post=22329"},{"taxonomy":"product_cat","embeddable":true,"href":"https:\/\/keys-for-auto.eu\/sv\/wp-json\/wp\/v2\/product_cat?post=22329"},{"taxonomy":"product_tag","embeddable":true,"href":"https:\/\/keys-for-auto.eu\/sv\/wp-json\/wp\/v2\/product_tag?post=22329"}],"curies":[{"name":"wp","href":"https:\/\/api.w.org\/{rel}","templated":true}]}}