{"id":22294,"date":"2016-04-02T20:18:52","date_gmt":"2016-04-02T20:18:52","guid":{"rendered":"https:\/\/keys-for-auto.eu\/product\/fjarrnyckel-passar-till-volvo-v40-v70-c70-s40-s60-s70\/"},"modified":"2016-04-02T20:18:52","modified_gmt":"2016-04-02T20:18:52","slug":"remote-control-key-suitable-for-volvo-v40-v70-c70-s40-s60-s70","status":"publish","type":"product","link":"https:\/\/keys-for-auto.eu\/sv\/product\/remote-control-key-suitable-for-volvo-v40-v70-c70-s40-s60-s70\/","title":{"rendered":"Fj\u00e4rrnyckel &#8211; passar till Volvo V40 | V70 | C70 | S40 | S60 | S70"},"content":{"rendered":"<p>Fj\u00e4rrnyckel &#8211; passar till Volvo V40 | V70 | C70 | S40 | S60 | S70<\/p>\n","protected":false},"excerpt":{"rendered":"<p><strong>Pris med programmering 130\u20ac (nyckeln s\u00e4ljs inte separat)<\/strong><\/p>\n<p><strong>Fj\u00e4rrnyckel (433 MHz) med transponder ID48 f\u00f6r Volvo-bilar.<\/strong><\/p>\n<p><em>Passar f\u00f6r:<\/em><\/p>\n<p><em>Volvo S60 (2004 &#8211; 2009)<\/em><br \/>\n<em>Volvo V70 (2004 &#8211; 2008)  <\/em><br \/>\n<em>Volvo XC70 (2004 &#8211; 2007)<\/em><br \/>\n<em>Volvo S80 (2004 &#8211; 2006)  <\/em><br \/>\n<em>Volvo XC90 (2004 )<\/em><\/p>\n<h3><strong>Tillverkning av bilnycklar<\/strong><\/h3>\n<ul>\n<li><strong>Tillverkning av nya bilnycklar, programmering av nycklar (&#8221;bindning&#8221; till bilen)<\/strong><\/li>\n<li><strong>Radera tidigare f\u00f6rlorade nycklar fr\u00e5n bilens minne<\/strong><\/li>\n<li><strong>Tillverkning av t\u00e4ndningsnyckeln enligt l\u00e5set<\/strong><\/li>\n<li><strong>Reparation av bilnycklar (byte av knappar, skal, mekanismer)<\/strong><\/li>\n<li><strong>Uppl\u00e5sning av bil i n\u00f6dsituationer<\/strong><\/li>\n<li><strong>Byte av nycklar, nyckelfodral<\/strong><\/li>\n<li><strong>Avst\u00e4ngning av DPF- och FAP-programvaran<\/strong><\/li>\n<li><strong>Programbaserat avl\u00e4gsnande av EGR<\/strong><\/li>\n<li><strong>Avaktivering av startsp\u00e4rrprogramvaran (immo Off)<\/strong><\/li>\n<li><strong>Reparation, kloning och programmering av motorstyrenhet (ECU)<\/strong><\/li>\n<li><strong>SRS (Programmering av styrenhet f\u00f6r krockkuddar)<\/strong><\/li>\n<\/ul>\n<div class=\"woocommerce-product-details__short-description\">\n<h4><strong>  artiklar skickas inom 3 arbetsdagar.*<\/strong><\/h4>\n<\/div>\n<form class=\"cart\" action=\"https:\/\/keys-for-auto.eu\/product\/smart-key-shell-suitable-for-audi-a3-a4-s4-a5-three-buttons\/\" enctype=\"multipart\/form-data\" method=\"post\"><\/form>\n<p>&nbsp;<\/p>\n","protected":false},"featured_media":21192,"comment_status":"open","ping_status":"closed","template":"","meta":[],"product_brand":[],"product_cat":[4528,5113],"product_tag":[5741,5745,5746,5748,5752,5754,5744],"class_list":{"0":"post-22294","1":"product","2":"type-product","3":"status-publish","4":"has-post-thumbnail","6":"product_cat-nycklar-for-fjarrkontroll","7":"product_cat-volvo-sv-2","8":"product_tag-volvo-c70-nyckel","9":"product_tag-volvo-s40-nyckel","10":"product_tag-volvo-s60-nyckel","11":"product_tag-volvo-s70-nyckel","12":"product_tag-volvo-v40-nyckel","13":"product_tag-volvo-v70-nyckel","14":"product_tag-volvo-nyckel","16":"first","17":"instock","18":"shipping-taxable","19":"purchasable","20":"product-type-simple"},"yoast_head":"<!-- This site is optimized with the Yoast SEO plugin v27.6 - https:\/\/yoast.com\/product\/yoast-seo-wordpress\/ -->\n<title>Fj\u00e4rrnyckel - passar till Volvo V40 | V70 | C70 | S40 | S60 | S70 - Keys for auto% %%sidnamn<\/title>\n<meta name=\"robots\" content=\"index, follow, max-snippet:-1, max-image-preview:large, max-video-preview:-1\" \/>\n<link rel=\"canonical\" href=\"https:\/\/keys-for-auto.eu\/sv\/product\/remote-control-key-suitable-for-volvo-v40-v70-c70-s40-s60-s70\/\" \/>\n<meta property=\"og:locale\" content=\"sv_SE\" \/>\n<meta property=\"og:type\" content=\"article\" \/>\n<meta property=\"og:title\" content=\"Fj\u00e4rrnyckel - passar till Volvo V40 | V70 | C70 | S40 | S60 | S70 - Keys for auto% %%sidnamn\" \/>\n<meta property=\"og:description\" content=\"Pris med programmering 130\u20ac (nyckeln s\u00e4ljs inte separat) Fj\u00e4rrnyckel (433 MHz) med transponder ID48 f\u00f6r Volvo-bilar. Passar f\u00f6r: Volvo S60 (2004 - 2009) Volvo V70 (2004 - 2008)  Volvo XC70 (2004 - 2007) Volvo S80 (2004 - 2006)  Volvo XC90 (2004 ) Tillverkning av bilnycklar  Tillverkning av nya bilnycklar, programmering av nycklar (&quot;bindning&quot; till bilen)  Radera tidigare f\u00f6rlorade nycklar fr\u00e5n bilens minne  Tillverkning av t\u00e4ndningsnyckeln enligt l\u00e5set  Reparation av bilnycklar (byte av knappar, skal, mekanismer)  Uppl\u00e5sning av bil i n\u00f6dsituationer  Byte av nycklar, nyckelfodral  Avst\u00e4ngning av DPF- och FAP-programvaran  Programbaserat avl\u00e4gsnande av EGR  Avaktivering av startsp\u00e4rrprogramvaran (immo Off)  Reparation, kloning och programmering av motorstyrenhet (ECU)  SRS (Programmering av styrenhet f\u00f6r krockkuddar)   artiklar skickas inom 3 arbetsdagar.* &nbsp;\" \/>\n<meta property=\"og:url\" content=\"https:\/\/keys-for-auto.eu\/sv\/product\/remote-control-key-suitable-for-volvo-v40-v70-c70-s40-s60-s70\/\" \/>\n<meta property=\"og:site_name\" content=\"Keys for auto\" \/>\n<meta property=\"article:publisher\" content=\"https:\/\/www.facebook.com\/KeysForAutoEU\" \/>\n<meta property=\"og:image\" content=\"https:\/\/i0.wp.com\/keys-for-auto.eu\/wp-content\/uploads\/2022\/12\/Volvo-5-mygtuku-korpusas-500x5002-removebg-preview.png?fit=500%2C500&ssl=1\" \/>\n\t<meta property=\"og:image:width\" content=\"500\" \/>\n\t<meta property=\"og:image:height\" content=\"500\" \/>\n\t<meta property=\"og:image:type\" content=\"image\/png\" \/>\n<meta name=\"twitter:card\" content=\"summary_large_image\" \/>\n<script type=\"application\/ld+json\" class=\"yoast-schema-graph\">{\"@context\":\"https:\\\/\\\/schema.org\",\"@graph\":[{\"@type\":[\"WebPage\",\"ItemPage\"],\"@id\":\"https:\\\/\\\/keys-for-auto.eu\\\/sv\\\/product\\\/remote-control-key-suitable-for-volvo-v40-v70-c70-s40-s60-s70\\\/\",\"url\":\"https:\\\/\\\/keys-for-auto.eu\\\/sv\\\/product\\\/remote-control-key-suitable-for-volvo-v40-v70-c70-s40-s60-s70\\\/\",\"name\":\"Fj\u00e4rrnyckel - passar till Volvo V40 | V70 | C70 | S40 | S60 | S70 - Keys for auto% %%sidnamn\",\"isPartOf\":{\"@id\":\"https:\\\/\\\/keys-for-auto.eu\\\/sv\\\/#website\"},\"primaryImageOfPage\":{\"@id\":\"https:\\\/\\\/keys-for-auto.eu\\\/sv\\\/product\\\/remote-control-key-suitable-for-volvo-v40-v70-c70-s40-s60-s70\\\/#primaryimage\"},\"image\":{\"@id\":\"https:\\\/\\\/keys-for-auto.eu\\\/sv\\\/product\\\/remote-control-key-suitable-for-volvo-v40-v70-c70-s40-s60-s70\\\/#primaryimage\"},\"thumbnailUrl\":\"https:\\\/\\\/keys-for-auto.eu\\\/wp-content\\\/uploads\\\/2022\\\/12\\\/Volvo-5-mygtuku-korpusas-500x5002-removebg-preview.png\",\"datePublished\":\"2016-04-02T20:18:52+00:00\",\"breadcrumb\":{\"@id\":\"https:\\\/\\\/keys-for-auto.eu\\\/sv\\\/product\\\/remote-control-key-suitable-for-volvo-v40-v70-c70-s40-s60-s70\\\/#breadcrumb\"},\"inLanguage\":\"sv-SE\",\"potentialAction\":[{\"@type\":\"ReadAction\",\"target\":[\"https:\\\/\\\/keys-for-auto.eu\\\/sv\\\/product\\\/remote-control-key-suitable-for-volvo-v40-v70-c70-s40-s60-s70\\\/\"]}]},{\"@type\":\"ImageObject\",\"inLanguage\":\"sv-SE\",\"@id\":\"https:\\\/\\\/keys-for-auto.eu\\\/sv\\\/product\\\/remote-control-key-suitable-for-volvo-v40-v70-c70-s40-s60-s70\\\/#primaryimage\",\"url\":\"https:\\\/\\\/keys-for-auto.eu\\\/wp-content\\\/uploads\\\/2022\\\/12\\\/Volvo-5-mygtuku-korpusas-500x5002-removebg-preview.png\",\"contentUrl\":\"https:\\\/\\\/keys-for-auto.eu\\\/wp-content\\\/uploads\\\/2022\\\/12\\\/Volvo-5-mygtuku-korpusas-500x5002-removebg-preview.png\",\"width\":500,\"height\":500},{\"@type\":\"BreadcrumbList\",\"@id\":\"https:\\\/\\\/keys-for-auto.eu\\\/sv\\\/product\\\/remote-control-key-suitable-for-volvo-v40-v70-c70-s40-s60-s70\\\/#breadcrumb\",\"itemListElement\":[{\"@type\":\"ListItem\",\"position\":1,\"name\":\"Hem\",\"item\":\"https:\\\/\\\/keys-for-auto.eu\\\/sv\\\/\"},{\"@type\":\"ListItem\",\"position\":2,\"name\":\"Shop\",\"item\":\"https:\\\/\\\/keys-for-auto.eu\\\/\"},{\"@type\":\"ListItem\",\"position\":3,\"name\":\"Fj\u00e4rrnyckel &#8211; passar till Volvo V40 | V70 | C70 | S40 | S60 | S70\"}]},{\"@type\":\"WebSite\",\"@id\":\"https:\\\/\\\/keys-for-auto.eu\\\/sv\\\/#website\",\"url\":\"https:\\\/\\\/keys-for-auto.eu\\\/sv\\\/\",\"name\":\"Keys for auto\",\"description\":\"Car keys,  key shells, key programming\",\"publisher\":{\"@id\":\"https:\\\/\\\/keys-for-auto.eu\\\/sv\\\/#organization\"},\"potentialAction\":[{\"@type\":\"SearchAction\",\"target\":{\"@type\":\"EntryPoint\",\"urlTemplate\":\"https:\\\/\\\/keys-for-auto.eu\\\/sv\\\/?s={search_term_string}\"},\"query-input\":{\"@type\":\"PropertyValueSpecification\",\"valueRequired\":true,\"valueName\":\"search_term_string\"}}],\"inLanguage\":\"sv-SE\"},{\"@type\":\"Organization\",\"@id\":\"https:\\\/\\\/keys-for-auto.eu\\\/sv\\\/#organization\",\"name\":\"Nycklar f\u00f6r bil\",\"url\":\"https:\\\/\\\/keys-for-auto.eu\\\/sv\\\/\",\"logo\":{\"@type\":\"ImageObject\",\"inLanguage\":\"sv-SE\",\"@id\":\"https:\\\/\\\/keys-for-auto.eu\\\/sv\\\/#\\\/schema\\\/logo\\\/image\\\/\",\"url\":\"https:\\\/\\\/keys-for-auto.eu\\\/wp-content\\\/uploads\\\/2022\\\/11\\\/cropped-png1.png\",\"contentUrl\":\"https:\\\/\\\/keys-for-auto.eu\\\/wp-content\\\/uploads\\\/2022\\\/11\\\/cropped-png1.png\",\"width\":1000,\"height\":342,\"caption\":\"Nycklar f\u00f6r bil\"},\"image\":{\"@id\":\"https:\\\/\\\/keys-for-auto.eu\\\/sv\\\/#\\\/schema\\\/logo\\\/image\\\/\"},\"sameAs\":[\"https:\\\/\\\/www.facebook.com\\\/KeysForAutoEU\"]}]}<\/script>\n<!-- \/ Yoast SEO plugin. -->","yoast_head_json":{"title":"Fj\u00e4rrnyckel - passar till Volvo V40 | V70 | C70 | S40 | S60 | S70 - Keys for auto% %%sidnamn","robots":{"index":"index","follow":"follow","max-snippet":"max-snippet:-1","max-image-preview":"max-image-preview:large","max-video-preview":"max-video-preview:-1"},"canonical":"https:\/\/keys-for-auto.eu\/sv\/product\/remote-control-key-suitable-for-volvo-v40-v70-c70-s40-s60-s70\/","og_locale":"sv_SE","og_type":"article","og_title":"Fj\u00e4rrnyckel - passar till Volvo V40 | V70 | C70 | S40 | S60 | S70 - Keys for auto% %%sidnamn","og_description":"Pris med programmering 130\u20ac (nyckeln s\u00e4ljs inte separat) Fj\u00e4rrnyckel (433 MHz) med transponder ID48 f\u00f6r Volvo-bilar. Passar f\u00f6r: Volvo S60 (2004 - 2009) Volvo V70 (2004 - 2008)  Volvo XC70 (2004 - 2007) Volvo S80 (2004 - 2006)  Volvo XC90 (2004 ) Tillverkning av bilnycklar  Tillverkning av nya bilnycklar, programmering av nycklar (\"bindning\" till bilen)  Radera tidigare f\u00f6rlorade nycklar fr\u00e5n bilens minne  Tillverkning av t\u00e4ndningsnyckeln enligt l\u00e5set  Reparation av bilnycklar (byte av knappar, skal, mekanismer)  Uppl\u00e5sning av bil i n\u00f6dsituationer  Byte av nycklar, nyckelfodral  Avst\u00e4ngning av DPF- och FAP-programvaran  Programbaserat avl\u00e4gsnande av EGR  Avaktivering av startsp\u00e4rrprogramvaran (immo Off)  Reparation, kloning och programmering av motorstyrenhet (ECU)  SRS (Programmering av styrenhet f\u00f6r krockkuddar)   artiklar skickas inom 3 arbetsdagar.* &nbsp;","og_url":"https:\/\/keys-for-auto.eu\/sv\/product\/remote-control-key-suitable-for-volvo-v40-v70-c70-s40-s60-s70\/","og_site_name":"Keys for auto","article_publisher":"https:\/\/www.facebook.com\/KeysForAutoEU","og_image":[{"width":500,"height":500,"url":"https:\/\/i0.wp.com\/keys-for-auto.eu\/wp-content\/uploads\/2022\/12\/Volvo-5-mygtuku-korpusas-500x5002-removebg-preview.png?fit=500%2C500&ssl=1","type":"image\/png"}],"twitter_card":"summary_large_image","schema":{"@context":"https:\/\/schema.org","@graph":[{"@type":["WebPage","ItemPage"],"@id":"https:\/\/keys-for-auto.eu\/sv\/product\/remote-control-key-suitable-for-volvo-v40-v70-c70-s40-s60-s70\/","url":"https:\/\/keys-for-auto.eu\/sv\/product\/remote-control-key-suitable-for-volvo-v40-v70-c70-s40-s60-s70\/","name":"Fj\u00e4rrnyckel - passar till Volvo V40 | V70 | C70 | S40 | S60 | S70 - Keys for auto% %%sidnamn","isPartOf":{"@id":"https:\/\/keys-for-auto.eu\/sv\/#website"},"primaryImageOfPage":{"@id":"https:\/\/keys-for-auto.eu\/sv\/product\/remote-control-key-suitable-for-volvo-v40-v70-c70-s40-s60-s70\/#primaryimage"},"image":{"@id":"https:\/\/keys-for-auto.eu\/sv\/product\/remote-control-key-suitable-for-volvo-v40-v70-c70-s40-s60-s70\/#primaryimage"},"thumbnailUrl":"https:\/\/keys-for-auto.eu\/wp-content\/uploads\/2022\/12\/Volvo-5-mygtuku-korpusas-500x5002-removebg-preview.png","datePublished":"2016-04-02T20:18:52+00:00","breadcrumb":{"@id":"https:\/\/keys-for-auto.eu\/sv\/product\/remote-control-key-suitable-for-volvo-v40-v70-c70-s40-s60-s70\/#breadcrumb"},"inLanguage":"sv-SE","potentialAction":[{"@type":"ReadAction","target":["https:\/\/keys-for-auto.eu\/sv\/product\/remote-control-key-suitable-for-volvo-v40-v70-c70-s40-s60-s70\/"]}]},{"@type":"ImageObject","inLanguage":"sv-SE","@id":"https:\/\/keys-for-auto.eu\/sv\/product\/remote-control-key-suitable-for-volvo-v40-v70-c70-s40-s60-s70\/#primaryimage","url":"https:\/\/keys-for-auto.eu\/wp-content\/uploads\/2022\/12\/Volvo-5-mygtuku-korpusas-500x5002-removebg-preview.png","contentUrl":"https:\/\/keys-for-auto.eu\/wp-content\/uploads\/2022\/12\/Volvo-5-mygtuku-korpusas-500x5002-removebg-preview.png","width":500,"height":500},{"@type":"BreadcrumbList","@id":"https:\/\/keys-for-auto.eu\/sv\/product\/remote-control-key-suitable-for-volvo-v40-v70-c70-s40-s60-s70\/#breadcrumb","itemListElement":[{"@type":"ListItem","position":1,"name":"Hem","item":"https:\/\/keys-for-auto.eu\/sv\/"},{"@type":"ListItem","position":2,"name":"Shop","item":"https:\/\/keys-for-auto.eu\/"},{"@type":"ListItem","position":3,"name":"Fj\u00e4rrnyckel &#8211; passar till Volvo V40 | V70 | C70 | S40 | S60 | S70"}]},{"@type":"WebSite","@id":"https:\/\/keys-for-auto.eu\/sv\/#website","url":"https:\/\/keys-for-auto.eu\/sv\/","name":"Keys for auto","description":"Car keys,  key shells, key programming","publisher":{"@id":"https:\/\/keys-for-auto.eu\/sv\/#organization"},"potentialAction":[{"@type":"SearchAction","target":{"@type":"EntryPoint","urlTemplate":"https:\/\/keys-for-auto.eu\/sv\/?s={search_term_string}"},"query-input":{"@type":"PropertyValueSpecification","valueRequired":true,"valueName":"search_term_string"}}],"inLanguage":"sv-SE"},{"@type":"Organization","@id":"https:\/\/keys-for-auto.eu\/sv\/#organization","name":"Nycklar f\u00f6r bil","url":"https:\/\/keys-for-auto.eu\/sv\/","logo":{"@type":"ImageObject","inLanguage":"sv-SE","@id":"https:\/\/keys-for-auto.eu\/sv\/#\/schema\/logo\/image\/","url":"https:\/\/keys-for-auto.eu\/wp-content\/uploads\/2022\/11\/cropped-png1.png","contentUrl":"https:\/\/keys-for-auto.eu\/wp-content\/uploads\/2022\/11\/cropped-png1.png","width":1000,"height":342,"caption":"Nycklar f\u00f6r bil"},"image":{"@id":"https:\/\/keys-for-auto.eu\/sv\/#\/schema\/logo\/image\/"},"sameAs":["https:\/\/www.facebook.com\/KeysForAutoEU"]}]}},"_links":{"self":[{"href":"https:\/\/keys-for-auto.eu\/sv\/wp-json\/wp\/v2\/product\/22294","targetHints":{"allow":["GET"]}}],"collection":[{"href":"https:\/\/keys-for-auto.eu\/sv\/wp-json\/wp\/v2\/product"}],"about":[{"href":"https:\/\/keys-for-auto.eu\/sv\/wp-json\/wp\/v2\/types\/product"}],"replies":[{"embeddable":true,"href":"https:\/\/keys-for-auto.eu\/sv\/wp-json\/wp\/v2\/comments?post=22294"}],"wp:featuredmedia":[{"embeddable":true,"href":"https:\/\/keys-for-auto.eu\/sv\/wp-json\/wp\/v2\/media\/21192"}],"wp:attachment":[{"href":"https:\/\/keys-for-auto.eu\/sv\/wp-json\/wp\/v2\/media?parent=22294"}],"wp:term":[{"taxonomy":"product_brand","embeddable":true,"href":"https:\/\/keys-for-auto.eu\/sv\/wp-json\/wp\/v2\/product_brand?post=22294"},{"taxonomy":"product_cat","embeddable":true,"href":"https:\/\/keys-for-auto.eu\/sv\/wp-json\/wp\/v2\/product_cat?post=22294"},{"taxonomy":"product_tag","embeddable":true,"href":"https:\/\/keys-for-auto.eu\/sv\/wp-json\/wp\/v2\/product_tag?post=22294"}],"curies":[{"name":"wp","href":"https:\/\/api.w.org\/{rel}","templated":true}]}}