{"id":22129,"date":"2016-04-02T19:19:21","date_gmt":"2016-04-02T19:19:21","guid":{"rendered":"https:\/\/keys-for-auto.eu\/product\/fjarrnyckel-passar-till-ford-focus-mondeo-fiesta-c-max\/"},"modified":"2023-02-20T17:28:17","modified_gmt":"2023-02-20T17:28:17","slug":"fjarrstyrd-nyckel-som-passar-forford-focus-mondeo-fiesta-c-max","status":"publish","type":"product","link":"https:\/\/keys-for-auto.eu\/sv\/product\/fjarrstyrd-nyckel-som-passar-forford-focus-mondeo-fiesta-c-max\/","title":{"rendered":"Fj\u00e4rrnyckel &#8211; passar till Ford Focus | Mondeo | Fiesta | C-max"},"content":{"rendered":"<h2><strong>Fj\u00e4rrnyckel &#8211; passar till Ford Focus | Mondeo | Fiesta | C-max<\/strong><\/h2>\n<p>Vi presenterar fj\u00e4rrstyrningsnyckeln med transponder f\u00f6r Ford Focus, Mondeo, Fiesta, C-max.<\/p>\n<p>N\u00e4r transpondernyckeln \u00e4r programmerad garanterar den ytterligare skydd f\u00f6r din bil. Du kan bara l\u00e5sa upp ditt fordon med denna nyckel och bara fr\u00e5n ett mycket kort avst\u00e5nd. P\u00e5 s\u00e5 s\u00e4tt undviker du risken f\u00f6r \u00f6ppen st\u00f6ld. D\u00e4rf\u00f6r bjuder vi in dig att inte bara k\u00f6pa fj\u00e4rrstyrda Ford-nycklar utan ocks\u00e5 programmera dem. Vi programmerar nycklarna under l\u00e5ng tid. Vi anv\u00e4nder v\u00e5ra erfarenheter f\u00f6r att f\u00f6rb\u00e4ttra v\u00e5ra tj\u00e4nster och produkter.<\/p>\n<p>Vi programmerar nycklarna. Vi g\u00f6r det professionellt och snabbt. Vi anpassar oss till dina individuella behov. Kontakta oss f\u00f6r nyckelprogrammering eller fj\u00e4rrstyrningsnycklar. Eller f\u00f6r att ers\u00e4tta slitna eller trasiga nyckelh\u00f6ljen. Programmering av bilnycklar \u00e4r ett omr\u00e5de d\u00e4r vi anser att vi \u00e4r proffs. V\u00e5ra n\u00f6jda kunder bekr\u00e4ftar detta. G\u00e5 med dem och med dig!<\/p>\n<p>Nyckeltillverkning \u00e4r ett konkurrensutsatt omr\u00e5de d\u00e4r endast proffs f\u00e5r vara kvar. Vi f\u00f6rb\u00e4ttrar st\u00e4ndigt v\u00e5r kompetens f\u00f6r att forts\u00e4tta att vara framg\u00e5ngsrika inom detta omr\u00e5de. Vi h\u00f6jer v\u00e5ra hantverkares kvalifikationer och inf\u00f6r ny teknik. Vi h\u00e5ller oss uppdaterade om den senaste utvecklingen p\u00e5 marknaden f\u00f6r nyckeltillverkning, eftersom det \u00e4r viktigt f\u00f6r oss att alltid ligga steget f\u00f6re.<\/p>\n<h3>Nycklar till bilar<\/h3>\n<p>Bilnycklar \u00e4r en viktig del av varje resa. Om resor s\u00e4gs det att v\u00e4rlden \u00e4r underbar eftersom man kan resa. Vi vill se till att inget hindrar detta. S\u00e5 om du har problem med dina bilnycklar, kontakta oss!<\/p>\n<p>Boka en bilnyckelprogrammering f\u00f6r din Ford (vi har ett brett utbud av modeller att v\u00e4lja mellan!) hos oss och anv\u00e4nd din Ford utan att beh\u00f6va oroa dig f\u00f6r att missd\u00e5dare ska attackera din fyrhjuliga sk\u00f6nhet. I dessa sv\u00e5ra tider vinner de som tecknar f\u00f6rs\u00e4kringar i f\u00f6rv\u00e4g. Och bilens s\u00e4kerhet beror p\u00e5 m\u00e5nga s\u00e4tt p\u00e5 de \u00e5tg\u00e4rder som vi vidtar f\u00f6r att garantera den. D\u00e4rf\u00f6r uppmanar vi dig att teckna en f\u00f6rs\u00e4kring i f\u00f6rv\u00e4g och programmera dina nycklar hos oss. Vi garanterar en h\u00f6gkvalitativ och trevlig service.<\/p>\n","protected":false},"excerpt":{"rendered":"<p><em><strong>Nyckel med fj\u00e4rrkontroll och transponder (chip) l\u00e4mplig f\u00f6r Focus Mondeo Fiesta C-max<\/strong><\/em><\/p>\n<h3><strong>Tillverkning av bilnycklar<\/strong><\/h3>\n<ul>\n<li><strong>Tillverkning av nya bilnycklar, programmering av nycklar (&#8221;bindning&#8221; till bilen)<\/strong><\/li>\n<li><strong>Radera tidigare f\u00f6rlorade nycklar fr\u00e5n bilens minne<\/strong><\/li>\n<li><strong>Tillverkning av t\u00e4ndningsnyckeln enligt l\u00e5set<\/strong><\/li>\n<li><strong>Reparation av bilnycklar (byte av knappar, skal, mekanismer)<\/strong><\/li>\n<li><strong>Uppl\u00e5sning av bil i n\u00f6dsituationer<\/strong><\/li>\n<li><strong>Byte av nycklar, nyckelfodral<\/strong><\/li>\n<li><strong>Avst\u00e4ngning av DPF- och FAP-programvaran<\/strong><\/li>\n<li><strong>Programbaserat avl\u00e4gsnande av EGR<\/strong><\/li>\n<li><strong>Avaktivering av startsp\u00e4rrprogramvaran (immo Off)<\/strong><\/li>\n<li><strong>Reparation, kloning och programmering av motorstyrenhet (ECU)<\/strong><\/li>\n<li><strong>SRS (Programmering av styrenhet f\u00f6r krockkuddar)<\/strong><\/li>\n<\/ul>\n<h4><strong>  artiklar skickas inom 3 arbetsdagar.*<\/strong><\/h4>\n","protected":false},"featured_media":20766,"comment_status":"open","ping_status":"closed","template":"","meta":[],"product_brand":[],"product_cat":[4415,4528],"product_tag":[5335,5307,5317,5323,5297],"class_list":{"0":"post-22129","1":"product","2":"type-product","3":"status-publish","4":"has-post-thumbnail","6":"product_cat-ford-sv","7":"product_cat-nycklar-for-fjarrkontroll","8":"product_tag-ford-c-max-nyckel","9":"product_tag-ford-fiesta-nyckel","10":"product_tag-ford-focus-nyckel","11":"product_tag-ford-mondeo-nyckel","12":"product_tag-ford-nyckel","14":"first","15":"instock","16":"shipping-taxable","17":"purchasable","18":"product-type-simple"},"yoast_head":"<!-- This site is optimized with the Yoast SEO plugin v27.6 - https:\/\/yoast.com\/product\/yoast-seo-wordpress\/ -->\n<title>Fj\u00e4rrnyckel - passar till Ford Focus | Mondeo | Fiesta | C-max - Keys for auto% %%sidnamn<\/title>\n<meta name=\"robots\" content=\"index, follow, max-snippet:-1, max-image-preview:large, max-video-preview:-1\" \/>\n<link rel=\"canonical\" href=\"https:\/\/keys-for-auto.eu\/sv\/product\/fjarrstyrd-nyckel-som-passar-forford-focus-mondeo-fiesta-c-max\/\" \/>\n<meta property=\"og:locale\" content=\"sv_SE\" \/>\n<meta property=\"og:type\" content=\"article\" \/>\n<meta property=\"og:title\" content=\"Fj\u00e4rrnyckel - passar till Ford Focus | Mondeo | Fiesta | C-max - Keys for auto% %%sidnamn\" \/>\n<meta property=\"og:description\" content=\"Nyckel med fj\u00e4rrkontroll och transponder (chip) l\u00e4mplig f\u00f6r Focus Mondeo Fiesta C-max Tillverkning av bilnycklar  Tillverkning av nya bilnycklar, programmering av nycklar (&quot;bindning&quot; till bilen)  Radera tidigare f\u00f6rlorade nycklar fr\u00e5n bilens minne  Tillverkning av t\u00e4ndningsnyckeln enligt l\u00e5set  Reparation av bilnycklar (byte av knappar, skal, mekanismer)  Uppl\u00e5sning av bil i n\u00f6dsituationer  Byte av nycklar, nyckelfodral  Avst\u00e4ngning av DPF- och FAP-programvaran  Programbaserat avl\u00e4gsnande av EGR  Avaktivering av startsp\u00e4rrprogramvaran (immo Off)  Reparation, kloning och programmering av motorstyrenhet (ECU)  SRS (Programmering av styrenhet f\u00f6r krockkuddar)  artiklar skickas inom 3 arbetsdagar.*\" \/>\n<meta property=\"og:url\" content=\"https:\/\/keys-for-auto.eu\/sv\/product\/fjarrstyrd-nyckel-som-passar-forford-focus-mondeo-fiesta-c-max\/\" \/>\n<meta property=\"og:site_name\" content=\"Keys for auto\" \/>\n<meta property=\"article:publisher\" content=\"https:\/\/www.facebook.com\/KeysForAutoEU\" \/>\n<meta property=\"article:modified_time\" content=\"2023-02-20T17:28:17+00:00\" \/>\n<meta property=\"og:image\" content=\"https:\/\/i0.wp.com\/keys-for-auto.eu\/wp-content\/uploads\/2022\/12\/Ford-Focus-Mondeo-Fiesta-C-max-nuotolinio-valdymo-raktas-500x5001-removebg-preview.png?fit=500%2C500&ssl=1\" \/>\n\t<meta property=\"og:image:width\" content=\"500\" \/>\n\t<meta property=\"og:image:height\" content=\"500\" \/>\n\t<meta property=\"og:image:type\" content=\"image\/png\" \/>\n<meta name=\"twitter:card\" content=\"summary_large_image\" \/>\n<meta name=\"twitter:label1\" content=\"Ber\u00e4knad l\u00e4stid\" \/>\n\t<meta name=\"twitter:data1\" content=\"2 minuter\" \/>\n<script type=\"application\/ld+json\" class=\"yoast-schema-graph\">{\"@context\":\"https:\\\/\\\/schema.org\",\"@graph\":[{\"@type\":[\"WebPage\",\"ItemPage\"],\"@id\":\"https:\\\/\\\/keys-for-auto.eu\\\/sv\\\/product\\\/fjarrstyrd-nyckel-som-passar-forford-focus-mondeo-fiesta-c-max\\\/\",\"url\":\"https:\\\/\\\/keys-for-auto.eu\\\/sv\\\/product\\\/fjarrstyrd-nyckel-som-passar-forford-focus-mondeo-fiesta-c-max\\\/\",\"name\":\"Fj\u00e4rrnyckel - passar till Ford Focus | Mondeo | Fiesta | C-max - Keys for auto% %%sidnamn\",\"isPartOf\":{\"@id\":\"https:\\\/\\\/keys-for-auto.eu\\\/sv\\\/#website\"},\"primaryImageOfPage\":{\"@id\":\"https:\\\/\\\/keys-for-auto.eu\\\/sv\\\/product\\\/fjarrstyrd-nyckel-som-passar-forford-focus-mondeo-fiesta-c-max\\\/#primaryimage\"},\"image\":{\"@id\":\"https:\\\/\\\/keys-for-auto.eu\\\/sv\\\/product\\\/fjarrstyrd-nyckel-som-passar-forford-focus-mondeo-fiesta-c-max\\\/#primaryimage\"},\"thumbnailUrl\":\"https:\\\/\\\/keys-for-auto.eu\\\/wp-content\\\/uploads\\\/2022\\\/12\\\/Ford-Focus-Mondeo-Fiesta-C-max-nuotolinio-valdymo-raktas-500x5001-removebg-preview.png\",\"datePublished\":\"2016-04-02T19:19:21+00:00\",\"dateModified\":\"2023-02-20T17:28:17+00:00\",\"breadcrumb\":{\"@id\":\"https:\\\/\\\/keys-for-auto.eu\\\/sv\\\/product\\\/fjarrstyrd-nyckel-som-passar-forford-focus-mondeo-fiesta-c-max\\\/#breadcrumb\"},\"inLanguage\":\"sv-SE\",\"potentialAction\":[{\"@type\":\"ReadAction\",\"target\":[\"https:\\\/\\\/keys-for-auto.eu\\\/sv\\\/product\\\/fjarrstyrd-nyckel-som-passar-forford-focus-mondeo-fiesta-c-max\\\/\"]}]},{\"@type\":\"ImageObject\",\"inLanguage\":\"sv-SE\",\"@id\":\"https:\\\/\\\/keys-for-auto.eu\\\/sv\\\/product\\\/fjarrstyrd-nyckel-som-passar-forford-focus-mondeo-fiesta-c-max\\\/#primaryimage\",\"url\":\"https:\\\/\\\/keys-for-auto.eu\\\/wp-content\\\/uploads\\\/2022\\\/12\\\/Ford-Focus-Mondeo-Fiesta-C-max-nuotolinio-valdymo-raktas-500x5001-removebg-preview.png\",\"contentUrl\":\"https:\\\/\\\/keys-for-auto.eu\\\/wp-content\\\/uploads\\\/2022\\\/12\\\/Ford-Focus-Mondeo-Fiesta-C-max-nuotolinio-valdymo-raktas-500x5001-removebg-preview.png\",\"width\":500,\"height\":500},{\"@type\":\"BreadcrumbList\",\"@id\":\"https:\\\/\\\/keys-for-auto.eu\\\/sv\\\/product\\\/fjarrstyrd-nyckel-som-passar-forford-focus-mondeo-fiesta-c-max\\\/#breadcrumb\",\"itemListElement\":[{\"@type\":\"ListItem\",\"position\":1,\"name\":\"Hem\",\"item\":\"https:\\\/\\\/keys-for-auto.eu\\\/sv\\\/\"},{\"@type\":\"ListItem\",\"position\":2,\"name\":\"Shop\",\"item\":\"https:\\\/\\\/keys-for-auto.eu\\\/\"},{\"@type\":\"ListItem\",\"position\":3,\"name\":\"Fj\u00e4rrnyckel &#8211; passar till Ford Focus | Mondeo | Fiesta | C-max\"}]},{\"@type\":\"WebSite\",\"@id\":\"https:\\\/\\\/keys-for-auto.eu\\\/sv\\\/#website\",\"url\":\"https:\\\/\\\/keys-for-auto.eu\\\/sv\\\/\",\"name\":\"Keys for auto\",\"description\":\"Car keys,  key shells, key programming\",\"publisher\":{\"@id\":\"https:\\\/\\\/keys-for-auto.eu\\\/sv\\\/#organization\"},\"potentialAction\":[{\"@type\":\"SearchAction\",\"target\":{\"@type\":\"EntryPoint\",\"urlTemplate\":\"https:\\\/\\\/keys-for-auto.eu\\\/sv\\\/?s={search_term_string}\"},\"query-input\":{\"@type\":\"PropertyValueSpecification\",\"valueRequired\":true,\"valueName\":\"search_term_string\"}}],\"inLanguage\":\"sv-SE\"},{\"@type\":\"Organization\",\"@id\":\"https:\\\/\\\/keys-for-auto.eu\\\/sv\\\/#organization\",\"name\":\"Nycklar f\u00f6r bil\",\"url\":\"https:\\\/\\\/keys-for-auto.eu\\\/sv\\\/\",\"logo\":{\"@type\":\"ImageObject\",\"inLanguage\":\"sv-SE\",\"@id\":\"https:\\\/\\\/keys-for-auto.eu\\\/sv\\\/#\\\/schema\\\/logo\\\/image\\\/\",\"url\":\"https:\\\/\\\/keys-for-auto.eu\\\/wp-content\\\/uploads\\\/2022\\\/11\\\/cropped-png1.png\",\"contentUrl\":\"https:\\\/\\\/keys-for-auto.eu\\\/wp-content\\\/uploads\\\/2022\\\/11\\\/cropped-png1.png\",\"width\":1000,\"height\":342,\"caption\":\"Nycklar f\u00f6r bil\"},\"image\":{\"@id\":\"https:\\\/\\\/keys-for-auto.eu\\\/sv\\\/#\\\/schema\\\/logo\\\/image\\\/\"},\"sameAs\":[\"https:\\\/\\\/www.facebook.com\\\/KeysForAutoEU\"]}]}<\/script>\n<!-- \/ Yoast SEO plugin. -->","yoast_head_json":{"title":"Fj\u00e4rrnyckel - passar till Ford Focus | Mondeo | Fiesta | C-max - Keys for auto% %%sidnamn","robots":{"index":"index","follow":"follow","max-snippet":"max-snippet:-1","max-image-preview":"max-image-preview:large","max-video-preview":"max-video-preview:-1"},"canonical":"https:\/\/keys-for-auto.eu\/sv\/product\/fjarrstyrd-nyckel-som-passar-forford-focus-mondeo-fiesta-c-max\/","og_locale":"sv_SE","og_type":"article","og_title":"Fj\u00e4rrnyckel - passar till Ford Focus | Mondeo | Fiesta | C-max - Keys for auto% %%sidnamn","og_description":"Nyckel med fj\u00e4rrkontroll och transponder (chip) l\u00e4mplig f\u00f6r Focus Mondeo Fiesta C-max Tillverkning av bilnycklar  Tillverkning av nya bilnycklar, programmering av nycklar (\"bindning\" till bilen)  Radera tidigare f\u00f6rlorade nycklar fr\u00e5n bilens minne  Tillverkning av t\u00e4ndningsnyckeln enligt l\u00e5set  Reparation av bilnycklar (byte av knappar, skal, mekanismer)  Uppl\u00e5sning av bil i n\u00f6dsituationer  Byte av nycklar, nyckelfodral  Avst\u00e4ngning av DPF- och FAP-programvaran  Programbaserat avl\u00e4gsnande av EGR  Avaktivering av startsp\u00e4rrprogramvaran (immo Off)  Reparation, kloning och programmering av motorstyrenhet (ECU)  SRS (Programmering av styrenhet f\u00f6r krockkuddar)  artiklar skickas inom 3 arbetsdagar.*","og_url":"https:\/\/keys-for-auto.eu\/sv\/product\/fjarrstyrd-nyckel-som-passar-forford-focus-mondeo-fiesta-c-max\/","og_site_name":"Keys for auto","article_publisher":"https:\/\/www.facebook.com\/KeysForAutoEU","article_modified_time":"2023-02-20T17:28:17+00:00","og_image":[{"width":500,"height":500,"url":"https:\/\/i0.wp.com\/keys-for-auto.eu\/wp-content\/uploads\/2022\/12\/Ford-Focus-Mondeo-Fiesta-C-max-nuotolinio-valdymo-raktas-500x5001-removebg-preview.png?fit=500%2C500&ssl=1","type":"image\/png"}],"twitter_card":"summary_large_image","twitter_misc":{"Ber\u00e4knad l\u00e4stid":"2 minuter"},"schema":{"@context":"https:\/\/schema.org","@graph":[{"@type":["WebPage","ItemPage"],"@id":"https:\/\/keys-for-auto.eu\/sv\/product\/fjarrstyrd-nyckel-som-passar-forford-focus-mondeo-fiesta-c-max\/","url":"https:\/\/keys-for-auto.eu\/sv\/product\/fjarrstyrd-nyckel-som-passar-forford-focus-mondeo-fiesta-c-max\/","name":"Fj\u00e4rrnyckel - passar till Ford Focus | Mondeo | Fiesta | C-max - Keys for auto% %%sidnamn","isPartOf":{"@id":"https:\/\/keys-for-auto.eu\/sv\/#website"},"primaryImageOfPage":{"@id":"https:\/\/keys-for-auto.eu\/sv\/product\/fjarrstyrd-nyckel-som-passar-forford-focus-mondeo-fiesta-c-max\/#primaryimage"},"image":{"@id":"https:\/\/keys-for-auto.eu\/sv\/product\/fjarrstyrd-nyckel-som-passar-forford-focus-mondeo-fiesta-c-max\/#primaryimage"},"thumbnailUrl":"https:\/\/keys-for-auto.eu\/wp-content\/uploads\/2022\/12\/Ford-Focus-Mondeo-Fiesta-C-max-nuotolinio-valdymo-raktas-500x5001-removebg-preview.png","datePublished":"2016-04-02T19:19:21+00:00","dateModified":"2023-02-20T17:28:17+00:00","breadcrumb":{"@id":"https:\/\/keys-for-auto.eu\/sv\/product\/fjarrstyrd-nyckel-som-passar-forford-focus-mondeo-fiesta-c-max\/#breadcrumb"},"inLanguage":"sv-SE","potentialAction":[{"@type":"ReadAction","target":["https:\/\/keys-for-auto.eu\/sv\/product\/fjarrstyrd-nyckel-som-passar-forford-focus-mondeo-fiesta-c-max\/"]}]},{"@type":"ImageObject","inLanguage":"sv-SE","@id":"https:\/\/keys-for-auto.eu\/sv\/product\/fjarrstyrd-nyckel-som-passar-forford-focus-mondeo-fiesta-c-max\/#primaryimage","url":"https:\/\/keys-for-auto.eu\/wp-content\/uploads\/2022\/12\/Ford-Focus-Mondeo-Fiesta-C-max-nuotolinio-valdymo-raktas-500x5001-removebg-preview.png","contentUrl":"https:\/\/keys-for-auto.eu\/wp-content\/uploads\/2022\/12\/Ford-Focus-Mondeo-Fiesta-C-max-nuotolinio-valdymo-raktas-500x5001-removebg-preview.png","width":500,"height":500},{"@type":"BreadcrumbList","@id":"https:\/\/keys-for-auto.eu\/sv\/product\/fjarrstyrd-nyckel-som-passar-forford-focus-mondeo-fiesta-c-max\/#breadcrumb","itemListElement":[{"@type":"ListItem","position":1,"name":"Hem","item":"https:\/\/keys-for-auto.eu\/sv\/"},{"@type":"ListItem","position":2,"name":"Shop","item":"https:\/\/keys-for-auto.eu\/"},{"@type":"ListItem","position":3,"name":"Fj\u00e4rrnyckel &#8211; passar till Ford Focus | Mondeo | Fiesta | C-max"}]},{"@type":"WebSite","@id":"https:\/\/keys-for-auto.eu\/sv\/#website","url":"https:\/\/keys-for-auto.eu\/sv\/","name":"Keys for auto","description":"Car keys,  key shells, key programming","publisher":{"@id":"https:\/\/keys-for-auto.eu\/sv\/#organization"},"potentialAction":[{"@type":"SearchAction","target":{"@type":"EntryPoint","urlTemplate":"https:\/\/keys-for-auto.eu\/sv\/?s={search_term_string}"},"query-input":{"@type":"PropertyValueSpecification","valueRequired":true,"valueName":"search_term_string"}}],"inLanguage":"sv-SE"},{"@type":"Organization","@id":"https:\/\/keys-for-auto.eu\/sv\/#organization","name":"Nycklar f\u00f6r bil","url":"https:\/\/keys-for-auto.eu\/sv\/","logo":{"@type":"ImageObject","inLanguage":"sv-SE","@id":"https:\/\/keys-for-auto.eu\/sv\/#\/schema\/logo\/image\/","url":"https:\/\/keys-for-auto.eu\/wp-content\/uploads\/2022\/11\/cropped-png1.png","contentUrl":"https:\/\/keys-for-auto.eu\/wp-content\/uploads\/2022\/11\/cropped-png1.png","width":1000,"height":342,"caption":"Nycklar f\u00f6r bil"},"image":{"@id":"https:\/\/keys-for-auto.eu\/sv\/#\/schema\/logo\/image\/"},"sameAs":["https:\/\/www.facebook.com\/KeysForAutoEU"]}]}},"_links":{"self":[{"href":"https:\/\/keys-for-auto.eu\/sv\/wp-json\/wp\/v2\/product\/22129","targetHints":{"allow":["GET"]}}],"collection":[{"href":"https:\/\/keys-for-auto.eu\/sv\/wp-json\/wp\/v2\/product"}],"about":[{"href":"https:\/\/keys-for-auto.eu\/sv\/wp-json\/wp\/v2\/types\/product"}],"replies":[{"embeddable":true,"href":"https:\/\/keys-for-auto.eu\/sv\/wp-json\/wp\/v2\/comments?post=22129"}],"wp:featuredmedia":[{"embeddable":true,"href":"https:\/\/keys-for-auto.eu\/sv\/wp-json\/wp\/v2\/media\/20766"}],"wp:attachment":[{"href":"https:\/\/keys-for-auto.eu\/sv\/wp-json\/wp\/v2\/media?parent=22129"}],"wp:term":[{"taxonomy":"product_brand","embeddable":true,"href":"https:\/\/keys-for-auto.eu\/sv\/wp-json\/wp\/v2\/product_brand?post=22129"},{"taxonomy":"product_cat","embeddable":true,"href":"https:\/\/keys-for-auto.eu\/sv\/wp-json\/wp\/v2\/product_cat?post=22129"},{"taxonomy":"product_tag","embeddable":true,"href":"https:\/\/keys-for-auto.eu\/sv\/wp-json\/wp\/v2\/product_tag?post=22129"}],"curies":[{"name":"wp","href":"https:\/\/api.w.org\/{rel}","templated":true}]}}