{"id":22126,"date":"2016-04-02T19:14:20","date_gmt":"2016-04-02T19:14:20","guid":{"rendered":"https:\/\/keys-for-auto.eu\/product\/smart-key-lamplig-for-fiat-bilar\/"},"modified":"2023-02-20T17:31:46","modified_gmt":"2023-02-20T17:31:46","slug":"smart-key-suitable-for-fiat-cars","status":"publish","type":"product","link":"https:\/\/keys-for-auto.eu\/sv\/product\/smart-key-suitable-for-fiat-cars\/","title":{"rendered":"Smart key &#8211; l\u00e4mplig f\u00f6r Fiat-bilar"},"content":{"rendered":"<h2>Smart key &#8211; l\u00e4mplig f\u00f6r Fiat-bilar<\/h2>\n<p>Vi presenterar Smart fj\u00e4rrkontrollnyckeln som passar Fiat-bilar och fungerar p\u00e5 433 MHz.<\/p>\n<p>Om du k\u00f6per en Fiat Smart-nyckel \u00e4r det en bra id\u00e9 att programmera den. Att programmera (binda) nyckeln \u00e4r ett p\u00e5litligt skydd mot st\u00f6ld av din bil. Vi programmerar nycklar inte bara f\u00f6r Fiat, utan \u00e4ven f\u00f6r m\u00e5nga andra bilm\u00e4rken och modeller. Vi garanterar kvaliteten p\u00e5 v\u00e5rt arbete samt snabb och trevlig service. Vi litar p\u00e5 att v\u00e5rt arbete \u00e4r professionellt och vi delar detta f\u00f6rtroende med v\u00e5ra kunder genom att utf\u00e4rda garantier f\u00f6r de produkter vi s\u00e4ljer och de tj\u00e4nster vi tillhandah\u00e5ller.<\/p>\n<p>Vi programmerar nycklar. Vi rekommenderar ocks\u00e5 att du best\u00e4ller en dubbel programmerad nyckel om du f\u00f6rlorar eller skadar din f\u00f6rsta nyckel. Du beh\u00f6ver inte ringa en tekniker f\u00f6r n\u00f6d\u00f6ppning i h\u00e4ndelse av ett s\u00e5dant miss\u00f6de. V\u00e5ra tj\u00e4nster anv\u00e4nds inte bara av inv\u00e5nare i Vilnius, utan \u00e4ven av inv\u00e5nare i andra st\u00e4der som uppskattar v\u00e5rt professionella och snabba arbete. Resan \u00e4r v\u00e4rd att betala f\u00f6r dem tack vare det goda f\u00f6rh\u00e5llandet mellan pris och kvalitet.<\/p>\n<p>Programmering av bilnycklar blir en alltmer popul\u00e4r tj\u00e4nst som uppskattas av f\u00f6rarna. Om du ocks\u00e5 \u00e4r intresserad av programmering av bilnycklar, v\u00e4lj ett proffs s\u00e5 kommer du inte att \u00e5ngra dig! Det \u00e4r inte f\u00f6r inte som de s\u00e4ger att allt handlar om att spara pengar p\u00e5 s\u00e4kerheten. Om du inte programmerar dina bilnycklar \u00f6kar risken f\u00f6r \u00f6ppen st\u00f6ld (n\u00e4r bilen stj\u00e4ls efter att f\u00f6rarens nycklar har tagits bort). N\u00e4r du v\u00e4l har investerat i bilens s\u00e4kerhet kommer du att k\u00e4nna dig s\u00e4krare och mer trygg bakom ratten, s\u00e4rskilt n\u00e4r du \u00e4r borta fr\u00e5n bilen under l\u00e4ngre perioder.<\/p>\n<p>Vi har tillverkat nycklar i m\u00e5nga \u00e5r och vi vill anv\u00e4nda den kunskap som vi har samlat p\u00e5 oss under tiden p\u00e5 ett bra s\u00e4tt &#8211; f\u00f6r din och din bils s\u00e4kerhet. N\u00e4r vi startade v\u00e5r verksamhet ville vi arbeta inom ett omr\u00e5de som vi \u00e4r mycket f\u00f6rtrogna med &#8211; tillverkning och programmering av bilnycklar. Varje dag samlar vi erfarenhet, f\u00f6rb\u00e4ttrar v\u00e5ra kvalifikationer och introducerar ny teknik f\u00f6r att skydda din och din bils s\u00e4kerhet. Kom f\u00f6rbi och du kommer inte att \u00e5ngra dig!<\/p>\n","protected":false},"excerpt":{"rendered":"<p><em><strong>Smart key &#8211; l\u00e4mplig f\u00f6r Fiat-bilar (433 MHz).<\/strong><\/em><\/p>\n<h3><strong>Tillverkning av bilnycklar<\/strong><\/h3>\n<ul>\n<li><strong>Tillverkning av nya bilnycklar, programmering av nycklar (&#8221;bindning&#8221; till bilen)<\/strong><\/li>\n<li><strong>Radera tidigare f\u00f6rlorade nycklar fr\u00e5n bilens minne<\/strong><\/li>\n<li><strong>Tillverkning av t\u00e4ndningsnyckeln enligt l\u00e5set<\/strong><\/li>\n<li><strong>Reparation av bilnycklar (byte av knappar, skal, mekanismer)<\/strong><\/li>\n<li><strong>Uppl\u00e5sning av bil i n\u00f6dsituationer<\/strong><\/li>\n<li><strong>Byte av nycklar, nyckelfodral<\/strong><\/li>\n<li><strong>Avst\u00e4ngning av DPF- och FAP-programvaran<\/strong><\/li>\n<li><strong>Programbaserat avl\u00e4gsnande av EGR<\/strong><\/li>\n<li><strong>Avaktivering av startsp\u00e4rrprogramvaran (immo Off)<\/strong><\/li>\n<li><strong>Reparation, kloning och programmering av motorstyrenhet (ECU)<\/strong><\/li>\n<li><strong>SRS (Programmering av styrenhet f\u00f6r krockkuddar)<\/strong><\/li>\n<\/ul>\n<h4><strong>  artiklar skickas inom 3 arbetsdagar.*<\/strong><\/h4>\n","protected":false},"featured_media":20756,"comment_status":"open","ping_status":"closed","template":"","meta":[],"product_brand":[],"product_cat":[4395,4528],"product_tag":[5336],"class_list":{"0":"post-22126","1":"product","2":"type-product","3":"status-publish","4":"has-post-thumbnail","6":"product_cat-fiat-sv","7":"product_cat-nycklar-for-fjarrkontroll","8":"product_tag-fiat-nyckel","10":"first","11":"instock","12":"shipping-taxable","13":"purchasable","14":"product-type-simple"},"yoast_head":"<!-- This site is optimized with the Yoast SEO plugin v27.4 - https:\/\/yoast.com\/product\/yoast-seo-wordpress\/ -->\n<title>Smart key - l\u00e4mplig f\u00f6r Fiat-bilar - Keys for auto% %%sidnamn<\/title>\n<meta name=\"robots\" content=\"index, follow, max-snippet:-1, max-image-preview:large, max-video-preview:-1\" \/>\n<link rel=\"canonical\" href=\"https:\/\/keys-for-auto.eu\/sv\/product\/smart-key-suitable-for-fiat-cars\/\" \/>\n<meta property=\"og:locale\" content=\"sv_SE\" \/>\n<meta property=\"og:type\" content=\"article\" \/>\n<meta property=\"og:title\" content=\"Smart key - l\u00e4mplig f\u00f6r Fiat-bilar - Keys for auto% %%sidnamn\" \/>\n<meta property=\"og:description\" content=\"Smart key - l\u00e4mplig f\u00f6r Fiat-bilar (433 MHz). Tillverkning av bilnycklar  Tillverkning av nya bilnycklar, programmering av nycklar (&quot;bindning&quot; till bilen)  Radera tidigare f\u00f6rlorade nycklar fr\u00e5n bilens minne  Tillverkning av t\u00e4ndningsnyckeln enligt l\u00e5set  Reparation av bilnycklar (byte av knappar, skal, mekanismer)  Uppl\u00e5sning av bil i n\u00f6dsituationer  Byte av nycklar, nyckelfodral  Avst\u00e4ngning av DPF- och FAP-programvaran  Programbaserat avl\u00e4gsnande av EGR  Avaktivering av startsp\u00e4rrprogramvaran (immo Off)  Reparation, kloning och programmering av motorstyrenhet (ECU)  SRS (Programmering av styrenhet f\u00f6r krockkuddar)  artiklar skickas inom 3 arbetsdagar.*\" \/>\n<meta property=\"og:url\" content=\"https:\/\/keys-for-auto.eu\/sv\/product\/smart-key-suitable-for-fiat-cars\/\" \/>\n<meta property=\"og:site_name\" content=\"Keys for auto\" \/>\n<meta property=\"article:publisher\" content=\"https:\/\/www.facebook.com\/KeysForAutoEU\" \/>\n<meta property=\"article:modified_time\" content=\"2023-02-20T17:31:46+00:00\" \/>\n<meta property=\"og:image\" content=\"https:\/\/i0.wp.com\/keys-for-auto.eu\/wp-content\/uploads\/2022\/12\/Fiat-smart-raktas-500x500-removebg-preview.png?fit=500%2C500&ssl=1\" \/>\n\t<meta property=\"og:image:width\" content=\"500\" \/>\n\t<meta property=\"og:image:height\" content=\"500\" \/>\n\t<meta property=\"og:image:type\" content=\"image\/png\" \/>\n<meta name=\"twitter:card\" content=\"summary_large_image\" \/>\n<meta name=\"twitter:label1\" content=\"Ber\u00e4knad l\u00e4stid\" \/>\n\t<meta name=\"twitter:data1\" content=\"2 minuter\" \/>\n<script type=\"application\/ld+json\" class=\"yoast-schema-graph\">{\"@context\":\"https:\\\/\\\/schema.org\",\"@graph\":[{\"@type\":[\"WebPage\",\"ItemPage\"],\"@id\":\"https:\\\/\\\/keys-for-auto.eu\\\/sv\\\/product\\\/smart-key-suitable-for-fiat-cars\\\/\",\"url\":\"https:\\\/\\\/keys-for-auto.eu\\\/sv\\\/product\\\/smart-key-suitable-for-fiat-cars\\\/\",\"name\":\"Smart key - l\u00e4mplig f\u00f6r Fiat-bilar - Keys for auto% %%sidnamn\",\"isPartOf\":{\"@id\":\"https:\\\/\\\/keys-for-auto.eu\\\/sv\\\/#website\"},\"primaryImageOfPage\":{\"@id\":\"https:\\\/\\\/keys-for-auto.eu\\\/sv\\\/product\\\/smart-key-suitable-for-fiat-cars\\\/#primaryimage\"},\"image\":{\"@id\":\"https:\\\/\\\/keys-for-auto.eu\\\/sv\\\/product\\\/smart-key-suitable-for-fiat-cars\\\/#primaryimage\"},\"thumbnailUrl\":\"https:\\\/\\\/keys-for-auto.eu\\\/wp-content\\\/uploads\\\/2022\\\/12\\\/Fiat-smart-raktas-500x500-removebg-preview.png\",\"datePublished\":\"2016-04-02T19:14:20+00:00\",\"dateModified\":\"2023-02-20T17:31:46+00:00\",\"breadcrumb\":{\"@id\":\"https:\\\/\\\/keys-for-auto.eu\\\/sv\\\/product\\\/smart-key-suitable-for-fiat-cars\\\/#breadcrumb\"},\"inLanguage\":\"sv-SE\",\"potentialAction\":[{\"@type\":\"ReadAction\",\"target\":[\"https:\\\/\\\/keys-for-auto.eu\\\/sv\\\/product\\\/smart-key-suitable-for-fiat-cars\\\/\"]}]},{\"@type\":\"ImageObject\",\"inLanguage\":\"sv-SE\",\"@id\":\"https:\\\/\\\/keys-for-auto.eu\\\/sv\\\/product\\\/smart-key-suitable-for-fiat-cars\\\/#primaryimage\",\"url\":\"https:\\\/\\\/keys-for-auto.eu\\\/wp-content\\\/uploads\\\/2022\\\/12\\\/Fiat-smart-raktas-500x500-removebg-preview.png\",\"contentUrl\":\"https:\\\/\\\/keys-for-auto.eu\\\/wp-content\\\/uploads\\\/2022\\\/12\\\/Fiat-smart-raktas-500x500-removebg-preview.png\",\"width\":500,\"height\":500},{\"@type\":\"BreadcrumbList\",\"@id\":\"https:\\\/\\\/keys-for-auto.eu\\\/sv\\\/product\\\/smart-key-suitable-for-fiat-cars\\\/#breadcrumb\",\"itemListElement\":[{\"@type\":\"ListItem\",\"position\":1,\"name\":\"Hem\",\"item\":\"https:\\\/\\\/keys-for-auto.eu\\\/sv\\\/\"},{\"@type\":\"ListItem\",\"position\":2,\"name\":\"Shop\",\"item\":\"https:\\\/\\\/keys-for-auto.eu\\\/\"},{\"@type\":\"ListItem\",\"position\":3,\"name\":\"Smart key &#8211; l\u00e4mplig f\u00f6r Fiat-bilar\"}]},{\"@type\":\"WebSite\",\"@id\":\"https:\\\/\\\/keys-for-auto.eu\\\/sv\\\/#website\",\"url\":\"https:\\\/\\\/keys-for-auto.eu\\\/sv\\\/\",\"name\":\"Keys for auto\",\"description\":\"Car keys,  key shells, key programming\",\"publisher\":{\"@id\":\"https:\\\/\\\/keys-for-auto.eu\\\/sv\\\/#organization\"},\"potentialAction\":[{\"@type\":\"SearchAction\",\"target\":{\"@type\":\"EntryPoint\",\"urlTemplate\":\"https:\\\/\\\/keys-for-auto.eu\\\/sv\\\/?s={search_term_string}\"},\"query-input\":{\"@type\":\"PropertyValueSpecification\",\"valueRequired\":true,\"valueName\":\"search_term_string\"}}],\"inLanguage\":\"sv-SE\"},{\"@type\":\"Organization\",\"@id\":\"https:\\\/\\\/keys-for-auto.eu\\\/sv\\\/#organization\",\"name\":\"Nycklar f\u00f6r bil\",\"url\":\"https:\\\/\\\/keys-for-auto.eu\\\/sv\\\/\",\"logo\":{\"@type\":\"ImageObject\",\"inLanguage\":\"sv-SE\",\"@id\":\"https:\\\/\\\/keys-for-auto.eu\\\/sv\\\/#\\\/schema\\\/logo\\\/image\\\/\",\"url\":\"https:\\\/\\\/keys-for-auto.eu\\\/wp-content\\\/uploads\\\/2022\\\/11\\\/cropped-png1.png\",\"contentUrl\":\"https:\\\/\\\/keys-for-auto.eu\\\/wp-content\\\/uploads\\\/2022\\\/11\\\/cropped-png1.png\",\"width\":1000,\"height\":342,\"caption\":\"Nycklar f\u00f6r bil\"},\"image\":{\"@id\":\"https:\\\/\\\/keys-for-auto.eu\\\/sv\\\/#\\\/schema\\\/logo\\\/image\\\/\"},\"sameAs\":[\"https:\\\/\\\/www.facebook.com\\\/KeysForAutoEU\"]}]}<\/script>\n<!-- \/ Yoast SEO plugin. -->","yoast_head_json":{"title":"Smart key - l\u00e4mplig f\u00f6r Fiat-bilar - Keys for auto% %%sidnamn","robots":{"index":"index","follow":"follow","max-snippet":"max-snippet:-1","max-image-preview":"max-image-preview:large","max-video-preview":"max-video-preview:-1"},"canonical":"https:\/\/keys-for-auto.eu\/sv\/product\/smart-key-suitable-for-fiat-cars\/","og_locale":"sv_SE","og_type":"article","og_title":"Smart key - l\u00e4mplig f\u00f6r Fiat-bilar - Keys for auto% %%sidnamn","og_description":"Smart key - l\u00e4mplig f\u00f6r Fiat-bilar (433 MHz). Tillverkning av bilnycklar  Tillverkning av nya bilnycklar, programmering av nycklar (\"bindning\" till bilen)  Radera tidigare f\u00f6rlorade nycklar fr\u00e5n bilens minne  Tillverkning av t\u00e4ndningsnyckeln enligt l\u00e5set  Reparation av bilnycklar (byte av knappar, skal, mekanismer)  Uppl\u00e5sning av bil i n\u00f6dsituationer  Byte av nycklar, nyckelfodral  Avst\u00e4ngning av DPF- och FAP-programvaran  Programbaserat avl\u00e4gsnande av EGR  Avaktivering av startsp\u00e4rrprogramvaran (immo Off)  Reparation, kloning och programmering av motorstyrenhet (ECU)  SRS (Programmering av styrenhet f\u00f6r krockkuddar)  artiklar skickas inom 3 arbetsdagar.*","og_url":"https:\/\/keys-for-auto.eu\/sv\/product\/smart-key-suitable-for-fiat-cars\/","og_site_name":"Keys for auto","article_publisher":"https:\/\/www.facebook.com\/KeysForAutoEU","article_modified_time":"2023-02-20T17:31:46+00:00","og_image":[{"width":500,"height":500,"url":"https:\/\/i0.wp.com\/keys-for-auto.eu\/wp-content\/uploads\/2022\/12\/Fiat-smart-raktas-500x500-removebg-preview.png?fit=500%2C500&ssl=1","type":"image\/png"}],"twitter_card":"summary_large_image","twitter_misc":{"Ber\u00e4knad l\u00e4stid":"2 minuter"},"schema":{"@context":"https:\/\/schema.org","@graph":[{"@type":["WebPage","ItemPage"],"@id":"https:\/\/keys-for-auto.eu\/sv\/product\/smart-key-suitable-for-fiat-cars\/","url":"https:\/\/keys-for-auto.eu\/sv\/product\/smart-key-suitable-for-fiat-cars\/","name":"Smart key - l\u00e4mplig f\u00f6r Fiat-bilar - Keys for auto% %%sidnamn","isPartOf":{"@id":"https:\/\/keys-for-auto.eu\/sv\/#website"},"primaryImageOfPage":{"@id":"https:\/\/keys-for-auto.eu\/sv\/product\/smart-key-suitable-for-fiat-cars\/#primaryimage"},"image":{"@id":"https:\/\/keys-for-auto.eu\/sv\/product\/smart-key-suitable-for-fiat-cars\/#primaryimage"},"thumbnailUrl":"https:\/\/keys-for-auto.eu\/wp-content\/uploads\/2022\/12\/Fiat-smart-raktas-500x500-removebg-preview.png","datePublished":"2016-04-02T19:14:20+00:00","dateModified":"2023-02-20T17:31:46+00:00","breadcrumb":{"@id":"https:\/\/keys-for-auto.eu\/sv\/product\/smart-key-suitable-for-fiat-cars\/#breadcrumb"},"inLanguage":"sv-SE","potentialAction":[{"@type":"ReadAction","target":["https:\/\/keys-for-auto.eu\/sv\/product\/smart-key-suitable-for-fiat-cars\/"]}]},{"@type":"ImageObject","inLanguage":"sv-SE","@id":"https:\/\/keys-for-auto.eu\/sv\/product\/smart-key-suitable-for-fiat-cars\/#primaryimage","url":"https:\/\/keys-for-auto.eu\/wp-content\/uploads\/2022\/12\/Fiat-smart-raktas-500x500-removebg-preview.png","contentUrl":"https:\/\/keys-for-auto.eu\/wp-content\/uploads\/2022\/12\/Fiat-smart-raktas-500x500-removebg-preview.png","width":500,"height":500},{"@type":"BreadcrumbList","@id":"https:\/\/keys-for-auto.eu\/sv\/product\/smart-key-suitable-for-fiat-cars\/#breadcrumb","itemListElement":[{"@type":"ListItem","position":1,"name":"Hem","item":"https:\/\/keys-for-auto.eu\/sv\/"},{"@type":"ListItem","position":2,"name":"Shop","item":"https:\/\/keys-for-auto.eu\/"},{"@type":"ListItem","position":3,"name":"Smart key &#8211; l\u00e4mplig f\u00f6r Fiat-bilar"}]},{"@type":"WebSite","@id":"https:\/\/keys-for-auto.eu\/sv\/#website","url":"https:\/\/keys-for-auto.eu\/sv\/","name":"Keys for auto","description":"Car keys,  key shells, key programming","publisher":{"@id":"https:\/\/keys-for-auto.eu\/sv\/#organization"},"potentialAction":[{"@type":"SearchAction","target":{"@type":"EntryPoint","urlTemplate":"https:\/\/keys-for-auto.eu\/sv\/?s={search_term_string}"},"query-input":{"@type":"PropertyValueSpecification","valueRequired":true,"valueName":"search_term_string"}}],"inLanguage":"sv-SE"},{"@type":"Organization","@id":"https:\/\/keys-for-auto.eu\/sv\/#organization","name":"Nycklar f\u00f6r bil","url":"https:\/\/keys-for-auto.eu\/sv\/","logo":{"@type":"ImageObject","inLanguage":"sv-SE","@id":"https:\/\/keys-for-auto.eu\/sv\/#\/schema\/logo\/image\/","url":"https:\/\/keys-for-auto.eu\/wp-content\/uploads\/2022\/11\/cropped-png1.png","contentUrl":"https:\/\/keys-for-auto.eu\/wp-content\/uploads\/2022\/11\/cropped-png1.png","width":1000,"height":342,"caption":"Nycklar f\u00f6r bil"},"image":{"@id":"https:\/\/keys-for-auto.eu\/sv\/#\/schema\/logo\/image\/"},"sameAs":["https:\/\/www.facebook.com\/KeysForAutoEU"]}]}},"_links":{"self":[{"href":"https:\/\/keys-for-auto.eu\/sv\/wp-json\/wp\/v2\/product\/22126","targetHints":{"allow":["GET"]}}],"collection":[{"href":"https:\/\/keys-for-auto.eu\/sv\/wp-json\/wp\/v2\/product"}],"about":[{"href":"https:\/\/keys-for-auto.eu\/sv\/wp-json\/wp\/v2\/types\/product"}],"replies":[{"embeddable":true,"href":"https:\/\/keys-for-auto.eu\/sv\/wp-json\/wp\/v2\/comments?post=22126"}],"wp:featuredmedia":[{"embeddable":true,"href":"https:\/\/keys-for-auto.eu\/sv\/wp-json\/wp\/v2\/media\/20756"}],"wp:attachment":[{"href":"https:\/\/keys-for-auto.eu\/sv\/wp-json\/wp\/v2\/media?parent=22126"}],"wp:term":[{"taxonomy":"product_brand","embeddable":true,"href":"https:\/\/keys-for-auto.eu\/sv\/wp-json\/wp\/v2\/product_brand?post=22126"},{"taxonomy":"product_cat","embeddable":true,"href":"https:\/\/keys-for-auto.eu\/sv\/wp-json\/wp\/v2\/product_cat?post=22126"},{"taxonomy":"product_tag","embeddable":true,"href":"https:\/\/keys-for-auto.eu\/sv\/wp-json\/wp\/v2\/product_tag?post=22126"}],"curies":[{"name":"wp","href":"https:\/\/api.w.org\/{rel}","templated":true}]}}