{"id":22124,"date":"2016-04-02T19:17:22","date_gmt":"2016-04-02T19:17:22","guid":{"rendered":"https:\/\/keys-for-auto.eu\/product\/fjarrkontroll-lamplig-for-ford-falcon\/"},"modified":"2023-02-20T17:34:23","modified_gmt":"2023-02-20T17:34:23","slug":"fjarrstyrning-som-passar-for-ford-falcon","status":"publish","type":"product","link":"https:\/\/keys-for-auto.eu\/sv\/product\/fjarrstyrning-som-passar-for-ford-falcon\/","title":{"rendered":"Fj\u00e4rrkontroll &#8211; l\u00e4mplig f\u00f6r Ford Falcon"},"content":{"rendered":"<h2><strong>Fj\u00e4rrkontroll &#8211; l\u00e4mplig f\u00f6r Ford Falcon<\/strong><\/h2>\n<p>Vi presenterar fj\u00e4rrkontrollen f\u00f6r Ford Falkon. Den \u00e4r l\u00e4mplig f\u00f6r modeller som tillverkats mellan 2002 och 2007. Den arbetar vid 304 MHz.<\/p>\n<p>Vi s\u00e4ljer inte bara fj\u00e4rrkontroller och nyckelh\u00f6ljen. V\u00e5r viktigaste tj\u00e4nst \u00e4r nyckelprogrammering. Vi programmerar nycklar till alla bilm\u00e4rken och bilmodeller. Nyckelprogrammering \u00e4r ett mycket ansvarsfullt arbete. Din bils s\u00e4kerhet \u00e4r beroende av den. D\u00e4rf\u00f6r till\u00e5ter vi oss inte att vara f\u00f6rsumliga i v\u00e5rt arbete. Vi g\u00f6r allting med precision och anv\u00e4nder den senaste tekniken. Vi programmerar nycklar i Vilnius, men v\u00e5ra tj\u00e4nster anv\u00e4nds \u00e4ven av inv\u00e5nare i andra st\u00e4der. De uppskattar kvaliteten p\u00e5 v\u00e5rt arbete. Ge dig sj\u00e4lv en chans att uppskatta v\u00e5rt arbete ocks\u00e5!<\/p>\n<p>Programmering av bilnycklar \u00e4r viktigt f\u00f6r m\u00e5nga moderna bil\u00e4gare. Moderna fordon \u00e4r inte begr\u00e4nsade till mekanisk l\u00e5sning. Moderna bilnycklar skyddas av en elektronisk kod. Denna metod f\u00f6r att s\u00e4kra bilen g\u00f6r att endast \u00e4garen kan l\u00e5sa upp bilen. L\u00e4s mer om den teknik som anv\u00e4nds i denna process och om den viktigaste programmeringen h\u00e4r.<\/p>\n<h3>Nyckeltillverkning<\/h3>\n<p>Nyckeltillverkning i Vilnius blir en alltmer popul\u00e4r tj\u00e4nst. Fler och fler leverant\u00f6rer dyker upp. Det \u00e4r d\u00e4rf\u00f6r viktigt att du inte g\u00f6r ett misstag i ditt val. Om du beh\u00f6ver nyckelprogrammering f\u00f6r din Ford &#8211; r\u00e4kna med oss! Tveka inte och best\u00e4ll nyckelprogrammering. En liten investering ger dig stora f\u00f6rdelar. En nyckel som \u00e4r skr\u00e4ddarsydd f\u00f6r din bil och programmerad enligt bilens m\u00e4rke \u00e4r en garanti f\u00f6r s\u00e4kerhet.<\/p>\n<p>Det s\u00e4gs att det \u00e4r farligt att k\u00e4nna sig helt s\u00e4ker. Bilst\u00f6lder \u00f6kar och det \u00e4r irrationellt att ignorera detta faktum. Ta hand om nyckelprogrammeringen idag! V\u00e5r programmering av bilnycklar utf\u00f6rs enligt de h\u00f6gsta kvalitetskraven. Vi l\u00e4gger ocks\u00e5 stor vikt vid den m\u00e4nskliga faktorn. Vi bryr oss om v\u00e5ra medarbetares kompetens. De uppdaterar kontinuerligt sina kunskaper genom kurser och seminarier f\u00f6r nyckelpersoner.<\/p>\n<h3>Bilnycklar<\/h3>\n<p>Bilnycklar \u00e4r v\u00e5rt arbetsomr\u00e5de och det gemensamma band som f\u00f6renar oss med dig. Eftersom intressena \u00e4r \u00f6msesidiga kan resultaten bara vara gl\u00e4djande! Du v\u00e4nder dig till oss och vi tar hand om din bils s\u00e4kerhet.<\/p>\n","protected":false},"excerpt":{"rendered":"<h1 class=\"product-name\" style=\"box-sizing: content-box; margin: 0px 0px 8px; padding: 0px 0px 0px 15px; border: 0px; font-stretch: inherit; font-size: 18px; line-height: 22px; font-family: Arial, Helvetica, sans-senif, SimSun, \u5b8b\u4f53; vertical-align: baseline;\">Fj\u00e4rrkontroll l\u00e4mplig f\u00f6r FORD Falcon (2002-2007) &#8211; 304MHZ<\/h1>\n<h3><\/h3>\n<h3><strong>Tillverkning av bilnycklar<\/strong><\/h3>\n<ul>\n<li><strong>Tillverkning av nya bilnycklar, programmering av nycklar (&#8221;bindning&#8221; till bilen)<\/strong><\/li>\n<li><strong>Radera tidigare f\u00f6rlorade nycklar fr\u00e5n bilens minne<\/strong><\/li>\n<li><strong>Tillverkning av t\u00e4ndningsnyckeln enligt l\u00e5set<\/strong><\/li>\n<li><strong>Reparation av bilnycklar (byte av knappar, skal, mekanismer)<\/strong><\/li>\n<li><strong>Uppl\u00e5sning av bil i n\u00f6dsituationer<\/strong><\/li>\n<li><strong>Byte av nycklar, nyckelfodral<\/strong><\/li>\n<li><strong>Avst\u00e4ngning av DPF- och FAP-programvaran<\/strong><\/li>\n<li><strong>Programbaserat avl\u00e4gsnande av EGR<\/strong><\/li>\n<li><strong>Avaktivering av startsp\u00e4rrprogramvaran (immo Off)<\/strong><\/li>\n<li><strong>Reparation, kloning och programmering av motorstyrenhet (ECU)<\/strong><\/li>\n<li><strong>SRS (Programmering av styrenhet f\u00f6r krockkuddar)<\/strong><\/li>\n<\/ul>\n<h4><strong>  artiklar skickas inom 3 arbetsdagar.*<\/strong><\/h4>\n","protected":false},"featured_media":20762,"comment_status":"open","ping_status":"closed","template":"","meta":[],"product_brand":[],"product_cat":[4415,4528],"product_tag":[5351,5292,5297],"class_list":{"0":"post-22124","1":"product","2":"type-product","3":"status-publish","4":"has-post-thumbnail","6":"product_cat-ford-sv","7":"product_cat-nycklar-for-fjarrkontroll","8":"product_tag-ford-falcon-nyckel","9":"product_tag-ford-fjarrkontroll","10":"product_tag-ford-nyckel","12":"first","13":"instock","14":"shipping-taxable","15":"purchasable","16":"product-type-simple"},"yoast_head":"<!-- This site is optimized with the Yoast SEO plugin v27.3 - https:\/\/yoast.com\/product\/yoast-seo-wordpress\/ -->\n<title>Fj\u00e4rrkontroll - l\u00e4mplig f\u00f6r Ford Falcon - Keys for auto% %%sidnamn<\/title>\n<meta name=\"robots\" content=\"index, follow, max-snippet:-1, max-image-preview:large, max-video-preview:-1\" \/>\n<link rel=\"canonical\" href=\"https:\/\/keys-for-auto.eu\/sv\/product\/fjarrstyrning-som-passar-for-ford-falcon\/\" \/>\n<meta property=\"og:locale\" content=\"sv_SE\" \/>\n<meta property=\"og:type\" content=\"article\" \/>\n<meta property=\"og:title\" content=\"Fj\u00e4rrkontroll - l\u00e4mplig f\u00f6r Ford Falcon - Keys for auto% %%sidnamn\" \/>\n<meta property=\"og:description\" content=\"Fj\u00e4rrkontroll l\u00e4mplig f\u00f6r FORD Falcon (2002-2007) - 304MHZ Tillverkning av bilnycklar  Tillverkning av nya bilnycklar, programmering av nycklar (&quot;bindning&quot; till bilen)  Radera tidigare f\u00f6rlorade nycklar fr\u00e5n bilens minne  Tillverkning av t\u00e4ndningsnyckeln enligt l\u00e5set  Reparation av bilnycklar (byte av knappar, skal, mekanismer)  Uppl\u00e5sning av bil i n\u00f6dsituationer  Byte av nycklar, nyckelfodral  Avst\u00e4ngning av DPF- och FAP-programvaran  Programbaserat avl\u00e4gsnande av EGR  Avaktivering av startsp\u00e4rrprogramvaran (immo Off)  Reparation, kloning och programmering av motorstyrenhet (ECU)  SRS (Programmering av styrenhet f\u00f6r krockkuddar)  artiklar skickas inom 3 arbetsdagar.*\" \/>\n<meta property=\"og:url\" content=\"https:\/\/keys-for-auto.eu\/sv\/product\/fjarrstyrning-som-passar-for-ford-falcon\/\" \/>\n<meta property=\"og:site_name\" content=\"Keys for auto\" \/>\n<meta property=\"article:publisher\" content=\"https:\/\/www.facebook.com\/KeysForAutoEU\" \/>\n<meta property=\"article:modified_time\" content=\"2023-02-20T17:34:23+00:00\" \/>\n<meta property=\"og:image\" content=\"https:\/\/keys-for-auto.eu\/wp-content\/uploads\/2022\/12\/Ford-4-mygtuku-304mhz-nuotolinio-valdymo-pultas-500x5001-removebg-preview.png\" \/>\n\t<meta property=\"og:image:width\" content=\"500\" \/>\n\t<meta property=\"og:image:height\" content=\"500\" \/>\n\t<meta property=\"og:image:type\" content=\"image\/png\" \/>\n<meta name=\"twitter:card\" content=\"summary_large_image\" \/>\n<meta name=\"twitter:label1\" content=\"Ber\u00e4knad l\u00e4stid\" \/>\n\t<meta name=\"twitter:data1\" content=\"2 minuter\" \/>\n<script type=\"application\/ld+json\" class=\"yoast-schema-graph\">{\"@context\":\"https:\\\/\\\/schema.org\",\"@graph\":[{\"@type\":[\"WebPage\",\"ItemPage\"],\"@id\":\"https:\\\/\\\/keys-for-auto.eu\\\/sv\\\/product\\\/fjarrstyrning-som-passar-for-ford-falcon\\\/\",\"url\":\"https:\\\/\\\/keys-for-auto.eu\\\/sv\\\/product\\\/fjarrstyrning-som-passar-for-ford-falcon\\\/\",\"name\":\"Fj\u00e4rrkontroll - l\u00e4mplig f\u00f6r Ford Falcon - Keys for auto% %%sidnamn\",\"isPartOf\":{\"@id\":\"https:\\\/\\\/keys-for-auto.eu\\\/sv\\\/#website\"},\"primaryImageOfPage\":{\"@id\":\"https:\\\/\\\/keys-for-auto.eu\\\/sv\\\/product\\\/fjarrstyrning-som-passar-for-ford-falcon\\\/#primaryimage\"},\"image\":{\"@id\":\"https:\\\/\\\/keys-for-auto.eu\\\/sv\\\/product\\\/fjarrstyrning-som-passar-for-ford-falcon\\\/#primaryimage\"},\"thumbnailUrl\":\"https:\\\/\\\/keys-for-auto.eu\\\/wp-content\\\/uploads\\\/2022\\\/12\\\/Ford-4-mygtuku-304mhz-nuotolinio-valdymo-pultas-500x5001-removebg-preview.png\",\"datePublished\":\"2016-04-02T19:17:22+00:00\",\"dateModified\":\"2023-02-20T17:34:23+00:00\",\"breadcrumb\":{\"@id\":\"https:\\\/\\\/keys-for-auto.eu\\\/sv\\\/product\\\/fjarrstyrning-som-passar-for-ford-falcon\\\/#breadcrumb\"},\"inLanguage\":\"sv-SE\",\"potentialAction\":[{\"@type\":\"ReadAction\",\"target\":[\"https:\\\/\\\/keys-for-auto.eu\\\/sv\\\/product\\\/fjarrstyrning-som-passar-for-ford-falcon\\\/\"]}]},{\"@type\":\"ImageObject\",\"inLanguage\":\"sv-SE\",\"@id\":\"https:\\\/\\\/keys-for-auto.eu\\\/sv\\\/product\\\/fjarrstyrning-som-passar-for-ford-falcon\\\/#primaryimage\",\"url\":\"https:\\\/\\\/keys-for-auto.eu\\\/wp-content\\\/uploads\\\/2022\\\/12\\\/Ford-4-mygtuku-304mhz-nuotolinio-valdymo-pultas-500x5001-removebg-preview.png\",\"contentUrl\":\"https:\\\/\\\/keys-for-auto.eu\\\/wp-content\\\/uploads\\\/2022\\\/12\\\/Ford-4-mygtuku-304mhz-nuotolinio-valdymo-pultas-500x5001-removebg-preview.png\",\"width\":500,\"height\":500},{\"@type\":\"BreadcrumbList\",\"@id\":\"https:\\\/\\\/keys-for-auto.eu\\\/sv\\\/product\\\/fjarrstyrning-som-passar-for-ford-falcon\\\/#breadcrumb\",\"itemListElement\":[{\"@type\":\"ListItem\",\"position\":1,\"name\":\"Hem\",\"item\":\"https:\\\/\\\/keys-for-auto.eu\\\/sv\\\/\"},{\"@type\":\"ListItem\",\"position\":2,\"name\":\"Shop\",\"item\":\"https:\\\/\\\/keys-for-auto.eu\\\/\"},{\"@type\":\"ListItem\",\"position\":3,\"name\":\"Fj\u00e4rrkontroll &#8211; l\u00e4mplig f\u00f6r Ford Falcon\"}]},{\"@type\":\"WebSite\",\"@id\":\"https:\\\/\\\/keys-for-auto.eu\\\/sv\\\/#website\",\"url\":\"https:\\\/\\\/keys-for-auto.eu\\\/sv\\\/\",\"name\":\"Keys for auto\",\"description\":\"Car keys,  key shells, key programming\",\"publisher\":{\"@id\":\"https:\\\/\\\/keys-for-auto.eu\\\/sv\\\/#organization\"},\"potentialAction\":[{\"@type\":\"SearchAction\",\"target\":{\"@type\":\"EntryPoint\",\"urlTemplate\":\"https:\\\/\\\/keys-for-auto.eu\\\/sv\\\/?s={search_term_string}\"},\"query-input\":{\"@type\":\"PropertyValueSpecification\",\"valueRequired\":true,\"valueName\":\"search_term_string\"}}],\"inLanguage\":\"sv-SE\"},{\"@type\":\"Organization\",\"@id\":\"https:\\\/\\\/keys-for-auto.eu\\\/sv\\\/#organization\",\"name\":\"Nycklar f\u00f6r bil\",\"url\":\"https:\\\/\\\/keys-for-auto.eu\\\/sv\\\/\",\"logo\":{\"@type\":\"ImageObject\",\"inLanguage\":\"sv-SE\",\"@id\":\"https:\\\/\\\/keys-for-auto.eu\\\/sv\\\/#\\\/schema\\\/logo\\\/image\\\/\",\"url\":\"https:\\\/\\\/keys-for-auto.eu\\\/wp-content\\\/uploads\\\/2022\\\/11\\\/cropped-png1.png\",\"contentUrl\":\"https:\\\/\\\/keys-for-auto.eu\\\/wp-content\\\/uploads\\\/2022\\\/11\\\/cropped-png1.png\",\"width\":1000,\"height\":342,\"caption\":\"Nycklar f\u00f6r bil\"},\"image\":{\"@id\":\"https:\\\/\\\/keys-for-auto.eu\\\/sv\\\/#\\\/schema\\\/logo\\\/image\\\/\"},\"sameAs\":[\"https:\\\/\\\/www.facebook.com\\\/KeysForAutoEU\"]}]}<\/script>\n<!-- \/ Yoast SEO plugin. -->","yoast_head_json":{"title":"Fj\u00e4rrkontroll - l\u00e4mplig f\u00f6r Ford Falcon - Keys for auto% %%sidnamn","robots":{"index":"index","follow":"follow","max-snippet":"max-snippet:-1","max-image-preview":"max-image-preview:large","max-video-preview":"max-video-preview:-1"},"canonical":"https:\/\/keys-for-auto.eu\/sv\/product\/fjarrstyrning-som-passar-for-ford-falcon\/","og_locale":"sv_SE","og_type":"article","og_title":"Fj\u00e4rrkontroll - l\u00e4mplig f\u00f6r Ford Falcon - Keys for auto% %%sidnamn","og_description":"Fj\u00e4rrkontroll l\u00e4mplig f\u00f6r FORD Falcon (2002-2007) - 304MHZ Tillverkning av bilnycklar  Tillverkning av nya bilnycklar, programmering av nycklar (\"bindning\" till bilen)  Radera tidigare f\u00f6rlorade nycklar fr\u00e5n bilens minne  Tillverkning av t\u00e4ndningsnyckeln enligt l\u00e5set  Reparation av bilnycklar (byte av knappar, skal, mekanismer)  Uppl\u00e5sning av bil i n\u00f6dsituationer  Byte av nycklar, nyckelfodral  Avst\u00e4ngning av DPF- och FAP-programvaran  Programbaserat avl\u00e4gsnande av EGR  Avaktivering av startsp\u00e4rrprogramvaran (immo Off)  Reparation, kloning och programmering av motorstyrenhet (ECU)  SRS (Programmering av styrenhet f\u00f6r krockkuddar)  artiklar skickas inom 3 arbetsdagar.*","og_url":"https:\/\/keys-for-auto.eu\/sv\/product\/fjarrstyrning-som-passar-for-ford-falcon\/","og_site_name":"Keys for auto","article_publisher":"https:\/\/www.facebook.com\/KeysForAutoEU","article_modified_time":"2023-02-20T17:34:23+00:00","og_image":[{"width":500,"height":500,"url":"https:\/\/keys-for-auto.eu\/wp-content\/uploads\/2022\/12\/Ford-4-mygtuku-304mhz-nuotolinio-valdymo-pultas-500x5001-removebg-preview.png","type":"image\/png"}],"twitter_card":"summary_large_image","twitter_misc":{"Ber\u00e4knad l\u00e4stid":"2 minuter"},"schema":{"@context":"https:\/\/schema.org","@graph":[{"@type":["WebPage","ItemPage"],"@id":"https:\/\/keys-for-auto.eu\/sv\/product\/fjarrstyrning-som-passar-for-ford-falcon\/","url":"https:\/\/keys-for-auto.eu\/sv\/product\/fjarrstyrning-som-passar-for-ford-falcon\/","name":"Fj\u00e4rrkontroll - l\u00e4mplig f\u00f6r Ford Falcon - Keys for auto% %%sidnamn","isPartOf":{"@id":"https:\/\/keys-for-auto.eu\/sv\/#website"},"primaryImageOfPage":{"@id":"https:\/\/keys-for-auto.eu\/sv\/product\/fjarrstyrning-som-passar-for-ford-falcon\/#primaryimage"},"image":{"@id":"https:\/\/keys-for-auto.eu\/sv\/product\/fjarrstyrning-som-passar-for-ford-falcon\/#primaryimage"},"thumbnailUrl":"https:\/\/keys-for-auto.eu\/wp-content\/uploads\/2022\/12\/Ford-4-mygtuku-304mhz-nuotolinio-valdymo-pultas-500x5001-removebg-preview.png","datePublished":"2016-04-02T19:17:22+00:00","dateModified":"2023-02-20T17:34:23+00:00","breadcrumb":{"@id":"https:\/\/keys-for-auto.eu\/sv\/product\/fjarrstyrning-som-passar-for-ford-falcon\/#breadcrumb"},"inLanguage":"sv-SE","potentialAction":[{"@type":"ReadAction","target":["https:\/\/keys-for-auto.eu\/sv\/product\/fjarrstyrning-som-passar-for-ford-falcon\/"]}]},{"@type":"ImageObject","inLanguage":"sv-SE","@id":"https:\/\/keys-for-auto.eu\/sv\/product\/fjarrstyrning-som-passar-for-ford-falcon\/#primaryimage","url":"https:\/\/keys-for-auto.eu\/wp-content\/uploads\/2022\/12\/Ford-4-mygtuku-304mhz-nuotolinio-valdymo-pultas-500x5001-removebg-preview.png","contentUrl":"https:\/\/keys-for-auto.eu\/wp-content\/uploads\/2022\/12\/Ford-4-mygtuku-304mhz-nuotolinio-valdymo-pultas-500x5001-removebg-preview.png","width":500,"height":500},{"@type":"BreadcrumbList","@id":"https:\/\/keys-for-auto.eu\/sv\/product\/fjarrstyrning-som-passar-for-ford-falcon\/#breadcrumb","itemListElement":[{"@type":"ListItem","position":1,"name":"Hem","item":"https:\/\/keys-for-auto.eu\/sv\/"},{"@type":"ListItem","position":2,"name":"Shop","item":"https:\/\/keys-for-auto.eu\/"},{"@type":"ListItem","position":3,"name":"Fj\u00e4rrkontroll &#8211; l\u00e4mplig f\u00f6r Ford Falcon"}]},{"@type":"WebSite","@id":"https:\/\/keys-for-auto.eu\/sv\/#website","url":"https:\/\/keys-for-auto.eu\/sv\/","name":"Keys for auto","description":"Car keys,  key shells, key programming","publisher":{"@id":"https:\/\/keys-for-auto.eu\/sv\/#organization"},"potentialAction":[{"@type":"SearchAction","target":{"@type":"EntryPoint","urlTemplate":"https:\/\/keys-for-auto.eu\/sv\/?s={search_term_string}"},"query-input":{"@type":"PropertyValueSpecification","valueRequired":true,"valueName":"search_term_string"}}],"inLanguage":"sv-SE"},{"@type":"Organization","@id":"https:\/\/keys-for-auto.eu\/sv\/#organization","name":"Nycklar f\u00f6r bil","url":"https:\/\/keys-for-auto.eu\/sv\/","logo":{"@type":"ImageObject","inLanguage":"sv-SE","@id":"https:\/\/keys-for-auto.eu\/sv\/#\/schema\/logo\/image\/","url":"https:\/\/keys-for-auto.eu\/wp-content\/uploads\/2022\/11\/cropped-png1.png","contentUrl":"https:\/\/keys-for-auto.eu\/wp-content\/uploads\/2022\/11\/cropped-png1.png","width":1000,"height":342,"caption":"Nycklar f\u00f6r bil"},"image":{"@id":"https:\/\/keys-for-auto.eu\/sv\/#\/schema\/logo\/image\/"},"sameAs":["https:\/\/www.facebook.com\/KeysForAutoEU"]}]}},"_links":{"self":[{"href":"https:\/\/keys-for-auto.eu\/sv\/wp-json\/wp\/v2\/product\/22124","targetHints":{"allow":["GET"]}}],"collection":[{"href":"https:\/\/keys-for-auto.eu\/sv\/wp-json\/wp\/v2\/product"}],"about":[{"href":"https:\/\/keys-for-auto.eu\/sv\/wp-json\/wp\/v2\/types\/product"}],"replies":[{"embeddable":true,"href":"https:\/\/keys-for-auto.eu\/sv\/wp-json\/wp\/v2\/comments?post=22124"}],"wp:featuredmedia":[{"embeddable":true,"href":"https:\/\/keys-for-auto.eu\/sv\/wp-json\/wp\/v2\/media\/20762"}],"wp:attachment":[{"href":"https:\/\/keys-for-auto.eu\/sv\/wp-json\/wp\/v2\/media?parent=22124"}],"wp:term":[{"taxonomy":"product_brand","embeddable":true,"href":"https:\/\/keys-for-auto.eu\/sv\/wp-json\/wp\/v2\/product_brand?post=22124"},{"taxonomy":"product_cat","embeddable":true,"href":"https:\/\/keys-for-auto.eu\/sv\/wp-json\/wp\/v2\/product_cat?post=22124"},{"taxonomy":"product_tag","embeddable":true,"href":"https:\/\/keys-for-auto.eu\/sv\/wp-json\/wp\/v2\/product_tag?post=22124"}],"curies":[{"name":"wp","href":"https:\/\/api.w.org\/{rel}","templated":true}]}}