{"id":22118,"date":"2016-04-02T19:15:24","date_gmt":"2016-04-02T19:15:24","guid":{"rendered":"https:\/\/keys-for-auto.eu\/product\/fjarrnyckel-passar-till-fiat-500-brava-punto-panda\/"},"modified":"2023-02-20T17:31:53","modified_gmt":"2023-02-20T17:31:53","slug":"fjarrstyrd-nyckel-lamplig-for-fiat-500-brava-punto-panda","status":"publish","type":"product","link":"https:\/\/keys-for-auto.eu\/sv\/product\/fjarrstyrd-nyckel-lamplig-for-fiat-500-brava-punto-panda\/","title":{"rendered":"Fj\u00e4rrnyckel &#8211; passar till Fiat 500 | Brava | Punto | Panda"},"content":{"rendered":"<h3><strong>Fj\u00e4rrkontrollnyckel l\u00e4mplig f\u00f6r Fiat 500, Brava, Punto, Panda<\/strong><\/h3>\n<h4>Nyckeln till fj\u00e4rrkontrollen passar f\u00f6r Fiat 500, Doblo, Florino, Grande Punto, Punto Evo, Punto, Qubo.<\/h4>\n<p>Vi s\u00e4ljer inte bara fj\u00e4rrstyrda nycklar och nyckelfodral till bilar, utan vi programmerar ocks\u00e5 nycklarna. Det \u00e4r v\u00e4rt att t\u00e4nka p\u00e5 f\u00f6rdelarna med denna tj\u00e4nst om du fortfarande anv\u00e4nder enkla nycklar som inte \u00e4r kopplade till bilen, dvs. inte \u00e4r programmerade. S\u00e5dana nycklar \u00e4r os\u00e4kra att anv\u00e4nda och som vi vet \u00e4r det farligt att k\u00e4nna sig helt s\u00e4ker. S\u00e5 om du fortfarande tror att du inte beh\u00f6ver programmera dina bilnycklar kan du fundera p\u00e5 om du inte bara leker med elden. Tjuvar \u00e4r smarta i dag, och f\u00f6rh\u00e5llanden som m\u00f6jligg\u00f6r st\u00f6lder ger upphov till tjuvar.<\/p>\n<p>S\u00e5 l\u00e5t ingen st\u00f6ra s\u00e4kerheten f\u00f6r dig och ditt fyrhjuliga fordon, skaffa inte bara fj\u00e4rrnycklar utan \u00e4ven deras programmering. Vi garanterar att vi g\u00f6r det snabbt och med h\u00f6g kvalitet. Vi v\u00e4rdes\u00e4tter varje kund och str\u00e4var efter att anpassa oss till deras behov, vilket \u00e4r anledningen till att vi st\u00e4ndigt f\u00f6rb\u00e4ttrar v\u00e5r kompetens och investerar i uppdatering av den teknik som anv\u00e4nds vid tillverkning och programmering av nycklar.<\/p>\n<p>Programmering av bilnycklar \u00e4r ett omr\u00e5de d\u00e4r vi str\u00e4var efter perfektion. S\u00e5 du kan vara s\u00e4ker p\u00e5 att du inte g\u00f6r fel n\u00e4r du investerar i v\u00e5ra produkter eller tj\u00e4nster! Din bils s\u00e4kerhet \u00e4r v\u00e5rt ansvar, och allt du beh\u00f6ver g\u00f6ra \u00e4r att klicka p\u00e5 uppl\u00e5sningsknappen p\u00e5 fj\u00e4rrnyckeln, starta bilen och ge dig iv\u00e4g p\u00e5 dina dagliga resor och p\u00e5 v\u00e4gar som du kanske bara \u00e5ker en g\u00e5ng i ditt liv, i avl\u00e4gsna h\u00f6rn, d\u00e4r du f\u00f6rs\u00f6ker fly fr\u00e5n den galna massan, men du kommer att minnas dem l\u00e4nge. Och n\u00e4r du funderar p\u00e5 att ta en paus och l\u00e5ta bilen sova utan dig \u00f6ver natten, vet du att den \u00e4r s\u00e4ker.<\/p>\n<p>Endast v\u00e5ra h\u00e4nder kan g\u00f6ra nycklar! Vi garanterar kvaliteten p\u00e5 v\u00e5rt arbete, och bilnycklar \u00e4r den passion som driver oss fram\u00e5t!<\/p>\n","protected":false},"excerpt":{"rendered":"<p>F\u00f6r Fiat-bilar, &#8211; fj\u00e4rrstyrningsnyckel, l\u00e4mplig f\u00f6r:<\/p>\n<p><strong>500 (2007 &#8211; )<\/strong><br \/>\n<strong>Doblo (2010 &#8211; )<\/strong><br \/>\n<strong>Florino (2007 &#8211; )<\/strong><br \/>\n<strong>Grande Punto (2006 &#8211; 2010)<\/strong><br \/>\n<strong>Punto Evo (2010 &#8211; 2012)<\/strong><br \/>\n<strong>Punto (2012 &#8211; )<\/strong><br \/>\n<strong>Qubo (2008 &#8211; )<\/strong><\/p>\n<h3><strong>Tillverkning av bilnycklar<\/strong><\/h3>\n<ul>\n<li><strong>Tillverkning av nya bilnycklar, programmering av nycklar (&#8221;bindning&#8221; till bilen)<\/strong><\/li>\n<li><strong>Radera tidigare f\u00f6rlorade nycklar fr\u00e5n bilens minne<\/strong><\/li>\n<li><strong>Tillverkning av t\u00e4ndningsnyckeln enligt l\u00e5set<\/strong><\/li>\n<li><strong>Reparation av bilnycklar (byte av knappar, skal, mekanismer)<\/strong><\/li>\n<li><strong>Uppl\u00e5sning av bil i n\u00f6dsituationer<\/strong><\/li>\n<li><strong>Byte av nycklar, nyckelfodral<\/strong><\/li>\n<li><strong>Avst\u00e4ngning av DPF- och FAP-programvaran<\/strong><\/li>\n<li><strong>Programbaserat avl\u00e4gsnande av EGR<\/strong><\/li>\n<li><strong>Avaktivering av startsp\u00e4rrprogramvaran (immo Off)<\/strong><\/li>\n<li><strong>Reparation, kloning och programmering av motorstyrenhet (ECU)<\/strong><\/li>\n<li><strong>SRS (Programmering av styrenhet f\u00f6r krockkuddar)<\/strong><\/li>\n<\/ul>\n<h4><strong>  artiklar skickas inom 3 arbetsdagar.*<\/strong><\/h4>\n","protected":false},"featured_media":20758,"comment_status":"open","ping_status":"closed","template":"","meta":[],"product_brand":[],"product_cat":[4395,4528],"product_tag":[5341,5344,5346,5348,5336],"class_list":{"0":"post-22118","1":"product","2":"type-product","3":"status-publish","4":"has-post-thumbnail","6":"product_cat-fiat-sv","7":"product_cat-nycklar-for-fjarrkontroll","8":"product_tag-fiat-500-nyckel","9":"product_tag-fiat-brava-nyckel","10":"product_tag-fiat-panda-nyckel","11":"product_tag-fiat-punto-nyckel","12":"product_tag-fiat-nyckel","14":"first","15":"instock","16":"shipping-taxable","17":"purchasable","18":"product-type-simple"},"yoast_head":"<!-- This site is optimized with the Yoast SEO plugin v27.6 - https:\/\/yoast.com\/product\/yoast-seo-wordpress\/ -->\n<title>Fj\u00e4rrnyckel - passar till Fiat 500 | Brava | Punto | Panda - Keys for auto% %%sidnamn<\/title>\n<meta name=\"robots\" content=\"index, follow, max-snippet:-1, max-image-preview:large, max-video-preview:-1\" \/>\n<link rel=\"canonical\" href=\"https:\/\/keys-for-auto.eu\/sv\/product\/fjarrstyrd-nyckel-lamplig-for-fiat-500-brava-punto-panda\/\" \/>\n<meta property=\"og:locale\" content=\"sv_SE\" \/>\n<meta property=\"og:type\" content=\"article\" \/>\n<meta property=\"og:title\" content=\"Fj\u00e4rrnyckel - passar till Fiat 500 | Brava | Punto | Panda - Keys for auto% %%sidnamn\" \/>\n<meta property=\"og:description\" content=\"F\u00f6r Fiat-bilar, - fj\u00e4rrstyrningsnyckel, l\u00e4mplig f\u00f6r: 500 (2007 - ) Doblo (2010 - ) Florino (2007 - ) Grande Punto (2006 - 2010) Punto Evo (2010 - 2012) Punto (2012 - ) Qubo (2008 - ) Tillverkning av bilnycklar  Tillverkning av nya bilnycklar, programmering av nycklar (&quot;bindning&quot; till bilen)  Radera tidigare f\u00f6rlorade nycklar fr\u00e5n bilens minne  Tillverkning av t\u00e4ndningsnyckeln enligt l\u00e5set  Reparation av bilnycklar (byte av knappar, skal, mekanismer)  Uppl\u00e5sning av bil i n\u00f6dsituationer  Byte av nycklar, nyckelfodral  Avst\u00e4ngning av DPF- och FAP-programvaran  Programbaserat avl\u00e4gsnande av EGR  Avaktivering av startsp\u00e4rrprogramvaran (immo Off)  Reparation, kloning och programmering av motorstyrenhet (ECU)  SRS (Programmering av styrenhet f\u00f6r krockkuddar)  artiklar skickas inom 3 arbetsdagar.*\" \/>\n<meta property=\"og:url\" content=\"https:\/\/keys-for-auto.eu\/sv\/product\/fjarrstyrd-nyckel-lamplig-for-fiat-500-brava-punto-panda\/\" \/>\n<meta property=\"og:site_name\" content=\"Keys for auto\" \/>\n<meta property=\"article:publisher\" content=\"https:\/\/www.facebook.com\/KeysForAutoEU\" \/>\n<meta property=\"article:modified_time\" content=\"2023-02-20T17:31:53+00:00\" \/>\n<meta property=\"og:image\" content=\"https:\/\/keys-for-auto.eu\/wp-content\/uploads\/2022\/12\/f543fe7b0c.jpg.640x640-removebg-preview.png\" \/>\n\t<meta property=\"og:image:width\" content=\"500\" \/>\n\t<meta property=\"og:image:height\" content=\"499\" \/>\n\t<meta property=\"og:image:type\" content=\"image\/png\" \/>\n<meta name=\"twitter:card\" content=\"summary_large_image\" \/>\n<meta name=\"twitter:label1\" content=\"Ber\u00e4knad l\u00e4stid\" \/>\n\t<meta name=\"twitter:data1\" content=\"2 minuter\" \/>\n<script type=\"application\/ld+json\" class=\"yoast-schema-graph\">{\"@context\":\"https:\\\/\\\/schema.org\",\"@graph\":[{\"@type\":[\"WebPage\",\"ItemPage\"],\"@id\":\"https:\\\/\\\/keys-for-auto.eu\\\/sv\\\/product\\\/fjarrstyrd-nyckel-lamplig-for-fiat-500-brava-punto-panda\\\/\",\"url\":\"https:\\\/\\\/keys-for-auto.eu\\\/sv\\\/product\\\/fjarrstyrd-nyckel-lamplig-for-fiat-500-brava-punto-panda\\\/\",\"name\":\"Fj\u00e4rrnyckel - passar till Fiat 500 | Brava | Punto | Panda - Keys for auto% %%sidnamn\",\"isPartOf\":{\"@id\":\"https:\\\/\\\/keys-for-auto.eu\\\/sv\\\/#website\"},\"primaryImageOfPage\":{\"@id\":\"https:\\\/\\\/keys-for-auto.eu\\\/sv\\\/product\\\/fjarrstyrd-nyckel-lamplig-for-fiat-500-brava-punto-panda\\\/#primaryimage\"},\"image\":{\"@id\":\"https:\\\/\\\/keys-for-auto.eu\\\/sv\\\/product\\\/fjarrstyrd-nyckel-lamplig-for-fiat-500-brava-punto-panda\\\/#primaryimage\"},\"thumbnailUrl\":\"https:\\\/\\\/keys-for-auto.eu\\\/wp-content\\\/uploads\\\/2022\\\/12\\\/f543fe7b0c.jpg.640x640-removebg-preview.png\",\"datePublished\":\"2016-04-02T19:15:24+00:00\",\"dateModified\":\"2023-02-20T17:31:53+00:00\",\"breadcrumb\":{\"@id\":\"https:\\\/\\\/keys-for-auto.eu\\\/sv\\\/product\\\/fjarrstyrd-nyckel-lamplig-for-fiat-500-brava-punto-panda\\\/#breadcrumb\"},\"inLanguage\":\"sv-SE\",\"potentialAction\":[{\"@type\":\"ReadAction\",\"target\":[\"https:\\\/\\\/keys-for-auto.eu\\\/sv\\\/product\\\/fjarrstyrd-nyckel-lamplig-for-fiat-500-brava-punto-panda\\\/\"]}]},{\"@type\":\"ImageObject\",\"inLanguage\":\"sv-SE\",\"@id\":\"https:\\\/\\\/keys-for-auto.eu\\\/sv\\\/product\\\/fjarrstyrd-nyckel-lamplig-for-fiat-500-brava-punto-panda\\\/#primaryimage\",\"url\":\"https:\\\/\\\/keys-for-auto.eu\\\/wp-content\\\/uploads\\\/2022\\\/12\\\/f543fe7b0c.jpg.640x640-removebg-preview.png\",\"contentUrl\":\"https:\\\/\\\/keys-for-auto.eu\\\/wp-content\\\/uploads\\\/2022\\\/12\\\/f543fe7b0c.jpg.640x640-removebg-preview.png\",\"width\":500,\"height\":499},{\"@type\":\"BreadcrumbList\",\"@id\":\"https:\\\/\\\/keys-for-auto.eu\\\/sv\\\/product\\\/fjarrstyrd-nyckel-lamplig-for-fiat-500-brava-punto-panda\\\/#breadcrumb\",\"itemListElement\":[{\"@type\":\"ListItem\",\"position\":1,\"name\":\"Hem\",\"item\":\"https:\\\/\\\/keys-for-auto.eu\\\/sv\\\/\"},{\"@type\":\"ListItem\",\"position\":2,\"name\":\"Shop\",\"item\":\"https:\\\/\\\/keys-for-auto.eu\\\/\"},{\"@type\":\"ListItem\",\"position\":3,\"name\":\"Fj\u00e4rrnyckel &#8211; passar till Fiat 500 | Brava | Punto | Panda\"}]},{\"@type\":\"WebSite\",\"@id\":\"https:\\\/\\\/keys-for-auto.eu\\\/sv\\\/#website\",\"url\":\"https:\\\/\\\/keys-for-auto.eu\\\/sv\\\/\",\"name\":\"Keys for auto\",\"description\":\"Car keys,  key shells, key programming\",\"publisher\":{\"@id\":\"https:\\\/\\\/keys-for-auto.eu\\\/sv\\\/#organization\"},\"potentialAction\":[{\"@type\":\"SearchAction\",\"target\":{\"@type\":\"EntryPoint\",\"urlTemplate\":\"https:\\\/\\\/keys-for-auto.eu\\\/sv\\\/?s={search_term_string}\"},\"query-input\":{\"@type\":\"PropertyValueSpecification\",\"valueRequired\":true,\"valueName\":\"search_term_string\"}}],\"inLanguage\":\"sv-SE\"},{\"@type\":\"Organization\",\"@id\":\"https:\\\/\\\/keys-for-auto.eu\\\/sv\\\/#organization\",\"name\":\"Nycklar f\u00f6r bil\",\"url\":\"https:\\\/\\\/keys-for-auto.eu\\\/sv\\\/\",\"logo\":{\"@type\":\"ImageObject\",\"inLanguage\":\"sv-SE\",\"@id\":\"https:\\\/\\\/keys-for-auto.eu\\\/sv\\\/#\\\/schema\\\/logo\\\/image\\\/\",\"url\":\"https:\\\/\\\/keys-for-auto.eu\\\/wp-content\\\/uploads\\\/2022\\\/11\\\/cropped-png1.png\",\"contentUrl\":\"https:\\\/\\\/keys-for-auto.eu\\\/wp-content\\\/uploads\\\/2022\\\/11\\\/cropped-png1.png\",\"width\":1000,\"height\":342,\"caption\":\"Nycklar f\u00f6r bil\"},\"image\":{\"@id\":\"https:\\\/\\\/keys-for-auto.eu\\\/sv\\\/#\\\/schema\\\/logo\\\/image\\\/\"},\"sameAs\":[\"https:\\\/\\\/www.facebook.com\\\/KeysForAutoEU\"]}]}<\/script>\n<!-- \/ Yoast SEO plugin. -->","yoast_head_json":{"title":"Fj\u00e4rrnyckel - passar till Fiat 500 | Brava | Punto | Panda - Keys for auto% %%sidnamn","robots":{"index":"index","follow":"follow","max-snippet":"max-snippet:-1","max-image-preview":"max-image-preview:large","max-video-preview":"max-video-preview:-1"},"canonical":"https:\/\/keys-for-auto.eu\/sv\/product\/fjarrstyrd-nyckel-lamplig-for-fiat-500-brava-punto-panda\/","og_locale":"sv_SE","og_type":"article","og_title":"Fj\u00e4rrnyckel - passar till Fiat 500 | Brava | Punto | Panda - Keys for auto% %%sidnamn","og_description":"F\u00f6r Fiat-bilar, - fj\u00e4rrstyrningsnyckel, l\u00e4mplig f\u00f6r: 500 (2007 - ) Doblo (2010 - ) Florino (2007 - ) Grande Punto (2006 - 2010) Punto Evo (2010 - 2012) Punto (2012 - ) Qubo (2008 - ) Tillverkning av bilnycklar  Tillverkning av nya bilnycklar, programmering av nycklar (\"bindning\" till bilen)  Radera tidigare f\u00f6rlorade nycklar fr\u00e5n bilens minne  Tillverkning av t\u00e4ndningsnyckeln enligt l\u00e5set  Reparation av bilnycklar (byte av knappar, skal, mekanismer)  Uppl\u00e5sning av bil i n\u00f6dsituationer  Byte av nycklar, nyckelfodral  Avst\u00e4ngning av DPF- och FAP-programvaran  Programbaserat avl\u00e4gsnande av EGR  Avaktivering av startsp\u00e4rrprogramvaran (immo Off)  Reparation, kloning och programmering av motorstyrenhet (ECU)  SRS (Programmering av styrenhet f\u00f6r krockkuddar)  artiklar skickas inom 3 arbetsdagar.*","og_url":"https:\/\/keys-for-auto.eu\/sv\/product\/fjarrstyrd-nyckel-lamplig-for-fiat-500-brava-punto-panda\/","og_site_name":"Keys for auto","article_publisher":"https:\/\/www.facebook.com\/KeysForAutoEU","article_modified_time":"2023-02-20T17:31:53+00:00","og_image":[{"width":500,"height":499,"url":"https:\/\/keys-for-auto.eu\/wp-content\/uploads\/2022\/12\/f543fe7b0c.jpg.640x640-removebg-preview.png","type":"image\/png"}],"twitter_card":"summary_large_image","twitter_misc":{"Ber\u00e4knad l\u00e4stid":"2 minuter"},"schema":{"@context":"https:\/\/schema.org","@graph":[{"@type":["WebPage","ItemPage"],"@id":"https:\/\/keys-for-auto.eu\/sv\/product\/fjarrstyrd-nyckel-lamplig-for-fiat-500-brava-punto-panda\/","url":"https:\/\/keys-for-auto.eu\/sv\/product\/fjarrstyrd-nyckel-lamplig-for-fiat-500-brava-punto-panda\/","name":"Fj\u00e4rrnyckel - passar till Fiat 500 | Brava | Punto | Panda - Keys for auto% %%sidnamn","isPartOf":{"@id":"https:\/\/keys-for-auto.eu\/sv\/#website"},"primaryImageOfPage":{"@id":"https:\/\/keys-for-auto.eu\/sv\/product\/fjarrstyrd-nyckel-lamplig-for-fiat-500-brava-punto-panda\/#primaryimage"},"image":{"@id":"https:\/\/keys-for-auto.eu\/sv\/product\/fjarrstyrd-nyckel-lamplig-for-fiat-500-brava-punto-panda\/#primaryimage"},"thumbnailUrl":"https:\/\/keys-for-auto.eu\/wp-content\/uploads\/2022\/12\/f543fe7b0c.jpg.640x640-removebg-preview.png","datePublished":"2016-04-02T19:15:24+00:00","dateModified":"2023-02-20T17:31:53+00:00","breadcrumb":{"@id":"https:\/\/keys-for-auto.eu\/sv\/product\/fjarrstyrd-nyckel-lamplig-for-fiat-500-brava-punto-panda\/#breadcrumb"},"inLanguage":"sv-SE","potentialAction":[{"@type":"ReadAction","target":["https:\/\/keys-for-auto.eu\/sv\/product\/fjarrstyrd-nyckel-lamplig-for-fiat-500-brava-punto-panda\/"]}]},{"@type":"ImageObject","inLanguage":"sv-SE","@id":"https:\/\/keys-for-auto.eu\/sv\/product\/fjarrstyrd-nyckel-lamplig-for-fiat-500-brava-punto-panda\/#primaryimage","url":"https:\/\/keys-for-auto.eu\/wp-content\/uploads\/2022\/12\/f543fe7b0c.jpg.640x640-removebg-preview.png","contentUrl":"https:\/\/keys-for-auto.eu\/wp-content\/uploads\/2022\/12\/f543fe7b0c.jpg.640x640-removebg-preview.png","width":500,"height":499},{"@type":"BreadcrumbList","@id":"https:\/\/keys-for-auto.eu\/sv\/product\/fjarrstyrd-nyckel-lamplig-for-fiat-500-brava-punto-panda\/#breadcrumb","itemListElement":[{"@type":"ListItem","position":1,"name":"Hem","item":"https:\/\/keys-for-auto.eu\/sv\/"},{"@type":"ListItem","position":2,"name":"Shop","item":"https:\/\/keys-for-auto.eu\/"},{"@type":"ListItem","position":3,"name":"Fj\u00e4rrnyckel &#8211; passar till Fiat 500 | Brava | Punto | Panda"}]},{"@type":"WebSite","@id":"https:\/\/keys-for-auto.eu\/sv\/#website","url":"https:\/\/keys-for-auto.eu\/sv\/","name":"Keys for auto","description":"Car keys,  key shells, key programming","publisher":{"@id":"https:\/\/keys-for-auto.eu\/sv\/#organization"},"potentialAction":[{"@type":"SearchAction","target":{"@type":"EntryPoint","urlTemplate":"https:\/\/keys-for-auto.eu\/sv\/?s={search_term_string}"},"query-input":{"@type":"PropertyValueSpecification","valueRequired":true,"valueName":"search_term_string"}}],"inLanguage":"sv-SE"},{"@type":"Organization","@id":"https:\/\/keys-for-auto.eu\/sv\/#organization","name":"Nycklar f\u00f6r bil","url":"https:\/\/keys-for-auto.eu\/sv\/","logo":{"@type":"ImageObject","inLanguage":"sv-SE","@id":"https:\/\/keys-for-auto.eu\/sv\/#\/schema\/logo\/image\/","url":"https:\/\/keys-for-auto.eu\/wp-content\/uploads\/2022\/11\/cropped-png1.png","contentUrl":"https:\/\/keys-for-auto.eu\/wp-content\/uploads\/2022\/11\/cropped-png1.png","width":1000,"height":342,"caption":"Nycklar f\u00f6r bil"},"image":{"@id":"https:\/\/keys-for-auto.eu\/sv\/#\/schema\/logo\/image\/"},"sameAs":["https:\/\/www.facebook.com\/KeysForAutoEU"]}]}},"_links":{"self":[{"href":"https:\/\/keys-for-auto.eu\/sv\/wp-json\/wp\/v2\/product\/22118","targetHints":{"allow":["GET"]}}],"collection":[{"href":"https:\/\/keys-for-auto.eu\/sv\/wp-json\/wp\/v2\/product"}],"about":[{"href":"https:\/\/keys-for-auto.eu\/sv\/wp-json\/wp\/v2\/types\/product"}],"replies":[{"embeddable":true,"href":"https:\/\/keys-for-auto.eu\/sv\/wp-json\/wp\/v2\/comments?post=22118"}],"wp:featuredmedia":[{"embeddable":true,"href":"https:\/\/keys-for-auto.eu\/sv\/wp-json\/wp\/v2\/media\/20758"}],"wp:attachment":[{"href":"https:\/\/keys-for-auto.eu\/sv\/wp-json\/wp\/v2\/media?parent=22118"}],"wp:term":[{"taxonomy":"product_brand","embeddable":true,"href":"https:\/\/keys-for-auto.eu\/sv\/wp-json\/wp\/v2\/product_brand?post=22118"},{"taxonomy":"product_cat","embeddable":true,"href":"https:\/\/keys-for-auto.eu\/sv\/wp-json\/wp\/v2\/product_cat?post=22118"},{"taxonomy":"product_tag","embeddable":true,"href":"https:\/\/keys-for-auto.eu\/sv\/wp-json\/wp\/v2\/product_tag?post=22118"}],"curies":[{"name":"wp","href":"https:\/\/api.w.org\/{rel}","templated":true}]}}