{"id":22103,"date":"2016-04-02T19:13:24","date_gmt":"2016-04-02T19:13:24","guid":{"rendered":"https:\/\/keys-for-auto.eu\/product\/fjarrnyckel-passar-till-citroen-ds3-ds4-ds5\/"},"modified":"2023-02-20T17:31:57","modified_gmt":"2023-02-20T17:31:57","slug":"fjarrstyrd-nyckel-som-passar-for-citroen-ds3-ds4-ds5","status":"publish","type":"product","link":"https:\/\/keys-for-auto.eu\/sv\/product\/fjarrstyrd-nyckel-som-passar-for-citroen-ds3-ds4-ds5\/","title":{"rendered":"Fj\u00e4rrnyckel &#8211; passar till Citroen DS3 | DS4 | DS5"},"content":{"rendered":"<h2>Vi presenterar fj\u00e4rrkontrollnyckeln f\u00f6r Citroen DS3, DS4, DS5, l\u00e4mplig f\u00f6r bilar i DS-serien.<\/h2>\n<p>Om du inte bara \u00e4r intresserad av att k\u00f6pa nycklar till din Citro\u00ebn, utan ocks\u00e5 av att programmera dem, \u00e4r vi f\u00f6retaget<img loading=\"lazy\" decoding=\"async\" class=\"alignright\" src=\"http:\/\/raktai-automobiliams.lt\/wp-content\/uploads\/2016\/04\/logoimage_85.png\" alt=\"Citroen\" width=\"203\" height=\"247\"> som tillhandah\u00e5ller denna tj\u00e4nst snabbt, kvalitativt och prisv\u00e4rt. Allt fler kunder v\u00e4nder sig till oss f\u00f6r nyckelprogrammering. Detta bevisar v\u00e5r tillf\u00f6rlitlighet och professionalism inom produktion och programmering av nycklar. Vi programmerar nycklar inte bara f\u00f6r Citroen, utan \u00e4ven f\u00f6r alla andra bilm\u00e4rken.<\/p>\n<p>&nbsp;<\/p>\n<h2>Programmering av nycklar f\u00f6r Citroen<\/h2>\n<p>Om du vill h\u00e5lla din bil s\u00e4ker kan du best\u00e4lla nyckelprogrammering och nyckeltillverkning nu, f\u00f6r nyckeltillverkning har aldrig varit s\u00e5 bekv\u00e4mt och snabbt! Vi garanterar kvaliteten p\u00e5 v\u00e5rt arbete, och d\u00e4rf\u00f6r ger vi en skriftlig garanti f\u00f6r varje tj\u00e4nst.<\/p>\n<p>Bilnycklar \u00e4r v\u00e5r passion, som driver oss fram\u00e5t och hj\u00e4lper oss att m\u00f6ta nya utmaningar, att forts\u00e4tta att uppdatera den teknik vi arbetar med i kvalitetens namn och att ha en ansvarsfull och omt\u00e4nksam attityd gentemot varje kund och deras bil. Det \u00e4r trots allt inte f\u00f6r inte som det s\u00e4gs att b\u00f6rjan \u00e4r den viktigaste delen av varje resa. Vi s\u00e4ger att det \u00e4r viktigt att varje resa b\u00f6rjar smidigt och slutar s\u00e4kert. Och en smidig start inneb\u00e4r att bilen l\u00e5ses upp och startas. Ett s\u00e4kert slut \u00e4r att l\u00e5sa bilen utan r\u00e4dsla f\u00f6r att den inte \u00e4r tillr\u00e4ckligt skyddad. Det \u00e4r d\u00e5 du v\u00e4nder dig till oss &#8211; bilnyckelproffsen!<\/p>\n","protected":false},"excerpt":{"rendered":"<p><em><strong>Nyckel som passar f\u00f6r Citroen-bilar, &#8211; nyckel med fj\u00e4rrkontroll som passar f\u00f6r bilar i DS-serien.<\/strong><\/em><\/p>\n<h3><strong>Tillverkning av bilnycklar<\/strong><\/h3>\n<ul>\n<li><strong>Tillverkning av nya bilnycklar, programmering av nycklar (&#8221;bindning&#8221; till bilen)<\/strong><\/li>\n<li><strong>Radera tidigare f\u00f6rlorade nycklar fr\u00e5n bilens minne<\/strong><\/li>\n<li><strong>Tillverkning av t\u00e4ndningsnyckeln enligt l\u00e5set<\/strong><\/li>\n<li><strong>Reparation av bilnycklar (byte av knappar, skal, mekanismer)<\/strong><\/li>\n<li><strong>Uppl\u00e5sning av bil i n\u00f6dsituationer<\/strong><\/li>\n<li><strong>Byte av nycklar, nyckelfodral<\/strong><\/li>\n<li><strong>Avst\u00e4ngning av DPF- och FAP-programvaran<\/strong><\/li>\n<li><strong>Programbaserat avl\u00e4gsnande av EGR<\/strong><\/li>\n<li><strong>Avaktivering av startsp\u00e4rrprogramvaran (immo Off)<\/strong><\/li>\n<li><strong>Reparation, kloning och programmering av motorstyrenhet (ECU)<\/strong><\/li>\n<li><strong>SRS (Programmering av styrenhet f\u00f6r krockkuddar)<\/strong><\/li>\n<\/ul>\n<h4><strong>artiklar skickas inom 3 arbetsdagar.*<\/strong><\/h4>\n<p>&nbsp;<\/p>\n<p>&nbsp;<\/p>\n","protected":false},"featured_media":20672,"comment_status":"open","ping_status":"closed","template":"","meta":[],"product_brand":[],"product_cat":[4330,4528],"product_tag":[5304,5314,5322,5260],"class_list":{"0":"post-22103","1":"product","2":"type-product","3":"status-publish","4":"has-post-thumbnail","6":"product_cat-citroen-sv","7":"product_cat-nycklar-for-fjarrkontroll","8":"product_tag-citroen-ds3-nyckel","9":"product_tag-citroen-ds4-nyckel","10":"product_tag-citroen-ds5-nyckel","11":"product_tag-citroen-nyckel","13":"first","14":"instock","15":"shipping-taxable","16":"purchasable","17":"product-type-simple"},"yoast_head":"<!-- This site is optimized with the Yoast SEO plugin v27.6 - https:\/\/yoast.com\/product\/yoast-seo-wordpress\/ -->\n<title>Fj\u00e4rrnyckel - passar till Citroen DS3 | DS4 | DS5 - Keys for auto% %%sidnamn<\/title>\n<meta name=\"robots\" content=\"index, follow, max-snippet:-1, max-image-preview:large, max-video-preview:-1\" \/>\n<link rel=\"canonical\" href=\"https:\/\/keys-for-auto.eu\/sv\/product\/fjarrstyrd-nyckel-som-passar-for-citroen-ds3-ds4-ds5\/\" \/>\n<meta property=\"og:locale\" content=\"sv_SE\" \/>\n<meta property=\"og:type\" content=\"article\" \/>\n<meta property=\"og:title\" content=\"Fj\u00e4rrnyckel - passar till Citroen DS3 | DS4 | DS5 - Keys for auto% %%sidnamn\" \/>\n<meta property=\"og:description\" content=\"Nyckel som passar f\u00f6r Citroen-bilar, - nyckel med fj\u00e4rrkontroll som passar f\u00f6r bilar i DS-serien. Tillverkning av bilnycklar  Tillverkning av nya bilnycklar, programmering av nycklar (&quot;bindning&quot; till bilen)  Radera tidigare f\u00f6rlorade nycklar fr\u00e5n bilens minne  Tillverkning av t\u00e4ndningsnyckeln enligt l\u00e5set  Reparation av bilnycklar (byte av knappar, skal, mekanismer)  Uppl\u00e5sning av bil i n\u00f6dsituationer  Byte av nycklar, nyckelfodral  Avst\u00e4ngning av DPF- och FAP-programvaran  Programbaserat avl\u00e4gsnande av EGR  Avaktivering av startsp\u00e4rrprogramvaran (immo Off)  Reparation, kloning och programmering av motorstyrenhet (ECU)  SRS (Programmering av styrenhet f\u00f6r krockkuddar) artiklar skickas inom 3 arbetsdagar.* &nbsp; &nbsp;\" \/>\n<meta property=\"og:url\" content=\"https:\/\/keys-for-auto.eu\/sv\/product\/fjarrstyrd-nyckel-som-passar-for-citroen-ds3-ds4-ds5\/\" \/>\n<meta property=\"og:site_name\" content=\"Keys for auto\" \/>\n<meta property=\"article:publisher\" content=\"https:\/\/www.facebook.com\/KeysForAutoEU\" \/>\n<meta property=\"article:modified_time\" content=\"2023-02-20T17:31:57+00:00\" \/>\n<meta property=\"og:image\" content=\"https:\/\/keys-for-auto.eu\/wp-content\/uploads\/2022\/12\/Citroen-naujas-raktas-500x5001-removebg-preview-wpp1669044449743.png\" \/>\n\t<meta property=\"og:image:width\" content=\"500\" \/>\n\t<meta property=\"og:image:height\" content=\"500\" \/>\n\t<meta property=\"og:image:type\" content=\"image\/png\" \/>\n<meta name=\"twitter:card\" content=\"summary_large_image\" \/>\n<meta name=\"twitter:label1\" content=\"Ber\u00e4knad l\u00e4stid\" \/>\n\t<meta name=\"twitter:data1\" content=\"1 minut\" \/>\n<script type=\"application\/ld+json\" class=\"yoast-schema-graph\">{\"@context\":\"https:\\\/\\\/schema.org\",\"@graph\":[{\"@type\":[\"WebPage\",\"ItemPage\"],\"@id\":\"https:\\\/\\\/keys-for-auto.eu\\\/sv\\\/product\\\/fjarrstyrd-nyckel-som-passar-for-citroen-ds3-ds4-ds5\\\/\",\"url\":\"https:\\\/\\\/keys-for-auto.eu\\\/sv\\\/product\\\/fjarrstyrd-nyckel-som-passar-for-citroen-ds3-ds4-ds5\\\/\",\"name\":\"Fj\u00e4rrnyckel - passar till Citroen DS3 | DS4 | DS5 - Keys for auto% %%sidnamn\",\"isPartOf\":{\"@id\":\"https:\\\/\\\/keys-for-auto.eu\\\/sv\\\/#website\"},\"primaryImageOfPage\":{\"@id\":\"https:\\\/\\\/keys-for-auto.eu\\\/sv\\\/product\\\/fjarrstyrd-nyckel-som-passar-for-citroen-ds3-ds4-ds5\\\/#primaryimage\"},\"image\":{\"@id\":\"https:\\\/\\\/keys-for-auto.eu\\\/sv\\\/product\\\/fjarrstyrd-nyckel-som-passar-for-citroen-ds3-ds4-ds5\\\/#primaryimage\"},\"thumbnailUrl\":\"https:\\\/\\\/keys-for-auto.eu\\\/wp-content\\\/uploads\\\/2022\\\/12\\\/Citroen-naujas-raktas-500x5001-removebg-preview-wpp1669044449743.png\",\"datePublished\":\"2016-04-02T19:13:24+00:00\",\"dateModified\":\"2023-02-20T17:31:57+00:00\",\"breadcrumb\":{\"@id\":\"https:\\\/\\\/keys-for-auto.eu\\\/sv\\\/product\\\/fjarrstyrd-nyckel-som-passar-for-citroen-ds3-ds4-ds5\\\/#breadcrumb\"},\"inLanguage\":\"sv-SE\",\"potentialAction\":[{\"@type\":\"ReadAction\",\"target\":[\"https:\\\/\\\/keys-for-auto.eu\\\/sv\\\/product\\\/fjarrstyrd-nyckel-som-passar-for-citroen-ds3-ds4-ds5\\\/\"]}]},{\"@type\":\"ImageObject\",\"inLanguage\":\"sv-SE\",\"@id\":\"https:\\\/\\\/keys-for-auto.eu\\\/sv\\\/product\\\/fjarrstyrd-nyckel-som-passar-for-citroen-ds3-ds4-ds5\\\/#primaryimage\",\"url\":\"https:\\\/\\\/keys-for-auto.eu\\\/wp-content\\\/uploads\\\/2022\\\/12\\\/Citroen-naujas-raktas-500x5001-removebg-preview-wpp1669044449743.png\",\"contentUrl\":\"https:\\\/\\\/keys-for-auto.eu\\\/wp-content\\\/uploads\\\/2022\\\/12\\\/Citroen-naujas-raktas-500x5001-removebg-preview-wpp1669044449743.png\",\"width\":500,\"height\":500},{\"@type\":\"BreadcrumbList\",\"@id\":\"https:\\\/\\\/keys-for-auto.eu\\\/sv\\\/product\\\/fjarrstyrd-nyckel-som-passar-for-citroen-ds3-ds4-ds5\\\/#breadcrumb\",\"itemListElement\":[{\"@type\":\"ListItem\",\"position\":1,\"name\":\"Hem\",\"item\":\"https:\\\/\\\/keys-for-auto.eu\\\/sv\\\/\"},{\"@type\":\"ListItem\",\"position\":2,\"name\":\"Shop\",\"item\":\"https:\\\/\\\/keys-for-auto.eu\\\/\"},{\"@type\":\"ListItem\",\"position\":3,\"name\":\"Fj\u00e4rrnyckel &#8211; passar till Citroen DS3 | DS4 | DS5\"}]},{\"@type\":\"WebSite\",\"@id\":\"https:\\\/\\\/keys-for-auto.eu\\\/sv\\\/#website\",\"url\":\"https:\\\/\\\/keys-for-auto.eu\\\/sv\\\/\",\"name\":\"Keys for auto\",\"description\":\"Car keys,  key shells, key programming\",\"publisher\":{\"@id\":\"https:\\\/\\\/keys-for-auto.eu\\\/sv\\\/#organization\"},\"potentialAction\":[{\"@type\":\"SearchAction\",\"target\":{\"@type\":\"EntryPoint\",\"urlTemplate\":\"https:\\\/\\\/keys-for-auto.eu\\\/sv\\\/?s={search_term_string}\"},\"query-input\":{\"@type\":\"PropertyValueSpecification\",\"valueRequired\":true,\"valueName\":\"search_term_string\"}}],\"inLanguage\":\"sv-SE\"},{\"@type\":\"Organization\",\"@id\":\"https:\\\/\\\/keys-for-auto.eu\\\/sv\\\/#organization\",\"name\":\"Nycklar f\u00f6r bil\",\"url\":\"https:\\\/\\\/keys-for-auto.eu\\\/sv\\\/\",\"logo\":{\"@type\":\"ImageObject\",\"inLanguage\":\"sv-SE\",\"@id\":\"https:\\\/\\\/keys-for-auto.eu\\\/sv\\\/#\\\/schema\\\/logo\\\/image\\\/\",\"url\":\"https:\\\/\\\/keys-for-auto.eu\\\/wp-content\\\/uploads\\\/2022\\\/11\\\/cropped-png1.png\",\"contentUrl\":\"https:\\\/\\\/keys-for-auto.eu\\\/wp-content\\\/uploads\\\/2022\\\/11\\\/cropped-png1.png\",\"width\":1000,\"height\":342,\"caption\":\"Nycklar f\u00f6r bil\"},\"image\":{\"@id\":\"https:\\\/\\\/keys-for-auto.eu\\\/sv\\\/#\\\/schema\\\/logo\\\/image\\\/\"},\"sameAs\":[\"https:\\\/\\\/www.facebook.com\\\/KeysForAutoEU\"]}]}<\/script>\n<!-- \/ Yoast SEO plugin. -->","yoast_head_json":{"title":"Fj\u00e4rrnyckel - passar till Citroen DS3 | DS4 | DS5 - Keys for auto% %%sidnamn","robots":{"index":"index","follow":"follow","max-snippet":"max-snippet:-1","max-image-preview":"max-image-preview:large","max-video-preview":"max-video-preview:-1"},"canonical":"https:\/\/keys-for-auto.eu\/sv\/product\/fjarrstyrd-nyckel-som-passar-for-citroen-ds3-ds4-ds5\/","og_locale":"sv_SE","og_type":"article","og_title":"Fj\u00e4rrnyckel - passar till Citroen DS3 | DS4 | DS5 - Keys for auto% %%sidnamn","og_description":"Nyckel som passar f\u00f6r Citroen-bilar, - nyckel med fj\u00e4rrkontroll som passar f\u00f6r bilar i DS-serien. Tillverkning av bilnycklar  Tillverkning av nya bilnycklar, programmering av nycklar (\"bindning\" till bilen)  Radera tidigare f\u00f6rlorade nycklar fr\u00e5n bilens minne  Tillverkning av t\u00e4ndningsnyckeln enligt l\u00e5set  Reparation av bilnycklar (byte av knappar, skal, mekanismer)  Uppl\u00e5sning av bil i n\u00f6dsituationer  Byte av nycklar, nyckelfodral  Avst\u00e4ngning av DPF- och FAP-programvaran  Programbaserat avl\u00e4gsnande av EGR  Avaktivering av startsp\u00e4rrprogramvaran (immo Off)  Reparation, kloning och programmering av motorstyrenhet (ECU)  SRS (Programmering av styrenhet f\u00f6r krockkuddar) artiklar skickas inom 3 arbetsdagar.* &nbsp; &nbsp;","og_url":"https:\/\/keys-for-auto.eu\/sv\/product\/fjarrstyrd-nyckel-som-passar-for-citroen-ds3-ds4-ds5\/","og_site_name":"Keys for auto","article_publisher":"https:\/\/www.facebook.com\/KeysForAutoEU","article_modified_time":"2023-02-20T17:31:57+00:00","og_image":[{"width":500,"height":500,"url":"https:\/\/keys-for-auto.eu\/wp-content\/uploads\/2022\/12\/Citroen-naujas-raktas-500x5001-removebg-preview-wpp1669044449743.png","type":"image\/png"}],"twitter_card":"summary_large_image","twitter_misc":{"Ber\u00e4knad l\u00e4stid":"1 minut"},"schema":{"@context":"https:\/\/schema.org","@graph":[{"@type":["WebPage","ItemPage"],"@id":"https:\/\/keys-for-auto.eu\/sv\/product\/fjarrstyrd-nyckel-som-passar-for-citroen-ds3-ds4-ds5\/","url":"https:\/\/keys-for-auto.eu\/sv\/product\/fjarrstyrd-nyckel-som-passar-for-citroen-ds3-ds4-ds5\/","name":"Fj\u00e4rrnyckel - passar till Citroen DS3 | DS4 | DS5 - Keys for auto% %%sidnamn","isPartOf":{"@id":"https:\/\/keys-for-auto.eu\/sv\/#website"},"primaryImageOfPage":{"@id":"https:\/\/keys-for-auto.eu\/sv\/product\/fjarrstyrd-nyckel-som-passar-for-citroen-ds3-ds4-ds5\/#primaryimage"},"image":{"@id":"https:\/\/keys-for-auto.eu\/sv\/product\/fjarrstyrd-nyckel-som-passar-for-citroen-ds3-ds4-ds5\/#primaryimage"},"thumbnailUrl":"https:\/\/keys-for-auto.eu\/wp-content\/uploads\/2022\/12\/Citroen-naujas-raktas-500x5001-removebg-preview-wpp1669044449743.png","datePublished":"2016-04-02T19:13:24+00:00","dateModified":"2023-02-20T17:31:57+00:00","breadcrumb":{"@id":"https:\/\/keys-for-auto.eu\/sv\/product\/fjarrstyrd-nyckel-som-passar-for-citroen-ds3-ds4-ds5\/#breadcrumb"},"inLanguage":"sv-SE","potentialAction":[{"@type":"ReadAction","target":["https:\/\/keys-for-auto.eu\/sv\/product\/fjarrstyrd-nyckel-som-passar-for-citroen-ds3-ds4-ds5\/"]}]},{"@type":"ImageObject","inLanguage":"sv-SE","@id":"https:\/\/keys-for-auto.eu\/sv\/product\/fjarrstyrd-nyckel-som-passar-for-citroen-ds3-ds4-ds5\/#primaryimage","url":"https:\/\/keys-for-auto.eu\/wp-content\/uploads\/2022\/12\/Citroen-naujas-raktas-500x5001-removebg-preview-wpp1669044449743.png","contentUrl":"https:\/\/keys-for-auto.eu\/wp-content\/uploads\/2022\/12\/Citroen-naujas-raktas-500x5001-removebg-preview-wpp1669044449743.png","width":500,"height":500},{"@type":"BreadcrumbList","@id":"https:\/\/keys-for-auto.eu\/sv\/product\/fjarrstyrd-nyckel-som-passar-for-citroen-ds3-ds4-ds5\/#breadcrumb","itemListElement":[{"@type":"ListItem","position":1,"name":"Hem","item":"https:\/\/keys-for-auto.eu\/sv\/"},{"@type":"ListItem","position":2,"name":"Shop","item":"https:\/\/keys-for-auto.eu\/"},{"@type":"ListItem","position":3,"name":"Fj\u00e4rrnyckel &#8211; passar till Citroen DS3 | DS4 | DS5"}]},{"@type":"WebSite","@id":"https:\/\/keys-for-auto.eu\/sv\/#website","url":"https:\/\/keys-for-auto.eu\/sv\/","name":"Keys for auto","description":"Car keys,  key shells, key programming","publisher":{"@id":"https:\/\/keys-for-auto.eu\/sv\/#organization"},"potentialAction":[{"@type":"SearchAction","target":{"@type":"EntryPoint","urlTemplate":"https:\/\/keys-for-auto.eu\/sv\/?s={search_term_string}"},"query-input":{"@type":"PropertyValueSpecification","valueRequired":true,"valueName":"search_term_string"}}],"inLanguage":"sv-SE"},{"@type":"Organization","@id":"https:\/\/keys-for-auto.eu\/sv\/#organization","name":"Nycklar f\u00f6r bil","url":"https:\/\/keys-for-auto.eu\/sv\/","logo":{"@type":"ImageObject","inLanguage":"sv-SE","@id":"https:\/\/keys-for-auto.eu\/sv\/#\/schema\/logo\/image\/","url":"https:\/\/keys-for-auto.eu\/wp-content\/uploads\/2022\/11\/cropped-png1.png","contentUrl":"https:\/\/keys-for-auto.eu\/wp-content\/uploads\/2022\/11\/cropped-png1.png","width":1000,"height":342,"caption":"Nycklar f\u00f6r bil"},"image":{"@id":"https:\/\/keys-for-auto.eu\/sv\/#\/schema\/logo\/image\/"},"sameAs":["https:\/\/www.facebook.com\/KeysForAutoEU"]}]}},"_links":{"self":[{"href":"https:\/\/keys-for-auto.eu\/sv\/wp-json\/wp\/v2\/product\/22103","targetHints":{"allow":["GET"]}}],"collection":[{"href":"https:\/\/keys-for-auto.eu\/sv\/wp-json\/wp\/v2\/product"}],"about":[{"href":"https:\/\/keys-for-auto.eu\/sv\/wp-json\/wp\/v2\/types\/product"}],"replies":[{"embeddable":true,"href":"https:\/\/keys-for-auto.eu\/sv\/wp-json\/wp\/v2\/comments?post=22103"}],"wp:featuredmedia":[{"embeddable":true,"href":"https:\/\/keys-for-auto.eu\/sv\/wp-json\/wp\/v2\/media\/20672"}],"wp:attachment":[{"href":"https:\/\/keys-for-auto.eu\/sv\/wp-json\/wp\/v2\/media?parent=22103"}],"wp:term":[{"taxonomy":"product_brand","embeddable":true,"href":"https:\/\/keys-for-auto.eu\/sv\/wp-json\/wp\/v2\/product_brand?post=22103"},{"taxonomy":"product_cat","embeddable":true,"href":"https:\/\/keys-for-auto.eu\/sv\/wp-json\/wp\/v2\/product_cat?post=22103"},{"taxonomy":"product_tag","embeddable":true,"href":"https:\/\/keys-for-auto.eu\/sv\/wp-json\/wp\/v2\/product_tag?post=22103"}],"curies":[{"name":"wp","href":"https:\/\/api.w.org\/{rel}","templated":true}]}}