{"id":22100,"date":"2016-04-02T19:09:50","date_gmt":"2016-04-02T19:09:50","guid":{"rendered":"https:\/\/keys-for-auto.eu\/product\/fjarrkontrollnyckel-lamplig-for-chrysler-bilar\/"},"modified":"2023-02-20T17:27:51","modified_gmt":"2023-02-20T17:27:51","slug":"fjarrstyrd-nyckel-som-lampar-sig-for-chrysler-bilar","status":"publish","type":"product","link":"https:\/\/keys-for-auto.eu\/sv\/product\/fjarrstyrd-nyckel-som-lampar-sig-for-chrysler-bilar\/","title":{"rendered":"Fj\u00e4rrkontrollnyckel &#8211; l\u00e4mplig f\u00f6r Chrysler-bilar"},"content":{"rendered":"<p>Fj\u00e4rrkontrollnyckel &#8211; l\u00e4mplig f\u00f6r Chrysler Town, Country<\/p>\n<p>Vi presenterar fj\u00e4rrkontrollnyckeln som passar f\u00f6r Chrysler Town, Country.<\/p>\n<p>Fj\u00e4rrnycklar \u00e4r inte bara ett praktiskt verktyg f\u00f6r att styra din bil, utan ocks\u00e5 en viktig del som startar och avslutar din resa. D\u00e4rf\u00f6r ser vi till att du inte bara har fj\u00e4rrnycklar av h\u00f6g kvalitet eller kan byta ut ett trasigt nyckelh\u00f6lje, utan vi programmerar ocks\u00e5 dina nycklar. Denna tj\u00e4nst \u00e4r oerh\u00f6rt viktig och ansvarsfull. Vi l\u00e4gger stor vikt vid kvaliteten p\u00e5 v\u00e5rt arbete. D\u00e4rf\u00f6r garanterar vi v\u00e5ra tj\u00e4nster och varor som vi s\u00e4ljer.<\/p>\n<p>Det har sagts att &#8221;det finns inget st\u00f6rre n\u00f6je i en resa \u00e4n b\u00f6rjan&#8221;. Och vad mer \u00e4n korrekt programmerade nycklar, korrekt valda fj\u00e4rrkontrollnycklar och snygga bilnyckelfodral kan garantera att varje resa du g\u00f6r f\u00e5r en bra och framg\u00e5ngsrik start? L\u00e4mna d\u00e4rf\u00f6r dessa tj\u00e4nster till oss, ett f\u00f6retag f\u00f6r vilket programmering av bilnycklar \u00e4r mer \u00e4n bara en aff\u00e4rsverksamhet &#8211; det \u00e4r en filosofi som s\u00e4ger att allt handlar om en n\u00f6jd kund och en s\u00e4ker och trygg bil.<\/p>\n<p>Nyckeltillverkning \u00e4r v\u00e5r specialitet. Vi str\u00e4var efter att st\u00e4ndigt f\u00f6rb\u00e4ttra oss p\u00e5 detta omr\u00e5de och h\u00e5lla j\u00e4mna steg med tekniska innovationer. D\u00e4rf\u00f6r l\u00e4gger vi stor vikt vid att f\u00f6rb\u00e4ttra v\u00e5ra anst\u00e4lldas kvalifikationer och utrusta v\u00e5rt f\u00f6retag med den senaste viktiga tillverkningstekniken. Detta garanterar att varje f\u00f6rare som kommer till oss kan k\u00f6pa modern och professionell teknik f\u00f6r att starta och s\u00e4kra sin bil och f\u00e5 professionell programmering av bilnycklar. Bilnycklar fr\u00e5n och med nu fr\u00e5n en p\u00e5litlig k\u00e4lla!<\/p>\n","protected":false},"excerpt":{"rendered":"<p><strong><em>F\u00f6r Chrysler, &#8211; l\u00e4mplig nyckel med fj\u00e4rrkontroll, ange nummer vid best\u00e4llning.<\/em><\/strong><\/p>\n<h3><strong>Tillverkning av bilnycklar<\/strong><\/h3>\n<ul>\n<li><strong>Tillverkning av nya bilnycklar, programmering av nycklar (&#8221;bindning&#8221; till bilen)<\/strong><\/li>\n<li><strong>Radera tidigare f\u00f6rlorade nycklar fr\u00e5n bilens minne<\/strong><\/li>\n<li><strong>Tillverkning av t\u00e4ndningsnyckeln enligt l\u00e5set<\/strong><\/li>\n<li><strong>Reparation av bilnycklar (byte av knappar, skal, mekanismer)<\/strong><\/li>\n<li><strong>Uppl\u00e5sning av bil i n\u00f6dsituationer<\/strong><\/li>\n<li><strong>Byte av nycklar, nyckelfodral<\/strong><\/li>\n<li><strong>Avst\u00e4ngning av DPF- och FAP-programvaran<\/strong><\/li>\n<li><strong>Programbaserat avl\u00e4gsnande av EGR<\/strong><\/li>\n<li><strong>Avaktivering av startsp\u00e4rrprogramvaran (immo Off)<\/strong><\/li>\n<li><strong>Reparation, kloning och programmering av motorstyrenhet (ECU)<\/strong><\/li>\n<li><strong>SRS (Programmering av styrenhet f\u00f6r krockkuddar)<\/strong><\/li>\n<\/ul>\n<h4><strong>artiklar skickas inom 3 arbetsdagar.*<\/strong><\/h4>\n<p>&nbsp;<\/p>\n<p>&nbsp;<\/p>\n<p>&nbsp;<\/p>\n","protected":false},"featured_media":20666,"comment_status":"open","ping_status":"closed","template":"","meta":[],"product_brand":[],"product_cat":[4332,4528],"product_tag":[5301,5311],"class_list":{"0":"post-22100","1":"product","2":"type-product","3":"status-publish","4":"has-post-thumbnail","6":"product_cat-chrysler-sv","7":"product_cat-nycklar-for-fjarrkontroll","8":"product_tag-chrysler-nyckel","9":"product_tag-chrysler-town-country-nyckel","11":"first","12":"instock","13":"shipping-taxable","14":"purchasable","15":"product-type-simple"},"yoast_head":"<!-- This site is optimized with the Yoast SEO plugin v27.6 - https:\/\/yoast.com\/product\/yoast-seo-wordpress\/ -->\n<title>Fj\u00e4rrkontrollnyckel - l\u00e4mplig f\u00f6r Chrysler-bilar - Keys for auto% %%sidnamn<\/title>\n<meta name=\"robots\" content=\"index, follow, max-snippet:-1, max-image-preview:large, max-video-preview:-1\" \/>\n<link rel=\"canonical\" href=\"https:\/\/keys-for-auto.eu\/sv\/product\/fjarrstyrd-nyckel-som-lampar-sig-for-chrysler-bilar\/\" \/>\n<meta property=\"og:locale\" content=\"sv_SE\" \/>\n<meta property=\"og:type\" content=\"article\" \/>\n<meta property=\"og:title\" content=\"Fj\u00e4rrkontrollnyckel - l\u00e4mplig f\u00f6r Chrysler-bilar - Keys for auto% %%sidnamn\" \/>\n<meta property=\"og:description\" content=\"F\u00f6r Chrysler, - l\u00e4mplig nyckel med fj\u00e4rrkontroll, ange nummer vid best\u00e4llning. Tillverkning av bilnycklar  Tillverkning av nya bilnycklar, programmering av nycklar (&quot;bindning&quot; till bilen)  Radera tidigare f\u00f6rlorade nycklar fr\u00e5n bilens minne  Tillverkning av t\u00e4ndningsnyckeln enligt l\u00e5set  Reparation av bilnycklar (byte av knappar, skal, mekanismer)  Uppl\u00e5sning av bil i n\u00f6dsituationer  Byte av nycklar, nyckelfodral  Avst\u00e4ngning av DPF- och FAP-programvaran  Programbaserat avl\u00e4gsnande av EGR  Avaktivering av startsp\u00e4rrprogramvaran (immo Off)  Reparation, kloning och programmering av motorstyrenhet (ECU)  SRS (Programmering av styrenhet f\u00f6r krockkuddar) artiklar skickas inom 3 arbetsdagar.* &nbsp; &nbsp; &nbsp;\" \/>\n<meta property=\"og:url\" content=\"https:\/\/keys-for-auto.eu\/sv\/product\/fjarrstyrd-nyckel-som-lampar-sig-for-chrysler-bilar\/\" \/>\n<meta property=\"og:site_name\" content=\"Keys for auto\" \/>\n<meta property=\"article:publisher\" content=\"https:\/\/www.facebook.com\/KeysForAutoEU\" \/>\n<meta property=\"article:modified_time\" content=\"2023-02-20T17:27:51+00:00\" \/>\n<meta property=\"og:image\" content=\"https:\/\/keys-for-auto.eu\/wp-content\/uploads\/2022\/12\/Chrysler-raktai-nuotolinio-valdymo-500x5002-1.jpg\" \/>\n\t<meta property=\"og:image:width\" content=\"500\" \/>\n\t<meta property=\"og:image:height\" content=\"500\" \/>\n\t<meta property=\"og:image:type\" content=\"image\/jpeg\" \/>\n<meta name=\"twitter:card\" content=\"summary_large_image\" \/>\n<meta name=\"twitter:label1\" content=\"Ber\u00e4knad l\u00e4stid\" \/>\n\t<meta name=\"twitter:data1\" content=\"2 minuter\" \/>\n<script type=\"application\/ld+json\" class=\"yoast-schema-graph\">{\"@context\":\"https:\\\/\\\/schema.org\",\"@graph\":[{\"@type\":[\"WebPage\",\"ItemPage\"],\"@id\":\"https:\\\/\\\/keys-for-auto.eu\\\/sv\\\/product\\\/fjarrstyrd-nyckel-som-lampar-sig-for-chrysler-bilar\\\/\",\"url\":\"https:\\\/\\\/keys-for-auto.eu\\\/sv\\\/product\\\/fjarrstyrd-nyckel-som-lampar-sig-for-chrysler-bilar\\\/\",\"name\":\"Fj\u00e4rrkontrollnyckel - l\u00e4mplig f\u00f6r Chrysler-bilar - Keys for auto% %%sidnamn\",\"isPartOf\":{\"@id\":\"https:\\\/\\\/keys-for-auto.eu\\\/sv\\\/#website\"},\"primaryImageOfPage\":{\"@id\":\"https:\\\/\\\/keys-for-auto.eu\\\/sv\\\/product\\\/fjarrstyrd-nyckel-som-lampar-sig-for-chrysler-bilar\\\/#primaryimage\"},\"image\":{\"@id\":\"https:\\\/\\\/keys-for-auto.eu\\\/sv\\\/product\\\/fjarrstyrd-nyckel-som-lampar-sig-for-chrysler-bilar\\\/#primaryimage\"},\"thumbnailUrl\":\"https:\\\/\\\/keys-for-auto.eu\\\/wp-content\\\/uploads\\\/2022\\\/12\\\/Chrysler-raktai-nuotolinio-valdymo-500x5002-1.jpg\",\"datePublished\":\"2016-04-02T19:09:50+00:00\",\"dateModified\":\"2023-02-20T17:27:51+00:00\",\"breadcrumb\":{\"@id\":\"https:\\\/\\\/keys-for-auto.eu\\\/sv\\\/product\\\/fjarrstyrd-nyckel-som-lampar-sig-for-chrysler-bilar\\\/#breadcrumb\"},\"inLanguage\":\"sv-SE\",\"potentialAction\":[{\"@type\":\"ReadAction\",\"target\":[\"https:\\\/\\\/keys-for-auto.eu\\\/sv\\\/product\\\/fjarrstyrd-nyckel-som-lampar-sig-for-chrysler-bilar\\\/\"]}]},{\"@type\":\"ImageObject\",\"inLanguage\":\"sv-SE\",\"@id\":\"https:\\\/\\\/keys-for-auto.eu\\\/sv\\\/product\\\/fjarrstyrd-nyckel-som-lampar-sig-for-chrysler-bilar\\\/#primaryimage\",\"url\":\"https:\\\/\\\/keys-for-auto.eu\\\/wp-content\\\/uploads\\\/2022\\\/12\\\/Chrysler-raktai-nuotolinio-valdymo-500x5002-1.jpg\",\"contentUrl\":\"https:\\\/\\\/keys-for-auto.eu\\\/wp-content\\\/uploads\\\/2022\\\/12\\\/Chrysler-raktai-nuotolinio-valdymo-500x5002-1.jpg\",\"width\":500,\"height\":500},{\"@type\":\"BreadcrumbList\",\"@id\":\"https:\\\/\\\/keys-for-auto.eu\\\/sv\\\/product\\\/fjarrstyrd-nyckel-som-lampar-sig-for-chrysler-bilar\\\/#breadcrumb\",\"itemListElement\":[{\"@type\":\"ListItem\",\"position\":1,\"name\":\"Hem\",\"item\":\"https:\\\/\\\/keys-for-auto.eu\\\/sv\\\/\"},{\"@type\":\"ListItem\",\"position\":2,\"name\":\"Shop\",\"item\":\"https:\\\/\\\/keys-for-auto.eu\\\/\"},{\"@type\":\"ListItem\",\"position\":3,\"name\":\"Fj\u00e4rrkontrollnyckel &#8211; l\u00e4mplig f\u00f6r Chrysler-bilar\"}]},{\"@type\":\"WebSite\",\"@id\":\"https:\\\/\\\/keys-for-auto.eu\\\/sv\\\/#website\",\"url\":\"https:\\\/\\\/keys-for-auto.eu\\\/sv\\\/\",\"name\":\"Keys for auto\",\"description\":\"Car keys,  key shells, key programming\",\"publisher\":{\"@id\":\"https:\\\/\\\/keys-for-auto.eu\\\/sv\\\/#organization\"},\"potentialAction\":[{\"@type\":\"SearchAction\",\"target\":{\"@type\":\"EntryPoint\",\"urlTemplate\":\"https:\\\/\\\/keys-for-auto.eu\\\/sv\\\/?s={search_term_string}\"},\"query-input\":{\"@type\":\"PropertyValueSpecification\",\"valueRequired\":true,\"valueName\":\"search_term_string\"}}],\"inLanguage\":\"sv-SE\"},{\"@type\":\"Organization\",\"@id\":\"https:\\\/\\\/keys-for-auto.eu\\\/sv\\\/#organization\",\"name\":\"Nycklar f\u00f6r bil\",\"url\":\"https:\\\/\\\/keys-for-auto.eu\\\/sv\\\/\",\"logo\":{\"@type\":\"ImageObject\",\"inLanguage\":\"sv-SE\",\"@id\":\"https:\\\/\\\/keys-for-auto.eu\\\/sv\\\/#\\\/schema\\\/logo\\\/image\\\/\",\"url\":\"https:\\\/\\\/keys-for-auto.eu\\\/wp-content\\\/uploads\\\/2022\\\/11\\\/cropped-png1.png\",\"contentUrl\":\"https:\\\/\\\/keys-for-auto.eu\\\/wp-content\\\/uploads\\\/2022\\\/11\\\/cropped-png1.png\",\"width\":1000,\"height\":342,\"caption\":\"Nycklar f\u00f6r bil\"},\"image\":{\"@id\":\"https:\\\/\\\/keys-for-auto.eu\\\/sv\\\/#\\\/schema\\\/logo\\\/image\\\/\"},\"sameAs\":[\"https:\\\/\\\/www.facebook.com\\\/KeysForAutoEU\"]}]}<\/script>\n<!-- \/ Yoast SEO plugin. -->","yoast_head_json":{"title":"Fj\u00e4rrkontrollnyckel - l\u00e4mplig f\u00f6r Chrysler-bilar - Keys for auto% %%sidnamn","robots":{"index":"index","follow":"follow","max-snippet":"max-snippet:-1","max-image-preview":"max-image-preview:large","max-video-preview":"max-video-preview:-1"},"canonical":"https:\/\/keys-for-auto.eu\/sv\/product\/fjarrstyrd-nyckel-som-lampar-sig-for-chrysler-bilar\/","og_locale":"sv_SE","og_type":"article","og_title":"Fj\u00e4rrkontrollnyckel - l\u00e4mplig f\u00f6r Chrysler-bilar - Keys for auto% %%sidnamn","og_description":"F\u00f6r Chrysler, - l\u00e4mplig nyckel med fj\u00e4rrkontroll, ange nummer vid best\u00e4llning. Tillverkning av bilnycklar  Tillverkning av nya bilnycklar, programmering av nycklar (\"bindning\" till bilen)  Radera tidigare f\u00f6rlorade nycklar fr\u00e5n bilens minne  Tillverkning av t\u00e4ndningsnyckeln enligt l\u00e5set  Reparation av bilnycklar (byte av knappar, skal, mekanismer)  Uppl\u00e5sning av bil i n\u00f6dsituationer  Byte av nycklar, nyckelfodral  Avst\u00e4ngning av DPF- och FAP-programvaran  Programbaserat avl\u00e4gsnande av EGR  Avaktivering av startsp\u00e4rrprogramvaran (immo Off)  Reparation, kloning och programmering av motorstyrenhet (ECU)  SRS (Programmering av styrenhet f\u00f6r krockkuddar) artiklar skickas inom 3 arbetsdagar.* &nbsp; &nbsp; &nbsp;","og_url":"https:\/\/keys-for-auto.eu\/sv\/product\/fjarrstyrd-nyckel-som-lampar-sig-for-chrysler-bilar\/","og_site_name":"Keys for auto","article_publisher":"https:\/\/www.facebook.com\/KeysForAutoEU","article_modified_time":"2023-02-20T17:27:51+00:00","og_image":[{"width":500,"height":500,"url":"https:\/\/keys-for-auto.eu\/wp-content\/uploads\/2022\/12\/Chrysler-raktai-nuotolinio-valdymo-500x5002-1.jpg","type":"image\/jpeg"}],"twitter_card":"summary_large_image","twitter_misc":{"Ber\u00e4knad l\u00e4stid":"2 minuter"},"schema":{"@context":"https:\/\/schema.org","@graph":[{"@type":["WebPage","ItemPage"],"@id":"https:\/\/keys-for-auto.eu\/sv\/product\/fjarrstyrd-nyckel-som-lampar-sig-for-chrysler-bilar\/","url":"https:\/\/keys-for-auto.eu\/sv\/product\/fjarrstyrd-nyckel-som-lampar-sig-for-chrysler-bilar\/","name":"Fj\u00e4rrkontrollnyckel - l\u00e4mplig f\u00f6r Chrysler-bilar - Keys for auto% %%sidnamn","isPartOf":{"@id":"https:\/\/keys-for-auto.eu\/sv\/#website"},"primaryImageOfPage":{"@id":"https:\/\/keys-for-auto.eu\/sv\/product\/fjarrstyrd-nyckel-som-lampar-sig-for-chrysler-bilar\/#primaryimage"},"image":{"@id":"https:\/\/keys-for-auto.eu\/sv\/product\/fjarrstyrd-nyckel-som-lampar-sig-for-chrysler-bilar\/#primaryimage"},"thumbnailUrl":"https:\/\/keys-for-auto.eu\/wp-content\/uploads\/2022\/12\/Chrysler-raktai-nuotolinio-valdymo-500x5002-1.jpg","datePublished":"2016-04-02T19:09:50+00:00","dateModified":"2023-02-20T17:27:51+00:00","breadcrumb":{"@id":"https:\/\/keys-for-auto.eu\/sv\/product\/fjarrstyrd-nyckel-som-lampar-sig-for-chrysler-bilar\/#breadcrumb"},"inLanguage":"sv-SE","potentialAction":[{"@type":"ReadAction","target":["https:\/\/keys-for-auto.eu\/sv\/product\/fjarrstyrd-nyckel-som-lampar-sig-for-chrysler-bilar\/"]}]},{"@type":"ImageObject","inLanguage":"sv-SE","@id":"https:\/\/keys-for-auto.eu\/sv\/product\/fjarrstyrd-nyckel-som-lampar-sig-for-chrysler-bilar\/#primaryimage","url":"https:\/\/keys-for-auto.eu\/wp-content\/uploads\/2022\/12\/Chrysler-raktai-nuotolinio-valdymo-500x5002-1.jpg","contentUrl":"https:\/\/keys-for-auto.eu\/wp-content\/uploads\/2022\/12\/Chrysler-raktai-nuotolinio-valdymo-500x5002-1.jpg","width":500,"height":500},{"@type":"BreadcrumbList","@id":"https:\/\/keys-for-auto.eu\/sv\/product\/fjarrstyrd-nyckel-som-lampar-sig-for-chrysler-bilar\/#breadcrumb","itemListElement":[{"@type":"ListItem","position":1,"name":"Hem","item":"https:\/\/keys-for-auto.eu\/sv\/"},{"@type":"ListItem","position":2,"name":"Shop","item":"https:\/\/keys-for-auto.eu\/"},{"@type":"ListItem","position":3,"name":"Fj\u00e4rrkontrollnyckel &#8211; l\u00e4mplig f\u00f6r Chrysler-bilar"}]},{"@type":"WebSite","@id":"https:\/\/keys-for-auto.eu\/sv\/#website","url":"https:\/\/keys-for-auto.eu\/sv\/","name":"Keys for auto","description":"Car keys,  key shells, key programming","publisher":{"@id":"https:\/\/keys-for-auto.eu\/sv\/#organization"},"potentialAction":[{"@type":"SearchAction","target":{"@type":"EntryPoint","urlTemplate":"https:\/\/keys-for-auto.eu\/sv\/?s={search_term_string}"},"query-input":{"@type":"PropertyValueSpecification","valueRequired":true,"valueName":"search_term_string"}}],"inLanguage":"sv-SE"},{"@type":"Organization","@id":"https:\/\/keys-for-auto.eu\/sv\/#organization","name":"Nycklar f\u00f6r bil","url":"https:\/\/keys-for-auto.eu\/sv\/","logo":{"@type":"ImageObject","inLanguage":"sv-SE","@id":"https:\/\/keys-for-auto.eu\/sv\/#\/schema\/logo\/image\/","url":"https:\/\/keys-for-auto.eu\/wp-content\/uploads\/2022\/11\/cropped-png1.png","contentUrl":"https:\/\/keys-for-auto.eu\/wp-content\/uploads\/2022\/11\/cropped-png1.png","width":1000,"height":342,"caption":"Nycklar f\u00f6r bil"},"image":{"@id":"https:\/\/keys-for-auto.eu\/sv\/#\/schema\/logo\/image\/"},"sameAs":["https:\/\/www.facebook.com\/KeysForAutoEU"]}]}},"_links":{"self":[{"href":"https:\/\/keys-for-auto.eu\/sv\/wp-json\/wp\/v2\/product\/22100","targetHints":{"allow":["GET"]}}],"collection":[{"href":"https:\/\/keys-for-auto.eu\/sv\/wp-json\/wp\/v2\/product"}],"about":[{"href":"https:\/\/keys-for-auto.eu\/sv\/wp-json\/wp\/v2\/types\/product"}],"replies":[{"embeddable":true,"href":"https:\/\/keys-for-auto.eu\/sv\/wp-json\/wp\/v2\/comments?post=22100"}],"wp:featuredmedia":[{"embeddable":true,"href":"https:\/\/keys-for-auto.eu\/sv\/wp-json\/wp\/v2\/media\/20666"}],"wp:attachment":[{"href":"https:\/\/keys-for-auto.eu\/sv\/wp-json\/wp\/v2\/media?parent=22100"}],"wp:term":[{"taxonomy":"product_brand","embeddable":true,"href":"https:\/\/keys-for-auto.eu\/sv\/wp-json\/wp\/v2\/product_brand?post=22100"},{"taxonomy":"product_cat","embeddable":true,"href":"https:\/\/keys-for-auto.eu\/sv\/wp-json\/wp\/v2\/product_cat?post=22100"},{"taxonomy":"product_tag","embeddable":true,"href":"https:\/\/keys-for-auto.eu\/sv\/wp-json\/wp\/v2\/product_tag?post=22100"}],"curies":[{"name":"wp","href":"https:\/\/api.w.org\/{rel}","templated":true}]}}