{"id":22094,"date":"2016-04-02T19:04:29","date_gmt":"2016-04-02T19:04:29","guid":{"rendered":"https:\/\/keys-for-auto.eu\/product\/fjarrnyckel-lamplig-for-bmw-7-bilar-utan-nyckelblad\/"},"modified":"2016-04-02T19:04:29","modified_gmt":"2016-04-02T19:04:29","slug":"fjarrstyrd-nyckel-som-lampar-sig-for-bmw-7-bilar-utan-nyckelblad","status":"publish","type":"product","link":"https:\/\/keys-for-auto.eu\/sv\/product\/fjarrstyrd-nyckel-som-lampar-sig-for-bmw-7-bilar-utan-nyckelblad\/","title":{"rendered":"Fj\u00e4rrnyckel &#8211; l\u00e4mplig f\u00f6r BMW 7-bilar (utan nyckelblad)"},"content":{"rendered":"<p><strong>Fj\u00e4rrnyckel &#8211; l\u00e4mplig f\u00f6r BMW 7-bilar (utan nyckelblad), CAS1 System<\/strong><\/p>\n<p>Det s\u00e4gs att v\u00e4rlden \u00e4r en bok och att den som inte har rest i den har bara l\u00e4st en sida. Vi \u00f6nskar dig all v\u00e4rlden, men l\u00e5t f\u00f6rst v\u00e5ra experter ta hand om s\u00e4kerheten f\u00f6r din BMW. Det \u00e4r enkelt med CAS1-systemet. Den \u00e4r s\u00e4rskilt utformad f\u00f6r att skydda BMW-bilar. En s\u00e4ker bil \u00e4r nyckeln till en lyckad resa. Och det spelar ingen roll hur m\u00e5nga kilometer du ska k\u00f6ra. Oavsett om du ska till jobbet n\u00e5gra kilometer hemifr\u00e5n eller resa genom Europa i din p\u00e5litliga BMW. Du beh\u00f6ver ett p\u00e5litligt s\u00e4kerhetssystem och kvalitetsnycklar. Vi erbjuder dig allt detta och mer d\u00e4rtill (nyckelprogrammering, nyckelfodral) fr\u00e5n en av v\u00e5ra professionella h\u00e4nder.<\/p>\n<p>Vi programmerar nycklarna och str\u00e4var efter att st\u00e4ndigt utveckla och f\u00f6rb\u00e4ttra denna tj\u00e4nst. Vi har programmerat nycklar i m\u00e5nga \u00e5r och v\u00e5r erfarenhet hj\u00e4lper oss att g\u00f6ra jobbet professionellt och snabbt. D\u00e4rf\u00f6r garanterar vi v\u00e5ra tj\u00e4nster och de varor vi s\u00e4ljer.<\/p>\n<p>Programmering av bilnycklar \u00e4r en viktig del av varje f\u00f6rares arbete. Best\u00e4ll en bilnyckelprogrammering f\u00f6r din BMW (vi har ett brett utbud av modeller att v\u00e4lja mellan!) fr\u00e5n v\u00e5rt f\u00f6retag och anv\u00e4nd din BMW utan oro och r\u00e4dsla f\u00f6r att din fyrhjuliga sk\u00f6nhet ska bli attackerad av de onda.<\/p>\n<p>Det finns m\u00e5nga andra f\u00f6retag som tillverkar nycklar, men vi utm\u00e4rker oss f\u00f6r kvaliteten p\u00e5 v\u00e5r service, h\u00e5llbarheten hos v\u00e5ra produkter och v\u00e5r v\u00e4nliga service. Kunden har inte bara alltid r\u00e4tt, utan \u00e4r ocks\u00e5 alltid viktig f\u00f6r oss. Vi hoppas att du kommer att k\u00e4nna det n\u00e4r du bes\u00f6ker v\u00e5rt huvudkontor. Om du vill g\u00f6ra nyckelprogrammeringen problemfri, kontakta oss &#8211; vi hj\u00e4lper dig g\u00e4rna!<\/p>\n<p>Bilnycklar &#8211; numera handlar det inte l\u00e4ngre bara om enkla verktyg f\u00f6r att l\u00e5sa upp och l\u00e5sa bilen, vi erbjuder en nyckel till din BMW-bil med CAS 1-system. Det garanterar din bils s\u00e4kerhet. S\u00e5 tveka inte och best\u00e4ll den h\u00e4r fj\u00e4rrkontrollnyckeln till din BMW hos oss! Vi ser fram emot att v\u00e4lkomna dig till v\u00e5r butik!<\/p>\n","protected":false},"excerpt":{"rendered":"<p><strong>Fj\u00e4rrnyckel (CAS1 System) f\u00f6r BMW 7-klass.<\/strong><\/p>\n<p><em><strong>Passar f\u00f6r:<\/strong><\/em><\/p>\n<p><em><strong>7-serien (2002 &#8211; 2008)<\/strong><\/em><\/p>\n<h3><strong>Tillverkning av bilnycklar<\/strong><\/h3>\n<ul>\n<li><strong>Tillverkning av nya bilnycklar, programmering av nycklar (&#8221;bindning&#8221; till bilen)<\/strong><\/li>\n<li><strong>Radera tidigare f\u00f6rlorade nycklar fr\u00e5n bilens minne<\/strong><\/li>\n<li><strong>Tillverkning av t\u00e4ndningsnyckeln enligt l\u00e5set<\/strong><\/li>\n<li><strong>Reparation av bilnycklar (byte av knappar, skal, mekanismer)<\/strong><\/li>\n<li><strong>Uppl\u00e5sning av bil i n\u00f6dsituationer<\/strong><\/li>\n<li><strong>Byte av nycklar, nyckelfodral<\/strong><\/li>\n<li><strong>Avst\u00e4ngning av DPF- och FAP-programvaran<\/strong><\/li>\n<li><strong>Programbaserat avl\u00e4gsnande av EGR<\/strong><\/li>\n<li><strong>Avaktivering av startsp\u00e4rrprogramvaran (immo Off)<\/strong><\/li>\n<li><strong>Reparation, kloning och programmering av motorstyrenhet (ECU)<\/strong><\/li>\n<li><strong>SRS (Programmering av styrenhet f\u00f6r krockkuddar)<\/strong><\/li>\n<\/ul>\n<h4><strong>  artiklar skickas inom 3 arbetsdagar.*<\/strong><\/h4>\n<p>&nbsp;<\/p>\n<p>&nbsp;<\/p>\n","protected":false},"featured_media":20578,"comment_status":"open","ping_status":"closed","template":"","meta":[],"product_brand":[],"product_cat":[4152,4528],"product_tag":[5243,5230],"class_list":{"0":"post-22094","1":"product","2":"type-product","3":"status-publish","4":"has-post-thumbnail","6":"product_cat-bmw-sv","7":"product_cat-nycklar-for-fjarrkontroll","8":"product_tag-bmw-7-nyckel","9":"product_tag-bmw-nyckel","11":"first","12":"instock","13":"shipping-taxable","14":"purchasable","15":"product-type-simple"},"yoast_head":"<!-- This site is optimized with the Yoast SEO plugin v27.6 - https:\/\/yoast.com\/product\/yoast-seo-wordpress\/ -->\n<title>Fj\u00e4rrnyckel - l\u00e4mplig f\u00f6r BMW 7-bilar (utan nyckelblad) - Keys for auto% %%sidnamn<\/title>\n<meta name=\"robots\" content=\"index, follow, max-snippet:-1, max-image-preview:large, max-video-preview:-1\" \/>\n<link rel=\"canonical\" href=\"https:\/\/keys-for-auto.eu\/sv\/product\/fjarrstyrd-nyckel-som-lampar-sig-for-bmw-7-bilar-utan-nyckelblad\/\" \/>\n<meta property=\"og:locale\" content=\"sv_SE\" \/>\n<meta property=\"og:type\" content=\"article\" \/>\n<meta property=\"og:title\" content=\"Fj\u00e4rrnyckel - l\u00e4mplig f\u00f6r BMW 7-bilar (utan nyckelblad) - Keys for auto% %%sidnamn\" \/>\n<meta property=\"og:description\" content=\"Fj\u00e4rrnyckel (CAS1 System) f\u00f6r BMW 7-klass. Passar f\u00f6r: 7-serien (2002 - 2008) Tillverkning av bilnycklar  Tillverkning av nya bilnycklar, programmering av nycklar (&quot;bindning&quot; till bilen)  Radera tidigare f\u00f6rlorade nycklar fr\u00e5n bilens minne  Tillverkning av t\u00e4ndningsnyckeln enligt l\u00e5set  Reparation av bilnycklar (byte av knappar, skal, mekanismer)  Uppl\u00e5sning av bil i n\u00f6dsituationer  Byte av nycklar, nyckelfodral  Avst\u00e4ngning av DPF- och FAP-programvaran  Programbaserat avl\u00e4gsnande av EGR  Avaktivering av startsp\u00e4rrprogramvaran (immo Off)  Reparation, kloning och programmering av motorstyrenhet (ECU)  SRS (Programmering av styrenhet f\u00f6r krockkuddar)  artiklar skickas inom 3 arbetsdagar.* &nbsp; &nbsp;\" \/>\n<meta property=\"og:url\" content=\"https:\/\/keys-for-auto.eu\/sv\/product\/fjarrstyrd-nyckel-som-lampar-sig-for-bmw-7-bilar-utan-nyckelblad\/\" \/>\n<meta property=\"og:site_name\" content=\"Keys for auto\" \/>\n<meta property=\"article:publisher\" content=\"https:\/\/www.facebook.com\/KeysForAutoEU\" \/>\n<meta property=\"og:image\" content=\"https:\/\/i0.wp.com\/keys-for-auto.eu\/wp-content\/uploads\/2022\/12\/BMW-7-Serijos-Smart-Key-CAS1-315MHz-868MHz-500x5001-removebg-preview.png?fit=500%2C500&ssl=1\" \/>\n\t<meta property=\"og:image:width\" content=\"500\" \/>\n\t<meta property=\"og:image:height\" content=\"500\" \/>\n\t<meta property=\"og:image:type\" content=\"image\/png\" \/>\n<meta name=\"twitter:card\" content=\"summary_large_image\" \/>\n<meta name=\"twitter:label1\" content=\"Ber\u00e4knad l\u00e4stid\" \/>\n\t<meta name=\"twitter:data1\" content=\"2 minuter\" \/>\n<script type=\"application\/ld+json\" class=\"yoast-schema-graph\">{\"@context\":\"https:\\\/\\\/schema.org\",\"@graph\":[{\"@type\":[\"WebPage\",\"ItemPage\"],\"@id\":\"https:\\\/\\\/keys-for-auto.eu\\\/sv\\\/product\\\/fjarrstyrd-nyckel-som-lampar-sig-for-bmw-7-bilar-utan-nyckelblad\\\/\",\"url\":\"https:\\\/\\\/keys-for-auto.eu\\\/sv\\\/product\\\/fjarrstyrd-nyckel-som-lampar-sig-for-bmw-7-bilar-utan-nyckelblad\\\/\",\"name\":\"Fj\u00e4rrnyckel - l\u00e4mplig f\u00f6r BMW 7-bilar (utan nyckelblad) - Keys for auto% %%sidnamn\",\"isPartOf\":{\"@id\":\"https:\\\/\\\/keys-for-auto.eu\\\/sv\\\/#website\"},\"primaryImageOfPage\":{\"@id\":\"https:\\\/\\\/keys-for-auto.eu\\\/sv\\\/product\\\/fjarrstyrd-nyckel-som-lampar-sig-for-bmw-7-bilar-utan-nyckelblad\\\/#primaryimage\"},\"image\":{\"@id\":\"https:\\\/\\\/keys-for-auto.eu\\\/sv\\\/product\\\/fjarrstyrd-nyckel-som-lampar-sig-for-bmw-7-bilar-utan-nyckelblad\\\/#primaryimage\"},\"thumbnailUrl\":\"https:\\\/\\\/keys-for-auto.eu\\\/wp-content\\\/uploads\\\/2022\\\/12\\\/BMW-7-Serijos-Smart-Key-CAS1-315MHz-868MHz-500x5001-removebg-preview.png\",\"datePublished\":\"2016-04-02T19:04:29+00:00\",\"breadcrumb\":{\"@id\":\"https:\\\/\\\/keys-for-auto.eu\\\/sv\\\/product\\\/fjarrstyrd-nyckel-som-lampar-sig-for-bmw-7-bilar-utan-nyckelblad\\\/#breadcrumb\"},\"inLanguage\":\"sv-SE\",\"potentialAction\":[{\"@type\":\"ReadAction\",\"target\":[\"https:\\\/\\\/keys-for-auto.eu\\\/sv\\\/product\\\/fjarrstyrd-nyckel-som-lampar-sig-for-bmw-7-bilar-utan-nyckelblad\\\/\"]}]},{\"@type\":\"ImageObject\",\"inLanguage\":\"sv-SE\",\"@id\":\"https:\\\/\\\/keys-for-auto.eu\\\/sv\\\/product\\\/fjarrstyrd-nyckel-som-lampar-sig-for-bmw-7-bilar-utan-nyckelblad\\\/#primaryimage\",\"url\":\"https:\\\/\\\/keys-for-auto.eu\\\/wp-content\\\/uploads\\\/2022\\\/12\\\/BMW-7-Serijos-Smart-Key-CAS1-315MHz-868MHz-500x5001-removebg-preview.png\",\"contentUrl\":\"https:\\\/\\\/keys-for-auto.eu\\\/wp-content\\\/uploads\\\/2022\\\/12\\\/BMW-7-Serijos-Smart-Key-CAS1-315MHz-868MHz-500x5001-removebg-preview.png\",\"width\":500,\"height\":500},{\"@type\":\"BreadcrumbList\",\"@id\":\"https:\\\/\\\/keys-for-auto.eu\\\/sv\\\/product\\\/fjarrstyrd-nyckel-som-lampar-sig-for-bmw-7-bilar-utan-nyckelblad\\\/#breadcrumb\",\"itemListElement\":[{\"@type\":\"ListItem\",\"position\":1,\"name\":\"Hem\",\"item\":\"https:\\\/\\\/keys-for-auto.eu\\\/sv\\\/\"},{\"@type\":\"ListItem\",\"position\":2,\"name\":\"Shop\",\"item\":\"https:\\\/\\\/keys-for-auto.eu\\\/\"},{\"@type\":\"ListItem\",\"position\":3,\"name\":\"Fj\u00e4rrnyckel &#8211; l\u00e4mplig f\u00f6r BMW 7-bilar (utan nyckelblad)\"}]},{\"@type\":\"WebSite\",\"@id\":\"https:\\\/\\\/keys-for-auto.eu\\\/sv\\\/#website\",\"url\":\"https:\\\/\\\/keys-for-auto.eu\\\/sv\\\/\",\"name\":\"Keys for auto\",\"description\":\"Car keys,  key shells, key programming\",\"publisher\":{\"@id\":\"https:\\\/\\\/keys-for-auto.eu\\\/sv\\\/#organization\"},\"potentialAction\":[{\"@type\":\"SearchAction\",\"target\":{\"@type\":\"EntryPoint\",\"urlTemplate\":\"https:\\\/\\\/keys-for-auto.eu\\\/sv\\\/?s={search_term_string}\"},\"query-input\":{\"@type\":\"PropertyValueSpecification\",\"valueRequired\":true,\"valueName\":\"search_term_string\"}}],\"inLanguage\":\"sv-SE\"},{\"@type\":\"Organization\",\"@id\":\"https:\\\/\\\/keys-for-auto.eu\\\/sv\\\/#organization\",\"name\":\"Nycklar f\u00f6r bil\",\"url\":\"https:\\\/\\\/keys-for-auto.eu\\\/sv\\\/\",\"logo\":{\"@type\":\"ImageObject\",\"inLanguage\":\"sv-SE\",\"@id\":\"https:\\\/\\\/keys-for-auto.eu\\\/sv\\\/#\\\/schema\\\/logo\\\/image\\\/\",\"url\":\"https:\\\/\\\/keys-for-auto.eu\\\/wp-content\\\/uploads\\\/2022\\\/11\\\/cropped-png1.png\",\"contentUrl\":\"https:\\\/\\\/keys-for-auto.eu\\\/wp-content\\\/uploads\\\/2022\\\/11\\\/cropped-png1.png\",\"width\":1000,\"height\":342,\"caption\":\"Nycklar f\u00f6r bil\"},\"image\":{\"@id\":\"https:\\\/\\\/keys-for-auto.eu\\\/sv\\\/#\\\/schema\\\/logo\\\/image\\\/\"},\"sameAs\":[\"https:\\\/\\\/www.facebook.com\\\/KeysForAutoEU\"]}]}<\/script>\n<!-- \/ Yoast SEO plugin. -->","yoast_head_json":{"title":"Fj\u00e4rrnyckel - l\u00e4mplig f\u00f6r BMW 7-bilar (utan nyckelblad) - Keys for auto% %%sidnamn","robots":{"index":"index","follow":"follow","max-snippet":"max-snippet:-1","max-image-preview":"max-image-preview:large","max-video-preview":"max-video-preview:-1"},"canonical":"https:\/\/keys-for-auto.eu\/sv\/product\/fjarrstyrd-nyckel-som-lampar-sig-for-bmw-7-bilar-utan-nyckelblad\/","og_locale":"sv_SE","og_type":"article","og_title":"Fj\u00e4rrnyckel - l\u00e4mplig f\u00f6r BMW 7-bilar (utan nyckelblad) - Keys for auto% %%sidnamn","og_description":"Fj\u00e4rrnyckel (CAS1 System) f\u00f6r BMW 7-klass. Passar f\u00f6r: 7-serien (2002 - 2008) Tillverkning av bilnycklar  Tillverkning av nya bilnycklar, programmering av nycklar (\"bindning\" till bilen)  Radera tidigare f\u00f6rlorade nycklar fr\u00e5n bilens minne  Tillverkning av t\u00e4ndningsnyckeln enligt l\u00e5set  Reparation av bilnycklar (byte av knappar, skal, mekanismer)  Uppl\u00e5sning av bil i n\u00f6dsituationer  Byte av nycklar, nyckelfodral  Avst\u00e4ngning av DPF- och FAP-programvaran  Programbaserat avl\u00e4gsnande av EGR  Avaktivering av startsp\u00e4rrprogramvaran (immo Off)  Reparation, kloning och programmering av motorstyrenhet (ECU)  SRS (Programmering av styrenhet f\u00f6r krockkuddar)  artiklar skickas inom 3 arbetsdagar.* &nbsp; &nbsp;","og_url":"https:\/\/keys-for-auto.eu\/sv\/product\/fjarrstyrd-nyckel-som-lampar-sig-for-bmw-7-bilar-utan-nyckelblad\/","og_site_name":"Keys for auto","article_publisher":"https:\/\/www.facebook.com\/KeysForAutoEU","og_image":[{"width":500,"height":500,"url":"https:\/\/i0.wp.com\/keys-for-auto.eu\/wp-content\/uploads\/2022\/12\/BMW-7-Serijos-Smart-Key-CAS1-315MHz-868MHz-500x5001-removebg-preview.png?fit=500%2C500&ssl=1","type":"image\/png"}],"twitter_card":"summary_large_image","twitter_misc":{"Ber\u00e4knad l\u00e4stid":"2 minuter"},"schema":{"@context":"https:\/\/schema.org","@graph":[{"@type":["WebPage","ItemPage"],"@id":"https:\/\/keys-for-auto.eu\/sv\/product\/fjarrstyrd-nyckel-som-lampar-sig-for-bmw-7-bilar-utan-nyckelblad\/","url":"https:\/\/keys-for-auto.eu\/sv\/product\/fjarrstyrd-nyckel-som-lampar-sig-for-bmw-7-bilar-utan-nyckelblad\/","name":"Fj\u00e4rrnyckel - l\u00e4mplig f\u00f6r BMW 7-bilar (utan nyckelblad) - Keys for auto% %%sidnamn","isPartOf":{"@id":"https:\/\/keys-for-auto.eu\/sv\/#website"},"primaryImageOfPage":{"@id":"https:\/\/keys-for-auto.eu\/sv\/product\/fjarrstyrd-nyckel-som-lampar-sig-for-bmw-7-bilar-utan-nyckelblad\/#primaryimage"},"image":{"@id":"https:\/\/keys-for-auto.eu\/sv\/product\/fjarrstyrd-nyckel-som-lampar-sig-for-bmw-7-bilar-utan-nyckelblad\/#primaryimage"},"thumbnailUrl":"https:\/\/keys-for-auto.eu\/wp-content\/uploads\/2022\/12\/BMW-7-Serijos-Smart-Key-CAS1-315MHz-868MHz-500x5001-removebg-preview.png","datePublished":"2016-04-02T19:04:29+00:00","breadcrumb":{"@id":"https:\/\/keys-for-auto.eu\/sv\/product\/fjarrstyrd-nyckel-som-lampar-sig-for-bmw-7-bilar-utan-nyckelblad\/#breadcrumb"},"inLanguage":"sv-SE","potentialAction":[{"@type":"ReadAction","target":["https:\/\/keys-for-auto.eu\/sv\/product\/fjarrstyrd-nyckel-som-lampar-sig-for-bmw-7-bilar-utan-nyckelblad\/"]}]},{"@type":"ImageObject","inLanguage":"sv-SE","@id":"https:\/\/keys-for-auto.eu\/sv\/product\/fjarrstyrd-nyckel-som-lampar-sig-for-bmw-7-bilar-utan-nyckelblad\/#primaryimage","url":"https:\/\/keys-for-auto.eu\/wp-content\/uploads\/2022\/12\/BMW-7-Serijos-Smart-Key-CAS1-315MHz-868MHz-500x5001-removebg-preview.png","contentUrl":"https:\/\/keys-for-auto.eu\/wp-content\/uploads\/2022\/12\/BMW-7-Serijos-Smart-Key-CAS1-315MHz-868MHz-500x5001-removebg-preview.png","width":500,"height":500},{"@type":"BreadcrumbList","@id":"https:\/\/keys-for-auto.eu\/sv\/product\/fjarrstyrd-nyckel-som-lampar-sig-for-bmw-7-bilar-utan-nyckelblad\/#breadcrumb","itemListElement":[{"@type":"ListItem","position":1,"name":"Hem","item":"https:\/\/keys-for-auto.eu\/sv\/"},{"@type":"ListItem","position":2,"name":"Shop","item":"https:\/\/keys-for-auto.eu\/"},{"@type":"ListItem","position":3,"name":"Fj\u00e4rrnyckel &#8211; l\u00e4mplig f\u00f6r BMW 7-bilar (utan nyckelblad)"}]},{"@type":"WebSite","@id":"https:\/\/keys-for-auto.eu\/sv\/#website","url":"https:\/\/keys-for-auto.eu\/sv\/","name":"Keys for auto","description":"Car keys,  key shells, key programming","publisher":{"@id":"https:\/\/keys-for-auto.eu\/sv\/#organization"},"potentialAction":[{"@type":"SearchAction","target":{"@type":"EntryPoint","urlTemplate":"https:\/\/keys-for-auto.eu\/sv\/?s={search_term_string}"},"query-input":{"@type":"PropertyValueSpecification","valueRequired":true,"valueName":"search_term_string"}}],"inLanguage":"sv-SE"},{"@type":"Organization","@id":"https:\/\/keys-for-auto.eu\/sv\/#organization","name":"Nycklar f\u00f6r bil","url":"https:\/\/keys-for-auto.eu\/sv\/","logo":{"@type":"ImageObject","inLanguage":"sv-SE","@id":"https:\/\/keys-for-auto.eu\/sv\/#\/schema\/logo\/image\/","url":"https:\/\/keys-for-auto.eu\/wp-content\/uploads\/2022\/11\/cropped-png1.png","contentUrl":"https:\/\/keys-for-auto.eu\/wp-content\/uploads\/2022\/11\/cropped-png1.png","width":1000,"height":342,"caption":"Nycklar f\u00f6r bil"},"image":{"@id":"https:\/\/keys-for-auto.eu\/sv\/#\/schema\/logo\/image\/"},"sameAs":["https:\/\/www.facebook.com\/KeysForAutoEU"]}]}},"_links":{"self":[{"href":"https:\/\/keys-for-auto.eu\/sv\/wp-json\/wp\/v2\/product\/22094","targetHints":{"allow":["GET"]}}],"collection":[{"href":"https:\/\/keys-for-auto.eu\/sv\/wp-json\/wp\/v2\/product"}],"about":[{"href":"https:\/\/keys-for-auto.eu\/sv\/wp-json\/wp\/v2\/types\/product"}],"replies":[{"embeddable":true,"href":"https:\/\/keys-for-auto.eu\/sv\/wp-json\/wp\/v2\/comments?post=22094"}],"wp:featuredmedia":[{"embeddable":true,"href":"https:\/\/keys-for-auto.eu\/sv\/wp-json\/wp\/v2\/media\/20578"}],"wp:attachment":[{"href":"https:\/\/keys-for-auto.eu\/sv\/wp-json\/wp\/v2\/media?parent=22094"}],"wp:term":[{"taxonomy":"product_brand","embeddable":true,"href":"https:\/\/keys-for-auto.eu\/sv\/wp-json\/wp\/v2\/product_brand?post=22094"},{"taxonomy":"product_cat","embeddable":true,"href":"https:\/\/keys-for-auto.eu\/sv\/wp-json\/wp\/v2\/product_cat?post=22094"},{"taxonomy":"product_tag","embeddable":true,"href":"https:\/\/keys-for-auto.eu\/sv\/wp-json\/wp\/v2\/product_tag?post=22094"}],"curies":[{"name":"wp","href":"https:\/\/api.w.org\/{rel}","templated":true}]}}