{"id":22082,"date":"2016-04-02T18:58:05","date_gmt":"2016-04-02T18:58:05","guid":{"rendered":"https:\/\/keys-for-auto.eu\/product\/fjarrnyckel-lamplig-for-bmw-3-5-7-x5-x3-z4-e38-e39-e46\/"},"modified":"2016-04-02T18:58:05","modified_gmt":"2016-04-02T18:58:05","slug":"remote-control-key-suitable-for-bmw-3-5-7-x5-x3-z4-e38-e39-e46","status":"publish","type":"product","link":"https:\/\/keys-for-auto.eu\/sv\/product\/remote-control-key-suitable-for-bmw-3-5-7-x5-x3-z4-e38-e39-e46\/","title":{"rendered":"Fj\u00e4rrnyckel &#8211; l\u00e4mplig f\u00f6r BMW 3 | 5 | 7 | X5 | X3 | Z4 | E38 | E39 | E46"},"content":{"rendered":"<p>BMW fj\u00e4rrstyrningsnyckel passar f\u00f6r 3, 5, 7, X5, X3, Z4, E38, E39, E46. Detta \u00e4r en nyckel med tre knappar, med fj\u00e4rrkontrollchip, transponderchip och nytt element. Nyckeln m\u00e5ste programmeras. Du kan best\u00e4lla den h\u00e4r tj\u00e4nsten hos oss. Vi har programmerat nycklar i m\u00e5nga \u00e5r och anv\u00e4nder endast den senaste tekniken i v\u00e5rt arbete, och nycklarna programmeras av experter inom sitt omr\u00e5de.<\/p>\n<p>Fj\u00e4rrkontrollchipet och transpondern (chipet) som \u00e4r inb\u00e4ddad i nyckeln \u00e4r de st\u00f6rsta f\u00f6rdelarna med denna nyckel, eftersom din bil skyddas effektivare fr\u00e5n att k\u00f6ras bort med hj\u00e4lp av transpondern. Detta beror p\u00e5 att transpondern av s\u00e4kerhetssk\u00e4l \u00e4r inb\u00e4ddad i nyckelhuvudet (inuti nyckeln) och det \u00e4r endast m\u00f6jligt att avg\u00f6ra om det \u00e4r en nyckel med transponder eller en vanlig nyckel med hj\u00e4lp av specialutrustning. En annan sak att veta om transpondernycklar \u00e4r att de inte har n\u00e5gon permanent str\u00f6mf\u00f6rs\u00f6rjning och att de har en mycket kort r\u00e4ckvidd p\u00e5 1-10 cm. Det \u00e4r d\u00e4rf\u00f6r praktiskt taget om\u00f6jligt att sp\u00e5ra eller skanna dess funktion.<\/p>\n<p>Om du beh\u00f6ver programmering av BMW fj\u00e4rrnycklar eller har best\u00e4mt dig f\u00f6r att k\u00f6pa en fj\u00e4rrnyckel till din BMW 3, 5, 7, X5, X3, Z4, E38, E39 eller E46, v\u00e4nligen kontakta oss! Vi programmerar dina nycklar och garanterar v\u00e5rt arbete, och vi betj\u00e4nar v\u00e5ra kunder med h\u00f6gsta standard p\u00e5 r\u00e5dgivning och service.<\/p>\n<p>Programmering av bilnycklar utvecklas st\u00e4ndigt. Vi str\u00e4var efter att h\u00e5lla oss ajour med de viktigaste trenderna inom nyckeltillverkning, och v\u00e5ra kunder som best\u00e4ller BMW fj\u00e4rrnycklar f\u00e5r problemfri anv\u00e4ndning och tillfredsst\u00e4llelsen av att ha hittat p\u00e5litliga specialister inom programmering och f\u00f6rs\u00e4ljning av bilnycklar.<\/p>\n<p>Det \u00e4r billigt att tillverka dina nycklar och tj\u00e4nsten tillhandah\u00e5lls snabbt och med h\u00f6g kvalitet om du kontaktar oss. Bilnycklar \u00e4r v\u00e5rt specialomr\u00e5de, ett omr\u00e5de d\u00e4r vi k\u00e4nner oss starka och f\u00e5r positiv feedback fr\u00e5n v\u00e5ra kunder. Detta \u00e4r ett incitament f\u00f6r oss att forts\u00e4tta att ut\u00f6ka och f\u00f6rb\u00e4ttra v\u00e5r verksamhet.<\/p>\n","protected":false},"excerpt":{"rendered":"<p><em><strong>L\u00e4mplig f\u00f6r BMW nyckel med tre knappar med fj\u00e4rrkontroll mikrochip med transponder (chip) och nytt element.Nyckeln beh\u00f6ver programmeras.<\/strong><\/em><\/p>\n<p><em><strong>Passar f\u00f6r:<\/strong><\/em><\/p>\n<p><em><strong>BMW 3<\/strong><\/em><\/p>\n<p><em><strong>BMW 5<\/strong><\/em><\/p>\n<p><em><strong>BMW 3 BMW 7<\/strong><\/em><\/p>\n<p><em><strong>BMW X5<\/strong><\/em><\/p>\n<p><em><strong>BMW X3<\/strong><\/em><\/p>\n<p><em><strong>BMW Z4<\/strong><\/em><\/p>\n<p><em><strong>BMW E38<\/strong><\/em><\/p>\n<p><em><strong>BMW E39<\/strong><\/em><\/p>\n<p><em><strong>BMW E46<\/strong><\/em><\/p>\n<h3><strong>Tillverkning av bilnycklar<\/strong><\/h3>\n<ul>\n<li><strong>Tillverkning av nya bilnycklar, programmering av nycklar (&#8221;bindning&#8221; till bilen)<\/strong><\/li>\n<li><strong>Radera tidigare f\u00f6rlorade nycklar fr\u00e5n bilens minne<\/strong><\/li>\n<li><strong>Tillverkning av t\u00e4ndningsnyckeln enligt l\u00e5set<\/strong><\/li>\n<li><strong>Reparation av bilnycklar (byte av knappar, skal, mekanismer)<\/strong><\/li>\n<li><strong>Uppl\u00e5sning av bil i n\u00f6dsituationer<\/strong><\/li>\n<li><strong>Byte av nycklar, nyckelfodral<\/strong><\/li>\n<li><strong>Avst\u00e4ngning av DPF- och FAP-programvaran<\/strong><\/li>\n<li><strong>Programbaserat avl\u00e4gsnande av EGR<\/strong><\/li>\n<li><strong>Avaktivering av startsp\u00e4rrprogramvaran (immo Off)<\/strong><\/li>\n<li><strong>Reparation, kloning och programmering av motorstyrenhet (ECU)<\/strong><\/li>\n<li><strong>SRS (Programmering av styrenhet f\u00f6r krockkuddar)<\/strong><\/li>\n<\/ul>\n<h4><strong>  artiklar skickas inom 3 arbetsdagar.*<\/strong><\/h4>\n<p>&nbsp;<\/p>\n<p>&nbsp;<\/p>\n<p>&nbsp;<\/p>\n","protected":false},"featured_media":20566,"comment_status":"open","ping_status":"closed","template":"","meta":[],"product_brand":[],"product_cat":[4152,4528],"product_tag":[5235,5240,5243,5255,5236,5256,5230],"class_list":{"0":"post-22082","1":"product","2":"type-product","3":"status-publish","4":"has-post-thumbnail","6":"product_cat-bmw-sv","7":"product_cat-nycklar-for-fjarrkontroll","8":"product_tag-bmw-3-nyckeln","9":"product_tag-bmw-5-nyckel","10":"product_tag-bmw-7-nyckel","11":"product_tag-bmw-x3-nyckel","12":"product_tag-bmw-x5-nyckel","13":"product_tag-bmw-z4-nyckel","14":"product_tag-bmw-nyckel","16":"first","17":"instock","18":"shipping-taxable","19":"purchasable","20":"product-type-simple"},"yoast_head":"<!-- This site is optimized with the Yoast SEO plugin v27.3 - https:\/\/yoast.com\/product\/yoast-seo-wordpress\/ -->\n<title>Fj\u00e4rrnyckel - l\u00e4mplig f\u00f6r BMW 3 | 5 | 7 | X5 | X3 | Z4 | E38 | E39 | E46 - Keys for auto% %%sidnamn<\/title>\n<meta name=\"robots\" content=\"index, follow, max-snippet:-1, max-image-preview:large, max-video-preview:-1\" \/>\n<link rel=\"canonical\" href=\"https:\/\/keys-for-auto.eu\/sv\/product\/remote-control-key-suitable-for-bmw-3-5-7-x5-x3-z4-e38-e39-e46\/\" \/>\n<meta property=\"og:locale\" content=\"sv_SE\" \/>\n<meta property=\"og:type\" content=\"article\" \/>\n<meta property=\"og:title\" content=\"Fj\u00e4rrnyckel - l\u00e4mplig f\u00f6r BMW 3 | 5 | 7 | X5 | X3 | Z4 | E38 | E39 | E46 - Keys for auto% %%sidnamn\" \/>\n<meta property=\"og:description\" content=\"L\u00e4mplig f\u00f6r BMW nyckel med tre knappar med fj\u00e4rrkontroll mikrochip med transponder (chip) och nytt element.Nyckeln beh\u00f6ver programmeras. Passar f\u00f6r: BMW 3 BMW 5 BMW 3 BMW 7 BMW X5 BMW X3 BMW Z4 BMW E38 BMW E39 BMW E46 Tillverkning av bilnycklar  Tillverkning av nya bilnycklar, programmering av nycklar (&quot;bindning&quot; till bilen)  Radera tidigare f\u00f6rlorade nycklar fr\u00e5n bilens minne  Tillverkning av t\u00e4ndningsnyckeln enligt l\u00e5set  Reparation av bilnycklar (byte av knappar, skal, mekanismer)  Uppl\u00e5sning av bil i n\u00f6dsituationer  Byte av nycklar, nyckelfodral  Avst\u00e4ngning av DPF- och FAP-programvaran  Programbaserat avl\u00e4gsnande av EGR  Avaktivering av startsp\u00e4rrprogramvaran (immo Off)  Reparation, kloning och programmering av motorstyrenhet (ECU)  SRS (Programmering av styrenhet f\u00f6r krockkuddar)  artiklar skickas inom 3 arbetsdagar.* &nbsp; &nbsp; &nbsp;\" \/>\n<meta property=\"og:url\" content=\"https:\/\/keys-for-auto.eu\/sv\/product\/remote-control-key-suitable-for-bmw-3-5-7-x5-x3-z4-e38-e39-e46\/\" \/>\n<meta property=\"og:site_name\" content=\"Keys for auto\" \/>\n<meta property=\"article:publisher\" content=\"https:\/\/www.facebook.com\/KeysForAutoEU\" \/>\n<meta property=\"og:image\" content=\"https:\/\/keys-for-auto.eu\/wp-content\/uploads\/2022\/12\/BMW-su-mechanizmu-500x5001-1.jpg\" \/>\n\t<meta property=\"og:image:width\" content=\"500\" \/>\n\t<meta property=\"og:image:height\" content=\"500\" \/>\n\t<meta property=\"og:image:type\" content=\"image\/jpeg\" \/>\n<meta name=\"twitter:card\" content=\"summary_large_image\" \/>\n<meta name=\"twitter:label1\" content=\"Ber\u00e4knad l\u00e4stid\" \/>\n\t<meta name=\"twitter:data1\" content=\"2 minuter\" \/>\n<script type=\"application\/ld+json\" class=\"yoast-schema-graph\">{\"@context\":\"https:\\\/\\\/schema.org\",\"@graph\":[{\"@type\":[\"WebPage\",\"ItemPage\"],\"@id\":\"https:\\\/\\\/keys-for-auto.eu\\\/sv\\\/product\\\/remote-control-key-suitable-for-bmw-3-5-7-x5-x3-z4-e38-e39-e46\\\/\",\"url\":\"https:\\\/\\\/keys-for-auto.eu\\\/sv\\\/product\\\/remote-control-key-suitable-for-bmw-3-5-7-x5-x3-z4-e38-e39-e46\\\/\",\"name\":\"Fj\u00e4rrnyckel - l\u00e4mplig f\u00f6r BMW 3 | 5 | 7 | X5 | X3 | Z4 | E38 | E39 | E46 - Keys for auto% %%sidnamn\",\"isPartOf\":{\"@id\":\"https:\\\/\\\/keys-for-auto.eu\\\/sv\\\/#website\"},\"primaryImageOfPage\":{\"@id\":\"https:\\\/\\\/keys-for-auto.eu\\\/sv\\\/product\\\/remote-control-key-suitable-for-bmw-3-5-7-x5-x3-z4-e38-e39-e46\\\/#primaryimage\"},\"image\":{\"@id\":\"https:\\\/\\\/keys-for-auto.eu\\\/sv\\\/product\\\/remote-control-key-suitable-for-bmw-3-5-7-x5-x3-z4-e38-e39-e46\\\/#primaryimage\"},\"thumbnailUrl\":\"https:\\\/\\\/keys-for-auto.eu\\\/wp-content\\\/uploads\\\/2022\\\/12\\\/BMW-su-mechanizmu-500x5001-1.jpg\",\"datePublished\":\"2016-04-02T18:58:05+00:00\",\"breadcrumb\":{\"@id\":\"https:\\\/\\\/keys-for-auto.eu\\\/sv\\\/product\\\/remote-control-key-suitable-for-bmw-3-5-7-x5-x3-z4-e38-e39-e46\\\/#breadcrumb\"},\"inLanguage\":\"sv-SE\",\"potentialAction\":[{\"@type\":\"ReadAction\",\"target\":[\"https:\\\/\\\/keys-for-auto.eu\\\/sv\\\/product\\\/remote-control-key-suitable-for-bmw-3-5-7-x5-x3-z4-e38-e39-e46\\\/\"]}]},{\"@type\":\"ImageObject\",\"inLanguage\":\"sv-SE\",\"@id\":\"https:\\\/\\\/keys-for-auto.eu\\\/sv\\\/product\\\/remote-control-key-suitable-for-bmw-3-5-7-x5-x3-z4-e38-e39-e46\\\/#primaryimage\",\"url\":\"https:\\\/\\\/keys-for-auto.eu\\\/wp-content\\\/uploads\\\/2022\\\/12\\\/BMW-su-mechanizmu-500x5001-1.jpg\",\"contentUrl\":\"https:\\\/\\\/keys-for-auto.eu\\\/wp-content\\\/uploads\\\/2022\\\/12\\\/BMW-su-mechanizmu-500x5001-1.jpg\",\"width\":500,\"height\":500},{\"@type\":\"BreadcrumbList\",\"@id\":\"https:\\\/\\\/keys-for-auto.eu\\\/sv\\\/product\\\/remote-control-key-suitable-for-bmw-3-5-7-x5-x3-z4-e38-e39-e46\\\/#breadcrumb\",\"itemListElement\":[{\"@type\":\"ListItem\",\"position\":1,\"name\":\"Hem\",\"item\":\"https:\\\/\\\/keys-for-auto.eu\\\/sv\\\/\"},{\"@type\":\"ListItem\",\"position\":2,\"name\":\"Shop\",\"item\":\"https:\\\/\\\/keys-for-auto.eu\\\/\"},{\"@type\":\"ListItem\",\"position\":3,\"name\":\"Fj\u00e4rrnyckel &#8211; l\u00e4mplig f\u00f6r BMW 3 | 5 | 7 | X5 | X3 | Z4 | E38 | E39 | E46\"}]},{\"@type\":\"WebSite\",\"@id\":\"https:\\\/\\\/keys-for-auto.eu\\\/sv\\\/#website\",\"url\":\"https:\\\/\\\/keys-for-auto.eu\\\/sv\\\/\",\"name\":\"Keys for auto\",\"description\":\"Car keys,  key shells, key programming\",\"publisher\":{\"@id\":\"https:\\\/\\\/keys-for-auto.eu\\\/sv\\\/#organization\"},\"potentialAction\":[{\"@type\":\"SearchAction\",\"target\":{\"@type\":\"EntryPoint\",\"urlTemplate\":\"https:\\\/\\\/keys-for-auto.eu\\\/sv\\\/?s={search_term_string}\"},\"query-input\":{\"@type\":\"PropertyValueSpecification\",\"valueRequired\":true,\"valueName\":\"search_term_string\"}}],\"inLanguage\":\"sv-SE\"},{\"@type\":\"Organization\",\"@id\":\"https:\\\/\\\/keys-for-auto.eu\\\/sv\\\/#organization\",\"name\":\"Nycklar f\u00f6r bil\",\"url\":\"https:\\\/\\\/keys-for-auto.eu\\\/sv\\\/\",\"logo\":{\"@type\":\"ImageObject\",\"inLanguage\":\"sv-SE\",\"@id\":\"https:\\\/\\\/keys-for-auto.eu\\\/sv\\\/#\\\/schema\\\/logo\\\/image\\\/\",\"url\":\"https:\\\/\\\/keys-for-auto.eu\\\/wp-content\\\/uploads\\\/2022\\\/11\\\/cropped-png1.png\",\"contentUrl\":\"https:\\\/\\\/keys-for-auto.eu\\\/wp-content\\\/uploads\\\/2022\\\/11\\\/cropped-png1.png\",\"width\":1000,\"height\":342,\"caption\":\"Nycklar f\u00f6r bil\"},\"image\":{\"@id\":\"https:\\\/\\\/keys-for-auto.eu\\\/sv\\\/#\\\/schema\\\/logo\\\/image\\\/\"},\"sameAs\":[\"https:\\\/\\\/www.facebook.com\\\/KeysForAutoEU\"]}]}<\/script>\n<!-- \/ Yoast SEO plugin. -->","yoast_head_json":{"title":"Fj\u00e4rrnyckel - l\u00e4mplig f\u00f6r BMW 3 | 5 | 7 | X5 | X3 | Z4 | E38 | E39 | E46 - Keys for auto% %%sidnamn","robots":{"index":"index","follow":"follow","max-snippet":"max-snippet:-1","max-image-preview":"max-image-preview:large","max-video-preview":"max-video-preview:-1"},"canonical":"https:\/\/keys-for-auto.eu\/sv\/product\/remote-control-key-suitable-for-bmw-3-5-7-x5-x3-z4-e38-e39-e46\/","og_locale":"sv_SE","og_type":"article","og_title":"Fj\u00e4rrnyckel - l\u00e4mplig f\u00f6r BMW 3 | 5 | 7 | X5 | X3 | Z4 | E38 | E39 | E46 - Keys for auto% %%sidnamn","og_description":"L\u00e4mplig f\u00f6r BMW nyckel med tre knappar med fj\u00e4rrkontroll mikrochip med transponder (chip) och nytt element.Nyckeln beh\u00f6ver programmeras. Passar f\u00f6r: BMW 3 BMW 5 BMW 3 BMW 7 BMW X5 BMW X3 BMW Z4 BMW E38 BMW E39 BMW E46 Tillverkning av bilnycklar  Tillverkning av nya bilnycklar, programmering av nycklar (\"bindning\" till bilen)  Radera tidigare f\u00f6rlorade nycklar fr\u00e5n bilens minne  Tillverkning av t\u00e4ndningsnyckeln enligt l\u00e5set  Reparation av bilnycklar (byte av knappar, skal, mekanismer)  Uppl\u00e5sning av bil i n\u00f6dsituationer  Byte av nycklar, nyckelfodral  Avst\u00e4ngning av DPF- och FAP-programvaran  Programbaserat avl\u00e4gsnande av EGR  Avaktivering av startsp\u00e4rrprogramvaran (immo Off)  Reparation, kloning och programmering av motorstyrenhet (ECU)  SRS (Programmering av styrenhet f\u00f6r krockkuddar)  artiklar skickas inom 3 arbetsdagar.* &nbsp; &nbsp; &nbsp;","og_url":"https:\/\/keys-for-auto.eu\/sv\/product\/remote-control-key-suitable-for-bmw-3-5-7-x5-x3-z4-e38-e39-e46\/","og_site_name":"Keys for auto","article_publisher":"https:\/\/www.facebook.com\/KeysForAutoEU","og_image":[{"width":500,"height":500,"url":"https:\/\/keys-for-auto.eu\/wp-content\/uploads\/2022\/12\/BMW-su-mechanizmu-500x5001-1.jpg","type":"image\/jpeg"}],"twitter_card":"summary_large_image","twitter_misc":{"Ber\u00e4knad l\u00e4stid":"2 minuter"},"schema":{"@context":"https:\/\/schema.org","@graph":[{"@type":["WebPage","ItemPage"],"@id":"https:\/\/keys-for-auto.eu\/sv\/product\/remote-control-key-suitable-for-bmw-3-5-7-x5-x3-z4-e38-e39-e46\/","url":"https:\/\/keys-for-auto.eu\/sv\/product\/remote-control-key-suitable-for-bmw-3-5-7-x5-x3-z4-e38-e39-e46\/","name":"Fj\u00e4rrnyckel - l\u00e4mplig f\u00f6r BMW 3 | 5 | 7 | X5 | X3 | Z4 | E38 | E39 | E46 - Keys for auto% %%sidnamn","isPartOf":{"@id":"https:\/\/keys-for-auto.eu\/sv\/#website"},"primaryImageOfPage":{"@id":"https:\/\/keys-for-auto.eu\/sv\/product\/remote-control-key-suitable-for-bmw-3-5-7-x5-x3-z4-e38-e39-e46\/#primaryimage"},"image":{"@id":"https:\/\/keys-for-auto.eu\/sv\/product\/remote-control-key-suitable-for-bmw-3-5-7-x5-x3-z4-e38-e39-e46\/#primaryimage"},"thumbnailUrl":"https:\/\/keys-for-auto.eu\/wp-content\/uploads\/2022\/12\/BMW-su-mechanizmu-500x5001-1.jpg","datePublished":"2016-04-02T18:58:05+00:00","breadcrumb":{"@id":"https:\/\/keys-for-auto.eu\/sv\/product\/remote-control-key-suitable-for-bmw-3-5-7-x5-x3-z4-e38-e39-e46\/#breadcrumb"},"inLanguage":"sv-SE","potentialAction":[{"@type":"ReadAction","target":["https:\/\/keys-for-auto.eu\/sv\/product\/remote-control-key-suitable-for-bmw-3-5-7-x5-x3-z4-e38-e39-e46\/"]}]},{"@type":"ImageObject","inLanguage":"sv-SE","@id":"https:\/\/keys-for-auto.eu\/sv\/product\/remote-control-key-suitable-for-bmw-3-5-7-x5-x3-z4-e38-e39-e46\/#primaryimage","url":"https:\/\/keys-for-auto.eu\/wp-content\/uploads\/2022\/12\/BMW-su-mechanizmu-500x5001-1.jpg","contentUrl":"https:\/\/keys-for-auto.eu\/wp-content\/uploads\/2022\/12\/BMW-su-mechanizmu-500x5001-1.jpg","width":500,"height":500},{"@type":"BreadcrumbList","@id":"https:\/\/keys-for-auto.eu\/sv\/product\/remote-control-key-suitable-for-bmw-3-5-7-x5-x3-z4-e38-e39-e46\/#breadcrumb","itemListElement":[{"@type":"ListItem","position":1,"name":"Hem","item":"https:\/\/keys-for-auto.eu\/sv\/"},{"@type":"ListItem","position":2,"name":"Shop","item":"https:\/\/keys-for-auto.eu\/"},{"@type":"ListItem","position":3,"name":"Fj\u00e4rrnyckel &#8211; l\u00e4mplig f\u00f6r BMW 3 | 5 | 7 | X5 | X3 | Z4 | E38 | E39 | E46"}]},{"@type":"WebSite","@id":"https:\/\/keys-for-auto.eu\/sv\/#website","url":"https:\/\/keys-for-auto.eu\/sv\/","name":"Keys for auto","description":"Car keys,  key shells, key programming","publisher":{"@id":"https:\/\/keys-for-auto.eu\/sv\/#organization"},"potentialAction":[{"@type":"SearchAction","target":{"@type":"EntryPoint","urlTemplate":"https:\/\/keys-for-auto.eu\/sv\/?s={search_term_string}"},"query-input":{"@type":"PropertyValueSpecification","valueRequired":true,"valueName":"search_term_string"}}],"inLanguage":"sv-SE"},{"@type":"Organization","@id":"https:\/\/keys-for-auto.eu\/sv\/#organization","name":"Nycklar f\u00f6r bil","url":"https:\/\/keys-for-auto.eu\/sv\/","logo":{"@type":"ImageObject","inLanguage":"sv-SE","@id":"https:\/\/keys-for-auto.eu\/sv\/#\/schema\/logo\/image\/","url":"https:\/\/keys-for-auto.eu\/wp-content\/uploads\/2022\/11\/cropped-png1.png","contentUrl":"https:\/\/keys-for-auto.eu\/wp-content\/uploads\/2022\/11\/cropped-png1.png","width":1000,"height":342,"caption":"Nycklar f\u00f6r bil"},"image":{"@id":"https:\/\/keys-for-auto.eu\/sv\/#\/schema\/logo\/image\/"},"sameAs":["https:\/\/www.facebook.com\/KeysForAutoEU"]}]}},"_links":{"self":[{"href":"https:\/\/keys-for-auto.eu\/sv\/wp-json\/wp\/v2\/product\/22082","targetHints":{"allow":["GET"]}}],"collection":[{"href":"https:\/\/keys-for-auto.eu\/sv\/wp-json\/wp\/v2\/product"}],"about":[{"href":"https:\/\/keys-for-auto.eu\/sv\/wp-json\/wp\/v2\/types\/product"}],"replies":[{"embeddable":true,"href":"https:\/\/keys-for-auto.eu\/sv\/wp-json\/wp\/v2\/comments?post=22082"}],"wp:featuredmedia":[{"embeddable":true,"href":"https:\/\/keys-for-auto.eu\/sv\/wp-json\/wp\/v2\/media\/20566"}],"wp:attachment":[{"href":"https:\/\/keys-for-auto.eu\/sv\/wp-json\/wp\/v2\/media?parent=22082"}],"wp:term":[{"taxonomy":"product_brand","embeddable":true,"href":"https:\/\/keys-for-auto.eu\/sv\/wp-json\/wp\/v2\/product_brand?post=22082"},{"taxonomy":"product_cat","embeddable":true,"href":"https:\/\/keys-for-auto.eu\/sv\/wp-json\/wp\/v2\/product_cat?post=22082"},{"taxonomy":"product_tag","embeddable":true,"href":"https:\/\/keys-for-auto.eu\/sv\/wp-json\/wp\/v2\/product_tag?post=22082"}],"curies":[{"name":"wp","href":"https:\/\/api.w.org\/{rel}","templated":true}]}}