{"id":22069,"date":"2016-04-02T19:02:24","date_gmt":"2016-04-02T19:02:24","guid":{"rendered":"https:\/\/keys-for-auto.eu\/product\/fjarrkontrollnyckel-lamplig-for-bmw-x5-bilar\/"},"modified":"2016-04-02T19:02:24","modified_gmt":"2016-04-02T19:02:24","slug":"fjarrstyrd-nyckel-som-lampar-sig-for-bmw-x5-bilar","status":"publish","type":"product","link":"https:\/\/keys-for-auto.eu\/sv\/product\/fjarrstyrd-nyckel-som-lampar-sig-for-bmw-x5-bilar\/","title":{"rendered":"Fj\u00e4rrkontrollnyckel &#8211; l\u00e4mplig f\u00f6r BMW X5-bilar"},"content":{"rendered":"<p>Fj\u00e4rrkontrollnyckel &#8211; l\u00e4mplig f\u00f6r BMW X5-bilar<\/p>\n<p>Vi presenterar fj\u00e4rrstyrningsnyckeln f\u00f6r BMW X5, som arbetar p\u00e5 433 MHz. Vi programmerar nycklarna. Vi s\u00e4ljer \u00e4ven fj\u00e4rrnycklar och nyckelfodral f\u00f6r bilar och vi garanterar v\u00e5rt arbete och de varor vi s\u00e4ljer, eftersom vi \u00e4r \u00f6vertygade om v\u00e5r professionalism. Programmering och anpassning av bilnycklar garanterar bilens s\u00e4kerhet och din sinnesfrid. En liten investering ger dig stora f\u00f6rdelar &#8211; en nyckel som \u00e4r anpassad till din bil och programmerad enligt bilens m\u00e4rke \u00e4r en garanti f\u00f6r s\u00e4kerhet.<\/p>\n<p>Programmering av bilnycklar garanterar s\u00e4kerheten f\u00f6r ditt fordon, och om du k\u00f6per en fj\u00e4rrnyckel till din BMW kommer du att bli positivt \u00f6verraskad av serviceniv\u00e5n, snabbheten i best\u00e4llningen och kvaliteten p\u00e5 v\u00e5r service. Nyckeltillverkning \u00e4r ett konkurrensutsatt omr\u00e5de, men v\u00e5rt f\u00f6retag utm\u00e4rker sig genom att det \u00e4gnar individuell uppm\u00e4rksamhet \u00e5t varje kund och anpassar sig till deras behov, genom v\u00e5ra hantverkares kvalifikationer och genom kvaliteten p\u00e5 deras arbete. V\u00e5ra hantverkare f\u00f6rb\u00e4ttrar sina kunskaper genom olika kurser och seminarier om nyckelproduktion och programmering. Vi uppdaterar ocks\u00e5 st\u00e4ndigt den teknik vi arbetar med. Bilnycklar \u00e4r v\u00e5r passion, vilket driver oss att h\u00e5lla oss uppdaterade med de senaste trenderna inom nyckeltillverkning och programmering och att se till att din passion &#8211; att resa &#8211; ocks\u00e5 \u00e5tf\u00f6ljs av trevliga upplevelser. Vi tar v\u00e5rt ansvar f\u00f6r att garantera s\u00e4kerheten f\u00f6r din BMW genom att anv\u00e4nda specialutrustning och anpassa nycklarna f\u00f6r dig p\u00e5 st\u00f6rsta allvar. Vi g\u00f6r v\u00e5rt yttersta f\u00f6r att se till att v\u00e5ra kunder \u00e4r n\u00f6jda med kvaliteten, kulturen och snabbheten i v\u00e5r service. Du kan se det sj\u00e4lv!<\/p>\n","protected":false},"excerpt":{"rendered":"<p><em><strong>Fj\u00e4rrstyrningsnyckel &#8211; l\u00e4mplig f\u00f6r BMW X5-bilar<\/strong><\/em><\/p>\n<h3><strong>Tillverkning av bilnycklar<\/strong><\/h3>\n<ul>\n<li><strong>Tillverkning av nya bilnycklar, programmering av nycklar (&#8221;bindning&#8221; till bilen)<\/strong><\/li>\n<li><strong>Radera tidigare f\u00f6rlorade nycklar fr\u00e5n bilens minne<\/strong><\/li>\n<li><strong>Tillverkning av t\u00e4ndningsnyckeln enligt l\u00e5set<\/strong><\/li>\n<li><strong>Reparation av bilnycklar (byte av knappar, skal, mekanismer)<\/strong><\/li>\n<li><strong>Uppl\u00e5sning av bil i n\u00f6dsituationer<\/strong><\/li>\n<li><strong>Byte av nycklar, nyckelfodral<\/strong><\/li>\n<li><strong>Avst\u00e4ngning av DPF- och FAP-programvaran<\/strong><\/li>\n<li><strong>Programbaserat avl\u00e4gsnande av EGR<\/strong><\/li>\n<li><strong>Avaktivering av startsp\u00e4rrprogramvaran (immo Off)<\/strong><\/li>\n<li><strong>Reparation, kloning och programmering av motorstyrenhet (ECU)<\/strong><\/li>\n<li><strong>SRS (Programmering av styrenhet f\u00f6r krockkuddar)<\/strong><\/li>\n<\/ul>\n<h4><strong>  artiklar skickas inom 3 arbetsdagar.*<\/strong><\/h4>\n","protected":false},"featured_media":20574,"comment_status":"open","ping_status":"closed","template":"","meta":[],"product_brand":[],"product_cat":[4152,4528],"product_tag":[5236,5230],"class_list":{"0":"post-22069","1":"product","2":"type-product","3":"status-publish","4":"has-post-thumbnail","6":"product_cat-bmw-sv","7":"product_cat-nycklar-for-fjarrkontroll","8":"product_tag-bmw-x5-nyckel","9":"product_tag-bmw-nyckel","11":"first","12":"instock","13":"shipping-taxable","14":"purchasable","15":"product-type-simple"},"yoast_head":"<!-- This site is optimized with the Yoast SEO plugin v27.6 - https:\/\/yoast.com\/product\/yoast-seo-wordpress\/ -->\n<title>Fj\u00e4rrkontrollnyckel - l\u00e4mplig f\u00f6r BMW X5-bilar - Keys for auto% %%sidnamn<\/title>\n<meta name=\"robots\" content=\"index, follow, max-snippet:-1, max-image-preview:large, max-video-preview:-1\" \/>\n<link rel=\"canonical\" href=\"https:\/\/keys-for-auto.eu\/sv\/product\/fjarrstyrd-nyckel-som-lampar-sig-for-bmw-x5-bilar\/\" \/>\n<meta property=\"og:locale\" content=\"sv_SE\" \/>\n<meta property=\"og:type\" content=\"article\" \/>\n<meta property=\"og:title\" content=\"Fj\u00e4rrkontrollnyckel - l\u00e4mplig f\u00f6r BMW X5-bilar - Keys for auto% %%sidnamn\" \/>\n<meta property=\"og:description\" content=\"Fj\u00e4rrstyrningsnyckel - l\u00e4mplig f\u00f6r BMW X5-bilar Tillverkning av bilnycklar  Tillverkning av nya bilnycklar, programmering av nycklar (&quot;bindning&quot; till bilen)  Radera tidigare f\u00f6rlorade nycklar fr\u00e5n bilens minne  Tillverkning av t\u00e4ndningsnyckeln enligt l\u00e5set  Reparation av bilnycklar (byte av knappar, skal, mekanismer)  Uppl\u00e5sning av bil i n\u00f6dsituationer  Byte av nycklar, nyckelfodral  Avst\u00e4ngning av DPF- och FAP-programvaran  Programbaserat avl\u00e4gsnande av EGR  Avaktivering av startsp\u00e4rrprogramvaran (immo Off)  Reparation, kloning och programmering av motorstyrenhet (ECU)  SRS (Programmering av styrenhet f\u00f6r krockkuddar)  artiklar skickas inom 3 arbetsdagar.*\" \/>\n<meta property=\"og:url\" content=\"https:\/\/keys-for-auto.eu\/sv\/product\/fjarrstyrd-nyckel-som-lampar-sig-for-bmw-x5-bilar\/\" \/>\n<meta property=\"og:site_name\" content=\"Keys for auto\" \/>\n<meta property=\"article:publisher\" content=\"https:\/\/www.facebook.com\/KeysForAutoEU\" \/>\n<meta property=\"og:image\" content=\"https:\/\/i0.wp.com\/keys-for-auto.eu\/wp-content\/uploads\/2022\/12\/BMW-X5-raktas-500x5001-wpp1665311518589-removebg-preview.png?fit=500%2C500&ssl=1\" \/>\n\t<meta property=\"og:image:width\" content=\"500\" \/>\n\t<meta property=\"og:image:height\" content=\"500\" \/>\n\t<meta property=\"og:image:type\" content=\"image\/png\" \/>\n<meta name=\"twitter:card\" content=\"summary_large_image\" \/>\n<meta name=\"twitter:label1\" content=\"Ber\u00e4knad l\u00e4stid\" \/>\n\t<meta name=\"twitter:data1\" content=\"2 minuter\" \/>\n<script type=\"application\/ld+json\" class=\"yoast-schema-graph\">{\"@context\":\"https:\\\/\\\/schema.org\",\"@graph\":[{\"@type\":[\"WebPage\",\"ItemPage\"],\"@id\":\"https:\\\/\\\/keys-for-auto.eu\\\/sv\\\/product\\\/fjarrstyrd-nyckel-som-lampar-sig-for-bmw-x5-bilar\\\/\",\"url\":\"https:\\\/\\\/keys-for-auto.eu\\\/sv\\\/product\\\/fjarrstyrd-nyckel-som-lampar-sig-for-bmw-x5-bilar\\\/\",\"name\":\"Fj\u00e4rrkontrollnyckel - l\u00e4mplig f\u00f6r BMW X5-bilar - Keys for auto% %%sidnamn\",\"isPartOf\":{\"@id\":\"https:\\\/\\\/keys-for-auto.eu\\\/sv\\\/#website\"},\"primaryImageOfPage\":{\"@id\":\"https:\\\/\\\/keys-for-auto.eu\\\/sv\\\/product\\\/fjarrstyrd-nyckel-som-lampar-sig-for-bmw-x5-bilar\\\/#primaryimage\"},\"image\":{\"@id\":\"https:\\\/\\\/keys-for-auto.eu\\\/sv\\\/product\\\/fjarrstyrd-nyckel-som-lampar-sig-for-bmw-x5-bilar\\\/#primaryimage\"},\"thumbnailUrl\":\"https:\\\/\\\/keys-for-auto.eu\\\/wp-content\\\/uploads\\\/2022\\\/12\\\/BMW-X5-raktas-500x5001-wpp1665311518589-removebg-preview.png\",\"datePublished\":\"2016-04-02T19:02:24+00:00\",\"breadcrumb\":{\"@id\":\"https:\\\/\\\/keys-for-auto.eu\\\/sv\\\/product\\\/fjarrstyrd-nyckel-som-lampar-sig-for-bmw-x5-bilar\\\/#breadcrumb\"},\"inLanguage\":\"sv-SE\",\"potentialAction\":[{\"@type\":\"ReadAction\",\"target\":[\"https:\\\/\\\/keys-for-auto.eu\\\/sv\\\/product\\\/fjarrstyrd-nyckel-som-lampar-sig-for-bmw-x5-bilar\\\/\"]}]},{\"@type\":\"ImageObject\",\"inLanguage\":\"sv-SE\",\"@id\":\"https:\\\/\\\/keys-for-auto.eu\\\/sv\\\/product\\\/fjarrstyrd-nyckel-som-lampar-sig-for-bmw-x5-bilar\\\/#primaryimage\",\"url\":\"https:\\\/\\\/keys-for-auto.eu\\\/wp-content\\\/uploads\\\/2022\\\/12\\\/BMW-X5-raktas-500x5001-wpp1665311518589-removebg-preview.png\",\"contentUrl\":\"https:\\\/\\\/keys-for-auto.eu\\\/wp-content\\\/uploads\\\/2022\\\/12\\\/BMW-X5-raktas-500x5001-wpp1665311518589-removebg-preview.png\",\"width\":500,\"height\":500},{\"@type\":\"BreadcrumbList\",\"@id\":\"https:\\\/\\\/keys-for-auto.eu\\\/sv\\\/product\\\/fjarrstyrd-nyckel-som-lampar-sig-for-bmw-x5-bilar\\\/#breadcrumb\",\"itemListElement\":[{\"@type\":\"ListItem\",\"position\":1,\"name\":\"Hem\",\"item\":\"https:\\\/\\\/keys-for-auto.eu\\\/sv\\\/\"},{\"@type\":\"ListItem\",\"position\":2,\"name\":\"Shop\",\"item\":\"https:\\\/\\\/keys-for-auto.eu\\\/\"},{\"@type\":\"ListItem\",\"position\":3,\"name\":\"Fj\u00e4rrkontrollnyckel &#8211; l\u00e4mplig f\u00f6r BMW X5-bilar\"}]},{\"@type\":\"WebSite\",\"@id\":\"https:\\\/\\\/keys-for-auto.eu\\\/sv\\\/#website\",\"url\":\"https:\\\/\\\/keys-for-auto.eu\\\/sv\\\/\",\"name\":\"Keys for auto\",\"description\":\"Car keys,  key shells, key programming\",\"publisher\":{\"@id\":\"https:\\\/\\\/keys-for-auto.eu\\\/sv\\\/#organization\"},\"potentialAction\":[{\"@type\":\"SearchAction\",\"target\":{\"@type\":\"EntryPoint\",\"urlTemplate\":\"https:\\\/\\\/keys-for-auto.eu\\\/sv\\\/?s={search_term_string}\"},\"query-input\":{\"@type\":\"PropertyValueSpecification\",\"valueRequired\":true,\"valueName\":\"search_term_string\"}}],\"inLanguage\":\"sv-SE\"},{\"@type\":\"Organization\",\"@id\":\"https:\\\/\\\/keys-for-auto.eu\\\/sv\\\/#organization\",\"name\":\"Nycklar f\u00f6r bil\",\"url\":\"https:\\\/\\\/keys-for-auto.eu\\\/sv\\\/\",\"logo\":{\"@type\":\"ImageObject\",\"inLanguage\":\"sv-SE\",\"@id\":\"https:\\\/\\\/keys-for-auto.eu\\\/sv\\\/#\\\/schema\\\/logo\\\/image\\\/\",\"url\":\"https:\\\/\\\/keys-for-auto.eu\\\/wp-content\\\/uploads\\\/2022\\\/11\\\/cropped-png1.png\",\"contentUrl\":\"https:\\\/\\\/keys-for-auto.eu\\\/wp-content\\\/uploads\\\/2022\\\/11\\\/cropped-png1.png\",\"width\":1000,\"height\":342,\"caption\":\"Nycklar f\u00f6r bil\"},\"image\":{\"@id\":\"https:\\\/\\\/keys-for-auto.eu\\\/sv\\\/#\\\/schema\\\/logo\\\/image\\\/\"},\"sameAs\":[\"https:\\\/\\\/www.facebook.com\\\/KeysForAutoEU\"]}]}<\/script>\n<!-- \/ Yoast SEO plugin. -->","yoast_head_json":{"title":"Fj\u00e4rrkontrollnyckel - l\u00e4mplig f\u00f6r BMW X5-bilar - Keys for auto% %%sidnamn","robots":{"index":"index","follow":"follow","max-snippet":"max-snippet:-1","max-image-preview":"max-image-preview:large","max-video-preview":"max-video-preview:-1"},"canonical":"https:\/\/keys-for-auto.eu\/sv\/product\/fjarrstyrd-nyckel-som-lampar-sig-for-bmw-x5-bilar\/","og_locale":"sv_SE","og_type":"article","og_title":"Fj\u00e4rrkontrollnyckel - l\u00e4mplig f\u00f6r BMW X5-bilar - Keys for auto% %%sidnamn","og_description":"Fj\u00e4rrstyrningsnyckel - l\u00e4mplig f\u00f6r BMW X5-bilar Tillverkning av bilnycklar  Tillverkning av nya bilnycklar, programmering av nycklar (\"bindning\" till bilen)  Radera tidigare f\u00f6rlorade nycklar fr\u00e5n bilens minne  Tillverkning av t\u00e4ndningsnyckeln enligt l\u00e5set  Reparation av bilnycklar (byte av knappar, skal, mekanismer)  Uppl\u00e5sning av bil i n\u00f6dsituationer  Byte av nycklar, nyckelfodral  Avst\u00e4ngning av DPF- och FAP-programvaran  Programbaserat avl\u00e4gsnande av EGR  Avaktivering av startsp\u00e4rrprogramvaran (immo Off)  Reparation, kloning och programmering av motorstyrenhet (ECU)  SRS (Programmering av styrenhet f\u00f6r krockkuddar)  artiklar skickas inom 3 arbetsdagar.*","og_url":"https:\/\/keys-for-auto.eu\/sv\/product\/fjarrstyrd-nyckel-som-lampar-sig-for-bmw-x5-bilar\/","og_site_name":"Keys for auto","article_publisher":"https:\/\/www.facebook.com\/KeysForAutoEU","og_image":[{"width":500,"height":500,"url":"https:\/\/i0.wp.com\/keys-for-auto.eu\/wp-content\/uploads\/2022\/12\/BMW-X5-raktas-500x5001-wpp1665311518589-removebg-preview.png?fit=500%2C500&ssl=1","type":"image\/png"}],"twitter_card":"summary_large_image","twitter_misc":{"Ber\u00e4knad l\u00e4stid":"2 minuter"},"schema":{"@context":"https:\/\/schema.org","@graph":[{"@type":["WebPage","ItemPage"],"@id":"https:\/\/keys-for-auto.eu\/sv\/product\/fjarrstyrd-nyckel-som-lampar-sig-for-bmw-x5-bilar\/","url":"https:\/\/keys-for-auto.eu\/sv\/product\/fjarrstyrd-nyckel-som-lampar-sig-for-bmw-x5-bilar\/","name":"Fj\u00e4rrkontrollnyckel - l\u00e4mplig f\u00f6r BMW X5-bilar - Keys for auto% %%sidnamn","isPartOf":{"@id":"https:\/\/keys-for-auto.eu\/sv\/#website"},"primaryImageOfPage":{"@id":"https:\/\/keys-for-auto.eu\/sv\/product\/fjarrstyrd-nyckel-som-lampar-sig-for-bmw-x5-bilar\/#primaryimage"},"image":{"@id":"https:\/\/keys-for-auto.eu\/sv\/product\/fjarrstyrd-nyckel-som-lampar-sig-for-bmw-x5-bilar\/#primaryimage"},"thumbnailUrl":"https:\/\/keys-for-auto.eu\/wp-content\/uploads\/2022\/12\/BMW-X5-raktas-500x5001-wpp1665311518589-removebg-preview.png","datePublished":"2016-04-02T19:02:24+00:00","breadcrumb":{"@id":"https:\/\/keys-for-auto.eu\/sv\/product\/fjarrstyrd-nyckel-som-lampar-sig-for-bmw-x5-bilar\/#breadcrumb"},"inLanguage":"sv-SE","potentialAction":[{"@type":"ReadAction","target":["https:\/\/keys-for-auto.eu\/sv\/product\/fjarrstyrd-nyckel-som-lampar-sig-for-bmw-x5-bilar\/"]}]},{"@type":"ImageObject","inLanguage":"sv-SE","@id":"https:\/\/keys-for-auto.eu\/sv\/product\/fjarrstyrd-nyckel-som-lampar-sig-for-bmw-x5-bilar\/#primaryimage","url":"https:\/\/keys-for-auto.eu\/wp-content\/uploads\/2022\/12\/BMW-X5-raktas-500x5001-wpp1665311518589-removebg-preview.png","contentUrl":"https:\/\/keys-for-auto.eu\/wp-content\/uploads\/2022\/12\/BMW-X5-raktas-500x5001-wpp1665311518589-removebg-preview.png","width":500,"height":500},{"@type":"BreadcrumbList","@id":"https:\/\/keys-for-auto.eu\/sv\/product\/fjarrstyrd-nyckel-som-lampar-sig-for-bmw-x5-bilar\/#breadcrumb","itemListElement":[{"@type":"ListItem","position":1,"name":"Hem","item":"https:\/\/keys-for-auto.eu\/sv\/"},{"@type":"ListItem","position":2,"name":"Shop","item":"https:\/\/keys-for-auto.eu\/"},{"@type":"ListItem","position":3,"name":"Fj\u00e4rrkontrollnyckel &#8211; l\u00e4mplig f\u00f6r BMW X5-bilar"}]},{"@type":"WebSite","@id":"https:\/\/keys-for-auto.eu\/sv\/#website","url":"https:\/\/keys-for-auto.eu\/sv\/","name":"Keys for auto","description":"Car keys,  key shells, key programming","publisher":{"@id":"https:\/\/keys-for-auto.eu\/sv\/#organization"},"potentialAction":[{"@type":"SearchAction","target":{"@type":"EntryPoint","urlTemplate":"https:\/\/keys-for-auto.eu\/sv\/?s={search_term_string}"},"query-input":{"@type":"PropertyValueSpecification","valueRequired":true,"valueName":"search_term_string"}}],"inLanguage":"sv-SE"},{"@type":"Organization","@id":"https:\/\/keys-for-auto.eu\/sv\/#organization","name":"Nycklar f\u00f6r bil","url":"https:\/\/keys-for-auto.eu\/sv\/","logo":{"@type":"ImageObject","inLanguage":"sv-SE","@id":"https:\/\/keys-for-auto.eu\/sv\/#\/schema\/logo\/image\/","url":"https:\/\/keys-for-auto.eu\/wp-content\/uploads\/2022\/11\/cropped-png1.png","contentUrl":"https:\/\/keys-for-auto.eu\/wp-content\/uploads\/2022\/11\/cropped-png1.png","width":1000,"height":342,"caption":"Nycklar f\u00f6r bil"},"image":{"@id":"https:\/\/keys-for-auto.eu\/sv\/#\/schema\/logo\/image\/"},"sameAs":["https:\/\/www.facebook.com\/KeysForAutoEU"]}]}},"_links":{"self":[{"href":"https:\/\/keys-for-auto.eu\/sv\/wp-json\/wp\/v2\/product\/22069","targetHints":{"allow":["GET"]}}],"collection":[{"href":"https:\/\/keys-for-auto.eu\/sv\/wp-json\/wp\/v2\/product"}],"about":[{"href":"https:\/\/keys-for-auto.eu\/sv\/wp-json\/wp\/v2\/types\/product"}],"replies":[{"embeddable":true,"href":"https:\/\/keys-for-auto.eu\/sv\/wp-json\/wp\/v2\/comments?post=22069"}],"wp:featuredmedia":[{"embeddable":true,"href":"https:\/\/keys-for-auto.eu\/sv\/wp-json\/wp\/v2\/media\/20574"}],"wp:attachment":[{"href":"https:\/\/keys-for-auto.eu\/sv\/wp-json\/wp\/v2\/media?parent=22069"}],"wp:term":[{"taxonomy":"product_brand","embeddable":true,"href":"https:\/\/keys-for-auto.eu\/sv\/wp-json\/wp\/v2\/product_brand?post=22069"},{"taxonomy":"product_cat","embeddable":true,"href":"https:\/\/keys-for-auto.eu\/sv\/wp-json\/wp\/v2\/product_cat?post=22069"},{"taxonomy":"product_tag","embeddable":true,"href":"https:\/\/keys-for-auto.eu\/sv\/wp-json\/wp\/v2\/product_tag?post=22069"}],"curies":[{"name":"wp","href":"https:\/\/api.w.org\/{rel}","templated":true}]}}