{"id":22068,"date":"2016-04-02T19:59:05","date_gmt":"2016-04-02T19:59:05","guid":{"rendered":"https:\/\/keys-for-auto.eu\/product\/fjarrkontrollnyckel-ews-lamplig-for-bmw-3-knappar\/"},"modified":"2016-04-02T19:59:05","modified_gmt":"2016-04-02T19:59:05","slug":"fjarrkontroll-key-ews-lamplig-for-bmw-3-knappar","status":"publish","type":"product","link":"https:\/\/keys-for-auto.eu\/sv\/product\/fjarrkontroll-key-ews-lamplig-for-bmw-3-knappar\/","title":{"rendered":"Fj\u00e4rrkontrollnyckel EWS &#8211; l\u00e4mplig f\u00f6r BMW, 3 knappar"},"content":{"rendered":"<p>Fj\u00e4rrkontrollnyckel &#8211; f\u00f6r BMW 3, 5, X-serien (315\/433 MHz, 44 chip, EWS-system), med blad. Ange modell och tillverknings\u00e5r, frekvens och land vid best\u00e4llning. Den h\u00e4r nyckeln passar till f\u00f6ljande modeller:<\/p>\n<p>2001-2005 BMW 325Ci<br \/>\n2001-2005 BMW 330Ci<br \/>\n2001-2005 BMW 330xi Base Sedan 4-d\u00f6rrars<br \/>\n2001-2005 BMW 530i<br \/>\n2004-2005 BMW 645Ci<br \/>\n2002-2005 BMW 745i Base Sedan 4-d\u00f6rrars<br \/>\n2002-2005 BMW 745Li<br \/>\n2004-2005 BMW 760i<br \/>\n2003-2005 BMW 760Li<br \/>\n1999-2005 BMW M3<br \/>\n2004-2005 BMW X3<br \/>\n2001-2005 BMW X5<br \/>\n2003-2005 BMW Z4<br \/>\n2001-2004 BMW 325i<br \/>\n2001-2004 BMW 325xi<br \/>\n2001-2004 BMW 525i<br \/>\n2004 BMW 545i<br \/>\n2001-2003 BMW 330i Base Sedan 4-d\u00f6rrars<br \/>\n1999-2003 BMW 540i<br \/>\n2000-2003 BMW M5 Base Sedan 4-d\u00f6rrars<br \/>\n2000-2003 BMW Z8<br \/>\n1999-2002 BMW Z3<br \/>\n1999-2001 BMW 740i<br \/>\n1999-2001 BMW 740iL<br \/>\n1999-2001 BMW 750iL<br \/>\n2000 BMW 323Ci<br \/>\n1999-2000 BMW 323i<br \/>\n2000 BMW 328Ci<br \/>\n1999-2000 BMW 328i<br \/>\n1999-2000 BMW 528i<br \/>\n1999 BMW 318ti<br \/>\n1999 BMW 323is<\/p>\n<p>Om du \u00e4r intresserad av att k\u00f6pa en 3-knapps fj\u00e4rrnyckel med EWS f\u00f6r BMW 3, 5, 7, X Series bilar, h\u00e4r \u00e4r en kort beskrivning.<\/p>\n<p>Alla f\u00f6rare vet att bilens s\u00e4kerhet \u00e4r en av de viktigaste f\u00f6ruts\u00e4ttningarna f\u00f6r att fordonet ska fungera korrekt. M\u00e5nga s\u00e4kerhetssystem har uppfunnits f\u00f6r att skydda den enskilda bilen fr\u00e5n illvilliga intr\u00e5ng, \u00f6verk\u00f6rningar och andra liknande katastrofer. Vissa biltillverkare, t.ex. BMW, har tagit p\u00e5 sig uppgiften att tillverka st\u00f6ldskyddssystem som en del av grundutrustningen i de ovann\u00e4mnda modellerna. Ett exempel: det EWS-system som vi diskuterar.<\/p>\n<p>Vill du inte bara best\u00e4lla den h\u00e4r fj\u00e4rrnyckeln till din BMW, utan ocks\u00e5 programmera den? Inga problem &#8211; vi programmerar nycklar inte bara f\u00f6r BMW, utan \u00e4ven f\u00f6r m\u00e5nga andra m\u00e4rken och modeller. En EWS-box kr\u00e4vs vid best\u00e4llning av nyckelprogrammering. Vi programmerar nyckeln snabbt och effektivt och du f\u00e5r ett f\u00f6rb\u00e4ttrat bilskydd (tack vare EWS-systemet).<\/p>\n<p>Vi programmerar nycklar professionellt och med s\u00e4rskild uppm\u00e4rksamhet p\u00e5 din bil och dina behov. Kontakta oss f\u00f6r att k\u00f6pa inte bara den h\u00e4r nyckeln utan \u00e4ven nycklar till andra bilar.<\/p>\n<p>Fr\u00e5n och med nu \u00e4r programmering och f\u00f6rs\u00e4ljning av bilnycklar i h\u00e4nderna p\u00e5 en enda p\u00e5litlig k\u00e4lla. Du beh\u00f6ver inte l\u00e4ngre undra var du ska k\u00f6pa eller programmera en nyckel till ditt lojala fordon.<\/p>\n<p>Bilnycklar &#8211; tillverkade och programmerade f\u00f6r dig till ett \u00f6verkomligt pris och med en prestandagaranti. Kontakta oss genom att f\u00f6lja den h\u00e4r l\u00e4nken.<\/p>\n","protected":false},"excerpt":{"rendered":"<p>&#8221;BMW&#8221; |3| |5| |X-serien| Fj\u00e4rrkontrollnyckel med 3 knappar (315\/433 MHz, 44 chip, EWS-system) med blad. Ange modell, bladtyp och tillverknings\u00e5r, frekvens och land vid best\u00e4llning.<\/p>\n<p><strong>Passar f\u00f6r:<\/strong><\/p>\n<p><strong>3-serien (1999 &#8211; 2006);<\/strong><\/p>\n<p><strong>5-serien (1999 &#8211; 2006);<\/strong><\/p>\n<p><strong>7-serien (1999-2005)<\/strong><\/p>\n<p><strong>X3 (2004 &#8211; 2010);<\/strong><\/p>\n<p><strong>X5 (2002 &#8211; 2006);<\/strong><\/p>\n<p><strong>Z4 (2002 &#8211; 2009)<\/strong><\/p>\n<p><em><strong>EWS-box kr\u00e4vs n\u00e4r du best\u00e4ller nyckelprogrammering.<\/strong><\/em><\/p>\n<h3><strong>Tillverkning av bilnycklar<\/strong><\/h3>\n<ul>\n<li><strong>Tillverkning av nya bilnycklar, programmering av nycklar (&#8221;bindning&#8221; till bilen)<\/strong><\/li>\n<li><strong>Radera tidigare f\u00f6rlorade nycklar fr\u00e5n bilens minne<\/strong><\/li>\n<li><strong>Tillverkning av t\u00e4ndningsnyckeln enligt l\u00e5set<\/strong><\/li>\n<li><strong>Reparation av bilnycklar (byte av knappar, skal, mekanismer)<\/strong><\/li>\n<li><strong>Uppl\u00e5sning av bil i n\u00f6dsituationer<\/strong><\/li>\n<li><strong>Byte av nycklar, nyckelfodral<\/strong><\/li>\n<li><strong>Avst\u00e4ngning av DPF- och FAP-programvaran<\/strong><\/li>\n<li><strong>Programbaserat avl\u00e4gsnande av EGR<\/strong><\/li>\n<li><strong>Avaktivering av startsp\u00e4rrprogramvaran (immo Off)<\/strong><\/li>\n<li><strong>Reparation, kloning och programmering av motorstyrenhet (ECU)<\/strong><\/li>\n<li><strong>SRS (Programmering av styrenhet f\u00f6r krockkuddar)<\/strong><\/li>\n<\/ul>\n<h4><strong>  artiklar skickas inom 3 arbetsdagar.*<\/strong><\/h4>\n<p>&nbsp;<\/p>\n<p>&nbsp;<\/p>\n<p>&nbsp;<\/p>\n","protected":false},"featured_media":20568,"comment_status":"open","ping_status":"closed","template":"","meta":[],"product_brand":[],"product_cat":[4152,4528],"product_tag":[5235,5230],"class_list":{"0":"post-22068","1":"product","2":"type-product","3":"status-publish","4":"has-post-thumbnail","6":"product_cat-bmw-sv","7":"product_cat-nycklar-for-fjarrkontroll","8":"product_tag-bmw-3-nyckeln","9":"product_tag-bmw-nyckel","11":"first","12":"instock","13":"shipping-taxable","14":"purchasable","15":"product-type-simple"},"yoast_head":"<!-- This site is optimized with the Yoast SEO plugin v27.6 - https:\/\/yoast.com\/product\/yoast-seo-wordpress\/ -->\n<title>Fj\u00e4rrkontrollnyckel EWS - l\u00e4mplig f\u00f6r BMW, 3 knappar - Keys for auto% %%sidnamn<\/title>\n<meta name=\"robots\" content=\"index, follow, max-snippet:-1, max-image-preview:large, max-video-preview:-1\" \/>\n<link rel=\"canonical\" href=\"https:\/\/keys-for-auto.eu\/sv\/product\/fjarrkontroll-key-ews-lamplig-for-bmw-3-knappar\/\" \/>\n<meta property=\"og:locale\" content=\"sv_SE\" \/>\n<meta property=\"og:type\" content=\"article\" \/>\n<meta property=\"og:title\" content=\"Fj\u00e4rrkontrollnyckel EWS - l\u00e4mplig f\u00f6r BMW, 3 knappar - Keys for auto% %%sidnamn\" \/>\n<meta property=\"og:description\" content=\"&quot;BMW&quot; |3| |5| |X-serien| Fj\u00e4rrkontrollnyckel med 3 knappar (315\/433 MHz, 44 chip, EWS-system) med blad. Ange modell, bladtyp och tillverknings\u00e5r, frekvens och land vid best\u00e4llning. Passar f\u00f6r: 3-serien (1999 - 2006); 5-serien (1999 - 2006); 7-serien (1999-2005) X3 (2004 - 2010); X5 (2002 - 2006); Z4 (2002 - 2009) EWS-box kr\u00e4vs n\u00e4r du best\u00e4ller nyckelprogrammering. Tillverkning av bilnycklar  Tillverkning av nya bilnycklar, programmering av nycklar (&quot;bindning&quot; till bilen)  Radera tidigare f\u00f6rlorade nycklar fr\u00e5n bilens minne  Tillverkning av t\u00e4ndningsnyckeln enligt l\u00e5set  Reparation av bilnycklar (byte av knappar, skal, mekanismer)  Uppl\u00e5sning av bil i n\u00f6dsituationer  Byte av nycklar, nyckelfodral  Avst\u00e4ngning av DPF- och FAP-programvaran  Programbaserat avl\u00e4gsnande av EGR  Avaktivering av startsp\u00e4rrprogramvaran (immo Off)  Reparation, kloning och programmering av motorstyrenhet (ECU)  SRS (Programmering av styrenhet f\u00f6r krockkuddar)  artiklar skickas inom 3 arbetsdagar.* &nbsp; &nbsp; &nbsp;\" \/>\n<meta property=\"og:url\" content=\"https:\/\/keys-for-auto.eu\/sv\/product\/fjarrkontroll-key-ews-lamplig-for-bmw-3-knappar\/\" \/>\n<meta property=\"og:site_name\" content=\"Keys for auto\" \/>\n<meta property=\"article:publisher\" content=\"https:\/\/www.facebook.com\/KeysForAutoEU\" \/>\n<meta property=\"og:image\" content=\"https:\/\/i0.wp.com\/keys-for-auto.eu\/wp-content\/uploads\/2022\/12\/BMW-EWS-raktas.jpg?fit=799%2C699&ssl=1\" \/>\n\t<meta property=\"og:image:width\" content=\"799\" \/>\n\t<meta property=\"og:image:height\" content=\"699\" \/>\n\t<meta property=\"og:image:type\" content=\"image\/jpeg\" \/>\n<meta name=\"twitter:card\" content=\"summary_large_image\" \/>\n<meta name=\"twitter:label1\" content=\"Ber\u00e4knad l\u00e4stid\" \/>\n\t<meta name=\"twitter:data1\" content=\"2 minuter\" \/>\n<script type=\"application\/ld+json\" class=\"yoast-schema-graph\">{\"@context\":\"https:\\\/\\\/schema.org\",\"@graph\":[{\"@type\":[\"WebPage\",\"ItemPage\"],\"@id\":\"https:\\\/\\\/keys-for-auto.eu\\\/sv\\\/product\\\/fjarrkontroll-key-ews-lamplig-for-bmw-3-knappar\\\/\",\"url\":\"https:\\\/\\\/keys-for-auto.eu\\\/sv\\\/product\\\/fjarrkontroll-key-ews-lamplig-for-bmw-3-knappar\\\/\",\"name\":\"Fj\u00e4rrkontrollnyckel EWS - l\u00e4mplig f\u00f6r BMW, 3 knappar - Keys for auto% %%sidnamn\",\"isPartOf\":{\"@id\":\"https:\\\/\\\/keys-for-auto.eu\\\/sv\\\/#website\"},\"primaryImageOfPage\":{\"@id\":\"https:\\\/\\\/keys-for-auto.eu\\\/sv\\\/product\\\/fjarrkontroll-key-ews-lamplig-for-bmw-3-knappar\\\/#primaryimage\"},\"image\":{\"@id\":\"https:\\\/\\\/keys-for-auto.eu\\\/sv\\\/product\\\/fjarrkontroll-key-ews-lamplig-for-bmw-3-knappar\\\/#primaryimage\"},\"thumbnailUrl\":\"https:\\\/\\\/keys-for-auto.eu\\\/wp-content\\\/uploads\\\/2022\\\/12\\\/BMW-EWS-raktas.jpg\",\"datePublished\":\"2016-04-02T19:59:05+00:00\",\"breadcrumb\":{\"@id\":\"https:\\\/\\\/keys-for-auto.eu\\\/sv\\\/product\\\/fjarrkontroll-key-ews-lamplig-for-bmw-3-knappar\\\/#breadcrumb\"},\"inLanguage\":\"sv-SE\",\"potentialAction\":[{\"@type\":\"ReadAction\",\"target\":[\"https:\\\/\\\/keys-for-auto.eu\\\/sv\\\/product\\\/fjarrkontroll-key-ews-lamplig-for-bmw-3-knappar\\\/\"]}]},{\"@type\":\"ImageObject\",\"inLanguage\":\"sv-SE\",\"@id\":\"https:\\\/\\\/keys-for-auto.eu\\\/sv\\\/product\\\/fjarrkontroll-key-ews-lamplig-for-bmw-3-knappar\\\/#primaryimage\",\"url\":\"https:\\\/\\\/keys-for-auto.eu\\\/wp-content\\\/uploads\\\/2022\\\/12\\\/BMW-EWS-raktas.jpg\",\"contentUrl\":\"https:\\\/\\\/keys-for-auto.eu\\\/wp-content\\\/uploads\\\/2022\\\/12\\\/BMW-EWS-raktas.jpg\",\"width\":799,\"height\":699},{\"@type\":\"BreadcrumbList\",\"@id\":\"https:\\\/\\\/keys-for-auto.eu\\\/sv\\\/product\\\/fjarrkontroll-key-ews-lamplig-for-bmw-3-knappar\\\/#breadcrumb\",\"itemListElement\":[{\"@type\":\"ListItem\",\"position\":1,\"name\":\"Hem\",\"item\":\"https:\\\/\\\/keys-for-auto.eu\\\/sv\\\/\"},{\"@type\":\"ListItem\",\"position\":2,\"name\":\"Shop\",\"item\":\"https:\\\/\\\/keys-for-auto.eu\\\/\"},{\"@type\":\"ListItem\",\"position\":3,\"name\":\"Fj\u00e4rrkontrollnyckel EWS &#8211; l\u00e4mplig f\u00f6r BMW, 3 knappar\"}]},{\"@type\":\"WebSite\",\"@id\":\"https:\\\/\\\/keys-for-auto.eu\\\/sv\\\/#website\",\"url\":\"https:\\\/\\\/keys-for-auto.eu\\\/sv\\\/\",\"name\":\"Keys for auto\",\"description\":\"Car keys,  key shells, key programming\",\"publisher\":{\"@id\":\"https:\\\/\\\/keys-for-auto.eu\\\/sv\\\/#organization\"},\"potentialAction\":[{\"@type\":\"SearchAction\",\"target\":{\"@type\":\"EntryPoint\",\"urlTemplate\":\"https:\\\/\\\/keys-for-auto.eu\\\/sv\\\/?s={search_term_string}\"},\"query-input\":{\"@type\":\"PropertyValueSpecification\",\"valueRequired\":true,\"valueName\":\"search_term_string\"}}],\"inLanguage\":\"sv-SE\"},{\"@type\":\"Organization\",\"@id\":\"https:\\\/\\\/keys-for-auto.eu\\\/sv\\\/#organization\",\"name\":\"Nycklar f\u00f6r bil\",\"url\":\"https:\\\/\\\/keys-for-auto.eu\\\/sv\\\/\",\"logo\":{\"@type\":\"ImageObject\",\"inLanguage\":\"sv-SE\",\"@id\":\"https:\\\/\\\/keys-for-auto.eu\\\/sv\\\/#\\\/schema\\\/logo\\\/image\\\/\",\"url\":\"https:\\\/\\\/keys-for-auto.eu\\\/wp-content\\\/uploads\\\/2022\\\/11\\\/cropped-png1.png\",\"contentUrl\":\"https:\\\/\\\/keys-for-auto.eu\\\/wp-content\\\/uploads\\\/2022\\\/11\\\/cropped-png1.png\",\"width\":1000,\"height\":342,\"caption\":\"Nycklar f\u00f6r bil\"},\"image\":{\"@id\":\"https:\\\/\\\/keys-for-auto.eu\\\/sv\\\/#\\\/schema\\\/logo\\\/image\\\/\"},\"sameAs\":[\"https:\\\/\\\/www.facebook.com\\\/KeysForAutoEU\"]}]}<\/script>\n<!-- \/ Yoast SEO plugin. -->","yoast_head_json":{"title":"Fj\u00e4rrkontrollnyckel EWS - l\u00e4mplig f\u00f6r BMW, 3 knappar - Keys for auto% %%sidnamn","robots":{"index":"index","follow":"follow","max-snippet":"max-snippet:-1","max-image-preview":"max-image-preview:large","max-video-preview":"max-video-preview:-1"},"canonical":"https:\/\/keys-for-auto.eu\/sv\/product\/fjarrkontroll-key-ews-lamplig-for-bmw-3-knappar\/","og_locale":"sv_SE","og_type":"article","og_title":"Fj\u00e4rrkontrollnyckel EWS - l\u00e4mplig f\u00f6r BMW, 3 knappar - Keys for auto% %%sidnamn","og_description":"\"BMW\" |3| |5| |X-serien| Fj\u00e4rrkontrollnyckel med 3 knappar (315\/433 MHz, 44 chip, EWS-system) med blad. Ange modell, bladtyp och tillverknings\u00e5r, frekvens och land vid best\u00e4llning. Passar f\u00f6r: 3-serien (1999 - 2006); 5-serien (1999 - 2006); 7-serien (1999-2005) X3 (2004 - 2010); X5 (2002 - 2006); Z4 (2002 - 2009) EWS-box kr\u00e4vs n\u00e4r du best\u00e4ller nyckelprogrammering. Tillverkning av bilnycklar  Tillverkning av nya bilnycklar, programmering av nycklar (\"bindning\" till bilen)  Radera tidigare f\u00f6rlorade nycklar fr\u00e5n bilens minne  Tillverkning av t\u00e4ndningsnyckeln enligt l\u00e5set  Reparation av bilnycklar (byte av knappar, skal, mekanismer)  Uppl\u00e5sning av bil i n\u00f6dsituationer  Byte av nycklar, nyckelfodral  Avst\u00e4ngning av DPF- och FAP-programvaran  Programbaserat avl\u00e4gsnande av EGR  Avaktivering av startsp\u00e4rrprogramvaran (immo Off)  Reparation, kloning och programmering av motorstyrenhet (ECU)  SRS (Programmering av styrenhet f\u00f6r krockkuddar)  artiklar skickas inom 3 arbetsdagar.* &nbsp; &nbsp; &nbsp;","og_url":"https:\/\/keys-for-auto.eu\/sv\/product\/fjarrkontroll-key-ews-lamplig-for-bmw-3-knappar\/","og_site_name":"Keys for auto","article_publisher":"https:\/\/www.facebook.com\/KeysForAutoEU","og_image":[{"width":799,"height":699,"url":"https:\/\/i0.wp.com\/keys-for-auto.eu\/wp-content\/uploads\/2022\/12\/BMW-EWS-raktas.jpg?fit=799%2C699&ssl=1","type":"image\/jpeg"}],"twitter_card":"summary_large_image","twitter_misc":{"Ber\u00e4knad l\u00e4stid":"2 minuter"},"schema":{"@context":"https:\/\/schema.org","@graph":[{"@type":["WebPage","ItemPage"],"@id":"https:\/\/keys-for-auto.eu\/sv\/product\/fjarrkontroll-key-ews-lamplig-for-bmw-3-knappar\/","url":"https:\/\/keys-for-auto.eu\/sv\/product\/fjarrkontroll-key-ews-lamplig-for-bmw-3-knappar\/","name":"Fj\u00e4rrkontrollnyckel EWS - l\u00e4mplig f\u00f6r BMW, 3 knappar - Keys for auto% %%sidnamn","isPartOf":{"@id":"https:\/\/keys-for-auto.eu\/sv\/#website"},"primaryImageOfPage":{"@id":"https:\/\/keys-for-auto.eu\/sv\/product\/fjarrkontroll-key-ews-lamplig-for-bmw-3-knappar\/#primaryimage"},"image":{"@id":"https:\/\/keys-for-auto.eu\/sv\/product\/fjarrkontroll-key-ews-lamplig-for-bmw-3-knappar\/#primaryimage"},"thumbnailUrl":"https:\/\/keys-for-auto.eu\/wp-content\/uploads\/2022\/12\/BMW-EWS-raktas.jpg","datePublished":"2016-04-02T19:59:05+00:00","breadcrumb":{"@id":"https:\/\/keys-for-auto.eu\/sv\/product\/fjarrkontroll-key-ews-lamplig-for-bmw-3-knappar\/#breadcrumb"},"inLanguage":"sv-SE","potentialAction":[{"@type":"ReadAction","target":["https:\/\/keys-for-auto.eu\/sv\/product\/fjarrkontroll-key-ews-lamplig-for-bmw-3-knappar\/"]}]},{"@type":"ImageObject","inLanguage":"sv-SE","@id":"https:\/\/keys-for-auto.eu\/sv\/product\/fjarrkontroll-key-ews-lamplig-for-bmw-3-knappar\/#primaryimage","url":"https:\/\/keys-for-auto.eu\/wp-content\/uploads\/2022\/12\/BMW-EWS-raktas.jpg","contentUrl":"https:\/\/keys-for-auto.eu\/wp-content\/uploads\/2022\/12\/BMW-EWS-raktas.jpg","width":799,"height":699},{"@type":"BreadcrumbList","@id":"https:\/\/keys-for-auto.eu\/sv\/product\/fjarrkontroll-key-ews-lamplig-for-bmw-3-knappar\/#breadcrumb","itemListElement":[{"@type":"ListItem","position":1,"name":"Hem","item":"https:\/\/keys-for-auto.eu\/sv\/"},{"@type":"ListItem","position":2,"name":"Shop","item":"https:\/\/keys-for-auto.eu\/"},{"@type":"ListItem","position":3,"name":"Fj\u00e4rrkontrollnyckel EWS &#8211; l\u00e4mplig f\u00f6r BMW, 3 knappar"}]},{"@type":"WebSite","@id":"https:\/\/keys-for-auto.eu\/sv\/#website","url":"https:\/\/keys-for-auto.eu\/sv\/","name":"Keys for auto","description":"Car keys,  key shells, key programming","publisher":{"@id":"https:\/\/keys-for-auto.eu\/sv\/#organization"},"potentialAction":[{"@type":"SearchAction","target":{"@type":"EntryPoint","urlTemplate":"https:\/\/keys-for-auto.eu\/sv\/?s={search_term_string}"},"query-input":{"@type":"PropertyValueSpecification","valueRequired":true,"valueName":"search_term_string"}}],"inLanguage":"sv-SE"},{"@type":"Organization","@id":"https:\/\/keys-for-auto.eu\/sv\/#organization","name":"Nycklar f\u00f6r bil","url":"https:\/\/keys-for-auto.eu\/sv\/","logo":{"@type":"ImageObject","inLanguage":"sv-SE","@id":"https:\/\/keys-for-auto.eu\/sv\/#\/schema\/logo\/image\/","url":"https:\/\/keys-for-auto.eu\/wp-content\/uploads\/2022\/11\/cropped-png1.png","contentUrl":"https:\/\/keys-for-auto.eu\/wp-content\/uploads\/2022\/11\/cropped-png1.png","width":1000,"height":342,"caption":"Nycklar f\u00f6r bil"},"image":{"@id":"https:\/\/keys-for-auto.eu\/sv\/#\/schema\/logo\/image\/"},"sameAs":["https:\/\/www.facebook.com\/KeysForAutoEU"]}]}},"_links":{"self":[{"href":"https:\/\/keys-for-auto.eu\/sv\/wp-json\/wp\/v2\/product\/22068","targetHints":{"allow":["GET"]}}],"collection":[{"href":"https:\/\/keys-for-auto.eu\/sv\/wp-json\/wp\/v2\/product"}],"about":[{"href":"https:\/\/keys-for-auto.eu\/sv\/wp-json\/wp\/v2\/types\/product"}],"replies":[{"embeddable":true,"href":"https:\/\/keys-for-auto.eu\/sv\/wp-json\/wp\/v2\/comments?post=22068"}],"wp:featuredmedia":[{"embeddable":true,"href":"https:\/\/keys-for-auto.eu\/sv\/wp-json\/wp\/v2\/media\/20568"}],"wp:attachment":[{"href":"https:\/\/keys-for-auto.eu\/sv\/wp-json\/wp\/v2\/media?parent=22068"}],"wp:term":[{"taxonomy":"product_brand","embeddable":true,"href":"https:\/\/keys-for-auto.eu\/sv\/wp-json\/wp\/v2\/product_brand?post=22068"},{"taxonomy":"product_cat","embeddable":true,"href":"https:\/\/keys-for-auto.eu\/sv\/wp-json\/wp\/v2\/product_cat?post=22068"},{"taxonomy":"product_tag","embeddable":true,"href":"https:\/\/keys-for-auto.eu\/sv\/wp-json\/wp\/v2\/product_tag?post=22068"}],"curies":[{"name":"wp","href":"https:\/\/api.w.org\/{rel}","templated":true}]}}