{"id":22056,"date":"2016-04-02T18:54:11","date_gmt":"2016-04-02T18:54:11","guid":{"rendered":"https:\/\/keys-for-auto.eu\/product\/fjarrkontrollnyckel-lamplig-for-audi-a2-a3-a4-a6-a8-2-3-knappar\/"},"modified":"2016-04-02T18:54:11","modified_gmt":"2016-04-02T18:54:11","slug":"remote-control-key-suitable-for-audi-a2-a3-a4-a6-a8-2-3-buttons","status":"publish","type":"product","link":"https:\/\/keys-for-auto.eu\/sv\/product\/remote-control-key-suitable-for-audi-a2-a3-a4-a6-a8-2-3-buttons\/","title":{"rendered":"Fj\u00e4rrkontrollnyckel &#8211; l\u00e4mplig f\u00f6r Audi A2 | A3 | A4 | A6 | A8, (2\/3 knappar)"},"content":{"rendered":"<h2><strong>Nyckel l\u00e4mplig f\u00f6r Audi-bilar, fj\u00e4rrkontroll<\/strong><\/h2>\n<p>Audi-nyckel, fj\u00e4rrkontroll och transponder, l\u00e4mplig f\u00f6r A2, A3, A4, A6, A8. Ange antal knappar och serienummer n\u00e4r du best\u00e4ller. Knappfunktioner: uppl\u00e5sning, l\u00e5sning, \u00f6ppning av bagageutrymmet eller (2-knappsnyckel): uppl\u00e5sning och l\u00e5sning. Om du beh\u00f6ver en fj\u00e4rrnyckel till din Audi kan du best\u00e4lla den i v\u00e5r webbshop nu! Den medf\u00f6ljande transpondern garanterar s\u00e4kerheten f\u00f6r din Audi-bil, eftersom den \u00e4r utformad f\u00f6r att identifiera bilens \u00e4gare och ger ett extra skydd mot driftning.<\/p>\n<p>Eller \u00e4r det kanske dags att programmera nycklarna till din Audi? Vi f\u00f6rst\u00e5r att det \u00e4r viktigt att programmera dina bilnycklar f\u00f6r att garantera s\u00e4kerheten f\u00f6r ditt fyrhjuliga fordon. Vi har programmerat nycklar i flera \u00e5r och \u00e4r \u00f6vertygade om kvaliteten p\u00e5 v\u00e5rt arbete. V\u00e5r kundkrets v\u00e4xer och fler och fler m\u00e4nniskor litar p\u00e5 oss n\u00e4r det g\u00e4ller s\u00e4kerheten f\u00f6r sin bil. L\u00e4mna programmeringen av dina Audi-nycklar till oss s\u00e5 beh\u00f6ver du aldrig mer oroa dig f\u00f6r din bils s\u00e4kerhet. Vi programmerar dina nycklar. Vi skickar dock best\u00e4llningar fr\u00e5n v\u00e5r webbshop (om du planerar att k\u00f6pa fj\u00e4rrnycklar eller ett nyckelfodral) med rekommenderad post i hela Litauen.<\/p>\n<p>Programmering av bilnycklar \u00e4r v\u00e5r specialitet. Vi kan med s\u00e4kerhet s\u00e4ga att vi erbjuder kvalitetstj\u00e4nster och produkter f\u00f6r din Audi eller annan bil. I v\u00e5r webbshop hittar du konkurrenskraftiga priser f\u00f6r programmering av bilnycklar, trevlig och snabb service och ett brett utbud av tj\u00e4nster. Nyckeltillverkning \u00e4r en verksamhet som kr\u00e4ver ansvar, professionalism och den senaste tekniken. Vi har kombinerat dessa egenskaper f\u00f6r att utrusta din bil med den senaste tekniken (startsp\u00e4rrar, transpondrar och nycklar som programmerats av v\u00e5rt f\u00f6retag) och p\u00e5 s\u00e5 s\u00e4tt garantera din bils s\u00e4kerhet.<\/p>\n<p>http:\/\/raktai-automobiliams.lt-teamets credo \u00e4r: att arbeta f\u00f6r att garantera s\u00e4kerheten f\u00f6r dig och dina n\u00e4ra och k\u00e4ra n\u00e4r du reser med bil och att se till att de produkter och tj\u00e4nster vi s\u00e4ljer \u00e4r i linje med modern fordonsteknik, vilket underl\u00e4ttar f\u00f6rarens arbete.<\/p>\n<p>Bes\u00f6k v\u00e5r webbplats 24 timmar om dygnet \/ 7 dagar i veckan och du kommer att bli positivt \u00f6verraskad av kvaliteten och snabbheten i v\u00e5r service och v\u00e5ra f\u00f6rm\u00e5nliga priser!<\/p>\n","protected":false},"excerpt":{"rendered":"<p><strong>Nycklar som passar till Audi-bilar, med fj\u00e4rrkontroll och transponder, f\u00f6r:<\/strong><\/p>\n<p><strong>A2,A3,A4,A6,A8 modeller.<\/strong><\/p>\n<p><strong>4D0 837 231 K 433Mhz<\/strong><\/p>\n<p><strong>Passar f\u00f6r: <\/strong><br \/>\n<strong>2002 &#8211; 2005 A6<\/strong><br \/>\n<strong>2002 &#8211; 2005 A6 Allroad<\/strong><br \/>\n<strong>2003 &#8211; 2006 RS6<\/strong><br \/>\n<strong>2003 &#8211; 2006 TT<\/strong><\/p>\n<p><strong>4D0 837 231 N eller 4D0 837 231 A<\/strong><\/p>\n<p><strong>Passar f\u00f6r:<\/strong><br \/>\n<strong>1999 &#8211; 2003 A3<\/strong><br \/>\n<strong>1998 &#8211; 2002 TT<\/strong><br \/>\n<strong>1999 &#8211; 2001 A4 \/ A4 Quattro<\/strong><br \/>\n<strong>1998 &#8211; 2004 A6 \/ A6 Quattro<\/strong><br \/>\n<strong>2000 &#8211; 2005 A6 Allroad<\/strong><br \/>\n<strong>1997 &#8211; 2003 A8 \/ A8 Quattro<\/strong><br \/>\n<strong>2000 &#8211; 2002 RS4<\/strong><\/p>\n<p><strong>Ange antal knappar och serienummer vid best\u00e4llning.<\/strong><\/p>\n<h3><strong>Tillverkning av bilnycklar<\/strong><\/h3>\n<ul>\n<li><strong>Tillverkning av nya bilnycklar, programmering av nycklar (&#8221;bindning&#8221; till bilen)<\/strong><\/li>\n<li><strong>Radera tidigare f\u00f6rlorade nycklar fr\u00e5n bilens minne<\/strong><\/li>\n<li><strong>Tillverkning av t\u00e4ndningsnyckeln enligt l\u00e5set<\/strong><\/li>\n<li><strong>Reparation av bilnycklar (byte av knappar, skal, mekanismer)<\/strong><\/li>\n<li><strong>Uppl\u00e5sning av bil i n\u00f6dsituationer<\/strong><\/li>\n<li><strong>Byte av nycklar, nyckelfodral<\/strong><\/li>\n<li><strong>Avst\u00e4ngning av DPF- och FAP-programvaran<\/strong><\/li>\n<li><strong>Programbaserat avl\u00e4gsnande av EGR<\/strong><\/li>\n<li><strong>Avaktivering av startsp\u00e4rrprogramvaran (immo Off)<\/strong><\/li>\n<li><strong>Reparation, kloning och programmering av motorstyrenhet (ECU)<\/strong><\/li>\n<li><strong>SRS (Programmering av styrenhet f\u00f6r krockkuddar)<\/strong><\/li>\n<\/ul>\n<h4><strong>  artiklar skickas inom 3 arbetsdagar.*<\/strong><\/h4>\n","protected":false},"featured_media":20520,"comment_status":"open","ping_status":"closed","template":"","meta":[],"product_brand":[],"product_cat":[4210,4528],"product_tag":[5209,5212,5179,5184,5214,5176],"class_list":{"0":"post-22056","1":"product","2":"type-product","3":"status-publish","4":"has-post-thumbnail","6":"product_cat-audi-sv","7":"product_cat-nycklar-for-fjarrkontroll","8":"product_tag-audi-a2-nyckel","9":"product_tag-audi-a3-nyckel","10":"product_tag-audi-a4-nyckel","11":"product_tag-audi-a6-nyckel","12":"product_tag-audi-a8-nyckel","13":"product_tag-audi-nyckel","15":"first","16":"instock","17":"shipping-taxable","18":"purchasable","19":"product-type-simple"},"yoast_head":"<!-- This site is optimized with the Yoast SEO plugin v27.3 - https:\/\/yoast.com\/product\/yoast-seo-wordpress\/ -->\n<title>Fj\u00e4rrkontrollnyckel - l\u00e4mplig f\u00f6r Audi A2 | A3 | A4 | A6 | A8, (2\/3 knappar) - Keys for auto% %%sidnamn<\/title>\n<meta name=\"robots\" content=\"index, follow, max-snippet:-1, max-image-preview:large, max-video-preview:-1\" \/>\n<link rel=\"canonical\" href=\"https:\/\/keys-for-auto.eu\/sv\/product\/remote-control-key-suitable-for-audi-a2-a3-a4-a6-a8-2-3-buttons\/\" \/>\n<meta property=\"og:locale\" content=\"sv_SE\" \/>\n<meta property=\"og:type\" content=\"article\" \/>\n<meta property=\"og:title\" content=\"Fj\u00e4rrkontrollnyckel - l\u00e4mplig f\u00f6r Audi A2 | A3 | A4 | A6 | A8, (2\/3 knappar) - Keys for auto% %%sidnamn\" \/>\n<meta property=\"og:description\" content=\"Nycklar som passar till Audi-bilar, med fj\u00e4rrkontroll och transponder, f\u00f6r: A2,A3,A4,A6,A8 modeller. 4D0 837 231 K 433Mhz Passar f\u00f6r: 2002 - 2005 A6 2002 - 2005 A6 Allroad 2003 - 2006 RS6 2003 - 2006 TT 4D0 837 231 N eller 4D0 837 231 A Passar f\u00f6r: 1999 - 2003 A3 1998 - 2002 TT 1999 - 2001 A4 \/ A4 Quattro 1998 - 2004 A6 \/ A6 Quattro 2000 - 2005 A6 Allroad 1997 - 2003 A8 \/ A8 Quattro 2000 - 2002 RS4 Ange antal knappar och serienummer vid best\u00e4llning. Tillverkning av bilnycklar  Tillverkning av nya bilnycklar, programmering av nycklar (&quot;bindning&quot; till bilen)  Radera tidigare f\u00f6rlorade nycklar fr\u00e5n bilens minne  Tillverkning av t\u00e4ndningsnyckeln enligt l\u00e5set  Reparation av bilnycklar (byte av knappar, skal, mekanismer)  Uppl\u00e5sning av bil i n\u00f6dsituationer  Byte av nycklar, nyckelfodral  Avst\u00e4ngning av DPF- och FAP-programvaran  Programbaserat avl\u00e4gsnande av EGR  Avaktivering av startsp\u00e4rrprogramvaran (immo Off)  Reparation, kloning och programmering av motorstyrenhet (ECU)  SRS (Programmering av styrenhet f\u00f6r krockkuddar)  artiklar skickas inom 3 arbetsdagar.*\" \/>\n<meta property=\"og:url\" content=\"https:\/\/keys-for-auto.eu\/sv\/product\/remote-control-key-suitable-for-audi-a2-a3-a4-a6-a8-2-3-buttons\/\" \/>\n<meta property=\"og:site_name\" content=\"Keys for auto\" \/>\n<meta property=\"article:publisher\" content=\"https:\/\/www.facebook.com\/KeysForAutoEU\" \/>\n<meta property=\"og:image\" content=\"https:\/\/i0.wp.com\/keys-for-auto.eu\/wp-content\/uploads\/2022\/12\/Audi-A2-A3-A4-A6-A8-3-mygtuku-500x5002-wpp1665154203566-removebg-preview.png?fit=500%2C500&ssl=1\" \/>\n\t<meta property=\"og:image:width\" content=\"500\" \/>\n\t<meta property=\"og:image:height\" content=\"500\" \/>\n\t<meta property=\"og:image:type\" content=\"image\/png\" \/>\n<meta name=\"twitter:card\" content=\"summary_large_image\" \/>\n<meta name=\"twitter:label1\" content=\"Ber\u00e4knad l\u00e4stid\" \/>\n\t<meta name=\"twitter:data1\" content=\"2 minuter\" \/>\n<script type=\"application\/ld+json\" class=\"yoast-schema-graph\">{\"@context\":\"https:\\\/\\\/schema.org\",\"@graph\":[{\"@type\":[\"WebPage\",\"ItemPage\"],\"@id\":\"https:\\\/\\\/keys-for-auto.eu\\\/sv\\\/product\\\/remote-control-key-suitable-for-audi-a2-a3-a4-a6-a8-2-3-buttons\\\/\",\"url\":\"https:\\\/\\\/keys-for-auto.eu\\\/sv\\\/product\\\/remote-control-key-suitable-for-audi-a2-a3-a4-a6-a8-2-3-buttons\\\/\",\"name\":\"Fj\u00e4rrkontrollnyckel - l\u00e4mplig f\u00f6r Audi A2 | A3 | A4 | A6 | A8, (2\\\/3 knappar) - Keys for auto% %%sidnamn\",\"isPartOf\":{\"@id\":\"https:\\\/\\\/keys-for-auto.eu\\\/sv\\\/#website\"},\"primaryImageOfPage\":{\"@id\":\"https:\\\/\\\/keys-for-auto.eu\\\/sv\\\/product\\\/remote-control-key-suitable-for-audi-a2-a3-a4-a6-a8-2-3-buttons\\\/#primaryimage\"},\"image\":{\"@id\":\"https:\\\/\\\/keys-for-auto.eu\\\/sv\\\/product\\\/remote-control-key-suitable-for-audi-a2-a3-a4-a6-a8-2-3-buttons\\\/#primaryimage\"},\"thumbnailUrl\":\"https:\\\/\\\/keys-for-auto.eu\\\/wp-content\\\/uploads\\\/2022\\\/12\\\/Audi-A2-A3-A4-A6-A8-3-mygtuku-500x5002-wpp1665154203566-removebg-preview.png\",\"datePublished\":\"2016-04-02T18:54:11+00:00\",\"breadcrumb\":{\"@id\":\"https:\\\/\\\/keys-for-auto.eu\\\/sv\\\/product\\\/remote-control-key-suitable-for-audi-a2-a3-a4-a6-a8-2-3-buttons\\\/#breadcrumb\"},\"inLanguage\":\"sv-SE\",\"potentialAction\":[{\"@type\":\"ReadAction\",\"target\":[\"https:\\\/\\\/keys-for-auto.eu\\\/sv\\\/product\\\/remote-control-key-suitable-for-audi-a2-a3-a4-a6-a8-2-3-buttons\\\/\"]}]},{\"@type\":\"ImageObject\",\"inLanguage\":\"sv-SE\",\"@id\":\"https:\\\/\\\/keys-for-auto.eu\\\/sv\\\/product\\\/remote-control-key-suitable-for-audi-a2-a3-a4-a6-a8-2-3-buttons\\\/#primaryimage\",\"url\":\"https:\\\/\\\/keys-for-auto.eu\\\/wp-content\\\/uploads\\\/2022\\\/12\\\/Audi-A2-A3-A4-A6-A8-3-mygtuku-500x5002-wpp1665154203566-removebg-preview.png\",\"contentUrl\":\"https:\\\/\\\/keys-for-auto.eu\\\/wp-content\\\/uploads\\\/2022\\\/12\\\/Audi-A2-A3-A4-A6-A8-3-mygtuku-500x5002-wpp1665154203566-removebg-preview.png\",\"width\":500,\"height\":500},{\"@type\":\"BreadcrumbList\",\"@id\":\"https:\\\/\\\/keys-for-auto.eu\\\/sv\\\/product\\\/remote-control-key-suitable-for-audi-a2-a3-a4-a6-a8-2-3-buttons\\\/#breadcrumb\",\"itemListElement\":[{\"@type\":\"ListItem\",\"position\":1,\"name\":\"Hem\",\"item\":\"https:\\\/\\\/keys-for-auto.eu\\\/sv\\\/\"},{\"@type\":\"ListItem\",\"position\":2,\"name\":\"Shop\",\"item\":\"https:\\\/\\\/keys-for-auto.eu\\\/\"},{\"@type\":\"ListItem\",\"position\":3,\"name\":\"Fj\u00e4rrkontrollnyckel &#8211; l\u00e4mplig f\u00f6r Audi A2 | A3 | A4 | A6 | A8, (2\\\/3 knappar)\"}]},{\"@type\":\"WebSite\",\"@id\":\"https:\\\/\\\/keys-for-auto.eu\\\/sv\\\/#website\",\"url\":\"https:\\\/\\\/keys-for-auto.eu\\\/sv\\\/\",\"name\":\"Keys for auto\",\"description\":\"Car keys,  key shells, key programming\",\"publisher\":{\"@id\":\"https:\\\/\\\/keys-for-auto.eu\\\/sv\\\/#organization\"},\"potentialAction\":[{\"@type\":\"SearchAction\",\"target\":{\"@type\":\"EntryPoint\",\"urlTemplate\":\"https:\\\/\\\/keys-for-auto.eu\\\/sv\\\/?s={search_term_string}\"},\"query-input\":{\"@type\":\"PropertyValueSpecification\",\"valueRequired\":true,\"valueName\":\"search_term_string\"}}],\"inLanguage\":\"sv-SE\"},{\"@type\":\"Organization\",\"@id\":\"https:\\\/\\\/keys-for-auto.eu\\\/sv\\\/#organization\",\"name\":\"Nycklar f\u00f6r bil\",\"url\":\"https:\\\/\\\/keys-for-auto.eu\\\/sv\\\/\",\"logo\":{\"@type\":\"ImageObject\",\"inLanguage\":\"sv-SE\",\"@id\":\"https:\\\/\\\/keys-for-auto.eu\\\/sv\\\/#\\\/schema\\\/logo\\\/image\\\/\",\"url\":\"https:\\\/\\\/keys-for-auto.eu\\\/wp-content\\\/uploads\\\/2022\\\/11\\\/cropped-png1.png\",\"contentUrl\":\"https:\\\/\\\/keys-for-auto.eu\\\/wp-content\\\/uploads\\\/2022\\\/11\\\/cropped-png1.png\",\"width\":1000,\"height\":342,\"caption\":\"Nycklar f\u00f6r bil\"},\"image\":{\"@id\":\"https:\\\/\\\/keys-for-auto.eu\\\/sv\\\/#\\\/schema\\\/logo\\\/image\\\/\"},\"sameAs\":[\"https:\\\/\\\/www.facebook.com\\\/KeysForAutoEU\"]}]}<\/script>\n<!-- \/ Yoast SEO plugin. -->","yoast_head_json":{"title":"Fj\u00e4rrkontrollnyckel - l\u00e4mplig f\u00f6r Audi A2 | A3 | A4 | A6 | A8, (2\/3 knappar) - Keys for auto% %%sidnamn","robots":{"index":"index","follow":"follow","max-snippet":"max-snippet:-1","max-image-preview":"max-image-preview:large","max-video-preview":"max-video-preview:-1"},"canonical":"https:\/\/keys-for-auto.eu\/sv\/product\/remote-control-key-suitable-for-audi-a2-a3-a4-a6-a8-2-3-buttons\/","og_locale":"sv_SE","og_type":"article","og_title":"Fj\u00e4rrkontrollnyckel - l\u00e4mplig f\u00f6r Audi A2 | A3 | A4 | A6 | A8, (2\/3 knappar) - Keys for auto% %%sidnamn","og_description":"Nycklar som passar till Audi-bilar, med fj\u00e4rrkontroll och transponder, f\u00f6r: A2,A3,A4,A6,A8 modeller. 4D0 837 231 K 433Mhz Passar f\u00f6r: 2002 - 2005 A6 2002 - 2005 A6 Allroad 2003 - 2006 RS6 2003 - 2006 TT 4D0 837 231 N eller 4D0 837 231 A Passar f\u00f6r: 1999 - 2003 A3 1998 - 2002 TT 1999 - 2001 A4 \/ A4 Quattro 1998 - 2004 A6 \/ A6 Quattro 2000 - 2005 A6 Allroad 1997 - 2003 A8 \/ A8 Quattro 2000 - 2002 RS4 Ange antal knappar och serienummer vid best\u00e4llning. Tillverkning av bilnycklar  Tillverkning av nya bilnycklar, programmering av nycklar (\"bindning\" till bilen)  Radera tidigare f\u00f6rlorade nycklar fr\u00e5n bilens minne  Tillverkning av t\u00e4ndningsnyckeln enligt l\u00e5set  Reparation av bilnycklar (byte av knappar, skal, mekanismer)  Uppl\u00e5sning av bil i n\u00f6dsituationer  Byte av nycklar, nyckelfodral  Avst\u00e4ngning av DPF- och FAP-programvaran  Programbaserat avl\u00e4gsnande av EGR  Avaktivering av startsp\u00e4rrprogramvaran (immo Off)  Reparation, kloning och programmering av motorstyrenhet (ECU)  SRS (Programmering av styrenhet f\u00f6r krockkuddar)  artiklar skickas inom 3 arbetsdagar.*","og_url":"https:\/\/keys-for-auto.eu\/sv\/product\/remote-control-key-suitable-for-audi-a2-a3-a4-a6-a8-2-3-buttons\/","og_site_name":"Keys for auto","article_publisher":"https:\/\/www.facebook.com\/KeysForAutoEU","og_image":[{"width":500,"height":500,"url":"https:\/\/i0.wp.com\/keys-for-auto.eu\/wp-content\/uploads\/2022\/12\/Audi-A2-A3-A4-A6-A8-3-mygtuku-500x5002-wpp1665154203566-removebg-preview.png?fit=500%2C500&ssl=1","type":"image\/png"}],"twitter_card":"summary_large_image","twitter_misc":{"Ber\u00e4knad l\u00e4stid":"2 minuter"},"schema":{"@context":"https:\/\/schema.org","@graph":[{"@type":["WebPage","ItemPage"],"@id":"https:\/\/keys-for-auto.eu\/sv\/product\/remote-control-key-suitable-for-audi-a2-a3-a4-a6-a8-2-3-buttons\/","url":"https:\/\/keys-for-auto.eu\/sv\/product\/remote-control-key-suitable-for-audi-a2-a3-a4-a6-a8-2-3-buttons\/","name":"Fj\u00e4rrkontrollnyckel - l\u00e4mplig f\u00f6r Audi A2 | A3 | A4 | A6 | A8, (2\/3 knappar) - Keys for auto% %%sidnamn","isPartOf":{"@id":"https:\/\/keys-for-auto.eu\/sv\/#website"},"primaryImageOfPage":{"@id":"https:\/\/keys-for-auto.eu\/sv\/product\/remote-control-key-suitable-for-audi-a2-a3-a4-a6-a8-2-3-buttons\/#primaryimage"},"image":{"@id":"https:\/\/keys-for-auto.eu\/sv\/product\/remote-control-key-suitable-for-audi-a2-a3-a4-a6-a8-2-3-buttons\/#primaryimage"},"thumbnailUrl":"https:\/\/keys-for-auto.eu\/wp-content\/uploads\/2022\/12\/Audi-A2-A3-A4-A6-A8-3-mygtuku-500x5002-wpp1665154203566-removebg-preview.png","datePublished":"2016-04-02T18:54:11+00:00","breadcrumb":{"@id":"https:\/\/keys-for-auto.eu\/sv\/product\/remote-control-key-suitable-for-audi-a2-a3-a4-a6-a8-2-3-buttons\/#breadcrumb"},"inLanguage":"sv-SE","potentialAction":[{"@type":"ReadAction","target":["https:\/\/keys-for-auto.eu\/sv\/product\/remote-control-key-suitable-for-audi-a2-a3-a4-a6-a8-2-3-buttons\/"]}]},{"@type":"ImageObject","inLanguage":"sv-SE","@id":"https:\/\/keys-for-auto.eu\/sv\/product\/remote-control-key-suitable-for-audi-a2-a3-a4-a6-a8-2-3-buttons\/#primaryimage","url":"https:\/\/keys-for-auto.eu\/wp-content\/uploads\/2022\/12\/Audi-A2-A3-A4-A6-A8-3-mygtuku-500x5002-wpp1665154203566-removebg-preview.png","contentUrl":"https:\/\/keys-for-auto.eu\/wp-content\/uploads\/2022\/12\/Audi-A2-A3-A4-A6-A8-3-mygtuku-500x5002-wpp1665154203566-removebg-preview.png","width":500,"height":500},{"@type":"BreadcrumbList","@id":"https:\/\/keys-for-auto.eu\/sv\/product\/remote-control-key-suitable-for-audi-a2-a3-a4-a6-a8-2-3-buttons\/#breadcrumb","itemListElement":[{"@type":"ListItem","position":1,"name":"Hem","item":"https:\/\/keys-for-auto.eu\/sv\/"},{"@type":"ListItem","position":2,"name":"Shop","item":"https:\/\/keys-for-auto.eu\/"},{"@type":"ListItem","position":3,"name":"Fj\u00e4rrkontrollnyckel &#8211; l\u00e4mplig f\u00f6r Audi A2 | A3 | A4 | A6 | A8, (2\/3 knappar)"}]},{"@type":"WebSite","@id":"https:\/\/keys-for-auto.eu\/sv\/#website","url":"https:\/\/keys-for-auto.eu\/sv\/","name":"Keys for auto","description":"Car keys,  key shells, key programming","publisher":{"@id":"https:\/\/keys-for-auto.eu\/sv\/#organization"},"potentialAction":[{"@type":"SearchAction","target":{"@type":"EntryPoint","urlTemplate":"https:\/\/keys-for-auto.eu\/sv\/?s={search_term_string}"},"query-input":{"@type":"PropertyValueSpecification","valueRequired":true,"valueName":"search_term_string"}}],"inLanguage":"sv-SE"},{"@type":"Organization","@id":"https:\/\/keys-for-auto.eu\/sv\/#organization","name":"Nycklar f\u00f6r bil","url":"https:\/\/keys-for-auto.eu\/sv\/","logo":{"@type":"ImageObject","inLanguage":"sv-SE","@id":"https:\/\/keys-for-auto.eu\/sv\/#\/schema\/logo\/image\/","url":"https:\/\/keys-for-auto.eu\/wp-content\/uploads\/2022\/11\/cropped-png1.png","contentUrl":"https:\/\/keys-for-auto.eu\/wp-content\/uploads\/2022\/11\/cropped-png1.png","width":1000,"height":342,"caption":"Nycklar f\u00f6r bil"},"image":{"@id":"https:\/\/keys-for-auto.eu\/sv\/#\/schema\/logo\/image\/"},"sameAs":["https:\/\/www.facebook.com\/KeysForAutoEU"]}]}},"_links":{"self":[{"href":"https:\/\/keys-for-auto.eu\/sv\/wp-json\/wp\/v2\/product\/22056","targetHints":{"allow":["GET"]}}],"collection":[{"href":"https:\/\/keys-for-auto.eu\/sv\/wp-json\/wp\/v2\/product"}],"about":[{"href":"https:\/\/keys-for-auto.eu\/sv\/wp-json\/wp\/v2\/types\/product"}],"replies":[{"embeddable":true,"href":"https:\/\/keys-for-auto.eu\/sv\/wp-json\/wp\/v2\/comments?post=22056"}],"wp:featuredmedia":[{"embeddable":true,"href":"https:\/\/keys-for-auto.eu\/sv\/wp-json\/wp\/v2\/media\/20520"}],"wp:attachment":[{"href":"https:\/\/keys-for-auto.eu\/sv\/wp-json\/wp\/v2\/media?parent=22056"}],"wp:term":[{"taxonomy":"product_brand","embeddable":true,"href":"https:\/\/keys-for-auto.eu\/sv\/wp-json\/wp\/v2\/product_brand?post=22056"},{"taxonomy":"product_cat","embeddable":true,"href":"https:\/\/keys-for-auto.eu\/sv\/wp-json\/wp\/v2\/product_cat?post=22056"},{"taxonomy":"product_tag","embeddable":true,"href":"https:\/\/keys-for-auto.eu\/sv\/wp-json\/wp\/v2\/product_tag?post=22056"}],"curies":[{"name":"wp","href":"https:\/\/api.w.org\/{rel}","templated":true}]}}