{"id":21999,"date":"2016-04-02T10:33:55","date_gmt":"2016-04-02T10:33:55","guid":{"rendered":"https:\/\/keys-for-auto.eu\/product\/fjarrkontrollskal-med-tre-knappar-passar-till-volvo-s40-v40-s70-c70-v70\/"},"modified":"2016-04-02T10:33:55","modified_gmt":"2016-04-02T10:33:55","slug":"three-button-remote-control-shell-suitable-for-volvo-s40-v40-s70-c70-v70","status":"publish","type":"product","link":"https:\/\/keys-for-auto.eu\/sv\/product\/three-button-remote-control-shell-suitable-for-volvo-s40-v40-s70-c70-v70\/","title":{"rendered":"Fj\u00e4rrkontrollskal med tre knappar &#8211; passar till Volvo S40 | V40 | S70 | C70 | V70"},"content":{"rendered":"<p><strong>Passar f\u00f6r: Volvo S40, V40, S70, C70, V70 &#8211; Fj\u00e4rrkontroll med tre knappar<\/strong><\/p>\n<p><strong>Vi presenterar Volvo S40, V40, S70, C70, V70 med tre knappars fj\u00e4rrkontroll.<\/strong><\/p>\n<p>Nyckelskal \u00e4r inte eviga. Om ditt Volvo-nyckelh\u00f6lje har blivit slitet eller g\u00e5tt s\u00f6nder erbjuder vi dig d\u00e4rf\u00f6r ett nytt. Vi s\u00e4ljer inte bara nyckelfodral utan \u00e4ven fj\u00e4rrkontrollnycklar. Vi programmerar \u00e4ven nycklar. Dessa tj\u00e4nster blir alltmer popul\u00e4ra. M\u00e5nga moderna bilar l\u00e5ses upp\/l\u00e5ses och startas med hj\u00e4lp av specialutrustning. D\u00e4rf\u00f6r beh\u00f6ver vi specialister som kan programmera nycklar.<\/p>\n<p>Vi programmerar nycklar. Dina resekostnader kommer att vara v\u00e4rda det tack vare v\u00e5r kundv\u00e4nliga priss\u00e4ttning och professionella service. Vi bjuder ocks\u00e5 in dig att ta en titt p\u00e5 v\u00e5rt andra verksamhetsomr\u00e5de: reparation och programmering av Renault t\u00e4ndkort. Vi s\u00e4ljer ocks\u00e5 nya Renault t\u00e4ndkortshus. F\u00e5 alla varor och tj\u00e4nster du beh\u00f6ver p\u00e5 ett och samma st\u00e4lle p\u00e5 v\u00e5rt huvudkontor.<\/p>\n<p>Programmering av bilnycklar \u00e4r ett omr\u00e5de d\u00e4r du kan lita p\u00e5 oss! Nyckeltillverkning \u00e4r ett konkurrensutsatt omr\u00e5de d\u00e4r endast de starkaste \u00f6verlever. S\u00e5 tveka inte att anf\u00f6rtro oss din programmering av bilnycklar. Bilnycklar och bilnyckelh\u00f6ljen &#8211; vi erbjuder ett komplett utbud av tj\u00e4nster och produkter som \u00e4r viktiga f\u00f6r bilf\u00f6rare.<\/p>\n<p>Vi erbjuder ocks\u00e5 en akut uppl\u00e5ningstj\u00e4nst f\u00f6r bilar. Ibland finns det svarta dagar d\u00e5 saker och ting g\u00e5r fel. Du r\u00e5kar fastna med bilnycklarna eller av n\u00e5gon annan anledning kan du inte komma in. Kanske \u00e4r batteriet d\u00f6tt och fj\u00e4rrkontrollen reagerar inte? Eller om d\u00f6rrl\u00e5set inte fungerar och du inte har n\u00e5got annat s\u00e4tt att komma in i bilen? I alla dessa fall kommer vi till dig och l\u00e5ser upp din bil p\u00e5 ett s\u00e4kert s\u00e4tt.<\/p>\n<p>V\u00e5ra specialister anv\u00e4nder specialutrustning f\u00f6r att utf\u00f6ra akut uppl\u00e5ning av bilar. D\u00e4rf\u00f6r utf\u00f6rs denna operation utan att bilen skadas. Kontakta oss om du beh\u00f6ver snabb och effektiv uppl\u00e5ning av en bil i n\u00f6dsituationer.<\/p>\n","protected":false},"excerpt":{"rendered":"<p><em><strong>Passar f\u00f6r:<br \/>\nVolvo S40<br \/>\nVolvo V40<br \/>\nVolvo S70<br \/>\nVolvo C70<br \/>\nVolvo V70<\/strong><\/em><\/p>\n<h3><strong>Tillverkning av bilnycklar<\/strong><\/h3>\n<ul>\n<li><strong>Tillverkning av nya bilnycklar, programmering av nycklar (&#8221;bindning&#8221; till bilen)<\/strong><\/li>\n<li><strong>Radera tidigare f\u00f6rlorade nycklar fr\u00e5n bilens minne<\/strong><\/li>\n<li><strong>Tillverkning av t\u00e4ndningsnyckeln enligt l\u00e5set<\/strong><\/li>\n<li><strong>Reparation av bilnycklar (byte av knappar, skal, mekanismer)<\/strong><\/li>\n<li><strong>Uppl\u00e5sning av bil i n\u00f6dsituationer<\/strong><\/li>\n<li><strong>Byte av nycklar, nyckelfodral<\/strong><\/li>\n<li><strong>Avst\u00e4ngning av DPF- och FAP-programvaran<\/strong><\/li>\n<li><strong>Programbaserat avl\u00e4gsnande av EGR<\/strong><\/li>\n<li><strong>Avaktivering av startsp\u00e4rrprogramvaran (immo Off)<\/strong><\/li>\n<li><strong>Reparation, kloning och programmering av motorstyrenhet (ECU)<\/strong><\/li>\n<li><strong>SRS (Programmering av styrenhet f\u00f6r krockkuddar)<\/strong><\/li>\n<\/ul>\n<div class=\"woocommerce-product-details__short-description\">\n<h4><strong>  artiklar skickas inom 3 arbetsdagar.*<\/strong><\/h4>\n<\/div>\n<form class=\"cart\" action=\"https:\/\/keys-for-auto.eu\/product\/smart-key-shell-suitable-for-audi-a3-a4-s4-a5-three-buttons\/\" enctype=\"multipart\/form-data\" method=\"post\"><\/form>\n","protected":false},"featured_media":21098,"comment_status":"open","ping_status":"closed","template":"","meta":[],"product_brand":[],"product_cat":[4144,5113],"product_tag":[5133,5116,5123,5143,5130,5148],"class_list":{"0":"post-21999","1":"product","2":"type-product","3":"status-publish","4":"has-post-thumbnail","6":"product_cat-nyckelskal","7":"product_cat-volvo-sv-2","8":"product_tag-volvo-c70-kontroll-fjarrkontroll-skal","9":"product_tag-volvo-fjarrstyrt-skal","10":"product_tag-volvo-s40-fjarrkontroll","11":"product_tag-volvo-s70-fjarrstyrt-skal","12":"product_tag-volvo-v40-fjarrkontroll","13":"product_tag-volvo-v70-fjarrkontroll","15":"first","16":"instock","17":"sale","18":"shipping-taxable","19":"purchasable","20":"product-type-simple"},"yoast_head":"<!-- This site is optimized with the Yoast SEO plugin v27.3 - https:\/\/yoast.com\/product\/yoast-seo-wordpress\/ -->\n<title>Fj\u00e4rrkontrollskal med tre knappar - passar till Volvo S40 | V40 | S70 | C70 | V70 - Keys for auto% %%sidnamn<\/title>\n<meta name=\"robots\" content=\"index, follow, max-snippet:-1, max-image-preview:large, max-video-preview:-1\" \/>\n<link rel=\"canonical\" href=\"https:\/\/keys-for-auto.eu\/sv\/product\/three-button-remote-control-shell-suitable-for-volvo-s40-v40-s70-c70-v70\/\" \/>\n<meta property=\"og:locale\" content=\"sv_SE\" \/>\n<meta property=\"og:type\" content=\"article\" \/>\n<meta property=\"og:title\" content=\"Fj\u00e4rrkontrollskal med tre knappar - passar till Volvo S40 | V40 | S70 | C70 | V70 - Keys for auto% %%sidnamn\" \/>\n<meta property=\"og:description\" content=\"Passar f\u00f6r: Volvo S40 Volvo V40 Volvo S70 Volvo C70 Volvo V70 Tillverkning av bilnycklar  Tillverkning av nya bilnycklar, programmering av nycklar (&quot;bindning&quot; till bilen)  Radera tidigare f\u00f6rlorade nycklar fr\u00e5n bilens minne  Tillverkning av t\u00e4ndningsnyckeln enligt l\u00e5set  Reparation av bilnycklar (byte av knappar, skal, mekanismer)  Uppl\u00e5sning av bil i n\u00f6dsituationer  Byte av nycklar, nyckelfodral  Avst\u00e4ngning av DPF- och FAP-programvaran  Programbaserat avl\u00e4gsnande av EGR  Avaktivering av startsp\u00e4rrprogramvaran (immo Off)  Reparation, kloning och programmering av motorstyrenhet (ECU)  SRS (Programmering av styrenhet f\u00f6r krockkuddar)   artiklar skickas inom 3 arbetsdagar.*\" \/>\n<meta property=\"og:url\" content=\"https:\/\/keys-for-auto.eu\/sv\/product\/three-button-remote-control-shell-suitable-for-volvo-s40-v40-s70-c70-v70\/\" \/>\n<meta property=\"og:site_name\" content=\"Keys for auto\" \/>\n<meta property=\"article:publisher\" content=\"https:\/\/www.facebook.com\/KeysForAutoEU\" \/>\n<meta property=\"og:image\" content=\"https:\/\/keys-for-auto.eu\/wp-content\/uploads\/2022\/12\/VOLVO-S40-V40-S70-C70-V70-3-mygtuku-pultelis-500x5001__1_-removebg-preview.png\" \/>\n\t<meta property=\"og:image:width\" content=\"500\" \/>\n\t<meta property=\"og:image:height\" content=\"500\" \/>\n\t<meta property=\"og:image:type\" content=\"image\/png\" \/>\n<meta name=\"twitter:card\" content=\"summary_large_image\" \/>\n<meta name=\"twitter:label1\" content=\"Ber\u00e4knad l\u00e4stid\" \/>\n\t<meta name=\"twitter:data1\" content=\"2 minuter\" \/>\n<script type=\"application\/ld+json\" class=\"yoast-schema-graph\">{\"@context\":\"https:\\\/\\\/schema.org\",\"@graph\":[{\"@type\":[\"WebPage\",\"ItemPage\"],\"@id\":\"https:\\\/\\\/keys-for-auto.eu\\\/sv\\\/product\\\/three-button-remote-control-shell-suitable-for-volvo-s40-v40-s70-c70-v70\\\/\",\"url\":\"https:\\\/\\\/keys-for-auto.eu\\\/sv\\\/product\\\/three-button-remote-control-shell-suitable-for-volvo-s40-v40-s70-c70-v70\\\/\",\"name\":\"Fj\u00e4rrkontrollskal med tre knappar - passar till Volvo S40 | V40 | S70 | C70 | V70 - Keys for auto% %%sidnamn\",\"isPartOf\":{\"@id\":\"https:\\\/\\\/keys-for-auto.eu\\\/sv\\\/#website\"},\"primaryImageOfPage\":{\"@id\":\"https:\\\/\\\/keys-for-auto.eu\\\/sv\\\/product\\\/three-button-remote-control-shell-suitable-for-volvo-s40-v40-s70-c70-v70\\\/#primaryimage\"},\"image\":{\"@id\":\"https:\\\/\\\/keys-for-auto.eu\\\/sv\\\/product\\\/three-button-remote-control-shell-suitable-for-volvo-s40-v40-s70-c70-v70\\\/#primaryimage\"},\"thumbnailUrl\":\"https:\\\/\\\/keys-for-auto.eu\\\/wp-content\\\/uploads\\\/2022\\\/12\\\/VOLVO-S40-V40-S70-C70-V70-3-mygtuku-pultelis-500x5001__1_-removebg-preview.png\",\"datePublished\":\"2016-04-02T10:33:55+00:00\",\"breadcrumb\":{\"@id\":\"https:\\\/\\\/keys-for-auto.eu\\\/sv\\\/product\\\/three-button-remote-control-shell-suitable-for-volvo-s40-v40-s70-c70-v70\\\/#breadcrumb\"},\"inLanguage\":\"sv-SE\",\"potentialAction\":[{\"@type\":\"ReadAction\",\"target\":[\"https:\\\/\\\/keys-for-auto.eu\\\/sv\\\/product\\\/three-button-remote-control-shell-suitable-for-volvo-s40-v40-s70-c70-v70\\\/\"]}]},{\"@type\":\"ImageObject\",\"inLanguage\":\"sv-SE\",\"@id\":\"https:\\\/\\\/keys-for-auto.eu\\\/sv\\\/product\\\/three-button-remote-control-shell-suitable-for-volvo-s40-v40-s70-c70-v70\\\/#primaryimage\",\"url\":\"https:\\\/\\\/keys-for-auto.eu\\\/wp-content\\\/uploads\\\/2022\\\/12\\\/VOLVO-S40-V40-S70-C70-V70-3-mygtuku-pultelis-500x5001__1_-removebg-preview.png\",\"contentUrl\":\"https:\\\/\\\/keys-for-auto.eu\\\/wp-content\\\/uploads\\\/2022\\\/12\\\/VOLVO-S40-V40-S70-C70-V70-3-mygtuku-pultelis-500x5001__1_-removebg-preview.png\",\"width\":500,\"height\":500},{\"@type\":\"BreadcrumbList\",\"@id\":\"https:\\\/\\\/keys-for-auto.eu\\\/sv\\\/product\\\/three-button-remote-control-shell-suitable-for-volvo-s40-v40-s70-c70-v70\\\/#breadcrumb\",\"itemListElement\":[{\"@type\":\"ListItem\",\"position\":1,\"name\":\"Hem\",\"item\":\"https:\\\/\\\/keys-for-auto.eu\\\/sv\\\/\"},{\"@type\":\"ListItem\",\"position\":2,\"name\":\"Shop\",\"item\":\"https:\\\/\\\/keys-for-auto.eu\\\/\"},{\"@type\":\"ListItem\",\"position\":3,\"name\":\"Fj\u00e4rrkontrollskal med tre knappar &#8211; passar till Volvo S40 | V40 | S70 | C70 | V70\"}]},{\"@type\":\"WebSite\",\"@id\":\"https:\\\/\\\/keys-for-auto.eu\\\/sv\\\/#website\",\"url\":\"https:\\\/\\\/keys-for-auto.eu\\\/sv\\\/\",\"name\":\"Keys for auto\",\"description\":\"Car keys,  key shells, key programming\",\"publisher\":{\"@id\":\"https:\\\/\\\/keys-for-auto.eu\\\/sv\\\/#organization\"},\"potentialAction\":[{\"@type\":\"SearchAction\",\"target\":{\"@type\":\"EntryPoint\",\"urlTemplate\":\"https:\\\/\\\/keys-for-auto.eu\\\/sv\\\/?s={search_term_string}\"},\"query-input\":{\"@type\":\"PropertyValueSpecification\",\"valueRequired\":true,\"valueName\":\"search_term_string\"}}],\"inLanguage\":\"sv-SE\"},{\"@type\":\"Organization\",\"@id\":\"https:\\\/\\\/keys-for-auto.eu\\\/sv\\\/#organization\",\"name\":\"Nycklar f\u00f6r bil\",\"url\":\"https:\\\/\\\/keys-for-auto.eu\\\/sv\\\/\",\"logo\":{\"@type\":\"ImageObject\",\"inLanguage\":\"sv-SE\",\"@id\":\"https:\\\/\\\/keys-for-auto.eu\\\/sv\\\/#\\\/schema\\\/logo\\\/image\\\/\",\"url\":\"https:\\\/\\\/keys-for-auto.eu\\\/wp-content\\\/uploads\\\/2022\\\/11\\\/cropped-png1.png\",\"contentUrl\":\"https:\\\/\\\/keys-for-auto.eu\\\/wp-content\\\/uploads\\\/2022\\\/11\\\/cropped-png1.png\",\"width\":1000,\"height\":342,\"caption\":\"Nycklar f\u00f6r bil\"},\"image\":{\"@id\":\"https:\\\/\\\/keys-for-auto.eu\\\/sv\\\/#\\\/schema\\\/logo\\\/image\\\/\"},\"sameAs\":[\"https:\\\/\\\/www.facebook.com\\\/KeysForAutoEU\"]}]}<\/script>\n<!-- \/ Yoast SEO plugin. -->","yoast_head_json":{"title":"Fj\u00e4rrkontrollskal med tre knappar - passar till Volvo S40 | V40 | S70 | C70 | V70 - Keys for auto% %%sidnamn","robots":{"index":"index","follow":"follow","max-snippet":"max-snippet:-1","max-image-preview":"max-image-preview:large","max-video-preview":"max-video-preview:-1"},"canonical":"https:\/\/keys-for-auto.eu\/sv\/product\/three-button-remote-control-shell-suitable-for-volvo-s40-v40-s70-c70-v70\/","og_locale":"sv_SE","og_type":"article","og_title":"Fj\u00e4rrkontrollskal med tre knappar - passar till Volvo S40 | V40 | S70 | C70 | V70 - Keys for auto% %%sidnamn","og_description":"Passar f\u00f6r: Volvo S40 Volvo V40 Volvo S70 Volvo C70 Volvo V70 Tillverkning av bilnycklar  Tillverkning av nya bilnycklar, programmering av nycklar (\"bindning\" till bilen)  Radera tidigare f\u00f6rlorade nycklar fr\u00e5n bilens minne  Tillverkning av t\u00e4ndningsnyckeln enligt l\u00e5set  Reparation av bilnycklar (byte av knappar, skal, mekanismer)  Uppl\u00e5sning av bil i n\u00f6dsituationer  Byte av nycklar, nyckelfodral  Avst\u00e4ngning av DPF- och FAP-programvaran  Programbaserat avl\u00e4gsnande av EGR  Avaktivering av startsp\u00e4rrprogramvaran (immo Off)  Reparation, kloning och programmering av motorstyrenhet (ECU)  SRS (Programmering av styrenhet f\u00f6r krockkuddar)   artiklar skickas inom 3 arbetsdagar.*","og_url":"https:\/\/keys-for-auto.eu\/sv\/product\/three-button-remote-control-shell-suitable-for-volvo-s40-v40-s70-c70-v70\/","og_site_name":"Keys for auto","article_publisher":"https:\/\/www.facebook.com\/KeysForAutoEU","og_image":[{"width":500,"height":500,"url":"https:\/\/keys-for-auto.eu\/wp-content\/uploads\/2022\/12\/VOLVO-S40-V40-S70-C70-V70-3-mygtuku-pultelis-500x5001__1_-removebg-preview.png","type":"image\/png"}],"twitter_card":"summary_large_image","twitter_misc":{"Ber\u00e4knad l\u00e4stid":"2 minuter"},"schema":{"@context":"https:\/\/schema.org","@graph":[{"@type":["WebPage","ItemPage"],"@id":"https:\/\/keys-for-auto.eu\/sv\/product\/three-button-remote-control-shell-suitable-for-volvo-s40-v40-s70-c70-v70\/","url":"https:\/\/keys-for-auto.eu\/sv\/product\/three-button-remote-control-shell-suitable-for-volvo-s40-v40-s70-c70-v70\/","name":"Fj\u00e4rrkontrollskal med tre knappar - passar till Volvo S40 | V40 | S70 | C70 | V70 - Keys for auto% %%sidnamn","isPartOf":{"@id":"https:\/\/keys-for-auto.eu\/sv\/#website"},"primaryImageOfPage":{"@id":"https:\/\/keys-for-auto.eu\/sv\/product\/three-button-remote-control-shell-suitable-for-volvo-s40-v40-s70-c70-v70\/#primaryimage"},"image":{"@id":"https:\/\/keys-for-auto.eu\/sv\/product\/three-button-remote-control-shell-suitable-for-volvo-s40-v40-s70-c70-v70\/#primaryimage"},"thumbnailUrl":"https:\/\/keys-for-auto.eu\/wp-content\/uploads\/2022\/12\/VOLVO-S40-V40-S70-C70-V70-3-mygtuku-pultelis-500x5001__1_-removebg-preview.png","datePublished":"2016-04-02T10:33:55+00:00","breadcrumb":{"@id":"https:\/\/keys-for-auto.eu\/sv\/product\/three-button-remote-control-shell-suitable-for-volvo-s40-v40-s70-c70-v70\/#breadcrumb"},"inLanguage":"sv-SE","potentialAction":[{"@type":"ReadAction","target":["https:\/\/keys-for-auto.eu\/sv\/product\/three-button-remote-control-shell-suitable-for-volvo-s40-v40-s70-c70-v70\/"]}]},{"@type":"ImageObject","inLanguage":"sv-SE","@id":"https:\/\/keys-for-auto.eu\/sv\/product\/three-button-remote-control-shell-suitable-for-volvo-s40-v40-s70-c70-v70\/#primaryimage","url":"https:\/\/keys-for-auto.eu\/wp-content\/uploads\/2022\/12\/VOLVO-S40-V40-S70-C70-V70-3-mygtuku-pultelis-500x5001__1_-removebg-preview.png","contentUrl":"https:\/\/keys-for-auto.eu\/wp-content\/uploads\/2022\/12\/VOLVO-S40-V40-S70-C70-V70-3-mygtuku-pultelis-500x5001__1_-removebg-preview.png","width":500,"height":500},{"@type":"BreadcrumbList","@id":"https:\/\/keys-for-auto.eu\/sv\/product\/three-button-remote-control-shell-suitable-for-volvo-s40-v40-s70-c70-v70\/#breadcrumb","itemListElement":[{"@type":"ListItem","position":1,"name":"Hem","item":"https:\/\/keys-for-auto.eu\/sv\/"},{"@type":"ListItem","position":2,"name":"Shop","item":"https:\/\/keys-for-auto.eu\/"},{"@type":"ListItem","position":3,"name":"Fj\u00e4rrkontrollskal med tre knappar &#8211; passar till Volvo S40 | V40 | S70 | C70 | V70"}]},{"@type":"WebSite","@id":"https:\/\/keys-for-auto.eu\/sv\/#website","url":"https:\/\/keys-for-auto.eu\/sv\/","name":"Keys for auto","description":"Car keys,  key shells, key programming","publisher":{"@id":"https:\/\/keys-for-auto.eu\/sv\/#organization"},"potentialAction":[{"@type":"SearchAction","target":{"@type":"EntryPoint","urlTemplate":"https:\/\/keys-for-auto.eu\/sv\/?s={search_term_string}"},"query-input":{"@type":"PropertyValueSpecification","valueRequired":true,"valueName":"search_term_string"}}],"inLanguage":"sv-SE"},{"@type":"Organization","@id":"https:\/\/keys-for-auto.eu\/sv\/#organization","name":"Nycklar f\u00f6r bil","url":"https:\/\/keys-for-auto.eu\/sv\/","logo":{"@type":"ImageObject","inLanguage":"sv-SE","@id":"https:\/\/keys-for-auto.eu\/sv\/#\/schema\/logo\/image\/","url":"https:\/\/keys-for-auto.eu\/wp-content\/uploads\/2022\/11\/cropped-png1.png","contentUrl":"https:\/\/keys-for-auto.eu\/wp-content\/uploads\/2022\/11\/cropped-png1.png","width":1000,"height":342,"caption":"Nycklar f\u00f6r bil"},"image":{"@id":"https:\/\/keys-for-auto.eu\/sv\/#\/schema\/logo\/image\/"},"sameAs":["https:\/\/www.facebook.com\/KeysForAutoEU"]}]}},"_links":{"self":[{"href":"https:\/\/keys-for-auto.eu\/sv\/wp-json\/wp\/v2\/product\/21999","targetHints":{"allow":["GET"]}}],"collection":[{"href":"https:\/\/keys-for-auto.eu\/sv\/wp-json\/wp\/v2\/product"}],"about":[{"href":"https:\/\/keys-for-auto.eu\/sv\/wp-json\/wp\/v2\/types\/product"}],"replies":[{"embeddable":true,"href":"https:\/\/keys-for-auto.eu\/sv\/wp-json\/wp\/v2\/comments?post=21999"}],"wp:featuredmedia":[{"embeddable":true,"href":"https:\/\/keys-for-auto.eu\/sv\/wp-json\/wp\/v2\/media\/21098"}],"wp:attachment":[{"href":"https:\/\/keys-for-auto.eu\/sv\/wp-json\/wp\/v2\/media?parent=21999"}],"wp:term":[{"taxonomy":"product_brand","embeddable":true,"href":"https:\/\/keys-for-auto.eu\/sv\/wp-json\/wp\/v2\/product_brand?post=21999"},{"taxonomy":"product_cat","embeddable":true,"href":"https:\/\/keys-for-auto.eu\/sv\/wp-json\/wp\/v2\/product_cat?post=21999"},{"taxonomy":"product_tag","embeddable":true,"href":"https:\/\/keys-for-auto.eu\/sv\/wp-json\/wp\/v2\/product_tag?post=21999"}],"curies":[{"name":"wp","href":"https:\/\/api.w.org\/{rel}","templated":true}]}}