{"id":21843,"date":"2016-04-02T09:27:31","date_gmt":"2016-04-02T09:27:31","guid":{"rendered":"https:\/\/keys-for-auto.eu\/product\/nyckelskal-ovre-del-passar-till-opel-agila-combo-van-corsa-c\/"},"modified":"2016-04-02T09:27:31","modified_gmt":"2016-04-02T09:27:31","slug":"key-shell-upper-part-suitable-for-opel-agila-combo-van-corsa-c","status":"publish","type":"product","link":"https:\/\/keys-for-auto.eu\/sv\/product\/key-shell-upper-part-suitable-for-opel-agila-combo-van-corsa-c\/","title":{"rendered":"Nyckelskal, \u00f6vre del &#8211; passar till Opel Agila | Combo Van | Corsa C"},"content":{"rendered":"<h2><strong>F\u00f6r Opel Agila, Combo Van, Corsa C l\u00e4mplig &#8211; nyckelskal, \u00f6vre del<\/strong><\/h2>\n<h2>Nycklar till bilar<\/h2>\n<p>Bilnycklar \u00e4r en integrerad del av varje bil. N\u00e4r allt kommer omkring b\u00f6rjar varje resa, \u00e4ven den mest spektakul\u00e4ra, med att l\u00e5sa upp och starta bilen. D\u00e4rf\u00f6r \u00f6nskar vi dig en smidig resa och en bra shoppingupplevelse i v\u00e5r butik. Vi ser till att din bil \u00e4r s\u00e4ker och startar smidigt, s\u00e5 att du kan njuta av dina resor &#8211; b\u00e5de de vardagliga och de som med sin unika charm f\u00e5r oss att k\u00e4nna bilismens tjusning.<\/p>\n<h2>Nyckelskal<\/h2>\n<p>Det h\u00e4nder ofta att nyckelskalet g\u00e5r s\u00f6nder eller skadas p\u00e5 annat s\u00e4tt. Om detta har h\u00e4nt dig och du k\u00f6r en Opel Agila, Combo Van eller Corsa C \u00e4r det okej, du kan k\u00f6pa ett nytt nyckelh\u00f6lje i v\u00e5r butik. Naturligtvis s\u00e4ljer vi \u00e4ven nyckelh\u00f6ljen och fj\u00e4rrnycklar f\u00f6r andra bilm\u00e4rken.<\/p>\n<p>N\u00e4r du ska programmera dina nycklar m\u00e5ste du t\u00e4nka p\u00e5 arbetets kvalitet och v\u00e4lja ett proffs som utf\u00f6r det. Vi programmerar nycklar med hj\u00e4lp av den senaste tekniken och f\u00f6rb\u00e4ttrar kontinuerligt v\u00e5r kunskap p\u00e5 omr\u00e5det. V\u00e5rt f\u00f6retag insisterar p\u00e5 att varje anst\u00e4lld m\u00e5ste f\u00f6rb\u00e4ttra sina kunskaper, och d\u00e4rf\u00f6r skickar vi v\u00e5ra hantverkare p\u00e5 kurser i nyckelproduktion och programmering. Vi har samlat p\u00e5 oss all n\u00f6dv\u00e4ndig kunskap och vill g\u00e4rna anv\u00e4nda den till din f\u00f6rdel! S\u00e5 kontakta oss!<\/p>\n<h2>Tangenter f\u00f6r programmering<\/h2>\n<p>Vi programmerar nycklar och ser fram emot att v\u00e4lkomna dig till v\u00e5r verkstad! Du v\u00e4lkomnas av v\u00e4nlig personal och attraktiva priser. Du kommer att bli \u00f6verraskad av kvaliteten p\u00e5 v\u00e5rt arbete. Du kan ocks\u00e5 k\u00f6pa fj\u00e4rrkontrollnycklar i v\u00e5r butik. Din Opel f\u00f6rtj\u00e4nar maximalt skydd och intelligent v\u00e5rd. Ta hand om din Opel innan en obehaglig incident kan g\u00f6ra den s\u00e4ker.<\/p>\n<p>Programmering av bilnycklar \u00e4r v\u00e5rt omr\u00e5de! Vi ser oss sj\u00e4lva som proffs och det bekr\u00e4ftas av n\u00f6jda kunder som rekommenderar oss till andra f\u00f6rare. Detta \u00e4r den b\u00e4sta utv\u00e4rderingen av v\u00e5rt arbete. Det finns m\u00e5nga f\u00f6retag som tillverkar nycklar, men det som skiljer oss fr\u00e5n andra f\u00f6retag \u00e4r v\u00e5ra anst\u00e4lldas kr\u00e4vande karakt\u00e4r, kvaliteten p\u00e5 deras arbete, den trevliga servicen och det individuella f\u00f6rh\u00e5llningss\u00e4ttet till varje kund.<\/p>\n","protected":false},"excerpt":{"rendered":"<p><em><strong> Passar \u00e4ven till: <\/strong><\/em><\/p>\n<p><em><strong>Agila<\/strong><\/em><\/p>\n<p><em><strong>Kombivagn<\/strong><\/em><\/p>\n<p><em><strong><span style=\"font-size: 13px;\">Corsa C  <\/span> <\/strong><\/em><\/p>\n<h3><strong>Tillverkning av bilnycklar<\/strong><\/h3>\n<ul>\n<li><strong>Tillverkning av nya bilnycklar, programmering av nycklar (&#8221;bindning&#8221; till bilen)<\/strong><\/li>\n<li><strong>Radera tidigare f\u00f6rlorade nycklar fr\u00e5n bilens minne<\/strong><\/li>\n<li><strong>Tillverkning av t\u00e4ndningsnyckeln enligt l\u00e5set<\/strong><\/li>\n<li><strong>Reparation av bilnycklar (byte av knappar, skal, mekanismer)<\/strong><\/li>\n<li><strong>Uppl\u00e5sning av bil i n\u00f6dsituationer<\/strong><\/li>\n<li><strong>Byte av nycklar, nyckelfodral<\/strong><\/li>\n<li><strong>Avst\u00e4ngning av DPF- och FAP-programvaran<\/strong><\/li>\n<li><strong>Programbaserat avl\u00e4gsnande av EGR<\/strong><\/li>\n<li><strong>Avaktivering av startsp\u00e4rrprogramvaran (immo Off)<\/strong><\/li>\n<li><strong>Reparation, kloning och programmering av motorstyrenhet (ECU)<\/strong><\/li>\n<li><strong>SRS (Programmering av styrenhet f\u00f6r krockkuddar)<\/strong><\/li>\n<\/ul>\n<h4><strong>  artiklar skickas inom 3 arbetsdagar.*<\/strong><\/h4>\n<p>&nbsp;<\/p>\n","protected":false},"featured_media":20976,"comment_status":"open","ping_status":"closed","template":"","meta":[],"product_brand":[],"product_cat":[4144,4724],"product_tag":[4800,4803,4805,4771],"class_list":{"0":"post-21843","1":"product","2":"type-product","3":"status-publish","4":"has-post-thumbnail","6":"product_cat-nyckelskal","7":"product_cat-opel-sv","8":"product_tag-opel-agila-nyckelskal","9":"product_tag-opel-combo-van-nyckelskal","10":"product_tag-opel-corsa-c-nyckelskal","11":"product_tag-opel-nyckelholje","13":"first","14":"instock","15":"sale","16":"shipping-taxable","17":"purchasable","18":"product-type-simple"},"yoast_head":"<!-- This site is optimized with the Yoast SEO plugin v27.3 - https:\/\/yoast.com\/product\/yoast-seo-wordpress\/ -->\n<title>Nyckelskal, \u00f6vre del - passar till Opel Agila | Combo Van | Corsa C - Keys for auto% %%sidnamn<\/title>\n<meta name=\"robots\" content=\"index, follow, max-snippet:-1, max-image-preview:large, max-video-preview:-1\" \/>\n<link rel=\"canonical\" href=\"https:\/\/keys-for-auto.eu\/sv\/product\/key-shell-upper-part-suitable-for-opel-agila-combo-van-corsa-c\/\" \/>\n<meta property=\"og:locale\" content=\"sv_SE\" \/>\n<meta property=\"og:type\" content=\"article\" \/>\n<meta property=\"og:title\" content=\"Nyckelskal, \u00f6vre del - passar till Opel Agila | Combo Van | Corsa C - Keys for auto% %%sidnamn\" \/>\n<meta property=\"og:description\" content=\"Passar \u00e4ven till:  Agila Kombivagn Corsa C  Tillverkning av bilnycklar  Tillverkning av nya bilnycklar, programmering av nycklar (&quot;bindning&quot; till bilen)  Radera tidigare f\u00f6rlorade nycklar fr\u00e5n bilens minne  Tillverkning av t\u00e4ndningsnyckeln enligt l\u00e5set  Reparation av bilnycklar (byte av knappar, skal, mekanismer)  Uppl\u00e5sning av bil i n\u00f6dsituationer  Byte av nycklar, nyckelfodral  Avst\u00e4ngning av DPF- och FAP-programvaran  Programbaserat avl\u00e4gsnande av EGR  Avaktivering av startsp\u00e4rrprogramvaran (immo Off)  Reparation, kloning och programmering av motorstyrenhet (ECU)  SRS (Programmering av styrenhet f\u00f6r krockkuddar)  artiklar skickas inom 3 arbetsdagar.* &nbsp;\" \/>\n<meta property=\"og:url\" content=\"https:\/\/keys-for-auto.eu\/sv\/product\/key-shell-upper-part-suitable-for-opel-agila-combo-van-corsa-c\/\" \/>\n<meta property=\"og:site_name\" content=\"Keys for auto\" \/>\n<meta property=\"article:publisher\" content=\"https:\/\/www.facebook.com\/KeysForAutoEU\" \/>\n<meta property=\"og:image\" content=\"https:\/\/keys-for-auto.eu\/wp-content\/uploads\/2022\/12\/Opel-2-mygtukai-500x5001-removebg-preview.png\" \/>\n\t<meta property=\"og:image:width\" content=\"500\" \/>\n\t<meta property=\"og:image:height\" content=\"500\" \/>\n\t<meta property=\"og:image:type\" content=\"image\/png\" \/>\n<meta name=\"twitter:card\" content=\"summary_large_image\" \/>\n<meta name=\"twitter:label1\" content=\"Ber\u00e4knad l\u00e4stid\" \/>\n\t<meta name=\"twitter:data1\" content=\"2 minuter\" \/>\n<script type=\"application\/ld+json\" class=\"yoast-schema-graph\">{\"@context\":\"https:\\\/\\\/schema.org\",\"@graph\":[{\"@type\":[\"WebPage\",\"ItemPage\"],\"@id\":\"https:\\\/\\\/keys-for-auto.eu\\\/sv\\\/product\\\/key-shell-upper-part-suitable-for-opel-agila-combo-van-corsa-c\\\/\",\"url\":\"https:\\\/\\\/keys-for-auto.eu\\\/sv\\\/product\\\/key-shell-upper-part-suitable-for-opel-agila-combo-van-corsa-c\\\/\",\"name\":\"Nyckelskal, \u00f6vre del - passar till Opel Agila | Combo Van | Corsa C - Keys for auto% %%sidnamn\",\"isPartOf\":{\"@id\":\"https:\\\/\\\/keys-for-auto.eu\\\/sv\\\/#website\"},\"primaryImageOfPage\":{\"@id\":\"https:\\\/\\\/keys-for-auto.eu\\\/sv\\\/product\\\/key-shell-upper-part-suitable-for-opel-agila-combo-van-corsa-c\\\/#primaryimage\"},\"image\":{\"@id\":\"https:\\\/\\\/keys-for-auto.eu\\\/sv\\\/product\\\/key-shell-upper-part-suitable-for-opel-agila-combo-van-corsa-c\\\/#primaryimage\"},\"thumbnailUrl\":\"https:\\\/\\\/keys-for-auto.eu\\\/wp-content\\\/uploads\\\/2022\\\/12\\\/Opel-2-mygtukai-500x5001-removebg-preview.png\",\"datePublished\":\"2016-04-02T09:27:31+00:00\",\"breadcrumb\":{\"@id\":\"https:\\\/\\\/keys-for-auto.eu\\\/sv\\\/product\\\/key-shell-upper-part-suitable-for-opel-agila-combo-van-corsa-c\\\/#breadcrumb\"},\"inLanguage\":\"sv-SE\",\"potentialAction\":[{\"@type\":\"ReadAction\",\"target\":[\"https:\\\/\\\/keys-for-auto.eu\\\/sv\\\/product\\\/key-shell-upper-part-suitable-for-opel-agila-combo-van-corsa-c\\\/\"]}]},{\"@type\":\"ImageObject\",\"inLanguage\":\"sv-SE\",\"@id\":\"https:\\\/\\\/keys-for-auto.eu\\\/sv\\\/product\\\/key-shell-upper-part-suitable-for-opel-agila-combo-van-corsa-c\\\/#primaryimage\",\"url\":\"https:\\\/\\\/keys-for-auto.eu\\\/wp-content\\\/uploads\\\/2022\\\/12\\\/Opel-2-mygtukai-500x5001-removebg-preview.png\",\"contentUrl\":\"https:\\\/\\\/keys-for-auto.eu\\\/wp-content\\\/uploads\\\/2022\\\/12\\\/Opel-2-mygtukai-500x5001-removebg-preview.png\",\"width\":500,\"height\":500},{\"@type\":\"BreadcrumbList\",\"@id\":\"https:\\\/\\\/keys-for-auto.eu\\\/sv\\\/product\\\/key-shell-upper-part-suitable-for-opel-agila-combo-van-corsa-c\\\/#breadcrumb\",\"itemListElement\":[{\"@type\":\"ListItem\",\"position\":1,\"name\":\"Hem\",\"item\":\"https:\\\/\\\/keys-for-auto.eu\\\/sv\\\/\"},{\"@type\":\"ListItem\",\"position\":2,\"name\":\"Shop\",\"item\":\"https:\\\/\\\/keys-for-auto.eu\\\/\"},{\"@type\":\"ListItem\",\"position\":3,\"name\":\"Nyckelskal, \u00f6vre del &#8211; passar till Opel Agila | Combo Van | Corsa C\"}]},{\"@type\":\"WebSite\",\"@id\":\"https:\\\/\\\/keys-for-auto.eu\\\/sv\\\/#website\",\"url\":\"https:\\\/\\\/keys-for-auto.eu\\\/sv\\\/\",\"name\":\"Keys for auto\",\"description\":\"Car keys,  key shells, key programming\",\"publisher\":{\"@id\":\"https:\\\/\\\/keys-for-auto.eu\\\/sv\\\/#organization\"},\"potentialAction\":[{\"@type\":\"SearchAction\",\"target\":{\"@type\":\"EntryPoint\",\"urlTemplate\":\"https:\\\/\\\/keys-for-auto.eu\\\/sv\\\/?s={search_term_string}\"},\"query-input\":{\"@type\":\"PropertyValueSpecification\",\"valueRequired\":true,\"valueName\":\"search_term_string\"}}],\"inLanguage\":\"sv-SE\"},{\"@type\":\"Organization\",\"@id\":\"https:\\\/\\\/keys-for-auto.eu\\\/sv\\\/#organization\",\"name\":\"Nycklar f\u00f6r bil\",\"url\":\"https:\\\/\\\/keys-for-auto.eu\\\/sv\\\/\",\"logo\":{\"@type\":\"ImageObject\",\"inLanguage\":\"sv-SE\",\"@id\":\"https:\\\/\\\/keys-for-auto.eu\\\/sv\\\/#\\\/schema\\\/logo\\\/image\\\/\",\"url\":\"https:\\\/\\\/keys-for-auto.eu\\\/wp-content\\\/uploads\\\/2022\\\/11\\\/cropped-png1.png\",\"contentUrl\":\"https:\\\/\\\/keys-for-auto.eu\\\/wp-content\\\/uploads\\\/2022\\\/11\\\/cropped-png1.png\",\"width\":1000,\"height\":342,\"caption\":\"Nycklar f\u00f6r bil\"},\"image\":{\"@id\":\"https:\\\/\\\/keys-for-auto.eu\\\/sv\\\/#\\\/schema\\\/logo\\\/image\\\/\"},\"sameAs\":[\"https:\\\/\\\/www.facebook.com\\\/KeysForAutoEU\"]}]}<\/script>\n<!-- \/ Yoast SEO plugin. -->","yoast_head_json":{"title":"Nyckelskal, \u00f6vre del - passar till Opel Agila | Combo Van | Corsa C - Keys for auto% %%sidnamn","robots":{"index":"index","follow":"follow","max-snippet":"max-snippet:-1","max-image-preview":"max-image-preview:large","max-video-preview":"max-video-preview:-1"},"canonical":"https:\/\/keys-for-auto.eu\/sv\/product\/key-shell-upper-part-suitable-for-opel-agila-combo-van-corsa-c\/","og_locale":"sv_SE","og_type":"article","og_title":"Nyckelskal, \u00f6vre del - passar till Opel Agila | Combo Van | Corsa C - Keys for auto% %%sidnamn","og_description":"Passar \u00e4ven till:  Agila Kombivagn Corsa C  Tillverkning av bilnycklar  Tillverkning av nya bilnycklar, programmering av nycklar (\"bindning\" till bilen)  Radera tidigare f\u00f6rlorade nycklar fr\u00e5n bilens minne  Tillverkning av t\u00e4ndningsnyckeln enligt l\u00e5set  Reparation av bilnycklar (byte av knappar, skal, mekanismer)  Uppl\u00e5sning av bil i n\u00f6dsituationer  Byte av nycklar, nyckelfodral  Avst\u00e4ngning av DPF- och FAP-programvaran  Programbaserat avl\u00e4gsnande av EGR  Avaktivering av startsp\u00e4rrprogramvaran (immo Off)  Reparation, kloning och programmering av motorstyrenhet (ECU)  SRS (Programmering av styrenhet f\u00f6r krockkuddar)  artiklar skickas inom 3 arbetsdagar.* &nbsp;","og_url":"https:\/\/keys-for-auto.eu\/sv\/product\/key-shell-upper-part-suitable-for-opel-agila-combo-van-corsa-c\/","og_site_name":"Keys for auto","article_publisher":"https:\/\/www.facebook.com\/KeysForAutoEU","og_image":[{"width":500,"height":500,"url":"https:\/\/keys-for-auto.eu\/wp-content\/uploads\/2022\/12\/Opel-2-mygtukai-500x5001-removebg-preview.png","type":"image\/png"}],"twitter_card":"summary_large_image","twitter_misc":{"Ber\u00e4knad l\u00e4stid":"2 minuter"},"schema":{"@context":"https:\/\/schema.org","@graph":[{"@type":["WebPage","ItemPage"],"@id":"https:\/\/keys-for-auto.eu\/sv\/product\/key-shell-upper-part-suitable-for-opel-agila-combo-van-corsa-c\/","url":"https:\/\/keys-for-auto.eu\/sv\/product\/key-shell-upper-part-suitable-for-opel-agila-combo-van-corsa-c\/","name":"Nyckelskal, \u00f6vre del - passar till Opel Agila | Combo Van | Corsa C - Keys for auto% %%sidnamn","isPartOf":{"@id":"https:\/\/keys-for-auto.eu\/sv\/#website"},"primaryImageOfPage":{"@id":"https:\/\/keys-for-auto.eu\/sv\/product\/key-shell-upper-part-suitable-for-opel-agila-combo-van-corsa-c\/#primaryimage"},"image":{"@id":"https:\/\/keys-for-auto.eu\/sv\/product\/key-shell-upper-part-suitable-for-opel-agila-combo-van-corsa-c\/#primaryimage"},"thumbnailUrl":"https:\/\/keys-for-auto.eu\/wp-content\/uploads\/2022\/12\/Opel-2-mygtukai-500x5001-removebg-preview.png","datePublished":"2016-04-02T09:27:31+00:00","breadcrumb":{"@id":"https:\/\/keys-for-auto.eu\/sv\/product\/key-shell-upper-part-suitable-for-opel-agila-combo-van-corsa-c\/#breadcrumb"},"inLanguage":"sv-SE","potentialAction":[{"@type":"ReadAction","target":["https:\/\/keys-for-auto.eu\/sv\/product\/key-shell-upper-part-suitable-for-opel-agila-combo-van-corsa-c\/"]}]},{"@type":"ImageObject","inLanguage":"sv-SE","@id":"https:\/\/keys-for-auto.eu\/sv\/product\/key-shell-upper-part-suitable-for-opel-agila-combo-van-corsa-c\/#primaryimage","url":"https:\/\/keys-for-auto.eu\/wp-content\/uploads\/2022\/12\/Opel-2-mygtukai-500x5001-removebg-preview.png","contentUrl":"https:\/\/keys-for-auto.eu\/wp-content\/uploads\/2022\/12\/Opel-2-mygtukai-500x5001-removebg-preview.png","width":500,"height":500},{"@type":"BreadcrumbList","@id":"https:\/\/keys-for-auto.eu\/sv\/product\/key-shell-upper-part-suitable-for-opel-agila-combo-van-corsa-c\/#breadcrumb","itemListElement":[{"@type":"ListItem","position":1,"name":"Hem","item":"https:\/\/keys-for-auto.eu\/sv\/"},{"@type":"ListItem","position":2,"name":"Shop","item":"https:\/\/keys-for-auto.eu\/"},{"@type":"ListItem","position":3,"name":"Nyckelskal, \u00f6vre del &#8211; passar till Opel Agila | Combo Van | Corsa C"}]},{"@type":"WebSite","@id":"https:\/\/keys-for-auto.eu\/sv\/#website","url":"https:\/\/keys-for-auto.eu\/sv\/","name":"Keys for auto","description":"Car keys,  key shells, key programming","publisher":{"@id":"https:\/\/keys-for-auto.eu\/sv\/#organization"},"potentialAction":[{"@type":"SearchAction","target":{"@type":"EntryPoint","urlTemplate":"https:\/\/keys-for-auto.eu\/sv\/?s={search_term_string}"},"query-input":{"@type":"PropertyValueSpecification","valueRequired":true,"valueName":"search_term_string"}}],"inLanguage":"sv-SE"},{"@type":"Organization","@id":"https:\/\/keys-for-auto.eu\/sv\/#organization","name":"Nycklar f\u00f6r bil","url":"https:\/\/keys-for-auto.eu\/sv\/","logo":{"@type":"ImageObject","inLanguage":"sv-SE","@id":"https:\/\/keys-for-auto.eu\/sv\/#\/schema\/logo\/image\/","url":"https:\/\/keys-for-auto.eu\/wp-content\/uploads\/2022\/11\/cropped-png1.png","contentUrl":"https:\/\/keys-for-auto.eu\/wp-content\/uploads\/2022\/11\/cropped-png1.png","width":1000,"height":342,"caption":"Nycklar f\u00f6r bil"},"image":{"@id":"https:\/\/keys-for-auto.eu\/sv\/#\/schema\/logo\/image\/"},"sameAs":["https:\/\/www.facebook.com\/KeysForAutoEU"]}]}},"_links":{"self":[{"href":"https:\/\/keys-for-auto.eu\/sv\/wp-json\/wp\/v2\/product\/21843","targetHints":{"allow":["GET"]}}],"collection":[{"href":"https:\/\/keys-for-auto.eu\/sv\/wp-json\/wp\/v2\/product"}],"about":[{"href":"https:\/\/keys-for-auto.eu\/sv\/wp-json\/wp\/v2\/types\/product"}],"replies":[{"embeddable":true,"href":"https:\/\/keys-for-auto.eu\/sv\/wp-json\/wp\/v2\/comments?post=21843"}],"wp:featuredmedia":[{"embeddable":true,"href":"https:\/\/keys-for-auto.eu\/sv\/wp-json\/wp\/v2\/media\/20976"}],"wp:attachment":[{"href":"https:\/\/keys-for-auto.eu\/sv\/wp-json\/wp\/v2\/media?parent=21843"}],"wp:term":[{"taxonomy":"product_brand","embeddable":true,"href":"https:\/\/keys-for-auto.eu\/sv\/wp-json\/wp\/v2\/product_brand?post=21843"},{"taxonomy":"product_cat","embeddable":true,"href":"https:\/\/keys-for-auto.eu\/sv\/wp-json\/wp\/v2\/product_cat?post=21843"},{"taxonomy":"product_tag","embeddable":true,"href":"https:\/\/keys-for-auto.eu\/sv\/wp-json\/wp\/v2\/product_tag?post=21843"}],"curies":[{"name":"wp","href":"https:\/\/api.w.org\/{rel}","templated":true}]}}