{"id":21801,"date":"2016-04-02T10:23:14","date_gmt":"2016-04-02T10:23:14","guid":{"rendered":"https:\/\/keys-for-auto.eu\/product\/nyckelskal-passar-for-nissan-micra-almera-primera-tva-knappar\/"},"modified":"2016-04-02T10:23:14","modified_gmt":"2016-04-02T10:23:14","slug":"key-shell-suitable-suitable-for-nissan-micra-almera-primera-two-buttons","status":"publish","type":"product","link":"https:\/\/keys-for-auto.eu\/sv\/product\/key-shell-suitable-suitable-for-nissan-micra-almera-primera-two-buttons\/","title":{"rendered":"Nyckelskal &#8211; passar f\u00f6r Nissan Micra | Almera | Primera, tv\u00e5 knappar"},"content":{"rendered":"<h2>Nyckelh\u00f6lje med tv\u00e5 knappar<\/h2>\n<p>Nyckelh\u00f6lje med tv\u00e5 knappar f\u00f6r Nissan Micra, Almera och Primera-modeller. M\u00e5nga f\u00f6rare klagar p\u00e5 nyckelhusens h\u00e5llbarhet. De delas ofta, slits ut eller g\u00e5r s\u00f6nder om de faller ur h\u00e4nderna. Om detta har h\u00e4nt dig, oroa dig inte! I v\u00e5r butik hittar du ett stort urval av nyckelfodral och fj\u00e4rrkontrollnycklar.<\/p>\n<p>Men det \u00e4r inte allt. Vi \u00e4r ocks\u00e5 specialiserade p\u00e5 Renault t\u00e4ndkort och programmering av dessa. V\u00e5rt f\u00f6retag erbjuder bindning av Renault Scenic, Megane, Laguna, Espace, Vel Satis-kort till din bil. Reparation av dessa kort.<\/p>\n<h2>Nyckelprogrammering<\/h2>\n<p>Naturligtvis programmerar vi nycklar inte bara f\u00f6r Renault, utan \u00e4ven f\u00f6r m\u00e5nga andra bilar. Vi g\u00f6r detta med hj\u00e4lp av den senaste och mest avancerade tekniken. Programmeringsprocessen utf\u00f6rs av professionella experter p\u00e5 omr\u00e5det. Vi rekommenderar att du ansluter dig till v\u00e5r n\u00f6jda kundkrets.<\/p>\n<p>Programmering av bilnycklar \u00e4r ett komplicerat arbete och f\u00e5r endast utf\u00f6ras av proffs. Varf\u00f6r ska du lita p\u00e5 oss? Vi har en stor erfarenhet, men vi slutar aldrig att f\u00f6rb\u00e4ttra oss. Vi deltar i kurser och seminarier f\u00f6r nyckelpersoner. Och framf\u00f6r allt str\u00e4var vi alltid efter att g\u00f6ra f\u00f6rh\u00e5llandet mellan pris och prestanda s\u00e5 gynnsamt som m\u00f6jligt f\u00f6r kunden. Att g\u00f6ra nycklar hos oss \u00e4r d\u00e4rf\u00f6r det perfekta valet! Vi ser till att dina bilnycklar fungerar troget och utan problem.<\/p>\n<h2>Uppl\u00e5sning av bil i n\u00f6dsituationer<\/h2>\n<p>Alla har den obehagliga situationen att de inte kan ta sig in i sin egen bil. Vad ska man g\u00f6ra? F\u00f6rst och fr\u00e4mst ska du inte f\u00e5 panik och ringa experterna p\u00e5 biluppl\u00e5sning i n\u00f6dsituationer. Om du har ett s\u00e5dant problem kan du ringa numret l\u00e4ngst ner p\u00e5 den h\u00e4r sidan s\u00e5 hj\u00e4lper vi dig!<\/p>\n<p>Vi kommer till dig med s\u00e4rskild, certifierad utrustning. Med den kan du l\u00e5sa upp en l\u00e5st bil snabbt och s\u00e4kert. Vi utf\u00f6r n\u00f6d\u00f6ppning av bilar p\u00e5 alla bilm\u00e4rken. F\u00e5 inte panik om bilen inte g\u00e5r att l\u00e5sa upp. Ring v\u00e5ra tekniker. Och viktigast av allt: f\u00f6rs\u00f6k inte l\u00e5sa upp bilen sj\u00e4lv. Du kan f\u00f6rv\u00e4rra situationen.<\/p>\n<h3><\/h3>\n","protected":false},"excerpt":{"rendered":"<p><em><strong>L\u00e4mplig:<br \/>\nNissan Micra<br \/>\nNissan Almera<br \/>\nNissan Primera<\/strong><\/em><\/p>\n<h3><strong>Tillverkning av bilnycklar<\/strong><\/h3>\n<ul>\n<li><strong>Tillverkning av nya bilnycklar, programmering av nycklar (&#8221;bindning&#8221; till bilen)<\/strong><\/li>\n<li><strong>Radera tidigare f\u00f6rlorade nycklar fr\u00e5n bilens minne<\/strong><\/li>\n<li><strong>Tillverkning av t\u00e4ndningsnyckeln enligt l\u00e5set<\/strong><\/li>\n<li><strong>Reparation av bilnycklar (byte av knappar, skal, mekanismer)<\/strong><\/li>\n<li><strong>Uppl\u00e5sning av bil i n\u00f6dsituationer<\/strong><\/li>\n<li><strong>Byte av nycklar, nyckelfodral<\/strong><\/li>\n<li><strong>Avst\u00e4ngning av DPF- och FAP-programvaran<\/strong><\/li>\n<li><strong>Programbaserat avl\u00e4gsnande av EGR<\/strong><\/li>\n<li><strong>Avaktivering av startsp\u00e4rrprogramvaran (immo Off)<\/strong><\/li>\n<li><strong>Reparation, kloning och programmering av motorstyrenhet (ECU)<\/strong><\/li>\n<li><strong>SRS (Programmering av styrenhet f\u00f6r krockkuddar)<\/strong><\/li>\n<\/ul>\n<h4><strong>  artiklar skickas inom 3 arbetsdagar.*<\/strong><\/h4>\n","protected":false},"featured_media":20968,"comment_status":"open","ping_status":"closed","template":"","meta":[],"product_brand":[],"product_cat":[4717,4144],"product_tag":[4726,4732,4721,4733],"class_list":{"0":"post-21801","1":"product","2":"type-product","3":"status-publish","4":"has-post-thumbnail","6":"product_cat-nissan-sv","7":"product_cat-nyckelskal","8":"product_tag-nissan-almera-nyckelskal","9":"product_tag-nissan-micra-nyckelskal","10":"product_tag-nissan-nyckelskal","11":"product_tag-nissan-primera-nyckelskal","13":"first","14":"instock","15":"sale","16":"shipping-taxable","17":"purchasable","18":"product-type-simple"},"yoast_head":"<!-- This site is optimized with the Yoast SEO plugin v27.6 - https:\/\/yoast.com\/product\/yoast-seo-wordpress\/ -->\n<title>Nyckelskal - passar f\u00f6r Nissan Micra | Almera | Primera, tv\u00e5 knappar - Keys for auto% %%sidnamn<\/title>\n<meta name=\"robots\" content=\"index, follow, max-snippet:-1, max-image-preview:large, max-video-preview:-1\" \/>\n<link rel=\"canonical\" href=\"https:\/\/keys-for-auto.eu\/sv\/product\/key-shell-suitable-suitable-for-nissan-micra-almera-primera-two-buttons\/\" \/>\n<meta property=\"og:locale\" content=\"sv_SE\" \/>\n<meta property=\"og:type\" content=\"article\" \/>\n<meta property=\"og:title\" content=\"Nyckelskal - passar f\u00f6r Nissan Micra | Almera | Primera, tv\u00e5 knappar - Keys for auto% %%sidnamn\" \/>\n<meta property=\"og:description\" content=\"L\u00e4mplig: Nissan Micra Nissan Almera Nissan Primera Tillverkning av bilnycklar  Tillverkning av nya bilnycklar, programmering av nycklar (&quot;bindning&quot; till bilen)  Radera tidigare f\u00f6rlorade nycklar fr\u00e5n bilens minne  Tillverkning av t\u00e4ndningsnyckeln enligt l\u00e5set  Reparation av bilnycklar (byte av knappar, skal, mekanismer)  Uppl\u00e5sning av bil i n\u00f6dsituationer  Byte av nycklar, nyckelfodral  Avst\u00e4ngning av DPF- och FAP-programvaran  Programbaserat avl\u00e4gsnande av EGR  Avaktivering av startsp\u00e4rrprogramvaran (immo Off)  Reparation, kloning och programmering av motorstyrenhet (ECU)  SRS (Programmering av styrenhet f\u00f6r krockkuddar)  artiklar skickas inom 3 arbetsdagar.*\" \/>\n<meta property=\"og:url\" content=\"https:\/\/keys-for-auto.eu\/sv\/product\/key-shell-suitable-suitable-for-nissan-micra-almera-primera-two-buttons\/\" \/>\n<meta property=\"og:site_name\" content=\"Keys for auto\" \/>\n<meta property=\"article:publisher\" content=\"https:\/\/www.facebook.com\/KeysForAutoEU\" \/>\n<meta property=\"og:image\" content=\"https:\/\/keys-for-auto.eu\/wp-content\/uploads\/2022\/12\/Nissan-500x5001-removebg-preview.png\" \/>\n\t<meta property=\"og:image:width\" content=\"500\" \/>\n\t<meta property=\"og:image:height\" content=\"500\" \/>\n\t<meta property=\"og:image:type\" content=\"image\/png\" \/>\n<meta name=\"twitter:card\" content=\"summary_large_image\" \/>\n<meta name=\"twitter:label1\" content=\"Ber\u00e4knad l\u00e4stid\" \/>\n\t<meta name=\"twitter:data1\" content=\"2 minuter\" \/>\n<script type=\"application\/ld+json\" class=\"yoast-schema-graph\">{\"@context\":\"https:\\\/\\\/schema.org\",\"@graph\":[{\"@type\":[\"WebPage\",\"ItemPage\"],\"@id\":\"https:\\\/\\\/keys-for-auto.eu\\\/sv\\\/product\\\/key-shell-suitable-suitable-for-nissan-micra-almera-primera-two-buttons\\\/\",\"url\":\"https:\\\/\\\/keys-for-auto.eu\\\/sv\\\/product\\\/key-shell-suitable-suitable-for-nissan-micra-almera-primera-two-buttons\\\/\",\"name\":\"Nyckelskal - passar f\u00f6r Nissan Micra | Almera | Primera, tv\u00e5 knappar - Keys for auto% %%sidnamn\",\"isPartOf\":{\"@id\":\"https:\\\/\\\/keys-for-auto.eu\\\/sv\\\/#website\"},\"primaryImageOfPage\":{\"@id\":\"https:\\\/\\\/keys-for-auto.eu\\\/sv\\\/product\\\/key-shell-suitable-suitable-for-nissan-micra-almera-primera-two-buttons\\\/#primaryimage\"},\"image\":{\"@id\":\"https:\\\/\\\/keys-for-auto.eu\\\/sv\\\/product\\\/key-shell-suitable-suitable-for-nissan-micra-almera-primera-two-buttons\\\/#primaryimage\"},\"thumbnailUrl\":\"https:\\\/\\\/keys-for-auto.eu\\\/wp-content\\\/uploads\\\/2022\\\/12\\\/Nissan-500x5001-removebg-preview.png\",\"datePublished\":\"2016-04-02T10:23:14+00:00\",\"breadcrumb\":{\"@id\":\"https:\\\/\\\/keys-for-auto.eu\\\/sv\\\/product\\\/key-shell-suitable-suitable-for-nissan-micra-almera-primera-two-buttons\\\/#breadcrumb\"},\"inLanguage\":\"sv-SE\",\"potentialAction\":[{\"@type\":\"ReadAction\",\"target\":[\"https:\\\/\\\/keys-for-auto.eu\\\/sv\\\/product\\\/key-shell-suitable-suitable-for-nissan-micra-almera-primera-two-buttons\\\/\"]}]},{\"@type\":\"ImageObject\",\"inLanguage\":\"sv-SE\",\"@id\":\"https:\\\/\\\/keys-for-auto.eu\\\/sv\\\/product\\\/key-shell-suitable-suitable-for-nissan-micra-almera-primera-two-buttons\\\/#primaryimage\",\"url\":\"https:\\\/\\\/keys-for-auto.eu\\\/wp-content\\\/uploads\\\/2022\\\/12\\\/Nissan-500x5001-removebg-preview.png\",\"contentUrl\":\"https:\\\/\\\/keys-for-auto.eu\\\/wp-content\\\/uploads\\\/2022\\\/12\\\/Nissan-500x5001-removebg-preview.png\",\"width\":500,\"height\":500},{\"@type\":\"BreadcrumbList\",\"@id\":\"https:\\\/\\\/keys-for-auto.eu\\\/sv\\\/product\\\/key-shell-suitable-suitable-for-nissan-micra-almera-primera-two-buttons\\\/#breadcrumb\",\"itemListElement\":[{\"@type\":\"ListItem\",\"position\":1,\"name\":\"Hem\",\"item\":\"https:\\\/\\\/keys-for-auto.eu\\\/sv\\\/\"},{\"@type\":\"ListItem\",\"position\":2,\"name\":\"Shop\",\"item\":\"https:\\\/\\\/keys-for-auto.eu\\\/\"},{\"@type\":\"ListItem\",\"position\":3,\"name\":\"Nyckelskal &#8211; passar f\u00f6r Nissan Micra | Almera | Primera, tv\u00e5 knappar\"}]},{\"@type\":\"WebSite\",\"@id\":\"https:\\\/\\\/keys-for-auto.eu\\\/sv\\\/#website\",\"url\":\"https:\\\/\\\/keys-for-auto.eu\\\/sv\\\/\",\"name\":\"Keys for auto\",\"description\":\"Car keys,  key shells, key programming\",\"publisher\":{\"@id\":\"https:\\\/\\\/keys-for-auto.eu\\\/sv\\\/#organization\"},\"potentialAction\":[{\"@type\":\"SearchAction\",\"target\":{\"@type\":\"EntryPoint\",\"urlTemplate\":\"https:\\\/\\\/keys-for-auto.eu\\\/sv\\\/?s={search_term_string}\"},\"query-input\":{\"@type\":\"PropertyValueSpecification\",\"valueRequired\":true,\"valueName\":\"search_term_string\"}}],\"inLanguage\":\"sv-SE\"},{\"@type\":\"Organization\",\"@id\":\"https:\\\/\\\/keys-for-auto.eu\\\/sv\\\/#organization\",\"name\":\"Nycklar f\u00f6r bil\",\"url\":\"https:\\\/\\\/keys-for-auto.eu\\\/sv\\\/\",\"logo\":{\"@type\":\"ImageObject\",\"inLanguage\":\"sv-SE\",\"@id\":\"https:\\\/\\\/keys-for-auto.eu\\\/sv\\\/#\\\/schema\\\/logo\\\/image\\\/\",\"url\":\"https:\\\/\\\/keys-for-auto.eu\\\/wp-content\\\/uploads\\\/2022\\\/11\\\/cropped-png1.png\",\"contentUrl\":\"https:\\\/\\\/keys-for-auto.eu\\\/wp-content\\\/uploads\\\/2022\\\/11\\\/cropped-png1.png\",\"width\":1000,\"height\":342,\"caption\":\"Nycklar f\u00f6r bil\"},\"image\":{\"@id\":\"https:\\\/\\\/keys-for-auto.eu\\\/sv\\\/#\\\/schema\\\/logo\\\/image\\\/\"},\"sameAs\":[\"https:\\\/\\\/www.facebook.com\\\/KeysForAutoEU\"]}]}<\/script>\n<!-- \/ Yoast SEO plugin. -->","yoast_head_json":{"title":"Nyckelskal - passar f\u00f6r Nissan Micra | Almera | Primera, tv\u00e5 knappar - Keys for auto% %%sidnamn","robots":{"index":"index","follow":"follow","max-snippet":"max-snippet:-1","max-image-preview":"max-image-preview:large","max-video-preview":"max-video-preview:-1"},"canonical":"https:\/\/keys-for-auto.eu\/sv\/product\/key-shell-suitable-suitable-for-nissan-micra-almera-primera-two-buttons\/","og_locale":"sv_SE","og_type":"article","og_title":"Nyckelskal - passar f\u00f6r Nissan Micra | Almera | Primera, tv\u00e5 knappar - Keys for auto% %%sidnamn","og_description":"L\u00e4mplig: Nissan Micra Nissan Almera Nissan Primera Tillverkning av bilnycklar  Tillverkning av nya bilnycklar, programmering av nycklar (\"bindning\" till bilen)  Radera tidigare f\u00f6rlorade nycklar fr\u00e5n bilens minne  Tillverkning av t\u00e4ndningsnyckeln enligt l\u00e5set  Reparation av bilnycklar (byte av knappar, skal, mekanismer)  Uppl\u00e5sning av bil i n\u00f6dsituationer  Byte av nycklar, nyckelfodral  Avst\u00e4ngning av DPF- och FAP-programvaran  Programbaserat avl\u00e4gsnande av EGR  Avaktivering av startsp\u00e4rrprogramvaran (immo Off)  Reparation, kloning och programmering av motorstyrenhet (ECU)  SRS (Programmering av styrenhet f\u00f6r krockkuddar)  artiklar skickas inom 3 arbetsdagar.*","og_url":"https:\/\/keys-for-auto.eu\/sv\/product\/key-shell-suitable-suitable-for-nissan-micra-almera-primera-two-buttons\/","og_site_name":"Keys for auto","article_publisher":"https:\/\/www.facebook.com\/KeysForAutoEU","og_image":[{"width":500,"height":500,"url":"https:\/\/keys-for-auto.eu\/wp-content\/uploads\/2022\/12\/Nissan-500x5001-removebg-preview.png","type":"image\/png"}],"twitter_card":"summary_large_image","twitter_misc":{"Ber\u00e4knad l\u00e4stid":"2 minuter"},"schema":{"@context":"https:\/\/schema.org","@graph":[{"@type":["WebPage","ItemPage"],"@id":"https:\/\/keys-for-auto.eu\/sv\/product\/key-shell-suitable-suitable-for-nissan-micra-almera-primera-two-buttons\/","url":"https:\/\/keys-for-auto.eu\/sv\/product\/key-shell-suitable-suitable-for-nissan-micra-almera-primera-two-buttons\/","name":"Nyckelskal - passar f\u00f6r Nissan Micra | Almera | Primera, tv\u00e5 knappar - Keys for auto% %%sidnamn","isPartOf":{"@id":"https:\/\/keys-for-auto.eu\/sv\/#website"},"primaryImageOfPage":{"@id":"https:\/\/keys-for-auto.eu\/sv\/product\/key-shell-suitable-suitable-for-nissan-micra-almera-primera-two-buttons\/#primaryimage"},"image":{"@id":"https:\/\/keys-for-auto.eu\/sv\/product\/key-shell-suitable-suitable-for-nissan-micra-almera-primera-two-buttons\/#primaryimage"},"thumbnailUrl":"https:\/\/keys-for-auto.eu\/wp-content\/uploads\/2022\/12\/Nissan-500x5001-removebg-preview.png","datePublished":"2016-04-02T10:23:14+00:00","breadcrumb":{"@id":"https:\/\/keys-for-auto.eu\/sv\/product\/key-shell-suitable-suitable-for-nissan-micra-almera-primera-two-buttons\/#breadcrumb"},"inLanguage":"sv-SE","potentialAction":[{"@type":"ReadAction","target":["https:\/\/keys-for-auto.eu\/sv\/product\/key-shell-suitable-suitable-for-nissan-micra-almera-primera-two-buttons\/"]}]},{"@type":"ImageObject","inLanguage":"sv-SE","@id":"https:\/\/keys-for-auto.eu\/sv\/product\/key-shell-suitable-suitable-for-nissan-micra-almera-primera-two-buttons\/#primaryimage","url":"https:\/\/keys-for-auto.eu\/wp-content\/uploads\/2022\/12\/Nissan-500x5001-removebg-preview.png","contentUrl":"https:\/\/keys-for-auto.eu\/wp-content\/uploads\/2022\/12\/Nissan-500x5001-removebg-preview.png","width":500,"height":500},{"@type":"BreadcrumbList","@id":"https:\/\/keys-for-auto.eu\/sv\/product\/key-shell-suitable-suitable-for-nissan-micra-almera-primera-two-buttons\/#breadcrumb","itemListElement":[{"@type":"ListItem","position":1,"name":"Hem","item":"https:\/\/keys-for-auto.eu\/sv\/"},{"@type":"ListItem","position":2,"name":"Shop","item":"https:\/\/keys-for-auto.eu\/"},{"@type":"ListItem","position":3,"name":"Nyckelskal &#8211; passar f\u00f6r Nissan Micra | Almera | Primera, tv\u00e5 knappar"}]},{"@type":"WebSite","@id":"https:\/\/keys-for-auto.eu\/sv\/#website","url":"https:\/\/keys-for-auto.eu\/sv\/","name":"Keys for auto","description":"Car keys,  key shells, key programming","publisher":{"@id":"https:\/\/keys-for-auto.eu\/sv\/#organization"},"potentialAction":[{"@type":"SearchAction","target":{"@type":"EntryPoint","urlTemplate":"https:\/\/keys-for-auto.eu\/sv\/?s={search_term_string}"},"query-input":{"@type":"PropertyValueSpecification","valueRequired":true,"valueName":"search_term_string"}}],"inLanguage":"sv-SE"},{"@type":"Organization","@id":"https:\/\/keys-for-auto.eu\/sv\/#organization","name":"Nycklar f\u00f6r bil","url":"https:\/\/keys-for-auto.eu\/sv\/","logo":{"@type":"ImageObject","inLanguage":"sv-SE","@id":"https:\/\/keys-for-auto.eu\/sv\/#\/schema\/logo\/image\/","url":"https:\/\/keys-for-auto.eu\/wp-content\/uploads\/2022\/11\/cropped-png1.png","contentUrl":"https:\/\/keys-for-auto.eu\/wp-content\/uploads\/2022\/11\/cropped-png1.png","width":1000,"height":342,"caption":"Nycklar f\u00f6r bil"},"image":{"@id":"https:\/\/keys-for-auto.eu\/sv\/#\/schema\/logo\/image\/"},"sameAs":["https:\/\/www.facebook.com\/KeysForAutoEU"]}]}},"_links":{"self":[{"href":"https:\/\/keys-for-auto.eu\/sv\/wp-json\/wp\/v2\/product\/21801","targetHints":{"allow":["GET"]}}],"collection":[{"href":"https:\/\/keys-for-auto.eu\/sv\/wp-json\/wp\/v2\/product"}],"about":[{"href":"https:\/\/keys-for-auto.eu\/sv\/wp-json\/wp\/v2\/types\/product"}],"replies":[{"embeddable":true,"href":"https:\/\/keys-for-auto.eu\/sv\/wp-json\/wp\/v2\/comments?post=21801"}],"wp:featuredmedia":[{"embeddable":true,"href":"https:\/\/keys-for-auto.eu\/sv\/wp-json\/wp\/v2\/media\/20968"}],"wp:attachment":[{"href":"https:\/\/keys-for-auto.eu\/sv\/wp-json\/wp\/v2\/media?parent=21801"}],"wp:term":[{"taxonomy":"product_brand","embeddable":true,"href":"https:\/\/keys-for-auto.eu\/sv\/wp-json\/wp\/v2\/product_brand?post=21801"},{"taxonomy":"product_cat","embeddable":true,"href":"https:\/\/keys-for-auto.eu\/sv\/wp-json\/wp\/v2\/product_cat?post=21801"},{"taxonomy":"product_tag","embeddable":true,"href":"https:\/\/keys-for-auto.eu\/sv\/wp-json\/wp\/v2\/product_tag?post=21801"}],"curies":[{"name":"wp","href":"https:\/\/api.w.org\/{rel}","templated":true}]}}