{"id":21790,"date":"2016-04-02T09:05:33","date_gmt":"2016-04-02T09:05:33","guid":{"rendered":"https:\/\/keys-for-auto.eu\/product\/31-knappar-nyckelholje-passar-mercedes-benz-c-ml-e-clk-b-cls-s\/"},"modified":"2016-04-02T09:05:33","modified_gmt":"2016-04-02T09:05:33","slug":"31-knappar-nyckelholje-lampligt-for-mercedes-benz-c-ml-e-clk-b-cls-s","status":"publish","type":"product","link":"https:\/\/keys-for-auto.eu\/sv\/product\/31-knappar-nyckelholje-lampligt-for-mercedes-benz-c-ml-e-clk-b-cls-s\/","title":{"rendered":"3+1 knappar, nyckelh\u00f6lje &#8211; passar Mercedes Benz C | ML | E | CLK | B | CLS | S"},"content":{"rendered":"<p>3+1 knappar, nyckelh\u00f6lje &#8211; passar Mercedes Benz C | ML | E | CLK | B | CLS | S<\/p>\n","protected":false},"excerpt":{"rendered":"<p><em><strong>Nyckeln \u00e4r l\u00e4mplig:<\/strong><\/em><\/p>\n<p><em><strong><span style=\"color: #636363; font-family: 'Helvetica Neue', Verdana, Arial, sans-serif; font-size: 14px; line-height: 21px;\">&#8211; Mercedes-Benz C230 1999 2000 2002 2003 2004 2005<\/span><br style=\"box-sizing: border-box; margin: 0px; padding: 0px; color: #636363; font-family: 'Helvetica Neue', Verdana, Arial, sans-serif; font-size: 14px; line-height: 21px;\"><span style=\"color: #636363; font-family: 'Helvetica Neue', Verdana, Arial, sans-serif; font-size: 14px; line-height: 21px;\">&#8211; Mercedes-Benz C240 2001 2002 2003 2004 2004 2005<\/span><br style=\"box-sizing: border-box; margin: 0px; padding: 0px; color: #636363; font-family: 'Helvetica Neue', Verdana, Arial, sans-serif; font-size: 14px; line-height: 21px;\"><span style=\"color: #636363; font-family: 'Helvetica Neue', Verdana, Arial, sans-serif; font-size: 14px; line-height: 21px;\">&#8211; Mercedes-Benz C320 2001 2002 2003 2004 2004 2005<\/span><br style=\"box-sizing: border-box; margin: 0px; padding: 0px; color: #636363; font-family: 'Helvetica Neue', Verdana, Arial, sans-serif; font-size: 14px; line-height: 21px;\"><span style=\"color: #636363; font-family: 'Helvetica Neue', Verdana, Arial, sans-serif; font-size: 14px; line-height: 21px;\">&#8211; Mercedes-Benz C55 AMG 2005<\/span><br style=\"box-sizing: border-box; margin: 0px; padding: 0px; color: #636363; font-family: 'Helvetica Neue', Verdana, Arial, sans-serif; font-size: 14px; line-height: 21px;\"><span style=\"color: #636363; font-family: 'Helvetica Neue', Verdana, Arial, sans-serif; font-size: 14px; line-height: 21px;\">&#8211; Mercedes-Benz CL500 1999 2000 2001 2002 2002 2003 2004 2005<\/span><br style=\"box-sizing: border-box; margin: 0px; padding: 0px; color: #636363; font-family: 'Helvetica Neue', Verdana, Arial, sans-serif; font-size: 14px; line-height: 21px;\"><span style=\"color: #636363; font-family: 'Helvetica Neue', Verdana, Arial, sans-serif; font-size: 14px; line-height: 21px;\">&#8211; Mercedes-Benz CL55 AMG 2001 2002 2003 2004 2004 2005 2006<\/span><br style=\"box-sizing: border-box; margin: 0px; padding: 0px; color: #636363; font-family: 'Helvetica Neue', Verdana, Arial, sans-serif; font-size: 14px; line-height: 21px;\"><span style=\"color: #636363; font-family: 'Helvetica Neue', Verdana, Arial, sans-serif; font-size: 14px; line-height: 21px;\">&#8211; Mercedes-Benz CL600 1999 2001 2002 2003 2004 2005 2006<\/span><br style=\"box-sizing: border-box; margin: 0px; padding: 0px; color: #636363; font-family: 'Helvetica Neue', Verdana, Arial, sans-serif; font-size: 14px; line-height: 21px;\"><span style=\"color: #636363; font-family: 'Helvetica Neue', Verdana, Arial, sans-serif; font-size: 14px; line-height: 21px;\">&#8211; Mercedes-Benz CL65 AMG 2005 2006<\/span><br style=\"box-sizing: border-box; margin: 0px; padding: 0px; color: #636363; font-family: 'Helvetica Neue', Verdana, Arial, sans-serif; font-size: 14px; line-height: 21px;\"><span style=\"color: #636363; font-family: 'Helvetica Neue', Verdana, Arial, sans-serif; font-size: 14px; line-height: 21px;\">&#8211; Mercedes-Benz CLK320 1999 2000 2001 2002 2002 2003 2004 2005<\/span><br style=\"box-sizing: border-box; margin: 0px; padding: 0px; color: #636363; font-family: 'Helvetica Neue', Verdana, Arial, sans-serif; font-size: 14px; line-height: 21px;\"><span style=\"color: #636363; font-family: 'Helvetica Neue', Verdana, Arial, sans-serif; font-size: 14px; line-height: 21px;\">&#8211; Mercedes-Benz CLK350 2006<\/span><br style=\"box-sizing: border-box; margin: 0px; padding: 0px; color: #636363; font-family: 'Helvetica Neue', Verdana, Arial, sans-serif; font-size: 14px; line-height: 21px;\"><span style=\"color: #636363; font-family: 'Helvetica Neue', Verdana, Arial, sans-serif; font-size: 14px; line-height: 21px;\">&#8211; Mercedes-Benz CLK55 AMG 2001 2002 2003 2004 2004 2005 2006<\/span><br style=\"box-sizing: border-box; margin: 0px; padding: 0px; color: #636363; font-family: 'Helvetica Neue', Verdana, Arial, sans-serif; font-size: 14px; line-height: 21px;\"><span style=\"color: #636363; font-family: 'Helvetica Neue', Verdana, Arial, sans-serif; font-size: 14px; line-height: 21px;\">&#8211; Mercedes-Benz CLK55 AMG 2005<\/span><br style=\"box-sizing: border-box; margin: 0px; padding: 0px; color: #636363; font-family: 'Helvetica Neue', Verdana, Arial, sans-serif; font-size: 14px; line-height: 21px;\"><span style=\"color: #636363; font-family: 'Helvetica Neue', Verdana, Arial, sans-serif; font-size: 14px; line-height: 21px;\">&#8211; Mercedes-Benz E320 1999 2000 2001 2002 2002 2003 2004 2005<\/span><br style=\"box-sizing: border-box; margin: 0px; padding: 0px; color: #636363; font-family: 'Helvetica Neue', Verdana, Arial, sans-serif; font-size: 14px; line-height: 21px;\"><span style=\"color: #636363; font-family: 'Helvetica Neue', Verdana, Arial, sans-serif; font-size: 14px; line-height: 21px;\">&#8211; Mercedes-Benz E500 2003 2004 2005<\/span><br style=\"box-sizing: border-box; margin: 0px; padding: 0px; color: #636363; font-family: 'Helvetica Neue', Verdana, Arial, sans-serif; font-size: 14px; line-height: 21px;\"><span style=\"color: #636363; font-family: 'Helvetica Neue', Verdana, Arial, sans-serif; font-size: 14px; line-height: 21px;\">&#8211; Mercedes-Benz E55 AMG 1999 2000 2001 2002 2002 2003 2004 2005<\/span><br style=\"box-sizing: border-box; margin: 0px; padding: 0px; color: #636363; font-family: 'Helvetica Neue', Verdana, Arial, sans-serif; font-size: 14px; line-height: 21px;\"><span style=\"color: #636363; font-family: 'Helvetica Neue', Verdana, Arial, sans-serif; font-size: 14px; line-height: 21px;\">&#8211; Mercedes-Benz G500 2002 2003 2004 2004 2005<\/span><br style=\"box-sizing: border-box; margin: 0px; padding: 0px; color: #636363; font-family: 'Helvetica Neue', Verdana, Arial, sans-serif; font-size: 14px; line-height: 21px;\"><span style=\"color: #636363; font-family: 'Helvetica Neue', Verdana, Arial, sans-serif; font-size: 14px; line-height: 21px;\">&#8211; Mercedes-Benz G55 AMG 2003 2004 2005<\/span><br style=\"box-sizing: border-box; margin: 0px; padding: 0px; color: #636363; font-family: 'Helvetica Neue', Verdana, Arial, sans-serif; font-size: 14px; line-height: 21px;\"><span style=\"color: #636363; font-family: 'Helvetica Neue', Verdana, Arial, sans-serif; font-size: 14px; line-height: 21px;\">&#8211; Mercedes-Benz S430 2000 2001 2002 2003 2004 2005<\/span><br style=\"box-sizing: border-box; margin: 0px; padding: 0px; color: #636363; font-family: 'Helvetica Neue', Verdana, Arial, sans-serif; font-size: 14px; line-height: 21px;\"><span style=\"color: #636363; font-family: 'Helvetica Neue', Verdana, Arial, sans-serif; font-size: 14px; line-height: 21px;\">&#8211; Mercedes-Benz S500 1999 2000 2001 2002 2002 2003 2004 2005<\/span><br style=\"box-sizing: border-box; margin: 0px; padding: 0px; color: #636363; font-family: 'Helvetica Neue', Verdana, Arial, sans-serif; font-size: 14px; line-height: 21px;\"><span style=\"color: #636363; font-family: 'Helvetica Neue', Verdana, Arial, sans-serif; font-size: 14px; line-height: 21px;\">&#8211; Mercedes-Benz S600 1999 2000 2001 2002 2002 2003 2004 2005<\/span><br style=\"box-sizing: border-box; margin: 0px; padding: 0px; color: #636363; font-family: 'Helvetica Neue', Verdana, Arial, sans-serif; font-size: 14px; line-height: 21px;\"><span style=\"color: #636363; font-family: 'Helvetica Neue', Verdana, Arial, sans-serif; font-size: 14px; line-height: 21px;\">&#8211; Mercedes-Benz SL500 1999 2000 2001 2002 2002 2003 2004 2005<\/span><br style=\"box-sizing: border-box; margin: 0px; padding: 0px; color: #636363; font-family: 'Helvetica Neue', Verdana, Arial, sans-serif; font-size: 14px; line-height: 21px;\"><span style=\"color: #636363; font-family: 'Helvetica Neue', Verdana, Arial, sans-serif; font-size: 14px; line-height: 21px;\">&#8211; Mercedes-Benz SL55 AMG 2003 2004 2005<\/span><br style=\"box-sizing: border-box; margin: 0px; padding: 0px; color: #636363; font-family: 'Helvetica Neue', Verdana, Arial, sans-serif; font-size: 14px; line-height: 21px;\"><span style=\"color: #636363; font-family: 'Helvetica Neue', Verdana, Arial, sans-serif; font-size: 14px; line-height: 21px;\">&#8211; Mercedes-Benz SL600 1999 2000 2001 2002 2002 2003 2004 2005<\/span><br style=\"box-sizing: border-box; margin: 0px; padding: 0px; color: #636363; font-family: 'Helvetica Neue', Verdana, Arial, sans-serif; font-size: 14px; line-height: 21px;\"><span style=\"color: #636363; font-family: 'Helvetica Neue', Verdana, Arial, sans-serif; font-size: 14px; line-height: 21px;\">&#8211; Mercedes-Benz SL65 AMG 2005<\/span> <\/strong><\/em><\/p>\n<h3><strong>Tillverkning av bilnycklar<\/strong><\/h3>\n<ul>\n<li><strong>Tillverkning av nya bilnycklar, programmering av nycklar (&#8221;bindning&#8221; till bilen)<\/strong><\/li>\n<li><strong>Radera tidigare f\u00f6rlorade nycklar fr\u00e5n bilens minne<\/strong><\/li>\n<li><strong>Tillverkning av t\u00e4ndningsnyckeln enligt l\u00e5set<\/strong><\/li>\n<li><strong>Reparation av bilnycklar (byte av knappar, skal, mekanismer)<\/strong><\/li>\n<li><strong>Uppl\u00e5sning av bil i n\u00f6dsituationer<\/strong><\/li>\n<li><strong>Byte av nycklar, nyckelfodral<\/strong><\/li>\n<li><strong>Avst\u00e4ngning av DPF- och FAP-programvaran<\/strong><\/li>\n<li><strong>Programbaserat avl\u00e4gsnande av EGR<\/strong><\/li>\n<li><strong>Avaktivering av startsp\u00e4rrprogramvaran (immo Off)<\/strong><\/li>\n<li><strong>Reparation, kloning och programmering av motorstyrenhet (ECU)<\/strong><\/li>\n<li><strong>SRS (Programmering av styrenhet f\u00f6r krockkuddar)<\/strong><\/li>\n<\/ul>\n<h4><strong>  artiklar skickas inom 3 arbetsdagar.*<\/strong><\/h4>\n","protected":false},"featured_media":20936,"comment_status":"open","ping_status":"closed","template":"","meta":[],"product_brand":[],"product_cat":[4639,4144],"product_tag":[4649,4658,4661,4667,4678,4685,4642,4689],"class_list":{"0":"post-21790","1":"product","2":"type-product","3":"status-publish","4":"has-post-thumbnail","6":"product_cat-mercedes-benz-sv","7":"product_cat-nyckelskal","8":"product_tag-mercedes-benz-b-nyckelskal","9":"product_tag-mercedes-benz-c-nyckelskal","10":"product_tag-mercedes-benz-clk-nyckelskal","11":"product_tag-mercedes-benz-cls-nyckelskal","12":"product_tag-mercedes-benz-e-nyckelskal","13":"product_tag-mercedes-benz-ml-nyckelskal","14":"product_tag-mercedes-benz-nyckelskal","15":"product_tag-mercedes-benz-s-nyckelskal","17":"first","18":"instock","19":"sale","20":"shipping-taxable","21":"purchasable","22":"product-type-simple"},"yoast_head":"<!-- This site is optimized with the Yoast SEO plugin v27.3 - https:\/\/yoast.com\/product\/yoast-seo-wordpress\/ -->\n<title>3+1 knappar, nyckelh\u00f6lje - passar Mercedes Benz C | ML | E | CLK | B | CLS | S - Keys for auto% %%sidnamn<\/title>\n<meta name=\"robots\" content=\"index, follow, max-snippet:-1, max-image-preview:large, max-video-preview:-1\" \/>\n<link rel=\"canonical\" href=\"https:\/\/keys-for-auto.eu\/sv\/product\/31-knappar-nyckelholje-lampligt-for-mercedes-benz-c-ml-e-clk-b-cls-s\/\" \/>\n<meta property=\"og:locale\" content=\"sv_SE\" \/>\n<meta property=\"og:type\" content=\"article\" \/>\n<meta property=\"og:title\" content=\"3+1 knappar, nyckelh\u00f6lje - passar Mercedes Benz C | ML | E | CLK | B | CLS | S - Keys for auto% %%sidnamn\" \/>\n<meta property=\"og:description\" content=\"Nyckeln \u00e4r l\u00e4mplig: - Mercedes-Benz C230 1999 2000 2002 2003 2004 2005- Mercedes-Benz C240 2001 2002 2003 2004 2004 2005- Mercedes-Benz C320 2001 2002 2003 2004 2004 2005- Mercedes-Benz C55 AMG 2005- Mercedes-Benz CL500 1999 2000 2001 2002 2002 2003 2004 2005- Mercedes-Benz CL55 AMG 2001 2002 2003 2004 2004 2005 2006- Mercedes-Benz CL600 1999 2001 2002 2003 2004 2005 2006- Mercedes-Benz CL65 AMG 2005 2006- Mercedes-Benz CLK320 1999 2000 2001 2002 2002 2003 2004 2005- Mercedes-Benz CLK350 2006- Mercedes-Benz CLK55 AMG 2001 2002 2003 2004 2004 2005 2006- Mercedes-Benz CLK55 AMG 2005- Mercedes-Benz E320 1999 2000 2001 2002 2002 2003 2004 2005- Mercedes-Benz E500 2003 2004 2005- Mercedes-Benz E55 AMG 1999 2000 2001 2002 2002 2003 2004 2005- Mercedes-Benz G500 2002 2003 2004 2004 2005- Mercedes-Benz G55 AMG 2003 2004 2005- Mercedes-Benz S430 2000 2001 2002 2003 2004 2005- Mercedes-Benz S500 1999 2000 2001 2002 2002 2003 2004 2005- Mercedes-Benz S600 1999 2000 2001 2002 2002 2003 2004 2005- Mercedes-Benz SL500 1999 2000 2001 2002 2002 2003 2004 2005- Mercedes-Benz SL55 AMG 2003 2004 2005- Mercedes-Benz SL600 1999 2000 2001 2002 2002 2003 2004 2005- Mercedes-Benz SL65 AMG 2005 Tillverkning av bilnycklar  Tillverkning av nya bilnycklar, programmering av nycklar (&quot;bindning&quot; till bilen)  Radera tidigare f\u00f6rlorade nycklar fr\u00e5n bilens minne  Tillverkning av t\u00e4ndningsnyckeln enligt l\u00e5set  Reparation av bilnycklar (byte av knappar, skal, mekanismer)  Uppl\u00e5sning av bil i n\u00f6dsituationer  Byte av nycklar, nyckelfodral  Avst\u00e4ngning av DPF- och FAP-programvaran  Programbaserat avl\u00e4gsnande av EGR  Avaktivering av startsp\u00e4rrprogramvaran (immo Off)  Reparation, kloning och programmering av motorstyrenhet (ECU)  SRS (Programmering av styrenhet f\u00f6r krockkuddar)  artiklar skickas inom 3 arbetsdagar.*\" \/>\n<meta property=\"og:url\" content=\"https:\/\/keys-for-auto.eu\/sv\/product\/31-knappar-nyckelholje-lampligt-for-mercedes-benz-c-ml-e-clk-b-cls-s\/\" \/>\n<meta property=\"og:site_name\" content=\"Keys for auto\" \/>\n<meta property=\"article:publisher\" content=\"https:\/\/www.facebook.com\/KeysForAutoEU\" \/>\n<meta property=\"og:image\" content=\"https:\/\/keys-for-auto.eu\/wp-content\/uploads\/2022\/12\/Mercedes-rakto-korpusas-su-panic-500x5001-removebg-preview.png\" \/>\n\t<meta property=\"og:image:width\" content=\"500\" \/>\n\t<meta property=\"og:image:height\" content=\"500\" \/>\n\t<meta property=\"og:image:type\" content=\"image\/png\" \/>\n<meta name=\"twitter:card\" content=\"summary_large_image\" \/>\n<script type=\"application\/ld+json\" class=\"yoast-schema-graph\">{\"@context\":\"https:\\\/\\\/schema.org\",\"@graph\":[{\"@type\":[\"WebPage\",\"ItemPage\"],\"@id\":\"https:\\\/\\\/keys-for-auto.eu\\\/sv\\\/product\\\/31-knappar-nyckelholje-lampligt-for-mercedes-benz-c-ml-e-clk-b-cls-s\\\/\",\"url\":\"https:\\\/\\\/keys-for-auto.eu\\\/sv\\\/product\\\/31-knappar-nyckelholje-lampligt-for-mercedes-benz-c-ml-e-clk-b-cls-s\\\/\",\"name\":\"3+1 knappar, nyckelh\u00f6lje - passar Mercedes Benz C | ML | E | CLK | B | CLS | S - Keys for auto% %%sidnamn\",\"isPartOf\":{\"@id\":\"https:\\\/\\\/keys-for-auto.eu\\\/sv\\\/#website\"},\"primaryImageOfPage\":{\"@id\":\"https:\\\/\\\/keys-for-auto.eu\\\/sv\\\/product\\\/31-knappar-nyckelholje-lampligt-for-mercedes-benz-c-ml-e-clk-b-cls-s\\\/#primaryimage\"},\"image\":{\"@id\":\"https:\\\/\\\/keys-for-auto.eu\\\/sv\\\/product\\\/31-knappar-nyckelholje-lampligt-for-mercedes-benz-c-ml-e-clk-b-cls-s\\\/#primaryimage\"},\"thumbnailUrl\":\"https:\\\/\\\/keys-for-auto.eu\\\/wp-content\\\/uploads\\\/2022\\\/12\\\/Mercedes-rakto-korpusas-su-panic-500x5001-removebg-preview.png\",\"datePublished\":\"2016-04-02T09:05:33+00:00\",\"breadcrumb\":{\"@id\":\"https:\\\/\\\/keys-for-auto.eu\\\/sv\\\/product\\\/31-knappar-nyckelholje-lampligt-for-mercedes-benz-c-ml-e-clk-b-cls-s\\\/#breadcrumb\"},\"inLanguage\":\"sv-SE\",\"potentialAction\":[{\"@type\":\"ReadAction\",\"target\":[\"https:\\\/\\\/keys-for-auto.eu\\\/sv\\\/product\\\/31-knappar-nyckelholje-lampligt-for-mercedes-benz-c-ml-e-clk-b-cls-s\\\/\"]}]},{\"@type\":\"ImageObject\",\"inLanguage\":\"sv-SE\",\"@id\":\"https:\\\/\\\/keys-for-auto.eu\\\/sv\\\/product\\\/31-knappar-nyckelholje-lampligt-for-mercedes-benz-c-ml-e-clk-b-cls-s\\\/#primaryimage\",\"url\":\"https:\\\/\\\/keys-for-auto.eu\\\/wp-content\\\/uploads\\\/2022\\\/12\\\/Mercedes-rakto-korpusas-su-panic-500x5001-removebg-preview.png\",\"contentUrl\":\"https:\\\/\\\/keys-for-auto.eu\\\/wp-content\\\/uploads\\\/2022\\\/12\\\/Mercedes-rakto-korpusas-su-panic-500x5001-removebg-preview.png\",\"width\":500,\"height\":500},{\"@type\":\"BreadcrumbList\",\"@id\":\"https:\\\/\\\/keys-for-auto.eu\\\/sv\\\/product\\\/31-knappar-nyckelholje-lampligt-for-mercedes-benz-c-ml-e-clk-b-cls-s\\\/#breadcrumb\",\"itemListElement\":[{\"@type\":\"ListItem\",\"position\":1,\"name\":\"Hem\",\"item\":\"https:\\\/\\\/keys-for-auto.eu\\\/sv\\\/\"},{\"@type\":\"ListItem\",\"position\":2,\"name\":\"Shop\",\"item\":\"https:\\\/\\\/keys-for-auto.eu\\\/\"},{\"@type\":\"ListItem\",\"position\":3,\"name\":\"3+1 knappar, nyckelh\u00f6lje &#8211; passar Mercedes Benz C | ML | E | CLK | B | CLS | S\"}]},{\"@type\":\"WebSite\",\"@id\":\"https:\\\/\\\/keys-for-auto.eu\\\/sv\\\/#website\",\"url\":\"https:\\\/\\\/keys-for-auto.eu\\\/sv\\\/\",\"name\":\"Keys for auto\",\"description\":\"Car keys,  key shells, key programming\",\"publisher\":{\"@id\":\"https:\\\/\\\/keys-for-auto.eu\\\/sv\\\/#organization\"},\"potentialAction\":[{\"@type\":\"SearchAction\",\"target\":{\"@type\":\"EntryPoint\",\"urlTemplate\":\"https:\\\/\\\/keys-for-auto.eu\\\/sv\\\/?s={search_term_string}\"},\"query-input\":{\"@type\":\"PropertyValueSpecification\",\"valueRequired\":true,\"valueName\":\"search_term_string\"}}],\"inLanguage\":\"sv-SE\"},{\"@type\":\"Organization\",\"@id\":\"https:\\\/\\\/keys-for-auto.eu\\\/sv\\\/#organization\",\"name\":\"Nycklar f\u00f6r bil\",\"url\":\"https:\\\/\\\/keys-for-auto.eu\\\/sv\\\/\",\"logo\":{\"@type\":\"ImageObject\",\"inLanguage\":\"sv-SE\",\"@id\":\"https:\\\/\\\/keys-for-auto.eu\\\/sv\\\/#\\\/schema\\\/logo\\\/image\\\/\",\"url\":\"https:\\\/\\\/keys-for-auto.eu\\\/wp-content\\\/uploads\\\/2022\\\/11\\\/cropped-png1.png\",\"contentUrl\":\"https:\\\/\\\/keys-for-auto.eu\\\/wp-content\\\/uploads\\\/2022\\\/11\\\/cropped-png1.png\",\"width\":1000,\"height\":342,\"caption\":\"Nycklar f\u00f6r bil\"},\"image\":{\"@id\":\"https:\\\/\\\/keys-for-auto.eu\\\/sv\\\/#\\\/schema\\\/logo\\\/image\\\/\"},\"sameAs\":[\"https:\\\/\\\/www.facebook.com\\\/KeysForAutoEU\"]}]}<\/script>\n<!-- \/ Yoast SEO plugin. -->","yoast_head_json":{"title":"3+1 knappar, nyckelh\u00f6lje - passar Mercedes Benz C | ML | E | CLK | B | CLS | S - Keys for auto% %%sidnamn","robots":{"index":"index","follow":"follow","max-snippet":"max-snippet:-1","max-image-preview":"max-image-preview:large","max-video-preview":"max-video-preview:-1"},"canonical":"https:\/\/keys-for-auto.eu\/sv\/product\/31-knappar-nyckelholje-lampligt-for-mercedes-benz-c-ml-e-clk-b-cls-s\/","og_locale":"sv_SE","og_type":"article","og_title":"3+1 knappar, nyckelh\u00f6lje - passar Mercedes Benz C | ML | E | CLK | B | CLS | S - Keys for auto% %%sidnamn","og_description":"Nyckeln \u00e4r l\u00e4mplig: - Mercedes-Benz C230 1999 2000 2002 2003 2004 2005- Mercedes-Benz C240 2001 2002 2003 2004 2004 2005- Mercedes-Benz C320 2001 2002 2003 2004 2004 2005- Mercedes-Benz C55 AMG 2005- Mercedes-Benz CL500 1999 2000 2001 2002 2002 2003 2004 2005- Mercedes-Benz CL55 AMG 2001 2002 2003 2004 2004 2005 2006- Mercedes-Benz CL600 1999 2001 2002 2003 2004 2005 2006- Mercedes-Benz CL65 AMG 2005 2006- Mercedes-Benz CLK320 1999 2000 2001 2002 2002 2003 2004 2005- Mercedes-Benz CLK350 2006- Mercedes-Benz CLK55 AMG 2001 2002 2003 2004 2004 2005 2006- Mercedes-Benz CLK55 AMG 2005- Mercedes-Benz E320 1999 2000 2001 2002 2002 2003 2004 2005- Mercedes-Benz E500 2003 2004 2005- Mercedes-Benz E55 AMG 1999 2000 2001 2002 2002 2003 2004 2005- Mercedes-Benz G500 2002 2003 2004 2004 2005- Mercedes-Benz G55 AMG 2003 2004 2005- Mercedes-Benz S430 2000 2001 2002 2003 2004 2005- Mercedes-Benz S500 1999 2000 2001 2002 2002 2003 2004 2005- Mercedes-Benz S600 1999 2000 2001 2002 2002 2003 2004 2005- Mercedes-Benz SL500 1999 2000 2001 2002 2002 2003 2004 2005- Mercedes-Benz SL55 AMG 2003 2004 2005- Mercedes-Benz SL600 1999 2000 2001 2002 2002 2003 2004 2005- Mercedes-Benz SL65 AMG 2005 Tillverkning av bilnycklar  Tillverkning av nya bilnycklar, programmering av nycklar (\"bindning\" till bilen)  Radera tidigare f\u00f6rlorade nycklar fr\u00e5n bilens minne  Tillverkning av t\u00e4ndningsnyckeln enligt l\u00e5set  Reparation av bilnycklar (byte av knappar, skal, mekanismer)  Uppl\u00e5sning av bil i n\u00f6dsituationer  Byte av nycklar, nyckelfodral  Avst\u00e4ngning av DPF- och FAP-programvaran  Programbaserat avl\u00e4gsnande av EGR  Avaktivering av startsp\u00e4rrprogramvaran (immo Off)  Reparation, kloning och programmering av motorstyrenhet (ECU)  SRS (Programmering av styrenhet f\u00f6r krockkuddar)  artiklar skickas inom 3 arbetsdagar.*","og_url":"https:\/\/keys-for-auto.eu\/sv\/product\/31-knappar-nyckelholje-lampligt-for-mercedes-benz-c-ml-e-clk-b-cls-s\/","og_site_name":"Keys for auto","article_publisher":"https:\/\/www.facebook.com\/KeysForAutoEU","og_image":[{"width":500,"height":500,"url":"https:\/\/keys-for-auto.eu\/wp-content\/uploads\/2022\/12\/Mercedes-rakto-korpusas-su-panic-500x5001-removebg-preview.png","type":"image\/png"}],"twitter_card":"summary_large_image","schema":{"@context":"https:\/\/schema.org","@graph":[{"@type":["WebPage","ItemPage"],"@id":"https:\/\/keys-for-auto.eu\/sv\/product\/31-knappar-nyckelholje-lampligt-for-mercedes-benz-c-ml-e-clk-b-cls-s\/","url":"https:\/\/keys-for-auto.eu\/sv\/product\/31-knappar-nyckelholje-lampligt-for-mercedes-benz-c-ml-e-clk-b-cls-s\/","name":"3+1 knappar, nyckelh\u00f6lje - passar Mercedes Benz C | ML | E | CLK | B | CLS | S - Keys for auto% %%sidnamn","isPartOf":{"@id":"https:\/\/keys-for-auto.eu\/sv\/#website"},"primaryImageOfPage":{"@id":"https:\/\/keys-for-auto.eu\/sv\/product\/31-knappar-nyckelholje-lampligt-for-mercedes-benz-c-ml-e-clk-b-cls-s\/#primaryimage"},"image":{"@id":"https:\/\/keys-for-auto.eu\/sv\/product\/31-knappar-nyckelholje-lampligt-for-mercedes-benz-c-ml-e-clk-b-cls-s\/#primaryimage"},"thumbnailUrl":"https:\/\/keys-for-auto.eu\/wp-content\/uploads\/2022\/12\/Mercedes-rakto-korpusas-su-panic-500x5001-removebg-preview.png","datePublished":"2016-04-02T09:05:33+00:00","breadcrumb":{"@id":"https:\/\/keys-for-auto.eu\/sv\/product\/31-knappar-nyckelholje-lampligt-for-mercedes-benz-c-ml-e-clk-b-cls-s\/#breadcrumb"},"inLanguage":"sv-SE","potentialAction":[{"@type":"ReadAction","target":["https:\/\/keys-for-auto.eu\/sv\/product\/31-knappar-nyckelholje-lampligt-for-mercedes-benz-c-ml-e-clk-b-cls-s\/"]}]},{"@type":"ImageObject","inLanguage":"sv-SE","@id":"https:\/\/keys-for-auto.eu\/sv\/product\/31-knappar-nyckelholje-lampligt-for-mercedes-benz-c-ml-e-clk-b-cls-s\/#primaryimage","url":"https:\/\/keys-for-auto.eu\/wp-content\/uploads\/2022\/12\/Mercedes-rakto-korpusas-su-panic-500x5001-removebg-preview.png","contentUrl":"https:\/\/keys-for-auto.eu\/wp-content\/uploads\/2022\/12\/Mercedes-rakto-korpusas-su-panic-500x5001-removebg-preview.png","width":500,"height":500},{"@type":"BreadcrumbList","@id":"https:\/\/keys-for-auto.eu\/sv\/product\/31-knappar-nyckelholje-lampligt-for-mercedes-benz-c-ml-e-clk-b-cls-s\/#breadcrumb","itemListElement":[{"@type":"ListItem","position":1,"name":"Hem","item":"https:\/\/keys-for-auto.eu\/sv\/"},{"@type":"ListItem","position":2,"name":"Shop","item":"https:\/\/keys-for-auto.eu\/"},{"@type":"ListItem","position":3,"name":"3+1 knappar, nyckelh\u00f6lje &#8211; passar Mercedes Benz C | ML | E | CLK | B | CLS | S"}]},{"@type":"WebSite","@id":"https:\/\/keys-for-auto.eu\/sv\/#website","url":"https:\/\/keys-for-auto.eu\/sv\/","name":"Keys for auto","description":"Car keys,  key shells, key programming","publisher":{"@id":"https:\/\/keys-for-auto.eu\/sv\/#organization"},"potentialAction":[{"@type":"SearchAction","target":{"@type":"EntryPoint","urlTemplate":"https:\/\/keys-for-auto.eu\/sv\/?s={search_term_string}"},"query-input":{"@type":"PropertyValueSpecification","valueRequired":true,"valueName":"search_term_string"}}],"inLanguage":"sv-SE"},{"@type":"Organization","@id":"https:\/\/keys-for-auto.eu\/sv\/#organization","name":"Nycklar f\u00f6r bil","url":"https:\/\/keys-for-auto.eu\/sv\/","logo":{"@type":"ImageObject","inLanguage":"sv-SE","@id":"https:\/\/keys-for-auto.eu\/sv\/#\/schema\/logo\/image\/","url":"https:\/\/keys-for-auto.eu\/wp-content\/uploads\/2022\/11\/cropped-png1.png","contentUrl":"https:\/\/keys-for-auto.eu\/wp-content\/uploads\/2022\/11\/cropped-png1.png","width":1000,"height":342,"caption":"Nycklar f\u00f6r bil"},"image":{"@id":"https:\/\/keys-for-auto.eu\/sv\/#\/schema\/logo\/image\/"},"sameAs":["https:\/\/www.facebook.com\/KeysForAutoEU"]}]}},"_links":{"self":[{"href":"https:\/\/keys-for-auto.eu\/sv\/wp-json\/wp\/v2\/product\/21790","targetHints":{"allow":["GET"]}}],"collection":[{"href":"https:\/\/keys-for-auto.eu\/sv\/wp-json\/wp\/v2\/product"}],"about":[{"href":"https:\/\/keys-for-auto.eu\/sv\/wp-json\/wp\/v2\/types\/product"}],"replies":[{"embeddable":true,"href":"https:\/\/keys-for-auto.eu\/sv\/wp-json\/wp\/v2\/comments?post=21790"}],"wp:featuredmedia":[{"embeddable":true,"href":"https:\/\/keys-for-auto.eu\/sv\/wp-json\/wp\/v2\/media\/20936"}],"wp:attachment":[{"href":"https:\/\/keys-for-auto.eu\/sv\/wp-json\/wp\/v2\/media?parent=21790"}],"wp:term":[{"taxonomy":"product_brand","embeddable":true,"href":"https:\/\/keys-for-auto.eu\/sv\/wp-json\/wp\/v2\/product_brand?post=21790"},{"taxonomy":"product_cat","embeddable":true,"href":"https:\/\/keys-for-auto.eu\/sv\/wp-json\/wp\/v2\/product_cat?post=21790"},{"taxonomy":"product_tag","embeddable":true,"href":"https:\/\/keys-for-auto.eu\/sv\/wp-json\/wp\/v2\/product_tag?post=21790"}],"curies":[{"name":"wp","href":"https:\/\/api.w.org\/{rel}","templated":true}]}}