{"id":21778,"date":"2016-04-02T10:13:10","date_gmt":"2016-04-02T10:13:10","guid":{"rendered":"https:\/\/keys-for-auto.eu\/product\/fjarrkontroll-lamplig-for-mitsubishi-med-3-knappar\/"},"modified":"2016-04-02T10:13:10","modified_gmt":"2016-04-02T10:13:10","slug":"fjarrkontroll-som-passar-for-mitsubishi-med-3-knappar","status":"publish","type":"product","link":"https:\/\/keys-for-auto.eu\/sv\/product\/fjarrkontroll-som-passar-for-mitsubishi-med-3-knappar\/","title":{"rendered":"Fj\u00e4rrkontroll &#8211; l\u00e4mplig f\u00f6r Mitsubishi, med 3 knappar"},"content":{"rendered":"<h2><strong>Fj\u00e4rrkontroll f\u00f6r Mitsubishi bilar<\/strong><\/h2>\n<p>Vi presenterar en fj\u00e4rrkontroll med tre knappar f\u00f6r Mitsubishi-bilar. Den h\u00e4r fj\u00e4rrkontrollen \u00e4r tillverkad av kvalitetsmaterial och kommer att ge dig ett l\u00e5ngt och troget liv. Vi bjuder in dig att ta en titt p\u00e5 v\u00e5ra andra h\u00f6gkvalitativa produkter. Vi s\u00e4ljer fj\u00e4rrkontrollnycklar. Du kan se dem h\u00e4r. Vi s\u00e4ljer \u00e4ven Renault t\u00e4ndkort. Vi binder dem till din bil. Vi ers\u00e4tter trasiga eller slitna kortfodral. Vi reparerar korten.<\/p>\n<p>S\u00e5 om du beh\u00f6ver ett Renault t\u00e4ndkort, programmering eller reparation, v\u00e4nligen kontakta oss! Ring oss p\u00e5 numret l\u00e4ngst ner p\u00e5 sidan. Eller bes\u00f6k oss p\u00e5 v\u00e5rt huvudkontor. V\u00e4nligen boka tid i f\u00f6rv\u00e4g. Du kan g\u00f6ra detta genom att ringa numret l\u00e4ngst ner p\u00e5 sidan eller genom att f\u00f6lja den h\u00e4r l\u00e4nken. Ut\u00f6ver ovanst\u00e5ende tj\u00e4nster erbjuder vi \u00e4ven en akut uppl\u00e5ningstj\u00e4nst f\u00f6r bilar. Se slutet av denna artikel.<\/p>\n<h2><strong>Nyckelprogrammering<\/strong><\/h2>\n<p>Vi programmerar nycklar inte bara f\u00f6r Renault, utan \u00e4ven f\u00f6r m\u00e5nga andra bilm\u00e4rken. Nyckelprogrammering. En kvalitetstj\u00e4nst som g\u00f6r dina resekostnader l\u00f6nsamma. Programmering av bilnycklar utf\u00f6rs med den senaste utrustningen. Och v\u00e5ra specialister p\u00e5 programplanering f\u00f6rb\u00e4ttrar kontinuerligt sina kvalifikationer.<\/p>\n<p>Om du \u00e4r os\u00e4ker p\u00e5 vem du ska anf\u00f6rtro programmering av dina bilnycklar, s\u00e5 kan du bara anf\u00f6rtro det \u00e5t proffsen &#8211; v\u00e5ra specialister! Vi har tillverkat nycklar i m\u00e5nga \u00e5r. Vi anv\u00e4nder g\u00e4rna v\u00e5r erfarenhet f\u00f6r att f\u00f6rl\u00e4nga din k\u00f6rgl\u00e4dje. Bilnycklar &#8211; bara fr\u00e5n v\u00e5ra h\u00e4nder!<\/p>\n<h2><strong>Uppl\u00e5sning av bil i n\u00f6dsituationer<\/strong><\/h2>\n<p>Det \u00e4r n\u00f6dv\u00e4ndigt att l\u00e5sa upp bilen i n\u00f6dsituationer n\u00e4r du inte kan ta dig in i bilen p\u00e5 vanligt s\u00e4tt. Eftersom bilens l\u00e5ssystem ibland &#8221;g\u00e5r i spinn&#8221; beh\u00f6ver du professionell hj\u00e4lp f\u00f6r att l\u00e5sa upp en bil som har &#8221;fastnat&#8221;. Ibland h\u00e4nder det dock att f\u00f6raren sj\u00e4lv r\u00e5kar l\u00e5sa in sina bilnycklar i bilen. Det finns m\u00e5nga andra tillf\u00e4llen d\u00e5 vi inte kan ta oss in i v\u00e5r egen bil. Till exempel ett d\u00f6tt batteri och en konsol som inte svarar osv.<\/p>\n<p>Oavsett vilken av dessa situationer du befinner dig i, f\u00e5r du inte drabbas av panik eller br\u00e5ttom att \u00f6ppna bilen sj\u00e4lv. L\u00e4mna det till proffsen. Vi ser till att din bil \u00f6ppnas snabbt och s\u00e4kert. Vi anv\u00e4nder s\u00e4rskild, certifierad utrustning f\u00f6r att hj\u00e4lpa dig att \u00f6ppna din bil utan att den skadas.<\/p>\n","protected":false},"excerpt":{"rendered":"<p>Fj\u00e4rrkontroll l\u00e4mplig f\u00f6r Mitsubishi bilar, med tre knappar.<\/p>\n<h3><strong>Tillverkning av bilnycklar<\/strong><\/h3>\n<ul>\n<li><strong>Tillverkning av nya bilnycklar, programmering av nycklar (&#8221;bindning&#8221; till bilen)<\/strong><\/li>\n<li><strong>Radera tidigare f\u00f6rlorade nycklar fr\u00e5n bilens minne<\/strong><\/li>\n<li><strong>Tillverkning av t\u00e4ndningsnyckeln enligt l\u00e5set<\/strong><\/li>\n<li><strong>Reparation av bilnycklar (byte av knappar, skal, mekanismer)<\/strong><\/li>\n<li><strong>Uppl\u00e5sning av bil i n\u00f6dsituationer<\/strong><\/li>\n<li><strong>Byte av nycklar, nyckelfodral<\/strong><\/li>\n<li><strong>Avst\u00e4ngning av DPF- och FAP-programvaran<\/strong><\/li>\n<li><strong>Programbaserat avl\u00e4gsnande av EGR<\/strong><\/li>\n<li><strong>Avaktivering av startsp\u00e4rrprogramvaran (immo Off)<\/strong><\/li>\n<li><strong>Reparation, kloning och programmering av motorstyrenhet (ECU)<\/strong><\/li>\n<li><strong>SRS (Programmering av styrenhet f\u00f6r krockkuddar)<\/strong><\/li>\n<\/ul>\n<h4><strong>  artiklar skickas inom 3 arbetsdagar.*<\/strong><\/h4>\n","protected":false},"featured_media":20950,"comment_status":"open","ping_status":"closed","template":"","meta":[],"product_brand":[],"product_cat":[4648,4144],"product_tag":[4693,4651],"class_list":{"0":"post-21778","1":"product","2":"type-product","3":"status-publish","4":"has-post-thumbnail","6":"product_cat-mitsubishi-sv","7":"product_cat-nyckelskal","8":"product_tag-mitsubishi-fjarrkontroll","9":"product_tag-mitsubishi-nyckelskal","11":"first","12":"instock","13":"sale","14":"shipping-taxable","15":"purchasable","16":"product-type-simple"},"yoast_head":"<!-- This site is optimized with the Yoast SEO plugin v27.4 - https:\/\/yoast.com\/product\/yoast-seo-wordpress\/ -->\n<title>Fj\u00e4rrkontroll - l\u00e4mplig f\u00f6r Mitsubishi, med 3 knappar - Keys for auto% %%sidnamn<\/title>\n<meta name=\"robots\" content=\"index, follow, max-snippet:-1, max-image-preview:large, max-video-preview:-1\" \/>\n<link rel=\"canonical\" href=\"https:\/\/keys-for-auto.eu\/sv\/product\/fjarrkontroll-som-passar-for-mitsubishi-med-3-knappar\/\" \/>\n<meta property=\"og:locale\" content=\"sv_SE\" \/>\n<meta property=\"og:type\" content=\"article\" \/>\n<meta property=\"og:title\" content=\"Fj\u00e4rrkontroll - l\u00e4mplig f\u00f6r Mitsubishi, med 3 knappar - Keys for auto% %%sidnamn\" \/>\n<meta property=\"og:description\" content=\"Fj\u00e4rrkontroll l\u00e4mplig f\u00f6r Mitsubishi bilar, med tre knappar. Tillverkning av bilnycklar  Tillverkning av nya bilnycklar, programmering av nycklar (&quot;bindning&quot; till bilen)  Radera tidigare f\u00f6rlorade nycklar fr\u00e5n bilens minne  Tillverkning av t\u00e4ndningsnyckeln enligt l\u00e5set  Reparation av bilnycklar (byte av knappar, skal, mekanismer)  Uppl\u00e5sning av bil i n\u00f6dsituationer  Byte av nycklar, nyckelfodral  Avst\u00e4ngning av DPF- och FAP-programvaran  Programbaserat avl\u00e4gsnande av EGR  Avaktivering av startsp\u00e4rrprogramvaran (immo Off)  Reparation, kloning och programmering av motorstyrenhet (ECU)  SRS (Programmering av styrenhet f\u00f6r krockkuddar)  artiklar skickas inom 3 arbetsdagar.*\" \/>\n<meta property=\"og:url\" content=\"https:\/\/keys-for-auto.eu\/sv\/product\/fjarrkontroll-som-passar-for-mitsubishi-med-3-knappar\/\" \/>\n<meta property=\"og:site_name\" content=\"Keys for auto\" \/>\n<meta property=\"article:publisher\" content=\"https:\/\/www.facebook.com\/KeysForAutoEU\" \/>\n<meta property=\"og:image\" content=\"https:\/\/i0.wp.com\/keys-for-auto.eu\/wp-content\/uploads\/2022\/12\/Mitsubishi-3-mygtukai-pultelis-500x5001-removebg-preview.png?fit=500%2C500&ssl=1\" \/>\n\t<meta property=\"og:image:width\" content=\"500\" \/>\n\t<meta property=\"og:image:height\" content=\"500\" \/>\n\t<meta property=\"og:image:type\" content=\"image\/png\" \/>\n<meta name=\"twitter:card\" content=\"summary_large_image\" \/>\n<meta name=\"twitter:label1\" content=\"Ber\u00e4knad l\u00e4stid\" \/>\n\t<meta name=\"twitter:data1\" content=\"2 minuter\" \/>\n<script type=\"application\/ld+json\" class=\"yoast-schema-graph\">{\"@context\":\"https:\\\/\\\/schema.org\",\"@graph\":[{\"@type\":[\"WebPage\",\"ItemPage\"],\"@id\":\"https:\\\/\\\/keys-for-auto.eu\\\/sv\\\/product\\\/fjarrkontroll-som-passar-for-mitsubishi-med-3-knappar\\\/\",\"url\":\"https:\\\/\\\/keys-for-auto.eu\\\/sv\\\/product\\\/fjarrkontroll-som-passar-for-mitsubishi-med-3-knappar\\\/\",\"name\":\"Fj\u00e4rrkontroll - l\u00e4mplig f\u00f6r Mitsubishi, med 3 knappar - Keys for auto% %%sidnamn\",\"isPartOf\":{\"@id\":\"https:\\\/\\\/keys-for-auto.eu\\\/sv\\\/#website\"},\"primaryImageOfPage\":{\"@id\":\"https:\\\/\\\/keys-for-auto.eu\\\/sv\\\/product\\\/fjarrkontroll-som-passar-for-mitsubishi-med-3-knappar\\\/#primaryimage\"},\"image\":{\"@id\":\"https:\\\/\\\/keys-for-auto.eu\\\/sv\\\/product\\\/fjarrkontroll-som-passar-for-mitsubishi-med-3-knappar\\\/#primaryimage\"},\"thumbnailUrl\":\"https:\\\/\\\/keys-for-auto.eu\\\/wp-content\\\/uploads\\\/2022\\\/12\\\/Mitsubishi-3-mygtukai-pultelis-500x5001-removebg-preview.png\",\"datePublished\":\"2016-04-02T10:13:10+00:00\",\"breadcrumb\":{\"@id\":\"https:\\\/\\\/keys-for-auto.eu\\\/sv\\\/product\\\/fjarrkontroll-som-passar-for-mitsubishi-med-3-knappar\\\/#breadcrumb\"},\"inLanguage\":\"sv-SE\",\"potentialAction\":[{\"@type\":\"ReadAction\",\"target\":[\"https:\\\/\\\/keys-for-auto.eu\\\/sv\\\/product\\\/fjarrkontroll-som-passar-for-mitsubishi-med-3-knappar\\\/\"]}]},{\"@type\":\"ImageObject\",\"inLanguage\":\"sv-SE\",\"@id\":\"https:\\\/\\\/keys-for-auto.eu\\\/sv\\\/product\\\/fjarrkontroll-som-passar-for-mitsubishi-med-3-knappar\\\/#primaryimage\",\"url\":\"https:\\\/\\\/keys-for-auto.eu\\\/wp-content\\\/uploads\\\/2022\\\/12\\\/Mitsubishi-3-mygtukai-pultelis-500x5001-removebg-preview.png\",\"contentUrl\":\"https:\\\/\\\/keys-for-auto.eu\\\/wp-content\\\/uploads\\\/2022\\\/12\\\/Mitsubishi-3-mygtukai-pultelis-500x5001-removebg-preview.png\",\"width\":500,\"height\":500},{\"@type\":\"BreadcrumbList\",\"@id\":\"https:\\\/\\\/keys-for-auto.eu\\\/sv\\\/product\\\/fjarrkontroll-som-passar-for-mitsubishi-med-3-knappar\\\/#breadcrumb\",\"itemListElement\":[{\"@type\":\"ListItem\",\"position\":1,\"name\":\"Hem\",\"item\":\"https:\\\/\\\/keys-for-auto.eu\\\/sv\\\/\"},{\"@type\":\"ListItem\",\"position\":2,\"name\":\"Shop\",\"item\":\"https:\\\/\\\/keys-for-auto.eu\\\/\"},{\"@type\":\"ListItem\",\"position\":3,\"name\":\"Fj\u00e4rrkontroll &#8211; l\u00e4mplig f\u00f6r Mitsubishi, med 3 knappar\"}]},{\"@type\":\"WebSite\",\"@id\":\"https:\\\/\\\/keys-for-auto.eu\\\/sv\\\/#website\",\"url\":\"https:\\\/\\\/keys-for-auto.eu\\\/sv\\\/\",\"name\":\"Keys for auto\",\"description\":\"Car keys,  key shells, key programming\",\"publisher\":{\"@id\":\"https:\\\/\\\/keys-for-auto.eu\\\/sv\\\/#organization\"},\"potentialAction\":[{\"@type\":\"SearchAction\",\"target\":{\"@type\":\"EntryPoint\",\"urlTemplate\":\"https:\\\/\\\/keys-for-auto.eu\\\/sv\\\/?s={search_term_string}\"},\"query-input\":{\"@type\":\"PropertyValueSpecification\",\"valueRequired\":true,\"valueName\":\"search_term_string\"}}],\"inLanguage\":\"sv-SE\"},{\"@type\":\"Organization\",\"@id\":\"https:\\\/\\\/keys-for-auto.eu\\\/sv\\\/#organization\",\"name\":\"Nycklar f\u00f6r bil\",\"url\":\"https:\\\/\\\/keys-for-auto.eu\\\/sv\\\/\",\"logo\":{\"@type\":\"ImageObject\",\"inLanguage\":\"sv-SE\",\"@id\":\"https:\\\/\\\/keys-for-auto.eu\\\/sv\\\/#\\\/schema\\\/logo\\\/image\\\/\",\"url\":\"https:\\\/\\\/keys-for-auto.eu\\\/wp-content\\\/uploads\\\/2022\\\/11\\\/cropped-png1.png\",\"contentUrl\":\"https:\\\/\\\/keys-for-auto.eu\\\/wp-content\\\/uploads\\\/2022\\\/11\\\/cropped-png1.png\",\"width\":1000,\"height\":342,\"caption\":\"Nycklar f\u00f6r bil\"},\"image\":{\"@id\":\"https:\\\/\\\/keys-for-auto.eu\\\/sv\\\/#\\\/schema\\\/logo\\\/image\\\/\"},\"sameAs\":[\"https:\\\/\\\/www.facebook.com\\\/KeysForAutoEU\"]}]}<\/script>\n<!-- \/ Yoast SEO plugin. -->","yoast_head_json":{"title":"Fj\u00e4rrkontroll - l\u00e4mplig f\u00f6r Mitsubishi, med 3 knappar - Keys for auto% %%sidnamn","robots":{"index":"index","follow":"follow","max-snippet":"max-snippet:-1","max-image-preview":"max-image-preview:large","max-video-preview":"max-video-preview:-1"},"canonical":"https:\/\/keys-for-auto.eu\/sv\/product\/fjarrkontroll-som-passar-for-mitsubishi-med-3-knappar\/","og_locale":"sv_SE","og_type":"article","og_title":"Fj\u00e4rrkontroll - l\u00e4mplig f\u00f6r Mitsubishi, med 3 knappar - Keys for auto% %%sidnamn","og_description":"Fj\u00e4rrkontroll l\u00e4mplig f\u00f6r Mitsubishi bilar, med tre knappar. Tillverkning av bilnycklar  Tillverkning av nya bilnycklar, programmering av nycklar (\"bindning\" till bilen)  Radera tidigare f\u00f6rlorade nycklar fr\u00e5n bilens minne  Tillverkning av t\u00e4ndningsnyckeln enligt l\u00e5set  Reparation av bilnycklar (byte av knappar, skal, mekanismer)  Uppl\u00e5sning av bil i n\u00f6dsituationer  Byte av nycklar, nyckelfodral  Avst\u00e4ngning av DPF- och FAP-programvaran  Programbaserat avl\u00e4gsnande av EGR  Avaktivering av startsp\u00e4rrprogramvaran (immo Off)  Reparation, kloning och programmering av motorstyrenhet (ECU)  SRS (Programmering av styrenhet f\u00f6r krockkuddar)  artiklar skickas inom 3 arbetsdagar.*","og_url":"https:\/\/keys-for-auto.eu\/sv\/product\/fjarrkontroll-som-passar-for-mitsubishi-med-3-knappar\/","og_site_name":"Keys for auto","article_publisher":"https:\/\/www.facebook.com\/KeysForAutoEU","og_image":[{"width":500,"height":500,"url":"https:\/\/i0.wp.com\/keys-for-auto.eu\/wp-content\/uploads\/2022\/12\/Mitsubishi-3-mygtukai-pultelis-500x5001-removebg-preview.png?fit=500%2C500&ssl=1","type":"image\/png"}],"twitter_card":"summary_large_image","twitter_misc":{"Ber\u00e4knad l\u00e4stid":"2 minuter"},"schema":{"@context":"https:\/\/schema.org","@graph":[{"@type":["WebPage","ItemPage"],"@id":"https:\/\/keys-for-auto.eu\/sv\/product\/fjarrkontroll-som-passar-for-mitsubishi-med-3-knappar\/","url":"https:\/\/keys-for-auto.eu\/sv\/product\/fjarrkontroll-som-passar-for-mitsubishi-med-3-knappar\/","name":"Fj\u00e4rrkontroll - l\u00e4mplig f\u00f6r Mitsubishi, med 3 knappar - Keys for auto% %%sidnamn","isPartOf":{"@id":"https:\/\/keys-for-auto.eu\/sv\/#website"},"primaryImageOfPage":{"@id":"https:\/\/keys-for-auto.eu\/sv\/product\/fjarrkontroll-som-passar-for-mitsubishi-med-3-knappar\/#primaryimage"},"image":{"@id":"https:\/\/keys-for-auto.eu\/sv\/product\/fjarrkontroll-som-passar-for-mitsubishi-med-3-knappar\/#primaryimage"},"thumbnailUrl":"https:\/\/keys-for-auto.eu\/wp-content\/uploads\/2022\/12\/Mitsubishi-3-mygtukai-pultelis-500x5001-removebg-preview.png","datePublished":"2016-04-02T10:13:10+00:00","breadcrumb":{"@id":"https:\/\/keys-for-auto.eu\/sv\/product\/fjarrkontroll-som-passar-for-mitsubishi-med-3-knappar\/#breadcrumb"},"inLanguage":"sv-SE","potentialAction":[{"@type":"ReadAction","target":["https:\/\/keys-for-auto.eu\/sv\/product\/fjarrkontroll-som-passar-for-mitsubishi-med-3-knappar\/"]}]},{"@type":"ImageObject","inLanguage":"sv-SE","@id":"https:\/\/keys-for-auto.eu\/sv\/product\/fjarrkontroll-som-passar-for-mitsubishi-med-3-knappar\/#primaryimage","url":"https:\/\/keys-for-auto.eu\/wp-content\/uploads\/2022\/12\/Mitsubishi-3-mygtukai-pultelis-500x5001-removebg-preview.png","contentUrl":"https:\/\/keys-for-auto.eu\/wp-content\/uploads\/2022\/12\/Mitsubishi-3-mygtukai-pultelis-500x5001-removebg-preview.png","width":500,"height":500},{"@type":"BreadcrumbList","@id":"https:\/\/keys-for-auto.eu\/sv\/product\/fjarrkontroll-som-passar-for-mitsubishi-med-3-knappar\/#breadcrumb","itemListElement":[{"@type":"ListItem","position":1,"name":"Hem","item":"https:\/\/keys-for-auto.eu\/sv\/"},{"@type":"ListItem","position":2,"name":"Shop","item":"https:\/\/keys-for-auto.eu\/"},{"@type":"ListItem","position":3,"name":"Fj\u00e4rrkontroll &#8211; l\u00e4mplig f\u00f6r Mitsubishi, med 3 knappar"}]},{"@type":"WebSite","@id":"https:\/\/keys-for-auto.eu\/sv\/#website","url":"https:\/\/keys-for-auto.eu\/sv\/","name":"Keys for auto","description":"Car keys,  key shells, key programming","publisher":{"@id":"https:\/\/keys-for-auto.eu\/sv\/#organization"},"potentialAction":[{"@type":"SearchAction","target":{"@type":"EntryPoint","urlTemplate":"https:\/\/keys-for-auto.eu\/sv\/?s={search_term_string}"},"query-input":{"@type":"PropertyValueSpecification","valueRequired":true,"valueName":"search_term_string"}}],"inLanguage":"sv-SE"},{"@type":"Organization","@id":"https:\/\/keys-for-auto.eu\/sv\/#organization","name":"Nycklar f\u00f6r bil","url":"https:\/\/keys-for-auto.eu\/sv\/","logo":{"@type":"ImageObject","inLanguage":"sv-SE","@id":"https:\/\/keys-for-auto.eu\/sv\/#\/schema\/logo\/image\/","url":"https:\/\/keys-for-auto.eu\/wp-content\/uploads\/2022\/11\/cropped-png1.png","contentUrl":"https:\/\/keys-for-auto.eu\/wp-content\/uploads\/2022\/11\/cropped-png1.png","width":1000,"height":342,"caption":"Nycklar f\u00f6r bil"},"image":{"@id":"https:\/\/keys-for-auto.eu\/sv\/#\/schema\/logo\/image\/"},"sameAs":["https:\/\/www.facebook.com\/KeysForAutoEU"]}]}},"_links":{"self":[{"href":"https:\/\/keys-for-auto.eu\/sv\/wp-json\/wp\/v2\/product\/21778","targetHints":{"allow":["GET"]}}],"collection":[{"href":"https:\/\/keys-for-auto.eu\/sv\/wp-json\/wp\/v2\/product"}],"about":[{"href":"https:\/\/keys-for-auto.eu\/sv\/wp-json\/wp\/v2\/types\/product"}],"replies":[{"embeddable":true,"href":"https:\/\/keys-for-auto.eu\/sv\/wp-json\/wp\/v2\/comments?post=21778"}],"wp:featuredmedia":[{"embeddable":true,"href":"https:\/\/keys-for-auto.eu\/sv\/wp-json\/wp\/v2\/media\/20950"}],"wp:attachment":[{"href":"https:\/\/keys-for-auto.eu\/sv\/wp-json\/wp\/v2\/media?parent=21778"}],"wp:term":[{"taxonomy":"product_brand","embeddable":true,"href":"https:\/\/keys-for-auto.eu\/sv\/wp-json\/wp\/v2\/product_brand?post=21778"},{"taxonomy":"product_cat","embeddable":true,"href":"https:\/\/keys-for-auto.eu\/sv\/wp-json\/wp\/v2\/product_cat?post=21778"},{"taxonomy":"product_tag","embeddable":true,"href":"https:\/\/keys-for-auto.eu\/sv\/wp-json\/wp\/v2\/product_tag?post=21778"}],"curies":[{"name":"wp","href":"https:\/\/api.w.org\/{rel}","templated":true}]}}