{"id":21743,"date":"2016-04-02T09:41:08","date_gmt":"2016-04-02T09:41:08","guid":{"rendered":"https:\/\/keys-for-auto.eu\/product\/transpondernyckel-lamplig-for-jeep-chrysler-dodge\/"},"modified":"2016-04-02T09:41:08","modified_gmt":"2016-04-02T09:41:08","slug":"transpondernyckel-som-passar-for-jeep-chrysler-dodge","status":"publish","type":"product","link":"https:\/\/keys-for-auto.eu\/sv\/product\/transpondernyckel-som-passar-for-jeep-chrysler-dodge\/","title":{"rendered":"Transpondernyckel &#8211; l\u00e4mplig f\u00f6r Jeep | Chrysler | Dodge"},"content":{"rendered":"<h2><strong>Transpondernyckel l\u00e4mplig f\u00f6r Jeep, Chrysler, Dodge<\/strong><\/h2>\n<p>Vi presenterar en transpondernyckel som passar Jeep, Chrysler och Dodge.<\/p>\n<p>Transpondernyckeln \u00e4r speciell eftersom transpondern av s\u00e4kerhetssk\u00e4l \u00e4r inb\u00e4ddad i nyckelhuvudet (inuti nyckeln). D\u00e4rf\u00f6r \u00e4r det endast m\u00f6jligt att avg\u00f6ra om nyckeln \u00e4r en transpondernyckel eller en vanlig nyckel med hj\u00e4lp av specialutrustning. En annan sak att veta om transpondernycklar \u00e4r att de inte har n\u00e5gon permanent str\u00f6mf\u00f6rs\u00f6rjning. Dessa nycklar fungerar inom ett mycket litet omr\u00e5de p\u00e5 1-10 cm. Det \u00e4r d\u00e4rf\u00f6r praktiskt taget om\u00f6jligt att sp\u00e5ra eller skanna deras verksamhet.<\/p>\n<h3><strong>Nyckelprogrammering<\/strong><\/h3>\n<p>N\u00e4r du har k\u00f6pt en transpondernyckel m\u00e5ste du programmera nyckeln och s\u00e4tta fast den i bilen. Du kan ocks\u00e5 best\u00e4lla denna tj\u00e4nst fr\u00e5n v\u00e5rt f\u00f6retag. Vi programmerar nycklar f\u00f6r m\u00e5nga bilm\u00e4rken.<\/p>\n<p>V\u00e5ra kunder uppskattar oss eftersom programmeringen av bilnycklar hos oss sker snabbt och professionellt. Varje kund \u00e4r viktig f\u00f6r oss. V\u00e5r huvudsakliga verksamhet \u00e4r f\u00f6rs\u00e4ljning och reparation av bilnycklar och Renault t\u00e4ndkort. Kontakta oss omedelbart s\u00e5 l\u00f6ser vi alla dina problem med bilnycklar!<\/p>\n<p>Ett annat omr\u00e5de d\u00e4r vi \u00e4r verksamma \u00e4r uppl\u00e5ning av bilar i n\u00f6dsituationer. Om du har r\u00e5kat ut f\u00f6r en olycka och l\u00e5st in dina nycklar i bilen, ring oss! Och om du inte kan komma in av n\u00e5gon annan anledning hj\u00e4lper vi dig. Uppl\u00e5sning av bilar i Vilnius och dess region \u00e4r tillg\u00e4nglig 24 timmar om dygnet.<\/p>\n<p>Vissa f\u00f6rare blir avskr\u00e4ckta och f\u00f6rs\u00f6ker sj\u00e4lva l\u00e5sa upp en l\u00e5st bil. Vi &#8211; specialister p\u00e5 n\u00f6d\u00f6ppning &#8211; avr\u00e5der dock fr\u00e5n detta. Om du f\u00f6rs\u00f6ker hj\u00e4lpa till, skadar du bara dig sj\u00e4lv. Du kan skada l\u00e5set. V\u00e5ra tekniker \u00e4r p\u00e5 jour med specialutrustning. S\u00e5 att din n\u00f6dl\u00e5ning av bilen sker s\u00e4kert och snabbt. Du kan anv\u00e4nda din bil igen som tidigare.<\/p>\n","protected":false},"excerpt":{"rendered":"<p><em><strong>F\u00f6r Chrysler-bilar, &#8211; nyckelskal, l\u00e4mplig f\u00f6r:<\/strong><\/em><\/p>\n<p><em><strong>Chrysler<\/strong><\/em><\/p>\n<p><em><strong>Dodge<\/strong><\/em><\/p>\n<p><em><strong>Jeep<\/strong><\/em><\/p>\n<h3><strong>Tillverkning av bilnycklar<\/strong><\/h3>\n<ul>\n<li><strong>Tillverkning av nya bilnycklar, programmering av nycklar (&#8221;bindning&#8221; till bilen)<\/strong><\/li>\n<li><strong>Radera tidigare f\u00f6rlorade nycklar fr\u00e5n bilens minne<\/strong><\/li>\n<li><strong>Tillverkning av t\u00e4ndningsnyckeln enligt l\u00e5set<\/strong><\/li>\n<li><strong>Reparation av bilnycklar (byte av knappar, skal, mekanismer)<\/strong><\/li>\n<li><strong>Uppl\u00e5sning av bil i n\u00f6dsituationer<\/strong><\/li>\n<li><strong>Byte av nycklar, nyckelfodral<\/strong><\/li>\n<li><strong>Avst\u00e4ngning av DPF- och FAP-programvaran<\/strong><\/li>\n<li><strong>Programbaserat avl\u00e4gsnande av EGR<\/strong><\/li>\n<li><strong>Avaktivering av startsp\u00e4rrprogramvaran (immo Off)<\/strong><\/li>\n<li><strong>Reparation, kloning och programmering av motorstyrenhet (ECU)<\/strong><\/li>\n<li><strong>SRS (Programmering av styrenhet f\u00f6r krockkuddar)<\/strong><\/li>\n<\/ul>\n<h4><strong>artiklar skickas inom 3 arbetsdagar.*<\/strong><\/h4>\n<div id=\"gtx-trans\" style=\"position: absolute; left: -81px; top: 31px;\">\n<div class=\"gtx-trans-icon\"><\/div>\n<\/div>\n","protected":false},"featured_media":20656,"comment_status":"open","ping_status":"closed","template":"","meta":[],"product_brand":[],"product_cat":[4332,4366,4144],"product_tag":[4349,4630,4632],"class_list":{"0":"post-21743","1":"product","2":"type-product","3":"status-publish","4":"has-post-thumbnail","6":"product_cat-chrysler-sv","7":"product_cat-jeep-sv","8":"product_cat-nyckelskal","9":"product_tag-chrysler-nyckelskal","10":"product_tag-dodge-nyckelskal","11":"product_tag-jeep-nyckelskal","13":"first","14":"instock","15":"sale","16":"shipping-taxable","17":"purchasable","18":"product-type-simple"},"yoast_head":"<!-- This site is optimized with the Yoast SEO plugin v27.3 - https:\/\/yoast.com\/product\/yoast-seo-wordpress\/ -->\n<title>Transpondernyckel - l\u00e4mplig f\u00f6r Jeep | Chrysler | Dodge - Keys for auto% %%sidnamn<\/title>\n<meta name=\"robots\" content=\"index, follow, max-snippet:-1, max-image-preview:large, max-video-preview:-1\" \/>\n<link rel=\"canonical\" href=\"https:\/\/keys-for-auto.eu\/sv\/product\/transpondernyckel-som-passar-for-jeep-chrysler-dodge\/\" \/>\n<meta property=\"og:locale\" content=\"sv_SE\" \/>\n<meta property=\"og:type\" content=\"article\" \/>\n<meta property=\"og:title\" content=\"Transpondernyckel - l\u00e4mplig f\u00f6r Jeep | Chrysler | Dodge - Keys for auto% %%sidnamn\" \/>\n<meta property=\"og:description\" content=\"F\u00f6r Chrysler-bilar, - nyckelskal, l\u00e4mplig f\u00f6r: Chrysler Dodge Jeep Tillverkning av bilnycklar  Tillverkning av nya bilnycklar, programmering av nycklar (&quot;bindning&quot; till bilen)  Radera tidigare f\u00f6rlorade nycklar fr\u00e5n bilens minne  Tillverkning av t\u00e4ndningsnyckeln enligt l\u00e5set  Reparation av bilnycklar (byte av knappar, skal, mekanismer)  Uppl\u00e5sning av bil i n\u00f6dsituationer  Byte av nycklar, nyckelfodral  Avst\u00e4ngning av DPF- och FAP-programvaran  Programbaserat avl\u00e4gsnande av EGR  Avaktivering av startsp\u00e4rrprogramvaran (immo Off)  Reparation, kloning och programmering av motorstyrenhet (ECU)  SRS (Programmering av styrenhet f\u00f6r krockkuddar) artiklar skickas inom 3 arbetsdagar.*\" \/>\n<meta property=\"og:url\" content=\"https:\/\/keys-for-auto.eu\/sv\/product\/transpondernyckel-som-passar-for-jeep-chrysler-dodge\/\" \/>\n<meta property=\"og:site_name\" content=\"Keys for auto\" \/>\n<meta property=\"article:publisher\" content=\"https:\/\/www.facebook.com\/KeysForAutoEU\" \/>\n<meta property=\"og:image\" content=\"https:\/\/i0.wp.com\/keys-for-auto.eu\/wp-content\/uploads\/2022\/12\/Chrysler-300M-Pt-Cruiser-Town-Country-Voyager-cipinis-500x500-removebg-preview.png?fit=500%2C500&ssl=1\" \/>\n\t<meta property=\"og:image:width\" content=\"500\" \/>\n\t<meta property=\"og:image:height\" content=\"500\" \/>\n\t<meta property=\"og:image:type\" content=\"image\/png\" \/>\n<meta name=\"twitter:card\" content=\"summary_large_image\" \/>\n<meta name=\"twitter:label1\" content=\"Ber\u00e4knad l\u00e4stid\" \/>\n\t<meta name=\"twitter:data1\" content=\"2 minuter\" \/>\n<script type=\"application\/ld+json\" class=\"yoast-schema-graph\">{\"@context\":\"https:\\\/\\\/schema.org\",\"@graph\":[{\"@type\":[\"WebPage\",\"ItemPage\"],\"@id\":\"https:\\\/\\\/keys-for-auto.eu\\\/sv\\\/product\\\/transpondernyckel-som-passar-for-jeep-chrysler-dodge\\\/\",\"url\":\"https:\\\/\\\/keys-for-auto.eu\\\/sv\\\/product\\\/transpondernyckel-som-passar-for-jeep-chrysler-dodge\\\/\",\"name\":\"Transpondernyckel - l\u00e4mplig f\u00f6r Jeep | Chrysler | Dodge - Keys for auto% %%sidnamn\",\"isPartOf\":{\"@id\":\"https:\\\/\\\/keys-for-auto.eu\\\/sv\\\/#website\"},\"primaryImageOfPage\":{\"@id\":\"https:\\\/\\\/keys-for-auto.eu\\\/sv\\\/product\\\/transpondernyckel-som-passar-for-jeep-chrysler-dodge\\\/#primaryimage\"},\"image\":{\"@id\":\"https:\\\/\\\/keys-for-auto.eu\\\/sv\\\/product\\\/transpondernyckel-som-passar-for-jeep-chrysler-dodge\\\/#primaryimage\"},\"thumbnailUrl\":\"https:\\\/\\\/keys-for-auto.eu\\\/wp-content\\\/uploads\\\/2022\\\/12\\\/Chrysler-300M-Pt-Cruiser-Town-Country-Voyager-cipinis-500x500-removebg-preview.png\",\"datePublished\":\"2016-04-02T09:41:08+00:00\",\"breadcrumb\":{\"@id\":\"https:\\\/\\\/keys-for-auto.eu\\\/sv\\\/product\\\/transpondernyckel-som-passar-for-jeep-chrysler-dodge\\\/#breadcrumb\"},\"inLanguage\":\"sv-SE\",\"potentialAction\":[{\"@type\":\"ReadAction\",\"target\":[\"https:\\\/\\\/keys-for-auto.eu\\\/sv\\\/product\\\/transpondernyckel-som-passar-for-jeep-chrysler-dodge\\\/\"]}]},{\"@type\":\"ImageObject\",\"inLanguage\":\"sv-SE\",\"@id\":\"https:\\\/\\\/keys-for-auto.eu\\\/sv\\\/product\\\/transpondernyckel-som-passar-for-jeep-chrysler-dodge\\\/#primaryimage\",\"url\":\"https:\\\/\\\/keys-for-auto.eu\\\/wp-content\\\/uploads\\\/2022\\\/12\\\/Chrysler-300M-Pt-Cruiser-Town-Country-Voyager-cipinis-500x500-removebg-preview.png\",\"contentUrl\":\"https:\\\/\\\/keys-for-auto.eu\\\/wp-content\\\/uploads\\\/2022\\\/12\\\/Chrysler-300M-Pt-Cruiser-Town-Country-Voyager-cipinis-500x500-removebg-preview.png\",\"width\":500,\"height\":500},{\"@type\":\"BreadcrumbList\",\"@id\":\"https:\\\/\\\/keys-for-auto.eu\\\/sv\\\/product\\\/transpondernyckel-som-passar-for-jeep-chrysler-dodge\\\/#breadcrumb\",\"itemListElement\":[{\"@type\":\"ListItem\",\"position\":1,\"name\":\"Hem\",\"item\":\"https:\\\/\\\/keys-for-auto.eu\\\/sv\\\/\"},{\"@type\":\"ListItem\",\"position\":2,\"name\":\"Shop\",\"item\":\"https:\\\/\\\/keys-for-auto.eu\\\/\"},{\"@type\":\"ListItem\",\"position\":3,\"name\":\"Transpondernyckel &#8211; l\u00e4mplig f\u00f6r Jeep | Chrysler | Dodge\"}]},{\"@type\":\"WebSite\",\"@id\":\"https:\\\/\\\/keys-for-auto.eu\\\/sv\\\/#website\",\"url\":\"https:\\\/\\\/keys-for-auto.eu\\\/sv\\\/\",\"name\":\"Keys for auto\",\"description\":\"Car keys,  key shells, key programming\",\"publisher\":{\"@id\":\"https:\\\/\\\/keys-for-auto.eu\\\/sv\\\/#organization\"},\"potentialAction\":[{\"@type\":\"SearchAction\",\"target\":{\"@type\":\"EntryPoint\",\"urlTemplate\":\"https:\\\/\\\/keys-for-auto.eu\\\/sv\\\/?s={search_term_string}\"},\"query-input\":{\"@type\":\"PropertyValueSpecification\",\"valueRequired\":true,\"valueName\":\"search_term_string\"}}],\"inLanguage\":\"sv-SE\"},{\"@type\":\"Organization\",\"@id\":\"https:\\\/\\\/keys-for-auto.eu\\\/sv\\\/#organization\",\"name\":\"Nycklar f\u00f6r bil\",\"url\":\"https:\\\/\\\/keys-for-auto.eu\\\/sv\\\/\",\"logo\":{\"@type\":\"ImageObject\",\"inLanguage\":\"sv-SE\",\"@id\":\"https:\\\/\\\/keys-for-auto.eu\\\/sv\\\/#\\\/schema\\\/logo\\\/image\\\/\",\"url\":\"https:\\\/\\\/keys-for-auto.eu\\\/wp-content\\\/uploads\\\/2022\\\/11\\\/cropped-png1.png\",\"contentUrl\":\"https:\\\/\\\/keys-for-auto.eu\\\/wp-content\\\/uploads\\\/2022\\\/11\\\/cropped-png1.png\",\"width\":1000,\"height\":342,\"caption\":\"Nycklar f\u00f6r bil\"},\"image\":{\"@id\":\"https:\\\/\\\/keys-for-auto.eu\\\/sv\\\/#\\\/schema\\\/logo\\\/image\\\/\"},\"sameAs\":[\"https:\\\/\\\/www.facebook.com\\\/KeysForAutoEU\"]}]}<\/script>\n<!-- \/ Yoast SEO plugin. -->","yoast_head_json":{"title":"Transpondernyckel - l\u00e4mplig f\u00f6r Jeep | Chrysler | Dodge - Keys for auto% %%sidnamn","robots":{"index":"index","follow":"follow","max-snippet":"max-snippet:-1","max-image-preview":"max-image-preview:large","max-video-preview":"max-video-preview:-1"},"canonical":"https:\/\/keys-for-auto.eu\/sv\/product\/transpondernyckel-som-passar-for-jeep-chrysler-dodge\/","og_locale":"sv_SE","og_type":"article","og_title":"Transpondernyckel - l\u00e4mplig f\u00f6r Jeep | Chrysler | Dodge - Keys for auto% %%sidnamn","og_description":"F\u00f6r Chrysler-bilar, - nyckelskal, l\u00e4mplig f\u00f6r: Chrysler Dodge Jeep Tillverkning av bilnycklar  Tillverkning av nya bilnycklar, programmering av nycklar (\"bindning\" till bilen)  Radera tidigare f\u00f6rlorade nycklar fr\u00e5n bilens minne  Tillverkning av t\u00e4ndningsnyckeln enligt l\u00e5set  Reparation av bilnycklar (byte av knappar, skal, mekanismer)  Uppl\u00e5sning av bil i n\u00f6dsituationer  Byte av nycklar, nyckelfodral  Avst\u00e4ngning av DPF- och FAP-programvaran  Programbaserat avl\u00e4gsnande av EGR  Avaktivering av startsp\u00e4rrprogramvaran (immo Off)  Reparation, kloning och programmering av motorstyrenhet (ECU)  SRS (Programmering av styrenhet f\u00f6r krockkuddar) artiklar skickas inom 3 arbetsdagar.*","og_url":"https:\/\/keys-for-auto.eu\/sv\/product\/transpondernyckel-som-passar-for-jeep-chrysler-dodge\/","og_site_name":"Keys for auto","article_publisher":"https:\/\/www.facebook.com\/KeysForAutoEU","og_image":[{"width":500,"height":500,"url":"https:\/\/i0.wp.com\/keys-for-auto.eu\/wp-content\/uploads\/2022\/12\/Chrysler-300M-Pt-Cruiser-Town-Country-Voyager-cipinis-500x500-removebg-preview.png?fit=500%2C500&ssl=1","type":"image\/png"}],"twitter_card":"summary_large_image","twitter_misc":{"Ber\u00e4knad l\u00e4stid":"2 minuter"},"schema":{"@context":"https:\/\/schema.org","@graph":[{"@type":["WebPage","ItemPage"],"@id":"https:\/\/keys-for-auto.eu\/sv\/product\/transpondernyckel-som-passar-for-jeep-chrysler-dodge\/","url":"https:\/\/keys-for-auto.eu\/sv\/product\/transpondernyckel-som-passar-for-jeep-chrysler-dodge\/","name":"Transpondernyckel - l\u00e4mplig f\u00f6r Jeep | Chrysler | Dodge - Keys for auto% %%sidnamn","isPartOf":{"@id":"https:\/\/keys-for-auto.eu\/sv\/#website"},"primaryImageOfPage":{"@id":"https:\/\/keys-for-auto.eu\/sv\/product\/transpondernyckel-som-passar-for-jeep-chrysler-dodge\/#primaryimage"},"image":{"@id":"https:\/\/keys-for-auto.eu\/sv\/product\/transpondernyckel-som-passar-for-jeep-chrysler-dodge\/#primaryimage"},"thumbnailUrl":"https:\/\/keys-for-auto.eu\/wp-content\/uploads\/2022\/12\/Chrysler-300M-Pt-Cruiser-Town-Country-Voyager-cipinis-500x500-removebg-preview.png","datePublished":"2016-04-02T09:41:08+00:00","breadcrumb":{"@id":"https:\/\/keys-for-auto.eu\/sv\/product\/transpondernyckel-som-passar-for-jeep-chrysler-dodge\/#breadcrumb"},"inLanguage":"sv-SE","potentialAction":[{"@type":"ReadAction","target":["https:\/\/keys-for-auto.eu\/sv\/product\/transpondernyckel-som-passar-for-jeep-chrysler-dodge\/"]}]},{"@type":"ImageObject","inLanguage":"sv-SE","@id":"https:\/\/keys-for-auto.eu\/sv\/product\/transpondernyckel-som-passar-for-jeep-chrysler-dodge\/#primaryimage","url":"https:\/\/keys-for-auto.eu\/wp-content\/uploads\/2022\/12\/Chrysler-300M-Pt-Cruiser-Town-Country-Voyager-cipinis-500x500-removebg-preview.png","contentUrl":"https:\/\/keys-for-auto.eu\/wp-content\/uploads\/2022\/12\/Chrysler-300M-Pt-Cruiser-Town-Country-Voyager-cipinis-500x500-removebg-preview.png","width":500,"height":500},{"@type":"BreadcrumbList","@id":"https:\/\/keys-for-auto.eu\/sv\/product\/transpondernyckel-som-passar-for-jeep-chrysler-dodge\/#breadcrumb","itemListElement":[{"@type":"ListItem","position":1,"name":"Hem","item":"https:\/\/keys-for-auto.eu\/sv\/"},{"@type":"ListItem","position":2,"name":"Shop","item":"https:\/\/keys-for-auto.eu\/"},{"@type":"ListItem","position":3,"name":"Transpondernyckel &#8211; l\u00e4mplig f\u00f6r Jeep | Chrysler | Dodge"}]},{"@type":"WebSite","@id":"https:\/\/keys-for-auto.eu\/sv\/#website","url":"https:\/\/keys-for-auto.eu\/sv\/","name":"Keys for auto","description":"Car keys,  key shells, key programming","publisher":{"@id":"https:\/\/keys-for-auto.eu\/sv\/#organization"},"potentialAction":[{"@type":"SearchAction","target":{"@type":"EntryPoint","urlTemplate":"https:\/\/keys-for-auto.eu\/sv\/?s={search_term_string}"},"query-input":{"@type":"PropertyValueSpecification","valueRequired":true,"valueName":"search_term_string"}}],"inLanguage":"sv-SE"},{"@type":"Organization","@id":"https:\/\/keys-for-auto.eu\/sv\/#organization","name":"Nycklar f\u00f6r bil","url":"https:\/\/keys-for-auto.eu\/sv\/","logo":{"@type":"ImageObject","inLanguage":"sv-SE","@id":"https:\/\/keys-for-auto.eu\/sv\/#\/schema\/logo\/image\/","url":"https:\/\/keys-for-auto.eu\/wp-content\/uploads\/2022\/11\/cropped-png1.png","contentUrl":"https:\/\/keys-for-auto.eu\/wp-content\/uploads\/2022\/11\/cropped-png1.png","width":1000,"height":342,"caption":"Nycklar f\u00f6r bil"},"image":{"@id":"https:\/\/keys-for-auto.eu\/sv\/#\/schema\/logo\/image\/"},"sameAs":["https:\/\/www.facebook.com\/KeysForAutoEU"]}]}},"_links":{"self":[{"href":"https:\/\/keys-for-auto.eu\/sv\/wp-json\/wp\/v2\/product\/21743","targetHints":{"allow":["GET"]}}],"collection":[{"href":"https:\/\/keys-for-auto.eu\/sv\/wp-json\/wp\/v2\/product"}],"about":[{"href":"https:\/\/keys-for-auto.eu\/sv\/wp-json\/wp\/v2\/types\/product"}],"replies":[{"embeddable":true,"href":"https:\/\/keys-for-auto.eu\/sv\/wp-json\/wp\/v2\/comments?post=21743"}],"wp:featuredmedia":[{"embeddable":true,"href":"https:\/\/keys-for-auto.eu\/sv\/wp-json\/wp\/v2\/media\/20656"}],"wp:attachment":[{"href":"https:\/\/keys-for-auto.eu\/sv\/wp-json\/wp\/v2\/media?parent=21743"}],"wp:term":[{"taxonomy":"product_brand","embeddable":true,"href":"https:\/\/keys-for-auto.eu\/sv\/wp-json\/wp\/v2\/product_brand?post=21743"},{"taxonomy":"product_cat","embeddable":true,"href":"https:\/\/keys-for-auto.eu\/sv\/wp-json\/wp\/v2\/product_cat?post=21743"},{"taxonomy":"product_tag","embeddable":true,"href":"https:\/\/keys-for-auto.eu\/sv\/wp-json\/wp\/v2\/product_tag?post=21743"}],"curies":[{"name":"wp","href":"https:\/\/api.w.org\/{rel}","templated":true}]}}