{"id":21735,"date":"2016-04-02T09:50:48","date_gmt":"2016-04-02T09:50:48","guid":{"rendered":"https:\/\/keys-for-auto.eu\/product\/nyckelskal-passar-for-lexus-is200-gs300-ls400-rx300-rx400-tre-knappar\/"},"modified":"2016-04-02T09:50:48","modified_gmt":"2016-04-02T09:50:48","slug":"key-shell-suitable-for-lexus-is200-gs300-ls400-rx300-rx400-three-buttons","status":"publish","type":"product","link":"https:\/\/keys-for-auto.eu\/sv\/product\/key-shell-suitable-for-lexus-is200-gs300-ls400-rx300-rx400-three-buttons\/","title":{"rendered":"Nyckelskal &#8211; passar f\u00f6r Lexus IS200 | GS300 | LS400 | RX300 | RX400, tre knappar"},"content":{"rendered":"<h2><strong>Nyckelskal &#8211; passar f\u00f6r Lexus IS200 | GS300 | LS400 | RX300 | RX400, tre knappar<\/strong><\/h2>\n<p>Ett nyckelh\u00f6lje med tre knappar som passar Lexus IS200, GS300, LS400, RX300 och RX400 modeller. Det \u00e4r ingen hemlighet att nyckelh\u00f6ljen inte \u00e4r h\u00e5llbara. Men \u00e4ven om ditt nyckelfodral g\u00e5r s\u00f6nder, spricker eller skadas p\u00e5 annat s\u00e4tt beh\u00f6ver du inte oroa dig! P\u00e5 v\u00e5r webbplats hittar du nyckelh\u00f6ljen f\u00f6r m\u00e5nga bilm\u00e4rken och bilmodeller.<\/p>\n<p>I v\u00e5r e-butik hittar du f\u00f6rutom nyckelh\u00f6ljen \u00e4ven fj\u00e4rrkontrollnycklar. Du kan se dem h\u00e4r. Vi erbjuder ocks\u00e5 v\u00e5ra kunder en programmeringstj\u00e4nst f\u00f6r bilnycklar. Vi programmerar nycklar till m\u00e5nga bilm\u00e4rken och bilmodeller.<\/p>\n<p>Vi s\u00e4ljer \u00e4ven Renault bilnyckelkort. Vi kan f\u00e4sta Renault Scenic, Megane, Laguna, Espace, Vel Satis-kort p\u00e5 din bil. Vi byter ut slitna korth\u00f6ljen och reparerar defekta kort. En annan tj\u00e4nst som vi erbjuder \u00e4r uppl\u00e5ning av bilar i n\u00f6dsituationer. Se slutet av denna beskrivning.<\/p>\n<h3><strong>Nyckelproduktion<\/strong><\/h3>\n<p>Nyckeltillverkning. Kom till v\u00e5rt huvudkontor och vi tillverkar och programmerar dina nycklar snabbt och professionellt. Vi ber dig att boka tid i f\u00f6rv\u00e4g f\u00f6re din ankomst. Du kan g\u00f6ra detta genom att ringa telefonnumret l\u00e4ngst ner p\u00e5 webbplatsen eller genom att f\u00f6lja den h\u00e4r l\u00e4nken. Programmering av bilnycklar i v\u00e5rt f\u00f6retag utf\u00f6rs med hj\u00e4lp av avancerad specialteknik. Det \u00e4r d\u00e4rf\u00f6r allt fler f\u00f6rare anf\u00f6rtror oss tillverkningen av sina nycklar. Bilnycklar \u00e4r en viktig del av varje f\u00f6rares dagliga rutin. L\u00e5t den professionella programmeringen av dina nycklar s\u00e4tta f\u00e4rg p\u00e5 den dagliga rutinen.<\/p>\n<h3><strong>Uppl\u00e5sning av bil i n\u00f6dsituationer<\/strong><\/h3>\n<p>Det \u00e4r ibland n\u00f6dv\u00e4ndigt att l\u00e5sa upp bilen i n\u00f6dsituationer av olika sk\u00e4l. Du kanske r\u00e5kade l\u00e5sa in nycklarna i bilen? Har du brutit en nyckel i t\u00e4ndningsl\u00e5set eller d\u00f6rren? Eller kan du inte komma in i bilen av andra sk\u00e4l? Oavsett vad problemet \u00e4r hj\u00e4lper vi dig att l\u00e5sa upp och starta din bil.<\/p>\n<p>S\u00e5 om du inte kan l\u00e5sa upp din bil, oroa dig inte och ring v\u00e5rt team! Ring kontaktpersonerna som anges l\u00e4ngst ner p\u00e5 sidan. V\u00e5ra tekniker l\u00e5ser upp bilar i n\u00f6dsituationer med hj\u00e4lp av s\u00e4rskild, certifierad utrustning. Det viktigaste \u00e4r att du inte f\u00f6rs\u00f6ker \u00f6ppna bilen sj\u00e4lv, eftersom du kan skada den. L\u00e4mna det till proffsen. Vi har jour n\u00e4r som helst p\u00e5 dygnet. Vi kan l\u00e5sa upp bilar i n\u00f6dsituationer i alla delar av Vilnius stad eller distrikt. Lita p\u00e5 proffsen och du kommer snart att njuta av din bil igen!<\/p>\n","protected":false},"excerpt":{"rendered":"<p><strong>Passar:<br \/>\nLexus IS200<br \/>\nLexus GS300<br \/>\nLexus LS400<br \/>\nLexus RX300<br \/>\n<\/strong><strong>Lexus RX400<\/strong><\/p>\n<h3><strong>Tillverkning av bilnycklar<\/strong><\/h3>\n<ul>\n<li><strong>Tillverkning av nya bilnycklar, programmering av nycklar (&#8221;bindning&#8221; till bilen)<\/strong><\/li>\n<li><strong>Radera tidigare f\u00f6rlorade nycklar fr\u00e5n bilens minne<\/strong><\/li>\n<li><strong>Tillverkning av t\u00e4ndningsnyckeln enligt l\u00e5set<\/strong><\/li>\n<li><strong>Reparation av bilnycklar (byte av knappar, skal, mekanismer)<\/strong><\/li>\n<li><strong>Uppl\u00e5sning av bil i n\u00f6dsituationer<\/strong><\/li>\n<li><strong>Byte av nycklar, nyckelfodral<\/strong><\/li>\n<li><strong>Avst\u00e4ngning av DPF- och FAP-programvaran<\/strong><\/li>\n<li><strong>Programbaserat avl\u00e4gsnande av EGR<\/strong><\/li>\n<li><strong>Avaktivering av startsp\u00e4rrprogramvaran (immo Off)<\/strong><\/li>\n<li><strong>Reparation, kloning och programmering av motorstyrenhet (ECU)<\/strong><\/li>\n<li><strong>SRS (Programmering av styrenhet f\u00f6r krockkuddar)<\/strong><\/li>\n<\/ul>\n<h4><strong>  artiklar skickas inom 3 arbetsdagar.*<\/strong><\/h4>\n","protected":false},"featured_media":20912,"comment_status":"open","ping_status":"closed","template":"","meta":[],"product_brand":[],"product_cat":[4534,4144],"product_tag":[4609,4610,4612,4538,4613],"class_list":{"0":"post-21735","1":"product","2":"type-product","3":"status-publish","4":"has-post-thumbnail","6":"product_cat-lexus-sv","7":"product_cat-nyckelskal","8":"product_tag-lexus-gs300-nyckelskal","9":"product_tag-lexus-is200-nyckelskal","10":"product_tag-lexus-ls400-nyckelskal","11":"product_tag-lexus-nyckelskal","12":"product_tag-lexus-rx300-nyckelskal","14":"first","15":"instock","16":"sale","17":"shipping-taxable","18":"purchasable","19":"product-type-simple"},"yoast_head":"<!-- This site is optimized with the Yoast SEO plugin v27.6 - https:\/\/yoast.com\/product\/yoast-seo-wordpress\/ -->\n<title>Nyckelskal - passar f\u00f6r Lexus IS200 | GS300 | LS400 | RX300 | RX400, tre knappar - Keys for auto% %%sidnamn<\/title>\n<meta name=\"robots\" content=\"index, follow, max-snippet:-1, max-image-preview:large, max-video-preview:-1\" \/>\n<link rel=\"canonical\" href=\"https:\/\/keys-for-auto.eu\/sv\/product\/key-shell-suitable-for-lexus-is200-gs300-ls400-rx300-rx400-three-buttons\/\" \/>\n<meta property=\"og:locale\" content=\"sv_SE\" \/>\n<meta property=\"og:type\" content=\"article\" \/>\n<meta property=\"og:title\" content=\"Nyckelskal - passar f\u00f6r Lexus IS200 | GS300 | LS400 | RX300 | RX400, tre knappar - Keys for auto% %%sidnamn\" \/>\n<meta property=\"og:description\" content=\"Passar: Lexus IS200 Lexus GS300 Lexus LS400 Lexus RX300 Lexus RX400 Tillverkning av bilnycklar  Tillverkning av nya bilnycklar, programmering av nycklar (&quot;bindning&quot; till bilen)  Radera tidigare f\u00f6rlorade nycklar fr\u00e5n bilens minne  Tillverkning av t\u00e4ndningsnyckeln enligt l\u00e5set  Reparation av bilnycklar (byte av knappar, skal, mekanismer)  Uppl\u00e5sning av bil i n\u00f6dsituationer  Byte av nycklar, nyckelfodral  Avst\u00e4ngning av DPF- och FAP-programvaran  Programbaserat avl\u00e4gsnande av EGR  Avaktivering av startsp\u00e4rrprogramvaran (immo Off)  Reparation, kloning och programmering av motorstyrenhet (ECU)  SRS (Programmering av styrenhet f\u00f6r krockkuddar)  artiklar skickas inom 3 arbetsdagar.*\" \/>\n<meta property=\"og:url\" content=\"https:\/\/keys-for-auto.eu\/sv\/product\/key-shell-suitable-for-lexus-is200-gs300-ls400-rx300-rx400-three-buttons\/\" \/>\n<meta property=\"og:site_name\" content=\"Keys for auto\" \/>\n<meta property=\"article:publisher\" content=\"https:\/\/www.facebook.com\/KeysForAutoEU\" \/>\n<meta property=\"og:image\" content=\"https:\/\/i0.wp.com\/keys-for-auto.eu\/wp-content\/uploads\/2022\/12\/Lexus-IS200-GS300-LS400-RX300-3-mygtuku-500x5001-removebg-preview.png?fit=500%2C500&ssl=1\" \/>\n\t<meta property=\"og:image:width\" content=\"500\" \/>\n\t<meta property=\"og:image:height\" content=\"500\" \/>\n\t<meta property=\"og:image:type\" content=\"image\/png\" \/>\n<meta name=\"twitter:card\" content=\"summary_large_image\" \/>\n<meta name=\"twitter:label1\" content=\"Ber\u00e4knad l\u00e4stid\" \/>\n\t<meta name=\"twitter:data1\" content=\"2 minuter\" \/>\n<script type=\"application\/ld+json\" class=\"yoast-schema-graph\">{\"@context\":\"https:\\\/\\\/schema.org\",\"@graph\":[{\"@type\":[\"WebPage\",\"ItemPage\"],\"@id\":\"https:\\\/\\\/keys-for-auto.eu\\\/sv\\\/product\\\/key-shell-suitable-for-lexus-is200-gs300-ls400-rx300-rx400-three-buttons\\\/\",\"url\":\"https:\\\/\\\/keys-for-auto.eu\\\/sv\\\/product\\\/key-shell-suitable-for-lexus-is200-gs300-ls400-rx300-rx400-three-buttons\\\/\",\"name\":\"Nyckelskal - passar f\u00f6r Lexus IS200 | GS300 | LS400 | RX300 | RX400, tre knappar - Keys for auto% %%sidnamn\",\"isPartOf\":{\"@id\":\"https:\\\/\\\/keys-for-auto.eu\\\/sv\\\/#website\"},\"primaryImageOfPage\":{\"@id\":\"https:\\\/\\\/keys-for-auto.eu\\\/sv\\\/product\\\/key-shell-suitable-for-lexus-is200-gs300-ls400-rx300-rx400-three-buttons\\\/#primaryimage\"},\"image\":{\"@id\":\"https:\\\/\\\/keys-for-auto.eu\\\/sv\\\/product\\\/key-shell-suitable-for-lexus-is200-gs300-ls400-rx300-rx400-three-buttons\\\/#primaryimage\"},\"thumbnailUrl\":\"https:\\\/\\\/keys-for-auto.eu\\\/wp-content\\\/uploads\\\/2022\\\/12\\\/Lexus-IS200-GS300-LS400-RX300-3-mygtuku-500x5001-removebg-preview.png\",\"datePublished\":\"2016-04-02T09:50:48+00:00\",\"breadcrumb\":{\"@id\":\"https:\\\/\\\/keys-for-auto.eu\\\/sv\\\/product\\\/key-shell-suitable-for-lexus-is200-gs300-ls400-rx300-rx400-three-buttons\\\/#breadcrumb\"},\"inLanguage\":\"sv-SE\",\"potentialAction\":[{\"@type\":\"ReadAction\",\"target\":[\"https:\\\/\\\/keys-for-auto.eu\\\/sv\\\/product\\\/key-shell-suitable-for-lexus-is200-gs300-ls400-rx300-rx400-three-buttons\\\/\"]}]},{\"@type\":\"ImageObject\",\"inLanguage\":\"sv-SE\",\"@id\":\"https:\\\/\\\/keys-for-auto.eu\\\/sv\\\/product\\\/key-shell-suitable-for-lexus-is200-gs300-ls400-rx300-rx400-three-buttons\\\/#primaryimage\",\"url\":\"https:\\\/\\\/keys-for-auto.eu\\\/wp-content\\\/uploads\\\/2022\\\/12\\\/Lexus-IS200-GS300-LS400-RX300-3-mygtuku-500x5001-removebg-preview.png\",\"contentUrl\":\"https:\\\/\\\/keys-for-auto.eu\\\/wp-content\\\/uploads\\\/2022\\\/12\\\/Lexus-IS200-GS300-LS400-RX300-3-mygtuku-500x5001-removebg-preview.png\",\"width\":500,\"height\":500},{\"@type\":\"BreadcrumbList\",\"@id\":\"https:\\\/\\\/keys-for-auto.eu\\\/sv\\\/product\\\/key-shell-suitable-for-lexus-is200-gs300-ls400-rx300-rx400-three-buttons\\\/#breadcrumb\",\"itemListElement\":[{\"@type\":\"ListItem\",\"position\":1,\"name\":\"Hem\",\"item\":\"https:\\\/\\\/keys-for-auto.eu\\\/sv\\\/\"},{\"@type\":\"ListItem\",\"position\":2,\"name\":\"Shop\",\"item\":\"https:\\\/\\\/keys-for-auto.eu\\\/\"},{\"@type\":\"ListItem\",\"position\":3,\"name\":\"Nyckelskal &#8211; passar f\u00f6r Lexus IS200 | GS300 | LS400 | RX300 | RX400, tre knappar\"}]},{\"@type\":\"WebSite\",\"@id\":\"https:\\\/\\\/keys-for-auto.eu\\\/sv\\\/#website\",\"url\":\"https:\\\/\\\/keys-for-auto.eu\\\/sv\\\/\",\"name\":\"Keys for auto\",\"description\":\"Car keys,  key shells, key programming\",\"publisher\":{\"@id\":\"https:\\\/\\\/keys-for-auto.eu\\\/sv\\\/#organization\"},\"potentialAction\":[{\"@type\":\"SearchAction\",\"target\":{\"@type\":\"EntryPoint\",\"urlTemplate\":\"https:\\\/\\\/keys-for-auto.eu\\\/sv\\\/?s={search_term_string}\"},\"query-input\":{\"@type\":\"PropertyValueSpecification\",\"valueRequired\":true,\"valueName\":\"search_term_string\"}}],\"inLanguage\":\"sv-SE\"},{\"@type\":\"Organization\",\"@id\":\"https:\\\/\\\/keys-for-auto.eu\\\/sv\\\/#organization\",\"name\":\"Nycklar f\u00f6r bil\",\"url\":\"https:\\\/\\\/keys-for-auto.eu\\\/sv\\\/\",\"logo\":{\"@type\":\"ImageObject\",\"inLanguage\":\"sv-SE\",\"@id\":\"https:\\\/\\\/keys-for-auto.eu\\\/sv\\\/#\\\/schema\\\/logo\\\/image\\\/\",\"url\":\"https:\\\/\\\/keys-for-auto.eu\\\/wp-content\\\/uploads\\\/2022\\\/11\\\/cropped-png1.png\",\"contentUrl\":\"https:\\\/\\\/keys-for-auto.eu\\\/wp-content\\\/uploads\\\/2022\\\/11\\\/cropped-png1.png\",\"width\":1000,\"height\":342,\"caption\":\"Nycklar f\u00f6r bil\"},\"image\":{\"@id\":\"https:\\\/\\\/keys-for-auto.eu\\\/sv\\\/#\\\/schema\\\/logo\\\/image\\\/\"},\"sameAs\":[\"https:\\\/\\\/www.facebook.com\\\/KeysForAutoEU\"]}]}<\/script>\n<!-- \/ Yoast SEO plugin. -->","yoast_head_json":{"title":"Nyckelskal - passar f\u00f6r Lexus IS200 | GS300 | LS400 | RX300 | RX400, tre knappar - Keys for auto% %%sidnamn","robots":{"index":"index","follow":"follow","max-snippet":"max-snippet:-1","max-image-preview":"max-image-preview:large","max-video-preview":"max-video-preview:-1"},"canonical":"https:\/\/keys-for-auto.eu\/sv\/product\/key-shell-suitable-for-lexus-is200-gs300-ls400-rx300-rx400-three-buttons\/","og_locale":"sv_SE","og_type":"article","og_title":"Nyckelskal - passar f\u00f6r Lexus IS200 | GS300 | LS400 | RX300 | RX400, tre knappar - Keys for auto% %%sidnamn","og_description":"Passar: Lexus IS200 Lexus GS300 Lexus LS400 Lexus RX300 Lexus RX400 Tillverkning av bilnycklar  Tillverkning av nya bilnycklar, programmering av nycklar (\"bindning\" till bilen)  Radera tidigare f\u00f6rlorade nycklar fr\u00e5n bilens minne  Tillverkning av t\u00e4ndningsnyckeln enligt l\u00e5set  Reparation av bilnycklar (byte av knappar, skal, mekanismer)  Uppl\u00e5sning av bil i n\u00f6dsituationer  Byte av nycklar, nyckelfodral  Avst\u00e4ngning av DPF- och FAP-programvaran  Programbaserat avl\u00e4gsnande av EGR  Avaktivering av startsp\u00e4rrprogramvaran (immo Off)  Reparation, kloning och programmering av motorstyrenhet (ECU)  SRS (Programmering av styrenhet f\u00f6r krockkuddar)  artiklar skickas inom 3 arbetsdagar.*","og_url":"https:\/\/keys-for-auto.eu\/sv\/product\/key-shell-suitable-for-lexus-is200-gs300-ls400-rx300-rx400-three-buttons\/","og_site_name":"Keys for auto","article_publisher":"https:\/\/www.facebook.com\/KeysForAutoEU","og_image":[{"width":500,"height":500,"url":"https:\/\/i0.wp.com\/keys-for-auto.eu\/wp-content\/uploads\/2022\/12\/Lexus-IS200-GS300-LS400-RX300-3-mygtuku-500x5001-removebg-preview.png?fit=500%2C500&ssl=1","type":"image\/png"}],"twitter_card":"summary_large_image","twitter_misc":{"Ber\u00e4knad l\u00e4stid":"2 minuter"},"schema":{"@context":"https:\/\/schema.org","@graph":[{"@type":["WebPage","ItemPage"],"@id":"https:\/\/keys-for-auto.eu\/sv\/product\/key-shell-suitable-for-lexus-is200-gs300-ls400-rx300-rx400-three-buttons\/","url":"https:\/\/keys-for-auto.eu\/sv\/product\/key-shell-suitable-for-lexus-is200-gs300-ls400-rx300-rx400-three-buttons\/","name":"Nyckelskal - passar f\u00f6r Lexus IS200 | GS300 | LS400 | RX300 | RX400, tre knappar - Keys for auto% %%sidnamn","isPartOf":{"@id":"https:\/\/keys-for-auto.eu\/sv\/#website"},"primaryImageOfPage":{"@id":"https:\/\/keys-for-auto.eu\/sv\/product\/key-shell-suitable-for-lexus-is200-gs300-ls400-rx300-rx400-three-buttons\/#primaryimage"},"image":{"@id":"https:\/\/keys-for-auto.eu\/sv\/product\/key-shell-suitable-for-lexus-is200-gs300-ls400-rx300-rx400-three-buttons\/#primaryimage"},"thumbnailUrl":"https:\/\/keys-for-auto.eu\/wp-content\/uploads\/2022\/12\/Lexus-IS200-GS300-LS400-RX300-3-mygtuku-500x5001-removebg-preview.png","datePublished":"2016-04-02T09:50:48+00:00","breadcrumb":{"@id":"https:\/\/keys-for-auto.eu\/sv\/product\/key-shell-suitable-for-lexus-is200-gs300-ls400-rx300-rx400-three-buttons\/#breadcrumb"},"inLanguage":"sv-SE","potentialAction":[{"@type":"ReadAction","target":["https:\/\/keys-for-auto.eu\/sv\/product\/key-shell-suitable-for-lexus-is200-gs300-ls400-rx300-rx400-three-buttons\/"]}]},{"@type":"ImageObject","inLanguage":"sv-SE","@id":"https:\/\/keys-for-auto.eu\/sv\/product\/key-shell-suitable-for-lexus-is200-gs300-ls400-rx300-rx400-three-buttons\/#primaryimage","url":"https:\/\/keys-for-auto.eu\/wp-content\/uploads\/2022\/12\/Lexus-IS200-GS300-LS400-RX300-3-mygtuku-500x5001-removebg-preview.png","contentUrl":"https:\/\/keys-for-auto.eu\/wp-content\/uploads\/2022\/12\/Lexus-IS200-GS300-LS400-RX300-3-mygtuku-500x5001-removebg-preview.png","width":500,"height":500},{"@type":"BreadcrumbList","@id":"https:\/\/keys-for-auto.eu\/sv\/product\/key-shell-suitable-for-lexus-is200-gs300-ls400-rx300-rx400-three-buttons\/#breadcrumb","itemListElement":[{"@type":"ListItem","position":1,"name":"Hem","item":"https:\/\/keys-for-auto.eu\/sv\/"},{"@type":"ListItem","position":2,"name":"Shop","item":"https:\/\/keys-for-auto.eu\/"},{"@type":"ListItem","position":3,"name":"Nyckelskal &#8211; passar f\u00f6r Lexus IS200 | GS300 | LS400 | RX300 | RX400, tre knappar"}]},{"@type":"WebSite","@id":"https:\/\/keys-for-auto.eu\/sv\/#website","url":"https:\/\/keys-for-auto.eu\/sv\/","name":"Keys for auto","description":"Car keys,  key shells, key programming","publisher":{"@id":"https:\/\/keys-for-auto.eu\/sv\/#organization"},"potentialAction":[{"@type":"SearchAction","target":{"@type":"EntryPoint","urlTemplate":"https:\/\/keys-for-auto.eu\/sv\/?s={search_term_string}"},"query-input":{"@type":"PropertyValueSpecification","valueRequired":true,"valueName":"search_term_string"}}],"inLanguage":"sv-SE"},{"@type":"Organization","@id":"https:\/\/keys-for-auto.eu\/sv\/#organization","name":"Nycklar f\u00f6r bil","url":"https:\/\/keys-for-auto.eu\/sv\/","logo":{"@type":"ImageObject","inLanguage":"sv-SE","@id":"https:\/\/keys-for-auto.eu\/sv\/#\/schema\/logo\/image\/","url":"https:\/\/keys-for-auto.eu\/wp-content\/uploads\/2022\/11\/cropped-png1.png","contentUrl":"https:\/\/keys-for-auto.eu\/wp-content\/uploads\/2022\/11\/cropped-png1.png","width":1000,"height":342,"caption":"Nycklar f\u00f6r bil"},"image":{"@id":"https:\/\/keys-for-auto.eu\/sv\/#\/schema\/logo\/image\/"},"sameAs":["https:\/\/www.facebook.com\/KeysForAutoEU"]}]}},"_links":{"self":[{"href":"https:\/\/keys-for-auto.eu\/sv\/wp-json\/wp\/v2\/product\/21735","targetHints":{"allow":["GET"]}}],"collection":[{"href":"https:\/\/keys-for-auto.eu\/sv\/wp-json\/wp\/v2\/product"}],"about":[{"href":"https:\/\/keys-for-auto.eu\/sv\/wp-json\/wp\/v2\/types\/product"}],"replies":[{"embeddable":true,"href":"https:\/\/keys-for-auto.eu\/sv\/wp-json\/wp\/v2\/comments?post=21735"}],"wp:featuredmedia":[{"embeddable":true,"href":"https:\/\/keys-for-auto.eu\/sv\/wp-json\/wp\/v2\/media\/20912"}],"wp:attachment":[{"href":"https:\/\/keys-for-auto.eu\/sv\/wp-json\/wp\/v2\/media?parent=21735"}],"wp:term":[{"taxonomy":"product_brand","embeddable":true,"href":"https:\/\/keys-for-auto.eu\/sv\/wp-json\/wp\/v2\/product_brand?post=21735"},{"taxonomy":"product_cat","embeddable":true,"href":"https:\/\/keys-for-auto.eu\/sv\/wp-json\/wp\/v2\/product_cat?post=21735"},{"taxonomy":"product_tag","embeddable":true,"href":"https:\/\/keys-for-auto.eu\/sv\/wp-json\/wp\/v2\/product_tag?post=21735"}],"curies":[{"name":"wp","href":"https:\/\/api.w.org\/{rel}","templated":true}]}}