{"id":21612,"date":"2016-04-02T09:04:44","date_gmt":"2016-04-02T09:04:44","guid":{"rendered":"https:\/\/keys-for-auto.eu\/product\/nyckelskal-passar-for-chrysler-bilar-tre-knappar\/"},"modified":"2016-04-02T09:04:44","modified_gmt":"2016-04-02T09:04:44","slug":"key-shell-suitable-for-chrysler-cars-three-buttons","status":"publish","type":"product","link":"https:\/\/keys-for-auto.eu\/sv\/product\/key-shell-suitable-for-chrysler-cars-three-buttons\/","title":{"rendered":"Nyckelskal &#8211; passar f\u00f6r Chrysler-bilar, tre knappar"},"content":{"rendered":"<h2>Nyckelskal &#8211; passar f\u00f6r Chrysler-bilar, tre knappar<\/h2>\n<h3>Nyckeln passar f\u00f6r Jeep, Chrysler, Dodge-modeller<br \/>\nNyckelh\u00f6lje med tre knappar f\u00f6r Jeep, Chrysler och Dodge.<\/h3>\n<p>Ingen f\u00f6rare kan f\u00f6rneka att bilnycklar och deras h\u00f6ljen \u00e4r mycket viktiga. Utan nycklar skulle v\u00e5rt fordon trots allt fortfarande vara en metallskulptur p\u00e5 hjul. Och sk\u00f6nhet ensam f\u00e5r inte v\u00e5ra barn att g\u00e5 p\u00e5 dagis eller i skolan, och inte heller f\u00e5r den oss att g\u00e5 till jobbet.<\/p>\n<p>Men vad h\u00e4nder om du r\u00e5kar skada nyckelh\u00f6ljet? Naturligtvis kan du v\u00e4nda dig till oss &#8211; experterna p\u00e5 tillverkning och programmering av bilnycklar! Vi programmerar nycklar f\u00f6r m\u00e5nga bilm\u00e4rken. Vi erbjuder ocks\u00e5 exklusiva tj\u00e4nster f\u00f6r Renault-\u00e4gare. Vi s\u00e4ljer nya Renault-kort med koppling till bilen. Vi reparerar gamla. Vi uppmanar dig att endast v\u00e4nda dig till specialister f\u00f6r denna tj\u00e4nst. Eftersom reparation och programmering av t\u00e4ndkort m\u00e5ste vara omfattande. Och det \u00e4r bara proffs som kan erbjuda dig s\u00e5dana tj\u00e4nster.<\/p>\n<h3>Uppl\u00e5sning av bil i n\u00f6dsituationer<\/h3>\n<p>Ett annat omr\u00e5de d\u00e4r vi \u00e4r specialiserade \u00e4r uppl\u00e5ning av bilar i n\u00f6dsituationer. Ibland r\u00e5kar vi alla ut f\u00f6r of\u00f6rutsedda situationer d\u00e4r vi inte kan komma in i v\u00e5ra bilar. Detta kan ske av flera olika sk\u00e4l. Har du stoppat nycklarna i bilen? Batteriet har d\u00f6tt och fj\u00e4rrkontrollen reagerar inte? D\u00f6rrl\u00e5set fungerar inte och det finns inget annat s\u00e4tt att komma in i bilen? Och s\u00e5 vidare. Men i alla dessa fall finns vi h\u00e4r f\u00f6r att hj\u00e4lpa till. Vi erbjuder akut uppl\u00e5ning av bilar dygnet runt.<\/p>\n<p>N\u00f6dl\u00e5sning av bilar \u00e4r tillg\u00e4nglig f\u00f6r alla bilm\u00e4rken. I en n\u00f6dsituation kan du lita p\u00e5 att vi l\u00e5ser upp din bil. Vi \u00e4r erfarna hantverkare som snabbt och s\u00e4kert utf\u00f6r n\u00f6d\u00f6ppning av bilar. Ring oss och l\u00e5t oss hj\u00e4lpa dig!<\/p>\n<p>&nbsp;<\/p>\n","protected":false},"excerpt":{"rendered":"<p><em><strong>Nyckeln passar f\u00f6r Jeep, Chrysler och Dodge-modeller.<\/strong><\/em><\/p>\n<h3><strong>Tillverkning av bilnycklar<\/strong><\/h3>\n<ul>\n<li><strong>Tillverkning av nya bilnycklar, programmering av nycklar (&#8221;bindning&#8221; till bilen)<\/strong><\/li>\n<li><strong>Radera tidigare f\u00f6rlorade nycklar fr\u00e5n bilens minne<\/strong><\/li>\n<li><strong>Tillverkning av t\u00e4ndningsnyckeln enligt l\u00e5set<\/strong><\/li>\n<li><strong>Reparation av bilnycklar (byte av knappar, skal, mekanismer)<\/strong><\/li>\n<li><strong>Uppl\u00e5sning av bil i n\u00f6dsituationer<\/strong><\/li>\n<li><strong>Byte av nycklar, nyckelfodral<\/strong><\/li>\n<li><strong>Avst\u00e4ngning av DPF- och FAP-programvaran<\/strong><\/li>\n<li><strong>Programbaserat avl\u00e4gsnande av EGR<\/strong><\/li>\n<li><strong>Avaktivering av startsp\u00e4rrprogramvaran (immo Off)<\/strong><\/li>\n<li><strong>Reparation, kloning och programmering av motorstyrenhet (ECU)<\/strong><\/li>\n<li><strong>SRS (Programmering av styrenhet f\u00f6r krockkuddar)<\/strong><\/li>\n<\/ul>\n<h4><strong>artiklar skickas inom 3 arbetsdagar.*<\/strong><\/h4>\n","protected":false},"featured_media":20630,"comment_status":"open","ping_status":"closed","template":"","meta":[],"product_brand":[],"product_cat":[4332,4144],"product_tag":[4349],"class_list":{"0":"post-21612","1":"product","2":"type-product","3":"status-publish","4":"has-post-thumbnail","6":"product_cat-chrysler-sv","7":"product_cat-nyckelskal","8":"product_tag-chrysler-nyckelskal","10":"first","11":"instock","12":"sale","13":"shipping-taxable","14":"purchasable","15":"product-type-simple"},"yoast_head":"<!-- This site is optimized with the Yoast SEO plugin v27.3 - https:\/\/yoast.com\/product\/yoast-seo-wordpress\/ -->\n<title>Nyckelskal - passar f\u00f6r Chrysler-bilar, tre knappar - Keys for auto% %%sidnamn<\/title>\n<meta name=\"robots\" content=\"index, follow, max-snippet:-1, max-image-preview:large, max-video-preview:-1\" \/>\n<link rel=\"canonical\" href=\"https:\/\/keys-for-auto.eu\/sv\/product\/key-shell-suitable-for-chrysler-cars-three-buttons\/\" \/>\n<meta property=\"og:locale\" content=\"sv_SE\" \/>\n<meta property=\"og:type\" content=\"article\" \/>\n<meta property=\"og:title\" content=\"Nyckelskal - passar f\u00f6r Chrysler-bilar, tre knappar - Keys for auto% %%sidnamn\" \/>\n<meta property=\"og:description\" content=\"Nyckeln passar f\u00f6r Jeep, Chrysler och Dodge-modeller. Tillverkning av bilnycklar  Tillverkning av nya bilnycklar, programmering av nycklar (&quot;bindning&quot; till bilen)  Radera tidigare f\u00f6rlorade nycklar fr\u00e5n bilens minne  Tillverkning av t\u00e4ndningsnyckeln enligt l\u00e5set  Reparation av bilnycklar (byte av knappar, skal, mekanismer)  Uppl\u00e5sning av bil i n\u00f6dsituationer  Byte av nycklar, nyckelfodral  Avst\u00e4ngning av DPF- och FAP-programvaran  Programbaserat avl\u00e4gsnande av EGR  Avaktivering av startsp\u00e4rrprogramvaran (immo Off)  Reparation, kloning och programmering av motorstyrenhet (ECU)  SRS (Programmering av styrenhet f\u00f6r krockkuddar) artiklar skickas inom 3 arbetsdagar.*\" \/>\n<meta property=\"og:url\" content=\"https:\/\/keys-for-auto.eu\/sv\/product\/key-shell-suitable-for-chrysler-cars-three-buttons\/\" \/>\n<meta property=\"og:site_name\" content=\"Keys for auto\" \/>\n<meta property=\"article:publisher\" content=\"https:\/\/www.facebook.com\/KeysForAutoEU\" \/>\n<meta property=\"og:image\" content=\"https:\/\/i0.wp.com\/keys-for-auto.eu\/wp-content\/uploads\/2022\/12\/Chrysler-Jeep-Dodge-Key-Fob-3-mygtuku-500x5001-1.jpg?fit=500%2C500&ssl=1\" \/>\n\t<meta property=\"og:image:width\" content=\"500\" \/>\n\t<meta property=\"og:image:height\" content=\"500\" \/>\n\t<meta property=\"og:image:type\" content=\"image\/jpeg\" \/>\n<meta name=\"twitter:card\" content=\"summary_large_image\" \/>\n<meta name=\"twitter:label1\" content=\"Ber\u00e4knad l\u00e4stid\" \/>\n\t<meta name=\"twitter:data1\" content=\"2 minuter\" \/>\n<script type=\"application\/ld+json\" class=\"yoast-schema-graph\">{\"@context\":\"https:\\\/\\\/schema.org\",\"@graph\":[{\"@type\":[\"WebPage\",\"ItemPage\"],\"@id\":\"https:\\\/\\\/keys-for-auto.eu\\\/sv\\\/product\\\/key-shell-suitable-for-chrysler-cars-three-buttons\\\/\",\"url\":\"https:\\\/\\\/keys-for-auto.eu\\\/sv\\\/product\\\/key-shell-suitable-for-chrysler-cars-three-buttons\\\/\",\"name\":\"Nyckelskal - passar f\u00f6r Chrysler-bilar, tre knappar - Keys for auto% %%sidnamn\",\"isPartOf\":{\"@id\":\"https:\\\/\\\/keys-for-auto.eu\\\/sv\\\/#website\"},\"primaryImageOfPage\":{\"@id\":\"https:\\\/\\\/keys-for-auto.eu\\\/sv\\\/product\\\/key-shell-suitable-for-chrysler-cars-three-buttons\\\/#primaryimage\"},\"image\":{\"@id\":\"https:\\\/\\\/keys-for-auto.eu\\\/sv\\\/product\\\/key-shell-suitable-for-chrysler-cars-three-buttons\\\/#primaryimage\"},\"thumbnailUrl\":\"https:\\\/\\\/keys-for-auto.eu\\\/wp-content\\\/uploads\\\/2022\\\/12\\\/Chrysler-Jeep-Dodge-Key-Fob-3-mygtuku-500x5001-1.jpg\",\"datePublished\":\"2016-04-02T09:04:44+00:00\",\"breadcrumb\":{\"@id\":\"https:\\\/\\\/keys-for-auto.eu\\\/sv\\\/product\\\/key-shell-suitable-for-chrysler-cars-three-buttons\\\/#breadcrumb\"},\"inLanguage\":\"sv-SE\",\"potentialAction\":[{\"@type\":\"ReadAction\",\"target\":[\"https:\\\/\\\/keys-for-auto.eu\\\/sv\\\/product\\\/key-shell-suitable-for-chrysler-cars-three-buttons\\\/\"]}]},{\"@type\":\"ImageObject\",\"inLanguage\":\"sv-SE\",\"@id\":\"https:\\\/\\\/keys-for-auto.eu\\\/sv\\\/product\\\/key-shell-suitable-for-chrysler-cars-three-buttons\\\/#primaryimage\",\"url\":\"https:\\\/\\\/keys-for-auto.eu\\\/wp-content\\\/uploads\\\/2022\\\/12\\\/Chrysler-Jeep-Dodge-Key-Fob-3-mygtuku-500x5001-1.jpg\",\"contentUrl\":\"https:\\\/\\\/keys-for-auto.eu\\\/wp-content\\\/uploads\\\/2022\\\/12\\\/Chrysler-Jeep-Dodge-Key-Fob-3-mygtuku-500x5001-1.jpg\",\"width\":500,\"height\":500},{\"@type\":\"BreadcrumbList\",\"@id\":\"https:\\\/\\\/keys-for-auto.eu\\\/sv\\\/product\\\/key-shell-suitable-for-chrysler-cars-three-buttons\\\/#breadcrumb\",\"itemListElement\":[{\"@type\":\"ListItem\",\"position\":1,\"name\":\"Hem\",\"item\":\"https:\\\/\\\/keys-for-auto.eu\\\/sv\\\/\"},{\"@type\":\"ListItem\",\"position\":2,\"name\":\"Shop\",\"item\":\"https:\\\/\\\/keys-for-auto.eu\\\/\"},{\"@type\":\"ListItem\",\"position\":3,\"name\":\"Nyckelskal &#8211; passar f\u00f6r Chrysler-bilar, tre knappar\"}]},{\"@type\":\"WebSite\",\"@id\":\"https:\\\/\\\/keys-for-auto.eu\\\/sv\\\/#website\",\"url\":\"https:\\\/\\\/keys-for-auto.eu\\\/sv\\\/\",\"name\":\"Keys for auto\",\"description\":\"Car keys,  key shells, key programming\",\"publisher\":{\"@id\":\"https:\\\/\\\/keys-for-auto.eu\\\/sv\\\/#organization\"},\"potentialAction\":[{\"@type\":\"SearchAction\",\"target\":{\"@type\":\"EntryPoint\",\"urlTemplate\":\"https:\\\/\\\/keys-for-auto.eu\\\/sv\\\/?s={search_term_string}\"},\"query-input\":{\"@type\":\"PropertyValueSpecification\",\"valueRequired\":true,\"valueName\":\"search_term_string\"}}],\"inLanguage\":\"sv-SE\"},{\"@type\":\"Organization\",\"@id\":\"https:\\\/\\\/keys-for-auto.eu\\\/sv\\\/#organization\",\"name\":\"Nycklar f\u00f6r bil\",\"url\":\"https:\\\/\\\/keys-for-auto.eu\\\/sv\\\/\",\"logo\":{\"@type\":\"ImageObject\",\"inLanguage\":\"sv-SE\",\"@id\":\"https:\\\/\\\/keys-for-auto.eu\\\/sv\\\/#\\\/schema\\\/logo\\\/image\\\/\",\"url\":\"https:\\\/\\\/keys-for-auto.eu\\\/wp-content\\\/uploads\\\/2022\\\/11\\\/cropped-png1.png\",\"contentUrl\":\"https:\\\/\\\/keys-for-auto.eu\\\/wp-content\\\/uploads\\\/2022\\\/11\\\/cropped-png1.png\",\"width\":1000,\"height\":342,\"caption\":\"Nycklar f\u00f6r bil\"},\"image\":{\"@id\":\"https:\\\/\\\/keys-for-auto.eu\\\/sv\\\/#\\\/schema\\\/logo\\\/image\\\/\"},\"sameAs\":[\"https:\\\/\\\/www.facebook.com\\\/KeysForAutoEU\"]}]}<\/script>\n<!-- \/ Yoast SEO plugin. -->","yoast_head_json":{"title":"Nyckelskal - passar f\u00f6r Chrysler-bilar, tre knappar - Keys for auto% %%sidnamn","robots":{"index":"index","follow":"follow","max-snippet":"max-snippet:-1","max-image-preview":"max-image-preview:large","max-video-preview":"max-video-preview:-1"},"canonical":"https:\/\/keys-for-auto.eu\/sv\/product\/key-shell-suitable-for-chrysler-cars-three-buttons\/","og_locale":"sv_SE","og_type":"article","og_title":"Nyckelskal - passar f\u00f6r Chrysler-bilar, tre knappar - Keys for auto% %%sidnamn","og_description":"Nyckeln passar f\u00f6r Jeep, Chrysler och Dodge-modeller. Tillverkning av bilnycklar  Tillverkning av nya bilnycklar, programmering av nycklar (\"bindning\" till bilen)  Radera tidigare f\u00f6rlorade nycklar fr\u00e5n bilens minne  Tillverkning av t\u00e4ndningsnyckeln enligt l\u00e5set  Reparation av bilnycklar (byte av knappar, skal, mekanismer)  Uppl\u00e5sning av bil i n\u00f6dsituationer  Byte av nycklar, nyckelfodral  Avst\u00e4ngning av DPF- och FAP-programvaran  Programbaserat avl\u00e4gsnande av EGR  Avaktivering av startsp\u00e4rrprogramvaran (immo Off)  Reparation, kloning och programmering av motorstyrenhet (ECU)  SRS (Programmering av styrenhet f\u00f6r krockkuddar) artiklar skickas inom 3 arbetsdagar.*","og_url":"https:\/\/keys-for-auto.eu\/sv\/product\/key-shell-suitable-for-chrysler-cars-three-buttons\/","og_site_name":"Keys for auto","article_publisher":"https:\/\/www.facebook.com\/KeysForAutoEU","og_image":[{"width":500,"height":500,"url":"https:\/\/i0.wp.com\/keys-for-auto.eu\/wp-content\/uploads\/2022\/12\/Chrysler-Jeep-Dodge-Key-Fob-3-mygtuku-500x5001-1.jpg?fit=500%2C500&ssl=1","type":"image\/jpeg"}],"twitter_card":"summary_large_image","twitter_misc":{"Ber\u00e4knad l\u00e4stid":"2 minuter"},"schema":{"@context":"https:\/\/schema.org","@graph":[{"@type":["WebPage","ItemPage"],"@id":"https:\/\/keys-for-auto.eu\/sv\/product\/key-shell-suitable-for-chrysler-cars-three-buttons\/","url":"https:\/\/keys-for-auto.eu\/sv\/product\/key-shell-suitable-for-chrysler-cars-three-buttons\/","name":"Nyckelskal - passar f\u00f6r Chrysler-bilar, tre knappar - Keys for auto% %%sidnamn","isPartOf":{"@id":"https:\/\/keys-for-auto.eu\/sv\/#website"},"primaryImageOfPage":{"@id":"https:\/\/keys-for-auto.eu\/sv\/product\/key-shell-suitable-for-chrysler-cars-three-buttons\/#primaryimage"},"image":{"@id":"https:\/\/keys-for-auto.eu\/sv\/product\/key-shell-suitable-for-chrysler-cars-three-buttons\/#primaryimage"},"thumbnailUrl":"https:\/\/keys-for-auto.eu\/wp-content\/uploads\/2022\/12\/Chrysler-Jeep-Dodge-Key-Fob-3-mygtuku-500x5001-1.jpg","datePublished":"2016-04-02T09:04:44+00:00","breadcrumb":{"@id":"https:\/\/keys-for-auto.eu\/sv\/product\/key-shell-suitable-for-chrysler-cars-three-buttons\/#breadcrumb"},"inLanguage":"sv-SE","potentialAction":[{"@type":"ReadAction","target":["https:\/\/keys-for-auto.eu\/sv\/product\/key-shell-suitable-for-chrysler-cars-three-buttons\/"]}]},{"@type":"ImageObject","inLanguage":"sv-SE","@id":"https:\/\/keys-for-auto.eu\/sv\/product\/key-shell-suitable-for-chrysler-cars-three-buttons\/#primaryimage","url":"https:\/\/keys-for-auto.eu\/wp-content\/uploads\/2022\/12\/Chrysler-Jeep-Dodge-Key-Fob-3-mygtuku-500x5001-1.jpg","contentUrl":"https:\/\/keys-for-auto.eu\/wp-content\/uploads\/2022\/12\/Chrysler-Jeep-Dodge-Key-Fob-3-mygtuku-500x5001-1.jpg","width":500,"height":500},{"@type":"BreadcrumbList","@id":"https:\/\/keys-for-auto.eu\/sv\/product\/key-shell-suitable-for-chrysler-cars-three-buttons\/#breadcrumb","itemListElement":[{"@type":"ListItem","position":1,"name":"Hem","item":"https:\/\/keys-for-auto.eu\/sv\/"},{"@type":"ListItem","position":2,"name":"Shop","item":"https:\/\/keys-for-auto.eu\/"},{"@type":"ListItem","position":3,"name":"Nyckelskal &#8211; passar f\u00f6r Chrysler-bilar, tre knappar"}]},{"@type":"WebSite","@id":"https:\/\/keys-for-auto.eu\/sv\/#website","url":"https:\/\/keys-for-auto.eu\/sv\/","name":"Keys for auto","description":"Car keys,  key shells, key programming","publisher":{"@id":"https:\/\/keys-for-auto.eu\/sv\/#organization"},"potentialAction":[{"@type":"SearchAction","target":{"@type":"EntryPoint","urlTemplate":"https:\/\/keys-for-auto.eu\/sv\/?s={search_term_string}"},"query-input":{"@type":"PropertyValueSpecification","valueRequired":true,"valueName":"search_term_string"}}],"inLanguage":"sv-SE"},{"@type":"Organization","@id":"https:\/\/keys-for-auto.eu\/sv\/#organization","name":"Nycklar f\u00f6r bil","url":"https:\/\/keys-for-auto.eu\/sv\/","logo":{"@type":"ImageObject","inLanguage":"sv-SE","@id":"https:\/\/keys-for-auto.eu\/sv\/#\/schema\/logo\/image\/","url":"https:\/\/keys-for-auto.eu\/wp-content\/uploads\/2022\/11\/cropped-png1.png","contentUrl":"https:\/\/keys-for-auto.eu\/wp-content\/uploads\/2022\/11\/cropped-png1.png","width":1000,"height":342,"caption":"Nycklar f\u00f6r bil"},"image":{"@id":"https:\/\/keys-for-auto.eu\/sv\/#\/schema\/logo\/image\/"},"sameAs":["https:\/\/www.facebook.com\/KeysForAutoEU"]}]}},"_links":{"self":[{"href":"https:\/\/keys-for-auto.eu\/sv\/wp-json\/wp\/v2\/product\/21612","targetHints":{"allow":["GET"]}}],"collection":[{"href":"https:\/\/keys-for-auto.eu\/sv\/wp-json\/wp\/v2\/product"}],"about":[{"href":"https:\/\/keys-for-auto.eu\/sv\/wp-json\/wp\/v2\/types\/product"}],"replies":[{"embeddable":true,"href":"https:\/\/keys-for-auto.eu\/sv\/wp-json\/wp\/v2\/comments?post=21612"}],"wp:featuredmedia":[{"embeddable":true,"href":"https:\/\/keys-for-auto.eu\/sv\/wp-json\/wp\/v2\/media\/20630"}],"wp:attachment":[{"href":"https:\/\/keys-for-auto.eu\/sv\/wp-json\/wp\/v2\/media?parent=21612"}],"wp:term":[{"taxonomy":"product_brand","embeddable":true,"href":"https:\/\/keys-for-auto.eu\/sv\/wp-json\/wp\/v2\/product_brand?post=21612"},{"taxonomy":"product_cat","embeddable":true,"href":"https:\/\/keys-for-auto.eu\/sv\/wp-json\/wp\/v2\/product_cat?post=21612"},{"taxonomy":"product_tag","embeddable":true,"href":"https:\/\/keys-for-auto.eu\/sv\/wp-json\/wp\/v2\/product_tag?post=21612"}],"curies":[{"name":"wp","href":"https:\/\/api.w.org\/{rel}","templated":true}]}}