{"id":21549,"date":"2023-01-05T13:59:07","date_gmt":"2023-01-05T13:59:07","guid":{"rendered":"https:\/\/keys-for-auto.eu\/returnering-och-aterbetalning\/"},"modified":"2023-02-19T18:39:47","modified_gmt":"2023-02-19T18:39:47","slug":"returnering-och-aterbetalning","status":"publish","type":"page","link":"https:\/\/keys-for-auto.eu\/sv\/returnering-och-aterbetalning\/","title":{"rendered":"Returnering och \u00e5terbetalning"},"content":{"rendered":"\n<h3 class=\"wp-block-heading\">Returnering av kvalitetsvaror<\/h3>\n\n<p>Om du inte gillar produkten kan du returnera den inom 14 kalenderdagar efter leveransen. Du kan endast returnera produkten oanv\u00e4nd, oskadad och i gott skick. Den returnerade produkten m\u00e5ste vara komplett (med etiketten intakt och skyddsfilmen inte avl\u00e4gsnad) och i sin originalf\u00f6rpackning. Den returnerade produkten m\u00e5ste vara i samma skick som n\u00e4r k\u00f6paren tog emot den.<\/p>\n\n<p>N\u00e4r vi har f\u00e5tt produkten skickar vi den vidare till dig f\u00f6r kvalitetsbed\u00f6mning. Om varan \u00e4r oanv\u00e4nd, oskadad och i stort sett of\u00f6r\u00e4ndrad i sitt utseende \u00e5terbetalas pengarna senast inom tv\u00e5 veckor.<\/p>\n\n<h2 class=\"wp-block-heading\">Returnering av defekta varor<\/h2>\n\n<p>Om du har f\u00e5tt en defekt produkt har du r\u00e4tt att returnera den. Detta omfattar inte varor som inte \u00e4r objektivt defekta eller som beror p\u00e5 felaktig lagring eller anv\u00e4ndning av k\u00f6paren. Om produkten returneras p\u00e5 grund av bristande kvalitet m\u00e5ste keys-automobiliams.lt p\u00e5 egen bekostnad ers\u00e4tta den bristf\u00e4lliga produkten med en produkt av l\u00e4mplig kvalitet eller \u00e5terbetala de pengar som betalats f\u00f6r produkten. Pengarna m\u00e5ste \u00e5terbetalas senast tv\u00e5 veckor efter det att du har l\u00e4mnat tillbaka varan.<\/p>\n\n<p>S\u00e4ljaren har r\u00e4tt att \u00e4ndra villkoren n\u00e4r som helst utan f\u00f6reg\u00e5ende meddelande.<\/p>\n\n<p>N\u00e4r vi har mottagit varorna skickar vi dem vidare f\u00f6r kvalitetsbed\u00f6mning. Om varorna \u00e4r oanv\u00e4nda, oskadade och i stort sett of\u00f6r\u00e4ndrade till utseendet f\u00e5r du pengarna tillbaka inom tv\u00e5 veckor.<\/p>\n","protected":false},"excerpt":{"rendered":"<p>Returnering av kvalitetsvaror Om du inte gillar produkten kan du returnera den inom 14 kalenderdagar efter leveransen. Du kan endast returnera produkten oanv\u00e4nd, oskadad och i gott skick. Den returnerade produkten m\u00e5ste vara komplett (med etiketten intakt och skyddsfilmen inte avl\u00e4gsnad) och i sin originalf\u00f6rpackning. Den returnerade produkten m\u00e5ste vara i samma skick som n\u00e4r [&hellip;]<\/p>\n","protected":false},"author":1,"featured_media":0,"parent":0,"menu_order":0,"comment_status":"closed","ping_status":"closed","template":"","meta":{"footnotes":""},"class_list":["post-21549","page","type-page","status-publish","hentry"],"yoast_head":"<!-- This site is optimized with the Yoast SEO plugin v27.5 - https:\/\/yoast.com\/product\/yoast-seo-wordpress\/ -->\n<title>Returnering och \u00e5terbetalning - Keys for auto% %%sidnamn<\/title>\n<meta name=\"robots\" content=\"index, follow, max-snippet:-1, max-image-preview:large, max-video-preview:-1\" \/>\n<link rel=\"canonical\" href=\"https:\/\/keys-for-auto.eu\/sv\/returnering-och-aterbetalning\/\" \/>\n<meta property=\"og:locale\" content=\"sv_SE\" \/>\n<meta property=\"og:type\" content=\"article\" \/>\n<meta property=\"og:title\" content=\"Returnering och \u00e5terbetalning - Keys for auto% %%sidnamn\" \/>\n<meta property=\"og:description\" content=\"Returnering av kvalitetsvaror Om du inte gillar produkten kan du returnera den inom 14 kalenderdagar efter leveransen. Du kan endast returnera produkten oanv\u00e4nd, oskadad och i gott skick. Den returnerade produkten m\u00e5ste vara komplett (med etiketten intakt och skyddsfilmen inte avl\u00e4gsnad) och i sin originalf\u00f6rpackning. Den returnerade produkten m\u00e5ste vara i samma skick som n\u00e4r [&hellip;]\" \/>\n<meta property=\"og:url\" content=\"https:\/\/keys-for-auto.eu\/sv\/returnering-och-aterbetalning\/\" \/>\n<meta property=\"og:site_name\" content=\"Keys for auto\" \/>\n<meta property=\"article:publisher\" content=\"https:\/\/www.facebook.com\/KeysForAutoEU\" \/>\n<meta property=\"article:modified_time\" content=\"2023-02-19T18:39:47+00:00\" \/>\n<meta name=\"twitter:card\" content=\"summary_large_image\" \/>\n<meta name=\"twitter:label1\" content=\"Ber\u00e4knad l\u00e4stid\" \/>\n\t<meta name=\"twitter:data1\" content=\"1 minut\" \/>\n<script type=\"application\/ld+json\" class=\"yoast-schema-graph\">{\"@context\":\"https:\\\/\\\/schema.org\",\"@graph\":[{\"@type\":\"WebPage\",\"@id\":\"https:\\\/\\\/keys-for-auto.eu\\\/sv\\\/returnering-och-aterbetalning\\\/\",\"url\":\"https:\\\/\\\/keys-for-auto.eu\\\/sv\\\/returnering-och-aterbetalning\\\/\",\"name\":\"Returnering och \u00e5terbetalning - Keys for auto% %%sidnamn\",\"isPartOf\":{\"@id\":\"https:\\\/\\\/keys-for-auto.eu\\\/sv\\\/#website\"},\"datePublished\":\"2023-01-05T13:59:07+00:00\",\"dateModified\":\"2023-02-19T18:39:47+00:00\",\"breadcrumb\":{\"@id\":\"https:\\\/\\\/keys-for-auto.eu\\\/sv\\\/returnering-och-aterbetalning\\\/#breadcrumb\"},\"inLanguage\":\"sv-SE\",\"potentialAction\":[{\"@type\":\"ReadAction\",\"target\":[\"https:\\\/\\\/keys-for-auto.eu\\\/sv\\\/returnering-och-aterbetalning\\\/\"]}]},{\"@type\":\"BreadcrumbList\",\"@id\":\"https:\\\/\\\/keys-for-auto.eu\\\/sv\\\/returnering-och-aterbetalning\\\/#breadcrumb\",\"itemListElement\":[{\"@type\":\"ListItem\",\"position\":1,\"name\":\"Hem\",\"item\":\"https:\\\/\\\/keys-for-auto.eu\\\/sv\\\/\"},{\"@type\":\"ListItem\",\"position\":2,\"name\":\"Returnering och \u00e5terbetalning\"}]},{\"@type\":\"WebSite\",\"@id\":\"https:\\\/\\\/keys-for-auto.eu\\\/sv\\\/#website\",\"url\":\"https:\\\/\\\/keys-for-auto.eu\\\/sv\\\/\",\"name\":\"Keys for auto\",\"description\":\"Car keys,  key shells, key programming\",\"publisher\":{\"@id\":\"https:\\\/\\\/keys-for-auto.eu\\\/sv\\\/#organization\"},\"potentialAction\":[{\"@type\":\"SearchAction\",\"target\":{\"@type\":\"EntryPoint\",\"urlTemplate\":\"https:\\\/\\\/keys-for-auto.eu\\\/sv\\\/?s={search_term_string}\"},\"query-input\":{\"@type\":\"PropertyValueSpecification\",\"valueRequired\":true,\"valueName\":\"search_term_string\"}}],\"inLanguage\":\"sv-SE\"},{\"@type\":\"Organization\",\"@id\":\"https:\\\/\\\/keys-for-auto.eu\\\/sv\\\/#organization\",\"name\":\"Nycklar f\u00f6r bil\",\"url\":\"https:\\\/\\\/keys-for-auto.eu\\\/sv\\\/\",\"logo\":{\"@type\":\"ImageObject\",\"inLanguage\":\"sv-SE\",\"@id\":\"https:\\\/\\\/keys-for-auto.eu\\\/sv\\\/#\\\/schema\\\/logo\\\/image\\\/\",\"url\":\"https:\\\/\\\/keys-for-auto.eu\\\/wp-content\\\/uploads\\\/2022\\\/11\\\/cropped-png1.png\",\"contentUrl\":\"https:\\\/\\\/keys-for-auto.eu\\\/wp-content\\\/uploads\\\/2022\\\/11\\\/cropped-png1.png\",\"width\":1000,\"height\":342,\"caption\":\"Nycklar f\u00f6r bil\"},\"image\":{\"@id\":\"https:\\\/\\\/keys-for-auto.eu\\\/sv\\\/#\\\/schema\\\/logo\\\/image\\\/\"},\"sameAs\":[\"https:\\\/\\\/www.facebook.com\\\/KeysForAutoEU\"]}]}<\/script>\n<!-- \/ Yoast SEO plugin. -->","yoast_head_json":{"title":"Returnering och \u00e5terbetalning - Keys for auto% %%sidnamn","robots":{"index":"index","follow":"follow","max-snippet":"max-snippet:-1","max-image-preview":"max-image-preview:large","max-video-preview":"max-video-preview:-1"},"canonical":"https:\/\/keys-for-auto.eu\/sv\/returnering-och-aterbetalning\/","og_locale":"sv_SE","og_type":"article","og_title":"Returnering och \u00e5terbetalning - Keys for auto% %%sidnamn","og_description":"Returnering av kvalitetsvaror Om du inte gillar produkten kan du returnera den inom 14 kalenderdagar efter leveransen. Du kan endast returnera produkten oanv\u00e4nd, oskadad och i gott skick. Den returnerade produkten m\u00e5ste vara komplett (med etiketten intakt och skyddsfilmen inte avl\u00e4gsnad) och i sin originalf\u00f6rpackning. Den returnerade produkten m\u00e5ste vara i samma skick som n\u00e4r [&hellip;]","og_url":"https:\/\/keys-for-auto.eu\/sv\/returnering-och-aterbetalning\/","og_site_name":"Keys for auto","article_publisher":"https:\/\/www.facebook.com\/KeysForAutoEU","article_modified_time":"2023-02-19T18:39:47+00:00","twitter_card":"summary_large_image","twitter_misc":{"Ber\u00e4knad l\u00e4stid":"1 minut"},"schema":{"@context":"https:\/\/schema.org","@graph":[{"@type":"WebPage","@id":"https:\/\/keys-for-auto.eu\/sv\/returnering-och-aterbetalning\/","url":"https:\/\/keys-for-auto.eu\/sv\/returnering-och-aterbetalning\/","name":"Returnering och \u00e5terbetalning - Keys for auto% %%sidnamn","isPartOf":{"@id":"https:\/\/keys-for-auto.eu\/sv\/#website"},"datePublished":"2023-01-05T13:59:07+00:00","dateModified":"2023-02-19T18:39:47+00:00","breadcrumb":{"@id":"https:\/\/keys-for-auto.eu\/sv\/returnering-och-aterbetalning\/#breadcrumb"},"inLanguage":"sv-SE","potentialAction":[{"@type":"ReadAction","target":["https:\/\/keys-for-auto.eu\/sv\/returnering-och-aterbetalning\/"]}]},{"@type":"BreadcrumbList","@id":"https:\/\/keys-for-auto.eu\/sv\/returnering-och-aterbetalning\/#breadcrumb","itemListElement":[{"@type":"ListItem","position":1,"name":"Hem","item":"https:\/\/keys-for-auto.eu\/sv\/"},{"@type":"ListItem","position":2,"name":"Returnering och \u00e5terbetalning"}]},{"@type":"WebSite","@id":"https:\/\/keys-for-auto.eu\/sv\/#website","url":"https:\/\/keys-for-auto.eu\/sv\/","name":"Keys for auto","description":"Car keys,  key shells, key programming","publisher":{"@id":"https:\/\/keys-for-auto.eu\/sv\/#organization"},"potentialAction":[{"@type":"SearchAction","target":{"@type":"EntryPoint","urlTemplate":"https:\/\/keys-for-auto.eu\/sv\/?s={search_term_string}"},"query-input":{"@type":"PropertyValueSpecification","valueRequired":true,"valueName":"search_term_string"}}],"inLanguage":"sv-SE"},{"@type":"Organization","@id":"https:\/\/keys-for-auto.eu\/sv\/#organization","name":"Nycklar f\u00f6r bil","url":"https:\/\/keys-for-auto.eu\/sv\/","logo":{"@type":"ImageObject","inLanguage":"sv-SE","@id":"https:\/\/keys-for-auto.eu\/sv\/#\/schema\/logo\/image\/","url":"https:\/\/keys-for-auto.eu\/wp-content\/uploads\/2022\/11\/cropped-png1.png","contentUrl":"https:\/\/keys-for-auto.eu\/wp-content\/uploads\/2022\/11\/cropped-png1.png","width":1000,"height":342,"caption":"Nycklar f\u00f6r bil"},"image":{"@id":"https:\/\/keys-for-auto.eu\/sv\/#\/schema\/logo\/image\/"},"sameAs":["https:\/\/www.facebook.com\/KeysForAutoEU"]}]}},"_links":{"self":[{"href":"https:\/\/keys-for-auto.eu\/sv\/wp-json\/wp\/v2\/pages\/21549","targetHints":{"allow":["GET"]}}],"collection":[{"href":"https:\/\/keys-for-auto.eu\/sv\/wp-json\/wp\/v2\/pages"}],"about":[{"href":"https:\/\/keys-for-auto.eu\/sv\/wp-json\/wp\/v2\/types\/page"}],"author":[{"embeddable":true,"href":"https:\/\/keys-for-auto.eu\/sv\/wp-json\/wp\/v2\/users\/1"}],"replies":[{"embeddable":true,"href":"https:\/\/keys-for-auto.eu\/sv\/wp-json\/wp\/v2\/comments?post=21549"}],"version-history":[{"count":1,"href":"https:\/\/keys-for-auto.eu\/sv\/wp-json\/wp\/v2\/pages\/21549\/revisions"}],"predecessor-version":[{"id":21551,"href":"https:\/\/keys-for-auto.eu\/sv\/wp-json\/wp\/v2\/pages\/21549\/revisions\/21551"}],"wp:attachment":[{"href":"https:\/\/keys-for-auto.eu\/sv\/wp-json\/wp\/v2\/media?parent=21549"}],"curies":[{"name":"wp","href":"https:\/\/api.w.org\/{rel}","templated":true}]}}