{"id":21539,"date":"2023-01-05T12:14:08","date_gmt":"2023-01-05T12:14:08","guid":{"rendered":"https:\/\/keys-for-auto.eu\/leverans\/"},"modified":"2023-02-19T18:39:47","modified_gmt":"2023-02-19T18:39:47","slug":"leverans","status":"publish","type":"page","link":"https:\/\/keys-for-auto.eu\/sv\/leverans\/","title":{"rendered":"Leverans"},"content":{"rendered":"\n<p>Om varan befinner sig i v\u00e5rt lager kommer den att skickas med rekommenderat brev eller annan leveransmetod som du v\u00e4ljer efter att betalningen har gjorts. Om varan inte finns i lager och m\u00e5ste best\u00e4llas (i mycket s\u00e4llsynta fall) kommer best\u00e4llningen att behandlas inom 7-21 arbetsdagar.Du kommer att meddelas om avs\u00e4ndningen via e-post och du kommer ocks\u00e5 att f\u00e5 ett registrerat f\u00f6rs\u00e4ndelseidentifikationsnummer som g\u00f6r att du kan sp\u00e5ra paketets status. F\u00f6rs\u00e4ndelserna skickas inom 1-3 arbetsdagar.<\/p>\n\n<p>I v\u00e5r e-butik kan du hitta n\u00e4stan alla nycklar f\u00f6r alla bilm\u00e4rken samt tillbeh\u00f6r, chip (transpondrar) och andra delar till bilnycklar. Vi ut\u00f6kar st\u00e4ndigt v\u00e5rt sortiment f\u00f6r att uppfylla dina krav.<\/p>\n\n<p>Vi tillverkar nycklar utifr\u00e5n nyckelkoder, karossens VIN-nummer och foton.<\/p>\n","protected":false},"excerpt":{"rendered":"<p>Om varan befinner sig i v\u00e5rt lager kommer den att skickas med rekommenderat brev eller annan leveransmetod som du v\u00e4ljer efter att betalningen har gjorts. Om varan inte finns i lager och m\u00e5ste best\u00e4llas (i mycket s\u00e4llsynta fall) kommer best\u00e4llningen att behandlas inom 7-21 arbetsdagar.Du kommer att meddelas om avs\u00e4ndningen via e-post och du kommer [&hellip;]<\/p>\n","protected":false},"author":1,"featured_media":0,"parent":0,"menu_order":0,"comment_status":"closed","ping_status":"closed","template":"","meta":{"footnotes":""},"class_list":["post-21539","page","type-page","status-publish","hentry"],"yoast_head":"<!-- This site is optimized with the Yoast SEO plugin v27.6 - https:\/\/yoast.com\/product\/yoast-seo-wordpress\/ -->\n<title>Leverans - Keys for auto% %%sidnamn<\/title>\n<meta name=\"robots\" content=\"index, follow, max-snippet:-1, max-image-preview:large, max-video-preview:-1\" \/>\n<link rel=\"canonical\" href=\"https:\/\/keys-for-auto.eu\/sv\/leverans\/\" \/>\n<meta property=\"og:locale\" content=\"sv_SE\" \/>\n<meta property=\"og:type\" content=\"article\" \/>\n<meta property=\"og:title\" content=\"Leverans - Keys for auto% %%sidnamn\" \/>\n<meta property=\"og:description\" content=\"Om varan befinner sig i v\u00e5rt lager kommer den att skickas med rekommenderat brev eller annan leveransmetod som du v\u00e4ljer efter att betalningen har gjorts. Om varan inte finns i lager och m\u00e5ste best\u00e4llas (i mycket s\u00e4llsynta fall) kommer best\u00e4llningen att behandlas inom 7-21 arbetsdagar.Du kommer att meddelas om avs\u00e4ndningen via e-post och du kommer [&hellip;]\" \/>\n<meta property=\"og:url\" content=\"https:\/\/keys-for-auto.eu\/sv\/leverans\/\" \/>\n<meta property=\"og:site_name\" content=\"Keys for auto\" \/>\n<meta property=\"article:publisher\" content=\"https:\/\/www.facebook.com\/KeysForAutoEU\" \/>\n<meta property=\"article:modified_time\" content=\"2023-02-19T18:39:47+00:00\" \/>\n<meta name=\"twitter:card\" content=\"summary_large_image\" \/>\n<meta name=\"twitter:label1\" content=\"Ber\u00e4knad l\u00e4stid\" \/>\n\t<meta name=\"twitter:data1\" content=\"1 minut\" \/>\n<script type=\"application\/ld+json\" class=\"yoast-schema-graph\">{\"@context\":\"https:\\\/\\\/schema.org\",\"@graph\":[{\"@type\":\"WebPage\",\"@id\":\"https:\\\/\\\/keys-for-auto.eu\\\/sv\\\/leverans\\\/\",\"url\":\"https:\\\/\\\/keys-for-auto.eu\\\/sv\\\/leverans\\\/\",\"name\":\"Leverans - Keys for auto% %%sidnamn\",\"isPartOf\":{\"@id\":\"https:\\\/\\\/keys-for-auto.eu\\\/sv\\\/#website\"},\"datePublished\":\"2023-01-05T12:14:08+00:00\",\"dateModified\":\"2023-02-19T18:39:47+00:00\",\"breadcrumb\":{\"@id\":\"https:\\\/\\\/keys-for-auto.eu\\\/sv\\\/leverans\\\/#breadcrumb\"},\"inLanguage\":\"sv-SE\",\"potentialAction\":[{\"@type\":\"ReadAction\",\"target\":[\"https:\\\/\\\/keys-for-auto.eu\\\/sv\\\/leverans\\\/\"]}]},{\"@type\":\"BreadcrumbList\",\"@id\":\"https:\\\/\\\/keys-for-auto.eu\\\/sv\\\/leverans\\\/#breadcrumb\",\"itemListElement\":[{\"@type\":\"ListItem\",\"position\":1,\"name\":\"Hem\",\"item\":\"https:\\\/\\\/keys-for-auto.eu\\\/sv\\\/\"},{\"@type\":\"ListItem\",\"position\":2,\"name\":\"Leverans\"}]},{\"@type\":\"WebSite\",\"@id\":\"https:\\\/\\\/keys-for-auto.eu\\\/sv\\\/#website\",\"url\":\"https:\\\/\\\/keys-for-auto.eu\\\/sv\\\/\",\"name\":\"Keys for auto\",\"description\":\"Car keys,  key shells, key programming\",\"publisher\":{\"@id\":\"https:\\\/\\\/keys-for-auto.eu\\\/sv\\\/#organization\"},\"potentialAction\":[{\"@type\":\"SearchAction\",\"target\":{\"@type\":\"EntryPoint\",\"urlTemplate\":\"https:\\\/\\\/keys-for-auto.eu\\\/sv\\\/?s={search_term_string}\"},\"query-input\":{\"@type\":\"PropertyValueSpecification\",\"valueRequired\":true,\"valueName\":\"search_term_string\"}}],\"inLanguage\":\"sv-SE\"},{\"@type\":\"Organization\",\"@id\":\"https:\\\/\\\/keys-for-auto.eu\\\/sv\\\/#organization\",\"name\":\"Nycklar f\u00f6r bil\",\"url\":\"https:\\\/\\\/keys-for-auto.eu\\\/sv\\\/\",\"logo\":{\"@type\":\"ImageObject\",\"inLanguage\":\"sv-SE\",\"@id\":\"https:\\\/\\\/keys-for-auto.eu\\\/sv\\\/#\\\/schema\\\/logo\\\/image\\\/\",\"url\":\"https:\\\/\\\/keys-for-auto.eu\\\/wp-content\\\/uploads\\\/2022\\\/11\\\/cropped-png1.png\",\"contentUrl\":\"https:\\\/\\\/keys-for-auto.eu\\\/wp-content\\\/uploads\\\/2022\\\/11\\\/cropped-png1.png\",\"width\":1000,\"height\":342,\"caption\":\"Nycklar f\u00f6r bil\"},\"image\":{\"@id\":\"https:\\\/\\\/keys-for-auto.eu\\\/sv\\\/#\\\/schema\\\/logo\\\/image\\\/\"},\"sameAs\":[\"https:\\\/\\\/www.facebook.com\\\/KeysForAutoEU\"]}]}<\/script>\n<!-- \/ Yoast SEO plugin. -->","yoast_head_json":{"title":"Leverans - Keys for auto% %%sidnamn","robots":{"index":"index","follow":"follow","max-snippet":"max-snippet:-1","max-image-preview":"max-image-preview:large","max-video-preview":"max-video-preview:-1"},"canonical":"https:\/\/keys-for-auto.eu\/sv\/leverans\/","og_locale":"sv_SE","og_type":"article","og_title":"Leverans - Keys for auto% %%sidnamn","og_description":"Om varan befinner sig i v\u00e5rt lager kommer den att skickas med rekommenderat brev eller annan leveransmetod som du v\u00e4ljer efter att betalningen har gjorts. Om varan inte finns i lager och m\u00e5ste best\u00e4llas (i mycket s\u00e4llsynta fall) kommer best\u00e4llningen att behandlas inom 7-21 arbetsdagar.Du kommer att meddelas om avs\u00e4ndningen via e-post och du kommer [&hellip;]","og_url":"https:\/\/keys-for-auto.eu\/sv\/leverans\/","og_site_name":"Keys for auto","article_publisher":"https:\/\/www.facebook.com\/KeysForAutoEU","article_modified_time":"2023-02-19T18:39:47+00:00","twitter_card":"summary_large_image","twitter_misc":{"Ber\u00e4knad l\u00e4stid":"1 minut"},"schema":{"@context":"https:\/\/schema.org","@graph":[{"@type":"WebPage","@id":"https:\/\/keys-for-auto.eu\/sv\/leverans\/","url":"https:\/\/keys-for-auto.eu\/sv\/leverans\/","name":"Leverans - Keys for auto% %%sidnamn","isPartOf":{"@id":"https:\/\/keys-for-auto.eu\/sv\/#website"},"datePublished":"2023-01-05T12:14:08+00:00","dateModified":"2023-02-19T18:39:47+00:00","breadcrumb":{"@id":"https:\/\/keys-for-auto.eu\/sv\/leverans\/#breadcrumb"},"inLanguage":"sv-SE","potentialAction":[{"@type":"ReadAction","target":["https:\/\/keys-for-auto.eu\/sv\/leverans\/"]}]},{"@type":"BreadcrumbList","@id":"https:\/\/keys-for-auto.eu\/sv\/leverans\/#breadcrumb","itemListElement":[{"@type":"ListItem","position":1,"name":"Hem","item":"https:\/\/keys-for-auto.eu\/sv\/"},{"@type":"ListItem","position":2,"name":"Leverans"}]},{"@type":"WebSite","@id":"https:\/\/keys-for-auto.eu\/sv\/#website","url":"https:\/\/keys-for-auto.eu\/sv\/","name":"Keys for auto","description":"Car keys,  key shells, key programming","publisher":{"@id":"https:\/\/keys-for-auto.eu\/sv\/#organization"},"potentialAction":[{"@type":"SearchAction","target":{"@type":"EntryPoint","urlTemplate":"https:\/\/keys-for-auto.eu\/sv\/?s={search_term_string}"},"query-input":{"@type":"PropertyValueSpecification","valueRequired":true,"valueName":"search_term_string"}}],"inLanguage":"sv-SE"},{"@type":"Organization","@id":"https:\/\/keys-for-auto.eu\/sv\/#organization","name":"Nycklar f\u00f6r bil","url":"https:\/\/keys-for-auto.eu\/sv\/","logo":{"@type":"ImageObject","inLanguage":"sv-SE","@id":"https:\/\/keys-for-auto.eu\/sv\/#\/schema\/logo\/image\/","url":"https:\/\/keys-for-auto.eu\/wp-content\/uploads\/2022\/11\/cropped-png1.png","contentUrl":"https:\/\/keys-for-auto.eu\/wp-content\/uploads\/2022\/11\/cropped-png1.png","width":1000,"height":342,"caption":"Nycklar f\u00f6r bil"},"image":{"@id":"https:\/\/keys-for-auto.eu\/sv\/#\/schema\/logo\/image\/"},"sameAs":["https:\/\/www.facebook.com\/KeysForAutoEU"]}]}},"_links":{"self":[{"href":"https:\/\/keys-for-auto.eu\/sv\/wp-json\/wp\/v2\/pages\/21539","targetHints":{"allow":["GET"]}}],"collection":[{"href":"https:\/\/keys-for-auto.eu\/sv\/wp-json\/wp\/v2\/pages"}],"about":[{"href":"https:\/\/keys-for-auto.eu\/sv\/wp-json\/wp\/v2\/types\/page"}],"author":[{"embeddable":true,"href":"https:\/\/keys-for-auto.eu\/sv\/wp-json\/wp\/v2\/users\/1"}],"replies":[{"embeddable":true,"href":"https:\/\/keys-for-auto.eu\/sv\/wp-json\/wp\/v2\/comments?post=21539"}],"version-history":[{"count":1,"href":"https:\/\/keys-for-auto.eu\/sv\/wp-json\/wp\/v2\/pages\/21539\/revisions"}],"predecessor-version":[{"id":21541,"href":"https:\/\/keys-for-auto.eu\/sv\/wp-json\/wp\/v2\/pages\/21539\/revisions\/21541"}],"wp:attachment":[{"href":"https:\/\/keys-for-auto.eu\/sv\/wp-json\/wp\/v2\/media?parent=21539"}],"curies":[{"name":"wp","href":"https:\/\/api.w.org\/{rel}","templated":true}]}}