{"id":21532,"date":"2023-01-05T14:58:57","date_gmt":"2023-01-05T14:58:57","guid":{"rendered":"https:\/\/keys-for-auto.eu\/leverans-och-betalningsavgifter\/"},"modified":"2023-02-19T18:39:47","modified_gmt":"2023-02-19T18:39:47","slug":"leverans-och-betalningsavgifter","status":"publish","type":"page","link":"https:\/\/keys-for-auto.eu\/sv\/leverans-och-betalningsavgifter\/","title":{"rendered":"Leverans- och betalningsavgifter"},"content":{"rendered":"\n<h2 class=\"wp-block-heading\">Hur mycket kostar leveransen?<\/h2>\n\n<p>Detta \u00e4r det belopp som anv\u00e4nds f\u00f6r leverans av varor fr\u00e5n e-butikens lager till den adress som k\u00f6paren angett. Beloppet anges p\u00e5 den faktura som f\u00f6ljer med varorna. Om varan returneras ska k\u00f6paren betala kostnaden f\u00f6r denna tj\u00e4nst.<\/p>\n\n<h2 class=\"wp-block-heading\">Betalning<\/h2>\n\n<p>N\u00e4r du best\u00e4ller, v\u00e4lj betalningsmetod &#8211; bank\u00f6verf\u00f6ring, Paysiera, kreditkort, PayPal eller n\u00e5gon annan metod som du f\u00f6redrar. Betalningen m\u00e5ste ske inom tv\u00e5 arbetsdagar, annars annullerar vi best\u00e4llningen. Vid behov kan du best\u00e4lla om varorna efter avbest\u00e4llningen.<\/p>\n","protected":false},"excerpt":{"rendered":"<p>Hur mycket kostar leveransen? Detta \u00e4r det belopp som anv\u00e4nds f\u00f6r leverans av varor fr\u00e5n e-butikens lager till den adress som k\u00f6paren angett. Beloppet anges p\u00e5 den faktura som f\u00f6ljer med varorna. Om varan returneras ska k\u00f6paren betala kostnaden f\u00f6r denna tj\u00e4nst. Betalning N\u00e4r du best\u00e4ller, v\u00e4lj betalningsmetod &#8211; bank\u00f6verf\u00f6ring, Paysiera, kreditkort, PayPal eller n\u00e5gon [&hellip;]<\/p>\n","protected":false},"author":1,"featured_media":0,"parent":0,"menu_order":0,"comment_status":"closed","ping_status":"closed","template":"","meta":{"footnotes":""},"class_list":["post-21532","page","type-page","status-publish","hentry"],"yoast_head":"<!-- This site is optimized with the Yoast SEO plugin v27.5 - https:\/\/yoast.com\/product\/yoast-seo-wordpress\/ -->\n<title>Leverans- och betalningsavgifter - Keys for auto% %%sidnamn<\/title>\n<meta name=\"robots\" content=\"index, follow, max-snippet:-1, max-image-preview:large, max-video-preview:-1\" \/>\n<link rel=\"canonical\" href=\"https:\/\/keys-for-auto.eu\/sv\/leverans-och-betalningsavgifter\/\" \/>\n<meta property=\"og:locale\" content=\"sv_SE\" \/>\n<meta property=\"og:type\" content=\"article\" \/>\n<meta property=\"og:title\" content=\"Leverans- och betalningsavgifter - Keys for auto% %%sidnamn\" \/>\n<meta property=\"og:description\" content=\"Hur mycket kostar leveransen? Detta \u00e4r det belopp som anv\u00e4nds f\u00f6r leverans av varor fr\u00e5n e-butikens lager till den adress som k\u00f6paren angett. Beloppet anges p\u00e5 den faktura som f\u00f6ljer med varorna. Om varan returneras ska k\u00f6paren betala kostnaden f\u00f6r denna tj\u00e4nst. Betalning N\u00e4r du best\u00e4ller, v\u00e4lj betalningsmetod &#8211; bank\u00f6verf\u00f6ring, Paysiera, kreditkort, PayPal eller n\u00e5gon [&hellip;]\" \/>\n<meta property=\"og:url\" content=\"https:\/\/keys-for-auto.eu\/sv\/leverans-och-betalningsavgifter\/\" \/>\n<meta property=\"og:site_name\" content=\"Keys for auto\" \/>\n<meta property=\"article:publisher\" content=\"https:\/\/www.facebook.com\/KeysForAutoEU\" \/>\n<meta property=\"article:modified_time\" content=\"2023-02-19T18:39:47+00:00\" \/>\n<meta name=\"twitter:card\" content=\"summary_large_image\" \/>\n<script type=\"application\/ld+json\" class=\"yoast-schema-graph\">{\"@context\":\"https:\\\/\\\/schema.org\",\"@graph\":[{\"@type\":\"WebPage\",\"@id\":\"https:\\\/\\\/keys-for-auto.eu\\\/sv\\\/leverans-och-betalningsavgifter\\\/\",\"url\":\"https:\\\/\\\/keys-for-auto.eu\\\/sv\\\/leverans-och-betalningsavgifter\\\/\",\"name\":\"Leverans- och betalningsavgifter - Keys for auto% %%sidnamn\",\"isPartOf\":{\"@id\":\"https:\\\/\\\/keys-for-auto.eu\\\/sv\\\/#website\"},\"datePublished\":\"2023-01-05T14:58:57+00:00\",\"dateModified\":\"2023-02-19T18:39:47+00:00\",\"breadcrumb\":{\"@id\":\"https:\\\/\\\/keys-for-auto.eu\\\/sv\\\/leverans-och-betalningsavgifter\\\/#breadcrumb\"},\"inLanguage\":\"sv-SE\",\"potentialAction\":[{\"@type\":\"ReadAction\",\"target\":[\"https:\\\/\\\/keys-for-auto.eu\\\/sv\\\/leverans-och-betalningsavgifter\\\/\"]}]},{\"@type\":\"BreadcrumbList\",\"@id\":\"https:\\\/\\\/keys-for-auto.eu\\\/sv\\\/leverans-och-betalningsavgifter\\\/#breadcrumb\",\"itemListElement\":[{\"@type\":\"ListItem\",\"position\":1,\"name\":\"Hem\",\"item\":\"https:\\\/\\\/keys-for-auto.eu\\\/sv\\\/\"},{\"@type\":\"ListItem\",\"position\":2,\"name\":\"Leverans- och betalningsavgifter\"}]},{\"@type\":\"WebSite\",\"@id\":\"https:\\\/\\\/keys-for-auto.eu\\\/sv\\\/#website\",\"url\":\"https:\\\/\\\/keys-for-auto.eu\\\/sv\\\/\",\"name\":\"Keys for auto\",\"description\":\"Car keys,  key shells, key programming\",\"publisher\":{\"@id\":\"https:\\\/\\\/keys-for-auto.eu\\\/sv\\\/#organization\"},\"potentialAction\":[{\"@type\":\"SearchAction\",\"target\":{\"@type\":\"EntryPoint\",\"urlTemplate\":\"https:\\\/\\\/keys-for-auto.eu\\\/sv\\\/?s={search_term_string}\"},\"query-input\":{\"@type\":\"PropertyValueSpecification\",\"valueRequired\":true,\"valueName\":\"search_term_string\"}}],\"inLanguage\":\"sv-SE\"},{\"@type\":\"Organization\",\"@id\":\"https:\\\/\\\/keys-for-auto.eu\\\/sv\\\/#organization\",\"name\":\"Nycklar f\u00f6r bil\",\"url\":\"https:\\\/\\\/keys-for-auto.eu\\\/sv\\\/\",\"logo\":{\"@type\":\"ImageObject\",\"inLanguage\":\"sv-SE\",\"@id\":\"https:\\\/\\\/keys-for-auto.eu\\\/sv\\\/#\\\/schema\\\/logo\\\/image\\\/\",\"url\":\"https:\\\/\\\/keys-for-auto.eu\\\/wp-content\\\/uploads\\\/2022\\\/11\\\/cropped-png1.png\",\"contentUrl\":\"https:\\\/\\\/keys-for-auto.eu\\\/wp-content\\\/uploads\\\/2022\\\/11\\\/cropped-png1.png\",\"width\":1000,\"height\":342,\"caption\":\"Nycklar f\u00f6r bil\"},\"image\":{\"@id\":\"https:\\\/\\\/keys-for-auto.eu\\\/sv\\\/#\\\/schema\\\/logo\\\/image\\\/\"},\"sameAs\":[\"https:\\\/\\\/www.facebook.com\\\/KeysForAutoEU\"]}]}<\/script>\n<!-- \/ Yoast SEO plugin. -->","yoast_head_json":{"title":"Leverans- och betalningsavgifter - Keys for auto% %%sidnamn","robots":{"index":"index","follow":"follow","max-snippet":"max-snippet:-1","max-image-preview":"max-image-preview:large","max-video-preview":"max-video-preview:-1"},"canonical":"https:\/\/keys-for-auto.eu\/sv\/leverans-och-betalningsavgifter\/","og_locale":"sv_SE","og_type":"article","og_title":"Leverans- och betalningsavgifter - Keys for auto% %%sidnamn","og_description":"Hur mycket kostar leveransen? Detta \u00e4r det belopp som anv\u00e4nds f\u00f6r leverans av varor fr\u00e5n e-butikens lager till den adress som k\u00f6paren angett. Beloppet anges p\u00e5 den faktura som f\u00f6ljer med varorna. Om varan returneras ska k\u00f6paren betala kostnaden f\u00f6r denna tj\u00e4nst. Betalning N\u00e4r du best\u00e4ller, v\u00e4lj betalningsmetod &#8211; bank\u00f6verf\u00f6ring, Paysiera, kreditkort, PayPal eller n\u00e5gon [&hellip;]","og_url":"https:\/\/keys-for-auto.eu\/sv\/leverans-och-betalningsavgifter\/","og_site_name":"Keys for auto","article_publisher":"https:\/\/www.facebook.com\/KeysForAutoEU","article_modified_time":"2023-02-19T18:39:47+00:00","twitter_card":"summary_large_image","schema":{"@context":"https:\/\/schema.org","@graph":[{"@type":"WebPage","@id":"https:\/\/keys-for-auto.eu\/sv\/leverans-och-betalningsavgifter\/","url":"https:\/\/keys-for-auto.eu\/sv\/leverans-och-betalningsavgifter\/","name":"Leverans- och betalningsavgifter - Keys for auto% %%sidnamn","isPartOf":{"@id":"https:\/\/keys-for-auto.eu\/sv\/#website"},"datePublished":"2023-01-05T14:58:57+00:00","dateModified":"2023-02-19T18:39:47+00:00","breadcrumb":{"@id":"https:\/\/keys-for-auto.eu\/sv\/leverans-och-betalningsavgifter\/#breadcrumb"},"inLanguage":"sv-SE","potentialAction":[{"@type":"ReadAction","target":["https:\/\/keys-for-auto.eu\/sv\/leverans-och-betalningsavgifter\/"]}]},{"@type":"BreadcrumbList","@id":"https:\/\/keys-for-auto.eu\/sv\/leverans-och-betalningsavgifter\/#breadcrumb","itemListElement":[{"@type":"ListItem","position":1,"name":"Hem","item":"https:\/\/keys-for-auto.eu\/sv\/"},{"@type":"ListItem","position":2,"name":"Leverans- och betalningsavgifter"}]},{"@type":"WebSite","@id":"https:\/\/keys-for-auto.eu\/sv\/#website","url":"https:\/\/keys-for-auto.eu\/sv\/","name":"Keys for auto","description":"Car keys,  key shells, key programming","publisher":{"@id":"https:\/\/keys-for-auto.eu\/sv\/#organization"},"potentialAction":[{"@type":"SearchAction","target":{"@type":"EntryPoint","urlTemplate":"https:\/\/keys-for-auto.eu\/sv\/?s={search_term_string}"},"query-input":{"@type":"PropertyValueSpecification","valueRequired":true,"valueName":"search_term_string"}}],"inLanguage":"sv-SE"},{"@type":"Organization","@id":"https:\/\/keys-for-auto.eu\/sv\/#organization","name":"Nycklar f\u00f6r bil","url":"https:\/\/keys-for-auto.eu\/sv\/","logo":{"@type":"ImageObject","inLanguage":"sv-SE","@id":"https:\/\/keys-for-auto.eu\/sv\/#\/schema\/logo\/image\/","url":"https:\/\/keys-for-auto.eu\/wp-content\/uploads\/2022\/11\/cropped-png1.png","contentUrl":"https:\/\/keys-for-auto.eu\/wp-content\/uploads\/2022\/11\/cropped-png1.png","width":1000,"height":342,"caption":"Nycklar f\u00f6r bil"},"image":{"@id":"https:\/\/keys-for-auto.eu\/sv\/#\/schema\/logo\/image\/"},"sameAs":["https:\/\/www.facebook.com\/KeysForAutoEU"]}]}},"_links":{"self":[{"href":"https:\/\/keys-for-auto.eu\/sv\/wp-json\/wp\/v2\/pages\/21532","targetHints":{"allow":["GET"]}}],"collection":[{"href":"https:\/\/keys-for-auto.eu\/sv\/wp-json\/wp\/v2\/pages"}],"about":[{"href":"https:\/\/keys-for-auto.eu\/sv\/wp-json\/wp\/v2\/types\/page"}],"author":[{"embeddable":true,"href":"https:\/\/keys-for-auto.eu\/sv\/wp-json\/wp\/v2\/users\/1"}],"replies":[{"embeddable":true,"href":"https:\/\/keys-for-auto.eu\/sv\/wp-json\/wp\/v2\/comments?post=21532"}],"version-history":[{"count":1,"href":"https:\/\/keys-for-auto.eu\/sv\/wp-json\/wp\/v2\/pages\/21532\/revisions"}],"predecessor-version":[{"id":21534,"href":"https:\/\/keys-for-auto.eu\/sv\/wp-json\/wp\/v2\/pages\/21532\/revisions\/21534"}],"wp:attachment":[{"href":"https:\/\/keys-for-auto.eu\/sv\/wp-json\/wp\/v2\/media?parent=21532"}],"curies":[{"name":"wp","href":"https:\/\/api.w.org\/{rel}","templated":true}]}}