{"id":16844,"date":"2021-09-15T16:09:01","date_gmt":"2021-09-15T16:09:01","guid":{"rendered":"https:\/\/keys-for-auto.eu\/product\/oslona-klucza-id46-pasuje-do-citroen-ds\/"},"modified":"2021-09-15T16:09:01","modified_gmt":"2021-09-15T16:09:01","slug":"key-shell-id46-suitable-for-citroen-ds","status":"publish","type":"product","link":"https:\/\/keys-for-auto.eu\/pl\/product\/key-shell-id46-suitable-for-citroen-ds\/","title":{"rendered":"Os\u0142ona klucza ID46 &#8211; pasuje do Citroen DS"},"content":{"rendered":"<p>Os\u0142ona klucza ID46 &#8211; pasuje do Citroen DS<\/p>\n","protected":false},"excerpt":{"rendered":"<p>Transponder Philips Crypto 2 \/ Hitag 2 \/ ID46 \/ NXP PCF7945, PCF7953;<\/p>\n<h3><strong>Produkcja kluczy samochodowych<\/strong><\/h3>\n<ul>\n<li><strong>Produkcja nowych kluczy samochodowych, programowanie kluczy (&#8222;wi\u0105zanie&#8221; z samochodem)<\/strong><\/li>\n<li><strong>Usuwanie z pami\u0119ci samochodu wcze\u015bniej zgubionych kluczyk\u00f3w<\/strong><\/li>\n<li><strong>Produkcja klucza zap\u0142onowego wed\u0142ug zamka<\/strong><\/li>\n<li><strong>Naprawa kluczy samochodowych (wymiana przycisk\u00f3w, muszli, mechanizm\u00f3w)<\/strong><\/li>\n<li><strong>Awaryjne odblokowanie samochodu<\/strong><\/li>\n<li><strong>Wymiana kluczy, etui na klucze<\/strong><\/li>\n<li><strong>Wy\u0142\u0105czenie oprogramowania DPF \/ FAP<\/strong><\/li>\n<li><strong>Programowe usuni\u0119cie EGR<\/strong><\/li>\n<li><strong>Wy\u0142\u0105czenie oprogramowania immobilizera (immo Off)<\/strong><\/li>\n<li><strong>Jednostka steruj\u0105ca silnika (ECU) naprawa, klonowanie, programowanie<\/strong><\/li>\n<li><strong>SRS (programowanie jednostki steruj\u0105cej poduszk\u0105 powietrzn\u0105)<\/strong><\/li>\n<\/ul>\n<h4><strong>przedmioty wysy\u0142ane w ci\u0105gu 3 dni roboczych.*<\/strong><\/h4>\n","protected":false},"featured_media":13038,"comment_status":"open","ping_status":"closed","template":"","meta":[],"product_brand":[],"product_cat":[2799,2779],"product_tag":[],"class_list":{"0":"post-16844","1":"product","2":"type-product","3":"status-publish","4":"has-post-thumbnail","6":"product_cat-citroen-pl","7":"product_cat-przyciski-zdalnego-sterowania","9":"first","10":"instock","11":"shipping-taxable","12":"purchasable","13":"product-type-simple"},"yoast_head":"<!-- This site is optimized with the Yoast SEO plugin v27.3 - https:\/\/yoast.com\/product\/yoast-seo-wordpress\/ -->\n<title>Os\u0142ona klucza ID46 - pasuje do Citroen DS - Keys for auto<\/title>\n<meta name=\"robots\" content=\"index, follow, max-snippet:-1, max-image-preview:large, max-video-preview:-1\" \/>\n<link rel=\"canonical\" href=\"https:\/\/keys-for-auto.eu\/pl\/product\/key-shell-id46-suitable-for-citroen-ds\/\" \/>\n<meta property=\"og:locale\" content=\"pl_PL\" \/>\n<meta property=\"og:type\" content=\"article\" \/>\n<meta property=\"og:title\" content=\"Os\u0142ona klucza ID46 - pasuje do Citroen DS - Keys for auto\" \/>\n<meta property=\"og:description\" content=\"Transponder Philips Crypto 2 \/ Hitag 2 \/ ID46 \/ NXP PCF7945, PCF7953; Produkcja kluczy samochodowych  Produkcja nowych kluczy samochodowych, programowanie kluczy (&quot;wi\u0105zanie&quot; z samochodem)  Usuwanie z pami\u0119ci samochodu wcze\u015bniej zgubionych kluczyk\u00f3w  Produkcja klucza zap\u0142onowego wed\u0142ug zamka  Naprawa kluczy samochodowych (wymiana przycisk\u00f3w, muszli, mechanizm\u00f3w)  Awaryjne odblokowanie samochodu  Wymiana kluczy, etui na klucze  Wy\u0142\u0105czenie oprogramowania DPF \/ FAP  Programowe usuni\u0119cie EGR  Wy\u0142\u0105czenie oprogramowania immobilizera (immo Off)  Jednostka steruj\u0105ca silnika (ECU) naprawa, klonowanie, programowanie  SRS (programowanie jednostki steruj\u0105cej poduszk\u0105 powietrzn\u0105) przedmioty wysy\u0142ane w ci\u0105gu 3 dni roboczych.*\" \/>\n<meta property=\"og:url\" content=\"https:\/\/keys-for-auto.eu\/pl\/product\/key-shell-id46-suitable-for-citroen-ds\/\" \/>\n<meta property=\"og:site_name\" content=\"Keys for auto\" \/>\n<meta property=\"article:publisher\" content=\"https:\/\/www.facebook.com\/KeysForAutoEU\" \/>\n<meta property=\"og:image\" content=\"https:\/\/i0.wp.com\/keys-for-auto.eu\/wp-content\/uploads\/2022\/12\/35aeb874a0.jpg.640x640-removebg-preview.png?fit=500%2C500&ssl=1\" \/>\n\t<meta property=\"og:image:width\" content=\"500\" \/>\n\t<meta property=\"og:image:height\" content=\"500\" \/>\n\t<meta property=\"og:image:type\" content=\"image\/png\" \/>\n<meta name=\"twitter:card\" content=\"summary_large_image\" \/>\n<script type=\"application\/ld+json\" class=\"yoast-schema-graph\">{\"@context\":\"https:\\\/\\\/schema.org\",\"@graph\":[{\"@type\":[\"WebPage\",\"ItemPage\"],\"@id\":\"https:\\\/\\\/keys-for-auto.eu\\\/pl\\\/product\\\/key-shell-id46-suitable-for-citroen-ds\\\/\",\"url\":\"https:\\\/\\\/keys-for-auto.eu\\\/pl\\\/product\\\/key-shell-id46-suitable-for-citroen-ds\\\/\",\"name\":\"Os\u0142ona klucza ID46 - pasuje do Citroen DS - Keys for auto\",\"isPartOf\":{\"@id\":\"https:\\\/\\\/keys-for-auto.eu\\\/pl\\\/#website\"},\"primaryImageOfPage\":{\"@id\":\"https:\\\/\\\/keys-for-auto.eu\\\/pl\\\/product\\\/key-shell-id46-suitable-for-citroen-ds\\\/#primaryimage\"},\"image\":{\"@id\":\"https:\\\/\\\/keys-for-auto.eu\\\/pl\\\/product\\\/key-shell-id46-suitable-for-citroen-ds\\\/#primaryimage\"},\"thumbnailUrl\":\"https:\\\/\\\/keys-for-auto.eu\\\/wp-content\\\/uploads\\\/2022\\\/12\\\/35aeb874a0.jpg.640x640-removebg-preview.png\",\"datePublished\":\"2021-09-15T16:09:01+00:00\",\"breadcrumb\":{\"@id\":\"https:\\\/\\\/keys-for-auto.eu\\\/pl\\\/product\\\/key-shell-id46-suitable-for-citroen-ds\\\/#breadcrumb\"},\"inLanguage\":\"pl-PL\",\"potentialAction\":[{\"@type\":\"ReadAction\",\"target\":[\"https:\\\/\\\/keys-for-auto.eu\\\/pl\\\/product\\\/key-shell-id46-suitable-for-citroen-ds\\\/\"]}]},{\"@type\":\"ImageObject\",\"inLanguage\":\"pl-PL\",\"@id\":\"https:\\\/\\\/keys-for-auto.eu\\\/pl\\\/product\\\/key-shell-id46-suitable-for-citroen-ds\\\/#primaryimage\",\"url\":\"https:\\\/\\\/keys-for-auto.eu\\\/wp-content\\\/uploads\\\/2022\\\/12\\\/35aeb874a0.jpg.640x640-removebg-preview.png\",\"contentUrl\":\"https:\\\/\\\/keys-for-auto.eu\\\/wp-content\\\/uploads\\\/2022\\\/12\\\/35aeb874a0.jpg.640x640-removebg-preview.png\",\"width\":500,\"height\":500},{\"@type\":\"BreadcrumbList\",\"@id\":\"https:\\\/\\\/keys-for-auto.eu\\\/pl\\\/product\\\/key-shell-id46-suitable-for-citroen-ds\\\/#breadcrumb\",\"itemListElement\":[{\"@type\":\"ListItem\",\"position\":1,\"name\":\"Strona g\u0142\u00f3wna\",\"item\":\"https:\\\/\\\/keys-for-auto.eu\\\/pl\\\/\"},{\"@type\":\"ListItem\",\"position\":2,\"name\":\"Shop\",\"item\":\"https:\\\/\\\/keys-for-auto.eu\\\/\"},{\"@type\":\"ListItem\",\"position\":3,\"name\":\"Os\u0142ona klucza ID46 &#8211; pasuje do Citroen DS\"}]},{\"@type\":\"WebSite\",\"@id\":\"https:\\\/\\\/keys-for-auto.eu\\\/pl\\\/#website\",\"url\":\"https:\\\/\\\/keys-for-auto.eu\\\/pl\\\/\",\"name\":\"Keys for auto\",\"description\":\"Car keys,  key shells, key programming\",\"publisher\":{\"@id\":\"https:\\\/\\\/keys-for-auto.eu\\\/pl\\\/#organization\"},\"potentialAction\":[{\"@type\":\"SearchAction\",\"target\":{\"@type\":\"EntryPoint\",\"urlTemplate\":\"https:\\\/\\\/keys-for-auto.eu\\\/pl\\\/?s={search_term_string}\"},\"query-input\":{\"@type\":\"PropertyValueSpecification\",\"valueRequired\":true,\"valueName\":\"search_term_string\"}}],\"inLanguage\":\"pl-PL\"},{\"@type\":\"Organization\",\"@id\":\"https:\\\/\\\/keys-for-auto.eu\\\/pl\\\/#organization\",\"name\":\"Klucze do samochodu\",\"url\":\"https:\\\/\\\/keys-for-auto.eu\\\/pl\\\/\",\"logo\":{\"@type\":\"ImageObject\",\"inLanguage\":\"pl-PL\",\"@id\":\"https:\\\/\\\/keys-for-auto.eu\\\/pl\\\/#\\\/schema\\\/logo\\\/image\\\/\",\"url\":\"https:\\\/\\\/keys-for-auto.eu\\\/wp-content\\\/uploads\\\/2022\\\/11\\\/cropped-png1.png\",\"contentUrl\":\"https:\\\/\\\/keys-for-auto.eu\\\/wp-content\\\/uploads\\\/2022\\\/11\\\/cropped-png1.png\",\"width\":1000,\"height\":342,\"caption\":\"Klucze do samochodu\"},\"image\":{\"@id\":\"https:\\\/\\\/keys-for-auto.eu\\\/pl\\\/#\\\/schema\\\/logo\\\/image\\\/\"},\"sameAs\":[\"https:\\\/\\\/www.facebook.com\\\/KeysForAutoEU\"]}]}<\/script>\n<!-- \/ Yoast SEO plugin. -->","yoast_head_json":{"title":"Os\u0142ona klucza ID46 - pasuje do Citroen DS - Keys for auto","robots":{"index":"index","follow":"follow","max-snippet":"max-snippet:-1","max-image-preview":"max-image-preview:large","max-video-preview":"max-video-preview:-1"},"canonical":"https:\/\/keys-for-auto.eu\/pl\/product\/key-shell-id46-suitable-for-citroen-ds\/","og_locale":"pl_PL","og_type":"article","og_title":"Os\u0142ona klucza ID46 - pasuje do Citroen DS - Keys for auto","og_description":"Transponder Philips Crypto 2 \/ Hitag 2 \/ ID46 \/ NXP PCF7945, PCF7953; Produkcja kluczy samochodowych  Produkcja nowych kluczy samochodowych, programowanie kluczy (\"wi\u0105zanie\" z samochodem)  Usuwanie z pami\u0119ci samochodu wcze\u015bniej zgubionych kluczyk\u00f3w  Produkcja klucza zap\u0142onowego wed\u0142ug zamka  Naprawa kluczy samochodowych (wymiana przycisk\u00f3w, muszli, mechanizm\u00f3w)  Awaryjne odblokowanie samochodu  Wymiana kluczy, etui na klucze  Wy\u0142\u0105czenie oprogramowania DPF \/ FAP  Programowe usuni\u0119cie EGR  Wy\u0142\u0105czenie oprogramowania immobilizera (immo Off)  Jednostka steruj\u0105ca silnika (ECU) naprawa, klonowanie, programowanie  SRS (programowanie jednostki steruj\u0105cej poduszk\u0105 powietrzn\u0105) przedmioty wysy\u0142ane w ci\u0105gu 3 dni roboczych.*","og_url":"https:\/\/keys-for-auto.eu\/pl\/product\/key-shell-id46-suitable-for-citroen-ds\/","og_site_name":"Keys for auto","article_publisher":"https:\/\/www.facebook.com\/KeysForAutoEU","og_image":[{"width":500,"height":500,"url":"https:\/\/i0.wp.com\/keys-for-auto.eu\/wp-content\/uploads\/2022\/12\/35aeb874a0.jpg.640x640-removebg-preview.png?fit=500%2C500&ssl=1","type":"image\/png"}],"twitter_card":"summary_large_image","schema":{"@context":"https:\/\/schema.org","@graph":[{"@type":["WebPage","ItemPage"],"@id":"https:\/\/keys-for-auto.eu\/pl\/product\/key-shell-id46-suitable-for-citroen-ds\/","url":"https:\/\/keys-for-auto.eu\/pl\/product\/key-shell-id46-suitable-for-citroen-ds\/","name":"Os\u0142ona klucza ID46 - pasuje do Citroen DS - Keys for auto","isPartOf":{"@id":"https:\/\/keys-for-auto.eu\/pl\/#website"},"primaryImageOfPage":{"@id":"https:\/\/keys-for-auto.eu\/pl\/product\/key-shell-id46-suitable-for-citroen-ds\/#primaryimage"},"image":{"@id":"https:\/\/keys-for-auto.eu\/pl\/product\/key-shell-id46-suitable-for-citroen-ds\/#primaryimage"},"thumbnailUrl":"https:\/\/keys-for-auto.eu\/wp-content\/uploads\/2022\/12\/35aeb874a0.jpg.640x640-removebg-preview.png","datePublished":"2021-09-15T16:09:01+00:00","breadcrumb":{"@id":"https:\/\/keys-for-auto.eu\/pl\/product\/key-shell-id46-suitable-for-citroen-ds\/#breadcrumb"},"inLanguage":"pl-PL","potentialAction":[{"@type":"ReadAction","target":["https:\/\/keys-for-auto.eu\/pl\/product\/key-shell-id46-suitable-for-citroen-ds\/"]}]},{"@type":"ImageObject","inLanguage":"pl-PL","@id":"https:\/\/keys-for-auto.eu\/pl\/product\/key-shell-id46-suitable-for-citroen-ds\/#primaryimage","url":"https:\/\/keys-for-auto.eu\/wp-content\/uploads\/2022\/12\/35aeb874a0.jpg.640x640-removebg-preview.png","contentUrl":"https:\/\/keys-for-auto.eu\/wp-content\/uploads\/2022\/12\/35aeb874a0.jpg.640x640-removebg-preview.png","width":500,"height":500},{"@type":"BreadcrumbList","@id":"https:\/\/keys-for-auto.eu\/pl\/product\/key-shell-id46-suitable-for-citroen-ds\/#breadcrumb","itemListElement":[{"@type":"ListItem","position":1,"name":"Strona g\u0142\u00f3wna","item":"https:\/\/keys-for-auto.eu\/pl\/"},{"@type":"ListItem","position":2,"name":"Shop","item":"https:\/\/keys-for-auto.eu\/"},{"@type":"ListItem","position":3,"name":"Os\u0142ona klucza ID46 &#8211; pasuje do Citroen DS"}]},{"@type":"WebSite","@id":"https:\/\/keys-for-auto.eu\/pl\/#website","url":"https:\/\/keys-for-auto.eu\/pl\/","name":"Keys for auto","description":"Car keys,  key shells, key programming","publisher":{"@id":"https:\/\/keys-for-auto.eu\/pl\/#organization"},"potentialAction":[{"@type":"SearchAction","target":{"@type":"EntryPoint","urlTemplate":"https:\/\/keys-for-auto.eu\/pl\/?s={search_term_string}"},"query-input":{"@type":"PropertyValueSpecification","valueRequired":true,"valueName":"search_term_string"}}],"inLanguage":"pl-PL"},{"@type":"Organization","@id":"https:\/\/keys-for-auto.eu\/pl\/#organization","name":"Klucze do samochodu","url":"https:\/\/keys-for-auto.eu\/pl\/","logo":{"@type":"ImageObject","inLanguage":"pl-PL","@id":"https:\/\/keys-for-auto.eu\/pl\/#\/schema\/logo\/image\/","url":"https:\/\/keys-for-auto.eu\/wp-content\/uploads\/2022\/11\/cropped-png1.png","contentUrl":"https:\/\/keys-for-auto.eu\/wp-content\/uploads\/2022\/11\/cropped-png1.png","width":1000,"height":342,"caption":"Klucze do samochodu"},"image":{"@id":"https:\/\/keys-for-auto.eu\/pl\/#\/schema\/logo\/image\/"},"sameAs":["https:\/\/www.facebook.com\/KeysForAutoEU"]}]}},"_links":{"self":[{"href":"https:\/\/keys-for-auto.eu\/pl\/wp-json\/wp\/v2\/product\/16844","targetHints":{"allow":["GET"]}}],"collection":[{"href":"https:\/\/keys-for-auto.eu\/pl\/wp-json\/wp\/v2\/product"}],"about":[{"href":"https:\/\/keys-for-auto.eu\/pl\/wp-json\/wp\/v2\/types\/product"}],"replies":[{"embeddable":true,"href":"https:\/\/keys-for-auto.eu\/pl\/wp-json\/wp\/v2\/comments?post=16844"}],"wp:featuredmedia":[{"embeddable":true,"href":"https:\/\/keys-for-auto.eu\/pl\/wp-json\/wp\/v2\/media\/13038"}],"wp:attachment":[{"href":"https:\/\/keys-for-auto.eu\/pl\/wp-json\/wp\/v2\/media?parent=16844"}],"wp:term":[{"taxonomy":"product_brand","embeddable":true,"href":"https:\/\/keys-for-auto.eu\/pl\/wp-json\/wp\/v2\/product_brand?post=16844"},{"taxonomy":"product_cat","embeddable":true,"href":"https:\/\/keys-for-auto.eu\/pl\/wp-json\/wp\/v2\/product_cat?post=16844"},{"taxonomy":"product_tag","embeddable":true,"href":"https:\/\/keys-for-auto.eu\/pl\/wp-json\/wp\/v2\/product_tag?post=16844"}],"curies":[{"name":"wp","href":"https:\/\/api.w.org\/{rel}","templated":true}]}}