{"id":16819,"date":"2022-02-23T17:38:25","date_gmt":"2022-02-23T17:38:25","guid":{"rendered":"https:\/\/keys-for-auto.eu\/product\/samochodowy-uchwyt-na-telefon-z-bezprzewodowym-ladowaniem\/"},"modified":"2022-02-23T17:38:25","modified_gmt":"2022-02-23T17:38:25","slug":"uchwyt-samochodowy-na-telefon-z-ladowaniem-bezprzewodowym","status":"publish","type":"product","link":"https:\/\/keys-for-auto.eu\/pl\/product\/uchwyt-samochodowy-na-telefon-z-ladowaniem-bezprzewodowym\/","title":{"rendered":"Samochodowy uchwyt na telefon z bezprzewodowym \u0142adowaniem"},"content":{"rendered":"<p>Samochodowy uchwyt na telefon z bezprzewodowym \u0142adowaniem<\/p>\n","protected":false},"excerpt":{"rendered":"<h3><strong>Produkcja kluczy samochodowych<\/strong><\/h3>\n<ul>\n<li><strong>Produkcja nowych kluczy samochodowych, programowanie kluczy (&#8222;wi\u0105zanie&#8221; z samochodem)<\/strong><\/li>\n<li><strong>Usuwanie z pami\u0119ci samochodu wcze\u015bniej zgubionych kluczyk\u00f3w<\/strong><\/li>\n<li><strong>Produkcja klucza zap\u0142onowego wed\u0142ug zamka<\/strong><\/li>\n<li><strong>Naprawa kluczy samochodowych (wymiana przycisk\u00f3w, muszli, mechanizm\u00f3w)<\/strong><\/li>\n<li><strong>Awaryjne odblokowanie samochodu<\/strong><\/li>\n<li><strong>Wymiana kluczy, etui na klucze<\/strong><\/li>\n<li><strong>Wy\u0142\u0105czenie oprogramowania DPF \/ FAP<\/strong><\/li>\n<li><strong>Programowe usuni\u0119cie EGR<\/strong><\/li>\n<li><strong>Wy\u0142\u0105czenie oprogramowania immobilizera (immo Off)<\/strong><\/li>\n<li><strong>Jednostka steruj\u0105ca silnika (ECU) naprawa, klonowanie, programowanie<\/strong><\/li>\n<li><strong>SRS (programowanie jednostki steruj\u0105cej poduszk\u0105 powietrzn\u0105)<\/strong><\/li>\n<\/ul>\n<h4><strong>  przedmioty wysy\u0142ane w ci\u0105gu 3 dni roboczych.*<\/strong><\/h4>\n<p>Mocny, stabilny, nowoczesny uchwyt samochodowy na telefon z funkcj\u0105 bezprzewodowego \u0142adowania. Wystarczy w\u0142o\u017cy\u0107 telefon do uchwytu, a \u0142adowanie rozpocznie si\u0119 automatycznie. Dzi\u0119ki temu uchwytowi mo\u017cna bardzo wygodnie u\u017cywa\u0107 telefonu jako urz\u0105dzenia nawigacyjnego i nie martwi\u0107 si\u0119 o wyczerpanie baterii.<\/p>\n<p><strong>Specyfikacje:<\/strong><\/p>\n<p>Kolor produktu: Czarny<br \/>\nWaga produktu: oko\u0142o 128g<br \/>\nMateria\u0142: plastik, guma<br \/>\nNapi\u0119cie wej\u015bciowe: DC 5V\/2A; 9V\/1.67A<br \/>\nNapi\u0119cie wyj\u015bciowe: 15W, 10W, 7.5W 5W (automatyczne rozpoznawanie)<br \/>\nOdleg\u0142o\u015b\u0107 \u0142adowania: 0-8mm<br \/>\nWymiary produktu: 12,9mm x 64mm<\/p>\n[video width=\"540\" height=\"720\" mp4=\"https:\/\/raktai-automobiliams.lt\/wp-content\/uploads\/2022\/02\/Automobilinis-telefono-laikiklis-su-bevieliu-krovimu.mp4\"][\/video]\n","protected":false},"featured_media":12518,"comment_status":"open","ping_status":"closed","template":"","meta":[],"product_brand":[],"product_cat":[2867,2928,2783,2866,3137,2902,2873,2799,2874,2872,2802,2898,3017,3023,2965,2887,2960,2990,2797,2954,2956,2959,2955,2777,2801,3256,3034,3428,3033,2995,3057,3088,3116,2961,2868,3071,3044,3050,3105,2782],"product_tag":[],"class_list":{"0":"post-16819","1":"product","2":"type-product","3":"status-publish","4":"has-post-thumbnail","6":"product_cat-alfa-romeo-pl","7":"product_cat-audi-pl","8":"product_cat-bmw-pl","9":"product_cat-buick-pl","10":"product_cat-cadillac-pl","11":"product_cat-chevrolet-pl","12":"product_cat-chrysler-pl","13":"product_cat-citroen-pl","14":"product_cat-fiat-pl","15":"product_cat-ford-pl","16":"product_cat-honda-pl","17":"product_cat-hyundai-pl","18":"product_cat-infiniti-pl","19":"product_cat-iveco-pl","20":"product_cat-jaguar-pl","21":"product_cat-jeep-pl","22":"product_cat-kia-pl","23":"product_cat-land-rover-pl","24":"product_cat-lexus-pl","25":"product_cat-mazda-pl","26":"product_cat-mercedes-benz-pl","27":"product_cat-mitsubishi-pl","28":"product_cat-nissan-pl","29":"product_cat-opel-pl","30":"product_cat-peugeot-pl","31":"product_cat-pontiac-pl","32":"product_cat-porsche-pl","33":"product_cat-produkty-rozne","34":"product_cat-renault-pl","35":"product_cat-rover-pl","36":"product_cat-saab-pl","37":"product_cat-seat-pl","38":"product_cat-skoda-pl","39":"product_cat-smart-pl","40":"product_cat-ssangyong-pl","41":"product_cat-subaru-pl","42":"product_cat-suzuki-pl","43":"product_cat-toyota-pl","44":"product_cat-volkswagen-pl","45":"product_cat-volvo-pl","47":"first","48":"instock","49":"shipping-taxable","50":"purchasable","51":"product-type-simple"},"yoast_head":"<!-- This site is optimized with the Yoast SEO plugin v27.3 - https:\/\/yoast.com\/product\/yoast-seo-wordpress\/ -->\n<title>Samochodowy uchwyt na telefon z bezprzewodowym \u0142adowaniem - Keys for auto<\/title>\n<meta name=\"robots\" content=\"index, follow, max-snippet:-1, max-image-preview:large, max-video-preview:-1\" \/>\n<link rel=\"canonical\" href=\"https:\/\/keys-for-auto.eu\/pl\/product\/uchwyt-samochodowy-na-telefon-z-ladowaniem-bezprzewodowym\/\" \/>\n<meta property=\"og:locale\" content=\"pl_PL\" \/>\n<meta property=\"og:type\" content=\"article\" \/>\n<meta property=\"og:title\" content=\"Samochodowy uchwyt na telefon z bezprzewodowym \u0142adowaniem - Keys for auto\" \/>\n<meta property=\"og:description\" content=\"Produkcja kluczy samochodowych  Produkcja nowych kluczy samochodowych, programowanie kluczy (&quot;wi\u0105zanie&quot; z samochodem)  Usuwanie z pami\u0119ci samochodu wcze\u015bniej zgubionych kluczyk\u00f3w  Produkcja klucza zap\u0142onowego wed\u0142ug zamka  Naprawa kluczy samochodowych (wymiana przycisk\u00f3w, muszli, mechanizm\u00f3w)  Awaryjne odblokowanie samochodu  Wymiana kluczy, etui na klucze  Wy\u0142\u0105czenie oprogramowania DPF \/ FAP  Programowe usuni\u0119cie EGR  Wy\u0142\u0105czenie oprogramowania immobilizera (immo Off)  Jednostka steruj\u0105ca silnika (ECU) naprawa, klonowanie, programowanie  SRS (programowanie jednostki steruj\u0105cej poduszk\u0105 powietrzn\u0105)  przedmioty wysy\u0142ane w ci\u0105gu 3 dni roboczych.* Mocny, stabilny, nowoczesny uchwyt samochodowy na telefon z funkcj\u0105 bezprzewodowego \u0142adowania. Wystarczy w\u0142o\u017cy\u0107 telefon do uchwytu, a \u0142adowanie rozpocznie si\u0119 automatycznie. Dzi\u0119ki temu uchwytowi mo\u017cna bardzo wygodnie u\u017cywa\u0107 telefonu jako urz\u0105dzenia nawigacyjnego i nie martwi\u0107 si\u0119 o wyczerpanie baterii. Specyfikacje: Kolor produktu: Czarny Waga produktu: oko\u0142o 128g Materia\u0142: plastik, guma Napi\u0119cie wej\u015bciowe: DC 5V\/2A; 9V\/1.67A Napi\u0119cie wyj\u015bciowe: 15W, 10W, 7.5W 5W (automatyczne rozpoznawanie) Odleg\u0142o\u015b\u0107 \u0142adowania: 0-8mm Wymiary produktu: 12,9mm x 64mm\" \/>\n<meta property=\"og:url\" content=\"https:\/\/keys-for-auto.eu\/pl\/product\/uchwyt-samochodowy-na-telefon-z-ladowaniem-bezprzewodowym\/\" \/>\n<meta property=\"og:site_name\" content=\"Keys for auto\" \/>\n<meta property=\"article:publisher\" content=\"https:\/\/www.facebook.com\/KeysForAutoEU\" \/>\n<meta property=\"og:image\" content=\"https:\/\/keys-for-auto.eu\/wp-content\/uploads\/2022\/12\/Automobilinis-telefono-laikiklis-su-bevieliu-krovimu-2.jpg\" \/>\n\t<meta property=\"og:image:width\" content=\"1000\" \/>\n\t<meta property=\"og:image:height\" content=\"1000\" \/>\n\t<meta property=\"og:image:type\" content=\"image\/jpeg\" \/>\n<meta name=\"twitter:card\" content=\"summary_large_image\" \/>\n<script type=\"application\/ld+json\" class=\"yoast-schema-graph\">{\"@context\":\"https:\\\/\\\/schema.org\",\"@graph\":[{\"@type\":[\"WebPage\",\"ItemPage\"],\"@id\":\"https:\\\/\\\/keys-for-auto.eu\\\/pl\\\/product\\\/uchwyt-samochodowy-na-telefon-z-ladowaniem-bezprzewodowym\\\/\",\"url\":\"https:\\\/\\\/keys-for-auto.eu\\\/pl\\\/product\\\/uchwyt-samochodowy-na-telefon-z-ladowaniem-bezprzewodowym\\\/\",\"name\":\"Samochodowy uchwyt na telefon z bezprzewodowym \u0142adowaniem - Keys for auto\",\"isPartOf\":{\"@id\":\"https:\\\/\\\/keys-for-auto.eu\\\/pl\\\/#website\"},\"primaryImageOfPage\":{\"@id\":\"https:\\\/\\\/keys-for-auto.eu\\\/pl\\\/product\\\/uchwyt-samochodowy-na-telefon-z-ladowaniem-bezprzewodowym\\\/#primaryimage\"},\"image\":{\"@id\":\"https:\\\/\\\/keys-for-auto.eu\\\/pl\\\/product\\\/uchwyt-samochodowy-na-telefon-z-ladowaniem-bezprzewodowym\\\/#primaryimage\"},\"thumbnailUrl\":\"https:\\\/\\\/keys-for-auto.eu\\\/wp-content\\\/uploads\\\/2022\\\/12\\\/Automobilinis-telefono-laikiklis-su-bevieliu-krovimu-2.jpg\",\"datePublished\":\"2022-02-23T17:38:25+00:00\",\"breadcrumb\":{\"@id\":\"https:\\\/\\\/keys-for-auto.eu\\\/pl\\\/product\\\/uchwyt-samochodowy-na-telefon-z-ladowaniem-bezprzewodowym\\\/#breadcrumb\"},\"inLanguage\":\"pl-PL\",\"potentialAction\":[{\"@type\":\"ReadAction\",\"target\":[\"https:\\\/\\\/keys-for-auto.eu\\\/pl\\\/product\\\/uchwyt-samochodowy-na-telefon-z-ladowaniem-bezprzewodowym\\\/\"]}]},{\"@type\":\"ImageObject\",\"inLanguage\":\"pl-PL\",\"@id\":\"https:\\\/\\\/keys-for-auto.eu\\\/pl\\\/product\\\/uchwyt-samochodowy-na-telefon-z-ladowaniem-bezprzewodowym\\\/#primaryimage\",\"url\":\"https:\\\/\\\/keys-for-auto.eu\\\/wp-content\\\/uploads\\\/2022\\\/12\\\/Automobilinis-telefono-laikiklis-su-bevieliu-krovimu-2.jpg\",\"contentUrl\":\"https:\\\/\\\/keys-for-auto.eu\\\/wp-content\\\/uploads\\\/2022\\\/12\\\/Automobilinis-telefono-laikiklis-su-bevieliu-krovimu-2.jpg\",\"width\":1000,\"height\":1000},{\"@type\":\"BreadcrumbList\",\"@id\":\"https:\\\/\\\/keys-for-auto.eu\\\/pl\\\/product\\\/uchwyt-samochodowy-na-telefon-z-ladowaniem-bezprzewodowym\\\/#breadcrumb\",\"itemListElement\":[{\"@type\":\"ListItem\",\"position\":1,\"name\":\"Strona g\u0142\u00f3wna\",\"item\":\"https:\\\/\\\/keys-for-auto.eu\\\/pl\\\/\"},{\"@type\":\"ListItem\",\"position\":2,\"name\":\"Shop\",\"item\":\"https:\\\/\\\/keys-for-auto.eu\\\/\"},{\"@type\":\"ListItem\",\"position\":3,\"name\":\"Samochodowy uchwyt na telefon z bezprzewodowym \u0142adowaniem\"}]},{\"@type\":\"WebSite\",\"@id\":\"https:\\\/\\\/keys-for-auto.eu\\\/pl\\\/#website\",\"url\":\"https:\\\/\\\/keys-for-auto.eu\\\/pl\\\/\",\"name\":\"Keys for auto\",\"description\":\"Car keys,  key shells, key programming\",\"publisher\":{\"@id\":\"https:\\\/\\\/keys-for-auto.eu\\\/pl\\\/#organization\"},\"potentialAction\":[{\"@type\":\"SearchAction\",\"target\":{\"@type\":\"EntryPoint\",\"urlTemplate\":\"https:\\\/\\\/keys-for-auto.eu\\\/pl\\\/?s={search_term_string}\"},\"query-input\":{\"@type\":\"PropertyValueSpecification\",\"valueRequired\":true,\"valueName\":\"search_term_string\"}}],\"inLanguage\":\"pl-PL\"},{\"@type\":\"Organization\",\"@id\":\"https:\\\/\\\/keys-for-auto.eu\\\/pl\\\/#organization\",\"name\":\"Klucze do samochodu\",\"url\":\"https:\\\/\\\/keys-for-auto.eu\\\/pl\\\/\",\"logo\":{\"@type\":\"ImageObject\",\"inLanguage\":\"pl-PL\",\"@id\":\"https:\\\/\\\/keys-for-auto.eu\\\/pl\\\/#\\\/schema\\\/logo\\\/image\\\/\",\"url\":\"https:\\\/\\\/keys-for-auto.eu\\\/wp-content\\\/uploads\\\/2022\\\/11\\\/cropped-png1.png\",\"contentUrl\":\"https:\\\/\\\/keys-for-auto.eu\\\/wp-content\\\/uploads\\\/2022\\\/11\\\/cropped-png1.png\",\"width\":1000,\"height\":342,\"caption\":\"Klucze do samochodu\"},\"image\":{\"@id\":\"https:\\\/\\\/keys-for-auto.eu\\\/pl\\\/#\\\/schema\\\/logo\\\/image\\\/\"},\"sameAs\":[\"https:\\\/\\\/www.facebook.com\\\/KeysForAutoEU\"]}]}<\/script>\n<!-- \/ Yoast SEO plugin. -->","yoast_head_json":{"title":"Samochodowy uchwyt na telefon z bezprzewodowym \u0142adowaniem - Keys for auto","robots":{"index":"index","follow":"follow","max-snippet":"max-snippet:-1","max-image-preview":"max-image-preview:large","max-video-preview":"max-video-preview:-1"},"canonical":"https:\/\/keys-for-auto.eu\/pl\/product\/uchwyt-samochodowy-na-telefon-z-ladowaniem-bezprzewodowym\/","og_locale":"pl_PL","og_type":"article","og_title":"Samochodowy uchwyt na telefon z bezprzewodowym \u0142adowaniem - Keys for auto","og_description":"Produkcja kluczy samochodowych  Produkcja nowych kluczy samochodowych, programowanie kluczy (\"wi\u0105zanie\" z samochodem)  Usuwanie z pami\u0119ci samochodu wcze\u015bniej zgubionych kluczyk\u00f3w  Produkcja klucza zap\u0142onowego wed\u0142ug zamka  Naprawa kluczy samochodowych (wymiana przycisk\u00f3w, muszli, mechanizm\u00f3w)  Awaryjne odblokowanie samochodu  Wymiana kluczy, etui na klucze  Wy\u0142\u0105czenie oprogramowania DPF \/ FAP  Programowe usuni\u0119cie EGR  Wy\u0142\u0105czenie oprogramowania immobilizera (immo Off)  Jednostka steruj\u0105ca silnika (ECU) naprawa, klonowanie, programowanie  SRS (programowanie jednostki steruj\u0105cej poduszk\u0105 powietrzn\u0105)  przedmioty wysy\u0142ane w ci\u0105gu 3 dni roboczych.* Mocny, stabilny, nowoczesny uchwyt samochodowy na telefon z funkcj\u0105 bezprzewodowego \u0142adowania. Wystarczy w\u0142o\u017cy\u0107 telefon do uchwytu, a \u0142adowanie rozpocznie si\u0119 automatycznie. Dzi\u0119ki temu uchwytowi mo\u017cna bardzo wygodnie u\u017cywa\u0107 telefonu jako urz\u0105dzenia nawigacyjnego i nie martwi\u0107 si\u0119 o wyczerpanie baterii. Specyfikacje: Kolor produktu: Czarny Waga produktu: oko\u0142o 128g Materia\u0142: plastik, guma Napi\u0119cie wej\u015bciowe: DC 5V\/2A; 9V\/1.67A Napi\u0119cie wyj\u015bciowe: 15W, 10W, 7.5W 5W (automatyczne rozpoznawanie) Odleg\u0142o\u015b\u0107 \u0142adowania: 0-8mm Wymiary produktu: 12,9mm x 64mm","og_url":"https:\/\/keys-for-auto.eu\/pl\/product\/uchwyt-samochodowy-na-telefon-z-ladowaniem-bezprzewodowym\/","og_site_name":"Keys for auto","article_publisher":"https:\/\/www.facebook.com\/KeysForAutoEU","og_image":[{"width":1000,"height":1000,"url":"https:\/\/keys-for-auto.eu\/wp-content\/uploads\/2022\/12\/Automobilinis-telefono-laikiklis-su-bevieliu-krovimu-2.jpg","type":"image\/jpeg"}],"twitter_card":"summary_large_image","schema":{"@context":"https:\/\/schema.org","@graph":[{"@type":["WebPage","ItemPage"],"@id":"https:\/\/keys-for-auto.eu\/pl\/product\/uchwyt-samochodowy-na-telefon-z-ladowaniem-bezprzewodowym\/","url":"https:\/\/keys-for-auto.eu\/pl\/product\/uchwyt-samochodowy-na-telefon-z-ladowaniem-bezprzewodowym\/","name":"Samochodowy uchwyt na telefon z bezprzewodowym \u0142adowaniem - Keys for auto","isPartOf":{"@id":"https:\/\/keys-for-auto.eu\/pl\/#website"},"primaryImageOfPage":{"@id":"https:\/\/keys-for-auto.eu\/pl\/product\/uchwyt-samochodowy-na-telefon-z-ladowaniem-bezprzewodowym\/#primaryimage"},"image":{"@id":"https:\/\/keys-for-auto.eu\/pl\/product\/uchwyt-samochodowy-na-telefon-z-ladowaniem-bezprzewodowym\/#primaryimage"},"thumbnailUrl":"https:\/\/keys-for-auto.eu\/wp-content\/uploads\/2022\/12\/Automobilinis-telefono-laikiklis-su-bevieliu-krovimu-2.jpg","datePublished":"2022-02-23T17:38:25+00:00","breadcrumb":{"@id":"https:\/\/keys-for-auto.eu\/pl\/product\/uchwyt-samochodowy-na-telefon-z-ladowaniem-bezprzewodowym\/#breadcrumb"},"inLanguage":"pl-PL","potentialAction":[{"@type":"ReadAction","target":["https:\/\/keys-for-auto.eu\/pl\/product\/uchwyt-samochodowy-na-telefon-z-ladowaniem-bezprzewodowym\/"]}]},{"@type":"ImageObject","inLanguage":"pl-PL","@id":"https:\/\/keys-for-auto.eu\/pl\/product\/uchwyt-samochodowy-na-telefon-z-ladowaniem-bezprzewodowym\/#primaryimage","url":"https:\/\/keys-for-auto.eu\/wp-content\/uploads\/2022\/12\/Automobilinis-telefono-laikiklis-su-bevieliu-krovimu-2.jpg","contentUrl":"https:\/\/keys-for-auto.eu\/wp-content\/uploads\/2022\/12\/Automobilinis-telefono-laikiklis-su-bevieliu-krovimu-2.jpg","width":1000,"height":1000},{"@type":"BreadcrumbList","@id":"https:\/\/keys-for-auto.eu\/pl\/product\/uchwyt-samochodowy-na-telefon-z-ladowaniem-bezprzewodowym\/#breadcrumb","itemListElement":[{"@type":"ListItem","position":1,"name":"Strona g\u0142\u00f3wna","item":"https:\/\/keys-for-auto.eu\/pl\/"},{"@type":"ListItem","position":2,"name":"Shop","item":"https:\/\/keys-for-auto.eu\/"},{"@type":"ListItem","position":3,"name":"Samochodowy uchwyt na telefon z bezprzewodowym \u0142adowaniem"}]},{"@type":"WebSite","@id":"https:\/\/keys-for-auto.eu\/pl\/#website","url":"https:\/\/keys-for-auto.eu\/pl\/","name":"Keys for auto","description":"Car keys,  key shells, key programming","publisher":{"@id":"https:\/\/keys-for-auto.eu\/pl\/#organization"},"potentialAction":[{"@type":"SearchAction","target":{"@type":"EntryPoint","urlTemplate":"https:\/\/keys-for-auto.eu\/pl\/?s={search_term_string}"},"query-input":{"@type":"PropertyValueSpecification","valueRequired":true,"valueName":"search_term_string"}}],"inLanguage":"pl-PL"},{"@type":"Organization","@id":"https:\/\/keys-for-auto.eu\/pl\/#organization","name":"Klucze do samochodu","url":"https:\/\/keys-for-auto.eu\/pl\/","logo":{"@type":"ImageObject","inLanguage":"pl-PL","@id":"https:\/\/keys-for-auto.eu\/pl\/#\/schema\/logo\/image\/","url":"https:\/\/keys-for-auto.eu\/wp-content\/uploads\/2022\/11\/cropped-png1.png","contentUrl":"https:\/\/keys-for-auto.eu\/wp-content\/uploads\/2022\/11\/cropped-png1.png","width":1000,"height":342,"caption":"Klucze do samochodu"},"image":{"@id":"https:\/\/keys-for-auto.eu\/pl\/#\/schema\/logo\/image\/"},"sameAs":["https:\/\/www.facebook.com\/KeysForAutoEU"]}]}},"_links":{"self":[{"href":"https:\/\/keys-for-auto.eu\/pl\/wp-json\/wp\/v2\/product\/16819","targetHints":{"allow":["GET"]}}],"collection":[{"href":"https:\/\/keys-for-auto.eu\/pl\/wp-json\/wp\/v2\/product"}],"about":[{"href":"https:\/\/keys-for-auto.eu\/pl\/wp-json\/wp\/v2\/types\/product"}],"replies":[{"embeddable":true,"href":"https:\/\/keys-for-auto.eu\/pl\/wp-json\/wp\/v2\/comments?post=16819"}],"wp:featuredmedia":[{"embeddable":true,"href":"https:\/\/keys-for-auto.eu\/pl\/wp-json\/wp\/v2\/media\/12518"}],"wp:attachment":[{"href":"https:\/\/keys-for-auto.eu\/pl\/wp-json\/wp\/v2\/media?parent=16819"}],"wp:term":[{"taxonomy":"product_brand","embeddable":true,"href":"https:\/\/keys-for-auto.eu\/pl\/wp-json\/wp\/v2\/product_brand?post=16819"},{"taxonomy":"product_cat","embeddable":true,"href":"https:\/\/keys-for-auto.eu\/pl\/wp-json\/wp\/v2\/product_cat?post=16819"},{"taxonomy":"product_tag","embeddable":true,"href":"https:\/\/keys-for-auto.eu\/pl\/wp-json\/wp\/v2\/product_tag?post=16819"}],"curies":[{"name":"wp","href":"https:\/\/api.w.org\/{rel}","templated":true}]}}