{"id":16796,"date":"2018-12-01T11:45:28","date_gmt":"2018-12-01T11:45:28","guid":{"rendered":"https:\/\/keys-for-auto.eu\/product\/keyless-smart-key-pasujacy-do-samochodow-subaru\/"},"modified":"2018-12-01T11:45:28","modified_gmt":"2018-12-01T11:45:28","slug":"keyless-smart-key-suitable-for-subaru-cars","status":"publish","type":"product","link":"https:\/\/keys-for-auto.eu\/pl\/product\/keyless-smart-key-suitable-for-subaru-cars\/","title":{"rendered":"Keyless Smart Key &#8211; pasuj\u0105cy do samochod\u00f3w Subaru"},"content":{"rendered":"<div id=\"tw-target-text-container\" class=\"gsrt tw-ta-container tw-nfl\">\n<p>Odpowiednie dla:<\/p>\n<p>Subaru Impreza z inteligentnym wej\u015bciem bez klucza<br \/>\nRok produkcji: 2015 2016 2017<\/p>\n<p>20162014 Subaru Impreza Impreza z systemem Keyless Smart Entry<br \/>\nRok produkcji: 2015 2016 2017<\/p>\n<p>Rok produkcji: 2015 2016 2017 2018<\/p>\n<p>2018 2018 2017 Subaru Legacy z funkcj\u0105 Keyless Smart Entry<br \/>\nRok produkcji: 2015 2016 2017 r.<\/p>\n<p>Rok produkcji: 2015 2016 2017 r.<\/p>\n<p>2018 2018 2017 Subaru WRK STI z systemem Keyless Smart Entry<br \/>\nRok produkcji: 2015 2016 2017 r.<\/p>\n<p>2017 2017 Subaru Outback z systemem Keyless Smart Entry<br \/>\nRok produkcji: 2015 2016 2017<\/p>\n<p>Subaru XV z systemem Smartkey<br \/>\nRok produkcji: 2015<\/p>\n<p>2017 Subaru Forester z systemem Keyless Smart Entry<br \/>\nRok produkcji: 2015 2016 2017 2018<\/p>\n<h2>SPECYFIKACJE<\/h2>\n<\/div>\n<table border=\"0\" width=\"100%\" cellspacing=\"0\" cellpadding=\"0\">\n<tbody>\n<tr>\n<th><span style=\"font-weight: 400;\">Stan<\/span><\/th>\n<td>UNLOCKED<\/td>\n<\/tr>\n<tr>\n<th><span style=\"font-weight: 400;\">FCC ID<\/span><\/th>\n<td>HYQ14AHC<\/td>\n<\/tr>\n<tr>\n<th><span style=\"font-weight: 400;\">Part#<\/span><\/th>\n<td>&nbsp;<\/p>\n<p>1551A-14AHC IC: 1551A14AHC Model#: 14AHC 1A-14AHC DENSO MODEL 14AHC COFETEL<\/td>\n<\/tr>\n<tr>\n<th><span style=\"font-weight: 400;\">Cz\u0119\u015b\u0107 handlowa #<\/span><\/th>\n<td>281451-5801<\/td>\n<\/tr>\n<tr>\n<th><span style=\"font-weight: 400;\">Przyciski<\/span><\/th>\n<td>4: Blokada, odblokowanie, baga\u017cnik, panika<\/td>\n<\/tr>\n<tr>\n<th><span style=\"font-weight: 400;\">Cz\u0119stotliwo\u015b\u0107<\/span><\/th>\n<td>315 MHz Czerwona dioda LED<\/td>\n<\/tr>\n<tr>\n<th><span style=\"font-weight: 400;\">Typ baterii<\/span><\/th>\n<\/tr>\n<\/tbody>\n<\/table>\n","protected":false},"excerpt":{"rendered":"<p><em><strong>Keyless Smart Key &#8211; pasuj\u0105cy do samochod\u00f3w Subaru<\/strong><\/em><\/p>\n<h3><strong>Produkcja kluczy samochodowych<\/strong><\/h3>\n<ul>\n<li><strong>Produkcja nowych kluczy samochodowych, programowanie kluczy (&#8222;wi\u0105zanie&#8221; z samochodem)<\/strong><\/li>\n<li><strong>Usuwanie z pami\u0119ci samochodu wcze\u015bniej zgubionych kluczyk\u00f3w<\/strong><\/li>\n<li><strong>Produkcja klucza zap\u0142onowego wed\u0142ug zamka<\/strong><\/li>\n<li><strong>Naprawa kluczy samochodowych (wymiana przycisk\u00f3w, muszli, mechanizm\u00f3w)<\/strong><\/li>\n<li><strong>Awaryjne odblokowanie samochodu<\/strong><\/li>\n<li><strong>Wymiana kluczy, etui na klucze<\/strong><\/li>\n<li><strong>Wy\u0142\u0105czenie oprogramowania DPF \/ FAP<\/strong><\/li>\n<li><strong>Programowe usuni\u0119cie EGR<\/strong><\/li>\n<li><strong>Wy\u0142\u0105czenie oprogramowania immobilizera (immo Off)<\/strong><\/li>\n<li><strong>Jednostka steruj\u0105ca silnika (ECU) naprawa, klonowanie, programowanie<\/strong><\/li>\n<li><strong>SRS (programowanie jednostki steruj\u0105cej poduszk\u0105 powietrzn\u0105)<\/strong><\/li>\n<\/ul>\n<h4><strong>  przedmioty wysy\u0142ane w ci\u0105gu 3 dni roboczych.*<\/strong><\/h4>\n","protected":false},"featured_media":14588,"comment_status":"open","ping_status":"closed","template":"","meta":[],"product_brand":[],"product_cat":[2779,3071],"product_tag":[3414,3417,3270,3419,3275,3420,3422,3423,3424],"class_list":{"0":"post-16796","1":"product","2":"type-product","3":"status-publish","4":"has-post-thumbnail","6":"product_cat-przyciski-zdalnego-sterowania","7":"product_cat-subaru-pl","8":"product_tag-subaru-brz-klucz","9":"product_tag-subaru-crosstrek-klucz","10":"product_tag-subaru-forester-klucz","11":"product_tag-subaru-impreza-klucz","12":"product_tag-subaru-legacy-klucz","13":"product_tag-subaru-outback-klucz","14":"product_tag-subaru-wrk-sti-klucz","15":"product_tag-subaru-wrx-klucz","16":"product_tag-subaru-xv-klucz","18":"first","19":"instock","20":"shipping-taxable","21":"purchasable","22":"product-type-simple"},"yoast_head":"<!-- This site is optimized with the Yoast SEO plugin v27.3 - https:\/\/yoast.com\/product\/yoast-seo-wordpress\/ -->\n<title>Keyless Smart Key - pasuj\u0105cy do samochod\u00f3w Subaru - Keys for auto<\/title>\n<meta name=\"robots\" content=\"index, follow, max-snippet:-1, max-image-preview:large, max-video-preview:-1\" \/>\n<link rel=\"canonical\" href=\"https:\/\/keys-for-auto.eu\/pl\/product\/keyless-smart-key-suitable-for-subaru-cars\/\" \/>\n<meta property=\"og:locale\" content=\"pl_PL\" \/>\n<meta property=\"og:type\" content=\"article\" \/>\n<meta property=\"og:title\" content=\"Keyless Smart Key - pasuj\u0105cy do samochod\u00f3w Subaru - Keys for auto\" \/>\n<meta property=\"og:description\" content=\"Keyless Smart Key - pasuj\u0105cy do samochod\u00f3w Subaru Produkcja kluczy samochodowych  Produkcja nowych kluczy samochodowych, programowanie kluczy (&quot;wi\u0105zanie&quot; z samochodem)  Usuwanie z pami\u0119ci samochodu wcze\u015bniej zgubionych kluczyk\u00f3w  Produkcja klucza zap\u0142onowego wed\u0142ug zamka  Naprawa kluczy samochodowych (wymiana przycisk\u00f3w, muszli, mechanizm\u00f3w)  Awaryjne odblokowanie samochodu  Wymiana kluczy, etui na klucze  Wy\u0142\u0105czenie oprogramowania DPF \/ FAP  Programowe usuni\u0119cie EGR  Wy\u0142\u0105czenie oprogramowania immobilizera (immo Off)  Jednostka steruj\u0105ca silnika (ECU) naprawa, klonowanie, programowanie  SRS (programowanie jednostki steruj\u0105cej poduszk\u0105 powietrzn\u0105)  przedmioty wysy\u0142ane w ci\u0105gu 3 dni roboczych.*\" \/>\n<meta property=\"og:url\" content=\"https:\/\/keys-for-auto.eu\/pl\/product\/keyless-smart-key-suitable-for-subaru-cars\/\" \/>\n<meta property=\"og:site_name\" content=\"Keys for auto\" \/>\n<meta property=\"article:publisher\" content=\"https:\/\/www.facebook.com\/KeysForAutoEU\" \/>\n<meta property=\"og:image\" content=\"https:\/\/keys-for-auto.eu\/wp-content\/uploads\/2022\/12\/subaru_keyless_remote_subaru_smart_key_fob_fcc_id_hyq14ahc_proximity_control_unlocked_203cuo_p9467-removebg-preview.png\" \/>\n\t<meta property=\"og:image:width\" content=\"376\" \/>\n\t<meta property=\"og:image:height\" content=\"664\" \/>\n\t<meta property=\"og:image:type\" content=\"image\/png\" \/>\n<meta name=\"twitter:card\" content=\"summary_large_image\" \/>\n<meta name=\"twitter:label1\" content=\"Szacowany czas czytania\" \/>\n\t<meta name=\"twitter:data1\" content=\"1 minuta\" \/>\n<script type=\"application\/ld+json\" class=\"yoast-schema-graph\">{\"@context\":\"https:\\\/\\\/schema.org\",\"@graph\":[{\"@type\":[\"WebPage\",\"ItemPage\"],\"@id\":\"https:\\\/\\\/keys-for-auto.eu\\\/pl\\\/product\\\/keyless-smart-key-suitable-for-subaru-cars\\\/\",\"url\":\"https:\\\/\\\/keys-for-auto.eu\\\/pl\\\/product\\\/keyless-smart-key-suitable-for-subaru-cars\\\/\",\"name\":\"Keyless Smart Key - pasuj\u0105cy do samochod\u00f3w Subaru - Keys for auto\",\"isPartOf\":{\"@id\":\"https:\\\/\\\/keys-for-auto.eu\\\/pl\\\/#website\"},\"primaryImageOfPage\":{\"@id\":\"https:\\\/\\\/keys-for-auto.eu\\\/pl\\\/product\\\/keyless-smart-key-suitable-for-subaru-cars\\\/#primaryimage\"},\"image\":{\"@id\":\"https:\\\/\\\/keys-for-auto.eu\\\/pl\\\/product\\\/keyless-smart-key-suitable-for-subaru-cars\\\/#primaryimage\"},\"thumbnailUrl\":\"https:\\\/\\\/keys-for-auto.eu\\\/wp-content\\\/uploads\\\/2022\\\/12\\\/subaru_keyless_remote_subaru_smart_key_fob_fcc_id_hyq14ahc_proximity_control_unlocked_203cuo_p9467-removebg-preview.png\",\"datePublished\":\"2018-12-01T11:45:28+00:00\",\"breadcrumb\":{\"@id\":\"https:\\\/\\\/keys-for-auto.eu\\\/pl\\\/product\\\/keyless-smart-key-suitable-for-subaru-cars\\\/#breadcrumb\"},\"inLanguage\":\"pl-PL\",\"potentialAction\":[{\"@type\":\"ReadAction\",\"target\":[\"https:\\\/\\\/keys-for-auto.eu\\\/pl\\\/product\\\/keyless-smart-key-suitable-for-subaru-cars\\\/\"]}]},{\"@type\":\"ImageObject\",\"inLanguage\":\"pl-PL\",\"@id\":\"https:\\\/\\\/keys-for-auto.eu\\\/pl\\\/product\\\/keyless-smart-key-suitable-for-subaru-cars\\\/#primaryimage\",\"url\":\"https:\\\/\\\/keys-for-auto.eu\\\/wp-content\\\/uploads\\\/2022\\\/12\\\/subaru_keyless_remote_subaru_smart_key_fob_fcc_id_hyq14ahc_proximity_control_unlocked_203cuo_p9467-removebg-preview.png\",\"contentUrl\":\"https:\\\/\\\/keys-for-auto.eu\\\/wp-content\\\/uploads\\\/2022\\\/12\\\/subaru_keyless_remote_subaru_smart_key_fob_fcc_id_hyq14ahc_proximity_control_unlocked_203cuo_p9467-removebg-preview.png\",\"width\":376,\"height\":664},{\"@type\":\"BreadcrumbList\",\"@id\":\"https:\\\/\\\/keys-for-auto.eu\\\/pl\\\/product\\\/keyless-smart-key-suitable-for-subaru-cars\\\/#breadcrumb\",\"itemListElement\":[{\"@type\":\"ListItem\",\"position\":1,\"name\":\"Strona g\u0142\u00f3wna\",\"item\":\"https:\\\/\\\/keys-for-auto.eu\\\/pl\\\/\"},{\"@type\":\"ListItem\",\"position\":2,\"name\":\"Shop\",\"item\":\"https:\\\/\\\/keys-for-auto.eu\\\/\"},{\"@type\":\"ListItem\",\"position\":3,\"name\":\"Keyless Smart Key &#8211; pasuj\u0105cy do samochod\u00f3w Subaru\"}]},{\"@type\":\"WebSite\",\"@id\":\"https:\\\/\\\/keys-for-auto.eu\\\/pl\\\/#website\",\"url\":\"https:\\\/\\\/keys-for-auto.eu\\\/pl\\\/\",\"name\":\"Keys for auto\",\"description\":\"Car keys,  key shells, key programming\",\"publisher\":{\"@id\":\"https:\\\/\\\/keys-for-auto.eu\\\/pl\\\/#organization\"},\"potentialAction\":[{\"@type\":\"SearchAction\",\"target\":{\"@type\":\"EntryPoint\",\"urlTemplate\":\"https:\\\/\\\/keys-for-auto.eu\\\/pl\\\/?s={search_term_string}\"},\"query-input\":{\"@type\":\"PropertyValueSpecification\",\"valueRequired\":true,\"valueName\":\"search_term_string\"}}],\"inLanguage\":\"pl-PL\"},{\"@type\":\"Organization\",\"@id\":\"https:\\\/\\\/keys-for-auto.eu\\\/pl\\\/#organization\",\"name\":\"Klucze do samochodu\",\"url\":\"https:\\\/\\\/keys-for-auto.eu\\\/pl\\\/\",\"logo\":{\"@type\":\"ImageObject\",\"inLanguage\":\"pl-PL\",\"@id\":\"https:\\\/\\\/keys-for-auto.eu\\\/pl\\\/#\\\/schema\\\/logo\\\/image\\\/\",\"url\":\"https:\\\/\\\/keys-for-auto.eu\\\/wp-content\\\/uploads\\\/2022\\\/11\\\/cropped-png1.png\",\"contentUrl\":\"https:\\\/\\\/keys-for-auto.eu\\\/wp-content\\\/uploads\\\/2022\\\/11\\\/cropped-png1.png\",\"width\":1000,\"height\":342,\"caption\":\"Klucze do samochodu\"},\"image\":{\"@id\":\"https:\\\/\\\/keys-for-auto.eu\\\/pl\\\/#\\\/schema\\\/logo\\\/image\\\/\"},\"sameAs\":[\"https:\\\/\\\/www.facebook.com\\\/KeysForAutoEU\"]}]}<\/script>\n<!-- \/ Yoast SEO plugin. -->","yoast_head_json":{"title":"Keyless Smart Key - pasuj\u0105cy do samochod\u00f3w Subaru - Keys for auto","robots":{"index":"index","follow":"follow","max-snippet":"max-snippet:-1","max-image-preview":"max-image-preview:large","max-video-preview":"max-video-preview:-1"},"canonical":"https:\/\/keys-for-auto.eu\/pl\/product\/keyless-smart-key-suitable-for-subaru-cars\/","og_locale":"pl_PL","og_type":"article","og_title":"Keyless Smart Key - pasuj\u0105cy do samochod\u00f3w Subaru - Keys for auto","og_description":"Keyless Smart Key - pasuj\u0105cy do samochod\u00f3w Subaru Produkcja kluczy samochodowych  Produkcja nowych kluczy samochodowych, programowanie kluczy (\"wi\u0105zanie\" z samochodem)  Usuwanie z pami\u0119ci samochodu wcze\u015bniej zgubionych kluczyk\u00f3w  Produkcja klucza zap\u0142onowego wed\u0142ug zamka  Naprawa kluczy samochodowych (wymiana przycisk\u00f3w, muszli, mechanizm\u00f3w)  Awaryjne odblokowanie samochodu  Wymiana kluczy, etui na klucze  Wy\u0142\u0105czenie oprogramowania DPF \/ FAP  Programowe usuni\u0119cie EGR  Wy\u0142\u0105czenie oprogramowania immobilizera (immo Off)  Jednostka steruj\u0105ca silnika (ECU) naprawa, klonowanie, programowanie  SRS (programowanie jednostki steruj\u0105cej poduszk\u0105 powietrzn\u0105)  przedmioty wysy\u0142ane w ci\u0105gu 3 dni roboczych.*","og_url":"https:\/\/keys-for-auto.eu\/pl\/product\/keyless-smart-key-suitable-for-subaru-cars\/","og_site_name":"Keys for auto","article_publisher":"https:\/\/www.facebook.com\/KeysForAutoEU","og_image":[{"width":376,"height":664,"url":"https:\/\/keys-for-auto.eu\/wp-content\/uploads\/2022\/12\/subaru_keyless_remote_subaru_smart_key_fob_fcc_id_hyq14ahc_proximity_control_unlocked_203cuo_p9467-removebg-preview.png","type":"image\/png"}],"twitter_card":"summary_large_image","twitter_misc":{"Szacowany czas czytania":"1 minuta"},"schema":{"@context":"https:\/\/schema.org","@graph":[{"@type":["WebPage","ItemPage"],"@id":"https:\/\/keys-for-auto.eu\/pl\/product\/keyless-smart-key-suitable-for-subaru-cars\/","url":"https:\/\/keys-for-auto.eu\/pl\/product\/keyless-smart-key-suitable-for-subaru-cars\/","name":"Keyless Smart Key - pasuj\u0105cy do samochod\u00f3w Subaru - Keys for auto","isPartOf":{"@id":"https:\/\/keys-for-auto.eu\/pl\/#website"},"primaryImageOfPage":{"@id":"https:\/\/keys-for-auto.eu\/pl\/product\/keyless-smart-key-suitable-for-subaru-cars\/#primaryimage"},"image":{"@id":"https:\/\/keys-for-auto.eu\/pl\/product\/keyless-smart-key-suitable-for-subaru-cars\/#primaryimage"},"thumbnailUrl":"https:\/\/keys-for-auto.eu\/wp-content\/uploads\/2022\/12\/subaru_keyless_remote_subaru_smart_key_fob_fcc_id_hyq14ahc_proximity_control_unlocked_203cuo_p9467-removebg-preview.png","datePublished":"2018-12-01T11:45:28+00:00","breadcrumb":{"@id":"https:\/\/keys-for-auto.eu\/pl\/product\/keyless-smart-key-suitable-for-subaru-cars\/#breadcrumb"},"inLanguage":"pl-PL","potentialAction":[{"@type":"ReadAction","target":["https:\/\/keys-for-auto.eu\/pl\/product\/keyless-smart-key-suitable-for-subaru-cars\/"]}]},{"@type":"ImageObject","inLanguage":"pl-PL","@id":"https:\/\/keys-for-auto.eu\/pl\/product\/keyless-smart-key-suitable-for-subaru-cars\/#primaryimage","url":"https:\/\/keys-for-auto.eu\/wp-content\/uploads\/2022\/12\/subaru_keyless_remote_subaru_smart_key_fob_fcc_id_hyq14ahc_proximity_control_unlocked_203cuo_p9467-removebg-preview.png","contentUrl":"https:\/\/keys-for-auto.eu\/wp-content\/uploads\/2022\/12\/subaru_keyless_remote_subaru_smart_key_fob_fcc_id_hyq14ahc_proximity_control_unlocked_203cuo_p9467-removebg-preview.png","width":376,"height":664},{"@type":"BreadcrumbList","@id":"https:\/\/keys-for-auto.eu\/pl\/product\/keyless-smart-key-suitable-for-subaru-cars\/#breadcrumb","itemListElement":[{"@type":"ListItem","position":1,"name":"Strona g\u0142\u00f3wna","item":"https:\/\/keys-for-auto.eu\/pl\/"},{"@type":"ListItem","position":2,"name":"Shop","item":"https:\/\/keys-for-auto.eu\/"},{"@type":"ListItem","position":3,"name":"Keyless Smart Key &#8211; pasuj\u0105cy do samochod\u00f3w Subaru"}]},{"@type":"WebSite","@id":"https:\/\/keys-for-auto.eu\/pl\/#website","url":"https:\/\/keys-for-auto.eu\/pl\/","name":"Keys for auto","description":"Car keys,  key shells, key programming","publisher":{"@id":"https:\/\/keys-for-auto.eu\/pl\/#organization"},"potentialAction":[{"@type":"SearchAction","target":{"@type":"EntryPoint","urlTemplate":"https:\/\/keys-for-auto.eu\/pl\/?s={search_term_string}"},"query-input":{"@type":"PropertyValueSpecification","valueRequired":true,"valueName":"search_term_string"}}],"inLanguage":"pl-PL"},{"@type":"Organization","@id":"https:\/\/keys-for-auto.eu\/pl\/#organization","name":"Klucze do samochodu","url":"https:\/\/keys-for-auto.eu\/pl\/","logo":{"@type":"ImageObject","inLanguage":"pl-PL","@id":"https:\/\/keys-for-auto.eu\/pl\/#\/schema\/logo\/image\/","url":"https:\/\/keys-for-auto.eu\/wp-content\/uploads\/2022\/11\/cropped-png1.png","contentUrl":"https:\/\/keys-for-auto.eu\/wp-content\/uploads\/2022\/11\/cropped-png1.png","width":1000,"height":342,"caption":"Klucze do samochodu"},"image":{"@id":"https:\/\/keys-for-auto.eu\/pl\/#\/schema\/logo\/image\/"},"sameAs":["https:\/\/www.facebook.com\/KeysForAutoEU"]}]}},"_links":{"self":[{"href":"https:\/\/keys-for-auto.eu\/pl\/wp-json\/wp\/v2\/product\/16796","targetHints":{"allow":["GET"]}}],"collection":[{"href":"https:\/\/keys-for-auto.eu\/pl\/wp-json\/wp\/v2\/product"}],"about":[{"href":"https:\/\/keys-for-auto.eu\/pl\/wp-json\/wp\/v2\/types\/product"}],"replies":[{"embeddable":true,"href":"https:\/\/keys-for-auto.eu\/pl\/wp-json\/wp\/v2\/comments?post=16796"}],"wp:featuredmedia":[{"embeddable":true,"href":"https:\/\/keys-for-auto.eu\/pl\/wp-json\/wp\/v2\/media\/14588"}],"wp:attachment":[{"href":"https:\/\/keys-for-auto.eu\/pl\/wp-json\/wp\/v2\/media?parent=16796"}],"wp:term":[{"taxonomy":"product_brand","embeddable":true,"href":"https:\/\/keys-for-auto.eu\/pl\/wp-json\/wp\/v2\/product_brand?post=16796"},{"taxonomy":"product_cat","embeddable":true,"href":"https:\/\/keys-for-auto.eu\/pl\/wp-json\/wp\/v2\/product_cat?post=16796"},{"taxonomy":"product_tag","embeddable":true,"href":"https:\/\/keys-for-auto.eu\/pl\/wp-json\/wp\/v2\/product_tag?post=16796"}],"curies":[{"name":"wp","href":"https:\/\/api.w.org\/{rel}","templated":true}]}}