{"id":16780,"date":"2017-12-03T21:17:13","date_gmt":"2017-12-03T21:17:13","guid":{"rendered":"https:\/\/keys-for-auto.eu\/product\/kluczowa-produkcja-dla-samochodow-mitsubishi\/"},"modified":"2017-12-03T21:17:13","modified_gmt":"2017-12-03T21:17:13","slug":"klucz-produkcji-samochodow-mitsubishi","status":"publish","type":"product","link":"https:\/\/keys-for-auto.eu\/pl\/product\/klucz-produkcji-samochodow-mitsubishi\/","title":{"rendered":"Kluczowa produkcja dla samochod\u00f3w Mitsubishi"},"content":{"rendered":"<h2>Cechy produkcyjne kluczy Mitsubishi<\/h2>\n<p>Produkcja kluczy Mitsubishi. Dzi\u015b w\u0142a\u015bciciele samochod\u00f3w mog\u0105 korzysta\u0107 z wysokiej jako\u015bci us\u0142ug naprawy, kopiowania, produkcji i wymiany kluczy Mitsubishi. Od 1995 roku wszystkie klucze samochodowe tej marki s\u0105 wyposa\u017cone w chip. Mo\u017cliwe jest wykonanie kopii klucza z chipem na podstawie orygina\u0142u lub zamka. Ostrze, przycisk i obudowa cz\u0119sto ulegaj\u0105 zu\u017cyciu w trakcie eksploatacji klucza. Obecnie istnieje mo\u017cliwo\u015b\u0107 zam\u00f3wienia kluczy samochodowych poprzez wymian\u0119 obudowy na now\u0105 i przeniesienie elektroniki w przyst\u0119pnej cenie.<\/p>\n<h2>Przeprogramowanie chipa klucza Mitsubishi i produkcja grotu klucza<\/h2>\n<p>Klucz mo\u017ce by\u0107 odbudowany w przypadku z\u0142amania, znacznego zu\u017cycia, utraty oryginalnego klucza lub kradzie\u017cy. Je\u015bli w\u0142a\u015bciciel samochodu skar\u017cy si\u0119 na zacinaj\u0105ce si\u0119 przyciski, specjalista wymienia obudow\u0119 i przenosi elektronik\u0119. W razie potrzeby stosuje si\u0119 kopi\u0119 markowego klucza lub klucz ze sk\u0142adanym ostrzem. Pod wzgl\u0119dem koszt\u00f3w wymiana obudowy klucza na przyciski zajmuje drugie miejsce po ta\u0144szym zabiegu dorobienia klucza bez chipa. Do produkcji ostrza u\u017cywane s\u0105 specjalne maszyny, kt\u00f3re wykonuj\u0105 wszystkie procedury automatycznie, okre\u015blaj\u0105c niezb\u0119dne parametry pracy. Wyj\u0105tkowa jako\u015b\u0107 produktu i precyzja wyniku s\u0105 gwarantowane, poniewa\u017c w produkcji mechanicznej cz\u0119\u015bci klucza wyeliminowany jest czynnik ludzki.<\/p>\n<h2>Produkcja kluczy Mitsubishi<\/h2>\n<p>Cena duplikatu kluczyka z chipem okre\u015blana jest w zale\u017cno\u015bci od roku produkcji pojazdu Mitsubishi. Za odtworzenie kluczy naliczana jest cena indywidualna, je\u015bli w\u0142a\u015bciciel nie posiada \u017cadnych kluczy. Przy u\u017cyciu specjalnych narz\u0119dzi i urz\u0105dze\u0144 przeprowadza si\u0119 odblokowanie samochodu i odczyt danych ze sprz\u0119tu immobilizera. Po zmianie kodu, kod zostaje zapisany w wygodny spos\u00f3b, a system bezpiecze\u0144stwa samochodu zostaje zsynchronizowany z duplikatem klucza. Ostatnim etapem przeprogramowania jest sprawdzenie funkcjonalno\u015bci. Profesjonalna produkcja kluczy odbywa si\u0119 szybko, a us\u0142uga jest gwarantowana. Przyst\u0119pna cena sprawia, \u017ce w razie potrzeby ka\u017cdy mo\u017ce zleci\u0107 produkcj\u0119 duplikatu klucza bez znacznych koszt\u00f3w pieni\u0119\u017cnych.<\/p>\n","protected":false},"excerpt":{"rendered":"<h2>Zajmujemy si\u0119 produkcj\u0105 i programowaniem kluczy do samochod\u00f3w marki Mitsubishi.<\/h2>\n<ul>\n<li>Produkcja kluczy Mitsubishi<\/li>\n<li>Programowanie kluczy Mitsubishi<\/li>\n<li>Naprawa kluczy Mitsubishi<\/li>\n<li>Etui na klucze Mitsubishi<\/li>\n<li>Awaryjne odblokowywanie samochod\u00f3w marki Mitsubishi<\/li>\n<\/ul>\n<h3><strong>Produkcja kluczy samochodowych<\/strong><\/h3>\n<ul>\n<li><strong>Produkcja nowych kluczy samochodowych, programowanie kluczy (&#8222;wi\u0105zanie&#8221; z samochodem)<\/strong><\/li>\n<li><strong>Usuwanie z pami\u0119ci samochodu wcze\u015bniej zgubionych kluczyk\u00f3w<\/strong><\/li>\n<li><strong>Produkcja klucza zap\u0142onowego wed\u0142ug zamka<\/strong><\/li>\n<li><strong>Naprawa kluczy samochodowych (wymiana przycisk\u00f3w, muszli, mechanizm\u00f3w)<\/strong><\/li>\n<li><strong>Awaryjne odblokowanie samochodu<\/strong><\/li>\n<li><strong>Wymiana kluczy, etui na klucze<\/strong><\/li>\n<li><strong>Wy\u0142\u0105czenie oprogramowania DPF \/ FAP<\/strong><\/li>\n<li><strong>Programowe usuni\u0119cie EGR<\/strong><\/li>\n<li><strong>Wy\u0142\u0105czenie oprogramowania immobilizera (immo Off)<\/strong><\/li>\n<li><strong>Jednostka steruj\u0105ca silnika (ECU) naprawa, klonowanie, programowanie<\/strong><\/li>\n<li><strong>SRS (programowanie jednostki steruj\u0105cej poduszk\u0105 powietrzn\u0105)<\/strong><\/li>\n<\/ul>\n<h4><strong>  przedmioty wysy\u0142ane w ci\u0105gu 3 dni roboczych.*<\/strong><\/h4>\n","protected":false},"featured_media":14553,"comment_status":"open","ping_status":"closed","template":"","meta":[],"product_brand":[],"product_cat":[2959,2776],"product_tag":[3175,3209,3015,3022,3000,3165,3027,2966,3172,2973,3216,3019,3222,2981,3032,2984,2962,3021],"class_list":{"0":"post-16780","1":"product","2":"type-product","3":"status-publish","4":"has-post-thumbnail","6":"product_cat-mitsubishi-pl","7":"product_cat-produkcja-kluczy","8":"product_tag-klucz-mitsubishi","9":"product_tag-mitsubishi-colt-klucz","10":"product_tag-mitsubishi-colt-skorupa-klucza","11":"product_tag-mitsubishi-endeavor-kluczowa-skorupa","12":"product_tag-mitsubishi-evoliution-key-shell-pl","13":"product_tag-mitsubishi-galant-klucz","14":"product_tag-mitsubishi-galant-skorupa-klucza","15":"product_tag-mitsubishi-l200-skorupa-klucza","16":"product_tag-mitsubishi-lancer-klucz","17":"product_tag-mitsubishi-lancer-skorupa-klucza","18":"product_tag-mitsubishi-mirage-klucz","19":"product_tag-mitsubishi-mirage-skorupa-klucza","20":"product_tag-mitsubishi-outlander-klucz","21":"product_tag-mitsubishi-outlander-muszle-kluczykowe","22":"product_tag-mitsubishi-pajero-skorupa-klucza","23":"product_tag-mitsubishi-shogun-skorupa-klucza","24":"product_tag-muszla-klucza-mitsubishi","25":"product_tag-pilot-zdalnego-sterowania-mitsubishi","27":"first","28":"instock","29":"shipping-taxable","30":"product-type-simple"},"yoast_head":"<!-- This site is optimized with the Yoast SEO plugin v27.6 - https:\/\/yoast.com\/product\/yoast-seo-wordpress\/ -->\n<title>Kluczowa produkcja dla samochod\u00f3w Mitsubishi - Keys for auto<\/title>\n<meta name=\"robots\" content=\"index, follow, max-snippet:-1, max-image-preview:large, max-video-preview:-1\" \/>\n<link rel=\"canonical\" href=\"https:\/\/keys-for-auto.eu\/pl\/product\/klucz-produkcji-samochodow-mitsubishi\/\" \/>\n<meta property=\"og:locale\" content=\"pl_PL\" \/>\n<meta property=\"og:type\" content=\"article\" \/>\n<meta property=\"og:title\" content=\"Kluczowa produkcja dla samochod\u00f3w Mitsubishi - Keys for auto\" \/>\n<meta property=\"og:description\" content=\"Zajmujemy si\u0119 produkcj\u0105 i programowaniem kluczy do samochod\u00f3w marki Mitsubishi.  Produkcja kluczy Mitsubishi  Programowanie kluczy Mitsubishi  Naprawa kluczy Mitsubishi  Etui na klucze Mitsubishi  Awaryjne odblokowywanie samochod\u00f3w marki Mitsubishi Produkcja kluczy samochodowych  Produkcja nowych kluczy samochodowych, programowanie kluczy (&quot;wi\u0105zanie&quot; z samochodem)  Usuwanie z pami\u0119ci samochodu wcze\u015bniej zgubionych kluczyk\u00f3w  Produkcja klucza zap\u0142onowego wed\u0142ug zamka  Naprawa kluczy samochodowych (wymiana przycisk\u00f3w, muszli, mechanizm\u00f3w)  Awaryjne odblokowanie samochodu  Wymiana kluczy, etui na klucze  Wy\u0142\u0105czenie oprogramowania DPF \/ FAP  Programowe usuni\u0119cie EGR  Wy\u0142\u0105czenie oprogramowania immobilizera (immo Off)  Jednostka steruj\u0105ca silnika (ECU) naprawa, klonowanie, programowanie  SRS (programowanie jednostki steruj\u0105cej poduszk\u0105 powietrzn\u0105)  przedmioty wysy\u0142ane w ci\u0105gu 3 dni roboczych.*\" \/>\n<meta property=\"og:url\" content=\"https:\/\/keys-for-auto.eu\/pl\/product\/klucz-produkcji-samochodow-mitsubishi\/\" \/>\n<meta property=\"og:site_name\" content=\"Keys for auto\" \/>\n<meta property=\"article:publisher\" content=\"https:\/\/www.facebook.com\/KeysForAutoEU\" \/>\n<meta property=\"og:image\" content=\"https:\/\/keys-for-auto.eu\/wp-content\/uploads\/2022\/12\/admin-ajax__4_-removebg-preview.png\" \/>\n\t<meta property=\"og:image:width\" content=\"530\" \/>\n\t<meta property=\"og:image:height\" content=\"471\" \/>\n\t<meta property=\"og:image:type\" content=\"image\/png\" \/>\n<meta name=\"twitter:card\" content=\"summary_large_image\" \/>\n<meta name=\"twitter:label1\" content=\"Szacowany czas czytania\" \/>\n\t<meta name=\"twitter:data1\" content=\"2 minuty\" \/>\n<script type=\"application\/ld+json\" class=\"yoast-schema-graph\">{\"@context\":\"https:\\\/\\\/schema.org\",\"@graph\":[{\"@type\":[\"WebPage\",\"ItemPage\"],\"@id\":\"https:\\\/\\\/keys-for-auto.eu\\\/pl\\\/product\\\/klucz-produkcji-samochodow-mitsubishi\\\/\",\"url\":\"https:\\\/\\\/keys-for-auto.eu\\\/pl\\\/product\\\/klucz-produkcji-samochodow-mitsubishi\\\/\",\"name\":\"Kluczowa produkcja dla samochod\u00f3w Mitsubishi - Keys for auto\",\"isPartOf\":{\"@id\":\"https:\\\/\\\/keys-for-auto.eu\\\/pl\\\/#website\"},\"primaryImageOfPage\":{\"@id\":\"https:\\\/\\\/keys-for-auto.eu\\\/pl\\\/product\\\/klucz-produkcji-samochodow-mitsubishi\\\/#primaryimage\"},\"image\":{\"@id\":\"https:\\\/\\\/keys-for-auto.eu\\\/pl\\\/product\\\/klucz-produkcji-samochodow-mitsubishi\\\/#primaryimage\"},\"thumbnailUrl\":\"https:\\\/\\\/keys-for-auto.eu\\\/wp-content\\\/uploads\\\/2022\\\/12\\\/admin-ajax__4_-removebg-preview.png\",\"datePublished\":\"2017-12-03T21:17:13+00:00\",\"breadcrumb\":{\"@id\":\"https:\\\/\\\/keys-for-auto.eu\\\/pl\\\/product\\\/klucz-produkcji-samochodow-mitsubishi\\\/#breadcrumb\"},\"inLanguage\":\"pl-PL\",\"potentialAction\":[{\"@type\":\"ReadAction\",\"target\":[\"https:\\\/\\\/keys-for-auto.eu\\\/pl\\\/product\\\/klucz-produkcji-samochodow-mitsubishi\\\/\"]}]},{\"@type\":\"ImageObject\",\"inLanguage\":\"pl-PL\",\"@id\":\"https:\\\/\\\/keys-for-auto.eu\\\/pl\\\/product\\\/klucz-produkcji-samochodow-mitsubishi\\\/#primaryimage\",\"url\":\"https:\\\/\\\/keys-for-auto.eu\\\/wp-content\\\/uploads\\\/2022\\\/12\\\/admin-ajax__4_-removebg-preview.png\",\"contentUrl\":\"https:\\\/\\\/keys-for-auto.eu\\\/wp-content\\\/uploads\\\/2022\\\/12\\\/admin-ajax__4_-removebg-preview.png\",\"width\":530,\"height\":471},{\"@type\":\"BreadcrumbList\",\"@id\":\"https:\\\/\\\/keys-for-auto.eu\\\/pl\\\/product\\\/klucz-produkcji-samochodow-mitsubishi\\\/#breadcrumb\",\"itemListElement\":[{\"@type\":\"ListItem\",\"position\":1,\"name\":\"Strona g\u0142\u00f3wna\",\"item\":\"https:\\\/\\\/keys-for-auto.eu\\\/pl\\\/\"},{\"@type\":\"ListItem\",\"position\":2,\"name\":\"Shop\",\"item\":\"https:\\\/\\\/keys-for-auto.eu\\\/\"},{\"@type\":\"ListItem\",\"position\":3,\"name\":\"Kluczowa produkcja dla samochod\u00f3w Mitsubishi\"}]},{\"@type\":\"WebSite\",\"@id\":\"https:\\\/\\\/keys-for-auto.eu\\\/pl\\\/#website\",\"url\":\"https:\\\/\\\/keys-for-auto.eu\\\/pl\\\/\",\"name\":\"Keys for auto\",\"description\":\"Car keys,  key shells, key programming\",\"publisher\":{\"@id\":\"https:\\\/\\\/keys-for-auto.eu\\\/pl\\\/#organization\"},\"potentialAction\":[{\"@type\":\"SearchAction\",\"target\":{\"@type\":\"EntryPoint\",\"urlTemplate\":\"https:\\\/\\\/keys-for-auto.eu\\\/pl\\\/?s={search_term_string}\"},\"query-input\":{\"@type\":\"PropertyValueSpecification\",\"valueRequired\":true,\"valueName\":\"search_term_string\"}}],\"inLanguage\":\"pl-PL\"},{\"@type\":\"Organization\",\"@id\":\"https:\\\/\\\/keys-for-auto.eu\\\/pl\\\/#organization\",\"name\":\"Klucze do samochodu\",\"url\":\"https:\\\/\\\/keys-for-auto.eu\\\/pl\\\/\",\"logo\":{\"@type\":\"ImageObject\",\"inLanguage\":\"pl-PL\",\"@id\":\"https:\\\/\\\/keys-for-auto.eu\\\/pl\\\/#\\\/schema\\\/logo\\\/image\\\/\",\"url\":\"https:\\\/\\\/keys-for-auto.eu\\\/wp-content\\\/uploads\\\/2022\\\/11\\\/cropped-png1.png\",\"contentUrl\":\"https:\\\/\\\/keys-for-auto.eu\\\/wp-content\\\/uploads\\\/2022\\\/11\\\/cropped-png1.png\",\"width\":1000,\"height\":342,\"caption\":\"Klucze do samochodu\"},\"image\":{\"@id\":\"https:\\\/\\\/keys-for-auto.eu\\\/pl\\\/#\\\/schema\\\/logo\\\/image\\\/\"},\"sameAs\":[\"https:\\\/\\\/www.facebook.com\\\/KeysForAutoEU\"]}]}<\/script>\n<!-- \/ Yoast SEO plugin. -->","yoast_head_json":{"title":"Kluczowa produkcja dla samochod\u00f3w Mitsubishi - Keys for auto","robots":{"index":"index","follow":"follow","max-snippet":"max-snippet:-1","max-image-preview":"max-image-preview:large","max-video-preview":"max-video-preview:-1"},"canonical":"https:\/\/keys-for-auto.eu\/pl\/product\/klucz-produkcji-samochodow-mitsubishi\/","og_locale":"pl_PL","og_type":"article","og_title":"Kluczowa produkcja dla samochod\u00f3w Mitsubishi - Keys for auto","og_description":"Zajmujemy si\u0119 produkcj\u0105 i programowaniem kluczy do samochod\u00f3w marki Mitsubishi.  Produkcja kluczy Mitsubishi  Programowanie kluczy Mitsubishi  Naprawa kluczy Mitsubishi  Etui na klucze Mitsubishi  Awaryjne odblokowywanie samochod\u00f3w marki Mitsubishi Produkcja kluczy samochodowych  Produkcja nowych kluczy samochodowych, programowanie kluczy (\"wi\u0105zanie\" z samochodem)  Usuwanie z pami\u0119ci samochodu wcze\u015bniej zgubionych kluczyk\u00f3w  Produkcja klucza zap\u0142onowego wed\u0142ug zamka  Naprawa kluczy samochodowych (wymiana przycisk\u00f3w, muszli, mechanizm\u00f3w)  Awaryjne odblokowanie samochodu  Wymiana kluczy, etui na klucze  Wy\u0142\u0105czenie oprogramowania DPF \/ FAP  Programowe usuni\u0119cie EGR  Wy\u0142\u0105czenie oprogramowania immobilizera (immo Off)  Jednostka steruj\u0105ca silnika (ECU) naprawa, klonowanie, programowanie  SRS (programowanie jednostki steruj\u0105cej poduszk\u0105 powietrzn\u0105)  przedmioty wysy\u0142ane w ci\u0105gu 3 dni roboczych.*","og_url":"https:\/\/keys-for-auto.eu\/pl\/product\/klucz-produkcji-samochodow-mitsubishi\/","og_site_name":"Keys for auto","article_publisher":"https:\/\/www.facebook.com\/KeysForAutoEU","og_image":[{"width":530,"height":471,"url":"https:\/\/keys-for-auto.eu\/wp-content\/uploads\/2022\/12\/admin-ajax__4_-removebg-preview.png","type":"image\/png"}],"twitter_card":"summary_large_image","twitter_misc":{"Szacowany czas czytania":"2 minuty"},"schema":{"@context":"https:\/\/schema.org","@graph":[{"@type":["WebPage","ItemPage"],"@id":"https:\/\/keys-for-auto.eu\/pl\/product\/klucz-produkcji-samochodow-mitsubishi\/","url":"https:\/\/keys-for-auto.eu\/pl\/product\/klucz-produkcji-samochodow-mitsubishi\/","name":"Kluczowa produkcja dla samochod\u00f3w Mitsubishi - Keys for auto","isPartOf":{"@id":"https:\/\/keys-for-auto.eu\/pl\/#website"},"primaryImageOfPage":{"@id":"https:\/\/keys-for-auto.eu\/pl\/product\/klucz-produkcji-samochodow-mitsubishi\/#primaryimage"},"image":{"@id":"https:\/\/keys-for-auto.eu\/pl\/product\/klucz-produkcji-samochodow-mitsubishi\/#primaryimage"},"thumbnailUrl":"https:\/\/keys-for-auto.eu\/wp-content\/uploads\/2022\/12\/admin-ajax__4_-removebg-preview.png","datePublished":"2017-12-03T21:17:13+00:00","breadcrumb":{"@id":"https:\/\/keys-for-auto.eu\/pl\/product\/klucz-produkcji-samochodow-mitsubishi\/#breadcrumb"},"inLanguage":"pl-PL","potentialAction":[{"@type":"ReadAction","target":["https:\/\/keys-for-auto.eu\/pl\/product\/klucz-produkcji-samochodow-mitsubishi\/"]}]},{"@type":"ImageObject","inLanguage":"pl-PL","@id":"https:\/\/keys-for-auto.eu\/pl\/product\/klucz-produkcji-samochodow-mitsubishi\/#primaryimage","url":"https:\/\/keys-for-auto.eu\/wp-content\/uploads\/2022\/12\/admin-ajax__4_-removebg-preview.png","contentUrl":"https:\/\/keys-for-auto.eu\/wp-content\/uploads\/2022\/12\/admin-ajax__4_-removebg-preview.png","width":530,"height":471},{"@type":"BreadcrumbList","@id":"https:\/\/keys-for-auto.eu\/pl\/product\/klucz-produkcji-samochodow-mitsubishi\/#breadcrumb","itemListElement":[{"@type":"ListItem","position":1,"name":"Strona g\u0142\u00f3wna","item":"https:\/\/keys-for-auto.eu\/pl\/"},{"@type":"ListItem","position":2,"name":"Shop","item":"https:\/\/keys-for-auto.eu\/"},{"@type":"ListItem","position":3,"name":"Kluczowa produkcja dla samochod\u00f3w Mitsubishi"}]},{"@type":"WebSite","@id":"https:\/\/keys-for-auto.eu\/pl\/#website","url":"https:\/\/keys-for-auto.eu\/pl\/","name":"Keys for auto","description":"Car keys,  key shells, key programming","publisher":{"@id":"https:\/\/keys-for-auto.eu\/pl\/#organization"},"potentialAction":[{"@type":"SearchAction","target":{"@type":"EntryPoint","urlTemplate":"https:\/\/keys-for-auto.eu\/pl\/?s={search_term_string}"},"query-input":{"@type":"PropertyValueSpecification","valueRequired":true,"valueName":"search_term_string"}}],"inLanguage":"pl-PL"},{"@type":"Organization","@id":"https:\/\/keys-for-auto.eu\/pl\/#organization","name":"Klucze do samochodu","url":"https:\/\/keys-for-auto.eu\/pl\/","logo":{"@type":"ImageObject","inLanguage":"pl-PL","@id":"https:\/\/keys-for-auto.eu\/pl\/#\/schema\/logo\/image\/","url":"https:\/\/keys-for-auto.eu\/wp-content\/uploads\/2022\/11\/cropped-png1.png","contentUrl":"https:\/\/keys-for-auto.eu\/wp-content\/uploads\/2022\/11\/cropped-png1.png","width":1000,"height":342,"caption":"Klucze do samochodu"},"image":{"@id":"https:\/\/keys-for-auto.eu\/pl\/#\/schema\/logo\/image\/"},"sameAs":["https:\/\/www.facebook.com\/KeysForAutoEU"]}]}},"_links":{"self":[{"href":"https:\/\/keys-for-auto.eu\/pl\/wp-json\/wp\/v2\/product\/16780","targetHints":{"allow":["GET"]}}],"collection":[{"href":"https:\/\/keys-for-auto.eu\/pl\/wp-json\/wp\/v2\/product"}],"about":[{"href":"https:\/\/keys-for-auto.eu\/pl\/wp-json\/wp\/v2\/types\/product"}],"replies":[{"embeddable":true,"href":"https:\/\/keys-for-auto.eu\/pl\/wp-json\/wp\/v2\/comments?post=16780"}],"wp:featuredmedia":[{"embeddable":true,"href":"https:\/\/keys-for-auto.eu\/pl\/wp-json\/wp\/v2\/media\/14553"}],"wp:attachment":[{"href":"https:\/\/keys-for-auto.eu\/pl\/wp-json\/wp\/v2\/media?parent=16780"}],"wp:term":[{"taxonomy":"product_brand","embeddable":true,"href":"https:\/\/keys-for-auto.eu\/pl\/wp-json\/wp\/v2\/product_brand?post=16780"},{"taxonomy":"product_cat","embeddable":true,"href":"https:\/\/keys-for-auto.eu\/pl\/wp-json\/wp\/v2\/product_cat?post=16780"},{"taxonomy":"product_tag","embeddable":true,"href":"https:\/\/keys-for-auto.eu\/pl\/wp-json\/wp\/v2\/product_tag?post=16780"}],"curies":[{"name":"wp","href":"https:\/\/api.w.org\/{rel}","templated":true}]}}