{"id":16779,"date":"2018-05-07T15:50:43","date_gmt":"2018-05-07T15:50:43","guid":{"rendered":"https:\/\/keys-for-auto.eu\/product\/kluczowa-produkcja-dla-samochodow-ssangyong\/"},"modified":"2018-05-07T15:50:43","modified_gmt":"2018-05-07T15:50:43","slug":"key-production-for-ssangyong-cars","status":"publish","type":"product","link":"https:\/\/keys-for-auto.eu\/pl\/product\/key-production-for-ssangyong-cars\/","title":{"rendered":"Kluczowa produkcja dla samochod\u00f3w SsangYong"},"content":{"rendered":"<h2>Produkcja kluczy SsangYong<\/h2>\n<p>Produkcja kluczy SsangYong. W dzisiejszych czasach kluczyk samochodowy mo\u017cna odzyska\u0107 z zamka lub po okazaniu orygina\u0142u. Klucz chipowy SsangYong jest w zasadzie unikalnym urz\u0105dzeniem, przypominaj\u0105cym wygl\u0105dem analogi kluczy samochodowych z lat 90. i pocz\u0105tku XXI wieku. Tylko, \u017ce jego wewn\u0119trzne &#8222;nadzienie&#8221; jest dziesi\u0119\u0107 razy lepsze od takich produkt\u00f3w. Dzieje si\u0119 tak dlatego, \u017ce nowoczesne korea\u0144skie klucze samochodowe wyposa\u017cone s\u0105 w spersonalizowany chip oprogramowania, kt\u00f3ry znajduje si\u0119 w g\u0142\u00f3wce klucza (sk\u0142adanego, klasycznego) i zawiera specjalny kod. Szyfrowanie ma bezpo\u015bredni kontakt z systemem bezpiecze\u0144stwa samochodu, eliminuj\u0105c mo\u017cliwo\u015b\u0107 uruchomienia samochodu innym kluczem. W razie potrzeby w\u0142a\u015bciciel samochodu mo\u017ce zam\u00f3wi\u0107 u nas duplikacj\u0119, produkcj\u0119, napraw\u0119 lub wymian\u0119 kluczy SsangYong.<\/p>\n<h2>Programowanie chip\u00f3w<\/h2>\n<p>Plastikowa obudowa z przyciskami mo\u017ce by\u0107 uszkodzona lub pasek klawiszy mo\u017ce by\u0107 zu\u017cyty podczas u\u017cytkowania. Niedzia\u0142aj\u0105cy produkt mo\u017ce zosta\u0107 przywr\u00f3cony poprzez transfer elektroniki. W razie potrzeby mo\u017cna wybra\u0107 kompletn\u0105 kopi\u0119 markowego klucza lub nowoczesny sk\u0142adany analog. W ka\u017cdym przypadku prace wykonywane s\u0105 przez wykwalifikowanych technik\u00f3w przy u\u017cyciu profesjonalnych maszyn i z gwarancj\u0105.<\/p>\n<p>Opr\u00f3cz duplikatu, w\u0142a\u015bciciel pojazdu mo\u017ce zam\u00f3wi\u0107 tylko chip SsangYonga. Produkt ten mo\u017ce by\u0107 zainstalowany w szerokiej gamie central alarmowych. Jest on programowany przez specjalist\u0119 przy u\u017cyciu specyficznego sprz\u0119tu, kt\u00f3ry umo\u017cliwia produkcj\u0119 indywidualnych chip\u00f3w i kluczy do samochod\u00f3w SsangYong z r\u00f3\u017cnych lat produkcji.<\/p>\n<p>Je\u015bli klucz zosta\u0142 zgubiony, z\u0142amany lub ostrze klucza si\u0119 zu\u017cy\u0142o, mo\u017cesz zam\u00f3wi\u0107 duplikat lub nowy produkt z chipem. Dost\u0119pne s\u0105 r\u00f3wnie\u017c us\u0142ugi programowania elektronicznych jednostek steruj\u0105cych i immobiliser\u00f3w. Zatem dla w\u0142a\u015bcicieli samochod\u00f3w z Korei Po\u0142udniowej \u015bwiadczymy pe\u0142en zakres us\u0142ug programowania i produkcji kluczy, w zale\u017cno\u015bci od charakteru problemu. Immobilizer i kluczyk chipowy SsangYong to elementy ochrony aparatu zap\u0142onowego i gwarancja bezpiecze\u0144stwa pojazdu.<\/p>\n","protected":false},"excerpt":{"rendered":"<h2>Produkujemy i programujemy klucze do samochod\u00f3w marki SsangYong<\/h2>\n<ul>\n<li>Produkcja kluczy SsangYong<\/li>\n<li>SsangYong Actyon kluczowa produkcja, programowanie<\/li>\n<li>SsangYong Chairman produkcja kluczy, programowanie<\/li>\n<li>SsangYong Korando produkcja kluczy, programowanie<\/li>\n<li>SsangYong Kyron produkcja kluczy, programowanie<\/li>\n<li>SsangYong Musso produkcja kluczy, programowanie<\/li>\n<li>SsangYong Rexton produkcja kluczy, programowanie<\/li>\n<li>SsangYong Stavic Rodus produkcja kluczy, programowanie<\/li>\n<li>Programowanie kluczy SsangYong<\/li>\n<li>Naprawa kluczy SsangYong<\/li>\n<li>Kluczowe organy SsangYong<\/li>\n<li>Awaryjne odblokowywanie samochod\u00f3w SsangYong<\/li>\n<\/ul>\n<h3><strong>Produkcja kluczy samochodowych<\/strong><\/h3>\n<ul>\n<li><strong>Produkcja nowych kluczy samochodowych, programowanie kluczy (&#8222;wi\u0105zanie&#8221; z samochodem)<\/strong><\/li>\n<li><strong>Usuwanie z pami\u0119ci samochodu wcze\u015bniej zgubionych kluczyk\u00f3w<\/strong><\/li>\n<li><strong>Produkcja klucza zap\u0142onowego wed\u0142ug zamka<\/strong><\/li>\n<li><strong>Naprawa kluczy samochodowych (wymiana przycisk\u00f3w, muszli, mechanizm\u00f3w)<\/strong><\/li>\n<li><strong>Awaryjne odblokowanie samochodu<\/strong><\/li>\n<li><strong>Wymiana kluczy, etui na klucze<\/strong><\/li>\n<li><strong>Wy\u0142\u0105czenie oprogramowania DPF \/ FAP<\/strong><\/li>\n<li><strong>Programowe usuni\u0119cie EGR<\/strong><\/li>\n<li><strong>Wy\u0142\u0105czenie oprogramowania immobilizera (immo Off)<\/strong><\/li>\n<li><strong>Jednostka steruj\u0105ca silnika (ECU) naprawa, klonowanie, programowanie<\/strong><\/li>\n<li><strong>SRS (programowanie jednostki steruj\u0105cej poduszk\u0105 powietrzn\u0105)<\/strong><\/li>\n<\/ul>\n<h4><strong>  przedmioty wysy\u0142ane w ci\u0105gu 3 dni roboczych.*<\/strong><\/h4>\n","protected":false},"featured_media":14578,"comment_status":"open","ping_status":"closed","template":"","meta":[],"product_brand":[],"product_cat":[2776,2868],"product_tag":[3405],"class_list":{"0":"post-16779","1":"product","2":"type-product","3":"status-publish","4":"has-post-thumbnail","6":"product_cat-produkcja-kluczy","7":"product_cat-ssangyong-pl","8":"product_tag-kluczowa-produkcja-dla-samochodow-ssangyong","10":"first","11":"instock","12":"shipping-taxable","13":"product-type-simple"},"yoast_head":"<!-- This site is optimized with the Yoast SEO plugin v27.6 - https:\/\/yoast.com\/product\/yoast-seo-wordpress\/ -->\n<title>Kluczowa produkcja dla samochod\u00f3w SsangYong - Keys for auto<\/title>\n<meta name=\"robots\" content=\"index, follow, max-snippet:-1, max-image-preview:large, max-video-preview:-1\" \/>\n<link rel=\"canonical\" href=\"https:\/\/keys-for-auto.eu\/pl\/product\/key-production-for-ssangyong-cars\/\" \/>\n<meta property=\"og:locale\" content=\"pl_PL\" \/>\n<meta property=\"og:type\" content=\"article\" \/>\n<meta property=\"og:title\" content=\"Kluczowa produkcja dla samochod\u00f3w SsangYong - Keys for auto\" \/>\n<meta property=\"og:description\" content=\"Produkujemy i programujemy klucze do samochod\u00f3w marki SsangYong  Produkcja kluczy SsangYong  SsangYong Actyon kluczowa produkcja, programowanie  SsangYong Chairman produkcja kluczy, programowanie  SsangYong Korando produkcja kluczy, programowanie  SsangYong Kyron produkcja kluczy, programowanie  SsangYong Musso produkcja kluczy, programowanie  SsangYong Rexton produkcja kluczy, programowanie  SsangYong Stavic Rodus produkcja kluczy, programowanie  Programowanie kluczy SsangYong  Naprawa kluczy SsangYong  Kluczowe organy SsangYong  Awaryjne odblokowywanie samochod\u00f3w SsangYong Produkcja kluczy samochodowych  Produkcja nowych kluczy samochodowych, programowanie kluczy (&quot;wi\u0105zanie&quot; z samochodem)  Usuwanie z pami\u0119ci samochodu wcze\u015bniej zgubionych kluczyk\u00f3w  Produkcja klucza zap\u0142onowego wed\u0142ug zamka  Naprawa kluczy samochodowych (wymiana przycisk\u00f3w, muszli, mechanizm\u00f3w)  Awaryjne odblokowanie samochodu  Wymiana kluczy, etui na klucze  Wy\u0142\u0105czenie oprogramowania DPF \/ FAP  Programowe usuni\u0119cie EGR  Wy\u0142\u0105czenie oprogramowania immobilizera (immo Off)  Jednostka steruj\u0105ca silnika (ECU) naprawa, klonowanie, programowanie  SRS (programowanie jednostki steruj\u0105cej poduszk\u0105 powietrzn\u0105)  przedmioty wysy\u0142ane w ci\u0105gu 3 dni roboczych.*\" \/>\n<meta property=\"og:url\" content=\"https:\/\/keys-for-auto.eu\/pl\/product\/key-production-for-ssangyong-cars\/\" \/>\n<meta property=\"og:site_name\" content=\"Keys for auto\" \/>\n<meta property=\"article:publisher\" content=\"https:\/\/www.facebook.com\/KeysForAutoEU\" \/>\n<meta property=\"og:image\" content=\"https:\/\/keys-for-auto.eu\/wp-content\/uploads\/2022\/12\/SsangYong_logo_symbol_logotype_emblem-removebg-preview.png\" \/>\n\t<meta property=\"og:image:width\" content=\"500\" \/>\n\t<meta property=\"og:image:height\" content=\"476\" \/>\n\t<meta property=\"og:image:type\" content=\"image\/png\" \/>\n<meta name=\"twitter:card\" content=\"summary_large_image\" \/>\n<meta name=\"twitter:label1\" content=\"Szacowany czas czytania\" \/>\n\t<meta name=\"twitter:data1\" content=\"2 minuty\" \/>\n<script type=\"application\/ld+json\" class=\"yoast-schema-graph\">{\"@context\":\"https:\\\/\\\/schema.org\",\"@graph\":[{\"@type\":[\"WebPage\",\"ItemPage\"],\"@id\":\"https:\\\/\\\/keys-for-auto.eu\\\/pl\\\/product\\\/key-production-for-ssangyong-cars\\\/\",\"url\":\"https:\\\/\\\/keys-for-auto.eu\\\/pl\\\/product\\\/key-production-for-ssangyong-cars\\\/\",\"name\":\"Kluczowa produkcja dla samochod\u00f3w SsangYong - Keys for auto\",\"isPartOf\":{\"@id\":\"https:\\\/\\\/keys-for-auto.eu\\\/pl\\\/#website\"},\"primaryImageOfPage\":{\"@id\":\"https:\\\/\\\/keys-for-auto.eu\\\/pl\\\/product\\\/key-production-for-ssangyong-cars\\\/#primaryimage\"},\"image\":{\"@id\":\"https:\\\/\\\/keys-for-auto.eu\\\/pl\\\/product\\\/key-production-for-ssangyong-cars\\\/#primaryimage\"},\"thumbnailUrl\":\"https:\\\/\\\/keys-for-auto.eu\\\/wp-content\\\/uploads\\\/2022\\\/12\\\/SsangYong_logo_symbol_logotype_emblem-removebg-preview.png\",\"datePublished\":\"2018-05-07T15:50:43+00:00\",\"breadcrumb\":{\"@id\":\"https:\\\/\\\/keys-for-auto.eu\\\/pl\\\/product\\\/key-production-for-ssangyong-cars\\\/#breadcrumb\"},\"inLanguage\":\"pl-PL\",\"potentialAction\":[{\"@type\":\"ReadAction\",\"target\":[\"https:\\\/\\\/keys-for-auto.eu\\\/pl\\\/product\\\/key-production-for-ssangyong-cars\\\/\"]}]},{\"@type\":\"ImageObject\",\"inLanguage\":\"pl-PL\",\"@id\":\"https:\\\/\\\/keys-for-auto.eu\\\/pl\\\/product\\\/key-production-for-ssangyong-cars\\\/#primaryimage\",\"url\":\"https:\\\/\\\/keys-for-auto.eu\\\/wp-content\\\/uploads\\\/2022\\\/12\\\/SsangYong_logo_symbol_logotype_emblem-removebg-preview.png\",\"contentUrl\":\"https:\\\/\\\/keys-for-auto.eu\\\/wp-content\\\/uploads\\\/2022\\\/12\\\/SsangYong_logo_symbol_logotype_emblem-removebg-preview.png\",\"width\":500,\"height\":476},{\"@type\":\"BreadcrumbList\",\"@id\":\"https:\\\/\\\/keys-for-auto.eu\\\/pl\\\/product\\\/key-production-for-ssangyong-cars\\\/#breadcrumb\",\"itemListElement\":[{\"@type\":\"ListItem\",\"position\":1,\"name\":\"Strona g\u0142\u00f3wna\",\"item\":\"https:\\\/\\\/keys-for-auto.eu\\\/pl\\\/\"},{\"@type\":\"ListItem\",\"position\":2,\"name\":\"Shop\",\"item\":\"https:\\\/\\\/keys-for-auto.eu\\\/\"},{\"@type\":\"ListItem\",\"position\":3,\"name\":\"Kluczowa produkcja dla samochod\u00f3w SsangYong\"}]},{\"@type\":\"WebSite\",\"@id\":\"https:\\\/\\\/keys-for-auto.eu\\\/pl\\\/#website\",\"url\":\"https:\\\/\\\/keys-for-auto.eu\\\/pl\\\/\",\"name\":\"Keys for auto\",\"description\":\"Car keys,  key shells, key programming\",\"publisher\":{\"@id\":\"https:\\\/\\\/keys-for-auto.eu\\\/pl\\\/#organization\"},\"potentialAction\":[{\"@type\":\"SearchAction\",\"target\":{\"@type\":\"EntryPoint\",\"urlTemplate\":\"https:\\\/\\\/keys-for-auto.eu\\\/pl\\\/?s={search_term_string}\"},\"query-input\":{\"@type\":\"PropertyValueSpecification\",\"valueRequired\":true,\"valueName\":\"search_term_string\"}}],\"inLanguage\":\"pl-PL\"},{\"@type\":\"Organization\",\"@id\":\"https:\\\/\\\/keys-for-auto.eu\\\/pl\\\/#organization\",\"name\":\"Klucze do samochodu\",\"url\":\"https:\\\/\\\/keys-for-auto.eu\\\/pl\\\/\",\"logo\":{\"@type\":\"ImageObject\",\"inLanguage\":\"pl-PL\",\"@id\":\"https:\\\/\\\/keys-for-auto.eu\\\/pl\\\/#\\\/schema\\\/logo\\\/image\\\/\",\"url\":\"https:\\\/\\\/keys-for-auto.eu\\\/wp-content\\\/uploads\\\/2022\\\/11\\\/cropped-png1.png\",\"contentUrl\":\"https:\\\/\\\/keys-for-auto.eu\\\/wp-content\\\/uploads\\\/2022\\\/11\\\/cropped-png1.png\",\"width\":1000,\"height\":342,\"caption\":\"Klucze do samochodu\"},\"image\":{\"@id\":\"https:\\\/\\\/keys-for-auto.eu\\\/pl\\\/#\\\/schema\\\/logo\\\/image\\\/\"},\"sameAs\":[\"https:\\\/\\\/www.facebook.com\\\/KeysForAutoEU\"]}]}<\/script>\n<!-- \/ Yoast SEO plugin. -->","yoast_head_json":{"title":"Kluczowa produkcja dla samochod\u00f3w SsangYong - Keys for auto","robots":{"index":"index","follow":"follow","max-snippet":"max-snippet:-1","max-image-preview":"max-image-preview:large","max-video-preview":"max-video-preview:-1"},"canonical":"https:\/\/keys-for-auto.eu\/pl\/product\/key-production-for-ssangyong-cars\/","og_locale":"pl_PL","og_type":"article","og_title":"Kluczowa produkcja dla samochod\u00f3w SsangYong - Keys for auto","og_description":"Produkujemy i programujemy klucze do samochod\u00f3w marki SsangYong  Produkcja kluczy SsangYong  SsangYong Actyon kluczowa produkcja, programowanie  SsangYong Chairman produkcja kluczy, programowanie  SsangYong Korando produkcja kluczy, programowanie  SsangYong Kyron produkcja kluczy, programowanie  SsangYong Musso produkcja kluczy, programowanie  SsangYong Rexton produkcja kluczy, programowanie  SsangYong Stavic Rodus produkcja kluczy, programowanie  Programowanie kluczy SsangYong  Naprawa kluczy SsangYong  Kluczowe organy SsangYong  Awaryjne odblokowywanie samochod\u00f3w SsangYong Produkcja kluczy samochodowych  Produkcja nowych kluczy samochodowych, programowanie kluczy (\"wi\u0105zanie\" z samochodem)  Usuwanie z pami\u0119ci samochodu wcze\u015bniej zgubionych kluczyk\u00f3w  Produkcja klucza zap\u0142onowego wed\u0142ug zamka  Naprawa kluczy samochodowych (wymiana przycisk\u00f3w, muszli, mechanizm\u00f3w)  Awaryjne odblokowanie samochodu  Wymiana kluczy, etui na klucze  Wy\u0142\u0105czenie oprogramowania DPF \/ FAP  Programowe usuni\u0119cie EGR  Wy\u0142\u0105czenie oprogramowania immobilizera (immo Off)  Jednostka steruj\u0105ca silnika (ECU) naprawa, klonowanie, programowanie  SRS (programowanie jednostki steruj\u0105cej poduszk\u0105 powietrzn\u0105)  przedmioty wysy\u0142ane w ci\u0105gu 3 dni roboczych.*","og_url":"https:\/\/keys-for-auto.eu\/pl\/product\/key-production-for-ssangyong-cars\/","og_site_name":"Keys for auto","article_publisher":"https:\/\/www.facebook.com\/KeysForAutoEU","og_image":[{"width":500,"height":476,"url":"https:\/\/keys-for-auto.eu\/wp-content\/uploads\/2022\/12\/SsangYong_logo_symbol_logotype_emblem-removebg-preview.png","type":"image\/png"}],"twitter_card":"summary_large_image","twitter_misc":{"Szacowany czas czytania":"2 minuty"},"schema":{"@context":"https:\/\/schema.org","@graph":[{"@type":["WebPage","ItemPage"],"@id":"https:\/\/keys-for-auto.eu\/pl\/product\/key-production-for-ssangyong-cars\/","url":"https:\/\/keys-for-auto.eu\/pl\/product\/key-production-for-ssangyong-cars\/","name":"Kluczowa produkcja dla samochod\u00f3w SsangYong - Keys for auto","isPartOf":{"@id":"https:\/\/keys-for-auto.eu\/pl\/#website"},"primaryImageOfPage":{"@id":"https:\/\/keys-for-auto.eu\/pl\/product\/key-production-for-ssangyong-cars\/#primaryimage"},"image":{"@id":"https:\/\/keys-for-auto.eu\/pl\/product\/key-production-for-ssangyong-cars\/#primaryimage"},"thumbnailUrl":"https:\/\/keys-for-auto.eu\/wp-content\/uploads\/2022\/12\/SsangYong_logo_symbol_logotype_emblem-removebg-preview.png","datePublished":"2018-05-07T15:50:43+00:00","breadcrumb":{"@id":"https:\/\/keys-for-auto.eu\/pl\/product\/key-production-for-ssangyong-cars\/#breadcrumb"},"inLanguage":"pl-PL","potentialAction":[{"@type":"ReadAction","target":["https:\/\/keys-for-auto.eu\/pl\/product\/key-production-for-ssangyong-cars\/"]}]},{"@type":"ImageObject","inLanguage":"pl-PL","@id":"https:\/\/keys-for-auto.eu\/pl\/product\/key-production-for-ssangyong-cars\/#primaryimage","url":"https:\/\/keys-for-auto.eu\/wp-content\/uploads\/2022\/12\/SsangYong_logo_symbol_logotype_emblem-removebg-preview.png","contentUrl":"https:\/\/keys-for-auto.eu\/wp-content\/uploads\/2022\/12\/SsangYong_logo_symbol_logotype_emblem-removebg-preview.png","width":500,"height":476},{"@type":"BreadcrumbList","@id":"https:\/\/keys-for-auto.eu\/pl\/product\/key-production-for-ssangyong-cars\/#breadcrumb","itemListElement":[{"@type":"ListItem","position":1,"name":"Strona g\u0142\u00f3wna","item":"https:\/\/keys-for-auto.eu\/pl\/"},{"@type":"ListItem","position":2,"name":"Shop","item":"https:\/\/keys-for-auto.eu\/"},{"@type":"ListItem","position":3,"name":"Kluczowa produkcja dla samochod\u00f3w SsangYong"}]},{"@type":"WebSite","@id":"https:\/\/keys-for-auto.eu\/pl\/#website","url":"https:\/\/keys-for-auto.eu\/pl\/","name":"Keys for auto","description":"Car keys,  key shells, key programming","publisher":{"@id":"https:\/\/keys-for-auto.eu\/pl\/#organization"},"potentialAction":[{"@type":"SearchAction","target":{"@type":"EntryPoint","urlTemplate":"https:\/\/keys-for-auto.eu\/pl\/?s={search_term_string}"},"query-input":{"@type":"PropertyValueSpecification","valueRequired":true,"valueName":"search_term_string"}}],"inLanguage":"pl-PL"},{"@type":"Organization","@id":"https:\/\/keys-for-auto.eu\/pl\/#organization","name":"Klucze do samochodu","url":"https:\/\/keys-for-auto.eu\/pl\/","logo":{"@type":"ImageObject","inLanguage":"pl-PL","@id":"https:\/\/keys-for-auto.eu\/pl\/#\/schema\/logo\/image\/","url":"https:\/\/keys-for-auto.eu\/wp-content\/uploads\/2022\/11\/cropped-png1.png","contentUrl":"https:\/\/keys-for-auto.eu\/wp-content\/uploads\/2022\/11\/cropped-png1.png","width":1000,"height":342,"caption":"Klucze do samochodu"},"image":{"@id":"https:\/\/keys-for-auto.eu\/pl\/#\/schema\/logo\/image\/"},"sameAs":["https:\/\/www.facebook.com\/KeysForAutoEU"]}]}},"_links":{"self":[{"href":"https:\/\/keys-for-auto.eu\/pl\/wp-json\/wp\/v2\/product\/16779","targetHints":{"allow":["GET"]}}],"collection":[{"href":"https:\/\/keys-for-auto.eu\/pl\/wp-json\/wp\/v2\/product"}],"about":[{"href":"https:\/\/keys-for-auto.eu\/pl\/wp-json\/wp\/v2\/types\/product"}],"replies":[{"embeddable":true,"href":"https:\/\/keys-for-auto.eu\/pl\/wp-json\/wp\/v2\/comments?post=16779"}],"wp:featuredmedia":[{"embeddable":true,"href":"https:\/\/keys-for-auto.eu\/pl\/wp-json\/wp\/v2\/media\/14578"}],"wp:attachment":[{"href":"https:\/\/keys-for-auto.eu\/pl\/wp-json\/wp\/v2\/media?parent=16779"}],"wp:term":[{"taxonomy":"product_brand","embeddable":true,"href":"https:\/\/keys-for-auto.eu\/pl\/wp-json\/wp\/v2\/product_brand?post=16779"},{"taxonomy":"product_cat","embeddable":true,"href":"https:\/\/keys-for-auto.eu\/pl\/wp-json\/wp\/v2\/product_cat?post=16779"},{"taxonomy":"product_tag","embeddable":true,"href":"https:\/\/keys-for-auto.eu\/pl\/wp-json\/wp\/v2\/product_tag?post=16779"}],"curies":[{"name":"wp","href":"https:\/\/api.w.org\/{rel}","templated":true}]}}