{"id":16759,"date":"2017-08-17T23:32:04","date_gmt":"2017-08-17T23:32:04","guid":{"rendered":"https:\/\/keys-for-auto.eu\/product\/kluczowa-produkcja-dla-samochodow-fiat\/"},"modified":"2017-08-17T23:32:04","modified_gmt":"2017-08-17T23:32:04","slug":"klucz-produkcji-dla-samochodow-fiatow","status":"publish","type":"product","link":"https:\/\/keys-for-auto.eu\/pl\/product\/klucz-produkcji-dla-samochodow-fiatow\/","title":{"rendered":"Kluczowa produkcja dla samochod\u00f3w Fiat"},"content":{"rendered":"<ul>\n<li>Produkcja kluczy do Fiata<\/li>\n<li>Programowanie kluczy Fiat<\/li>\n<li>Naprawa kluczy Fiat<\/li>\n<li>Awaryjne odblokowywanie samochod\u00f3w marki Fiat<\/li>\n<\/ul>\n","protected":false},"excerpt":{"rendered":"<h3><strong>Produkcja kluczy samochodowych<\/strong><\/h3>\n<ul>\n<li><strong>Produkcja nowych kluczy samochodowych, programowanie kluczy (&#8222;wi\u0105zanie&#8221; z samochodem)<\/strong><\/li>\n<li><strong>Usuwanie z pami\u0119ci samochodu wcze\u015bniej zgubionych kluczyk\u00f3w<\/strong><\/li>\n<li><strong>Produkcja klucza zap\u0142onowego wed\u0142ug zamka<\/strong><\/li>\n<li><strong>Naprawa kluczy samochodowych (wymiana przycisk\u00f3w, muszli, mechanizm\u00f3w)<\/strong><\/li>\n<li><strong>Awaryjne odblokowanie samochodu<\/strong><\/li>\n<li><strong>Wymiana kluczy, etui na klucze<\/strong><\/li>\n<li><strong>Wy\u0142\u0105czenie oprogramowania DPF \/ FAP<\/strong><\/li>\n<li><strong>Programowe usuni\u0119cie EGR<\/strong><\/li>\n<li><strong>Wy\u0142\u0105czenie oprogramowania immobilizera (immo Off)<\/strong><\/li>\n<li><strong>Jednostka steruj\u0105ca silnika (ECU) naprawa, klonowanie, programowanie<\/strong><\/li>\n<li><strong>SRS (programowanie jednostki steruj\u0105cej poduszk\u0105 powietrzn\u0105)<\/strong><\/li>\n<\/ul>\n<h4><strong>  przedmioty wysy\u0142ane w ci\u0105gu 3 dni roboczych.*<\/strong><\/h4>\n<h2>Cechy produkcji kluczy Fiat<\/h2>\n<p>Produkcja kluczy Fiata. Je\u015bli zgubisz jeden klucz lub ca\u0142y p\u0119k kluczy, nie musisz si\u0119 smuci\u0107, poniewa\u017c specjalista jest zawsze gotowy, aby pom\u00f3c Ci rozwi\u0105za\u0107 to trudne zadanie. Nowoczesne mo\u017cliwo\u015bci technologiczne pozwalaj\u0105 mistrzowi na produkcj\u0119 nowych kopii kluczy samochodowych zgodnie z zamkiem. Na uszkodzonych jednostkach przeprowadzane s\u0105 naprawy. W razie potrzeby wymiana korpusu lub odbudowa mechaniczna &#8211; produkcja grotu klucza z p\u00f3\u0142fabrykatu. Korzystaj\u0105c z nowoczesnych obrabiarek z kontrol\u0105 oprogramowania, technik mo\u017ce wprowadzi\u0107 wymagane parametry i uzyska\u0107 dok\u0142adn\u0105 kopi\u0119 oryginalnego klucza. Taki zabieg przeprowadzany jest stosunkowo szybko i trwa zaledwie kilka minut. Obecno\u015b\u0107 samochodu nie zawsze jest konieczna. Wystarczy zdemontowa\u0107 klamk\u0119 drzwi, aby technik m\u00f3g\u0142 odtworzy\u0107 obraz ostrza klucza z zamka.<\/p>\n<h2>Produkcja kluczy Fiat | Produkcja kluczy Chip<\/h2>\n<p>W przypadku utraty kluczyka zaleca si\u0119 usuni\u0119cie jego danych z pami\u0119ci samochodu, aby uniemo\u017cliwi\u0107 jego zabranie. W tym przypadku klucz zostanie usuni\u0119ty z pami\u0119ci podczas programowania. Nie zaleca si\u0119 samodzielnej pr\u00f3by usuni\u0119cia chipa z uszkodzonego klucza, gdy\u017c istnieje mo\u017cliwo\u015b\u0107 rozbicia znajduj\u0105cego si\u0119 wewn\u0105trz elementu szklanego. W wi\u0119kszo\u015bci przypadk\u00f3w dorobienie klucza do Fiata z programowaniem chipowym zajmuje oko\u0142o 20 minut. Nie ma konieczno\u015bci przebywania w samochodzie podczas zabiegu. Jednak w tym przypadku w\u0142a\u015bciciel lub technik b\u0119dzie musia\u0142 zdemontowa\u0107 urz\u0105dzenie, kt\u00f3re znajduje si\u0119 nad peda\u0142em i jest \u0142atwo dost\u0119pne.<\/p>\n<p>Je\u015bli oryginalne klucze zosta\u0142y zgubione, duplikaty kluczy zostan\u0105 wprowadzone po przeprogramowaniu systemu. Konkretnie najpierw dopasowanie, a potem synchronizacja wt\u00f3rnik\u00f3w z oprogramowaniem pojazdu. Je\u015bli kopia klucza Fiata jest wykonywana przy u\u017cyciu oryginalnego klucza, w tym przypadku niezb\u0119dne dane s\u0105 odczytywane z oryginalnego klucza, a nast\u0119pnie przenoszone do chipa duplikatu. Weryfikacja funkcjonalno\u015bci to ostatni etap programowania. Po zako\u0144czeniu wszystkich prac mistrz rzemie\u015blniczy udziela gwarancji na swoje us\u0142ugi, dzi\u0119ki czemu klient mo\u017ce by\u0107 w pe\u0142ni przekonany, \u017ce duplikat klucza b\u0119dzie wolny od problem\u00f3w i usterek.<\/p>\n","protected":false},"featured_media":13313,"comment_status":"open","ping_status":"closed","template":"","meta":[],"product_brand":[],"product_cat":[2874,2776],"product_tag":[2916,2919,2893,3192,2881,2885,2899,3178,3187,3190,3193,2875],"class_list":{"0":"post-16759","1":"product","2":"type-product","3":"status-publish","4":"has-post-thumbnail","6":"product_cat-fiat-pl","7":"product_cat-produkcja-kluczy","8":"product_tag-fiat-500-obudowa-klucza","9":"product_tag-fiat-brava-obudowa-klucza","10":"product_tag-fiat-ducato-obudowa-klucza","11":"product_tag-fiat-panda-klucz","12":"product_tag-fiat-panda-obudowa-klucza","13":"product_tag-fiat-punto-obudowa-klucza","14":"product_tag-fiat-stilo-obudowa-klucza","15":"product_tag-klucz-do-fiata","16":"product_tag-klucz-do-fiata-500","17":"product_tag-klucz-do-fiata-brava","18":"product_tag-klucz-do-fiata-punto","19":"product_tag-muszla-klucza-fiat","21":"first","22":"instock","23":"shipping-taxable","24":"product-type-simple"},"yoast_head":"<!-- This site is optimized with the Yoast SEO plugin v27.6 - https:\/\/yoast.com\/product\/yoast-seo-wordpress\/ -->\n<title>Kluczowa produkcja dla samochod\u00f3w Fiat - Keys for auto<\/title>\n<meta name=\"robots\" content=\"index, follow, max-snippet:-1, max-image-preview:large, max-video-preview:-1\" \/>\n<link rel=\"canonical\" href=\"https:\/\/keys-for-auto.eu\/pl\/product\/klucz-produkcji-dla-samochodow-fiatow\/\" \/>\n<meta property=\"og:locale\" content=\"pl_PL\" \/>\n<meta property=\"og:type\" content=\"article\" \/>\n<meta property=\"og:title\" content=\"Kluczowa produkcja dla samochod\u00f3w Fiat - Keys for auto\" \/>\n<meta property=\"og:description\" content=\"Produkcja kluczy samochodowych  Produkcja nowych kluczy samochodowych, programowanie kluczy (&quot;wi\u0105zanie&quot; z samochodem)  Usuwanie z pami\u0119ci samochodu wcze\u015bniej zgubionych kluczyk\u00f3w  Produkcja klucza zap\u0142onowego wed\u0142ug zamka  Naprawa kluczy samochodowych (wymiana przycisk\u00f3w, muszli, mechanizm\u00f3w)  Awaryjne odblokowanie samochodu  Wymiana kluczy, etui na klucze  Wy\u0142\u0105czenie oprogramowania DPF \/ FAP  Programowe usuni\u0119cie EGR  Wy\u0142\u0105czenie oprogramowania immobilizera (immo Off)  Jednostka steruj\u0105ca silnika (ECU) naprawa, klonowanie, programowanie  SRS (programowanie jednostki steruj\u0105cej poduszk\u0105 powietrzn\u0105)  przedmioty wysy\u0142ane w ci\u0105gu 3 dni roboczych.* Cechy produkcji kluczy Fiat Produkcja kluczy Fiata. Je\u015bli zgubisz jeden klucz lub ca\u0142y p\u0119k kluczy, nie musisz si\u0119 smuci\u0107, poniewa\u017c specjalista jest zawsze gotowy, aby pom\u00f3c Ci rozwi\u0105za\u0107 to trudne zadanie. Nowoczesne mo\u017cliwo\u015bci technologiczne pozwalaj\u0105 mistrzowi na produkcj\u0119 nowych kopii kluczy samochodowych zgodnie z zamkiem. Na uszkodzonych jednostkach przeprowadzane s\u0105 naprawy. W razie potrzeby wymiana korpusu lub odbudowa mechaniczna - produkcja grotu klucza z p\u00f3\u0142fabrykatu. Korzystaj\u0105c z nowoczesnych obrabiarek z kontrol\u0105 oprogramowania, technik mo\u017ce wprowadzi\u0107 wymagane parametry i uzyska\u0107 dok\u0142adn\u0105 kopi\u0119 oryginalnego klucza. Taki zabieg przeprowadzany jest stosunkowo szybko i trwa zaledwie kilka minut. Obecno\u015b\u0107 samochodu nie zawsze jest konieczna. Wystarczy zdemontowa\u0107 klamk\u0119 drzwi, aby technik m\u00f3g\u0142 odtworzy\u0107 obraz ostrza klucza z zamka. Produkcja kluczy Fiat | Produkcja kluczy Chip W przypadku utraty kluczyka zaleca si\u0119 usuni\u0119cie jego danych z pami\u0119ci samochodu, aby uniemo\u017cliwi\u0107 jego zabranie. W tym przypadku klucz zostanie usuni\u0119ty z pami\u0119ci podczas programowania. Nie zaleca si\u0119 samodzielnej pr\u00f3by usuni\u0119cia chipa z uszkodzonego klucza, gdy\u017c istnieje mo\u017cliwo\u015b\u0107 rozbicia znajduj\u0105cego si\u0119 wewn\u0105trz elementu szklanego. W wi\u0119kszo\u015bci przypadk\u00f3w dorobienie klucza do Fiata z programowaniem chipowym zajmuje oko\u0142o 20 minut. Nie ma konieczno\u015bci przebywania w samochodzie podczas zabiegu. Jednak w tym przypadku w\u0142a\u015bciciel lub technik b\u0119dzie musia\u0142 zdemontowa\u0107 urz\u0105dzenie, kt\u00f3re znajduje si\u0119 nad peda\u0142em i jest \u0142atwo dost\u0119pne. Je\u015bli oryginalne klucze zosta\u0142y zgubione, duplikaty kluczy zostan\u0105 wprowadzone po przeprogramowaniu systemu. Konkretnie najpierw dopasowanie, a potem synchronizacja wt\u00f3rnik\u00f3w z oprogramowaniem pojazdu. Je\u015bli kopia klucza Fiata jest wykonywana przy u\u017cyciu oryginalnego klucza, w tym przypadku niezb\u0119dne dane s\u0105 odczytywane z oryginalnego klucza, a nast\u0119pnie przenoszone do chipa duplikatu. Weryfikacja funkcjonalno\u015bci to ostatni etap programowania. Po zako\u0144czeniu wszystkich prac mistrz rzemie\u015blniczy udziela gwarancji na swoje us\u0142ugi, dzi\u0119ki czemu klient mo\u017ce by\u0107 w pe\u0142ni przekonany, \u017ce duplikat klucza b\u0119dzie wolny od problem\u00f3w i usterek.\" \/>\n<meta property=\"og:url\" content=\"https:\/\/keys-for-auto.eu\/pl\/product\/klucz-produkcji-dla-samochodow-fiatow\/\" \/>\n<meta property=\"og:site_name\" content=\"Keys for auto\" \/>\n<meta property=\"article:publisher\" content=\"https:\/\/www.facebook.com\/KeysForAutoEU\" \/>\n<meta property=\"og:image\" content=\"https:\/\/i0.wp.com\/keys-for-auto.eu\/wp-content\/uploads\/2022\/12\/admin-ajax__1_-removebg-preview-1.png?fit=496%2C435&ssl=1\" \/>\n\t<meta property=\"og:image:width\" content=\"496\" \/>\n\t<meta property=\"og:image:height\" content=\"435\" \/>\n\t<meta property=\"og:image:type\" content=\"image\/png\" \/>\n<meta name=\"twitter:card\" content=\"summary_large_image\" \/>\n<script type=\"application\/ld+json\" class=\"yoast-schema-graph\">{\"@context\":\"https:\\\/\\\/schema.org\",\"@graph\":[{\"@type\":[\"WebPage\",\"ItemPage\"],\"@id\":\"https:\\\/\\\/keys-for-auto.eu\\\/pl\\\/product\\\/klucz-produkcji-dla-samochodow-fiatow\\\/\",\"url\":\"https:\\\/\\\/keys-for-auto.eu\\\/pl\\\/product\\\/klucz-produkcji-dla-samochodow-fiatow\\\/\",\"name\":\"Kluczowa produkcja dla samochod\u00f3w Fiat - Keys for auto\",\"isPartOf\":{\"@id\":\"https:\\\/\\\/keys-for-auto.eu\\\/pl\\\/#website\"},\"primaryImageOfPage\":{\"@id\":\"https:\\\/\\\/keys-for-auto.eu\\\/pl\\\/product\\\/klucz-produkcji-dla-samochodow-fiatow\\\/#primaryimage\"},\"image\":{\"@id\":\"https:\\\/\\\/keys-for-auto.eu\\\/pl\\\/product\\\/klucz-produkcji-dla-samochodow-fiatow\\\/#primaryimage\"},\"thumbnailUrl\":\"https:\\\/\\\/keys-for-auto.eu\\\/wp-content\\\/uploads\\\/2022\\\/12\\\/admin-ajax__1_-removebg-preview-1.png\",\"datePublished\":\"2017-08-17T23:32:04+00:00\",\"breadcrumb\":{\"@id\":\"https:\\\/\\\/keys-for-auto.eu\\\/pl\\\/product\\\/klucz-produkcji-dla-samochodow-fiatow\\\/#breadcrumb\"},\"inLanguage\":\"pl-PL\",\"potentialAction\":[{\"@type\":\"ReadAction\",\"target\":[\"https:\\\/\\\/keys-for-auto.eu\\\/pl\\\/product\\\/klucz-produkcji-dla-samochodow-fiatow\\\/\"]}]},{\"@type\":\"ImageObject\",\"inLanguage\":\"pl-PL\",\"@id\":\"https:\\\/\\\/keys-for-auto.eu\\\/pl\\\/product\\\/klucz-produkcji-dla-samochodow-fiatow\\\/#primaryimage\",\"url\":\"https:\\\/\\\/keys-for-auto.eu\\\/wp-content\\\/uploads\\\/2022\\\/12\\\/admin-ajax__1_-removebg-preview-1.png\",\"contentUrl\":\"https:\\\/\\\/keys-for-auto.eu\\\/wp-content\\\/uploads\\\/2022\\\/12\\\/admin-ajax__1_-removebg-preview-1.png\",\"width\":496,\"height\":435},{\"@type\":\"BreadcrumbList\",\"@id\":\"https:\\\/\\\/keys-for-auto.eu\\\/pl\\\/product\\\/klucz-produkcji-dla-samochodow-fiatow\\\/#breadcrumb\",\"itemListElement\":[{\"@type\":\"ListItem\",\"position\":1,\"name\":\"Strona g\u0142\u00f3wna\",\"item\":\"https:\\\/\\\/keys-for-auto.eu\\\/pl\\\/\"},{\"@type\":\"ListItem\",\"position\":2,\"name\":\"Shop\",\"item\":\"https:\\\/\\\/keys-for-auto.eu\\\/\"},{\"@type\":\"ListItem\",\"position\":3,\"name\":\"Kluczowa produkcja dla samochod\u00f3w Fiat\"}]},{\"@type\":\"WebSite\",\"@id\":\"https:\\\/\\\/keys-for-auto.eu\\\/pl\\\/#website\",\"url\":\"https:\\\/\\\/keys-for-auto.eu\\\/pl\\\/\",\"name\":\"Keys for auto\",\"description\":\"Car keys,  key shells, key programming\",\"publisher\":{\"@id\":\"https:\\\/\\\/keys-for-auto.eu\\\/pl\\\/#organization\"},\"potentialAction\":[{\"@type\":\"SearchAction\",\"target\":{\"@type\":\"EntryPoint\",\"urlTemplate\":\"https:\\\/\\\/keys-for-auto.eu\\\/pl\\\/?s={search_term_string}\"},\"query-input\":{\"@type\":\"PropertyValueSpecification\",\"valueRequired\":true,\"valueName\":\"search_term_string\"}}],\"inLanguage\":\"pl-PL\"},{\"@type\":\"Organization\",\"@id\":\"https:\\\/\\\/keys-for-auto.eu\\\/pl\\\/#organization\",\"name\":\"Klucze do samochodu\",\"url\":\"https:\\\/\\\/keys-for-auto.eu\\\/pl\\\/\",\"logo\":{\"@type\":\"ImageObject\",\"inLanguage\":\"pl-PL\",\"@id\":\"https:\\\/\\\/keys-for-auto.eu\\\/pl\\\/#\\\/schema\\\/logo\\\/image\\\/\",\"url\":\"https:\\\/\\\/keys-for-auto.eu\\\/wp-content\\\/uploads\\\/2022\\\/11\\\/cropped-png1.png\",\"contentUrl\":\"https:\\\/\\\/keys-for-auto.eu\\\/wp-content\\\/uploads\\\/2022\\\/11\\\/cropped-png1.png\",\"width\":1000,\"height\":342,\"caption\":\"Klucze do samochodu\"},\"image\":{\"@id\":\"https:\\\/\\\/keys-for-auto.eu\\\/pl\\\/#\\\/schema\\\/logo\\\/image\\\/\"},\"sameAs\":[\"https:\\\/\\\/www.facebook.com\\\/KeysForAutoEU\"]}]}<\/script>\n<!-- \/ Yoast SEO plugin. -->","yoast_head_json":{"title":"Kluczowa produkcja dla samochod\u00f3w Fiat - Keys for auto","robots":{"index":"index","follow":"follow","max-snippet":"max-snippet:-1","max-image-preview":"max-image-preview:large","max-video-preview":"max-video-preview:-1"},"canonical":"https:\/\/keys-for-auto.eu\/pl\/product\/klucz-produkcji-dla-samochodow-fiatow\/","og_locale":"pl_PL","og_type":"article","og_title":"Kluczowa produkcja dla samochod\u00f3w Fiat - Keys for auto","og_description":"Produkcja kluczy samochodowych  Produkcja nowych kluczy samochodowych, programowanie kluczy (\"wi\u0105zanie\" z samochodem)  Usuwanie z pami\u0119ci samochodu wcze\u015bniej zgubionych kluczyk\u00f3w  Produkcja klucza zap\u0142onowego wed\u0142ug zamka  Naprawa kluczy samochodowych (wymiana przycisk\u00f3w, muszli, mechanizm\u00f3w)  Awaryjne odblokowanie samochodu  Wymiana kluczy, etui na klucze  Wy\u0142\u0105czenie oprogramowania DPF \/ FAP  Programowe usuni\u0119cie EGR  Wy\u0142\u0105czenie oprogramowania immobilizera (immo Off)  Jednostka steruj\u0105ca silnika (ECU) naprawa, klonowanie, programowanie  SRS (programowanie jednostki steruj\u0105cej poduszk\u0105 powietrzn\u0105)  przedmioty wysy\u0142ane w ci\u0105gu 3 dni roboczych.* Cechy produkcji kluczy Fiat Produkcja kluczy Fiata. Je\u015bli zgubisz jeden klucz lub ca\u0142y p\u0119k kluczy, nie musisz si\u0119 smuci\u0107, poniewa\u017c specjalista jest zawsze gotowy, aby pom\u00f3c Ci rozwi\u0105za\u0107 to trudne zadanie. Nowoczesne mo\u017cliwo\u015bci technologiczne pozwalaj\u0105 mistrzowi na produkcj\u0119 nowych kopii kluczy samochodowych zgodnie z zamkiem. Na uszkodzonych jednostkach przeprowadzane s\u0105 naprawy. W razie potrzeby wymiana korpusu lub odbudowa mechaniczna - produkcja grotu klucza z p\u00f3\u0142fabrykatu. Korzystaj\u0105c z nowoczesnych obrabiarek z kontrol\u0105 oprogramowania, technik mo\u017ce wprowadzi\u0107 wymagane parametry i uzyska\u0107 dok\u0142adn\u0105 kopi\u0119 oryginalnego klucza. Taki zabieg przeprowadzany jest stosunkowo szybko i trwa zaledwie kilka minut. Obecno\u015b\u0107 samochodu nie zawsze jest konieczna. Wystarczy zdemontowa\u0107 klamk\u0119 drzwi, aby technik m\u00f3g\u0142 odtworzy\u0107 obraz ostrza klucza z zamka. Produkcja kluczy Fiat | Produkcja kluczy Chip W przypadku utraty kluczyka zaleca si\u0119 usuni\u0119cie jego danych z pami\u0119ci samochodu, aby uniemo\u017cliwi\u0107 jego zabranie. W tym przypadku klucz zostanie usuni\u0119ty z pami\u0119ci podczas programowania. Nie zaleca si\u0119 samodzielnej pr\u00f3by usuni\u0119cia chipa z uszkodzonego klucza, gdy\u017c istnieje mo\u017cliwo\u015b\u0107 rozbicia znajduj\u0105cego si\u0119 wewn\u0105trz elementu szklanego. W wi\u0119kszo\u015bci przypadk\u00f3w dorobienie klucza do Fiata z programowaniem chipowym zajmuje oko\u0142o 20 minut. Nie ma konieczno\u015bci przebywania w samochodzie podczas zabiegu. Jednak w tym przypadku w\u0142a\u015bciciel lub technik b\u0119dzie musia\u0142 zdemontowa\u0107 urz\u0105dzenie, kt\u00f3re znajduje si\u0119 nad peda\u0142em i jest \u0142atwo dost\u0119pne. Je\u015bli oryginalne klucze zosta\u0142y zgubione, duplikaty kluczy zostan\u0105 wprowadzone po przeprogramowaniu systemu. Konkretnie najpierw dopasowanie, a potem synchronizacja wt\u00f3rnik\u00f3w z oprogramowaniem pojazdu. Je\u015bli kopia klucza Fiata jest wykonywana przy u\u017cyciu oryginalnego klucza, w tym przypadku niezb\u0119dne dane s\u0105 odczytywane z oryginalnego klucza, a nast\u0119pnie przenoszone do chipa duplikatu. Weryfikacja funkcjonalno\u015bci to ostatni etap programowania. Po zako\u0144czeniu wszystkich prac mistrz rzemie\u015blniczy udziela gwarancji na swoje us\u0142ugi, dzi\u0119ki czemu klient mo\u017ce by\u0107 w pe\u0142ni przekonany, \u017ce duplikat klucza b\u0119dzie wolny od problem\u00f3w i usterek.","og_url":"https:\/\/keys-for-auto.eu\/pl\/product\/klucz-produkcji-dla-samochodow-fiatow\/","og_site_name":"Keys for auto","article_publisher":"https:\/\/www.facebook.com\/KeysForAutoEU","og_image":[{"width":496,"height":435,"url":"https:\/\/i0.wp.com\/keys-for-auto.eu\/wp-content\/uploads\/2022\/12\/admin-ajax__1_-removebg-preview-1.png?fit=496%2C435&ssl=1","type":"image\/png"}],"twitter_card":"summary_large_image","schema":{"@context":"https:\/\/schema.org","@graph":[{"@type":["WebPage","ItemPage"],"@id":"https:\/\/keys-for-auto.eu\/pl\/product\/klucz-produkcji-dla-samochodow-fiatow\/","url":"https:\/\/keys-for-auto.eu\/pl\/product\/klucz-produkcji-dla-samochodow-fiatow\/","name":"Kluczowa produkcja dla samochod\u00f3w Fiat - Keys for auto","isPartOf":{"@id":"https:\/\/keys-for-auto.eu\/pl\/#website"},"primaryImageOfPage":{"@id":"https:\/\/keys-for-auto.eu\/pl\/product\/klucz-produkcji-dla-samochodow-fiatow\/#primaryimage"},"image":{"@id":"https:\/\/keys-for-auto.eu\/pl\/product\/klucz-produkcji-dla-samochodow-fiatow\/#primaryimage"},"thumbnailUrl":"https:\/\/keys-for-auto.eu\/wp-content\/uploads\/2022\/12\/admin-ajax__1_-removebg-preview-1.png","datePublished":"2017-08-17T23:32:04+00:00","breadcrumb":{"@id":"https:\/\/keys-for-auto.eu\/pl\/product\/klucz-produkcji-dla-samochodow-fiatow\/#breadcrumb"},"inLanguage":"pl-PL","potentialAction":[{"@type":"ReadAction","target":["https:\/\/keys-for-auto.eu\/pl\/product\/klucz-produkcji-dla-samochodow-fiatow\/"]}]},{"@type":"ImageObject","inLanguage":"pl-PL","@id":"https:\/\/keys-for-auto.eu\/pl\/product\/klucz-produkcji-dla-samochodow-fiatow\/#primaryimage","url":"https:\/\/keys-for-auto.eu\/wp-content\/uploads\/2022\/12\/admin-ajax__1_-removebg-preview-1.png","contentUrl":"https:\/\/keys-for-auto.eu\/wp-content\/uploads\/2022\/12\/admin-ajax__1_-removebg-preview-1.png","width":496,"height":435},{"@type":"BreadcrumbList","@id":"https:\/\/keys-for-auto.eu\/pl\/product\/klucz-produkcji-dla-samochodow-fiatow\/#breadcrumb","itemListElement":[{"@type":"ListItem","position":1,"name":"Strona g\u0142\u00f3wna","item":"https:\/\/keys-for-auto.eu\/pl\/"},{"@type":"ListItem","position":2,"name":"Shop","item":"https:\/\/keys-for-auto.eu\/"},{"@type":"ListItem","position":3,"name":"Kluczowa produkcja dla samochod\u00f3w Fiat"}]},{"@type":"WebSite","@id":"https:\/\/keys-for-auto.eu\/pl\/#website","url":"https:\/\/keys-for-auto.eu\/pl\/","name":"Keys for auto","description":"Car keys,  key shells, key programming","publisher":{"@id":"https:\/\/keys-for-auto.eu\/pl\/#organization"},"potentialAction":[{"@type":"SearchAction","target":{"@type":"EntryPoint","urlTemplate":"https:\/\/keys-for-auto.eu\/pl\/?s={search_term_string}"},"query-input":{"@type":"PropertyValueSpecification","valueRequired":true,"valueName":"search_term_string"}}],"inLanguage":"pl-PL"},{"@type":"Organization","@id":"https:\/\/keys-for-auto.eu\/pl\/#organization","name":"Klucze do samochodu","url":"https:\/\/keys-for-auto.eu\/pl\/","logo":{"@type":"ImageObject","inLanguage":"pl-PL","@id":"https:\/\/keys-for-auto.eu\/pl\/#\/schema\/logo\/image\/","url":"https:\/\/keys-for-auto.eu\/wp-content\/uploads\/2022\/11\/cropped-png1.png","contentUrl":"https:\/\/keys-for-auto.eu\/wp-content\/uploads\/2022\/11\/cropped-png1.png","width":1000,"height":342,"caption":"Klucze do samochodu"},"image":{"@id":"https:\/\/keys-for-auto.eu\/pl\/#\/schema\/logo\/image\/"},"sameAs":["https:\/\/www.facebook.com\/KeysForAutoEU"]}]}},"_links":{"self":[{"href":"https:\/\/keys-for-auto.eu\/pl\/wp-json\/wp\/v2\/product\/16759","targetHints":{"allow":["GET"]}}],"collection":[{"href":"https:\/\/keys-for-auto.eu\/pl\/wp-json\/wp\/v2\/product"}],"about":[{"href":"https:\/\/keys-for-auto.eu\/pl\/wp-json\/wp\/v2\/types\/product"}],"replies":[{"embeddable":true,"href":"https:\/\/keys-for-auto.eu\/pl\/wp-json\/wp\/v2\/comments?post=16759"}],"wp:featuredmedia":[{"embeddable":true,"href":"https:\/\/keys-for-auto.eu\/pl\/wp-json\/wp\/v2\/media\/13313"}],"wp:attachment":[{"href":"https:\/\/keys-for-auto.eu\/pl\/wp-json\/wp\/v2\/media?parent=16759"}],"wp:term":[{"taxonomy":"product_brand","embeddable":true,"href":"https:\/\/keys-for-auto.eu\/pl\/wp-json\/wp\/v2\/product_brand?post=16759"},{"taxonomy":"product_cat","embeddable":true,"href":"https:\/\/keys-for-auto.eu\/pl\/wp-json\/wp\/v2\/product_cat?post=16759"},{"taxonomy":"product_tag","embeddable":true,"href":"https:\/\/keys-for-auto.eu\/pl\/wp-json\/wp\/v2\/product_tag?post=16759"}],"curies":[{"name":"wp","href":"https:\/\/api.w.org\/{rel}","templated":true}]}}