{"id":16754,"date":"2017-12-03T20:02:05","date_gmt":"2017-12-03T20:02:05","guid":{"rendered":"https:\/\/keys-for-auto.eu\/product\/produkcja-kluczy-do-samochodow-marki-nissan\/"},"modified":"2017-12-03T20:02:05","modified_gmt":"2017-12-03T20:02:05","slug":"production-of-keys-for-nissan-cars","status":"publish","type":"product","link":"https:\/\/keys-for-auto.eu\/pl\/product\/production-of-keys-for-nissan-cars\/","title":{"rendered":"Produkcja kluczy do samochod\u00f3w marki Nissan"},"content":{"rendered":"<p>Produkcja kluczy do Nissana. Nierzadko mo\u017cna zobaczy\u0107 emblemat soko\u0142a na przedniej szybie samochodu marki Nissan. Jest to logo firmy NATS, japo\u0144skiego producenta system\u00f3w antykradzie\u017cowych. Koncern motoryzacyjny rozpocz\u0105\u0142 wprowadzanie tych system\u00f3w w 1995 roku. Jednym z element\u00f3w systemu Nissan AntiTheft jest kluczyk z wbudowanym transceiverem. W przypadku pr\u00f3by uruchomienia samochodu przy u\u017cyciu niew\u0142a\u015bciwego urz\u0105dzenia, system antykradzie\u017cowy blokuje silnik pojazdu. Produkcja kluczy do Nissana ma zatem szereg cech szczeg\u00f3lnych.<\/p>\n<h2>Produkcja kluczy do Nissana &#8211; dlaczego nie skopiowa\u0107 klucza samodzielnie?<\/h2>\n<p>System NATS jest stale ulepszany od momentu jego powstania. Pierwsze generacje kluczy wygl\u0105da\u0142y jak konwencjonalne klucze, a \u017ceby otworzy\u0107 samoch\u00f3d wystarczy\u0142o przekr\u0119ci\u0107 odblokowywacz w stacyjce. Jednak nowoczesne modele Nissana s\u0105 wyposa\u017cone w &#8222;inteligentne&#8221; kluczyki (z wieloma przyciskami steruj\u0105cymi na korpusie) lub inteligentne urz\u0105dzenia. W tym pierwszym przypadku, aby wej\u015b\u0107 do samochodu wystarczy podej\u015b\u0107 do drzwi. Immobilizer rozpoznaje inteligentny kluczyk i umo\u017cliwia sterowanie samochodem. Aby uruchomi\u0107 silnik, nale\u017cy przekr\u0119ci\u0107 plastikowe pokr\u0119t\u0142o na stacyjce.<\/p>\n<p>Inteligentne urz\u0105dzenie jest cz\u0119\u015bci\u0105 najbardziej innowacyjnej wersji systemu antykradzie\u017cowego. Wyposa\u017cony jest r\u00f3wnie\u017c w przycisk START\/STOP, kt\u00f3ry dzia\u0142a tylko wtedy, gdy kluczyk znajduje si\u0119 w kabinie (w specjalnej szczelinie, na siedzeniu lub w kieszeni w\u0142a\u015bciciela).<\/p>\n<p>Produkcja klucza zapasowego odbywa si\u0119 w dw\u00f3ch etapach. Pierwszym z nich jest skopiowanie cz\u0119\u015bci mechanicznej klucza (ostrze wsp\u00f3\u0142czesnych kluczy jest zwykle schowane w obudowie breloka). Drugi to zapis kod\u00f3w urz\u0105dze\u0144 przyciskowych lub adaptacja bloku inteligentnych kluczy. Ten proces lepiej pozostawi\u0107 specjalistom, poniewa\u017c samoch\u00f3d blokuje silnik ju\u017c przy pierwszej pr\u00f3bie samodzielnego zaprogramowania chipa. Specjali\u015bci posiadaj\u0105 wszystkie niezb\u0119dne urz\u0105dzenia i programy do tuningu immobilizera i kluczy Nissana. Wybior\u0105 oni unikalny kod przypisany do konkretnego samochodu i wgraj\u0105 te dane do chipa. Nast\u0119pnie mesitras w pe\u0142ni dostroi system, aby by\u0142 wolny od b\u0142\u0119d\u00f3w i reagowa\u0142 na czas, gdy w\u0142a\u015bciciel podejdzie z kluczem. Zatem przy prawid\u0142owo dzia\u0142aj\u0105cym systemie NATS samoch\u00f3d b\u0119dzie bezpieczny.<\/p>\n","protected":false},"excerpt":{"rendered":"<h3>Zajmujemy si\u0119 produkcj\u0105 i programowaniem kluczy do samochod\u00f3w marki Nissan.<\/h3>\n<ul>\n<li>\n<h3>Produkcja kluczy do Nissana<\/h3>\n<\/li>\n<li>\n<h3>Programowanie kluczy do Nissana<\/h3>\n<\/li>\n<li>\n<h3>Naprawa kluczy Nissana<\/h3>\n<\/li>\n<li>\n<h3>Futera\u0142y na klucze do Nissana<\/h3>\n<\/li>\n<li>\n<h3>Awaryjne odblokowywanie samochod\u00f3w marki Nissan<\/h3>\n<\/li>\n<\/ul>\n<h3><strong>Produkcja kluczy samochodowych<\/strong><\/h3>\n<ul>\n<li><strong>Produkcja nowych kluczy samochodowych, programowanie kluczy (&#8222;wi\u0105zanie&#8221; z samochodem)<\/strong><\/li>\n<li><strong>Usuwanie z pami\u0119ci samochodu wcze\u015bniej zgubionych kluczyk\u00f3w<\/strong><\/li>\n<li><strong>Produkcja klucza zap\u0142onowego wed\u0142ug zamka<\/strong><\/li>\n<li><strong>Naprawa kluczy samochodowych (wymiana przycisk\u00f3w, muszli, mechanizm\u00f3w)<\/strong><\/li>\n<li><strong>Awaryjne odblokowanie samochodu<\/strong><\/li>\n<li><strong>Wymiana kluczy, etui na klucze<\/strong><\/li>\n<li><strong>Wy\u0142\u0105czenie oprogramowania DPF \/ FAP<\/strong><\/li>\n<li><strong>Programowe usuni\u0119cie EGR<\/strong><\/li>\n<li><strong>Wy\u0142\u0105czenie oprogramowania immobilizera (immo Off)<\/strong><\/li>\n<li><strong>Jednostka steruj\u0105ca silnika (ECU) naprawa, klonowanie, programowanie<\/strong><\/li>\n<li><strong>SRS (programowanie jednostki steruj\u0105cej poduszk\u0105 powietrzn\u0105)<\/strong><\/li>\n<\/ul>\n<h4><strong>  przedmioty wysy\u0142ane w ci\u0105gu 3 dni roboczych.*<\/strong><\/h4>\n","protected":false},"featured_media":14518,"comment_status":"open","ping_status":"closed","template":"","meta":[],"product_brand":[],"product_cat":[2955,2776],"product_tag":[3212,3235,2957,3393,3224,2997,3251,3255,3387,3260,3390,2978,3239,2969,3230,2979,2987,3052,3206,3005,3264,2993,3355,3277,3360,3242,3219,2974],"class_list":{"0":"post-16754","1":"product","2":"type-product","3":"status-publish","4":"has-post-thumbnail","6":"product_cat-nissan-pl","7":"product_cat-produkcja-kluczy","8":"product_tag-klucz-do-nissana","9":"product_tag-klucz-do-nissana-patrola","10":"product_tag-muszla-klucza-nissana","11":"product_tag-nissan-pl","12":"product_tag-nissan-almera-klucz","13":"product_tag-nissan-almera-obudowa-klucza","14":"product_tag-nissan-altima-klucz","15":"product_tag-nissan-cube-klucz","16":"product_tag-nissan-cube-obudowa-klucza","17":"product_tag-nissan-juke-klucz","18":"product_tag-nissan-juke-obudowa-klucza","19":"product_tag-nissan-maxima-obudowa-klucza","20":"product_tag-nissan-micra-klucz","21":"product_tag-nissan-micra-obudowa-klucza","22":"product_tag-nissan-mikra-klucz","23":"product_tag-nissan-navara-obudowa-klucza","24":"product_tag-nissan-note-obudowa-klucza","25":"product_tag-nissan-primastar-obudowa-klucza","26":"product_tag-nissan-primera-klucz","27":"product_tag-nissan-primera-obudowa-klucza","28":"product_tag-nissan-qashqai-klucz","29":"product_tag-nissan-qashqai-klucze-skorupa","30":"product_tag-nissan-qashqai-obudowa-klucza","31":"product_tag-nissan-rogue-klucz","32":"product_tag-nissan-sunny-obudowa-klucza","33":"product_tag-nissan-terrano-klucz","34":"product_tag-nissan-x-trail-klucz","35":"product_tag-nissan-x-trail-obudowa-klucza","37":"first","38":"instock","39":"shipping-taxable","40":"product-type-simple"},"yoast_head":"<!-- This site is optimized with the Yoast SEO plugin v27.6 - https:\/\/yoast.com\/product\/yoast-seo-wordpress\/ -->\n<title>Produkcja kluczy do samochod\u00f3w marki Nissan - Keys for auto<\/title>\n<meta name=\"robots\" content=\"index, follow, max-snippet:-1, max-image-preview:large, max-video-preview:-1\" \/>\n<link rel=\"canonical\" href=\"https:\/\/keys-for-auto.eu\/pl\/product\/production-of-keys-for-nissan-cars\/\" \/>\n<meta property=\"og:locale\" content=\"pl_PL\" \/>\n<meta property=\"og:type\" content=\"article\" \/>\n<meta property=\"og:title\" content=\"Produkcja kluczy do samochod\u00f3w marki Nissan - Keys for auto\" \/>\n<meta property=\"og:description\" content=\"Zajmujemy si\u0119 produkcj\u0105 i programowaniem kluczy do samochod\u00f3w marki Nissan.   Produkcja kluczy do Nissana   Programowanie kluczy do Nissana   Naprawa kluczy Nissana   Futera\u0142y na klucze do Nissana   Awaryjne odblokowywanie samochod\u00f3w marki Nissan  Produkcja kluczy samochodowych  Produkcja nowych kluczy samochodowych, programowanie kluczy (&quot;wi\u0105zanie&quot; z samochodem)  Usuwanie z pami\u0119ci samochodu wcze\u015bniej zgubionych kluczyk\u00f3w  Produkcja klucza zap\u0142onowego wed\u0142ug zamka  Naprawa kluczy samochodowych (wymiana przycisk\u00f3w, muszli, mechanizm\u00f3w)  Awaryjne odblokowanie samochodu  Wymiana kluczy, etui na klucze  Wy\u0142\u0105czenie oprogramowania DPF \/ FAP  Programowe usuni\u0119cie EGR  Wy\u0142\u0105czenie oprogramowania immobilizera (immo Off)  Jednostka steruj\u0105ca silnika (ECU) naprawa, klonowanie, programowanie  SRS (programowanie jednostki steruj\u0105cej poduszk\u0105 powietrzn\u0105)  przedmioty wysy\u0142ane w ci\u0105gu 3 dni roboczych.*\" \/>\n<meta property=\"og:url\" content=\"https:\/\/keys-for-auto.eu\/pl\/product\/production-of-keys-for-nissan-cars\/\" \/>\n<meta property=\"og:site_name\" content=\"Keys for auto\" \/>\n<meta property=\"article:publisher\" content=\"https:\/\/www.facebook.com\/KeysForAutoEU\" \/>\n<meta property=\"og:image\" content=\"https:\/\/i0.wp.com\/keys-for-auto.eu\/wp-content\/uploads\/2022\/12\/nissan-logo-preview-400x400-1.png?fit=400%2C400&ssl=1\" \/>\n\t<meta property=\"og:image:width\" content=\"400\" \/>\n\t<meta property=\"og:image:height\" content=\"400\" \/>\n\t<meta property=\"og:image:type\" content=\"image\/png\" \/>\n<meta name=\"twitter:card\" content=\"summary_large_image\" \/>\n<meta name=\"twitter:label1\" content=\"Szacowany czas czytania\" \/>\n\t<meta name=\"twitter:data1\" content=\"2 minuty\" \/>\n<script type=\"application\/ld+json\" class=\"yoast-schema-graph\">{\"@context\":\"https:\\\/\\\/schema.org\",\"@graph\":[{\"@type\":[\"WebPage\",\"ItemPage\"],\"@id\":\"https:\\\/\\\/keys-for-auto.eu\\\/pl\\\/product\\\/production-of-keys-for-nissan-cars\\\/\",\"url\":\"https:\\\/\\\/keys-for-auto.eu\\\/pl\\\/product\\\/production-of-keys-for-nissan-cars\\\/\",\"name\":\"Produkcja kluczy do samochod\u00f3w marki Nissan - Keys for auto\",\"isPartOf\":{\"@id\":\"https:\\\/\\\/keys-for-auto.eu\\\/pl\\\/#website\"},\"primaryImageOfPage\":{\"@id\":\"https:\\\/\\\/keys-for-auto.eu\\\/pl\\\/product\\\/production-of-keys-for-nissan-cars\\\/#primaryimage\"},\"image\":{\"@id\":\"https:\\\/\\\/keys-for-auto.eu\\\/pl\\\/product\\\/production-of-keys-for-nissan-cars\\\/#primaryimage\"},\"thumbnailUrl\":\"https:\\\/\\\/keys-for-auto.eu\\\/wp-content\\\/uploads\\\/2022\\\/12\\\/nissan-logo-preview-400x400-1.png\",\"datePublished\":\"2017-12-03T20:02:05+00:00\",\"breadcrumb\":{\"@id\":\"https:\\\/\\\/keys-for-auto.eu\\\/pl\\\/product\\\/production-of-keys-for-nissan-cars\\\/#breadcrumb\"},\"inLanguage\":\"pl-PL\",\"potentialAction\":[{\"@type\":\"ReadAction\",\"target\":[\"https:\\\/\\\/keys-for-auto.eu\\\/pl\\\/product\\\/production-of-keys-for-nissan-cars\\\/\"]}]},{\"@type\":\"ImageObject\",\"inLanguage\":\"pl-PL\",\"@id\":\"https:\\\/\\\/keys-for-auto.eu\\\/pl\\\/product\\\/production-of-keys-for-nissan-cars\\\/#primaryimage\",\"url\":\"https:\\\/\\\/keys-for-auto.eu\\\/wp-content\\\/uploads\\\/2022\\\/12\\\/nissan-logo-preview-400x400-1.png\",\"contentUrl\":\"https:\\\/\\\/keys-for-auto.eu\\\/wp-content\\\/uploads\\\/2022\\\/12\\\/nissan-logo-preview-400x400-1.png\",\"width\":400,\"height\":400},{\"@type\":\"BreadcrumbList\",\"@id\":\"https:\\\/\\\/keys-for-auto.eu\\\/pl\\\/product\\\/production-of-keys-for-nissan-cars\\\/#breadcrumb\",\"itemListElement\":[{\"@type\":\"ListItem\",\"position\":1,\"name\":\"Strona g\u0142\u00f3wna\",\"item\":\"https:\\\/\\\/keys-for-auto.eu\\\/pl\\\/\"},{\"@type\":\"ListItem\",\"position\":2,\"name\":\"Shop\",\"item\":\"https:\\\/\\\/keys-for-auto.eu\\\/\"},{\"@type\":\"ListItem\",\"position\":3,\"name\":\"Produkcja kluczy do samochod\u00f3w marki Nissan\"}]},{\"@type\":\"WebSite\",\"@id\":\"https:\\\/\\\/keys-for-auto.eu\\\/pl\\\/#website\",\"url\":\"https:\\\/\\\/keys-for-auto.eu\\\/pl\\\/\",\"name\":\"Keys for auto\",\"description\":\"Car keys,  key shells, key programming\",\"publisher\":{\"@id\":\"https:\\\/\\\/keys-for-auto.eu\\\/pl\\\/#organization\"},\"potentialAction\":[{\"@type\":\"SearchAction\",\"target\":{\"@type\":\"EntryPoint\",\"urlTemplate\":\"https:\\\/\\\/keys-for-auto.eu\\\/pl\\\/?s={search_term_string}\"},\"query-input\":{\"@type\":\"PropertyValueSpecification\",\"valueRequired\":true,\"valueName\":\"search_term_string\"}}],\"inLanguage\":\"pl-PL\"},{\"@type\":\"Organization\",\"@id\":\"https:\\\/\\\/keys-for-auto.eu\\\/pl\\\/#organization\",\"name\":\"Klucze do samochodu\",\"url\":\"https:\\\/\\\/keys-for-auto.eu\\\/pl\\\/\",\"logo\":{\"@type\":\"ImageObject\",\"inLanguage\":\"pl-PL\",\"@id\":\"https:\\\/\\\/keys-for-auto.eu\\\/pl\\\/#\\\/schema\\\/logo\\\/image\\\/\",\"url\":\"https:\\\/\\\/keys-for-auto.eu\\\/wp-content\\\/uploads\\\/2022\\\/11\\\/cropped-png1.png\",\"contentUrl\":\"https:\\\/\\\/keys-for-auto.eu\\\/wp-content\\\/uploads\\\/2022\\\/11\\\/cropped-png1.png\",\"width\":1000,\"height\":342,\"caption\":\"Klucze do samochodu\"},\"image\":{\"@id\":\"https:\\\/\\\/keys-for-auto.eu\\\/pl\\\/#\\\/schema\\\/logo\\\/image\\\/\"},\"sameAs\":[\"https:\\\/\\\/www.facebook.com\\\/KeysForAutoEU\"]}]}<\/script>\n<!-- \/ Yoast SEO plugin. -->","yoast_head_json":{"title":"Produkcja kluczy do samochod\u00f3w marki Nissan - Keys for auto","robots":{"index":"index","follow":"follow","max-snippet":"max-snippet:-1","max-image-preview":"max-image-preview:large","max-video-preview":"max-video-preview:-1"},"canonical":"https:\/\/keys-for-auto.eu\/pl\/product\/production-of-keys-for-nissan-cars\/","og_locale":"pl_PL","og_type":"article","og_title":"Produkcja kluczy do samochod\u00f3w marki Nissan - Keys for auto","og_description":"Zajmujemy si\u0119 produkcj\u0105 i programowaniem kluczy do samochod\u00f3w marki Nissan.   Produkcja kluczy do Nissana   Programowanie kluczy do Nissana   Naprawa kluczy Nissana   Futera\u0142y na klucze do Nissana   Awaryjne odblokowywanie samochod\u00f3w marki Nissan  Produkcja kluczy samochodowych  Produkcja nowych kluczy samochodowych, programowanie kluczy (\"wi\u0105zanie\" z samochodem)  Usuwanie z pami\u0119ci samochodu wcze\u015bniej zgubionych kluczyk\u00f3w  Produkcja klucza zap\u0142onowego wed\u0142ug zamka  Naprawa kluczy samochodowych (wymiana przycisk\u00f3w, muszli, mechanizm\u00f3w)  Awaryjne odblokowanie samochodu  Wymiana kluczy, etui na klucze  Wy\u0142\u0105czenie oprogramowania DPF \/ FAP  Programowe usuni\u0119cie EGR  Wy\u0142\u0105czenie oprogramowania immobilizera (immo Off)  Jednostka steruj\u0105ca silnika (ECU) naprawa, klonowanie, programowanie  SRS (programowanie jednostki steruj\u0105cej poduszk\u0105 powietrzn\u0105)  przedmioty wysy\u0142ane w ci\u0105gu 3 dni roboczych.*","og_url":"https:\/\/keys-for-auto.eu\/pl\/product\/production-of-keys-for-nissan-cars\/","og_site_name":"Keys for auto","article_publisher":"https:\/\/www.facebook.com\/KeysForAutoEU","og_image":[{"width":400,"height":400,"url":"https:\/\/i0.wp.com\/keys-for-auto.eu\/wp-content\/uploads\/2022\/12\/nissan-logo-preview-400x400-1.png?fit=400%2C400&ssl=1","type":"image\/png"}],"twitter_card":"summary_large_image","twitter_misc":{"Szacowany czas czytania":"2 minuty"},"schema":{"@context":"https:\/\/schema.org","@graph":[{"@type":["WebPage","ItemPage"],"@id":"https:\/\/keys-for-auto.eu\/pl\/product\/production-of-keys-for-nissan-cars\/","url":"https:\/\/keys-for-auto.eu\/pl\/product\/production-of-keys-for-nissan-cars\/","name":"Produkcja kluczy do samochod\u00f3w marki Nissan - Keys for auto","isPartOf":{"@id":"https:\/\/keys-for-auto.eu\/pl\/#website"},"primaryImageOfPage":{"@id":"https:\/\/keys-for-auto.eu\/pl\/product\/production-of-keys-for-nissan-cars\/#primaryimage"},"image":{"@id":"https:\/\/keys-for-auto.eu\/pl\/product\/production-of-keys-for-nissan-cars\/#primaryimage"},"thumbnailUrl":"https:\/\/keys-for-auto.eu\/wp-content\/uploads\/2022\/12\/nissan-logo-preview-400x400-1.png","datePublished":"2017-12-03T20:02:05+00:00","breadcrumb":{"@id":"https:\/\/keys-for-auto.eu\/pl\/product\/production-of-keys-for-nissan-cars\/#breadcrumb"},"inLanguage":"pl-PL","potentialAction":[{"@type":"ReadAction","target":["https:\/\/keys-for-auto.eu\/pl\/product\/production-of-keys-for-nissan-cars\/"]}]},{"@type":"ImageObject","inLanguage":"pl-PL","@id":"https:\/\/keys-for-auto.eu\/pl\/product\/production-of-keys-for-nissan-cars\/#primaryimage","url":"https:\/\/keys-for-auto.eu\/wp-content\/uploads\/2022\/12\/nissan-logo-preview-400x400-1.png","contentUrl":"https:\/\/keys-for-auto.eu\/wp-content\/uploads\/2022\/12\/nissan-logo-preview-400x400-1.png","width":400,"height":400},{"@type":"BreadcrumbList","@id":"https:\/\/keys-for-auto.eu\/pl\/product\/production-of-keys-for-nissan-cars\/#breadcrumb","itemListElement":[{"@type":"ListItem","position":1,"name":"Strona g\u0142\u00f3wna","item":"https:\/\/keys-for-auto.eu\/pl\/"},{"@type":"ListItem","position":2,"name":"Shop","item":"https:\/\/keys-for-auto.eu\/"},{"@type":"ListItem","position":3,"name":"Produkcja kluczy do samochod\u00f3w marki Nissan"}]},{"@type":"WebSite","@id":"https:\/\/keys-for-auto.eu\/pl\/#website","url":"https:\/\/keys-for-auto.eu\/pl\/","name":"Keys for auto","description":"Car keys,  key shells, key programming","publisher":{"@id":"https:\/\/keys-for-auto.eu\/pl\/#organization"},"potentialAction":[{"@type":"SearchAction","target":{"@type":"EntryPoint","urlTemplate":"https:\/\/keys-for-auto.eu\/pl\/?s={search_term_string}"},"query-input":{"@type":"PropertyValueSpecification","valueRequired":true,"valueName":"search_term_string"}}],"inLanguage":"pl-PL"},{"@type":"Organization","@id":"https:\/\/keys-for-auto.eu\/pl\/#organization","name":"Klucze do samochodu","url":"https:\/\/keys-for-auto.eu\/pl\/","logo":{"@type":"ImageObject","inLanguage":"pl-PL","@id":"https:\/\/keys-for-auto.eu\/pl\/#\/schema\/logo\/image\/","url":"https:\/\/keys-for-auto.eu\/wp-content\/uploads\/2022\/11\/cropped-png1.png","contentUrl":"https:\/\/keys-for-auto.eu\/wp-content\/uploads\/2022\/11\/cropped-png1.png","width":1000,"height":342,"caption":"Klucze do samochodu"},"image":{"@id":"https:\/\/keys-for-auto.eu\/pl\/#\/schema\/logo\/image\/"},"sameAs":["https:\/\/www.facebook.com\/KeysForAutoEU"]}]}},"_links":{"self":[{"href":"https:\/\/keys-for-auto.eu\/pl\/wp-json\/wp\/v2\/product\/16754","targetHints":{"allow":["GET"]}}],"collection":[{"href":"https:\/\/keys-for-auto.eu\/pl\/wp-json\/wp\/v2\/product"}],"about":[{"href":"https:\/\/keys-for-auto.eu\/pl\/wp-json\/wp\/v2\/types\/product"}],"replies":[{"embeddable":true,"href":"https:\/\/keys-for-auto.eu\/pl\/wp-json\/wp\/v2\/comments?post=16754"}],"wp:featuredmedia":[{"embeddable":true,"href":"https:\/\/keys-for-auto.eu\/pl\/wp-json\/wp\/v2\/media\/14518"}],"wp:attachment":[{"href":"https:\/\/keys-for-auto.eu\/pl\/wp-json\/wp\/v2\/media?parent=16754"}],"wp:term":[{"taxonomy":"product_brand","embeddable":true,"href":"https:\/\/keys-for-auto.eu\/pl\/wp-json\/wp\/v2\/product_brand?post=16754"},{"taxonomy":"product_cat","embeddable":true,"href":"https:\/\/keys-for-auto.eu\/pl\/wp-json\/wp\/v2\/product_cat?post=16754"},{"taxonomy":"product_tag","embeddable":true,"href":"https:\/\/keys-for-auto.eu\/pl\/wp-json\/wp\/v2\/product_tag?post=16754"}],"curies":[{"name":"wp","href":"https:\/\/api.w.org\/{rel}","templated":true}]}}