{"id":16751,"date":"2017-12-03T16:27:09","date_gmt":"2017-12-03T16:27:09","guid":{"rendered":"https:\/\/keys-for-auto.eu\/product\/produkcja-kluczy-do-samochodow-mazda\/"},"modified":"2017-12-03T16:27:09","modified_gmt":"2017-12-03T16:27:09","slug":"production-of-keys-for-mazda-cars","status":"publish","type":"product","link":"https:\/\/keys-for-auto.eu\/pl\/product\/production-of-keys-for-mazda-cars\/","title":{"rendered":"Produkcja kluczy do samochod\u00f3w Mazda"},"content":{"rendered":"<h3>Produkcja kluczy do Mazdy<\/h3>\n<p>&#8222;Kluczyk Mazdy by\u0142 jednym z pierwszych kluczyk\u00f3w, w kt\u00f3rych wbudowano w karoseri\u0119 chip z unikalnym szyfrowaniem, co mia\u0142o na celu zwi\u0119kszenie bezpiecze\u0144stwa samochodu. Wi\u0119kszo\u015b\u0107 nowoczesnych samochod\u00f3w Mazdy posiada inteligentny kluczyk, kt\u00f3ry odblokowuje samoch\u00f3d i uruchamia silnik. Zgubienie klucza powoduje szereg problem\u00f3w, kt\u00f3re czasem wzajemnie si\u0119 pog\u0142\u0119biaj\u0105. Opr\u00f3cz tego, \u017ce w\u0142a\u015bciciel nie b\u0119dzie m\u00f3g\u0142 korzysta\u0107 ze swojego samochodu, istnieje du\u017ce prawdopodobie\u0144stwo, \u017ce osoba nieuprawniona wykorzysta zgubiony kluczyk do kradzie\u017cy auta. Je\u015bli klucz zosta\u0142 zgubiony, ostrze si\u0119 zu\u017cy\u0142o lub klucz si\u0119 z\u0142ama\u0142, musisz kupi\u0107 duplikat klucza, kt\u00f3ry mo\u017ce by\u0107 wykonany przez mistrza w kilka minut.<\/p>\n<p>Specyfika procedury kopiowania<\/p>\n<p>Aby klient otrzyma\u0142 duplikat wysokiej jako\u015bci, mistrz musi wykona\u0107 nast\u0119puj\u0105ce czynno\u015bci:<\/p>\n<p>wyb\u00f3r odpowiedniego przypadku;<\/p>\n<p>programowanie chipa;<\/p>\n<p>wyprodukowa\u0107 ostrze klucza.<\/p>\n<p>Technik u\u017cywa profesjonalnych obrabiarek do stworzenia unikalnego wzoru na ostrzu klucza. Odpowiednie oprogramowanie pozwala na ustawienie niezb\u0119dnych parametr\u00f3w maszyny i wyprodukowanie produktu w pe\u0142nej zgodno\u015bci z wymaganiami. Poniewa\u017c przy zakupie Mazdy w\u0142a\u015bciciel otrzymuje dwa komplety kluczy, w przypadku utraty jednego z nich mo\u017cliwe jest stworzenie kopii wzoru na ostrzu drugiego klucza. W trudnych przypadkach duplikat jest odtwarzany przez zamek, co wymaga przebywania pojazdu w warsztacie.<\/p>\n<p>Specjalista mo\u017ce wykona\u0107 egzemplarz do ka\u017cdego samochodu z gamy modelowej Mazdy, niezale\u017cnie od stopnia skomplikowania:<\/p>\n<p>standard;<\/p>\n<p>inteligentny klucz;<\/p>\n<p>sk\u0142adanie z guzikami.<\/p>\n<p>&#8222;Stworzenie duplikatu samochodu Mazda wymaga przeprogramowania pozosta\u0142ego drugiego klucza w zestawie. Procedura ta jest przeprowadzana w celu wyeliminowania mo\u017cliwo\u015bci nieuprawnionego dost\u0119pu do utraconego klucza przez osob\u0119 nieuprawnion\u0105. Dzi\u0119ki przeprogramowaniu, pojazd nie b\u0119dzie reagowa\u0142 na polecenia starego programu. Wprowadzanie nowych danych i usuwanie poprzednich mo\u017ce odbywa\u0107 si\u0119 w r\u00f3\u017cny spos\u00f3b, w zale\u017cno\u015bci od specyfiki sytuacji. Decyzja o wyborze metody przeprogramowania nale\u017cy do wykwalifikowanego specjalisty.<\/p>\n","protected":false},"excerpt":{"rendered":"<h3>Zajmujemy si\u0119 dorabianiem i programowaniem kluczy, kluczy elektronicznych (smart) do samochod\u00f3w marki Mazda.<\/h3>\n<ul>\n<li>\n<h3>Produkcja kluczy Mazda<\/h3>\n<\/li>\n<li>\n<h3>Programowanie kluczy Mazda<\/h3>\n<\/li>\n<li>\n<h3>Naprawa kluczy Mazda<\/h3>\n<\/li>\n<li>\n<h3>Etui na klucze Mazda<\/h3>\n<\/li>\n<li>\n<h3>Produkcja kluczy Mazda, programowanie<\/h3>\n<\/li>\n<li>\n<h3>Awaryjne odblokowywanie samochod\u00f3w marki Mazda<\/h3>\n<\/li>\n<\/ul>\n<h3><strong>Produkcja kluczy samochodowych<\/strong><\/h3>\n<ul>\n<li><strong>Produkcja nowych kluczy samochodowych, programowanie kluczy (&#8222;wi\u0105zanie&#8221; z samochodem)<\/strong><\/li>\n<li><strong>Usuwanie z pami\u0119ci samochodu wcze\u015bniej zgubionych kluczyk\u00f3w<\/strong><\/li>\n<li><strong>Produkcja klucza zap\u0142onowego wed\u0142ug zamka<\/strong><\/li>\n<li><strong>Naprawa kluczy samochodowych (wymiana przycisk\u00f3w, muszli, mechanizm\u00f3w)<\/strong><\/li>\n<li><strong>Awaryjne odblokowanie samochodu<\/strong><\/li>\n<li><strong>Wymiana kluczy, etui na klucze<\/strong><\/li>\n<li><strong>Wy\u0142\u0105czenie oprogramowania DPF \/ FAP<\/strong><\/li>\n<li><strong>Programowe usuni\u0119cie EGR<\/strong><\/li>\n<li><strong>Wy\u0142\u0105czenie oprogramowania immobilizera (immo Off)<\/strong><\/li>\n<li><strong>Jednostka steruj\u0105ca silnika (ECU) naprawa, klonowanie, programowanie<\/strong><\/li>\n<li><strong>SRS (programowanie jednostki steruj\u0105cej poduszk\u0105 powietrzn\u0105)<\/strong><\/li>\n<\/ul>\n<h4><strong>  przedmioty wysy\u0142ane w ci\u0105gu 3 dni roboczych.*<\/strong><\/h4>\n<p>&nbsp;<\/p>\n<p>&nbsp;<\/p>\n<p>&nbsp;<\/p>\n<p>&nbsp;<\/p>\n","protected":false},"featured_media":14458,"comment_status":"open","ping_status":"closed","template":"","meta":[],"product_brand":[],"product_cat":[2954,2776],"product_tag":[3205,2983,3221,2968,3229,2982,3247,2976,2988,3234,3009,3253,2992,3013,2958,2999],"class_list":{"0":"post-16751","1":"product","2":"type-product","3":"status-publish","4":"has-post-thumbnail","6":"product_cat-mazda-pl","7":"product_cat-produkcja-kluczy","8":"product_tag-klucz-mazdy","9":"product_tag-mazda-2-obudowa-klucza","10":"product_tag-mazda-3-klucz","11":"product_tag-mazda-3-obudowa-klucza","12":"product_tag-mazda-5-klucz","13":"product_tag-mazda-5-obudowa-klucza","14":"product_tag-mazda-6-klucz","15":"product_tag-mazda-6-obudowa-klucza","16":"product_tag-mazda-cx5-obudowa-klucza","17":"product_tag-mazda-mx5-klucz","18":"product_tag-mazda-mx5-obudowa-klucza","19":"product_tag-mazda-premacy-klucz","20":"product_tag-mazda-rx8-klucz-mx5-shell","21":"product_tag-mazda-rx8-obudowa-klucza","22":"product_tag-muszla-klucza-mazdy","23":"product_tag-skorupa-klucza-mazda-primacy","25":"first","26":"instock","27":"shipping-taxable","28":"product-type-simple"},"yoast_head":"<!-- This site is optimized with the Yoast SEO plugin v27.6 - https:\/\/yoast.com\/product\/yoast-seo-wordpress\/ -->\n<title>Produkcja kluczy do samochod\u00f3w Mazda - Keys for auto<\/title>\n<meta name=\"robots\" content=\"index, follow, max-snippet:-1, max-image-preview:large, max-video-preview:-1\" \/>\n<link rel=\"canonical\" href=\"https:\/\/keys-for-auto.eu\/pl\/product\/production-of-keys-for-mazda-cars\/\" \/>\n<meta property=\"og:locale\" content=\"pl_PL\" \/>\n<meta property=\"og:type\" content=\"article\" \/>\n<meta property=\"og:title\" content=\"Produkcja kluczy do samochod\u00f3w Mazda - Keys for auto\" \/>\n<meta property=\"og:description\" content=\"Zajmujemy si\u0119 dorabianiem i programowaniem kluczy, kluczy elektronicznych (smart) do samochod\u00f3w marki Mazda.   Produkcja kluczy Mazda   Programowanie kluczy Mazda   Naprawa kluczy Mazda   Etui na klucze Mazda   Produkcja kluczy Mazda, programowanie   Awaryjne odblokowywanie samochod\u00f3w marki Mazda  Produkcja kluczy samochodowych  Produkcja nowych kluczy samochodowych, programowanie kluczy (&quot;wi\u0105zanie&quot; z samochodem)  Usuwanie z pami\u0119ci samochodu wcze\u015bniej zgubionych kluczyk\u00f3w  Produkcja klucza zap\u0142onowego wed\u0142ug zamka  Naprawa kluczy samochodowych (wymiana przycisk\u00f3w, muszli, mechanizm\u00f3w)  Awaryjne odblokowanie samochodu  Wymiana kluczy, etui na klucze  Wy\u0142\u0105czenie oprogramowania DPF \/ FAP  Programowe usuni\u0119cie EGR  Wy\u0142\u0105czenie oprogramowania immobilizera (immo Off)  Jednostka steruj\u0105ca silnika (ECU) naprawa, klonowanie, programowanie  SRS (programowanie jednostki steruj\u0105cej poduszk\u0105 powietrzn\u0105)  przedmioty wysy\u0142ane w ci\u0105gu 3 dni roboczych.* &nbsp; &nbsp; &nbsp; &nbsp;\" \/>\n<meta property=\"og:url\" content=\"https:\/\/keys-for-auto.eu\/pl\/product\/production-of-keys-for-mazda-cars\/\" \/>\n<meta property=\"og:site_name\" content=\"Keys for auto\" \/>\n<meta property=\"article:publisher\" content=\"https:\/\/www.facebook.com\/KeysForAutoEU\" \/>\n<meta property=\"og:image\" content=\"https:\/\/keys-for-auto.eu\/wp-content\/uploads\/2022\/12\/admin-ajax__1_-removebg-preview-4.png\" \/>\n\t<meta property=\"og:image:width\" content=\"400\" \/>\n\t<meta property=\"og:image:height\" content=\"393\" \/>\n\t<meta property=\"og:image:type\" content=\"image\/png\" \/>\n<meta name=\"twitter:card\" content=\"summary_large_image\" \/>\n<meta name=\"twitter:label1\" content=\"Szacowany czas czytania\" \/>\n\t<meta name=\"twitter:data1\" content=\"2 minuty\" \/>\n<script type=\"application\/ld+json\" class=\"yoast-schema-graph\">{\"@context\":\"https:\\\/\\\/schema.org\",\"@graph\":[{\"@type\":[\"WebPage\",\"ItemPage\"],\"@id\":\"https:\\\/\\\/keys-for-auto.eu\\\/pl\\\/product\\\/production-of-keys-for-mazda-cars\\\/\",\"url\":\"https:\\\/\\\/keys-for-auto.eu\\\/pl\\\/product\\\/production-of-keys-for-mazda-cars\\\/\",\"name\":\"Produkcja kluczy do samochod\u00f3w Mazda - Keys for auto\",\"isPartOf\":{\"@id\":\"https:\\\/\\\/keys-for-auto.eu\\\/pl\\\/#website\"},\"primaryImageOfPage\":{\"@id\":\"https:\\\/\\\/keys-for-auto.eu\\\/pl\\\/product\\\/production-of-keys-for-mazda-cars\\\/#primaryimage\"},\"image\":{\"@id\":\"https:\\\/\\\/keys-for-auto.eu\\\/pl\\\/product\\\/production-of-keys-for-mazda-cars\\\/#primaryimage\"},\"thumbnailUrl\":\"https:\\\/\\\/keys-for-auto.eu\\\/wp-content\\\/uploads\\\/2022\\\/12\\\/admin-ajax__1_-removebg-preview-4.png\",\"datePublished\":\"2017-12-03T16:27:09+00:00\",\"breadcrumb\":{\"@id\":\"https:\\\/\\\/keys-for-auto.eu\\\/pl\\\/product\\\/production-of-keys-for-mazda-cars\\\/#breadcrumb\"},\"inLanguage\":\"pl-PL\",\"potentialAction\":[{\"@type\":\"ReadAction\",\"target\":[\"https:\\\/\\\/keys-for-auto.eu\\\/pl\\\/product\\\/production-of-keys-for-mazda-cars\\\/\"]}]},{\"@type\":\"ImageObject\",\"inLanguage\":\"pl-PL\",\"@id\":\"https:\\\/\\\/keys-for-auto.eu\\\/pl\\\/product\\\/production-of-keys-for-mazda-cars\\\/#primaryimage\",\"url\":\"https:\\\/\\\/keys-for-auto.eu\\\/wp-content\\\/uploads\\\/2022\\\/12\\\/admin-ajax__1_-removebg-preview-4.png\",\"contentUrl\":\"https:\\\/\\\/keys-for-auto.eu\\\/wp-content\\\/uploads\\\/2022\\\/12\\\/admin-ajax__1_-removebg-preview-4.png\",\"width\":400,\"height\":393},{\"@type\":\"BreadcrumbList\",\"@id\":\"https:\\\/\\\/keys-for-auto.eu\\\/pl\\\/product\\\/production-of-keys-for-mazda-cars\\\/#breadcrumb\",\"itemListElement\":[{\"@type\":\"ListItem\",\"position\":1,\"name\":\"Strona g\u0142\u00f3wna\",\"item\":\"https:\\\/\\\/keys-for-auto.eu\\\/pl\\\/\"},{\"@type\":\"ListItem\",\"position\":2,\"name\":\"Shop\",\"item\":\"https:\\\/\\\/keys-for-auto.eu\\\/\"},{\"@type\":\"ListItem\",\"position\":3,\"name\":\"Produkcja kluczy do samochod\u00f3w Mazda\"}]},{\"@type\":\"WebSite\",\"@id\":\"https:\\\/\\\/keys-for-auto.eu\\\/pl\\\/#website\",\"url\":\"https:\\\/\\\/keys-for-auto.eu\\\/pl\\\/\",\"name\":\"Keys for auto\",\"description\":\"Car keys,  key shells, key programming\",\"publisher\":{\"@id\":\"https:\\\/\\\/keys-for-auto.eu\\\/pl\\\/#organization\"},\"potentialAction\":[{\"@type\":\"SearchAction\",\"target\":{\"@type\":\"EntryPoint\",\"urlTemplate\":\"https:\\\/\\\/keys-for-auto.eu\\\/pl\\\/?s={search_term_string}\"},\"query-input\":{\"@type\":\"PropertyValueSpecification\",\"valueRequired\":true,\"valueName\":\"search_term_string\"}}],\"inLanguage\":\"pl-PL\"},{\"@type\":\"Organization\",\"@id\":\"https:\\\/\\\/keys-for-auto.eu\\\/pl\\\/#organization\",\"name\":\"Klucze do samochodu\",\"url\":\"https:\\\/\\\/keys-for-auto.eu\\\/pl\\\/\",\"logo\":{\"@type\":\"ImageObject\",\"inLanguage\":\"pl-PL\",\"@id\":\"https:\\\/\\\/keys-for-auto.eu\\\/pl\\\/#\\\/schema\\\/logo\\\/image\\\/\",\"url\":\"https:\\\/\\\/keys-for-auto.eu\\\/wp-content\\\/uploads\\\/2022\\\/11\\\/cropped-png1.png\",\"contentUrl\":\"https:\\\/\\\/keys-for-auto.eu\\\/wp-content\\\/uploads\\\/2022\\\/11\\\/cropped-png1.png\",\"width\":1000,\"height\":342,\"caption\":\"Klucze do samochodu\"},\"image\":{\"@id\":\"https:\\\/\\\/keys-for-auto.eu\\\/pl\\\/#\\\/schema\\\/logo\\\/image\\\/\"},\"sameAs\":[\"https:\\\/\\\/www.facebook.com\\\/KeysForAutoEU\"]}]}<\/script>\n<!-- \/ Yoast SEO plugin. -->","yoast_head_json":{"title":"Produkcja kluczy do samochod\u00f3w Mazda - Keys for auto","robots":{"index":"index","follow":"follow","max-snippet":"max-snippet:-1","max-image-preview":"max-image-preview:large","max-video-preview":"max-video-preview:-1"},"canonical":"https:\/\/keys-for-auto.eu\/pl\/product\/production-of-keys-for-mazda-cars\/","og_locale":"pl_PL","og_type":"article","og_title":"Produkcja kluczy do samochod\u00f3w Mazda - Keys for auto","og_description":"Zajmujemy si\u0119 dorabianiem i programowaniem kluczy, kluczy elektronicznych (smart) do samochod\u00f3w marki Mazda.   Produkcja kluczy Mazda   Programowanie kluczy Mazda   Naprawa kluczy Mazda   Etui na klucze Mazda   Produkcja kluczy Mazda, programowanie   Awaryjne odblokowywanie samochod\u00f3w marki Mazda  Produkcja kluczy samochodowych  Produkcja nowych kluczy samochodowych, programowanie kluczy (\"wi\u0105zanie\" z samochodem)  Usuwanie z pami\u0119ci samochodu wcze\u015bniej zgubionych kluczyk\u00f3w  Produkcja klucza zap\u0142onowego wed\u0142ug zamka  Naprawa kluczy samochodowych (wymiana przycisk\u00f3w, muszli, mechanizm\u00f3w)  Awaryjne odblokowanie samochodu  Wymiana kluczy, etui na klucze  Wy\u0142\u0105czenie oprogramowania DPF \/ FAP  Programowe usuni\u0119cie EGR  Wy\u0142\u0105czenie oprogramowania immobilizera (immo Off)  Jednostka steruj\u0105ca silnika (ECU) naprawa, klonowanie, programowanie  SRS (programowanie jednostki steruj\u0105cej poduszk\u0105 powietrzn\u0105)  przedmioty wysy\u0142ane w ci\u0105gu 3 dni roboczych.* &nbsp; &nbsp; &nbsp; &nbsp;","og_url":"https:\/\/keys-for-auto.eu\/pl\/product\/production-of-keys-for-mazda-cars\/","og_site_name":"Keys for auto","article_publisher":"https:\/\/www.facebook.com\/KeysForAutoEU","og_image":[{"width":400,"height":393,"url":"https:\/\/keys-for-auto.eu\/wp-content\/uploads\/2022\/12\/admin-ajax__1_-removebg-preview-4.png","type":"image\/png"}],"twitter_card":"summary_large_image","twitter_misc":{"Szacowany czas czytania":"2 minuty"},"schema":{"@context":"https:\/\/schema.org","@graph":[{"@type":["WebPage","ItemPage"],"@id":"https:\/\/keys-for-auto.eu\/pl\/product\/production-of-keys-for-mazda-cars\/","url":"https:\/\/keys-for-auto.eu\/pl\/product\/production-of-keys-for-mazda-cars\/","name":"Produkcja kluczy do samochod\u00f3w Mazda - Keys for auto","isPartOf":{"@id":"https:\/\/keys-for-auto.eu\/pl\/#website"},"primaryImageOfPage":{"@id":"https:\/\/keys-for-auto.eu\/pl\/product\/production-of-keys-for-mazda-cars\/#primaryimage"},"image":{"@id":"https:\/\/keys-for-auto.eu\/pl\/product\/production-of-keys-for-mazda-cars\/#primaryimage"},"thumbnailUrl":"https:\/\/keys-for-auto.eu\/wp-content\/uploads\/2022\/12\/admin-ajax__1_-removebg-preview-4.png","datePublished":"2017-12-03T16:27:09+00:00","breadcrumb":{"@id":"https:\/\/keys-for-auto.eu\/pl\/product\/production-of-keys-for-mazda-cars\/#breadcrumb"},"inLanguage":"pl-PL","potentialAction":[{"@type":"ReadAction","target":["https:\/\/keys-for-auto.eu\/pl\/product\/production-of-keys-for-mazda-cars\/"]}]},{"@type":"ImageObject","inLanguage":"pl-PL","@id":"https:\/\/keys-for-auto.eu\/pl\/product\/production-of-keys-for-mazda-cars\/#primaryimage","url":"https:\/\/keys-for-auto.eu\/wp-content\/uploads\/2022\/12\/admin-ajax__1_-removebg-preview-4.png","contentUrl":"https:\/\/keys-for-auto.eu\/wp-content\/uploads\/2022\/12\/admin-ajax__1_-removebg-preview-4.png","width":400,"height":393},{"@type":"BreadcrumbList","@id":"https:\/\/keys-for-auto.eu\/pl\/product\/production-of-keys-for-mazda-cars\/#breadcrumb","itemListElement":[{"@type":"ListItem","position":1,"name":"Strona g\u0142\u00f3wna","item":"https:\/\/keys-for-auto.eu\/pl\/"},{"@type":"ListItem","position":2,"name":"Shop","item":"https:\/\/keys-for-auto.eu\/"},{"@type":"ListItem","position":3,"name":"Produkcja kluczy do samochod\u00f3w Mazda"}]},{"@type":"WebSite","@id":"https:\/\/keys-for-auto.eu\/pl\/#website","url":"https:\/\/keys-for-auto.eu\/pl\/","name":"Keys for auto","description":"Car keys,  key shells, key programming","publisher":{"@id":"https:\/\/keys-for-auto.eu\/pl\/#organization"},"potentialAction":[{"@type":"SearchAction","target":{"@type":"EntryPoint","urlTemplate":"https:\/\/keys-for-auto.eu\/pl\/?s={search_term_string}"},"query-input":{"@type":"PropertyValueSpecification","valueRequired":true,"valueName":"search_term_string"}}],"inLanguage":"pl-PL"},{"@type":"Organization","@id":"https:\/\/keys-for-auto.eu\/pl\/#organization","name":"Klucze do samochodu","url":"https:\/\/keys-for-auto.eu\/pl\/","logo":{"@type":"ImageObject","inLanguage":"pl-PL","@id":"https:\/\/keys-for-auto.eu\/pl\/#\/schema\/logo\/image\/","url":"https:\/\/keys-for-auto.eu\/wp-content\/uploads\/2022\/11\/cropped-png1.png","contentUrl":"https:\/\/keys-for-auto.eu\/wp-content\/uploads\/2022\/11\/cropped-png1.png","width":1000,"height":342,"caption":"Klucze do samochodu"},"image":{"@id":"https:\/\/keys-for-auto.eu\/pl\/#\/schema\/logo\/image\/"},"sameAs":["https:\/\/www.facebook.com\/KeysForAutoEU"]}]}},"_links":{"self":[{"href":"https:\/\/keys-for-auto.eu\/pl\/wp-json\/wp\/v2\/product\/16751","targetHints":{"allow":["GET"]}}],"collection":[{"href":"https:\/\/keys-for-auto.eu\/pl\/wp-json\/wp\/v2\/product"}],"about":[{"href":"https:\/\/keys-for-auto.eu\/pl\/wp-json\/wp\/v2\/types\/product"}],"replies":[{"embeddable":true,"href":"https:\/\/keys-for-auto.eu\/pl\/wp-json\/wp\/v2\/comments?post=16751"}],"wp:featuredmedia":[{"embeddable":true,"href":"https:\/\/keys-for-auto.eu\/pl\/wp-json\/wp\/v2\/media\/14458"}],"wp:attachment":[{"href":"https:\/\/keys-for-auto.eu\/pl\/wp-json\/wp\/v2\/media?parent=16751"}],"wp:term":[{"taxonomy":"product_brand","embeddable":true,"href":"https:\/\/keys-for-auto.eu\/pl\/wp-json\/wp\/v2\/product_brand?post=16751"},{"taxonomy":"product_cat","embeddable":true,"href":"https:\/\/keys-for-auto.eu\/pl\/wp-json\/wp\/v2\/product_cat?post=16751"},{"taxonomy":"product_tag","embeddable":true,"href":"https:\/\/keys-for-auto.eu\/pl\/wp-json\/wp\/v2\/product_tag?post=16751"}],"curies":[{"name":"wp","href":"https:\/\/api.w.org\/{rel}","templated":true}]}}