{"id":16749,"date":"2017-12-03T16:02:53","date_gmt":"2017-12-03T16:02:53","guid":{"rendered":"https:\/\/keys-for-auto.eu\/product\/kluczowa-produkcja-dla-samochodow-forda\/"},"modified":"2017-12-03T16:02:53","modified_gmt":"2017-12-03T16:02:53","slug":"key-production-for-ford-cars","status":"publish","type":"product","link":"https:\/\/keys-for-auto.eu\/pl\/product\/key-production-for-ford-cars\/","title":{"rendered":"Kluczowa produkcja dla samochod\u00f3w Forda"},"content":{"rendered":"<h2>Zajmujemy si\u0119 produkcj\u0105 i programowaniem kluczy do samochod\u00f3w marki Ford.<\/h2>\n<ul>\n<li>\n<h2>Produkcja kluczy do Forda<\/h2>\n<\/li>\n<li>\n<h2>Programowanie kluczy do Forda<\/h2>\n<\/li>\n<li>\n<h2>Naprawa kluczy do Forda<\/h2>\n<\/li>\n<li>\n<h2>Korpusy kluczy Forda<\/h2>\n<\/li>\n<li>\n<h2>Dezaktywacja klucza Ford MyKey<\/h2>\n<\/li>\n<li>\n<h2>Awaryjne odblokowywanie samochod\u00f3w marki Ford<\/h2>\n<\/li>\n<\/ul>\n<p>&nbsp;<\/p>\n<p>&nbsp;<\/p>\n<p>&nbsp;<\/p>\n","protected":false},"excerpt":{"rendered":"<h3><strong>Produkcja kluczy samochodowych<\/strong><\/h3>\n<ul>\n<li><strong>Produkcja nowych kluczy samochodowych, programowanie kluczy (&#8222;wi\u0105zanie&#8221; z samochodem)<\/strong><\/li>\n<li><strong>Usuwanie z pami\u0119ci samochodu wcze\u015bniej zgubionych kluczyk\u00f3w<\/strong><\/li>\n<li><strong>Produkcja klucza zap\u0142onowego wed\u0142ug zamka<\/strong><\/li>\n<li><strong>Naprawa kluczy samochodowych (wymiana przycisk\u00f3w, muszli, mechanizm\u00f3w)<\/strong><\/li>\n<li><strong>Awaryjne odblokowanie samochodu<\/strong><\/li>\n<li><strong>Wymiana kluczy, etui na klucze<\/strong><\/li>\n<li><strong>Wy\u0142\u0105czenie oprogramowania DPF \/ FAP<\/strong><\/li>\n<li><strong>Programowe usuni\u0119cie EGR<\/strong><\/li>\n<li><strong>Wy\u0142\u0105czenie oprogramowania immobilizera (immo Off)<\/strong><\/li>\n<li><strong>Jednostka steruj\u0105ca silnika (ECU) naprawa, klonowanie, programowanie<\/strong><\/li>\n<li><strong>SRS (programowanie jednostki steruj\u0105cej poduszk\u0105 powietrzn\u0105)<\/strong><\/li>\n<\/ul>\n<h4><strong>  przedmioty wysy\u0142ane w ci\u0105gu 3 dni roboczych.*<\/strong><\/h4>\n<p>Budowa i zasada dzia\u0142ania zamk\u00f3w samochodowych Forda nie jest taka sama jak w przypadku innych marek. Jednak pomimo tego, \u017ce mechanizmy te s\u0105 bardzo innowacyjne, uwa\u017ca si\u0119 je za do\u015b\u0107 kiepskie. Boj\u0105 si\u0119 brudu, a zar\u00f3wno zamek jak i klucz stosunkowo szybko si\u0119 zu\u017cywaj\u0105 i strz\u0119pi\u0105. Dlatego je\u015bli klucz zacz\u0105\u0142 si\u0119 mniej \u0142atwo obraca\u0107 lub lekko zacina\u0107, konieczne jest przeprowadzenie konserwacji zapobiegawczej. Prace profilaktyczne obejmuj\u0105: defektowanie mechanizmu, wykonanie nowych ostrzy kluczy lub wymian\u0119 zu\u017cytych tarcz.<\/p>\n<p>Jaka jest z\u0142o\u017cono\u015b\u0107 wykonania duplikatu klucza?<\/p>\n<p>Unikalny profil tylnej cz\u0119\u015bci klucza, kt\u00f3ry popularnie nazywany jest rombem lub &#8222;koron\u0105&#8221;, jest do\u015b\u0107 trudny do zduplikowania. Sytuacja staje si\u0119 szczeg\u00f3lnie trudna, gdy kraw\u0119dzie klucza s\u0105 wytarte. Odpowiedni duplikat mo\u017cna wykona\u0107 w tym przypadku tylko z zamka. Nie jest mo\u017cliwe wyprodukowanie wysokiej jako\u015bci grotu do kluczy Forda za pomoc\u0105 zwyk\u0142ych obrabiarek &#8211; wymagane s\u0105 specjalne urz\u0105dzenia. Je\u015bli taki sprz\u0119t jest dost\u0119pny, klient otrzyma duplikat klucza w ci\u0105gu godziny. Jednak aby wyprodukowa\u0107 kompletny klucz, nie wystarczy cz\u0119\u015b\u0107 mechaniczna i konieczne jest programowanie. Wykonanie wszystkich procedur zajmuje specjali\u015bcie zwykle 2-3 godziny.<\/p>\n<p>Istnieje mo\u017cliwo\u015b\u0107 wyprodukowania klucza do Forda:<\/p>\n<p>bez pojemnika i elektroniki;<\/p>\n<p>na podstawie immobilizera i zespo\u0142u klamek drzwiowych;<\/p>\n<p>je\u015bli ostrze klucza jest z\u0142amane lub mocno otarte (cz\u0119\u015b\u0107 elektroniczna (chip lub p\u0142ytka drukowana) jest do\u0142\u0105czana do klucza po wykonaniu nowego blankietu klucza), w zale\u017cno\u015bci od wybranego frontu i konstrukcji klucza;<\/p>\n<p>z chipem (i ewentualnie pilotem), kt\u00f3ry uruchamia silnik i otwiera drzwi.<\/p>\n<p>Operacja programowania jest niezb\u0119dna przy produkcji nowych kluczy do Forda, poniewa\u017c zapewnia, \u017ce samoch\u00f3d mo\u017ce zareagowa\u0107 na wys\u0142any sygna\u0142. W tym celu wszystkie dane s\u0105 rejestrowane w immobilizerze poprzez z\u0142\u0105cze diagnostyczne lub w inny dost\u0119pny spos\u00f3b. Na przyk\u0142ad, aby zsynchronizowa\u0107 klucz i system kontroli, dane klucza musz\u0105 zosta\u0107 zeskanowane.<\/p>\n","protected":false},"featured_media":13328,"comment_status":"open","ping_status":"closed","template":"","meta":[],"product_brand":[],"product_cat":[2872,2776],"product_tag":[2907,3111,2876,2921,2946,2884,2942,3143,3188,3300,3266,3155,3170,3231,3176,3238,3215,3197,3243,3249,3181,3254,3202,3272,3302,2879,2892,3119,3127,3293,3134],"class_list":{"0":"post-16749","1":"product","2":"type-product","3":"status-publish","4":"has-post-thumbnail","6":"product_cat-ford-pl","7":"product_cat-produkcja-kluczy","8":"product_tag-ford-c-max-obudowa-klucza","9":"product_tag-ford-fairlane-pilot-zdalnego-sterowania","10":"product_tag-ford-fiesta-obudowa-klucza","11":"product_tag-ford-keytransit-connect-shell-pl","12":"product_tag-ford-kuga-obudowa-klucza","13":"product_tag-ford-mondeo-obudowa-klucza","14":"product_tag-ford-s-max-obudowa-klucza","15":"product_tag-klucz-do-forda","16":"product_tag-klucz-do-forda-c-max","17":"product_tag-klucz-do-forda-connect","18":"product_tag-klucz-do-forda-explorera","19":"product_tag-klucz-do-forda-falcon","20":"product_tag-klucz-do-forda-fiesta","21":"product_tag-klucz-do-forda-flex","22":"product_tag-klucz-do-forda-focusa","23":"product_tag-klucz-do-forda-freestyle","24":"product_tag-klucz-do-forda-fusion","25":"product_tag-klucz-do-forda-galaxy","26":"product_tag-klucz-do-forda-lincolna","27":"product_tag-klucz-do-forda-mercury","28":"product_tag-klucz-do-forda-mondeo","29":"product_tag-klucz-do-forda-mustanga","30":"product_tag-klucz-do-forda-s-max","31":"product_tag-klucz-do-forda-taurusa","32":"product_tag-klucz-do-forda-transita","33":"product_tag-muszla-klucza-ford-focus","34":"product_tag-muszla-klucza-forda","35":"product_tag-pilot-zdalnego-sterowania-ford-fairmont","36":"product_tag-pilot-zdalnego-sterowania-ford-falcon","37":"product_tag-pilot-zdalnego-sterowania-ford-transit-connect","38":"product_tag-pilot-zdalnego-sterowania-forda","40":"first","41":"instock","42":"shipping-taxable","43":"product-type-simple"},"yoast_head":"<!-- This site is optimized with the Yoast SEO plugin v27.3 - https:\/\/yoast.com\/product\/yoast-seo-wordpress\/ -->\n<title>Kluczowa produkcja dla samochod\u00f3w Forda - Keys for auto<\/title>\n<meta name=\"robots\" content=\"index, follow, max-snippet:-1, max-image-preview:large, max-video-preview:-1\" \/>\n<link rel=\"canonical\" href=\"https:\/\/keys-for-auto.eu\/pl\/product\/key-production-for-ford-cars\/\" \/>\n<meta property=\"og:locale\" content=\"pl_PL\" \/>\n<meta property=\"og:type\" content=\"article\" \/>\n<meta property=\"og:title\" content=\"Kluczowa produkcja dla samochod\u00f3w Forda - Keys for auto\" \/>\n<meta property=\"og:description\" content=\"Produkcja kluczy samochodowych  Produkcja nowych kluczy samochodowych, programowanie kluczy (&quot;wi\u0105zanie&quot; z samochodem)  Usuwanie z pami\u0119ci samochodu wcze\u015bniej zgubionych kluczyk\u00f3w  Produkcja klucza zap\u0142onowego wed\u0142ug zamka  Naprawa kluczy samochodowych (wymiana przycisk\u00f3w, muszli, mechanizm\u00f3w)  Awaryjne odblokowanie samochodu  Wymiana kluczy, etui na klucze  Wy\u0142\u0105czenie oprogramowania DPF \/ FAP  Programowe usuni\u0119cie EGR  Wy\u0142\u0105czenie oprogramowania immobilizera (immo Off)  Jednostka steruj\u0105ca silnika (ECU) naprawa, klonowanie, programowanie  SRS (programowanie jednostki steruj\u0105cej poduszk\u0105 powietrzn\u0105)  przedmioty wysy\u0142ane w ci\u0105gu 3 dni roboczych.* Budowa i zasada dzia\u0142ania zamk\u00f3w samochodowych Forda nie jest taka sama jak w przypadku innych marek. Jednak pomimo tego, \u017ce mechanizmy te s\u0105 bardzo innowacyjne, uwa\u017ca si\u0119 je za do\u015b\u0107 kiepskie. Boj\u0105 si\u0119 brudu, a zar\u00f3wno zamek jak i klucz stosunkowo szybko si\u0119 zu\u017cywaj\u0105 i strz\u0119pi\u0105. Dlatego je\u015bli klucz zacz\u0105\u0142 si\u0119 mniej \u0142atwo obraca\u0107 lub lekko zacina\u0107, konieczne jest przeprowadzenie konserwacji zapobiegawczej. Prace profilaktyczne obejmuj\u0105: defektowanie mechanizmu, wykonanie nowych ostrzy kluczy lub wymian\u0119 zu\u017cytych tarcz. Jaka jest z\u0142o\u017cono\u015b\u0107 wykonania duplikatu klucza? Unikalny profil tylnej cz\u0119\u015bci klucza, kt\u00f3ry popularnie nazywany jest rombem lub &quot;koron\u0105&quot;, jest do\u015b\u0107 trudny do zduplikowania. Sytuacja staje si\u0119 szczeg\u00f3lnie trudna, gdy kraw\u0119dzie klucza s\u0105 wytarte. Odpowiedni duplikat mo\u017cna wykona\u0107 w tym przypadku tylko z zamka. Nie jest mo\u017cliwe wyprodukowanie wysokiej jako\u015bci grotu do kluczy Forda za pomoc\u0105 zwyk\u0142ych obrabiarek - wymagane s\u0105 specjalne urz\u0105dzenia. Je\u015bli taki sprz\u0119t jest dost\u0119pny, klient otrzyma duplikat klucza w ci\u0105gu godziny. Jednak aby wyprodukowa\u0107 kompletny klucz, nie wystarczy cz\u0119\u015b\u0107 mechaniczna i konieczne jest programowanie. Wykonanie wszystkich procedur zajmuje specjali\u015bcie zwykle 2-3 godziny. Istnieje mo\u017cliwo\u015b\u0107 wyprodukowania klucza do Forda: bez pojemnika i elektroniki; na podstawie immobilizera i zespo\u0142u klamek drzwiowych; je\u015bli ostrze klucza jest z\u0142amane lub mocno otarte (cz\u0119\u015b\u0107 elektroniczna (chip lub p\u0142ytka drukowana) jest do\u0142\u0105czana do klucza po wykonaniu nowego blankietu klucza), w zale\u017cno\u015bci od wybranego frontu i konstrukcji klucza; z chipem (i ewentualnie pilotem), kt\u00f3ry uruchamia silnik i otwiera drzwi. Operacja programowania jest niezb\u0119dna przy produkcji nowych kluczy do Forda, poniewa\u017c zapewnia, \u017ce samoch\u00f3d mo\u017ce zareagowa\u0107 na wys\u0142any sygna\u0142. W tym celu wszystkie dane s\u0105 rejestrowane w immobilizerze poprzez z\u0142\u0105cze diagnostyczne lub w inny dost\u0119pny spos\u00f3b. Na przyk\u0142ad, aby zsynchronizowa\u0107 klucz i system kontroli, dane klucza musz\u0105 zosta\u0107 zeskanowane.\" \/>\n<meta property=\"og:url\" content=\"https:\/\/keys-for-auto.eu\/pl\/product\/key-production-for-ford-cars\/\" \/>\n<meta property=\"og:site_name\" content=\"Keys for auto\" \/>\n<meta property=\"article:publisher\" content=\"https:\/\/www.facebook.com\/KeysForAutoEU\" \/>\n<meta property=\"og:image\" content=\"https:\/\/i0.wp.com\/keys-for-auto.eu\/wp-content\/uploads\/2022\/12\/admin-ajax-removebg-preview-1-2.png?fit=399%2C400&ssl=1\" \/>\n\t<meta property=\"og:image:width\" content=\"399\" \/>\n\t<meta property=\"og:image:height\" content=\"400\" \/>\n\t<meta property=\"og:image:type\" content=\"image\/png\" \/>\n<meta name=\"twitter:card\" content=\"summary_large_image\" \/>\n<script type=\"application\/ld+json\" class=\"yoast-schema-graph\">{\"@context\":\"https:\\\/\\\/schema.org\",\"@graph\":[{\"@type\":[\"WebPage\",\"ItemPage\"],\"@id\":\"https:\\\/\\\/keys-for-auto.eu\\\/pl\\\/product\\\/key-production-for-ford-cars\\\/\",\"url\":\"https:\\\/\\\/keys-for-auto.eu\\\/pl\\\/product\\\/key-production-for-ford-cars\\\/\",\"name\":\"Kluczowa produkcja dla samochod\u00f3w Forda - Keys for auto\",\"isPartOf\":{\"@id\":\"https:\\\/\\\/keys-for-auto.eu\\\/pl\\\/#website\"},\"primaryImageOfPage\":{\"@id\":\"https:\\\/\\\/keys-for-auto.eu\\\/pl\\\/product\\\/key-production-for-ford-cars\\\/#primaryimage\"},\"image\":{\"@id\":\"https:\\\/\\\/keys-for-auto.eu\\\/pl\\\/product\\\/key-production-for-ford-cars\\\/#primaryimage\"},\"thumbnailUrl\":\"https:\\\/\\\/keys-for-auto.eu\\\/wp-content\\\/uploads\\\/2022\\\/12\\\/admin-ajax-removebg-preview-1-2.png\",\"datePublished\":\"2017-12-03T16:02:53+00:00\",\"breadcrumb\":{\"@id\":\"https:\\\/\\\/keys-for-auto.eu\\\/pl\\\/product\\\/key-production-for-ford-cars\\\/#breadcrumb\"},\"inLanguage\":\"pl-PL\",\"potentialAction\":[{\"@type\":\"ReadAction\",\"target\":[\"https:\\\/\\\/keys-for-auto.eu\\\/pl\\\/product\\\/key-production-for-ford-cars\\\/\"]}]},{\"@type\":\"ImageObject\",\"inLanguage\":\"pl-PL\",\"@id\":\"https:\\\/\\\/keys-for-auto.eu\\\/pl\\\/product\\\/key-production-for-ford-cars\\\/#primaryimage\",\"url\":\"https:\\\/\\\/keys-for-auto.eu\\\/wp-content\\\/uploads\\\/2022\\\/12\\\/admin-ajax-removebg-preview-1-2.png\",\"contentUrl\":\"https:\\\/\\\/keys-for-auto.eu\\\/wp-content\\\/uploads\\\/2022\\\/12\\\/admin-ajax-removebg-preview-1-2.png\",\"width\":399,\"height\":400},{\"@type\":\"BreadcrumbList\",\"@id\":\"https:\\\/\\\/keys-for-auto.eu\\\/pl\\\/product\\\/key-production-for-ford-cars\\\/#breadcrumb\",\"itemListElement\":[{\"@type\":\"ListItem\",\"position\":1,\"name\":\"Strona g\u0142\u00f3wna\",\"item\":\"https:\\\/\\\/keys-for-auto.eu\\\/pl\\\/\"},{\"@type\":\"ListItem\",\"position\":2,\"name\":\"Shop\",\"item\":\"https:\\\/\\\/keys-for-auto.eu\\\/\"},{\"@type\":\"ListItem\",\"position\":3,\"name\":\"Kluczowa produkcja dla samochod\u00f3w Forda\"}]},{\"@type\":\"WebSite\",\"@id\":\"https:\\\/\\\/keys-for-auto.eu\\\/pl\\\/#website\",\"url\":\"https:\\\/\\\/keys-for-auto.eu\\\/pl\\\/\",\"name\":\"Keys for auto\",\"description\":\"Car keys,  key shells, key programming\",\"publisher\":{\"@id\":\"https:\\\/\\\/keys-for-auto.eu\\\/pl\\\/#organization\"},\"potentialAction\":[{\"@type\":\"SearchAction\",\"target\":{\"@type\":\"EntryPoint\",\"urlTemplate\":\"https:\\\/\\\/keys-for-auto.eu\\\/pl\\\/?s={search_term_string}\"},\"query-input\":{\"@type\":\"PropertyValueSpecification\",\"valueRequired\":true,\"valueName\":\"search_term_string\"}}],\"inLanguage\":\"pl-PL\"},{\"@type\":\"Organization\",\"@id\":\"https:\\\/\\\/keys-for-auto.eu\\\/pl\\\/#organization\",\"name\":\"Klucze do samochodu\",\"url\":\"https:\\\/\\\/keys-for-auto.eu\\\/pl\\\/\",\"logo\":{\"@type\":\"ImageObject\",\"inLanguage\":\"pl-PL\",\"@id\":\"https:\\\/\\\/keys-for-auto.eu\\\/pl\\\/#\\\/schema\\\/logo\\\/image\\\/\",\"url\":\"https:\\\/\\\/keys-for-auto.eu\\\/wp-content\\\/uploads\\\/2022\\\/11\\\/cropped-png1.png\",\"contentUrl\":\"https:\\\/\\\/keys-for-auto.eu\\\/wp-content\\\/uploads\\\/2022\\\/11\\\/cropped-png1.png\",\"width\":1000,\"height\":342,\"caption\":\"Klucze do samochodu\"},\"image\":{\"@id\":\"https:\\\/\\\/keys-for-auto.eu\\\/pl\\\/#\\\/schema\\\/logo\\\/image\\\/\"},\"sameAs\":[\"https:\\\/\\\/www.facebook.com\\\/KeysForAutoEU\"]}]}<\/script>\n<!-- \/ Yoast SEO plugin. -->","yoast_head_json":{"title":"Kluczowa produkcja dla samochod\u00f3w Forda - Keys for auto","robots":{"index":"index","follow":"follow","max-snippet":"max-snippet:-1","max-image-preview":"max-image-preview:large","max-video-preview":"max-video-preview:-1"},"canonical":"https:\/\/keys-for-auto.eu\/pl\/product\/key-production-for-ford-cars\/","og_locale":"pl_PL","og_type":"article","og_title":"Kluczowa produkcja dla samochod\u00f3w Forda - Keys for auto","og_description":"Produkcja kluczy samochodowych  Produkcja nowych kluczy samochodowych, programowanie kluczy (\"wi\u0105zanie\" z samochodem)  Usuwanie z pami\u0119ci samochodu wcze\u015bniej zgubionych kluczyk\u00f3w  Produkcja klucza zap\u0142onowego wed\u0142ug zamka  Naprawa kluczy samochodowych (wymiana przycisk\u00f3w, muszli, mechanizm\u00f3w)  Awaryjne odblokowanie samochodu  Wymiana kluczy, etui na klucze  Wy\u0142\u0105czenie oprogramowania DPF \/ FAP  Programowe usuni\u0119cie EGR  Wy\u0142\u0105czenie oprogramowania immobilizera (immo Off)  Jednostka steruj\u0105ca silnika (ECU) naprawa, klonowanie, programowanie  SRS (programowanie jednostki steruj\u0105cej poduszk\u0105 powietrzn\u0105)  przedmioty wysy\u0142ane w ci\u0105gu 3 dni roboczych.* Budowa i zasada dzia\u0142ania zamk\u00f3w samochodowych Forda nie jest taka sama jak w przypadku innych marek. Jednak pomimo tego, \u017ce mechanizmy te s\u0105 bardzo innowacyjne, uwa\u017ca si\u0119 je za do\u015b\u0107 kiepskie. Boj\u0105 si\u0119 brudu, a zar\u00f3wno zamek jak i klucz stosunkowo szybko si\u0119 zu\u017cywaj\u0105 i strz\u0119pi\u0105. Dlatego je\u015bli klucz zacz\u0105\u0142 si\u0119 mniej \u0142atwo obraca\u0107 lub lekko zacina\u0107, konieczne jest przeprowadzenie konserwacji zapobiegawczej. Prace profilaktyczne obejmuj\u0105: defektowanie mechanizmu, wykonanie nowych ostrzy kluczy lub wymian\u0119 zu\u017cytych tarcz. Jaka jest z\u0142o\u017cono\u015b\u0107 wykonania duplikatu klucza? Unikalny profil tylnej cz\u0119\u015bci klucza, kt\u00f3ry popularnie nazywany jest rombem lub \"koron\u0105\", jest do\u015b\u0107 trudny do zduplikowania. Sytuacja staje si\u0119 szczeg\u00f3lnie trudna, gdy kraw\u0119dzie klucza s\u0105 wytarte. Odpowiedni duplikat mo\u017cna wykona\u0107 w tym przypadku tylko z zamka. Nie jest mo\u017cliwe wyprodukowanie wysokiej jako\u015bci grotu do kluczy Forda za pomoc\u0105 zwyk\u0142ych obrabiarek - wymagane s\u0105 specjalne urz\u0105dzenia. Je\u015bli taki sprz\u0119t jest dost\u0119pny, klient otrzyma duplikat klucza w ci\u0105gu godziny. Jednak aby wyprodukowa\u0107 kompletny klucz, nie wystarczy cz\u0119\u015b\u0107 mechaniczna i konieczne jest programowanie. Wykonanie wszystkich procedur zajmuje specjali\u015bcie zwykle 2-3 godziny. Istnieje mo\u017cliwo\u015b\u0107 wyprodukowania klucza do Forda: bez pojemnika i elektroniki; na podstawie immobilizera i zespo\u0142u klamek drzwiowych; je\u015bli ostrze klucza jest z\u0142amane lub mocno otarte (cz\u0119\u015b\u0107 elektroniczna (chip lub p\u0142ytka drukowana) jest do\u0142\u0105czana do klucza po wykonaniu nowego blankietu klucza), w zale\u017cno\u015bci od wybranego frontu i konstrukcji klucza; z chipem (i ewentualnie pilotem), kt\u00f3ry uruchamia silnik i otwiera drzwi. Operacja programowania jest niezb\u0119dna przy produkcji nowych kluczy do Forda, poniewa\u017c zapewnia, \u017ce samoch\u00f3d mo\u017ce zareagowa\u0107 na wys\u0142any sygna\u0142. W tym celu wszystkie dane s\u0105 rejestrowane w immobilizerze poprzez z\u0142\u0105cze diagnostyczne lub w inny dost\u0119pny spos\u00f3b. Na przyk\u0142ad, aby zsynchronizowa\u0107 klucz i system kontroli, dane klucza musz\u0105 zosta\u0107 zeskanowane.","og_url":"https:\/\/keys-for-auto.eu\/pl\/product\/key-production-for-ford-cars\/","og_site_name":"Keys for auto","article_publisher":"https:\/\/www.facebook.com\/KeysForAutoEU","og_image":[{"width":399,"height":400,"url":"https:\/\/i0.wp.com\/keys-for-auto.eu\/wp-content\/uploads\/2022\/12\/admin-ajax-removebg-preview-1-2.png?fit=399%2C400&ssl=1","type":"image\/png"}],"twitter_card":"summary_large_image","schema":{"@context":"https:\/\/schema.org","@graph":[{"@type":["WebPage","ItemPage"],"@id":"https:\/\/keys-for-auto.eu\/pl\/product\/key-production-for-ford-cars\/","url":"https:\/\/keys-for-auto.eu\/pl\/product\/key-production-for-ford-cars\/","name":"Kluczowa produkcja dla samochod\u00f3w Forda - Keys for auto","isPartOf":{"@id":"https:\/\/keys-for-auto.eu\/pl\/#website"},"primaryImageOfPage":{"@id":"https:\/\/keys-for-auto.eu\/pl\/product\/key-production-for-ford-cars\/#primaryimage"},"image":{"@id":"https:\/\/keys-for-auto.eu\/pl\/product\/key-production-for-ford-cars\/#primaryimage"},"thumbnailUrl":"https:\/\/keys-for-auto.eu\/wp-content\/uploads\/2022\/12\/admin-ajax-removebg-preview-1-2.png","datePublished":"2017-12-03T16:02:53+00:00","breadcrumb":{"@id":"https:\/\/keys-for-auto.eu\/pl\/product\/key-production-for-ford-cars\/#breadcrumb"},"inLanguage":"pl-PL","potentialAction":[{"@type":"ReadAction","target":["https:\/\/keys-for-auto.eu\/pl\/product\/key-production-for-ford-cars\/"]}]},{"@type":"ImageObject","inLanguage":"pl-PL","@id":"https:\/\/keys-for-auto.eu\/pl\/product\/key-production-for-ford-cars\/#primaryimage","url":"https:\/\/keys-for-auto.eu\/wp-content\/uploads\/2022\/12\/admin-ajax-removebg-preview-1-2.png","contentUrl":"https:\/\/keys-for-auto.eu\/wp-content\/uploads\/2022\/12\/admin-ajax-removebg-preview-1-2.png","width":399,"height":400},{"@type":"BreadcrumbList","@id":"https:\/\/keys-for-auto.eu\/pl\/product\/key-production-for-ford-cars\/#breadcrumb","itemListElement":[{"@type":"ListItem","position":1,"name":"Strona g\u0142\u00f3wna","item":"https:\/\/keys-for-auto.eu\/pl\/"},{"@type":"ListItem","position":2,"name":"Shop","item":"https:\/\/keys-for-auto.eu\/"},{"@type":"ListItem","position":3,"name":"Kluczowa produkcja dla samochod\u00f3w Forda"}]},{"@type":"WebSite","@id":"https:\/\/keys-for-auto.eu\/pl\/#website","url":"https:\/\/keys-for-auto.eu\/pl\/","name":"Keys for auto","description":"Car keys,  key shells, key programming","publisher":{"@id":"https:\/\/keys-for-auto.eu\/pl\/#organization"},"potentialAction":[{"@type":"SearchAction","target":{"@type":"EntryPoint","urlTemplate":"https:\/\/keys-for-auto.eu\/pl\/?s={search_term_string}"},"query-input":{"@type":"PropertyValueSpecification","valueRequired":true,"valueName":"search_term_string"}}],"inLanguage":"pl-PL"},{"@type":"Organization","@id":"https:\/\/keys-for-auto.eu\/pl\/#organization","name":"Klucze do samochodu","url":"https:\/\/keys-for-auto.eu\/pl\/","logo":{"@type":"ImageObject","inLanguage":"pl-PL","@id":"https:\/\/keys-for-auto.eu\/pl\/#\/schema\/logo\/image\/","url":"https:\/\/keys-for-auto.eu\/wp-content\/uploads\/2022\/11\/cropped-png1.png","contentUrl":"https:\/\/keys-for-auto.eu\/wp-content\/uploads\/2022\/11\/cropped-png1.png","width":1000,"height":342,"caption":"Klucze do samochodu"},"image":{"@id":"https:\/\/keys-for-auto.eu\/pl\/#\/schema\/logo\/image\/"},"sameAs":["https:\/\/www.facebook.com\/KeysForAutoEU"]}]}},"_links":{"self":[{"href":"https:\/\/keys-for-auto.eu\/pl\/wp-json\/wp\/v2\/product\/16749","targetHints":{"allow":["GET"]}}],"collection":[{"href":"https:\/\/keys-for-auto.eu\/pl\/wp-json\/wp\/v2\/product"}],"about":[{"href":"https:\/\/keys-for-auto.eu\/pl\/wp-json\/wp\/v2\/types\/product"}],"replies":[{"embeddable":true,"href":"https:\/\/keys-for-auto.eu\/pl\/wp-json\/wp\/v2\/comments?post=16749"}],"wp:featuredmedia":[{"embeddable":true,"href":"https:\/\/keys-for-auto.eu\/pl\/wp-json\/wp\/v2\/media\/13328"}],"wp:attachment":[{"href":"https:\/\/keys-for-auto.eu\/pl\/wp-json\/wp\/v2\/media?parent=16749"}],"wp:term":[{"taxonomy":"product_brand","embeddable":true,"href":"https:\/\/keys-for-auto.eu\/pl\/wp-json\/wp\/v2\/product_brand?post=16749"},{"taxonomy":"product_cat","embeddable":true,"href":"https:\/\/keys-for-auto.eu\/pl\/wp-json\/wp\/v2\/product_cat?post=16749"},{"taxonomy":"product_tag","embeddable":true,"href":"https:\/\/keys-for-auto.eu\/pl\/wp-json\/wp\/v2\/product_tag?post=16749"}],"curies":[{"name":"wp","href":"https:\/\/api.w.org\/{rel}","templated":true}]}}