{"id":16739,"date":"2017-03-11T19:56:53","date_gmt":"2017-03-11T19:56:53","guid":{"rendered":"https:\/\/keys-for-auto.eu\/product\/produkcja-kluczy-programowanie-dla-samochodow-bmw\/"},"modified":"2017-03-11T19:56:53","modified_gmt":"2017-03-11T19:56:53","slug":"programowanie-kluczy-dla-samochodow-marki-bmw","status":"publish","type":"product","link":"https:\/\/keys-for-auto.eu\/pl\/product\/programowanie-kluczy-dla-samochodow-marki-bmw\/","title":{"rendered":"Produkcja kluczy \/ programowanie dla samochod\u00f3w BMW"},"content":{"rendered":"<h2>Produkcja kluczy do BMW<\/h2>\n<p>Aby zapobiec pr\u00f3bom w\u0142amania, wiele nowoczesnych modeli BMW wyposa\u017conych jest w immobilisery. Dzia\u0142anie tego systemu obronnego polega na tym, \u017ce elektroniczna jednostka steruj\u0105ca odczytuje informacje zapisane w chipie pok\u0142adowym klucza w momencie w\u0142o\u017cenia klucza do zamka zap\u0142onowego. Je\u017celi kod alfanumeryczny nie odpowiada danym zapisanym w pami\u0119ci jednostki steruj\u0105cej, samoch\u00f3d nie ruszy. Dlatego przy produkcji klucza BMW nie wystarczy po prostu wyci\u0105\u0107 odpowiedni\u0105 konfiguracj\u0119 z\u0105bk\u00f3w na metalowym blanku ostrza, ale nale\u017cy r\u00f3wnie\u017c skopiowa\u0107 cz\u0119\u015b\u0107 elektroniczn\u0105 klucza, aby zapewni\u0107 prawid\u0142owe dzia\u0142anie systemu immobilizera.<br \/>\nWysokiej jako\u015bci dorabianie kluczy samochodowych BMW wymaga specjalistycznego sprz\u0119tu i wysoko wykwalifikowanego technika.<\/p>\n<h2>Produkcja kluczy BMW | Kolejno\u015b\u0107 czynno\u015bci<\/h2>\n<p>Wymagane jest wykonanie nast\u0119puj\u0105cych czynno\u015bci:<\/p>\n<p>Ustali\u0107 konfiguracj\u0119 z\u0119b\u00f3w ostrza klucza.<\/p>\n<p>Okre\u015bli\u0107 w\u0142a\u015bciwo\u015bci uk\u0142adu scalonego.<\/p>\n<p>Wyprodukuj metalowy grot klucza za pomoc\u0105 maszyny CNC.<\/p>\n<p>Zapisz na duplikacie klucza, \u017ce nale\u017cy on do wymaganego modelu samochodu BMW.<\/p>\n<p>Tak przygotowany chip zamontuj na kluczu.<\/p>\n<p>Sprawd\u017a, czy wszystkie systemy dzia\u0142aj\u0105 prawid\u0142owo.<\/p>\n<p>Wprowadzi\u0107 kod alfanumeryczny na powielonym chipie do elektronicznej jednostki steruj\u0105cej silnika za pomoc\u0105 programatora. Pozwala to na uruchomienie istniej\u0105cej marki BMW przy u\u017cyciu tylko tego klucza. Obw\u00f3d immobilizera mo\u017cna w razie potrzeby wy\u0142\u0105czy\u0107, ale w takim przypadku samoch\u00f3d nie b\u0119dzie zabezpieczony przed kradzie\u017c\u0105 i b\u0119dzie \u0142atwym \u0142upem dla przest\u0119pc\u00f3w, poniewa\u017c mo\u017cna go uruchomi\u0107 za pomoc\u0105 dowolnego wyrobu metalowego, kt\u00f3ry pasuje do wymiar\u00f3w geometrycznych.<br \/>\nJe\u015bli mamy tylko jeden klucz, lepiej zawczasu zrobi\u0107 duplikat, co jest znacznie \u0142atwiejsze i ta\u0144sze ni\u017c odtworzenie go z zamka stacyjki. Zgubienie jednego klucza mo\u017ce doprowadzi\u0107 do zablokowania samochodu z zamkni\u0119tymi drzwiami. W tym przypadku odblokowanie samochodu bez uszkodzenia jest mo\u017cliwe tylko przy u\u017cyciu specjalnych narz\u0119dzi.<\/p>\n<p>&nbsp;<\/p>\n","protected":false},"excerpt":{"rendered":"<h3><strong>Produkcja kluczy samochodowych<\/strong><\/h3>\n<ul>\n<li><strong>Produkcja nowych kluczy samochodowych, programowanie kluczy (&#8222;wi\u0105zanie&#8221; z samochodem)<\/strong><\/li>\n<li><strong>Usuwanie z pami\u0119ci samochodu wcze\u015bniej zgubionych kluczyk\u00f3w<\/strong><\/li>\n<li><strong>Produkcja klucza zap\u0142onowego wed\u0142ug zamka<\/strong><\/li>\n<li><strong>Naprawa kluczy samochodowych (wymiana przycisk\u00f3w, muszli, mechanizm\u00f3w)<\/strong><\/li>\n<li><strong>Awaryjne odblokowanie samochodu<\/strong><\/li>\n<li><strong>Wymiana kluczy, etui na klucze<\/strong><\/li>\n<li><strong>Wy\u0142\u0105czenie oprogramowania DPF \/ FAP<\/strong><\/li>\n<li><strong>Programowe usuni\u0119cie EGR<\/strong><\/li>\n<li><strong>Wy\u0142\u0105czenie oprogramowania immobilizera (immo Off)<\/strong><\/li>\n<li><strong>Jednostka steruj\u0105ca silnika (ECU) naprawa, klonowanie, programowanie<\/strong><\/li>\n<li><strong>SRS (programowanie jednostki steruj\u0105cej poduszk\u0105 powietrzn\u0105)<\/strong><\/li>\n<\/ul>\n<h4><strong>  przedmioty wysy\u0142ane w ci\u0105gu 3 dni roboczych.*<\/strong><\/h4>\n<h2><strong>Programowanie kluczy BMW od 60\u20ac<\/strong><\/h2>\n<p>Cena obejmuje klucz BMW z programowaniem, ci\u0119cie ostrza.<\/p>\n<p>&nbsp;<\/p>\n<p>BMW serii 3 E36 1996-1999 EWS1, EWS2 BMW <em><br \/>\n  <strong>programowanie kluczy, ci\u0119cie ostrzy <\/strong><br \/>\n<\/em> <\/p>\n<p>BMW serii 3 E46 1999-2004 EWS 3 BMW<em><br \/>\n  <strong> programowanie kluczy, ci\u0119cie ostrzy <\/strong><br \/>\n<\/em> <\/p>\n<p>BMW serii 3 E46 2005-2007 CAS2 BMW<em><br \/>\n  <strong> programowanie kluczy, ci\u0119cie ostrzy <\/strong><br \/>\n<\/em> <\/p>\n<p>BMW serii 3 E90 2005-2012 CAS3, CAS3 BMW <em><br \/>\n  <strong>programowanie klucza, wyci\u0119cie ostrza <\/strong><br \/>\n<\/em> <\/p>\n<p>BMW serii 3 F30 2012- BMW<em><br \/>\n  <strong> programowanie kluczy, ci\u0119cie ostrzy <\/strong><br \/>\n<\/em> <\/p>\n<p>BMW serii 5 E39 1996-2004 EWS1, EWS2, EWS3 BMW <em><br \/>\n  <strong>programowanie kluczy, ci\u0119cie ostrzy <\/strong><br \/>\n<\/em> <\/p>\n<p>BMW serii 5 E60, E61 2004-2010 CAS2 BMW <em><br \/>\n  <strong>programowanie klucza, wyci\u0119cie ostrza <\/strong><br \/>\n<\/em> <\/p>\n<p>BMW serii 5 E60, E61 2004-2010 CAS3, CAS3 BMW <em><br \/>\n  <strong>programowanie klucza, wyci\u0119cie ostrza<\/strong><br \/>\n<\/em><\/p>\n<p>BMW serii 5 F10 2010 &#8211; BMW <em><br \/>\n  <strong>programowanie kluczy, ci\u0119cie ostrzy <\/strong><br \/>\n<\/em> <\/p>\n<p>BMW serii 6 E63, E64 2004-2010 CAS2 BMW <em><br \/>\n  <strong>Programowanie kluczy, ci\u0119cie ostrzy <\/strong><br \/>\n<\/em> <\/p>\n<p>BMW serii 6 E63, E64 2004-2010 CAS3, CAS3 BMW <em><br \/>\n  <strong>programowanie klucza, wyci\u0119cie ostrza <\/strong><br \/>\n<\/em> <\/p>\n<p>BMW serii 6 F06, F12 2011- BMW<em><br \/>\n  <strong> programowanie kluczy, ci\u0119cie ostrzy <\/strong><br \/>\n<\/em> <\/p>\n<p>BMW serii 7 E38 1996-2001 EWS BMW <strong><br \/>\n  <em>programowanie kluczy, ci\u0119cie ostrzy <\/em><br \/>\n<\/strong> <\/p>\n<p>BMW serii 7 E65, E66 2002-2008 CAS BMW <strong><br \/>\n  <em>programowanie klucza, wyci\u0119cie ostrza <\/em><br \/>\n<\/strong> <\/p>\n<p>BMW serii 7 F01, F02 2008-2015 BMW <strong><br \/>\n  <em>programowanie klucza, wyci\u0119cie ostrza <\/em><br \/>\n<\/strong> <\/p>\n<p>BMW serii 7 G10, G11 2015-.<\/p>\n<p>BMW serii 1 E87 2004-2011 CAS3, CAS3 BMW <em><br \/>\n  <strong>programowanie klucza, wyci\u0119cie ostrza<\/strong><br \/>\n<\/em><\/p>\n<p>BMW serii 1 F20, F21 2011- BMW <em><br \/>\n  <strong>programowanie kluczy, ci\u0119cie ostrzy<\/strong><br \/>\n<\/em><\/p>\n<p>X1 2009 CAS3, CAS3 BMW<em><br \/>\n  <strong> programowanie kluczy, ci\u0119cie ostrzy<\/strong><br \/>\n<\/em><\/p>\n<p>X3 E83 2003-2010 CAS3, CAS3 BMW <em><br \/>\n  <strong>programowanie kluczy, ci\u0119cie ostrzy<\/strong><br \/>\n<\/em><\/p>\n<p>X3 F25 2010- BMW <em><br \/>\n  <strong>programowanie kluczy, ci\u0119cie ostrzy<\/strong><br \/>\n<\/em><\/p>\n<p>X5 E53 1999-2003 EWS3 BMW <em><br \/>\n  <strong>programowanie kluczy, ci\u0119cie ostrzy <\/strong><br \/>\n<\/em> <\/p>\n<p>X5 E70 2006- CAS3, CAS3 BMW<em><br \/>\n  <strong> programowanie klucza, wyci\u0119cie ostrza <\/strong><br \/>\n<\/em> <\/p>\n<p>X6 E71 2008 CAS3, CAS3 BMW <em><br \/>\n  <strong>programowanie kluczy, ci\u0119cie ostrzy <\/strong><br \/>\n<\/em> <\/p>\n<p>MINI COOPER 2001-2004 EWS3 <em><br \/>\n  <strong>programowanie kluczy, ci\u0119cie brzeszczot\u00f3w <\/strong><br \/>\n<\/em> <\/p>\n<p>MINI COOPER 2005<em><br \/>\n  <strong> programowanie kluczy, ci\u0119cie ostrzy <\/strong><br \/>\n<\/em> <\/p>\n<p>&nbsp;<\/p>\n<p>&nbsp;<\/p>\n<p>&nbsp;<\/p>\n","protected":false},"featured_media":12748,"comment_status":"open","ping_status":"closed","template":"","meta":[],"product_brand":[],"product_cat":[2783,2776],"product_tag":[3180,2865,3183,3185,2890,2896,2941,2923,2901,2905,3110,3128,3121,3195,3169,3200,2878,2949,2882,2950,2883,2951,2952,2920,3352,2953,2943,2925,3364,3358,3367,3348],"class_list":{"0":"post-16739","1":"product","2":"type-product","3":"status-publish","4":"has-post-thumbnail","6":"product_cat-bmw-pl","7":"product_cat-produkcja-kluczy","8":"product_tag-bmw-3-kluczyk","9":"product_tag-bmw-3-obudowa-klucza","10":"product_tag-bmw-5-kluczyk","11":"product_tag-bmw-7-kluczyk","12":"product_tag-bmw-e38-obudowa-klucza","13":"product_tag-bmw-e46-obudowa-klucza","14":"product_tag-bmw-klucz-5-shell","15":"product_tag-bmw-m5-obudowa-klucza","16":"product_tag-bmw-x3-obudowa-klucza","17":"product_tag-bmw-x5-obudowa-klucza","18":"product_tag-klucz-bmw","19":"product_tag-klucz-bmw-f5","20":"product_tag-klucz-do-bmw-f3","21":"product_tag-klucz-do-bmw-x3","22":"product_tag-klucz-do-bmw-x5","23":"product_tag-klucz-do-bmw-z4","24":"product_tag-muszla-klucza-bmw-5","25":"product_tag-muszla-klucza-bmw-6","26":"product_tag-muszla-klucza-bmw-7","27":"product_tag-muszla-klucza-bmw-8","28":"product_tag-obudowa-klucza-bmw","29":"product_tag-obudowa-klucza-bmw-e","30":"product_tag-obudowa-klucza-bmw-m","31":"product_tag-obudowa-klucza-bmw-m3","32":"product_tag-obudowa-klucza-bmw-mini","33":"product_tag-obudowa-klucza-bmw-x","34":"product_tag-obudowa-klucza-bmw-z3","35":"product_tag-obudowa-klucza-bmw-z4","36":"product_tag-produkcja-klawiszy","37":"product_tag-produkcja-kluczy-do-bmw","38":"product_tag-programowanie-kluczy-pl","39":"product_tag-programowanie-kluczy-bmv","41":"first","42":"instock","43":"shipping-taxable","44":"product-type-simple"},"yoast_head":"<!-- This site is optimized with the Yoast SEO plugin v27.3 - https:\/\/yoast.com\/product\/yoast-seo-wordpress\/ -->\n<title>Produkcja kluczy \/ programowanie dla samochod\u00f3w BMW - Keys for auto<\/title>\n<meta name=\"robots\" content=\"index, follow, max-snippet:-1, max-image-preview:large, max-video-preview:-1\" \/>\n<link rel=\"canonical\" href=\"https:\/\/keys-for-auto.eu\/pl\/product\/programowanie-kluczy-dla-samochodow-marki-bmw\/\" \/>\n<meta property=\"og:locale\" content=\"pl_PL\" \/>\n<meta property=\"og:type\" content=\"article\" \/>\n<meta property=\"og:title\" content=\"Produkcja kluczy \/ programowanie dla samochod\u00f3w BMW - Keys for auto\" \/>\n<meta property=\"og:description\" content=\"Produkcja kluczy samochodowych  Produkcja nowych kluczy samochodowych, programowanie kluczy (&quot;wi\u0105zanie&quot; z samochodem)  Usuwanie z pami\u0119ci samochodu wcze\u015bniej zgubionych kluczyk\u00f3w  Produkcja klucza zap\u0142onowego wed\u0142ug zamka  Naprawa kluczy samochodowych (wymiana przycisk\u00f3w, muszli, mechanizm\u00f3w)  Awaryjne odblokowanie samochodu  Wymiana kluczy, etui na klucze  Wy\u0142\u0105czenie oprogramowania DPF \/ FAP  Programowe usuni\u0119cie EGR  Wy\u0142\u0105czenie oprogramowania immobilizera (immo Off)  Jednostka steruj\u0105ca silnika (ECU) naprawa, klonowanie, programowanie  SRS (programowanie jednostki steruj\u0105cej poduszk\u0105 powietrzn\u0105)  przedmioty wysy\u0142ane w ci\u0105gu 3 dni roboczych.* Programowanie kluczy BMW od 60\u20ac Cena obejmuje klucz BMW z programowaniem, ci\u0119cie ostrza. &nbsp; BMW serii 3 E36 1996-1999 EWS1, EWS2 BMW  programowanie kluczy, ci\u0119cie ostrzy   BMW serii 3 E46 1999-2004 EWS 3 BMW  programowanie kluczy, ci\u0119cie ostrzy   BMW serii 3 E46 2005-2007 CAS2 BMW  programowanie kluczy, ci\u0119cie ostrzy   BMW serii 3 E90 2005-2012 CAS3, CAS3 BMW  programowanie klucza, wyci\u0119cie ostrza   BMW serii 3 F30 2012- BMW  programowanie kluczy, ci\u0119cie ostrzy   BMW serii 5 E39 1996-2004 EWS1, EWS2, EWS3 BMW  programowanie kluczy, ci\u0119cie ostrzy   BMW serii 5 E60, E61 2004-2010 CAS2 BMW  programowanie klucza, wyci\u0119cie ostrza   BMW serii 5 E60, E61 2004-2010 CAS3, CAS3 BMW  programowanie klucza, wyci\u0119cie ostrza  BMW serii 5 F10 2010 - BMW  programowanie kluczy, ci\u0119cie ostrzy   BMW serii 6 E63, E64 2004-2010 CAS2 BMW  Programowanie kluczy, ci\u0119cie ostrzy   BMW serii 6 E63, E64 2004-2010 CAS3, CAS3 BMW  programowanie klucza, wyci\u0119cie ostrza   BMW serii 6 F06, F12 2011- BMW  programowanie kluczy, ci\u0119cie ostrzy   BMW serii 7 E38 1996-2001 EWS BMW  programowanie kluczy, ci\u0119cie ostrzy   BMW serii 7 E65, E66 2002-2008 CAS BMW  programowanie klucza, wyci\u0119cie ostrza   BMW serii 7 F01, F02 2008-2015 BMW  programowanie klucza, wyci\u0119cie ostrza   BMW serii 7 G10, G11 2015-. BMW serii 1 E87 2004-2011 CAS3, CAS3 BMW  programowanie klucza, wyci\u0119cie ostrza  BMW serii 1 F20, F21 2011- BMW  programowanie kluczy, ci\u0119cie ostrzy  X1 2009 CAS3, CAS3 BMW  programowanie kluczy, ci\u0119cie ostrzy  X3 E83 2003-2010 CAS3, CAS3 BMW  programowanie kluczy, ci\u0119cie ostrzy  X3 F25 2010- BMW  programowanie kluczy, ci\u0119cie ostrzy  X5 E53 1999-2003 EWS3 BMW  programowanie kluczy, ci\u0119cie ostrzy   X5 E70 2006- CAS3, CAS3 BMW  programowanie klucza, wyci\u0119cie ostrza   X6 E71 2008 CAS3, CAS3 BMW  programowanie kluczy, ci\u0119cie ostrzy   MINI COOPER 2001-2004 EWS3  programowanie kluczy, ci\u0119cie brzeszczot\u00f3w   MINI COOPER 2005  programowanie kluczy, ci\u0119cie ostrzy   &nbsp; &nbsp; &nbsp;\" \/>\n<meta property=\"og:url\" content=\"https:\/\/keys-for-auto.eu\/pl\/product\/programowanie-kluczy-dla-samochodow-marki-bmw\/\" \/>\n<meta property=\"og:site_name\" content=\"Keys for auto\" \/>\n<meta property=\"article:publisher\" content=\"https:\/\/www.facebook.com\/KeysForAutoEU\" \/>\n<meta property=\"og:image\" content=\"https:\/\/keys-for-auto.eu\/wp-content\/uploads\/2022\/12\/312-1.png\" \/>\n\t<meta property=\"og:image:width\" content=\"600\" \/>\n\t<meta property=\"og:image:height\" content=\"500\" \/>\n\t<meta property=\"og:image:type\" content=\"image\/png\" \/>\n<meta name=\"twitter:card\" content=\"summary_large_image\" \/>\n<meta name=\"twitter:label1\" content=\"Szacowany czas czytania\" \/>\n\t<meta name=\"twitter:data1\" content=\"2 minuty\" \/>\n<script type=\"application\/ld+json\" class=\"yoast-schema-graph\">{\"@context\":\"https:\\\/\\\/schema.org\",\"@graph\":[{\"@type\":[\"WebPage\",\"ItemPage\"],\"@id\":\"https:\\\/\\\/keys-for-auto.eu\\\/pl\\\/product\\\/programowanie-kluczy-dla-samochodow-marki-bmw\\\/\",\"url\":\"https:\\\/\\\/keys-for-auto.eu\\\/pl\\\/product\\\/programowanie-kluczy-dla-samochodow-marki-bmw\\\/\",\"name\":\"Produkcja kluczy \\\/ programowanie dla samochod\u00f3w BMW - Keys for auto\",\"isPartOf\":{\"@id\":\"https:\\\/\\\/keys-for-auto.eu\\\/pl\\\/#website\"},\"primaryImageOfPage\":{\"@id\":\"https:\\\/\\\/keys-for-auto.eu\\\/pl\\\/product\\\/programowanie-kluczy-dla-samochodow-marki-bmw\\\/#primaryimage\"},\"image\":{\"@id\":\"https:\\\/\\\/keys-for-auto.eu\\\/pl\\\/product\\\/programowanie-kluczy-dla-samochodow-marki-bmw\\\/#primaryimage\"},\"thumbnailUrl\":\"https:\\\/\\\/keys-for-auto.eu\\\/wp-content\\\/uploads\\\/2022\\\/12\\\/312-1.png\",\"datePublished\":\"2017-03-11T19:56:53+00:00\",\"breadcrumb\":{\"@id\":\"https:\\\/\\\/keys-for-auto.eu\\\/pl\\\/product\\\/programowanie-kluczy-dla-samochodow-marki-bmw\\\/#breadcrumb\"},\"inLanguage\":\"pl-PL\",\"potentialAction\":[{\"@type\":\"ReadAction\",\"target\":[\"https:\\\/\\\/keys-for-auto.eu\\\/pl\\\/product\\\/programowanie-kluczy-dla-samochodow-marki-bmw\\\/\"]}]},{\"@type\":\"ImageObject\",\"inLanguage\":\"pl-PL\",\"@id\":\"https:\\\/\\\/keys-for-auto.eu\\\/pl\\\/product\\\/programowanie-kluczy-dla-samochodow-marki-bmw\\\/#primaryimage\",\"url\":\"https:\\\/\\\/keys-for-auto.eu\\\/wp-content\\\/uploads\\\/2022\\\/12\\\/312-1.png\",\"contentUrl\":\"https:\\\/\\\/keys-for-auto.eu\\\/wp-content\\\/uploads\\\/2022\\\/12\\\/312-1.png\",\"width\":600,\"height\":500},{\"@type\":\"BreadcrumbList\",\"@id\":\"https:\\\/\\\/keys-for-auto.eu\\\/pl\\\/product\\\/programowanie-kluczy-dla-samochodow-marki-bmw\\\/#breadcrumb\",\"itemListElement\":[{\"@type\":\"ListItem\",\"position\":1,\"name\":\"Strona g\u0142\u00f3wna\",\"item\":\"https:\\\/\\\/keys-for-auto.eu\\\/pl\\\/\"},{\"@type\":\"ListItem\",\"position\":2,\"name\":\"Shop\",\"item\":\"https:\\\/\\\/keys-for-auto.eu\\\/\"},{\"@type\":\"ListItem\",\"position\":3,\"name\":\"Produkcja kluczy \\\/ programowanie dla samochod\u00f3w BMW\"}]},{\"@type\":\"WebSite\",\"@id\":\"https:\\\/\\\/keys-for-auto.eu\\\/pl\\\/#website\",\"url\":\"https:\\\/\\\/keys-for-auto.eu\\\/pl\\\/\",\"name\":\"Keys for auto\",\"description\":\"Car keys,  key shells, key programming\",\"publisher\":{\"@id\":\"https:\\\/\\\/keys-for-auto.eu\\\/pl\\\/#organization\"},\"potentialAction\":[{\"@type\":\"SearchAction\",\"target\":{\"@type\":\"EntryPoint\",\"urlTemplate\":\"https:\\\/\\\/keys-for-auto.eu\\\/pl\\\/?s={search_term_string}\"},\"query-input\":{\"@type\":\"PropertyValueSpecification\",\"valueRequired\":true,\"valueName\":\"search_term_string\"}}],\"inLanguage\":\"pl-PL\"},{\"@type\":\"Organization\",\"@id\":\"https:\\\/\\\/keys-for-auto.eu\\\/pl\\\/#organization\",\"name\":\"Klucze do samochodu\",\"url\":\"https:\\\/\\\/keys-for-auto.eu\\\/pl\\\/\",\"logo\":{\"@type\":\"ImageObject\",\"inLanguage\":\"pl-PL\",\"@id\":\"https:\\\/\\\/keys-for-auto.eu\\\/pl\\\/#\\\/schema\\\/logo\\\/image\\\/\",\"url\":\"https:\\\/\\\/keys-for-auto.eu\\\/wp-content\\\/uploads\\\/2022\\\/11\\\/cropped-png1.png\",\"contentUrl\":\"https:\\\/\\\/keys-for-auto.eu\\\/wp-content\\\/uploads\\\/2022\\\/11\\\/cropped-png1.png\",\"width\":1000,\"height\":342,\"caption\":\"Klucze do samochodu\"},\"image\":{\"@id\":\"https:\\\/\\\/keys-for-auto.eu\\\/pl\\\/#\\\/schema\\\/logo\\\/image\\\/\"},\"sameAs\":[\"https:\\\/\\\/www.facebook.com\\\/KeysForAutoEU\"]}]}<\/script>\n<!-- \/ Yoast SEO plugin. -->","yoast_head_json":{"title":"Produkcja kluczy \/ programowanie dla samochod\u00f3w BMW - Keys for auto","robots":{"index":"index","follow":"follow","max-snippet":"max-snippet:-1","max-image-preview":"max-image-preview:large","max-video-preview":"max-video-preview:-1"},"canonical":"https:\/\/keys-for-auto.eu\/pl\/product\/programowanie-kluczy-dla-samochodow-marki-bmw\/","og_locale":"pl_PL","og_type":"article","og_title":"Produkcja kluczy \/ programowanie dla samochod\u00f3w BMW - Keys for auto","og_description":"Produkcja kluczy samochodowych  Produkcja nowych kluczy samochodowych, programowanie kluczy (\"wi\u0105zanie\" z samochodem)  Usuwanie z pami\u0119ci samochodu wcze\u015bniej zgubionych kluczyk\u00f3w  Produkcja klucza zap\u0142onowego wed\u0142ug zamka  Naprawa kluczy samochodowych (wymiana przycisk\u00f3w, muszli, mechanizm\u00f3w)  Awaryjne odblokowanie samochodu  Wymiana kluczy, etui na klucze  Wy\u0142\u0105czenie oprogramowania DPF \/ FAP  Programowe usuni\u0119cie EGR  Wy\u0142\u0105czenie oprogramowania immobilizera (immo Off)  Jednostka steruj\u0105ca silnika (ECU) naprawa, klonowanie, programowanie  SRS (programowanie jednostki steruj\u0105cej poduszk\u0105 powietrzn\u0105)  przedmioty wysy\u0142ane w ci\u0105gu 3 dni roboczych.* Programowanie kluczy BMW od 60\u20ac Cena obejmuje klucz BMW z programowaniem, ci\u0119cie ostrza. &nbsp; BMW serii 3 E36 1996-1999 EWS1, EWS2 BMW  programowanie kluczy, ci\u0119cie ostrzy   BMW serii 3 E46 1999-2004 EWS 3 BMW  programowanie kluczy, ci\u0119cie ostrzy   BMW serii 3 E46 2005-2007 CAS2 BMW  programowanie kluczy, ci\u0119cie ostrzy   BMW serii 3 E90 2005-2012 CAS3, CAS3 BMW  programowanie klucza, wyci\u0119cie ostrza   BMW serii 3 F30 2012- BMW  programowanie kluczy, ci\u0119cie ostrzy   BMW serii 5 E39 1996-2004 EWS1, EWS2, EWS3 BMW  programowanie kluczy, ci\u0119cie ostrzy   BMW serii 5 E60, E61 2004-2010 CAS2 BMW  programowanie klucza, wyci\u0119cie ostrza   BMW serii 5 E60, E61 2004-2010 CAS3, CAS3 BMW  programowanie klucza, wyci\u0119cie ostrza  BMW serii 5 F10 2010 - BMW  programowanie kluczy, ci\u0119cie ostrzy   BMW serii 6 E63, E64 2004-2010 CAS2 BMW  Programowanie kluczy, ci\u0119cie ostrzy   BMW serii 6 E63, E64 2004-2010 CAS3, CAS3 BMW  programowanie klucza, wyci\u0119cie ostrza   BMW serii 6 F06, F12 2011- BMW  programowanie kluczy, ci\u0119cie ostrzy   BMW serii 7 E38 1996-2001 EWS BMW  programowanie kluczy, ci\u0119cie ostrzy   BMW serii 7 E65, E66 2002-2008 CAS BMW  programowanie klucza, wyci\u0119cie ostrza   BMW serii 7 F01, F02 2008-2015 BMW  programowanie klucza, wyci\u0119cie ostrza   BMW serii 7 G10, G11 2015-. BMW serii 1 E87 2004-2011 CAS3, CAS3 BMW  programowanie klucza, wyci\u0119cie ostrza  BMW serii 1 F20, F21 2011- BMW  programowanie kluczy, ci\u0119cie ostrzy  X1 2009 CAS3, CAS3 BMW  programowanie kluczy, ci\u0119cie ostrzy  X3 E83 2003-2010 CAS3, CAS3 BMW  programowanie kluczy, ci\u0119cie ostrzy  X3 F25 2010- BMW  programowanie kluczy, ci\u0119cie ostrzy  X5 E53 1999-2003 EWS3 BMW  programowanie kluczy, ci\u0119cie ostrzy   X5 E70 2006- CAS3, CAS3 BMW  programowanie klucza, wyci\u0119cie ostrza   X6 E71 2008 CAS3, CAS3 BMW  programowanie kluczy, ci\u0119cie ostrzy   MINI COOPER 2001-2004 EWS3  programowanie kluczy, ci\u0119cie brzeszczot\u00f3w   MINI COOPER 2005  programowanie kluczy, ci\u0119cie ostrzy   &nbsp; &nbsp; &nbsp;","og_url":"https:\/\/keys-for-auto.eu\/pl\/product\/programowanie-kluczy-dla-samochodow-marki-bmw\/","og_site_name":"Keys for auto","article_publisher":"https:\/\/www.facebook.com\/KeysForAutoEU","og_image":[{"width":600,"height":500,"url":"https:\/\/keys-for-auto.eu\/wp-content\/uploads\/2022\/12\/312-1.png","type":"image\/png"}],"twitter_card":"summary_large_image","twitter_misc":{"Szacowany czas czytania":"2 minuty"},"schema":{"@context":"https:\/\/schema.org","@graph":[{"@type":["WebPage","ItemPage"],"@id":"https:\/\/keys-for-auto.eu\/pl\/product\/programowanie-kluczy-dla-samochodow-marki-bmw\/","url":"https:\/\/keys-for-auto.eu\/pl\/product\/programowanie-kluczy-dla-samochodow-marki-bmw\/","name":"Produkcja kluczy \/ programowanie dla samochod\u00f3w BMW - Keys for auto","isPartOf":{"@id":"https:\/\/keys-for-auto.eu\/pl\/#website"},"primaryImageOfPage":{"@id":"https:\/\/keys-for-auto.eu\/pl\/product\/programowanie-kluczy-dla-samochodow-marki-bmw\/#primaryimage"},"image":{"@id":"https:\/\/keys-for-auto.eu\/pl\/product\/programowanie-kluczy-dla-samochodow-marki-bmw\/#primaryimage"},"thumbnailUrl":"https:\/\/keys-for-auto.eu\/wp-content\/uploads\/2022\/12\/312-1.png","datePublished":"2017-03-11T19:56:53+00:00","breadcrumb":{"@id":"https:\/\/keys-for-auto.eu\/pl\/product\/programowanie-kluczy-dla-samochodow-marki-bmw\/#breadcrumb"},"inLanguage":"pl-PL","potentialAction":[{"@type":"ReadAction","target":["https:\/\/keys-for-auto.eu\/pl\/product\/programowanie-kluczy-dla-samochodow-marki-bmw\/"]}]},{"@type":"ImageObject","inLanguage":"pl-PL","@id":"https:\/\/keys-for-auto.eu\/pl\/product\/programowanie-kluczy-dla-samochodow-marki-bmw\/#primaryimage","url":"https:\/\/keys-for-auto.eu\/wp-content\/uploads\/2022\/12\/312-1.png","contentUrl":"https:\/\/keys-for-auto.eu\/wp-content\/uploads\/2022\/12\/312-1.png","width":600,"height":500},{"@type":"BreadcrumbList","@id":"https:\/\/keys-for-auto.eu\/pl\/product\/programowanie-kluczy-dla-samochodow-marki-bmw\/#breadcrumb","itemListElement":[{"@type":"ListItem","position":1,"name":"Strona g\u0142\u00f3wna","item":"https:\/\/keys-for-auto.eu\/pl\/"},{"@type":"ListItem","position":2,"name":"Shop","item":"https:\/\/keys-for-auto.eu\/"},{"@type":"ListItem","position":3,"name":"Produkcja kluczy \/ programowanie dla samochod\u00f3w BMW"}]},{"@type":"WebSite","@id":"https:\/\/keys-for-auto.eu\/pl\/#website","url":"https:\/\/keys-for-auto.eu\/pl\/","name":"Keys for auto","description":"Car keys,  key shells, key programming","publisher":{"@id":"https:\/\/keys-for-auto.eu\/pl\/#organization"},"potentialAction":[{"@type":"SearchAction","target":{"@type":"EntryPoint","urlTemplate":"https:\/\/keys-for-auto.eu\/pl\/?s={search_term_string}"},"query-input":{"@type":"PropertyValueSpecification","valueRequired":true,"valueName":"search_term_string"}}],"inLanguage":"pl-PL"},{"@type":"Organization","@id":"https:\/\/keys-for-auto.eu\/pl\/#organization","name":"Klucze do samochodu","url":"https:\/\/keys-for-auto.eu\/pl\/","logo":{"@type":"ImageObject","inLanguage":"pl-PL","@id":"https:\/\/keys-for-auto.eu\/pl\/#\/schema\/logo\/image\/","url":"https:\/\/keys-for-auto.eu\/wp-content\/uploads\/2022\/11\/cropped-png1.png","contentUrl":"https:\/\/keys-for-auto.eu\/wp-content\/uploads\/2022\/11\/cropped-png1.png","width":1000,"height":342,"caption":"Klucze do samochodu"},"image":{"@id":"https:\/\/keys-for-auto.eu\/pl\/#\/schema\/logo\/image\/"},"sameAs":["https:\/\/www.facebook.com\/KeysForAutoEU"]}]}},"_links":{"self":[{"href":"https:\/\/keys-for-auto.eu\/pl\/wp-json\/wp\/v2\/product\/16739","targetHints":{"allow":["GET"]}}],"collection":[{"href":"https:\/\/keys-for-auto.eu\/pl\/wp-json\/wp\/v2\/product"}],"about":[{"href":"https:\/\/keys-for-auto.eu\/pl\/wp-json\/wp\/v2\/types\/product"}],"replies":[{"embeddable":true,"href":"https:\/\/keys-for-auto.eu\/pl\/wp-json\/wp\/v2\/comments?post=16739"}],"wp:featuredmedia":[{"embeddable":true,"href":"https:\/\/keys-for-auto.eu\/pl\/wp-json\/wp\/v2\/media\/12748"}],"wp:attachment":[{"href":"https:\/\/keys-for-auto.eu\/pl\/wp-json\/wp\/v2\/media?parent=16739"}],"wp:term":[{"taxonomy":"product_brand","embeddable":true,"href":"https:\/\/keys-for-auto.eu\/pl\/wp-json\/wp\/v2\/product_brand?post=16739"},{"taxonomy":"product_cat","embeddable":true,"href":"https:\/\/keys-for-auto.eu\/pl\/wp-json\/wp\/v2\/product_cat?post=16739"},{"taxonomy":"product_tag","embeddable":true,"href":"https:\/\/keys-for-auto.eu\/pl\/wp-json\/wp\/v2\/product_tag?post=16739"}],"curies":[{"name":"wp","href":"https:\/\/api.w.org\/{rel}","templated":true}]}}