{"id":16724,"date":"2017-04-19T14:34:33","date_gmt":"2017-04-19T14:34:33","guid":{"rendered":"https:\/\/keys-for-auto.eu\/product\/kluczowa-produkcja-dla-samochodow-mercedes\/"},"modified":"2017-04-19T14:34:33","modified_gmt":"2017-04-19T14:34:33","slug":"key-production-for-mercedes-cars","status":"publish","type":"product","link":"https:\/\/keys-for-auto.eu\/pl\/product\/key-production-for-mercedes-cars\/","title":{"rendered":"Kluczowa produkcja dla samochod\u00f3w Mercedes"},"content":{"rendered":"<p>&nbsp;<\/p>\n<p>&nbsp;<\/p>\n","protected":false},"excerpt":{"rendered":"<h3><strong>Produkcja kluczy samochodowych<\/strong><\/h3>\n<ul>\n<li><strong>Produkcja nowych kluczy samochodowych, programowanie kluczy (&#8222;wi\u0105zanie&#8221; z samochodem)<\/strong><\/li>\n<li><strong>Usuwanie z pami\u0119ci samochodu wcze\u015bniej zgubionych kluczyk\u00f3w<\/strong><\/li>\n<li><strong>Produkcja klucza zap\u0142onowego wed\u0142ug zamka<\/strong><\/li>\n<li><strong>Naprawa kluczy samochodowych (wymiana przycisk\u00f3w, muszli, mechanizm\u00f3w)<\/strong><\/li>\n<li><strong>Awaryjne odblokowanie samochodu<\/strong><\/li>\n<li><strong>Wymiana kluczy, etui na klucze<\/strong><\/li>\n<li><strong>Wy\u0142\u0105czenie oprogramowania DPF \/ FAP<\/strong><\/li>\n<li><strong>Programowe usuni\u0119cie EGR<\/strong><\/li>\n<li><strong>Wy\u0142\u0105czenie oprogramowania immobilizera (immo Off)<\/strong><\/li>\n<li><strong>Jednostka steruj\u0105ca silnika (ECU) naprawa, klonowanie, programowanie<\/strong><\/li>\n<li><strong>SRS (programowanie jednostki steruj\u0105cej poduszk\u0105 powietrzn\u0105)<\/strong><\/li>\n<\/ul>\n<h4><strong>  przedmioty wysy\u0142ane w ci\u0105gu 3 dni roboczych.*<\/strong><\/h4>\n<h2>Produkcja kluczy do Mercedesa<\/h2>\n<p>Produkcja kluczy do Mercedesa. Niekt\u00f3re \u015brodki transportu znacznie r\u00f3\u017cni\u0105 si\u0119 od innych. Na przyk\u0142ad klucze Mersedes Benz r\u00f3wnie\u017c maj\u0105 swoje cechy charakterystyczne. Bior\u0105c pod uwag\u0119 samochody z mechanicznymi zamkami stacyjki, mo\u017cna \u015bmia\u0142o stwierdzi\u0107, \u017ce nie ma mo\u017cliwo\u015bci wykonania dodatkowych kopii klucza.<\/p>\n<h2>Przydatne informacje<\/h2>\n<p>U\u017cycie duplikatu kluczyka nie pozwala na uruchomienie silnika, a raczej mo\u017cna to zrobi\u0107 tylko raz, a kluczyk, kt\u00f3ry wcze\u015bniej s\u0142u\u017cy\u0142 do uruchomienia pojazdu przestanie dzia\u0142a\u0107. Takie produkty dzia\u0142aj\u0105 w systemie kodu zmiennego. Kod na chipie klucza zmienia si\u0119 wed\u0142ug specjalnego algorytmu po ponownym uruchomieniu silnika. Silnik zostaje uruchomiony w momencie, gdy informacje w samochodzie i w kluczyku si\u0119 pokrywaj\u0105.<\/p>\n<p>Wyj\u0105tkiem s\u0105 samochody ci\u0119\u017carowe marki Mercedes (np. Actros). W przypadku samochod\u00f3w osobowych stosuje si\u0119 jeszcze jedn\u0105 kategori\u0119 klucza &#8211; klucze &#8222;rybki&#8221;. Kszta\u0142t tego inteligentnego produktu faktycznie przypomina wodne zwierz\u0119. Nie jest on obs\u0142ugiwany mechanicznie, lecz elektronicznie. Podczas u\u017cytkowania styki s\u0105 po\u0142\u0105czone, a sam zamek jest rejestrowany przez cewk\u0119. Wok\u00f3\u0142 klucza, kt\u00f3ry jest \u017ar\u00f3d\u0142em zasilania, wytwarza si\u0119 pole indukcyjne. Wbudowana w anten\u0119 p\u0142ytka drukowana u\u0142atwia ten proces.<\/p>\n<p>Wiadomo, \u017ce klucze elektroniczne Mercedes dzia\u0142aj\u0105 bez zasilania. Gdy jeden z nich wejdzie do zamka i &#8222;zrozumie&#8221; go, &#8222;prezentuje si\u0119&#8221; mu za pomoc\u0105 kana\u0142u podczerwieni. Ten ostatni por\u00f3wnuje dane w pami\u0119ci z informacjami z klucza i przekazuje informacj\u0119 do blokady elektrycznej wa\u0142u kierowniczego. Ten ostatni por\u00f3wnuje r\u00f3wnie\u017c otrzymane dane z danymi ju\u017c dost\u0119pnymi. Je\u015bli wynik jest pozytywny, wciska blokad\u0119 i kierownica zostaje zwolniona. Je\u015bli wszystko posz\u0142o g\u0142adko, zamek zostaje zwolniony i przekr\u0119camy klucz. Klucz mo\u017cna teraz swobodnie obraca\u0107. To wszystko, silnik pracuje.<\/p>\n<p>Niekt\u00f3re modele Mercedesa s\u0105 r\u00f3wnie\u017c dost\u0119pne z transceiverami. Zajmuje to mniej czasu specjalistycznego w por\u00f3wnaniu z produkcj\u0105 powy\u017cszych produkt\u00f3w. W razie potrzeby zrobi\u0105 Ci r\u00f3wnie\u017c klucz sk\u0142adany.<\/p>\n<p>&nbsp;<\/p>\n<p>&nbsp;<\/p>\n<p>&nbsp;<\/p>\n","protected":false},"featured_media":14408,"comment_status":"open","ping_status":"closed","template":"","meta":[],"product_brand":[],"product_cat":[2956,2776],"product_tag":[3269,3267,3296,3297,3298,3291,3299,3014,3011,3025,2994,3003,2998,3002,3294,2975,3024,3007,3331,3313,3324,2964,3020,2970,2989],"class_list":{"0":"post-16724","1":"product","2":"type-product","3":"status-publish","4":"has-post-thumbnail","6":"product_cat-mercedes-benz-pl","7":"product_cat-produkcja-kluczy","8":"product_tag-klucz-do-mercedes-benz","9":"product_tag-klucz-do-mercedes-benz-fortwo","10":"product_tag-klucz-do-mercedes-benz-sl","11":"product_tag-klucz-do-mercedes-benz-slk","12":"product_tag-klucz-do-mercedes-e-benz","13":"product_tag-klucz-mercedes-benz-clk","14":"product_tag-klucz-mercedes-ml-benz","15":"product_tag-korpus-klucza-mercedes-benz-sl","16":"product_tag-korpus-klucza-mercedes-benz-slk","17":"product_tag-korpus-klucza-mercedes-benz-vito","18":"product_tag-mercedes-benz-clk-obudowa-klucza","19":"product_tag-mercedes-benz-cls-obudowa-klucza","20":"product_tag-korpus-klucza-mercedes-benz-e","21":"product_tag-mercedes-benz-ml-obudowa-klucza","22":"product_tag-mercedes-benz-s-key-pl","23":"product_tag-mercedes-benz-smart-fortwo-pl","24":"product_tag-obudowa-klucza-mercedes-benz-m","25":"product_tag-obudowa-klucza-mercedes-benz-s","26":"product_tag-produkcja-kluczy","27":"product_tag-produkcja-kluczy-mercedes","28":"product_tag-programowanie-kluczy-mercedes","29":"product_tag-skorupa-klucza-mercedes-benz","30":"product_tag-skorupa-klucza-mercedes-benz-a","31":"product_tag-skorupa-klucza-mercedes-benz-b","32":"product_tag-skorupa-klucza-mercedes-benz-c","34":"first","35":"instock","36":"shipping-taxable","37":"product-type-simple"},"yoast_head":"<!-- This site is optimized with the Yoast SEO plugin v27.5 - https:\/\/yoast.com\/product\/yoast-seo-wordpress\/ -->\n<title>Kluczowa produkcja dla samochod\u00f3w Mercedes - Keys for auto<\/title>\n<meta name=\"robots\" content=\"index, follow, max-snippet:-1, max-image-preview:large, max-video-preview:-1\" \/>\n<link rel=\"canonical\" href=\"https:\/\/keys-for-auto.eu\/pl\/product\/key-production-for-mercedes-cars\/\" \/>\n<meta property=\"og:locale\" content=\"pl_PL\" \/>\n<meta property=\"og:type\" content=\"article\" \/>\n<meta property=\"og:title\" content=\"Kluczowa produkcja dla samochod\u00f3w Mercedes - Keys for auto\" \/>\n<meta property=\"og:description\" content=\"Produkcja kluczy samochodowych  Produkcja nowych kluczy samochodowych, programowanie kluczy (&quot;wi\u0105zanie&quot; z samochodem)  Usuwanie z pami\u0119ci samochodu wcze\u015bniej zgubionych kluczyk\u00f3w  Produkcja klucza zap\u0142onowego wed\u0142ug zamka  Naprawa kluczy samochodowych (wymiana przycisk\u00f3w, muszli, mechanizm\u00f3w)  Awaryjne odblokowanie samochodu  Wymiana kluczy, etui na klucze  Wy\u0142\u0105czenie oprogramowania DPF \/ FAP  Programowe usuni\u0119cie EGR  Wy\u0142\u0105czenie oprogramowania immobilizera (immo Off)  Jednostka steruj\u0105ca silnika (ECU) naprawa, klonowanie, programowanie  SRS (programowanie jednostki steruj\u0105cej poduszk\u0105 powietrzn\u0105)  przedmioty wysy\u0142ane w ci\u0105gu 3 dni roboczych.* Produkcja kluczy do Mercedesa Produkcja kluczy do Mercedesa. Niekt\u00f3re \u015brodki transportu znacznie r\u00f3\u017cni\u0105 si\u0119 od innych. Na przyk\u0142ad klucze Mersedes Benz r\u00f3wnie\u017c maj\u0105 swoje cechy charakterystyczne. Bior\u0105c pod uwag\u0119 samochody z mechanicznymi zamkami stacyjki, mo\u017cna \u015bmia\u0142o stwierdzi\u0107, \u017ce nie ma mo\u017cliwo\u015bci wykonania dodatkowych kopii klucza. Przydatne informacje U\u017cycie duplikatu kluczyka nie pozwala na uruchomienie silnika, a raczej mo\u017cna to zrobi\u0107 tylko raz, a kluczyk, kt\u00f3ry wcze\u015bniej s\u0142u\u017cy\u0142 do uruchomienia pojazdu przestanie dzia\u0142a\u0107. Takie produkty dzia\u0142aj\u0105 w systemie kodu zmiennego. Kod na chipie klucza zmienia si\u0119 wed\u0142ug specjalnego algorytmu po ponownym uruchomieniu silnika. Silnik zostaje uruchomiony w momencie, gdy informacje w samochodzie i w kluczyku si\u0119 pokrywaj\u0105. Wyj\u0105tkiem s\u0105 samochody ci\u0119\u017carowe marki Mercedes (np. Actros). W przypadku samochod\u00f3w osobowych stosuje si\u0119 jeszcze jedn\u0105 kategori\u0119 klucza - klucze &quot;rybki&quot;. Kszta\u0142t tego inteligentnego produktu faktycznie przypomina wodne zwierz\u0119. Nie jest on obs\u0142ugiwany mechanicznie, lecz elektronicznie. Podczas u\u017cytkowania styki s\u0105 po\u0142\u0105czone, a sam zamek jest rejestrowany przez cewk\u0119. Wok\u00f3\u0142 klucza, kt\u00f3ry jest \u017ar\u00f3d\u0142em zasilania, wytwarza si\u0119 pole indukcyjne. Wbudowana w anten\u0119 p\u0142ytka drukowana u\u0142atwia ten proces. Wiadomo, \u017ce klucze elektroniczne Mercedes dzia\u0142aj\u0105 bez zasilania. Gdy jeden z nich wejdzie do zamka i &quot;zrozumie&quot; go, &quot;prezentuje si\u0119&quot; mu za pomoc\u0105 kana\u0142u podczerwieni. Ten ostatni por\u00f3wnuje dane w pami\u0119ci z informacjami z klucza i przekazuje informacj\u0119 do blokady elektrycznej wa\u0142u kierowniczego. Ten ostatni por\u00f3wnuje r\u00f3wnie\u017c otrzymane dane z danymi ju\u017c dost\u0119pnymi. Je\u015bli wynik jest pozytywny, wciska blokad\u0119 i kierownica zostaje zwolniona. Je\u015bli wszystko posz\u0142o g\u0142adko, zamek zostaje zwolniony i przekr\u0119camy klucz. Klucz mo\u017cna teraz swobodnie obraca\u0107. To wszystko, silnik pracuje. Niekt\u00f3re modele Mercedesa s\u0105 r\u00f3wnie\u017c dost\u0119pne z transceiverami. Zajmuje to mniej czasu specjalistycznego w por\u00f3wnaniu z produkcj\u0105 powy\u017cszych produkt\u00f3w. W razie potrzeby zrobi\u0105 Ci r\u00f3wnie\u017c klucz sk\u0142adany. &nbsp; &nbsp; &nbsp;\" \/>\n<meta property=\"og:url\" content=\"https:\/\/keys-for-auto.eu\/pl\/product\/key-production-for-mercedes-cars\/\" \/>\n<meta property=\"og:site_name\" content=\"Keys for auto\" \/>\n<meta property=\"article:publisher\" content=\"https:\/\/www.facebook.com\/KeysForAutoEU\" \/>\n<meta property=\"og:image\" content=\"https:\/\/keys-for-auto.eu\/wp-content\/uploads\/2022\/12\/admin-ajax__1_-removebg-preview-1-1.png\" \/>\n\t<meta property=\"og:image:width\" content=\"521\" \/>\n\t<meta property=\"og:image:height\" content=\"446\" \/>\n\t<meta property=\"og:image:type\" content=\"image\/png\" \/>\n<meta name=\"twitter:card\" content=\"summary_large_image\" \/>\n<script type=\"application\/ld+json\" class=\"yoast-schema-graph\">{\"@context\":\"https:\\\/\\\/schema.org\",\"@graph\":[{\"@type\":[\"WebPage\",\"ItemPage\"],\"@id\":\"https:\\\/\\\/keys-for-auto.eu\\\/pl\\\/product\\\/key-production-for-mercedes-cars\\\/\",\"url\":\"https:\\\/\\\/keys-for-auto.eu\\\/pl\\\/product\\\/key-production-for-mercedes-cars\\\/\",\"name\":\"Kluczowa produkcja dla samochod\u00f3w Mercedes - Keys for auto\",\"isPartOf\":{\"@id\":\"https:\\\/\\\/keys-for-auto.eu\\\/pl\\\/#website\"},\"primaryImageOfPage\":{\"@id\":\"https:\\\/\\\/keys-for-auto.eu\\\/pl\\\/product\\\/key-production-for-mercedes-cars\\\/#primaryimage\"},\"image\":{\"@id\":\"https:\\\/\\\/keys-for-auto.eu\\\/pl\\\/product\\\/key-production-for-mercedes-cars\\\/#primaryimage\"},\"thumbnailUrl\":\"https:\\\/\\\/keys-for-auto.eu\\\/wp-content\\\/uploads\\\/2022\\\/12\\\/admin-ajax__1_-removebg-preview-1-1.png\",\"datePublished\":\"2017-04-19T14:34:33+00:00\",\"breadcrumb\":{\"@id\":\"https:\\\/\\\/keys-for-auto.eu\\\/pl\\\/product\\\/key-production-for-mercedes-cars\\\/#breadcrumb\"},\"inLanguage\":\"pl-PL\",\"potentialAction\":[{\"@type\":\"ReadAction\",\"target\":[\"https:\\\/\\\/keys-for-auto.eu\\\/pl\\\/product\\\/key-production-for-mercedes-cars\\\/\"]}]},{\"@type\":\"ImageObject\",\"inLanguage\":\"pl-PL\",\"@id\":\"https:\\\/\\\/keys-for-auto.eu\\\/pl\\\/product\\\/key-production-for-mercedes-cars\\\/#primaryimage\",\"url\":\"https:\\\/\\\/keys-for-auto.eu\\\/wp-content\\\/uploads\\\/2022\\\/12\\\/admin-ajax__1_-removebg-preview-1-1.png\",\"contentUrl\":\"https:\\\/\\\/keys-for-auto.eu\\\/wp-content\\\/uploads\\\/2022\\\/12\\\/admin-ajax__1_-removebg-preview-1-1.png\",\"width\":521,\"height\":446},{\"@type\":\"BreadcrumbList\",\"@id\":\"https:\\\/\\\/keys-for-auto.eu\\\/pl\\\/product\\\/key-production-for-mercedes-cars\\\/#breadcrumb\",\"itemListElement\":[{\"@type\":\"ListItem\",\"position\":1,\"name\":\"Strona g\u0142\u00f3wna\",\"item\":\"https:\\\/\\\/keys-for-auto.eu\\\/pl\\\/\"},{\"@type\":\"ListItem\",\"position\":2,\"name\":\"Shop\",\"item\":\"https:\\\/\\\/keys-for-auto.eu\\\/\"},{\"@type\":\"ListItem\",\"position\":3,\"name\":\"Kluczowa produkcja dla samochod\u00f3w Mercedes\"}]},{\"@type\":\"WebSite\",\"@id\":\"https:\\\/\\\/keys-for-auto.eu\\\/pl\\\/#website\",\"url\":\"https:\\\/\\\/keys-for-auto.eu\\\/pl\\\/\",\"name\":\"Keys for auto\",\"description\":\"Car keys,  key shells, key programming\",\"publisher\":{\"@id\":\"https:\\\/\\\/keys-for-auto.eu\\\/pl\\\/#organization\"},\"potentialAction\":[{\"@type\":\"SearchAction\",\"target\":{\"@type\":\"EntryPoint\",\"urlTemplate\":\"https:\\\/\\\/keys-for-auto.eu\\\/pl\\\/?s={search_term_string}\"},\"query-input\":{\"@type\":\"PropertyValueSpecification\",\"valueRequired\":true,\"valueName\":\"search_term_string\"}}],\"inLanguage\":\"pl-PL\"},{\"@type\":\"Organization\",\"@id\":\"https:\\\/\\\/keys-for-auto.eu\\\/pl\\\/#organization\",\"name\":\"Klucze do samochodu\",\"url\":\"https:\\\/\\\/keys-for-auto.eu\\\/pl\\\/\",\"logo\":{\"@type\":\"ImageObject\",\"inLanguage\":\"pl-PL\",\"@id\":\"https:\\\/\\\/keys-for-auto.eu\\\/pl\\\/#\\\/schema\\\/logo\\\/image\\\/\",\"url\":\"https:\\\/\\\/keys-for-auto.eu\\\/wp-content\\\/uploads\\\/2022\\\/11\\\/cropped-png1.png\",\"contentUrl\":\"https:\\\/\\\/keys-for-auto.eu\\\/wp-content\\\/uploads\\\/2022\\\/11\\\/cropped-png1.png\",\"width\":1000,\"height\":342,\"caption\":\"Klucze do samochodu\"},\"image\":{\"@id\":\"https:\\\/\\\/keys-for-auto.eu\\\/pl\\\/#\\\/schema\\\/logo\\\/image\\\/\"},\"sameAs\":[\"https:\\\/\\\/www.facebook.com\\\/KeysForAutoEU\"]}]}<\/script>\n<!-- \/ Yoast SEO plugin. -->","yoast_head_json":{"title":"Kluczowa produkcja dla samochod\u00f3w Mercedes - Keys for auto","robots":{"index":"index","follow":"follow","max-snippet":"max-snippet:-1","max-image-preview":"max-image-preview:large","max-video-preview":"max-video-preview:-1"},"canonical":"https:\/\/keys-for-auto.eu\/pl\/product\/key-production-for-mercedes-cars\/","og_locale":"pl_PL","og_type":"article","og_title":"Kluczowa produkcja dla samochod\u00f3w Mercedes - Keys for auto","og_description":"Produkcja kluczy samochodowych  Produkcja nowych kluczy samochodowych, programowanie kluczy (\"wi\u0105zanie\" z samochodem)  Usuwanie z pami\u0119ci samochodu wcze\u015bniej zgubionych kluczyk\u00f3w  Produkcja klucza zap\u0142onowego wed\u0142ug zamka  Naprawa kluczy samochodowych (wymiana przycisk\u00f3w, muszli, mechanizm\u00f3w)  Awaryjne odblokowanie samochodu  Wymiana kluczy, etui na klucze  Wy\u0142\u0105czenie oprogramowania DPF \/ FAP  Programowe usuni\u0119cie EGR  Wy\u0142\u0105czenie oprogramowania immobilizera (immo Off)  Jednostka steruj\u0105ca silnika (ECU) naprawa, klonowanie, programowanie  SRS (programowanie jednostki steruj\u0105cej poduszk\u0105 powietrzn\u0105)  przedmioty wysy\u0142ane w ci\u0105gu 3 dni roboczych.* Produkcja kluczy do Mercedesa Produkcja kluczy do Mercedesa. Niekt\u00f3re \u015brodki transportu znacznie r\u00f3\u017cni\u0105 si\u0119 od innych. Na przyk\u0142ad klucze Mersedes Benz r\u00f3wnie\u017c maj\u0105 swoje cechy charakterystyczne. Bior\u0105c pod uwag\u0119 samochody z mechanicznymi zamkami stacyjki, mo\u017cna \u015bmia\u0142o stwierdzi\u0107, \u017ce nie ma mo\u017cliwo\u015bci wykonania dodatkowych kopii klucza. Przydatne informacje U\u017cycie duplikatu kluczyka nie pozwala na uruchomienie silnika, a raczej mo\u017cna to zrobi\u0107 tylko raz, a kluczyk, kt\u00f3ry wcze\u015bniej s\u0142u\u017cy\u0142 do uruchomienia pojazdu przestanie dzia\u0142a\u0107. Takie produkty dzia\u0142aj\u0105 w systemie kodu zmiennego. Kod na chipie klucza zmienia si\u0119 wed\u0142ug specjalnego algorytmu po ponownym uruchomieniu silnika. Silnik zostaje uruchomiony w momencie, gdy informacje w samochodzie i w kluczyku si\u0119 pokrywaj\u0105. Wyj\u0105tkiem s\u0105 samochody ci\u0119\u017carowe marki Mercedes (np. Actros). W przypadku samochod\u00f3w osobowych stosuje si\u0119 jeszcze jedn\u0105 kategori\u0119 klucza - klucze \"rybki\". Kszta\u0142t tego inteligentnego produktu faktycznie przypomina wodne zwierz\u0119. Nie jest on obs\u0142ugiwany mechanicznie, lecz elektronicznie. Podczas u\u017cytkowania styki s\u0105 po\u0142\u0105czone, a sam zamek jest rejestrowany przez cewk\u0119. Wok\u00f3\u0142 klucza, kt\u00f3ry jest \u017ar\u00f3d\u0142em zasilania, wytwarza si\u0119 pole indukcyjne. Wbudowana w anten\u0119 p\u0142ytka drukowana u\u0142atwia ten proces. Wiadomo, \u017ce klucze elektroniczne Mercedes dzia\u0142aj\u0105 bez zasilania. Gdy jeden z nich wejdzie do zamka i \"zrozumie\" go, \"prezentuje si\u0119\" mu za pomoc\u0105 kana\u0142u podczerwieni. Ten ostatni por\u00f3wnuje dane w pami\u0119ci z informacjami z klucza i przekazuje informacj\u0119 do blokady elektrycznej wa\u0142u kierowniczego. Ten ostatni por\u00f3wnuje r\u00f3wnie\u017c otrzymane dane z danymi ju\u017c dost\u0119pnymi. Je\u015bli wynik jest pozytywny, wciska blokad\u0119 i kierownica zostaje zwolniona. Je\u015bli wszystko posz\u0142o g\u0142adko, zamek zostaje zwolniony i przekr\u0119camy klucz. Klucz mo\u017cna teraz swobodnie obraca\u0107. To wszystko, silnik pracuje. Niekt\u00f3re modele Mercedesa s\u0105 r\u00f3wnie\u017c dost\u0119pne z transceiverami. Zajmuje to mniej czasu specjalistycznego w por\u00f3wnaniu z produkcj\u0105 powy\u017cszych produkt\u00f3w. W razie potrzeby zrobi\u0105 Ci r\u00f3wnie\u017c klucz sk\u0142adany. &nbsp; &nbsp; &nbsp;","og_url":"https:\/\/keys-for-auto.eu\/pl\/product\/key-production-for-mercedes-cars\/","og_site_name":"Keys for auto","article_publisher":"https:\/\/www.facebook.com\/KeysForAutoEU","og_image":[{"width":521,"height":446,"url":"https:\/\/keys-for-auto.eu\/wp-content\/uploads\/2022\/12\/admin-ajax__1_-removebg-preview-1-1.png","type":"image\/png"}],"twitter_card":"summary_large_image","schema":{"@context":"https:\/\/schema.org","@graph":[{"@type":["WebPage","ItemPage"],"@id":"https:\/\/keys-for-auto.eu\/pl\/product\/key-production-for-mercedes-cars\/","url":"https:\/\/keys-for-auto.eu\/pl\/product\/key-production-for-mercedes-cars\/","name":"Kluczowa produkcja dla samochod\u00f3w Mercedes - Keys for auto","isPartOf":{"@id":"https:\/\/keys-for-auto.eu\/pl\/#website"},"primaryImageOfPage":{"@id":"https:\/\/keys-for-auto.eu\/pl\/product\/key-production-for-mercedes-cars\/#primaryimage"},"image":{"@id":"https:\/\/keys-for-auto.eu\/pl\/product\/key-production-for-mercedes-cars\/#primaryimage"},"thumbnailUrl":"https:\/\/keys-for-auto.eu\/wp-content\/uploads\/2022\/12\/admin-ajax__1_-removebg-preview-1-1.png","datePublished":"2017-04-19T14:34:33+00:00","breadcrumb":{"@id":"https:\/\/keys-for-auto.eu\/pl\/product\/key-production-for-mercedes-cars\/#breadcrumb"},"inLanguage":"pl-PL","potentialAction":[{"@type":"ReadAction","target":["https:\/\/keys-for-auto.eu\/pl\/product\/key-production-for-mercedes-cars\/"]}]},{"@type":"ImageObject","inLanguage":"pl-PL","@id":"https:\/\/keys-for-auto.eu\/pl\/product\/key-production-for-mercedes-cars\/#primaryimage","url":"https:\/\/keys-for-auto.eu\/wp-content\/uploads\/2022\/12\/admin-ajax__1_-removebg-preview-1-1.png","contentUrl":"https:\/\/keys-for-auto.eu\/wp-content\/uploads\/2022\/12\/admin-ajax__1_-removebg-preview-1-1.png","width":521,"height":446},{"@type":"BreadcrumbList","@id":"https:\/\/keys-for-auto.eu\/pl\/product\/key-production-for-mercedes-cars\/#breadcrumb","itemListElement":[{"@type":"ListItem","position":1,"name":"Strona g\u0142\u00f3wna","item":"https:\/\/keys-for-auto.eu\/pl\/"},{"@type":"ListItem","position":2,"name":"Shop","item":"https:\/\/keys-for-auto.eu\/"},{"@type":"ListItem","position":3,"name":"Kluczowa produkcja dla samochod\u00f3w Mercedes"}]},{"@type":"WebSite","@id":"https:\/\/keys-for-auto.eu\/pl\/#website","url":"https:\/\/keys-for-auto.eu\/pl\/","name":"Keys for auto","description":"Car keys,  key shells, key programming","publisher":{"@id":"https:\/\/keys-for-auto.eu\/pl\/#organization"},"potentialAction":[{"@type":"SearchAction","target":{"@type":"EntryPoint","urlTemplate":"https:\/\/keys-for-auto.eu\/pl\/?s={search_term_string}"},"query-input":{"@type":"PropertyValueSpecification","valueRequired":true,"valueName":"search_term_string"}}],"inLanguage":"pl-PL"},{"@type":"Organization","@id":"https:\/\/keys-for-auto.eu\/pl\/#organization","name":"Klucze do samochodu","url":"https:\/\/keys-for-auto.eu\/pl\/","logo":{"@type":"ImageObject","inLanguage":"pl-PL","@id":"https:\/\/keys-for-auto.eu\/pl\/#\/schema\/logo\/image\/","url":"https:\/\/keys-for-auto.eu\/wp-content\/uploads\/2022\/11\/cropped-png1.png","contentUrl":"https:\/\/keys-for-auto.eu\/wp-content\/uploads\/2022\/11\/cropped-png1.png","width":1000,"height":342,"caption":"Klucze do samochodu"},"image":{"@id":"https:\/\/keys-for-auto.eu\/pl\/#\/schema\/logo\/image\/"},"sameAs":["https:\/\/www.facebook.com\/KeysForAutoEU"]}]}},"_links":{"self":[{"href":"https:\/\/keys-for-auto.eu\/pl\/wp-json\/wp\/v2\/product\/16724","targetHints":{"allow":["GET"]}}],"collection":[{"href":"https:\/\/keys-for-auto.eu\/pl\/wp-json\/wp\/v2\/product"}],"about":[{"href":"https:\/\/keys-for-auto.eu\/pl\/wp-json\/wp\/v2\/types\/product"}],"replies":[{"embeddable":true,"href":"https:\/\/keys-for-auto.eu\/pl\/wp-json\/wp\/v2\/comments?post=16724"}],"wp:featuredmedia":[{"embeddable":true,"href":"https:\/\/keys-for-auto.eu\/pl\/wp-json\/wp\/v2\/media\/14408"}],"wp:attachment":[{"href":"https:\/\/keys-for-auto.eu\/pl\/wp-json\/wp\/v2\/media?parent=16724"}],"wp:term":[{"taxonomy":"product_brand","embeddable":true,"href":"https:\/\/keys-for-auto.eu\/pl\/wp-json\/wp\/v2\/product_brand?post=16724"},{"taxonomy":"product_cat","embeddable":true,"href":"https:\/\/keys-for-auto.eu\/pl\/wp-json\/wp\/v2\/product_cat?post=16724"},{"taxonomy":"product_tag","embeddable":true,"href":"https:\/\/keys-for-auto.eu\/pl\/wp-json\/wp\/v2\/product_tag?post=16724"}],"curies":[{"name":"wp","href":"https:\/\/api.w.org\/{rel}","templated":true}]}}