{"id":16675,"date":"2016-04-02T19:21:41","date_gmt":"2016-04-02T19:21:41","guid":{"rendered":"https:\/\/keys-for-auto.eu\/product\/klucz-zdalnego-sterowania-pasuje-do-forda-fusion-mondeo-31\/"},"modified":"2016-04-02T19:21:41","modified_gmt":"2016-04-02T19:21:41","slug":"zdalne-sterowanie-kierownica-odpowiednia-dla-forda-fusion-mondeo-31","status":"publish","type":"product","link":"https:\/\/keys-for-auto.eu\/pl\/product\/zdalne-sterowanie-kierownica-odpowiednia-dla-forda-fusion-mondeo-31\/","title":{"rendered":"Klucz zdalnego sterowania &#8211; pasuje do Forda Fusion | Mondeo 3+1"},"content":{"rendered":"<h3><strong>Klucz zdalnego sterowania &#8211; pasuje do Forda Fusion | Mondeo 3+1<\/strong><\/h3>\n<p>Przedstawiamy Ford Fusion, Ford Mondeo &#8211; kluczyk zdalnego sterowania do modeli Fusion i Mondeo. Mo\u017cna wybra\u0107 pomi\u0119dzy 433 a 315 MHz. Klucz wyposa\u017cony jest w transponder 4D60. Z\u0142ama\u0142e\u015b lub zgubi\u0142e\u015b sw\u00f3j klucz do Forda? A mo\u017ce potrzebujesz dodatkowego kompletu kluczy? Oferujemy Pa\u0144stwu mo\u017cliwo\u015b\u0107 wyboru i zlecenia produkcji oraz programowania elektronicznego klucza do Forda z transponderem.<\/p>\n<p>Nasz inteligentny kluczyk z wbudowanym transponderem (chipem) zagwarantuje ochron\u0119 Twojego samochodu przed nieautoryzowanym w\u0142amaniem. Tak wi\u0119c, przyjazne i \u0142atwe w u\u017cyciu klucze zdalnego sterowania Forda s\u0105 dobrym sposobem na rozwi\u0105zanie problemu bezpiecze\u0144stwa Twojego samochodu.<\/p>\n<p>W naszej firmie mo\u017cna nie tylko kupi\u0107 klucze do niemal wszystkich marek i modeli samochod\u00f3w. Zajmujemy si\u0119 r\u00f3wnie\u017c programowaniem kluczy. Podczas naszego do\u015bwiadczenia zawodowego zauwa\u017cyli\u015bmy, \u017ce klucze do Forda ciesz\u0105 si\u0119 du\u017cym zainteresowaniem. I to nie jest \u017cadna niespodzianka. Kierowcy doceniaj\u0105 wysok\u0105 jako\u015b\u0107, innowacyjno\u015b\u0107, elegancki design i \u0142atwo\u015b\u0107 obs\u0142ugi. Staramy si\u0119 wnie\u015b\u0107 jak najwi\u0119cej tych samych cech do produkowanych i programowanych przez nas kluczy Forda.<\/p>\n<p>Programujemy klucze i cz\u0119sto dostajemy pytanie od klient\u00f3w, kt\u00f3rzy kupuj\u0105 klucze transponderowe: &#8222;W czym s\u0105 lepsze? Teraz kr\u00f3tko om\u00f3wimy zalety takich kluczy, aby pom\u00f3c Ci zdecydowa\u0107, kt\u00f3ry z nich kupi\u0107. Tradycyjne czy z transponderem?<\/p>\n<h3>Elektroniczne klucze do Forda<\/h3>\n<p>Klucze elektroniczne Forda s\u0105 cz\u0119\u015bci\u0105 systemu bezpiecze\u0144stwa, w kt\u00f3ry wchodzi immobiliser. Ten ostatni montowany jest wewn\u0105trz samochodu. Ten tandem pozwala na sterowanie wszystkimi funkcjami elektronicznymi samochodu oraz uruchamianiem silnika. Transponder identyfikuje unikalny kod klucza i je\u015bli jest zgodny, aktywuje systemy sterowania samochodu. Umo\u017cliwia on otwarcie wszystkich zamk\u00f3w samochodu, ale tylko na bardzo ma\u0142\u0105 odleg\u0142o\u015b\u0107, eliminuj\u0105c mo\u017cliwo\u015b\u0107 otwartej kradzie\u017cy.<\/p>\n<p>Programowanie kluczy samochodowych to dla nas co\u015b wi\u0119cej ni\u017c tylko praca. To nasza pasja! Interesuj\u0105 nas wszystkie nowo\u015bci w naszej specjalno\u015bci. Pracujemy w oparciu o najnowsze technologie. Gdy wi\u0119c interesuje Ci\u0119 kluczowa produkcja w Wilnie, przyjd\u017a do naszej siedziby. Klucze samochodowe &#8211; do wszystkich marek i modeli samochod\u00f3w!<\/p>\n","protected":false},"excerpt":{"rendered":"<p><em><strong>Pasuje do Forda, &#8211; kluczyk zdalnego sterowania (433MHz lub 315MHz,transponder 4D60).<\/strong><\/em><\/p>\n<h3><strong>Produkcja kluczy samochodowych<\/strong><\/h3>\n<ul>\n<li><strong>Produkcja nowych kluczy samochodowych, programowanie kluczy (&#8222;wi\u0105zanie&#8221; z samochodem)<\/strong><\/li>\n<li><strong>Usuwanie z pami\u0119ci samochodu wcze\u015bniej zgubionych kluczyk\u00f3w<\/strong><\/li>\n<li><strong>Produkcja klucza zap\u0142onowego wed\u0142ug zamka<\/strong><\/li>\n<li><strong>Naprawa kluczy samochodowych (wymiana przycisk\u00f3w, muszli, mechanizm\u00f3w)<\/strong><\/li>\n<li><strong>Awaryjne odblokowanie samochodu<\/strong><\/li>\n<li><strong>Wymiana kluczy, etui na klucze<\/strong><\/li>\n<li><strong>Wy\u0142\u0105czenie oprogramowania DPF \/ FAP<\/strong><\/li>\n<li><strong>Programowe usuni\u0119cie EGR<\/strong><\/li>\n<li><strong>Wy\u0142\u0105czenie oprogramowania immobilizera (immo Off)<\/strong><\/li>\n<li><strong>Jednostka steruj\u0105ca silnika (ECU) naprawa, klonowanie, programowanie<\/strong><\/li>\n<li><strong>SRS (programowanie jednostki steruj\u0105cej poduszk\u0105 powietrzn\u0105)<\/strong><\/li>\n<\/ul>\n<h4><strong>  przedmioty wysy\u0142ane w ci\u0105gu 3 dni roboczych.*<\/strong><\/h4>\n","protected":false},"featured_media":13223,"comment_status":"open","ping_status":"closed","template":"","meta":[],"product_brand":[],"product_cat":[2872,2779],"product_tag":[3143,3215,3181],"class_list":{"0":"post-16675","1":"product","2":"type-product","3":"status-publish","4":"has-post-thumbnail","6":"product_cat-ford-pl","7":"product_cat-przyciski-zdalnego-sterowania","8":"product_tag-klucz-do-forda","9":"product_tag-klucz-do-forda-fusion","10":"product_tag-klucz-do-forda-mondeo","12":"first","13":"instock","14":"shipping-taxable","15":"purchasable","16":"product-type-simple"},"yoast_head":"<!-- This site is optimized with the Yoast SEO plugin v27.6 - https:\/\/yoast.com\/product\/yoast-seo-wordpress\/ -->\n<title>Klucz zdalnego sterowania - pasuje do Forda Fusion | Mondeo 3+1 - Keys for auto<\/title>\n<meta name=\"robots\" content=\"index, follow, max-snippet:-1, max-image-preview:large, max-video-preview:-1\" \/>\n<link rel=\"canonical\" href=\"https:\/\/keys-for-auto.eu\/pl\/product\/zdalne-sterowanie-kierownica-odpowiednia-dla-forda-fusion-mondeo-31\/\" \/>\n<meta property=\"og:locale\" content=\"pl_PL\" \/>\n<meta property=\"og:type\" content=\"article\" \/>\n<meta property=\"og:title\" content=\"Klucz zdalnego sterowania - pasuje do Forda Fusion | Mondeo 3+1 - Keys for auto\" \/>\n<meta property=\"og:description\" content=\"Pasuje do Forda, - kluczyk zdalnego sterowania (433MHz lub 315MHz,transponder 4D60). Produkcja kluczy samochodowych  Produkcja nowych kluczy samochodowych, programowanie kluczy (&quot;wi\u0105zanie&quot; z samochodem)  Usuwanie z pami\u0119ci samochodu wcze\u015bniej zgubionych kluczyk\u00f3w  Produkcja klucza zap\u0142onowego wed\u0142ug zamka  Naprawa kluczy samochodowych (wymiana przycisk\u00f3w, muszli, mechanizm\u00f3w)  Awaryjne odblokowanie samochodu  Wymiana kluczy, etui na klucze  Wy\u0142\u0105czenie oprogramowania DPF \/ FAP  Programowe usuni\u0119cie EGR  Wy\u0142\u0105czenie oprogramowania immobilizera (immo Off)  Jednostka steruj\u0105ca silnika (ECU) naprawa, klonowanie, programowanie  SRS (programowanie jednostki steruj\u0105cej poduszk\u0105 powietrzn\u0105)  przedmioty wysy\u0142ane w ci\u0105gu 3 dni roboczych.*\" \/>\n<meta property=\"og:url\" content=\"https:\/\/keys-for-auto.eu\/pl\/product\/zdalne-sterowanie-kierownica-odpowiednia-dla-forda-fusion-mondeo-31\/\" \/>\n<meta property=\"og:site_name\" content=\"Keys for auto\" \/>\n<meta property=\"article:publisher\" content=\"https:\/\/www.facebook.com\/KeysForAutoEU\" \/>\n<meta property=\"og:image\" content=\"https:\/\/keys-for-auto.eu\/wp-content\/uploads\/2022\/12\/Ford-mondeo-raktas-nuotoliniu-valdymu-500x5001-removebg-preview.png\" \/>\n\t<meta property=\"og:image:width\" content=\"500\" \/>\n\t<meta property=\"og:image:height\" content=\"500\" \/>\n\t<meta property=\"og:image:type\" content=\"image\/png\" \/>\n<meta name=\"twitter:card\" content=\"summary_large_image\" \/>\n<meta name=\"twitter:label1\" content=\"Szacowany czas czytania\" \/>\n\t<meta name=\"twitter:data1\" content=\"2 minuty\" \/>\n<script type=\"application\/ld+json\" class=\"yoast-schema-graph\">{\"@context\":\"https:\\\/\\\/schema.org\",\"@graph\":[{\"@type\":[\"WebPage\",\"ItemPage\"],\"@id\":\"https:\\\/\\\/keys-for-auto.eu\\\/pl\\\/product\\\/zdalne-sterowanie-kierownica-odpowiednia-dla-forda-fusion-mondeo-31\\\/\",\"url\":\"https:\\\/\\\/keys-for-auto.eu\\\/pl\\\/product\\\/zdalne-sterowanie-kierownica-odpowiednia-dla-forda-fusion-mondeo-31\\\/\",\"name\":\"Klucz zdalnego sterowania - pasuje do Forda Fusion | Mondeo 3+1 - Keys for auto\",\"isPartOf\":{\"@id\":\"https:\\\/\\\/keys-for-auto.eu\\\/pl\\\/#website\"},\"primaryImageOfPage\":{\"@id\":\"https:\\\/\\\/keys-for-auto.eu\\\/pl\\\/product\\\/zdalne-sterowanie-kierownica-odpowiednia-dla-forda-fusion-mondeo-31\\\/#primaryimage\"},\"image\":{\"@id\":\"https:\\\/\\\/keys-for-auto.eu\\\/pl\\\/product\\\/zdalne-sterowanie-kierownica-odpowiednia-dla-forda-fusion-mondeo-31\\\/#primaryimage\"},\"thumbnailUrl\":\"https:\\\/\\\/keys-for-auto.eu\\\/wp-content\\\/uploads\\\/2022\\\/12\\\/Ford-mondeo-raktas-nuotoliniu-valdymu-500x5001-removebg-preview.png\",\"datePublished\":\"2016-04-02T19:21:41+00:00\",\"breadcrumb\":{\"@id\":\"https:\\\/\\\/keys-for-auto.eu\\\/pl\\\/product\\\/zdalne-sterowanie-kierownica-odpowiednia-dla-forda-fusion-mondeo-31\\\/#breadcrumb\"},\"inLanguage\":\"pl-PL\",\"potentialAction\":[{\"@type\":\"ReadAction\",\"target\":[\"https:\\\/\\\/keys-for-auto.eu\\\/pl\\\/product\\\/zdalne-sterowanie-kierownica-odpowiednia-dla-forda-fusion-mondeo-31\\\/\"]}]},{\"@type\":\"ImageObject\",\"inLanguage\":\"pl-PL\",\"@id\":\"https:\\\/\\\/keys-for-auto.eu\\\/pl\\\/product\\\/zdalne-sterowanie-kierownica-odpowiednia-dla-forda-fusion-mondeo-31\\\/#primaryimage\",\"url\":\"https:\\\/\\\/keys-for-auto.eu\\\/wp-content\\\/uploads\\\/2022\\\/12\\\/Ford-mondeo-raktas-nuotoliniu-valdymu-500x5001-removebg-preview.png\",\"contentUrl\":\"https:\\\/\\\/keys-for-auto.eu\\\/wp-content\\\/uploads\\\/2022\\\/12\\\/Ford-mondeo-raktas-nuotoliniu-valdymu-500x5001-removebg-preview.png\",\"width\":500,\"height\":500},{\"@type\":\"BreadcrumbList\",\"@id\":\"https:\\\/\\\/keys-for-auto.eu\\\/pl\\\/product\\\/zdalne-sterowanie-kierownica-odpowiednia-dla-forda-fusion-mondeo-31\\\/#breadcrumb\",\"itemListElement\":[{\"@type\":\"ListItem\",\"position\":1,\"name\":\"Strona g\u0142\u00f3wna\",\"item\":\"https:\\\/\\\/keys-for-auto.eu\\\/pl\\\/\"},{\"@type\":\"ListItem\",\"position\":2,\"name\":\"Shop\",\"item\":\"https:\\\/\\\/keys-for-auto.eu\\\/\"},{\"@type\":\"ListItem\",\"position\":3,\"name\":\"Klucz zdalnego sterowania &#8211; pasuje do Forda Fusion | Mondeo 3+1\"}]},{\"@type\":\"WebSite\",\"@id\":\"https:\\\/\\\/keys-for-auto.eu\\\/pl\\\/#website\",\"url\":\"https:\\\/\\\/keys-for-auto.eu\\\/pl\\\/\",\"name\":\"Keys for auto\",\"description\":\"Car keys,  key shells, key programming\",\"publisher\":{\"@id\":\"https:\\\/\\\/keys-for-auto.eu\\\/pl\\\/#organization\"},\"potentialAction\":[{\"@type\":\"SearchAction\",\"target\":{\"@type\":\"EntryPoint\",\"urlTemplate\":\"https:\\\/\\\/keys-for-auto.eu\\\/pl\\\/?s={search_term_string}\"},\"query-input\":{\"@type\":\"PropertyValueSpecification\",\"valueRequired\":true,\"valueName\":\"search_term_string\"}}],\"inLanguage\":\"pl-PL\"},{\"@type\":\"Organization\",\"@id\":\"https:\\\/\\\/keys-for-auto.eu\\\/pl\\\/#organization\",\"name\":\"Klucze do samochodu\",\"url\":\"https:\\\/\\\/keys-for-auto.eu\\\/pl\\\/\",\"logo\":{\"@type\":\"ImageObject\",\"inLanguage\":\"pl-PL\",\"@id\":\"https:\\\/\\\/keys-for-auto.eu\\\/pl\\\/#\\\/schema\\\/logo\\\/image\\\/\",\"url\":\"https:\\\/\\\/keys-for-auto.eu\\\/wp-content\\\/uploads\\\/2022\\\/11\\\/cropped-png1.png\",\"contentUrl\":\"https:\\\/\\\/keys-for-auto.eu\\\/wp-content\\\/uploads\\\/2022\\\/11\\\/cropped-png1.png\",\"width\":1000,\"height\":342,\"caption\":\"Klucze do samochodu\"},\"image\":{\"@id\":\"https:\\\/\\\/keys-for-auto.eu\\\/pl\\\/#\\\/schema\\\/logo\\\/image\\\/\"},\"sameAs\":[\"https:\\\/\\\/www.facebook.com\\\/KeysForAutoEU\"]}]}<\/script>\n<!-- \/ Yoast SEO plugin. -->","yoast_head_json":{"title":"Klucz zdalnego sterowania - pasuje do Forda Fusion | Mondeo 3+1 - Keys for auto","robots":{"index":"index","follow":"follow","max-snippet":"max-snippet:-1","max-image-preview":"max-image-preview:large","max-video-preview":"max-video-preview:-1"},"canonical":"https:\/\/keys-for-auto.eu\/pl\/product\/zdalne-sterowanie-kierownica-odpowiednia-dla-forda-fusion-mondeo-31\/","og_locale":"pl_PL","og_type":"article","og_title":"Klucz zdalnego sterowania - pasuje do Forda Fusion | Mondeo 3+1 - Keys for auto","og_description":"Pasuje do Forda, - kluczyk zdalnego sterowania (433MHz lub 315MHz,transponder 4D60). Produkcja kluczy samochodowych  Produkcja nowych kluczy samochodowych, programowanie kluczy (\"wi\u0105zanie\" z samochodem)  Usuwanie z pami\u0119ci samochodu wcze\u015bniej zgubionych kluczyk\u00f3w  Produkcja klucza zap\u0142onowego wed\u0142ug zamka  Naprawa kluczy samochodowych (wymiana przycisk\u00f3w, muszli, mechanizm\u00f3w)  Awaryjne odblokowanie samochodu  Wymiana kluczy, etui na klucze  Wy\u0142\u0105czenie oprogramowania DPF \/ FAP  Programowe usuni\u0119cie EGR  Wy\u0142\u0105czenie oprogramowania immobilizera (immo Off)  Jednostka steruj\u0105ca silnika (ECU) naprawa, klonowanie, programowanie  SRS (programowanie jednostki steruj\u0105cej poduszk\u0105 powietrzn\u0105)  przedmioty wysy\u0142ane w ci\u0105gu 3 dni roboczych.*","og_url":"https:\/\/keys-for-auto.eu\/pl\/product\/zdalne-sterowanie-kierownica-odpowiednia-dla-forda-fusion-mondeo-31\/","og_site_name":"Keys for auto","article_publisher":"https:\/\/www.facebook.com\/KeysForAutoEU","og_image":[{"width":500,"height":500,"url":"https:\/\/keys-for-auto.eu\/wp-content\/uploads\/2022\/12\/Ford-mondeo-raktas-nuotoliniu-valdymu-500x5001-removebg-preview.png","type":"image\/png"}],"twitter_card":"summary_large_image","twitter_misc":{"Szacowany czas czytania":"2 minuty"},"schema":{"@context":"https:\/\/schema.org","@graph":[{"@type":["WebPage","ItemPage"],"@id":"https:\/\/keys-for-auto.eu\/pl\/product\/zdalne-sterowanie-kierownica-odpowiednia-dla-forda-fusion-mondeo-31\/","url":"https:\/\/keys-for-auto.eu\/pl\/product\/zdalne-sterowanie-kierownica-odpowiednia-dla-forda-fusion-mondeo-31\/","name":"Klucz zdalnego sterowania - pasuje do Forda Fusion | Mondeo 3+1 - Keys for auto","isPartOf":{"@id":"https:\/\/keys-for-auto.eu\/pl\/#website"},"primaryImageOfPage":{"@id":"https:\/\/keys-for-auto.eu\/pl\/product\/zdalne-sterowanie-kierownica-odpowiednia-dla-forda-fusion-mondeo-31\/#primaryimage"},"image":{"@id":"https:\/\/keys-for-auto.eu\/pl\/product\/zdalne-sterowanie-kierownica-odpowiednia-dla-forda-fusion-mondeo-31\/#primaryimage"},"thumbnailUrl":"https:\/\/keys-for-auto.eu\/wp-content\/uploads\/2022\/12\/Ford-mondeo-raktas-nuotoliniu-valdymu-500x5001-removebg-preview.png","datePublished":"2016-04-02T19:21:41+00:00","breadcrumb":{"@id":"https:\/\/keys-for-auto.eu\/pl\/product\/zdalne-sterowanie-kierownica-odpowiednia-dla-forda-fusion-mondeo-31\/#breadcrumb"},"inLanguage":"pl-PL","potentialAction":[{"@type":"ReadAction","target":["https:\/\/keys-for-auto.eu\/pl\/product\/zdalne-sterowanie-kierownica-odpowiednia-dla-forda-fusion-mondeo-31\/"]}]},{"@type":"ImageObject","inLanguage":"pl-PL","@id":"https:\/\/keys-for-auto.eu\/pl\/product\/zdalne-sterowanie-kierownica-odpowiednia-dla-forda-fusion-mondeo-31\/#primaryimage","url":"https:\/\/keys-for-auto.eu\/wp-content\/uploads\/2022\/12\/Ford-mondeo-raktas-nuotoliniu-valdymu-500x5001-removebg-preview.png","contentUrl":"https:\/\/keys-for-auto.eu\/wp-content\/uploads\/2022\/12\/Ford-mondeo-raktas-nuotoliniu-valdymu-500x5001-removebg-preview.png","width":500,"height":500},{"@type":"BreadcrumbList","@id":"https:\/\/keys-for-auto.eu\/pl\/product\/zdalne-sterowanie-kierownica-odpowiednia-dla-forda-fusion-mondeo-31\/#breadcrumb","itemListElement":[{"@type":"ListItem","position":1,"name":"Strona g\u0142\u00f3wna","item":"https:\/\/keys-for-auto.eu\/pl\/"},{"@type":"ListItem","position":2,"name":"Shop","item":"https:\/\/keys-for-auto.eu\/"},{"@type":"ListItem","position":3,"name":"Klucz zdalnego sterowania &#8211; pasuje do Forda Fusion | Mondeo 3+1"}]},{"@type":"WebSite","@id":"https:\/\/keys-for-auto.eu\/pl\/#website","url":"https:\/\/keys-for-auto.eu\/pl\/","name":"Keys for auto","description":"Car keys,  key shells, key programming","publisher":{"@id":"https:\/\/keys-for-auto.eu\/pl\/#organization"},"potentialAction":[{"@type":"SearchAction","target":{"@type":"EntryPoint","urlTemplate":"https:\/\/keys-for-auto.eu\/pl\/?s={search_term_string}"},"query-input":{"@type":"PropertyValueSpecification","valueRequired":true,"valueName":"search_term_string"}}],"inLanguage":"pl-PL"},{"@type":"Organization","@id":"https:\/\/keys-for-auto.eu\/pl\/#organization","name":"Klucze do samochodu","url":"https:\/\/keys-for-auto.eu\/pl\/","logo":{"@type":"ImageObject","inLanguage":"pl-PL","@id":"https:\/\/keys-for-auto.eu\/pl\/#\/schema\/logo\/image\/","url":"https:\/\/keys-for-auto.eu\/wp-content\/uploads\/2022\/11\/cropped-png1.png","contentUrl":"https:\/\/keys-for-auto.eu\/wp-content\/uploads\/2022\/11\/cropped-png1.png","width":1000,"height":342,"caption":"Klucze do samochodu"},"image":{"@id":"https:\/\/keys-for-auto.eu\/pl\/#\/schema\/logo\/image\/"},"sameAs":["https:\/\/www.facebook.com\/KeysForAutoEU"]}]}},"_links":{"self":[{"href":"https:\/\/keys-for-auto.eu\/pl\/wp-json\/wp\/v2\/product\/16675","targetHints":{"allow":["GET"]}}],"collection":[{"href":"https:\/\/keys-for-auto.eu\/pl\/wp-json\/wp\/v2\/product"}],"about":[{"href":"https:\/\/keys-for-auto.eu\/pl\/wp-json\/wp\/v2\/types\/product"}],"replies":[{"embeddable":true,"href":"https:\/\/keys-for-auto.eu\/pl\/wp-json\/wp\/v2\/comments?post=16675"}],"wp:featuredmedia":[{"embeddable":true,"href":"https:\/\/keys-for-auto.eu\/pl\/wp-json\/wp\/v2\/media\/13223"}],"wp:attachment":[{"href":"https:\/\/keys-for-auto.eu\/pl\/wp-json\/wp\/v2\/media?parent=16675"}],"wp:term":[{"taxonomy":"product_brand","embeddable":true,"href":"https:\/\/keys-for-auto.eu\/pl\/wp-json\/wp\/v2\/product_brand?post=16675"},{"taxonomy":"product_cat","embeddable":true,"href":"https:\/\/keys-for-auto.eu\/pl\/wp-json\/wp\/v2\/product_cat?post=16675"},{"taxonomy":"product_tag","embeddable":true,"href":"https:\/\/keys-for-auto.eu\/pl\/wp-json\/wp\/v2\/product_tag?post=16675"}],"curies":[{"name":"wp","href":"https:\/\/api.w.org\/{rel}","templated":true}]}}