{"id":16664,"date":"2016-04-02T19:59:05","date_gmt":"2016-04-02T19:59:05","guid":{"rendered":"https:\/\/keys-for-auto.eu\/product\/klucz-zdalnego-sterowania-ews-odpowiedni-dla-bmw-3-przyciski\/"},"modified":"2016-04-02T19:59:05","modified_gmt":"2016-04-02T19:59:05","slug":"zdalne-sterowanie-key-ews-odpowiednie-dla-bmw-3-przyciski","status":"publish","type":"product","link":"https:\/\/keys-for-auto.eu\/pl\/product\/zdalne-sterowanie-key-ews-odpowiednie-dla-bmw-3-przyciski\/","title":{"rendered":"Klucz zdalnego sterowania EWS &#8211; odpowiedni dla BMW, 3 przyciski"},"content":{"rendered":"<p>Klucz zdalnego sterowania &#8211; do BMW serii 3, 5, X (315\/433MHz, 44 chip, system EWS), z ostrzem. Przy zam\u00f3wieniu podaj model i rok produkcji, cz\u0119stotliwo\u015b\u0107 i kraj. Ten klucz jest odpowiedni dla nast\u0119puj\u0105cych modeli:<\/p>\n<p>2001-2005 BMW 325Ci<br \/>\n2001-2005 BMW 330Ci<br \/>\n2001-2005 BMW 330xi Base Sedan 4-Door<br \/>\n2001-2005 BMW 530i<br \/>\n2004-2005 BMW 645Ci<br \/>\n2002-2005 BMW 745i Base Sedan 4-Door<br \/>\n2002-2005 BMW 745Li<br \/>\n2004-2005 BMW 760i<br \/>\n2003-2005 BMW 760Li<br \/>\n1999-2005 BMW M3<br \/>\n2004-2005 BMW X3<br \/>\n2001-2005 BMW X5<br \/>\n2003-2005 BMW Z4<br \/>\n2001-2004 BMW 325i<br \/>\n2001-2004 BMW 325xi<br \/>\n2001-2004 BMW 525i<br \/>\n2004 BMW 545i<br \/>\n2001-2003 BMW 330i Base Sedan 4-Door<br \/>\n1999-2003 BMW 540i<br \/>\n2000-2003 BMW M5 Base Sedan 4-Door<br \/>\n2000-2003 BMW Z8<br \/>\n1999-2002 BMW Z3<br \/>\n1999-2001 BMW 740i<br \/>\n1999-2001 BMW 740iL<br \/>\n1999-2001 BMW 750iL<br \/>\n2000 BMW 323Ci<br \/>\n1999-2000 BMW 323i<br \/>\n2000 BMW 328Ci<br \/>\n1999-2000 BMW 328i<br \/>\n1999-2000 BMW 528i<br \/>\n1999 BMW 318ti<br \/>\n1999 BMW 323is<\/p>\n<p>Je\u015bli jeste\u015b zainteresowany zakupem 3-przyciskowego klucza zdalnego sterowania z systemem EWS do samochod\u00f3w BMW serii 3, 5, 7, X, poni\u017cej znajduje si\u0119 jego kr\u00f3tki opis.<\/p>\n<p>Ka\u017cdy kierowca wie, \u017ce bezpiecze\u0144stwo jego samochodu jest jednym z najwa\u017cniejszych warunk\u00f3w prawid\u0142owej eksploatacji pojazdu. Wymy\u015blono wiele system\u00f3w zabezpiecze\u0144, kt\u00f3re maj\u0105 chroni\u0107 poszczeg\u00f3lne auta przed z\u0142o\u015bliwymi intruzami, najechaniem i innymi podobnymi nieszcz\u0119\u015bciami. Niekt\u00f3rzy producenci samochod\u00f3w, jak np. BMW, podj\u0119li si\u0119 produkcji system\u00f3w antykradzie\u017cowych jako elementu podstawowego wyposa\u017cenia wy\u017cej wymienionych modeli. Przyk\u0142ad: omawiany przez nas system SWO.<\/p>\n<p>Czy chcesz nie tylko zam\u00f3wi\u0107 ten kluczyk zdalnego sterowania do swojego BMW, ale tak\u017ce zleci\u0107 jego zaprogramowanie? \u017baden problem &#8211; programujemy klucze nie tylko do BMW, ale tak\u017ce do wielu innych marek i modeli. Przy zam\u00f3wieniu programowania kluczy wymagana jest skrzynka EWS. Szybko i sprawnie zaprogramujemy Tw\u00f3j kluczyk, a Ty b\u0119dziesz m\u00f3g\u0142 cieszy\u0107 si\u0119 zwi\u0119kszon\u0105 (dzi\u0119ki systemowi EWS) ochron\u0105 samochodu.<\/p>\n<p>Programujemy klucze profesjonalnie i ze szczeg\u00f3lnym uwzgl\u0119dnieniem Twojego samochodu i Twoich potrzeb. Skontaktuj si\u0119 z nami, aby kupi\u0107 nie tylko ten klucz, ale tak\u017ce klucze do innych samochod\u00f3w.<\/p>\n<p>Od teraz programowanie i sprzeda\u017c kluczy samochodowych jest w r\u0119kach jednego zaufanego \u017ar\u00f3d\u0142a. Ju\u017c nie b\u0119dziesz musia\u0142 si\u0119 zastanawia\u0107 gdzie kupi\u0107 lub zaprogramowa\u0107 kluczyk do swojego wiernego pojazdu.<\/p>\n<p>Klucze samochodowe &#8211; wykonane i zaprogramowane dla Ciebie w przyst\u0119pnej cenie i z gwarancj\u0105 wykonania. Skontaktuj si\u0119 z nami, korzystaj\u0105c z tego linku.<\/p>\n","protected":false},"excerpt":{"rendered":"<p>&#8222;BMW&#8221; |3| |5| |serii X| 3-przyciskowy klucz zdalnego sterowania (315\/433 MHz, 44 chipy, system EWS) z ostrzem. Przy zam\u00f3wieniu nale\u017cy poda\u0107 model, typ ostrza i rok produkcji, cz\u0119stotliwo\u015b\u0107 i kraj.<\/p>\n<p><strong>Odpowiednie dla:<\/strong><\/p>\n<p><strong>Seria 3 (1999 &#8211; 2006);<\/strong><\/p>\n<p><strong>Seria 5 (1999 &#8211; 2006);<\/strong><\/p>\n<p><strong>Seria 7 (1999-2005)<\/strong><\/p>\n<p><strong>X3 (2004 &#8211; 2010);<\/strong><\/p>\n<p><strong>X5 (2002 &#8211; 2006);<\/strong><\/p>\n<p><strong>Z4 (2002 &#8211; 2009)<\/strong><\/p>\n<p><em><strong>Skrzynka EWS jest wymagana przy zam\u00f3wieniu programowania kluczy.<\/strong><\/em><\/p>\n<h3><strong>Produkcja kluczy samochodowych<\/strong><\/h3>\n<ul>\n<li><strong>Produkcja nowych kluczy samochodowych, programowanie kluczy (&#8222;wi\u0105zanie&#8221; z samochodem)<\/strong><\/li>\n<li><strong>Usuwanie z pami\u0119ci samochodu wcze\u015bniej zgubionych kluczyk\u00f3w<\/strong><\/li>\n<li><strong>Produkcja klucza zap\u0142onowego wed\u0142ug zamka<\/strong><\/li>\n<li><strong>Naprawa kluczy samochodowych (wymiana przycisk\u00f3w, muszli, mechanizm\u00f3w)<\/strong><\/li>\n<li><strong>Awaryjne odblokowanie samochodu<\/strong><\/li>\n<li><strong>Wymiana kluczy, etui na klucze<\/strong><\/li>\n<li><strong>Wy\u0142\u0105czenie oprogramowania DPF \/ FAP<\/strong><\/li>\n<li><strong>Programowe usuni\u0119cie EGR<\/strong><\/li>\n<li><strong>Wy\u0142\u0105czenie oprogramowania immobilizera (immo Off)<\/strong><\/li>\n<li><strong>Jednostka steruj\u0105ca silnika (ECU) naprawa, klonowanie, programowanie<\/strong><\/li>\n<li><strong>SRS (programowanie jednostki steruj\u0105cej poduszk\u0105 powietrzn\u0105)<\/strong><\/li>\n<\/ul>\n<h4><strong>  przedmioty wysy\u0142ane w ci\u0105gu 3 dni roboczych.*<\/strong><\/h4>\n<p>&nbsp;<\/p>\n<p>&nbsp;<\/p>\n<p>&nbsp;<\/p>\n","protected":false},"featured_media":12718,"comment_status":"open","ping_status":"closed","template":"","meta":[],"product_brand":[],"product_cat":[2783,2779],"product_tag":[3180,3110],"class_list":{"0":"post-16664","1":"product","2":"type-product","3":"status-publish","4":"has-post-thumbnail","6":"product_cat-bmw-pl","7":"product_cat-przyciski-zdalnego-sterowania","8":"product_tag-bmw-3-kluczyk","9":"product_tag-klucz-bmw","11":"first","12":"instock","13":"shipping-taxable","14":"purchasable","15":"product-type-simple"},"yoast_head":"<!-- This site is optimized with the Yoast SEO plugin v27.3 - https:\/\/yoast.com\/product\/yoast-seo-wordpress\/ -->\n<title>Klucz zdalnego sterowania EWS - odpowiedni dla BMW, 3 przyciski - Keys for auto<\/title>\n<meta name=\"robots\" content=\"index, follow, max-snippet:-1, max-image-preview:large, max-video-preview:-1\" \/>\n<link rel=\"canonical\" href=\"https:\/\/keys-for-auto.eu\/pl\/product\/zdalne-sterowanie-key-ews-odpowiednie-dla-bmw-3-przyciski\/\" \/>\n<meta property=\"og:locale\" content=\"pl_PL\" \/>\n<meta property=\"og:type\" content=\"article\" \/>\n<meta property=\"og:title\" content=\"Klucz zdalnego sterowania EWS - odpowiedni dla BMW, 3 przyciski - Keys for auto\" \/>\n<meta property=\"og:description\" content=\"&quot;BMW&quot; |3| |5| |serii X| 3-przyciskowy klucz zdalnego sterowania (315\/433 MHz, 44 chipy, system EWS) z ostrzem. Przy zam\u00f3wieniu nale\u017cy poda\u0107 model, typ ostrza i rok produkcji, cz\u0119stotliwo\u015b\u0107 i kraj. Odpowiednie dla: Seria 3 (1999 - 2006); Seria 5 (1999 - 2006); Seria 7 (1999-2005) X3 (2004 - 2010); X5 (2002 - 2006); Z4 (2002 - 2009) Skrzynka EWS jest wymagana przy zam\u00f3wieniu programowania kluczy. Produkcja kluczy samochodowych  Produkcja nowych kluczy samochodowych, programowanie kluczy (&quot;wi\u0105zanie&quot; z samochodem)  Usuwanie z pami\u0119ci samochodu wcze\u015bniej zgubionych kluczyk\u00f3w  Produkcja klucza zap\u0142onowego wed\u0142ug zamka  Naprawa kluczy samochodowych (wymiana przycisk\u00f3w, muszli, mechanizm\u00f3w)  Awaryjne odblokowanie samochodu  Wymiana kluczy, etui na klucze  Wy\u0142\u0105czenie oprogramowania DPF \/ FAP  Programowe usuni\u0119cie EGR  Wy\u0142\u0105czenie oprogramowania immobilizera (immo Off)  Jednostka steruj\u0105ca silnika (ECU) naprawa, klonowanie, programowanie  SRS (programowanie jednostki steruj\u0105cej poduszk\u0105 powietrzn\u0105)  przedmioty wysy\u0142ane w ci\u0105gu 3 dni roboczych.* &nbsp; &nbsp; &nbsp;\" \/>\n<meta property=\"og:url\" content=\"https:\/\/keys-for-auto.eu\/pl\/product\/zdalne-sterowanie-key-ews-odpowiednie-dla-bmw-3-przyciski\/\" \/>\n<meta property=\"og:site_name\" content=\"Keys for auto\" \/>\n<meta property=\"article:publisher\" content=\"https:\/\/www.facebook.com\/KeysForAutoEU\" \/>\n<meta property=\"og:image\" content=\"https:\/\/i0.wp.com\/keys-for-auto.eu\/wp-content\/uploads\/2022\/12\/BMW-EWS-raktas.jpg?fit=799%2C699&ssl=1\" \/>\n\t<meta property=\"og:image:width\" content=\"799\" \/>\n\t<meta property=\"og:image:height\" content=\"699\" \/>\n\t<meta property=\"og:image:type\" content=\"image\/jpeg\" \/>\n<meta name=\"twitter:card\" content=\"summary_large_image\" \/>\n<meta name=\"twitter:label1\" content=\"Szacowany czas czytania\" \/>\n\t<meta name=\"twitter:data1\" content=\"2 minuty\" \/>\n<script type=\"application\/ld+json\" class=\"yoast-schema-graph\">{\"@context\":\"https:\\\/\\\/schema.org\",\"@graph\":[{\"@type\":[\"WebPage\",\"ItemPage\"],\"@id\":\"https:\\\/\\\/keys-for-auto.eu\\\/pl\\\/product\\\/zdalne-sterowanie-key-ews-odpowiednie-dla-bmw-3-przyciski\\\/\",\"url\":\"https:\\\/\\\/keys-for-auto.eu\\\/pl\\\/product\\\/zdalne-sterowanie-key-ews-odpowiednie-dla-bmw-3-przyciski\\\/\",\"name\":\"Klucz zdalnego sterowania EWS - odpowiedni dla BMW, 3 przyciski - Keys for auto\",\"isPartOf\":{\"@id\":\"https:\\\/\\\/keys-for-auto.eu\\\/pl\\\/#website\"},\"primaryImageOfPage\":{\"@id\":\"https:\\\/\\\/keys-for-auto.eu\\\/pl\\\/product\\\/zdalne-sterowanie-key-ews-odpowiednie-dla-bmw-3-przyciski\\\/#primaryimage\"},\"image\":{\"@id\":\"https:\\\/\\\/keys-for-auto.eu\\\/pl\\\/product\\\/zdalne-sterowanie-key-ews-odpowiednie-dla-bmw-3-przyciski\\\/#primaryimage\"},\"thumbnailUrl\":\"https:\\\/\\\/keys-for-auto.eu\\\/wp-content\\\/uploads\\\/2022\\\/12\\\/BMW-EWS-raktas.jpg\",\"datePublished\":\"2016-04-02T19:59:05+00:00\",\"breadcrumb\":{\"@id\":\"https:\\\/\\\/keys-for-auto.eu\\\/pl\\\/product\\\/zdalne-sterowanie-key-ews-odpowiednie-dla-bmw-3-przyciski\\\/#breadcrumb\"},\"inLanguage\":\"pl-PL\",\"potentialAction\":[{\"@type\":\"ReadAction\",\"target\":[\"https:\\\/\\\/keys-for-auto.eu\\\/pl\\\/product\\\/zdalne-sterowanie-key-ews-odpowiednie-dla-bmw-3-przyciski\\\/\"]}]},{\"@type\":\"ImageObject\",\"inLanguage\":\"pl-PL\",\"@id\":\"https:\\\/\\\/keys-for-auto.eu\\\/pl\\\/product\\\/zdalne-sterowanie-key-ews-odpowiednie-dla-bmw-3-przyciski\\\/#primaryimage\",\"url\":\"https:\\\/\\\/keys-for-auto.eu\\\/wp-content\\\/uploads\\\/2022\\\/12\\\/BMW-EWS-raktas.jpg\",\"contentUrl\":\"https:\\\/\\\/keys-for-auto.eu\\\/wp-content\\\/uploads\\\/2022\\\/12\\\/BMW-EWS-raktas.jpg\",\"width\":799,\"height\":699},{\"@type\":\"BreadcrumbList\",\"@id\":\"https:\\\/\\\/keys-for-auto.eu\\\/pl\\\/product\\\/zdalne-sterowanie-key-ews-odpowiednie-dla-bmw-3-przyciski\\\/#breadcrumb\",\"itemListElement\":[{\"@type\":\"ListItem\",\"position\":1,\"name\":\"Strona g\u0142\u00f3wna\",\"item\":\"https:\\\/\\\/keys-for-auto.eu\\\/pl\\\/\"},{\"@type\":\"ListItem\",\"position\":2,\"name\":\"Shop\",\"item\":\"https:\\\/\\\/keys-for-auto.eu\\\/\"},{\"@type\":\"ListItem\",\"position\":3,\"name\":\"Klucz zdalnego sterowania EWS &#8211; odpowiedni dla BMW, 3 przyciski\"}]},{\"@type\":\"WebSite\",\"@id\":\"https:\\\/\\\/keys-for-auto.eu\\\/pl\\\/#website\",\"url\":\"https:\\\/\\\/keys-for-auto.eu\\\/pl\\\/\",\"name\":\"Keys for auto\",\"description\":\"Car keys,  key shells, key programming\",\"publisher\":{\"@id\":\"https:\\\/\\\/keys-for-auto.eu\\\/pl\\\/#organization\"},\"potentialAction\":[{\"@type\":\"SearchAction\",\"target\":{\"@type\":\"EntryPoint\",\"urlTemplate\":\"https:\\\/\\\/keys-for-auto.eu\\\/pl\\\/?s={search_term_string}\"},\"query-input\":{\"@type\":\"PropertyValueSpecification\",\"valueRequired\":true,\"valueName\":\"search_term_string\"}}],\"inLanguage\":\"pl-PL\"},{\"@type\":\"Organization\",\"@id\":\"https:\\\/\\\/keys-for-auto.eu\\\/pl\\\/#organization\",\"name\":\"Klucze do samochodu\",\"url\":\"https:\\\/\\\/keys-for-auto.eu\\\/pl\\\/\",\"logo\":{\"@type\":\"ImageObject\",\"inLanguage\":\"pl-PL\",\"@id\":\"https:\\\/\\\/keys-for-auto.eu\\\/pl\\\/#\\\/schema\\\/logo\\\/image\\\/\",\"url\":\"https:\\\/\\\/keys-for-auto.eu\\\/wp-content\\\/uploads\\\/2022\\\/11\\\/cropped-png1.png\",\"contentUrl\":\"https:\\\/\\\/keys-for-auto.eu\\\/wp-content\\\/uploads\\\/2022\\\/11\\\/cropped-png1.png\",\"width\":1000,\"height\":342,\"caption\":\"Klucze do samochodu\"},\"image\":{\"@id\":\"https:\\\/\\\/keys-for-auto.eu\\\/pl\\\/#\\\/schema\\\/logo\\\/image\\\/\"},\"sameAs\":[\"https:\\\/\\\/www.facebook.com\\\/KeysForAutoEU\"]}]}<\/script>\n<!-- \/ Yoast SEO plugin. -->","yoast_head_json":{"title":"Klucz zdalnego sterowania EWS - odpowiedni dla BMW, 3 przyciski - Keys for auto","robots":{"index":"index","follow":"follow","max-snippet":"max-snippet:-1","max-image-preview":"max-image-preview:large","max-video-preview":"max-video-preview:-1"},"canonical":"https:\/\/keys-for-auto.eu\/pl\/product\/zdalne-sterowanie-key-ews-odpowiednie-dla-bmw-3-przyciski\/","og_locale":"pl_PL","og_type":"article","og_title":"Klucz zdalnego sterowania EWS - odpowiedni dla BMW, 3 przyciski - Keys for auto","og_description":"\"BMW\" |3| |5| |serii X| 3-przyciskowy klucz zdalnego sterowania (315\/433 MHz, 44 chipy, system EWS) z ostrzem. Przy zam\u00f3wieniu nale\u017cy poda\u0107 model, typ ostrza i rok produkcji, cz\u0119stotliwo\u015b\u0107 i kraj. Odpowiednie dla: Seria 3 (1999 - 2006); Seria 5 (1999 - 2006); Seria 7 (1999-2005) X3 (2004 - 2010); X5 (2002 - 2006); Z4 (2002 - 2009) Skrzynka EWS jest wymagana przy zam\u00f3wieniu programowania kluczy. Produkcja kluczy samochodowych  Produkcja nowych kluczy samochodowych, programowanie kluczy (\"wi\u0105zanie\" z samochodem)  Usuwanie z pami\u0119ci samochodu wcze\u015bniej zgubionych kluczyk\u00f3w  Produkcja klucza zap\u0142onowego wed\u0142ug zamka  Naprawa kluczy samochodowych (wymiana przycisk\u00f3w, muszli, mechanizm\u00f3w)  Awaryjne odblokowanie samochodu  Wymiana kluczy, etui na klucze  Wy\u0142\u0105czenie oprogramowania DPF \/ FAP  Programowe usuni\u0119cie EGR  Wy\u0142\u0105czenie oprogramowania immobilizera (immo Off)  Jednostka steruj\u0105ca silnika (ECU) naprawa, klonowanie, programowanie  SRS (programowanie jednostki steruj\u0105cej poduszk\u0105 powietrzn\u0105)  przedmioty wysy\u0142ane w ci\u0105gu 3 dni roboczych.* &nbsp; &nbsp; &nbsp;","og_url":"https:\/\/keys-for-auto.eu\/pl\/product\/zdalne-sterowanie-key-ews-odpowiednie-dla-bmw-3-przyciski\/","og_site_name":"Keys for auto","article_publisher":"https:\/\/www.facebook.com\/KeysForAutoEU","og_image":[{"width":799,"height":699,"url":"https:\/\/i0.wp.com\/keys-for-auto.eu\/wp-content\/uploads\/2022\/12\/BMW-EWS-raktas.jpg?fit=799%2C699&ssl=1","type":"image\/jpeg"}],"twitter_card":"summary_large_image","twitter_misc":{"Szacowany czas czytania":"2 minuty"},"schema":{"@context":"https:\/\/schema.org","@graph":[{"@type":["WebPage","ItemPage"],"@id":"https:\/\/keys-for-auto.eu\/pl\/product\/zdalne-sterowanie-key-ews-odpowiednie-dla-bmw-3-przyciski\/","url":"https:\/\/keys-for-auto.eu\/pl\/product\/zdalne-sterowanie-key-ews-odpowiednie-dla-bmw-3-przyciski\/","name":"Klucz zdalnego sterowania EWS - odpowiedni dla BMW, 3 przyciski - Keys for auto","isPartOf":{"@id":"https:\/\/keys-for-auto.eu\/pl\/#website"},"primaryImageOfPage":{"@id":"https:\/\/keys-for-auto.eu\/pl\/product\/zdalne-sterowanie-key-ews-odpowiednie-dla-bmw-3-przyciski\/#primaryimage"},"image":{"@id":"https:\/\/keys-for-auto.eu\/pl\/product\/zdalne-sterowanie-key-ews-odpowiednie-dla-bmw-3-przyciski\/#primaryimage"},"thumbnailUrl":"https:\/\/keys-for-auto.eu\/wp-content\/uploads\/2022\/12\/BMW-EWS-raktas.jpg","datePublished":"2016-04-02T19:59:05+00:00","breadcrumb":{"@id":"https:\/\/keys-for-auto.eu\/pl\/product\/zdalne-sterowanie-key-ews-odpowiednie-dla-bmw-3-przyciski\/#breadcrumb"},"inLanguage":"pl-PL","potentialAction":[{"@type":"ReadAction","target":["https:\/\/keys-for-auto.eu\/pl\/product\/zdalne-sterowanie-key-ews-odpowiednie-dla-bmw-3-przyciski\/"]}]},{"@type":"ImageObject","inLanguage":"pl-PL","@id":"https:\/\/keys-for-auto.eu\/pl\/product\/zdalne-sterowanie-key-ews-odpowiednie-dla-bmw-3-przyciski\/#primaryimage","url":"https:\/\/keys-for-auto.eu\/wp-content\/uploads\/2022\/12\/BMW-EWS-raktas.jpg","contentUrl":"https:\/\/keys-for-auto.eu\/wp-content\/uploads\/2022\/12\/BMW-EWS-raktas.jpg","width":799,"height":699},{"@type":"BreadcrumbList","@id":"https:\/\/keys-for-auto.eu\/pl\/product\/zdalne-sterowanie-key-ews-odpowiednie-dla-bmw-3-przyciski\/#breadcrumb","itemListElement":[{"@type":"ListItem","position":1,"name":"Strona g\u0142\u00f3wna","item":"https:\/\/keys-for-auto.eu\/pl\/"},{"@type":"ListItem","position":2,"name":"Shop","item":"https:\/\/keys-for-auto.eu\/"},{"@type":"ListItem","position":3,"name":"Klucz zdalnego sterowania EWS &#8211; odpowiedni dla BMW, 3 przyciski"}]},{"@type":"WebSite","@id":"https:\/\/keys-for-auto.eu\/pl\/#website","url":"https:\/\/keys-for-auto.eu\/pl\/","name":"Keys for auto","description":"Car keys,  key shells, key programming","publisher":{"@id":"https:\/\/keys-for-auto.eu\/pl\/#organization"},"potentialAction":[{"@type":"SearchAction","target":{"@type":"EntryPoint","urlTemplate":"https:\/\/keys-for-auto.eu\/pl\/?s={search_term_string}"},"query-input":{"@type":"PropertyValueSpecification","valueRequired":true,"valueName":"search_term_string"}}],"inLanguage":"pl-PL"},{"@type":"Organization","@id":"https:\/\/keys-for-auto.eu\/pl\/#organization","name":"Klucze do samochodu","url":"https:\/\/keys-for-auto.eu\/pl\/","logo":{"@type":"ImageObject","inLanguage":"pl-PL","@id":"https:\/\/keys-for-auto.eu\/pl\/#\/schema\/logo\/image\/","url":"https:\/\/keys-for-auto.eu\/wp-content\/uploads\/2022\/11\/cropped-png1.png","contentUrl":"https:\/\/keys-for-auto.eu\/wp-content\/uploads\/2022\/11\/cropped-png1.png","width":1000,"height":342,"caption":"Klucze do samochodu"},"image":{"@id":"https:\/\/keys-for-auto.eu\/pl\/#\/schema\/logo\/image\/"},"sameAs":["https:\/\/www.facebook.com\/KeysForAutoEU"]}]}},"_links":{"self":[{"href":"https:\/\/keys-for-auto.eu\/pl\/wp-json\/wp\/v2\/product\/16664","targetHints":{"allow":["GET"]}}],"collection":[{"href":"https:\/\/keys-for-auto.eu\/pl\/wp-json\/wp\/v2\/product"}],"about":[{"href":"https:\/\/keys-for-auto.eu\/pl\/wp-json\/wp\/v2\/types\/product"}],"replies":[{"embeddable":true,"href":"https:\/\/keys-for-auto.eu\/pl\/wp-json\/wp\/v2\/comments?post=16664"}],"wp:featuredmedia":[{"embeddable":true,"href":"https:\/\/keys-for-auto.eu\/pl\/wp-json\/wp\/v2\/media\/12718"}],"wp:attachment":[{"href":"https:\/\/keys-for-auto.eu\/pl\/wp-json\/wp\/v2\/media?parent=16664"}],"wp:term":[{"taxonomy":"product_brand","embeddable":true,"href":"https:\/\/keys-for-auto.eu\/pl\/wp-json\/wp\/v2\/product_brand?post=16664"},{"taxonomy":"product_cat","embeddable":true,"href":"https:\/\/keys-for-auto.eu\/pl\/wp-json\/wp\/v2\/product_cat?post=16664"},{"taxonomy":"product_tag","embeddable":true,"href":"https:\/\/keys-for-auto.eu\/pl\/wp-json\/wp\/v2\/product_tag?post=16664"}],"curies":[{"name":"wp","href":"https:\/\/api.w.org\/{rel}","templated":true}]}}