{"id":16659,"date":"2016-04-02T18:54:11","date_gmt":"2016-04-02T18:54:11","guid":{"rendered":"https:\/\/keys-for-auto.eu\/product\/klucz-zdalnego-sterowania-pasuje-do-audi-a2-a3-a4-a6-a8-2-3-przyciski\/"},"modified":"2016-04-02T18:54:11","modified_gmt":"2016-04-02T18:54:11","slug":"remote-control-key-suitable-for-audi-a2-a3-a4-a6-a8-2-3-buttons","status":"publish","type":"product","link":"https:\/\/keys-for-auto.eu\/pl\/product\/remote-control-key-suitable-for-audi-a2-a3-a4-a6-a8-2-3-buttons\/","title":{"rendered":"Klucz zdalnego sterowania &#8211; pasuje do Audi A2 | A3 | A4 | A6 | A8, (2\/3 przyciski)"},"content":{"rendered":"<h2><strong>Klucz pasuj\u0105cy do samochod\u00f3w Audi, pilot zdalnego sterowania<\/strong><\/h2>\n<p>Klucz Audi, pilot i transponder, pasuj\u0105cy do A2, A3, A4, A6, A8. Przy zam\u00f3wieniu prosz\u0119 poda\u0107 ilo\u015b\u0107 przycisk\u00f3w i numer seryjny. Funkcje przycisk\u00f3w: odblokowanie, zablokowanie, otwarcie baga\u017cnika lub (kluczyk 2-przyciskowy): odblokowanie i zablokowanie. Je\u015bli potrzebujesz kluczyka zdalnego sterowania do swojego Audi, zam\u00f3w go ju\u017c teraz w naszym sklepie internetowym! Do\u0142\u0105czony do zestawu transponder zagwarantuje bezpiecze\u0144stwo Twojego samochodu Audi, poniewa\u017c s\u0142u\u017cy do identyfikacji w\u0142a\u015bciciela auta i stanowi dodatkow\u0105 ochron\u0119 przed driftem.<\/p>\n<p>A mo\u017ce nadszed\u0142 czas na zaprogramowanie kluczy do Twojego Audi? Rozumiemy, \u017ce programowanie kluczy samochodowych jest niezb\u0119dne dla zapewnienia bezpiecze\u0144stwa Pa\u0144stwa czteroko\u0142owego pojazdu. Od lat zajmujemy si\u0119 programowaniem kluczy i jeste\u015bmy pewni jako\u015bci naszej pracy. Nasza baza klient\u00f3w ro\u015bnie i coraz wi\u0119cej os\u00f3b powierza nam bezpiecze\u0144stwo swojego samochodu. Powierz nam programowanie kluczy do Audi, a ju\u017c nigdy nie b\u0119dziesz musia\u0142 si\u0119 martwi\u0107 o bezpiecze\u0144stwo swojego samochodu. Programujemy twoje klucze. Jednak zam\u00f3wienia z naszego sklepu internetowego (je\u015bli planujesz zakup kluczy zdalnego sterowania lub etui na klucze) wysy\u0142amy listem poleconym na terenie ca\u0142ej Litwy.<\/p>\n<p>Programowanie kluczy samochodowych to nasza specjalizacja. Mo\u017cemy \u015bmia\u0142o powiedzie\u0107, \u017ce oferujemy wysokiej jako\u015bci us\u0142ugi i produkty dla Twojego Audi lub innego samochodu. Je\u015bli odwiedzisz nasz sklep internetowy, znajdziesz u nas konkurencyjne ceny za programowanie kluczy samochodowych, mi\u0142\u0105 i szybk\u0105 obs\u0142ug\u0119 oraz szeroki zakres us\u0142ug. Produkcja kluczy to biznes, kt\u00f3ry wymaga odpowiedzialno\u015bci, profesjonalizmu i najnowszych technologii. Po\u0142\u0105czyli\u015bmy te cechy, aby wyposa\u017cy\u0107 Pa\u0144stwa samoch\u00f3d w najnowsz\u0105 technologi\u0119 (immobilisery, transpondery i klucze programowane przez nasz\u0105 firm\u0119) i tym samym zapewni\u0107 bezpiecze\u0144stwo Pa\u0144stwa samochodu.<\/p>\n<p>Credo zespo\u0142u http:\/\/raktai-automobiliams.lt brzmi: dzia\u0142a\u0107 na rzecz zapewnienia bezpiecze\u0144stwa Tobie i Twoim bliskim podczas podr\u00f3\u017cy samochodem oraz dba\u0107 o to, aby sprzedawane przez nas produkty i us\u0142ugi by\u0142y zgodne z nowoczesn\u0105 technologi\u0105 motoryzacyjn\u0105, odci\u0105\u017caj\u0105c kierowc\u0119.<\/p>\n<p>Odwied\u017a wi\u0119c nasz\u0105 stron\u0119 24 godziny na dob\u0119 \/ 7 dni w tygodniu, a b\u0119dziesz mile zaskoczony jako\u015bci\u0105 i szybko\u015bci\u0105 naszych us\u0142ug oraz korzystnymi cenami!<\/p>\n","protected":false},"excerpt":{"rendered":"<p><strong>Klucze pasuj\u0105ce do samochod\u00f3w marki Audi, z pilotem i transponderem, do:<\/strong><\/p>\n<p><strong>Modele A2,A3,A4,A6,A8.<\/strong><\/p>\n<p><strong>4D0 837 231 K 433Mhz<\/strong><\/p>\n<p><strong>Odpowiednie dla: <\/strong><br \/>\n<strong>2002 &#8211; 2005 A6<\/strong><br \/>\n<strong>2002 &#8211; 2005 A6 Allroad<\/strong><br \/>\n<strong>2003 &#8211; 2006 RS6<\/strong><br \/>\n<strong>2003 &#8211; 2006 TT<\/strong><\/p>\n<p><strong>4D0 837 231 N lub 4D0 837 231 A<\/strong><\/p>\n<p><strong>Odpowiednie dla:<\/strong><br \/>\n<strong>1999 &#8211; 2003 A3<\/strong><br \/>\n<strong>1998 &#8211; 2002 TT<\/strong><br \/>\n<strong>1999 &#8211; 2001 A4 \/ A4 Quattro<\/strong><br \/>\n<strong>1998 &#8211; 2004 A6 \/ A6 Quattro<\/strong><br \/>\n<strong>2000 &#8211; 2005 A6 Allroad<\/strong><br \/>\n<strong>1997 &#8211; 2003 A8 \/ A8 Quattro<\/strong><br \/>\n<strong>2000 &#8211; 2002 RS4<\/strong><\/p>\n<p><strong>Przy zam\u00f3wieniu prosz\u0119 poda\u0107 liczb\u0119 przycisk\u00f3w i numer seryjny.<\/strong><\/p>\n<h3><strong>Produkcja kluczy samochodowych<\/strong><\/h3>\n<ul>\n<li><strong>Produkcja nowych kluczy samochodowych, programowanie kluczy (&#8222;wi\u0105zanie&#8221; z samochodem)<\/strong><\/li>\n<li><strong>Usuwanie z pami\u0119ci samochodu wcze\u015bniej zgubionych kluczyk\u00f3w<\/strong><\/li>\n<li><strong>Produkcja klucza zap\u0142onowego wed\u0142ug zamka<\/strong><\/li>\n<li><strong>Naprawa kluczy samochodowych (wymiana przycisk\u00f3w, muszli, mechanizm\u00f3w)<\/strong><\/li>\n<li><strong>Awaryjne odblokowanie samochodu<\/strong><\/li>\n<li><strong>Wymiana kluczy, etui na klucze<\/strong><\/li>\n<li><strong>Wy\u0142\u0105czenie oprogramowania DPF \/ FAP<\/strong><\/li>\n<li><strong>Programowe usuni\u0119cie EGR<\/strong><\/li>\n<li><strong>Wy\u0142\u0105czenie oprogramowania immobilizera (immo Off)<\/strong><\/li>\n<li><strong>Jednostka steruj\u0105ca silnika (ECU) naprawa, klonowanie, programowanie<\/strong><\/li>\n<li><strong>SRS (programowanie jednostki steruj\u0105cej poduszk\u0105 powietrzn\u0105)<\/strong><\/li>\n<\/ul>\n<h4><strong>  przedmioty wysy\u0142ane w ci\u0105gu 3 dni roboczych.*<\/strong><\/h4>\n","protected":false},"featured_media":12598,"comment_status":"open","ping_status":"closed","template":"","meta":[],"product_brand":[],"product_cat":[2928,2779],"product_tag":[3115,3196,3124,3130,3201,3174],"class_list":{"0":"post-16659","1":"product","2":"type-product","3":"status-publish","4":"has-post-thumbnail","6":"product_cat-audi-pl","7":"product_cat-przyciski-zdalnego-sterowania","8":"product_tag-klucz-do-audi","9":"product_tag-klucz-do-audi-a2","10":"product_tag-klucz-do-audi-a4","11":"product_tag-klucz-do-audi-a6","12":"product_tag-klucz-do-audi-a8","13":"product_tag-kluczyk-do-audi-a3","15":"first","16":"instock","17":"shipping-taxable","18":"purchasable","19":"product-type-simple"},"yoast_head":"<!-- This site is optimized with the Yoast SEO plugin v27.3 - https:\/\/yoast.com\/product\/yoast-seo-wordpress\/ -->\n<title>Klucz zdalnego sterowania - pasuje do Audi A2 | A3 | A4 | A6 | A8, (2\/3 przyciski) - Keys for auto<\/title>\n<meta name=\"robots\" content=\"index, follow, max-snippet:-1, max-image-preview:large, max-video-preview:-1\" \/>\n<link rel=\"canonical\" href=\"https:\/\/keys-for-auto.eu\/pl\/product\/remote-control-key-suitable-for-audi-a2-a3-a4-a6-a8-2-3-buttons\/\" \/>\n<meta property=\"og:locale\" content=\"pl_PL\" \/>\n<meta property=\"og:type\" content=\"article\" \/>\n<meta property=\"og:title\" content=\"Klucz zdalnego sterowania - pasuje do Audi A2 | A3 | A4 | A6 | A8, (2\/3 przyciski) - Keys for auto\" \/>\n<meta property=\"og:description\" content=\"Klucze pasuj\u0105ce do samochod\u00f3w marki Audi, z pilotem i transponderem, do: Modele A2,A3,A4,A6,A8. 4D0 837 231 K 433Mhz Odpowiednie dla: 2002 - 2005 A6 2002 - 2005 A6 Allroad 2003 - 2006 RS6 2003 - 2006 TT 4D0 837 231 N lub 4D0 837 231 A Odpowiednie dla: 1999 - 2003 A3 1998 - 2002 TT 1999 - 2001 A4 \/ A4 Quattro 1998 - 2004 A6 \/ A6 Quattro 2000 - 2005 A6 Allroad 1997 - 2003 A8 \/ A8 Quattro 2000 - 2002 RS4 Przy zam\u00f3wieniu prosz\u0119 poda\u0107 liczb\u0119 przycisk\u00f3w i numer seryjny. Produkcja kluczy samochodowych  Produkcja nowych kluczy samochodowych, programowanie kluczy (&quot;wi\u0105zanie&quot; z samochodem)  Usuwanie z pami\u0119ci samochodu wcze\u015bniej zgubionych kluczyk\u00f3w  Produkcja klucza zap\u0142onowego wed\u0142ug zamka  Naprawa kluczy samochodowych (wymiana przycisk\u00f3w, muszli, mechanizm\u00f3w)  Awaryjne odblokowanie samochodu  Wymiana kluczy, etui na klucze  Wy\u0142\u0105czenie oprogramowania DPF \/ FAP  Programowe usuni\u0119cie EGR  Wy\u0142\u0105czenie oprogramowania immobilizera (immo Off)  Jednostka steruj\u0105ca silnika (ECU) naprawa, klonowanie, programowanie  SRS (programowanie jednostki steruj\u0105cej poduszk\u0105 powietrzn\u0105)  przedmioty wysy\u0142ane w ci\u0105gu 3 dni roboczych.*\" \/>\n<meta property=\"og:url\" content=\"https:\/\/keys-for-auto.eu\/pl\/product\/remote-control-key-suitable-for-audi-a2-a3-a4-a6-a8-2-3-buttons\/\" \/>\n<meta property=\"og:site_name\" content=\"Keys for auto\" \/>\n<meta property=\"article:publisher\" content=\"https:\/\/www.facebook.com\/KeysForAutoEU\" \/>\n<meta property=\"og:image\" content=\"https:\/\/i0.wp.com\/keys-for-auto.eu\/wp-content\/uploads\/2022\/12\/Audi-A2-A3-A4-A6-A8-3-mygtuku-500x5002-wpp1665154203566-removebg-preview.png?fit=500%2C500&ssl=1\" \/>\n\t<meta property=\"og:image:width\" content=\"500\" \/>\n\t<meta property=\"og:image:height\" content=\"500\" \/>\n\t<meta property=\"og:image:type\" content=\"image\/png\" \/>\n<meta name=\"twitter:card\" content=\"summary_large_image\" \/>\n<meta name=\"twitter:label1\" content=\"Szacowany czas czytania\" \/>\n\t<meta name=\"twitter:data1\" content=\"2 minuty\" \/>\n<script type=\"application\/ld+json\" class=\"yoast-schema-graph\">{\"@context\":\"https:\\\/\\\/schema.org\",\"@graph\":[{\"@type\":[\"WebPage\",\"ItemPage\"],\"@id\":\"https:\\\/\\\/keys-for-auto.eu\\\/pl\\\/product\\\/remote-control-key-suitable-for-audi-a2-a3-a4-a6-a8-2-3-buttons\\\/\",\"url\":\"https:\\\/\\\/keys-for-auto.eu\\\/pl\\\/product\\\/remote-control-key-suitable-for-audi-a2-a3-a4-a6-a8-2-3-buttons\\\/\",\"name\":\"Klucz zdalnego sterowania - pasuje do Audi A2 | A3 | A4 | A6 | A8, (2\\\/3 przyciski) - Keys for auto\",\"isPartOf\":{\"@id\":\"https:\\\/\\\/keys-for-auto.eu\\\/pl\\\/#website\"},\"primaryImageOfPage\":{\"@id\":\"https:\\\/\\\/keys-for-auto.eu\\\/pl\\\/product\\\/remote-control-key-suitable-for-audi-a2-a3-a4-a6-a8-2-3-buttons\\\/#primaryimage\"},\"image\":{\"@id\":\"https:\\\/\\\/keys-for-auto.eu\\\/pl\\\/product\\\/remote-control-key-suitable-for-audi-a2-a3-a4-a6-a8-2-3-buttons\\\/#primaryimage\"},\"thumbnailUrl\":\"https:\\\/\\\/keys-for-auto.eu\\\/wp-content\\\/uploads\\\/2022\\\/12\\\/Audi-A2-A3-A4-A6-A8-3-mygtuku-500x5002-wpp1665154203566-removebg-preview.png\",\"datePublished\":\"2016-04-02T18:54:11+00:00\",\"breadcrumb\":{\"@id\":\"https:\\\/\\\/keys-for-auto.eu\\\/pl\\\/product\\\/remote-control-key-suitable-for-audi-a2-a3-a4-a6-a8-2-3-buttons\\\/#breadcrumb\"},\"inLanguage\":\"pl-PL\",\"potentialAction\":[{\"@type\":\"ReadAction\",\"target\":[\"https:\\\/\\\/keys-for-auto.eu\\\/pl\\\/product\\\/remote-control-key-suitable-for-audi-a2-a3-a4-a6-a8-2-3-buttons\\\/\"]}]},{\"@type\":\"ImageObject\",\"inLanguage\":\"pl-PL\",\"@id\":\"https:\\\/\\\/keys-for-auto.eu\\\/pl\\\/product\\\/remote-control-key-suitable-for-audi-a2-a3-a4-a6-a8-2-3-buttons\\\/#primaryimage\",\"url\":\"https:\\\/\\\/keys-for-auto.eu\\\/wp-content\\\/uploads\\\/2022\\\/12\\\/Audi-A2-A3-A4-A6-A8-3-mygtuku-500x5002-wpp1665154203566-removebg-preview.png\",\"contentUrl\":\"https:\\\/\\\/keys-for-auto.eu\\\/wp-content\\\/uploads\\\/2022\\\/12\\\/Audi-A2-A3-A4-A6-A8-3-mygtuku-500x5002-wpp1665154203566-removebg-preview.png\",\"width\":500,\"height\":500},{\"@type\":\"BreadcrumbList\",\"@id\":\"https:\\\/\\\/keys-for-auto.eu\\\/pl\\\/product\\\/remote-control-key-suitable-for-audi-a2-a3-a4-a6-a8-2-3-buttons\\\/#breadcrumb\",\"itemListElement\":[{\"@type\":\"ListItem\",\"position\":1,\"name\":\"Strona g\u0142\u00f3wna\",\"item\":\"https:\\\/\\\/keys-for-auto.eu\\\/pl\\\/\"},{\"@type\":\"ListItem\",\"position\":2,\"name\":\"Shop\",\"item\":\"https:\\\/\\\/keys-for-auto.eu\\\/\"},{\"@type\":\"ListItem\",\"position\":3,\"name\":\"Klucz zdalnego sterowania &#8211; pasuje do Audi A2 | A3 | A4 | A6 | A8, (2\\\/3 przyciski)\"}]},{\"@type\":\"WebSite\",\"@id\":\"https:\\\/\\\/keys-for-auto.eu\\\/pl\\\/#website\",\"url\":\"https:\\\/\\\/keys-for-auto.eu\\\/pl\\\/\",\"name\":\"Keys for auto\",\"description\":\"Car keys,  key shells, key programming\",\"publisher\":{\"@id\":\"https:\\\/\\\/keys-for-auto.eu\\\/pl\\\/#organization\"},\"potentialAction\":[{\"@type\":\"SearchAction\",\"target\":{\"@type\":\"EntryPoint\",\"urlTemplate\":\"https:\\\/\\\/keys-for-auto.eu\\\/pl\\\/?s={search_term_string}\"},\"query-input\":{\"@type\":\"PropertyValueSpecification\",\"valueRequired\":true,\"valueName\":\"search_term_string\"}}],\"inLanguage\":\"pl-PL\"},{\"@type\":\"Organization\",\"@id\":\"https:\\\/\\\/keys-for-auto.eu\\\/pl\\\/#organization\",\"name\":\"Klucze do samochodu\",\"url\":\"https:\\\/\\\/keys-for-auto.eu\\\/pl\\\/\",\"logo\":{\"@type\":\"ImageObject\",\"inLanguage\":\"pl-PL\",\"@id\":\"https:\\\/\\\/keys-for-auto.eu\\\/pl\\\/#\\\/schema\\\/logo\\\/image\\\/\",\"url\":\"https:\\\/\\\/keys-for-auto.eu\\\/wp-content\\\/uploads\\\/2022\\\/11\\\/cropped-png1.png\",\"contentUrl\":\"https:\\\/\\\/keys-for-auto.eu\\\/wp-content\\\/uploads\\\/2022\\\/11\\\/cropped-png1.png\",\"width\":1000,\"height\":342,\"caption\":\"Klucze do samochodu\"},\"image\":{\"@id\":\"https:\\\/\\\/keys-for-auto.eu\\\/pl\\\/#\\\/schema\\\/logo\\\/image\\\/\"},\"sameAs\":[\"https:\\\/\\\/www.facebook.com\\\/KeysForAutoEU\"]}]}<\/script>\n<!-- \/ Yoast SEO plugin. -->","yoast_head_json":{"title":"Klucz zdalnego sterowania - pasuje do Audi A2 | A3 | A4 | A6 | A8, (2\/3 przyciski) - Keys for auto","robots":{"index":"index","follow":"follow","max-snippet":"max-snippet:-1","max-image-preview":"max-image-preview:large","max-video-preview":"max-video-preview:-1"},"canonical":"https:\/\/keys-for-auto.eu\/pl\/product\/remote-control-key-suitable-for-audi-a2-a3-a4-a6-a8-2-3-buttons\/","og_locale":"pl_PL","og_type":"article","og_title":"Klucz zdalnego sterowania - pasuje do Audi A2 | A3 | A4 | A6 | A8, (2\/3 przyciski) - Keys for auto","og_description":"Klucze pasuj\u0105ce do samochod\u00f3w marki Audi, z pilotem i transponderem, do: Modele A2,A3,A4,A6,A8. 4D0 837 231 K 433Mhz Odpowiednie dla: 2002 - 2005 A6 2002 - 2005 A6 Allroad 2003 - 2006 RS6 2003 - 2006 TT 4D0 837 231 N lub 4D0 837 231 A Odpowiednie dla: 1999 - 2003 A3 1998 - 2002 TT 1999 - 2001 A4 \/ A4 Quattro 1998 - 2004 A6 \/ A6 Quattro 2000 - 2005 A6 Allroad 1997 - 2003 A8 \/ A8 Quattro 2000 - 2002 RS4 Przy zam\u00f3wieniu prosz\u0119 poda\u0107 liczb\u0119 przycisk\u00f3w i numer seryjny. Produkcja kluczy samochodowych  Produkcja nowych kluczy samochodowych, programowanie kluczy (\"wi\u0105zanie\" z samochodem)  Usuwanie z pami\u0119ci samochodu wcze\u015bniej zgubionych kluczyk\u00f3w  Produkcja klucza zap\u0142onowego wed\u0142ug zamka  Naprawa kluczy samochodowych (wymiana przycisk\u00f3w, muszli, mechanizm\u00f3w)  Awaryjne odblokowanie samochodu  Wymiana kluczy, etui na klucze  Wy\u0142\u0105czenie oprogramowania DPF \/ FAP  Programowe usuni\u0119cie EGR  Wy\u0142\u0105czenie oprogramowania immobilizera (immo Off)  Jednostka steruj\u0105ca silnika (ECU) naprawa, klonowanie, programowanie  SRS (programowanie jednostki steruj\u0105cej poduszk\u0105 powietrzn\u0105)  przedmioty wysy\u0142ane w ci\u0105gu 3 dni roboczych.*","og_url":"https:\/\/keys-for-auto.eu\/pl\/product\/remote-control-key-suitable-for-audi-a2-a3-a4-a6-a8-2-3-buttons\/","og_site_name":"Keys for auto","article_publisher":"https:\/\/www.facebook.com\/KeysForAutoEU","og_image":[{"width":500,"height":500,"url":"https:\/\/i0.wp.com\/keys-for-auto.eu\/wp-content\/uploads\/2022\/12\/Audi-A2-A3-A4-A6-A8-3-mygtuku-500x5002-wpp1665154203566-removebg-preview.png?fit=500%2C500&ssl=1","type":"image\/png"}],"twitter_card":"summary_large_image","twitter_misc":{"Szacowany czas czytania":"2 minuty"},"schema":{"@context":"https:\/\/schema.org","@graph":[{"@type":["WebPage","ItemPage"],"@id":"https:\/\/keys-for-auto.eu\/pl\/product\/remote-control-key-suitable-for-audi-a2-a3-a4-a6-a8-2-3-buttons\/","url":"https:\/\/keys-for-auto.eu\/pl\/product\/remote-control-key-suitable-for-audi-a2-a3-a4-a6-a8-2-3-buttons\/","name":"Klucz zdalnego sterowania - pasuje do Audi A2 | A3 | A4 | A6 | A8, (2\/3 przyciski) - Keys for auto","isPartOf":{"@id":"https:\/\/keys-for-auto.eu\/pl\/#website"},"primaryImageOfPage":{"@id":"https:\/\/keys-for-auto.eu\/pl\/product\/remote-control-key-suitable-for-audi-a2-a3-a4-a6-a8-2-3-buttons\/#primaryimage"},"image":{"@id":"https:\/\/keys-for-auto.eu\/pl\/product\/remote-control-key-suitable-for-audi-a2-a3-a4-a6-a8-2-3-buttons\/#primaryimage"},"thumbnailUrl":"https:\/\/keys-for-auto.eu\/wp-content\/uploads\/2022\/12\/Audi-A2-A3-A4-A6-A8-3-mygtuku-500x5002-wpp1665154203566-removebg-preview.png","datePublished":"2016-04-02T18:54:11+00:00","breadcrumb":{"@id":"https:\/\/keys-for-auto.eu\/pl\/product\/remote-control-key-suitable-for-audi-a2-a3-a4-a6-a8-2-3-buttons\/#breadcrumb"},"inLanguage":"pl-PL","potentialAction":[{"@type":"ReadAction","target":["https:\/\/keys-for-auto.eu\/pl\/product\/remote-control-key-suitable-for-audi-a2-a3-a4-a6-a8-2-3-buttons\/"]}]},{"@type":"ImageObject","inLanguage":"pl-PL","@id":"https:\/\/keys-for-auto.eu\/pl\/product\/remote-control-key-suitable-for-audi-a2-a3-a4-a6-a8-2-3-buttons\/#primaryimage","url":"https:\/\/keys-for-auto.eu\/wp-content\/uploads\/2022\/12\/Audi-A2-A3-A4-A6-A8-3-mygtuku-500x5002-wpp1665154203566-removebg-preview.png","contentUrl":"https:\/\/keys-for-auto.eu\/wp-content\/uploads\/2022\/12\/Audi-A2-A3-A4-A6-A8-3-mygtuku-500x5002-wpp1665154203566-removebg-preview.png","width":500,"height":500},{"@type":"BreadcrumbList","@id":"https:\/\/keys-for-auto.eu\/pl\/product\/remote-control-key-suitable-for-audi-a2-a3-a4-a6-a8-2-3-buttons\/#breadcrumb","itemListElement":[{"@type":"ListItem","position":1,"name":"Strona g\u0142\u00f3wna","item":"https:\/\/keys-for-auto.eu\/pl\/"},{"@type":"ListItem","position":2,"name":"Shop","item":"https:\/\/keys-for-auto.eu\/"},{"@type":"ListItem","position":3,"name":"Klucz zdalnego sterowania &#8211; pasuje do Audi A2 | A3 | A4 | A6 | A8, (2\/3 przyciski)"}]},{"@type":"WebSite","@id":"https:\/\/keys-for-auto.eu\/pl\/#website","url":"https:\/\/keys-for-auto.eu\/pl\/","name":"Keys for auto","description":"Car keys,  key shells, key programming","publisher":{"@id":"https:\/\/keys-for-auto.eu\/pl\/#organization"},"potentialAction":[{"@type":"SearchAction","target":{"@type":"EntryPoint","urlTemplate":"https:\/\/keys-for-auto.eu\/pl\/?s={search_term_string}"},"query-input":{"@type":"PropertyValueSpecification","valueRequired":true,"valueName":"search_term_string"}}],"inLanguage":"pl-PL"},{"@type":"Organization","@id":"https:\/\/keys-for-auto.eu\/pl\/#organization","name":"Klucze do samochodu","url":"https:\/\/keys-for-auto.eu\/pl\/","logo":{"@type":"ImageObject","inLanguage":"pl-PL","@id":"https:\/\/keys-for-auto.eu\/pl\/#\/schema\/logo\/image\/","url":"https:\/\/keys-for-auto.eu\/wp-content\/uploads\/2022\/11\/cropped-png1.png","contentUrl":"https:\/\/keys-for-auto.eu\/wp-content\/uploads\/2022\/11\/cropped-png1.png","width":1000,"height":342,"caption":"Klucze do samochodu"},"image":{"@id":"https:\/\/keys-for-auto.eu\/pl\/#\/schema\/logo\/image\/"},"sameAs":["https:\/\/www.facebook.com\/KeysForAutoEU"]}]}},"_links":{"self":[{"href":"https:\/\/keys-for-auto.eu\/pl\/wp-json\/wp\/v2\/product\/16659","targetHints":{"allow":["GET"]}}],"collection":[{"href":"https:\/\/keys-for-auto.eu\/pl\/wp-json\/wp\/v2\/product"}],"about":[{"href":"https:\/\/keys-for-auto.eu\/pl\/wp-json\/wp\/v2\/types\/product"}],"replies":[{"embeddable":true,"href":"https:\/\/keys-for-auto.eu\/pl\/wp-json\/wp\/v2\/comments?post=16659"}],"wp:featuredmedia":[{"embeddable":true,"href":"https:\/\/keys-for-auto.eu\/pl\/wp-json\/wp\/v2\/media\/12598"}],"wp:attachment":[{"href":"https:\/\/keys-for-auto.eu\/pl\/wp-json\/wp\/v2\/media?parent=16659"}],"wp:term":[{"taxonomy":"product_brand","embeddable":true,"href":"https:\/\/keys-for-auto.eu\/pl\/wp-json\/wp\/v2\/product_brand?post=16659"},{"taxonomy":"product_cat","embeddable":true,"href":"https:\/\/keys-for-auto.eu\/pl\/wp-json\/wp\/v2\/product_cat?post=16659"},{"taxonomy":"product_tag","embeddable":true,"href":"https:\/\/keys-for-auto.eu\/pl\/wp-json\/wp\/v2\/product_tag?post=16659"}],"curies":[{"name":"wp","href":"https:\/\/api.w.org\/{rel}","templated":true}]}}