{"id":16657,"date":"2016-04-02T18:58:05","date_gmt":"2016-04-02T18:58:05","guid":{"rendered":"https:\/\/keys-for-auto.eu\/product\/klucz-zdalnego-sterowania-pasuje-do-bmw-3-5-7-x5-x3-z4-e38-e39-e46\/"},"modified":"2016-04-02T18:58:05","modified_gmt":"2016-04-02T18:58:05","slug":"remote-control-key-suitable-for-bmw-3-5-7-x5-x3-z4-e38-e39-e46","status":"publish","type":"product","link":"https:\/\/keys-for-auto.eu\/pl\/product\/remote-control-key-suitable-for-bmw-3-5-7-x5-x3-z4-e38-e39-e46\/","title":{"rendered":"Klucz zdalnego sterowania &#8211; pasuje do BMW 3 | 5 | 7 | X5 | X3 | Z4 | E38 | E39 | E46"},"content":{"rendered":"<p>Kluczyk zdalnego sterowania BMW pasuj\u0105cy do samochod\u00f3w 3, 5, 7, X5, X3, Z4, E38, E39, E46. Jest to klucz trzyprzyciskowy, z chipem pilota, chipem transpondera i nowym elementem. Klucz musi by\u0107 zaprogramowany. Mo\u017cesz zam\u00f3wi\u0107 u nas t\u0119 us\u0142ug\u0119. Programowaniem kluczy zajmujemy si\u0119 od wielu lat i w naszej pracy wykorzystujemy tylko najnowsze technologie, a klucze programowane s\u0105 przez ekspert\u00f3w w swojej dziedzinie.<\/p>\n<p>Chip zdalnego sterowania oraz transponder (chip) wbudowany w kluczyk to g\u0142\u00f3wne zalety tego kluczyka, poniewa\u017c Tw\u00f3j samoch\u00f3d b\u0119dzie skuteczniej chroniony przed odjechaniem za pomoc\u0105 transpondera. Dzieje si\u0119 tak dlatego, \u017ce ze wzgl\u0119d\u00f3w bezpiecze\u0144stwa transponder jest osadzony w g\u0142\u00f3wce klucza (wewn\u0105trz klucza) i tylko za pomoc\u0105 specjalnego sprz\u0119tu mo\u017cna stwierdzi\u0107, czy jest to klucz z transponderem, czy zwyk\u0142y klucz. Kolejn\u0105 rzecz\u0105, kt\u00f3r\u0105 nale\u017cy wiedzie\u0107 o kluczach transponderowych jest to, \u017ce nie posiadaj\u0105 one sta\u0142ego zasilania i dzia\u0142aj\u0105 w bardzo kr\u00f3tkim zasi\u0119gu 1-10 cm. Dlatego te\u017c praktycznie niemo\u017cliwe jest prze\u015bledzenie lub zeskanowanie jego dzia\u0142ania.<\/p>\n<p>Je\u015bli potrzebujesz programowania klucza zdalnego BMW lub zdecydowa\u0142e\u015b si\u0119 na zakup klucza zdalnego do swojego BMW 3, 5, 7, X5, X3, Z4, E38, E39 lub E46, skontaktuj si\u0119 z nami! Programujemy Twoje klucze i dajemy gwarancj\u0119 na nasz\u0105 prac\u0119, a naszych klient\u00f3w obs\u0142ugujemy z zachowaniem najwy\u017cszych standard\u00f3w doradztwa i obs\u0142ugi.<\/p>\n<p>Programowanie kluczy samochodowych stale si\u0119 rozwija. Staramy si\u0119 nad\u0105\u017ca\u0107 za g\u0142\u00f3wnymi trendami w produkcji kluczy, a nasi klienci zamawiaj\u0105cy klucze zdalne BMW ciesz\u0105 si\u0119 bezproblemowym u\u017cytkowaniem i satysfakcj\u0105, \u017ce znale\u017ali rzetelnych specjalist\u00f3w od programowania i sprzeda\u017cy kluczy samochodowych.<\/p>\n<p>Produkcja kluczy b\u0119dzie niedroga, a us\u0142uga wykonana szybko i na wysokim poziomie, je\u015bli tylko si\u0119 z nami skontaktujesz. Klucze samochodowe to nasza specjalizacja, dziedzina w kt\u00f3rej czujemy si\u0119 mocni i otrzymujemy pozytywne opinie od naszych klient\u00f3w. Jest to dla nas motywacja do dalszego poszerzania i udoskonalania naszej dzia\u0142alno\u015bci.<\/p>\n","protected":false},"excerpt":{"rendered":"<p><em><strong>Pasuje do klucza trzyprzyciskowego BMW z mikroprocesorem zdalnego sterowania z transponderem (chipem) i nowym elementem.Klucz wymaga programowania.<\/strong><\/em><\/p>\n<p><em><strong>Odpowiednie dla:<\/strong><\/em><\/p>\n<p><em><strong>BMW 3<\/strong><\/em><\/p>\n<p><em><strong>BMW 5<\/strong><\/em><\/p>\n<p><em><strong>BMW 3 BMW 7<\/strong><\/em><\/p>\n<p><em><strong>BMW X5<\/strong><\/em><\/p>\n<p><em><strong>BMW X3<\/strong><\/em><\/p>\n<p><em><strong>BMW Z4<\/strong><\/em><\/p>\n<p><em><strong>BMW E38<\/strong><\/em><\/p>\n<p><em><strong>BMW E39<\/strong><\/em><\/p>\n<p><em><strong>BMW E46<\/strong><\/em><\/p>\n<h3><strong>Produkcja kluczy samochodowych<\/strong><\/h3>\n<ul>\n<li><strong>Produkcja nowych kluczy samochodowych, programowanie kluczy (&#8222;wi\u0105zanie&#8221; z samochodem)<\/strong><\/li>\n<li><strong>Usuwanie z pami\u0119ci samochodu wcze\u015bniej zgubionych kluczyk\u00f3w<\/strong><\/li>\n<li><strong>Produkcja klucza zap\u0142onowego wed\u0142ug zamka<\/strong><\/li>\n<li><strong>Naprawa kluczy samochodowych (wymiana przycisk\u00f3w, muszli, mechanizm\u00f3w)<\/strong><\/li>\n<li><strong>Awaryjne odblokowanie samochodu<\/strong><\/li>\n<li><strong>Wymiana kluczy, etui na klucze<\/strong><\/li>\n<li><strong>Wy\u0142\u0105czenie oprogramowania DPF \/ FAP<\/strong><\/li>\n<li><strong>Programowe usuni\u0119cie EGR<\/strong><\/li>\n<li><strong>Wy\u0142\u0105czenie oprogramowania immobilizera (immo Off)<\/strong><\/li>\n<li><strong>Jednostka steruj\u0105ca silnika (ECU) naprawa, klonowanie, programowanie<\/strong><\/li>\n<li><strong>SRS (programowanie jednostki steruj\u0105cej poduszk\u0105 powietrzn\u0105)<\/strong><\/li>\n<\/ul>\n<h4><strong>  przedmioty wysy\u0142ane w ci\u0105gu 3 dni roboczych.*<\/strong><\/h4>\n<p>&nbsp;<\/p>\n<p>&nbsp;<\/p>\n<p>&nbsp;<\/p>\n","protected":false},"featured_media":12713,"comment_status":"open","ping_status":"closed","template":"","meta":[],"product_brand":[],"product_cat":[2783,2779],"product_tag":[3180,3183,3185,3110,3195,3169,3200],"class_list":{"0":"post-16657","1":"product","2":"type-product","3":"status-publish","4":"has-post-thumbnail","6":"product_cat-bmw-pl","7":"product_cat-przyciski-zdalnego-sterowania","8":"product_tag-bmw-3-kluczyk","9":"product_tag-bmw-5-kluczyk","10":"product_tag-bmw-7-kluczyk","11":"product_tag-klucz-bmw","12":"product_tag-klucz-do-bmw-x3","13":"product_tag-klucz-do-bmw-x5","14":"product_tag-klucz-do-bmw-z4","16":"first","17":"instock","18":"shipping-taxable","19":"purchasable","20":"product-type-simple"},"yoast_head":"<!-- This site is optimized with the Yoast SEO plugin v27.3 - https:\/\/yoast.com\/product\/yoast-seo-wordpress\/ -->\n<title>Klucz zdalnego sterowania - pasuje do BMW 3 | 5 | 7 | X5 | X3 | Z4 | E38 | E39 | E46 - Keys for auto<\/title>\n<meta name=\"robots\" content=\"index, follow, max-snippet:-1, max-image-preview:large, max-video-preview:-1\" \/>\n<link rel=\"canonical\" href=\"https:\/\/keys-for-auto.eu\/pl\/product\/remote-control-key-suitable-for-bmw-3-5-7-x5-x3-z4-e38-e39-e46\/\" \/>\n<meta property=\"og:locale\" content=\"pl_PL\" \/>\n<meta property=\"og:type\" content=\"article\" \/>\n<meta property=\"og:title\" content=\"Klucz zdalnego sterowania - pasuje do BMW 3 | 5 | 7 | X5 | X3 | Z4 | E38 | E39 | E46 - Keys for auto\" \/>\n<meta property=\"og:description\" content=\"Pasuje do klucza trzyprzyciskowego BMW z mikroprocesorem zdalnego sterowania z transponderem (chipem) i nowym elementem.Klucz wymaga programowania. Odpowiednie dla: BMW 3 BMW 5 BMW 3 BMW 7 BMW X5 BMW X3 BMW Z4 BMW E38 BMW E39 BMW E46 Produkcja kluczy samochodowych  Produkcja nowych kluczy samochodowych, programowanie kluczy (&quot;wi\u0105zanie&quot; z samochodem)  Usuwanie z pami\u0119ci samochodu wcze\u015bniej zgubionych kluczyk\u00f3w  Produkcja klucza zap\u0142onowego wed\u0142ug zamka  Naprawa kluczy samochodowych (wymiana przycisk\u00f3w, muszli, mechanizm\u00f3w)  Awaryjne odblokowanie samochodu  Wymiana kluczy, etui na klucze  Wy\u0142\u0105czenie oprogramowania DPF \/ FAP  Programowe usuni\u0119cie EGR  Wy\u0142\u0105czenie oprogramowania immobilizera (immo Off)  Jednostka steruj\u0105ca silnika (ECU) naprawa, klonowanie, programowanie  SRS (programowanie jednostki steruj\u0105cej poduszk\u0105 powietrzn\u0105)  przedmioty wysy\u0142ane w ci\u0105gu 3 dni roboczych.* &nbsp; &nbsp; &nbsp;\" \/>\n<meta property=\"og:url\" content=\"https:\/\/keys-for-auto.eu\/pl\/product\/remote-control-key-suitable-for-bmw-3-5-7-x5-x3-z4-e38-e39-e46\/\" \/>\n<meta property=\"og:site_name\" content=\"Keys for auto\" \/>\n<meta property=\"article:publisher\" content=\"https:\/\/www.facebook.com\/KeysForAutoEU\" \/>\n<meta property=\"og:image\" content=\"https:\/\/i0.wp.com\/keys-for-auto.eu\/wp-content\/uploads\/2022\/12\/BMW-su-mechanizmu-500x5001-1.jpg?fit=500%2C500&ssl=1\" \/>\n\t<meta property=\"og:image:width\" content=\"500\" \/>\n\t<meta property=\"og:image:height\" content=\"500\" \/>\n\t<meta property=\"og:image:type\" content=\"image\/jpeg\" \/>\n<meta name=\"twitter:card\" content=\"summary_large_image\" \/>\n<meta name=\"twitter:label1\" content=\"Szacowany czas czytania\" \/>\n\t<meta name=\"twitter:data1\" content=\"2 minuty\" \/>\n<script type=\"application\/ld+json\" class=\"yoast-schema-graph\">{\"@context\":\"https:\\\/\\\/schema.org\",\"@graph\":[{\"@type\":[\"WebPage\",\"ItemPage\"],\"@id\":\"https:\\\/\\\/keys-for-auto.eu\\\/pl\\\/product\\\/remote-control-key-suitable-for-bmw-3-5-7-x5-x3-z4-e38-e39-e46\\\/\",\"url\":\"https:\\\/\\\/keys-for-auto.eu\\\/pl\\\/product\\\/remote-control-key-suitable-for-bmw-3-5-7-x5-x3-z4-e38-e39-e46\\\/\",\"name\":\"Klucz zdalnego sterowania - pasuje do BMW 3 | 5 | 7 | X5 | X3 | Z4 | E38 | E39 | E46 - Keys for auto\",\"isPartOf\":{\"@id\":\"https:\\\/\\\/keys-for-auto.eu\\\/pl\\\/#website\"},\"primaryImageOfPage\":{\"@id\":\"https:\\\/\\\/keys-for-auto.eu\\\/pl\\\/product\\\/remote-control-key-suitable-for-bmw-3-5-7-x5-x3-z4-e38-e39-e46\\\/#primaryimage\"},\"image\":{\"@id\":\"https:\\\/\\\/keys-for-auto.eu\\\/pl\\\/product\\\/remote-control-key-suitable-for-bmw-3-5-7-x5-x3-z4-e38-e39-e46\\\/#primaryimage\"},\"thumbnailUrl\":\"https:\\\/\\\/keys-for-auto.eu\\\/wp-content\\\/uploads\\\/2022\\\/12\\\/BMW-su-mechanizmu-500x5001-1.jpg\",\"datePublished\":\"2016-04-02T18:58:05+00:00\",\"breadcrumb\":{\"@id\":\"https:\\\/\\\/keys-for-auto.eu\\\/pl\\\/product\\\/remote-control-key-suitable-for-bmw-3-5-7-x5-x3-z4-e38-e39-e46\\\/#breadcrumb\"},\"inLanguage\":\"pl-PL\",\"potentialAction\":[{\"@type\":\"ReadAction\",\"target\":[\"https:\\\/\\\/keys-for-auto.eu\\\/pl\\\/product\\\/remote-control-key-suitable-for-bmw-3-5-7-x5-x3-z4-e38-e39-e46\\\/\"]}]},{\"@type\":\"ImageObject\",\"inLanguage\":\"pl-PL\",\"@id\":\"https:\\\/\\\/keys-for-auto.eu\\\/pl\\\/product\\\/remote-control-key-suitable-for-bmw-3-5-7-x5-x3-z4-e38-e39-e46\\\/#primaryimage\",\"url\":\"https:\\\/\\\/keys-for-auto.eu\\\/wp-content\\\/uploads\\\/2022\\\/12\\\/BMW-su-mechanizmu-500x5001-1.jpg\",\"contentUrl\":\"https:\\\/\\\/keys-for-auto.eu\\\/wp-content\\\/uploads\\\/2022\\\/12\\\/BMW-su-mechanizmu-500x5001-1.jpg\",\"width\":500,\"height\":500},{\"@type\":\"BreadcrumbList\",\"@id\":\"https:\\\/\\\/keys-for-auto.eu\\\/pl\\\/product\\\/remote-control-key-suitable-for-bmw-3-5-7-x5-x3-z4-e38-e39-e46\\\/#breadcrumb\",\"itemListElement\":[{\"@type\":\"ListItem\",\"position\":1,\"name\":\"Strona g\u0142\u00f3wna\",\"item\":\"https:\\\/\\\/keys-for-auto.eu\\\/pl\\\/\"},{\"@type\":\"ListItem\",\"position\":2,\"name\":\"Shop\",\"item\":\"https:\\\/\\\/keys-for-auto.eu\\\/\"},{\"@type\":\"ListItem\",\"position\":3,\"name\":\"Klucz zdalnego sterowania &#8211; pasuje do BMW 3 | 5 | 7 | X5 | X3 | Z4 | E38 | E39 | E46\"}]},{\"@type\":\"WebSite\",\"@id\":\"https:\\\/\\\/keys-for-auto.eu\\\/pl\\\/#website\",\"url\":\"https:\\\/\\\/keys-for-auto.eu\\\/pl\\\/\",\"name\":\"Keys for auto\",\"description\":\"Car keys,  key shells, key programming\",\"publisher\":{\"@id\":\"https:\\\/\\\/keys-for-auto.eu\\\/pl\\\/#organization\"},\"potentialAction\":[{\"@type\":\"SearchAction\",\"target\":{\"@type\":\"EntryPoint\",\"urlTemplate\":\"https:\\\/\\\/keys-for-auto.eu\\\/pl\\\/?s={search_term_string}\"},\"query-input\":{\"@type\":\"PropertyValueSpecification\",\"valueRequired\":true,\"valueName\":\"search_term_string\"}}],\"inLanguage\":\"pl-PL\"},{\"@type\":\"Organization\",\"@id\":\"https:\\\/\\\/keys-for-auto.eu\\\/pl\\\/#organization\",\"name\":\"Klucze do samochodu\",\"url\":\"https:\\\/\\\/keys-for-auto.eu\\\/pl\\\/\",\"logo\":{\"@type\":\"ImageObject\",\"inLanguage\":\"pl-PL\",\"@id\":\"https:\\\/\\\/keys-for-auto.eu\\\/pl\\\/#\\\/schema\\\/logo\\\/image\\\/\",\"url\":\"https:\\\/\\\/keys-for-auto.eu\\\/wp-content\\\/uploads\\\/2022\\\/11\\\/cropped-png1.png\",\"contentUrl\":\"https:\\\/\\\/keys-for-auto.eu\\\/wp-content\\\/uploads\\\/2022\\\/11\\\/cropped-png1.png\",\"width\":1000,\"height\":342,\"caption\":\"Klucze do samochodu\"},\"image\":{\"@id\":\"https:\\\/\\\/keys-for-auto.eu\\\/pl\\\/#\\\/schema\\\/logo\\\/image\\\/\"},\"sameAs\":[\"https:\\\/\\\/www.facebook.com\\\/KeysForAutoEU\"]}]}<\/script>\n<!-- \/ Yoast SEO plugin. -->","yoast_head_json":{"title":"Klucz zdalnego sterowania - pasuje do BMW 3 | 5 | 7 | X5 | X3 | Z4 | E38 | E39 | E46 - Keys for auto","robots":{"index":"index","follow":"follow","max-snippet":"max-snippet:-1","max-image-preview":"max-image-preview:large","max-video-preview":"max-video-preview:-1"},"canonical":"https:\/\/keys-for-auto.eu\/pl\/product\/remote-control-key-suitable-for-bmw-3-5-7-x5-x3-z4-e38-e39-e46\/","og_locale":"pl_PL","og_type":"article","og_title":"Klucz zdalnego sterowania - pasuje do BMW 3 | 5 | 7 | X5 | X3 | Z4 | E38 | E39 | E46 - Keys for auto","og_description":"Pasuje do klucza trzyprzyciskowego BMW z mikroprocesorem zdalnego sterowania z transponderem (chipem) i nowym elementem.Klucz wymaga programowania. Odpowiednie dla: BMW 3 BMW 5 BMW 3 BMW 7 BMW X5 BMW X3 BMW Z4 BMW E38 BMW E39 BMW E46 Produkcja kluczy samochodowych  Produkcja nowych kluczy samochodowych, programowanie kluczy (\"wi\u0105zanie\" z samochodem)  Usuwanie z pami\u0119ci samochodu wcze\u015bniej zgubionych kluczyk\u00f3w  Produkcja klucza zap\u0142onowego wed\u0142ug zamka  Naprawa kluczy samochodowych (wymiana przycisk\u00f3w, muszli, mechanizm\u00f3w)  Awaryjne odblokowanie samochodu  Wymiana kluczy, etui na klucze  Wy\u0142\u0105czenie oprogramowania DPF \/ FAP  Programowe usuni\u0119cie EGR  Wy\u0142\u0105czenie oprogramowania immobilizera (immo Off)  Jednostka steruj\u0105ca silnika (ECU) naprawa, klonowanie, programowanie  SRS (programowanie jednostki steruj\u0105cej poduszk\u0105 powietrzn\u0105)  przedmioty wysy\u0142ane w ci\u0105gu 3 dni roboczych.* &nbsp; &nbsp; &nbsp;","og_url":"https:\/\/keys-for-auto.eu\/pl\/product\/remote-control-key-suitable-for-bmw-3-5-7-x5-x3-z4-e38-e39-e46\/","og_site_name":"Keys for auto","article_publisher":"https:\/\/www.facebook.com\/KeysForAutoEU","og_image":[{"width":500,"height":500,"url":"https:\/\/i0.wp.com\/keys-for-auto.eu\/wp-content\/uploads\/2022\/12\/BMW-su-mechanizmu-500x5001-1.jpg?fit=500%2C500&ssl=1","type":"image\/jpeg"}],"twitter_card":"summary_large_image","twitter_misc":{"Szacowany czas czytania":"2 minuty"},"schema":{"@context":"https:\/\/schema.org","@graph":[{"@type":["WebPage","ItemPage"],"@id":"https:\/\/keys-for-auto.eu\/pl\/product\/remote-control-key-suitable-for-bmw-3-5-7-x5-x3-z4-e38-e39-e46\/","url":"https:\/\/keys-for-auto.eu\/pl\/product\/remote-control-key-suitable-for-bmw-3-5-7-x5-x3-z4-e38-e39-e46\/","name":"Klucz zdalnego sterowania - pasuje do BMW 3 | 5 | 7 | X5 | X3 | Z4 | E38 | E39 | E46 - Keys for auto","isPartOf":{"@id":"https:\/\/keys-for-auto.eu\/pl\/#website"},"primaryImageOfPage":{"@id":"https:\/\/keys-for-auto.eu\/pl\/product\/remote-control-key-suitable-for-bmw-3-5-7-x5-x3-z4-e38-e39-e46\/#primaryimage"},"image":{"@id":"https:\/\/keys-for-auto.eu\/pl\/product\/remote-control-key-suitable-for-bmw-3-5-7-x5-x3-z4-e38-e39-e46\/#primaryimage"},"thumbnailUrl":"https:\/\/keys-for-auto.eu\/wp-content\/uploads\/2022\/12\/BMW-su-mechanizmu-500x5001-1.jpg","datePublished":"2016-04-02T18:58:05+00:00","breadcrumb":{"@id":"https:\/\/keys-for-auto.eu\/pl\/product\/remote-control-key-suitable-for-bmw-3-5-7-x5-x3-z4-e38-e39-e46\/#breadcrumb"},"inLanguage":"pl-PL","potentialAction":[{"@type":"ReadAction","target":["https:\/\/keys-for-auto.eu\/pl\/product\/remote-control-key-suitable-for-bmw-3-5-7-x5-x3-z4-e38-e39-e46\/"]}]},{"@type":"ImageObject","inLanguage":"pl-PL","@id":"https:\/\/keys-for-auto.eu\/pl\/product\/remote-control-key-suitable-for-bmw-3-5-7-x5-x3-z4-e38-e39-e46\/#primaryimage","url":"https:\/\/keys-for-auto.eu\/wp-content\/uploads\/2022\/12\/BMW-su-mechanizmu-500x5001-1.jpg","contentUrl":"https:\/\/keys-for-auto.eu\/wp-content\/uploads\/2022\/12\/BMW-su-mechanizmu-500x5001-1.jpg","width":500,"height":500},{"@type":"BreadcrumbList","@id":"https:\/\/keys-for-auto.eu\/pl\/product\/remote-control-key-suitable-for-bmw-3-5-7-x5-x3-z4-e38-e39-e46\/#breadcrumb","itemListElement":[{"@type":"ListItem","position":1,"name":"Strona g\u0142\u00f3wna","item":"https:\/\/keys-for-auto.eu\/pl\/"},{"@type":"ListItem","position":2,"name":"Shop","item":"https:\/\/keys-for-auto.eu\/"},{"@type":"ListItem","position":3,"name":"Klucz zdalnego sterowania &#8211; pasuje do BMW 3 | 5 | 7 | X5 | X3 | Z4 | E38 | E39 | E46"}]},{"@type":"WebSite","@id":"https:\/\/keys-for-auto.eu\/pl\/#website","url":"https:\/\/keys-for-auto.eu\/pl\/","name":"Keys for auto","description":"Car keys,  key shells, key programming","publisher":{"@id":"https:\/\/keys-for-auto.eu\/pl\/#organization"},"potentialAction":[{"@type":"SearchAction","target":{"@type":"EntryPoint","urlTemplate":"https:\/\/keys-for-auto.eu\/pl\/?s={search_term_string}"},"query-input":{"@type":"PropertyValueSpecification","valueRequired":true,"valueName":"search_term_string"}}],"inLanguage":"pl-PL"},{"@type":"Organization","@id":"https:\/\/keys-for-auto.eu\/pl\/#organization","name":"Klucze do samochodu","url":"https:\/\/keys-for-auto.eu\/pl\/","logo":{"@type":"ImageObject","inLanguage":"pl-PL","@id":"https:\/\/keys-for-auto.eu\/pl\/#\/schema\/logo\/image\/","url":"https:\/\/keys-for-auto.eu\/wp-content\/uploads\/2022\/11\/cropped-png1.png","contentUrl":"https:\/\/keys-for-auto.eu\/wp-content\/uploads\/2022\/11\/cropped-png1.png","width":1000,"height":342,"caption":"Klucze do samochodu"},"image":{"@id":"https:\/\/keys-for-auto.eu\/pl\/#\/schema\/logo\/image\/"},"sameAs":["https:\/\/www.facebook.com\/KeysForAutoEU"]}]}},"_links":{"self":[{"href":"https:\/\/keys-for-auto.eu\/pl\/wp-json\/wp\/v2\/product\/16657","targetHints":{"allow":["GET"]}}],"collection":[{"href":"https:\/\/keys-for-auto.eu\/pl\/wp-json\/wp\/v2\/product"}],"about":[{"href":"https:\/\/keys-for-auto.eu\/pl\/wp-json\/wp\/v2\/types\/product"}],"replies":[{"embeddable":true,"href":"https:\/\/keys-for-auto.eu\/pl\/wp-json\/wp\/v2\/comments?post=16657"}],"wp:featuredmedia":[{"embeddable":true,"href":"https:\/\/keys-for-auto.eu\/pl\/wp-json\/wp\/v2\/media\/12713"}],"wp:attachment":[{"href":"https:\/\/keys-for-auto.eu\/pl\/wp-json\/wp\/v2\/media?parent=16657"}],"wp:term":[{"taxonomy":"product_brand","embeddable":true,"href":"https:\/\/keys-for-auto.eu\/pl\/wp-json\/wp\/v2\/product_brand?post=16657"},{"taxonomy":"product_cat","embeddable":true,"href":"https:\/\/keys-for-auto.eu\/pl\/wp-json\/wp\/v2\/product_cat?post=16657"},{"taxonomy":"product_tag","embeddable":true,"href":"https:\/\/keys-for-auto.eu\/pl\/wp-json\/wp\/v2\/product_tag?post=16657"}],"curies":[{"name":"wp","href":"https:\/\/api.w.org\/{rel}","templated":true}]}}